{"id":94,"date":"2010-09-27T19:08:44","date_gmt":"2010-09-27T18:08:44","guid":{"rendered":"http:\/\/www.vergaderingalkmaar.nl\/?page_id=94"},"modified":"2019-11-13T01:37:06","modified_gmt":"2019-11-13T00:37:06","slug":"preek-zondag-26-september-2010","status":"publish","type":"page","link":"https:\/\/www.vergaderingalkmaar.nl\/?page_id=94","title":{"rendered":"Preek zondag 26 september 2010"},"content":{"rendered":"<p>\u00a0<\/p>\n<div style=\"mso-element: para-border-div; border: solid windowtext 1.0pt; mso-border-alt: solid windowtext .5pt; padding: 1.0pt 4.0pt 1.0pt 4.0pt;\">\n<p class=\"MsoNormal\" style=\"text-align: center; mso-line-height-alt: 13.0pt; mso-pagination: none; mso-layout-grid-align: none; text-autospace: none; border: none; mso-border-alt: solid windowtext .5pt; padding: 0cm; mso-padding-alt: 1.0pt 4.0pt 1.0pt 4.0pt;\" align=\"center\"><span style=\"font-size: 14.0pt; mso-bidi-font-size: 11.0pt; font-family: Arial; mso-bidi-font-family: Tahoma; color: #3366ff;\">Al legert zich tegen mij een leger, mijn hart wordt niet bevreesd,-<\/span><\/p>\n<\/p><\/div>\n<p class=\"MsoNormal\">\u00a0<\/p>\n<p>\u00a0<\/p>\n<table class=\"MsoNormalTable\" style=\"border-collapse: collapse; mso-table-layout-alt: fixed; border: none; mso-padding-alt: 0cm 5.4pt 0cm 5.4pt;\" border=\"1\" cellspacing=\"0\" cellpadding=\"0\">\n<tbody>\n<tr style=\"mso-yfti-irow: 0; mso-yfti-firstrow: yes;\">\n<td style=\"width: 651.85pt; border: medium none; padding: 0cm 5.4pt;\" colspan=\"3\" width=\"652\" valign=\"top\">\n<p class=\"MsoNormal\" style=\"line-height: 13.0pt; mso-pagination: none; mso-layout-grid-align: none; text-autospace: none;\"><span style=\"font-size: 11.0pt; font-family: Arial; mso-bidi-font-family: Tahoma; color: red;\">Psalm 23. <\/span><\/p>\n<p class=\"MsoNormal\" style=\"line-height: 13.0pt; mso-pagination: none; mso-layout-grid-align: none; text-autospace: none;\"><span style=\"font-size: 11.0pt; font-family: Arial; mso-bidi-font-family: Tahoma; color: red;\"> <\/span><\/p>\n<p class=\"MsoNormal\" style=\"line-height: 13.0pt; mso-pagination: none; mso-layout-grid-align: none; text-autospace: none;\"><span style=\"font-size: 11.0pt; font-family: Arial; mso-bidi-font-family: Tahoma; color: red;\">(Een musiceerstuk, van David.)<\/span><\/p>\n<p class=\"MsoNormal\" style=\"line-height: 13.0pt; mso-pagination: none; mso-layout-grid-align: none; text-autospace: none;\"><span style=\"font-size: 11.0pt; font-family: Arial; mso-bidi-font-family: Tahoma; color: red;\"> <\/span><\/p>\n<p class=\"MsoNormal\" style=\"line-height: 13.0pt; mso-pagination: none; mso-layout-grid-align: none; text-autospace: none;\"><span style=\"font-size: 11.0pt; font-family: Arial; mso-bidi-font-family: Tahoma; color: red;\">De \u00c9ne is mijn h\u00e9rder, m\u00edj zal n\u00edets   ontbr\u00e9ken; <\/span><\/p>\n<p class=\"MsoNormal\" style=\"line-height: 13.0pt; mso-pagination: none; mso-layout-grid-align: none; text-autospace: none;\"><span style=\"font-size: 11.0pt; font-family: Arial; mso-bidi-font-family: Tahoma; color: red;\">in weiden vol gr\u00f3en vlijt hij mij   n\u00e9er, hij voert mij m\u00e9e naar w\u00e1teren van rust;<span style=\"mso-spacerun: yes;\"> <\/span><span style=\"mso-spacerun: yes;\"> <\/span><\/span><\/p>\n<\/td>\n<\/tr>\n<tr style=\"mso-yfti-irow: 1; mso-yfti-lastrow: yes; mso-row-margin-right: 92.0pt;\">\n<td style=\"width: 444.85pt; border: medium none; padding: 0cm 5.4pt;\" width=\"445\" valign=\"top\">\n<p class=\"MsoNormal\" style=\"line-height: 13.0pt; mso-pagination: none; mso-layout-grid-align: none; text-autospace: none;\"><span style=\"font-size: 11.0pt; font-family: Arial; mso-bidi-font-family: Tahoma; color: red;\">mijn ziel keert door h\u00e9m in mij ter\u00fag,   hij leidt mij in sporen van gerechtigheid omw\u00edlle v\u00e1n zijn n\u00e1am!<\/span><\/p>\n<\/td>\n<td style=\"width: 115pt; border: medium none; padding: 0cm 5.4pt;\" width=\"115\">\n<p class=\"MsoNormal\" style=\"margin-left: 15.85pt; line-height: 13.0pt; mso-pagination: none; mso-layout-grid-align: none; text-autospace: none;\"><span style=\"font-size: 11.0pt; font-family: Arial; mso-bidi-font-family: Tahoma; color: red;\"> <\/span><\/p>\n<\/td>\n<td style=\"mso-cell-special: placeholder; border: none; padding: 0cm 0cm 0cm 0cm;\" width=\"92\">\n<p class=\"MsoNormal\">\u00a0<\/p>\n<\/td>\n<\/tr>\n<\/tbody>\n<\/table>\n<p>\u00a0<\/p>\n<p class=\"MsoNormal\"><span style=\"font-size: 11.0pt; mso-bidi-font-size: 12.0pt; font-family: Arial;\"> <\/span><\/p>\n<p class=\"MsoNormal\"><span style=\"font-size: 11.0pt; mso-bidi-font-size: 12.0pt; font-family: Arial;\">In psalm 23 verplaatst David zich in de positie van een schaap. Als voormalig herder van beroep had hij daar wel kijk op. Schapen trekken op in kuddevorm. Een individueel schaap dat zich midden in de kudde bevindt volgt de bewegingen van het geheel. Samen met de anderen gaat het naar de weide. Het schaap heeft geen idee naar welke weide, of waarom. Het loopt gewoon mee. Voor de waaromvraag interesseert een schaap zich niet.<\/span><\/p>\n<p class=\"MsoNormal\"><span style=\"font-size: 11.0pt; mso-bidi-font-size: 12.0pt; font-family: Arial;\">De herder bepaalt wat er gebeurt. Kiest de weide. Weet ook waarom deze weide vandaag, en welke weide morgen. Het schaap graast. Doet \u201c zijn ding.\u201d <\/span><\/p>\n<p class=\"MsoNormal\"><span style=\"font-size: 11.0pt; mso-bidi-font-size: 12.0pt; font-family: Arial;\">Moet dat ook niet gelden voor ons, christenen? We hebben nogal eens het idee dat we veel beter moeten. Dat we geweldig tekort schieten. Maar misschien is christen zijn ook wel gewoon \u201c je ding doen.\u201d Nier roddelen. In gezelschap om stilte vragen om te bidden voor je eten. Vriendelijk zijn. Gewoon \u201c schaap zijn.\u201d <span style=\"mso-spacerun: yes;\"> <\/span>De herder volgen, en hem laten bepalen waar je naartoe gaat.<\/span><\/p>\n<p class=\"MsoNormal\"><span style=\"font-size: 11.0pt; mso-bidi-font-size: 12.0pt; font-family: Arial;\"> <\/span><\/p>\n<p class=\"MsoNormal\"><span style=\"font-size: 11.0pt; mso-bidi-font-size: 12.0pt; font-family: Arial;\">Het ging David duidelijk heel goed, toen hij deze psalm componeerde. Hij zat goed in zijn vel. Was heel evenwichtig. Rust en kalmte waren zijn deel. Hij koesterde zich in de goede zorgen van de herder. <\/span><\/p>\n<p class=\"MsoNormal\" style=\"line-height: 13.0pt; mso-pagination: none; mso-layout-grid-align: none; text-autospace: none;\"><span style=\"font-size: 11.0pt; mso-bidi-font-size: 12.0pt; font-family: Arial;\"> <\/span><\/p>\n<p class=\"MsoNormal\" style=\"line-height: 13.0pt; mso-pagination: none; mso-layout-grid-align: none; text-autospace: none;\"><span style=\"font-size: 11.0pt; mso-bidi-font-size: 12.0pt; font-family: Arial;\">Hij overpeinst zijn gelukkige situatie. En hij realiseert zich dat het ook anders kan. <\/span><\/p>\n<p class=\"MsoNormal\" style=\"line-height: 13.0pt; mso-pagination: none; mso-layout-grid-align: none; text-autospace: none;\"><span style=\"font-size: 11.0pt; font-family: Arial; mso-bidi-font-family: Tahoma; color: red;\">Ook als ik moet gaan door een dal vol schaduw van dood,- kwaad zal ik niet vrezen,<\/span><\/p>\n<p class=\"MsoNormal\" style=\"line-height: 13.0pt; mso-pagination: none; mso-layout-grid-align: none; text-autospace: none;\"><span style=\"font-size: 11.0pt; font-family: Arial; mso-bidi-font-family: Tahoma; color: red;\">want g\u00edj zijt b\u00edj mij; uw staf en uw stok, d\u00ede zullen m\u00edj vertr\u00f3osten.<\/span><\/p>\n<p class=\"MsoNormal\" style=\"line-height: 13.0pt; mso-pagination: none; mso-layout-grid-align: none; text-autospace: none;\"><span style=\"font-size: 11.0pt; font-family: Arial; mso-bidi-font-family: Tahoma;\">Als het tegen zit, zegt David, zal ik me herinneren hoe betrouwbaar de herder is. Zal ik me te binnen brengen dat het hem niet uit de hand loopt. Dat de weg langs zware schaduwen kan lopen. Dat je geen id\u00e9e hebt waar het naartoe gaat. <\/span><\/p>\n<p class=\"MsoNormal\" style=\"line-height: 13.0pt; mso-pagination: none; mso-layout-grid-align: none; text-autospace: none;\"><span style=\"font-size: 11.0pt; font-family: Arial; mso-bidi-font-family: Tahoma;\"> <\/span><\/p>\n<p class=\"MsoNormal\" style=\"line-height: 13.0pt; mso-pagination: none; mso-layout-grid-align: none; text-autospace: none;\"><span style=\"font-size: 11.0pt; font-family: Arial; mso-bidi-font-family: Tahoma;\">Dan komt het aan op vertrouwen. Vertrouwen in de herder. Vertrouwen dat je opbouwt als het je goed gaat. Zodat je een positief vertrouwenssaldo hebt als het je tegen zit. Een saldo waarop je kunt teren.<\/span><\/p>\n<p class=\"MsoNormal\" style=\"line-height: 13.0pt; mso-pagination: none; mso-layout-grid-align: none; text-autospace: none;\"><span style=\"font-size: 11.0pt; font-family: Arial; mso-bidi-font-family: Tahoma;\"> <\/span><\/p>\n<p class=\"MsoNormal\" style=\"line-height: 13.0pt; mso-pagination: none; mso-layout-grid-align: none; text-autospace: none;\"><span style=\"font-size: 11.0pt; font-family: Arial; mso-bidi-font-family: Tahoma;\">Hoe lang de ellende duurt weet je niet.<\/span><\/p>\n<p class=\"MsoNormal\" style=\"line-height: 13.0pt; mso-pagination: none; mso-layout-grid-align: none; text-autospace: none;\"><span style=\"font-size: 11.0pt; font-family: Arial; mso-bidi-font-family: Tahoma; color: red;\">Gij bereidt voor mijn aanschijn een tafel tegen\u00f3ver mijn ben\u00e1uwers; gij zult mijn hoofd betten met olie, mijn b\u00e9ker is \u00f3verv\u00f3l!<\/span><\/p>\n<p class=\"MsoNormal\" style=\"line-height: 13.0pt; mso-pagination: none; mso-layout-grid-align: none; text-autospace: none;\"><span style=\"font-size: 11.0pt; mso-bidi-font-size: 12.0pt; font-family: Arial;\">De vijand zal je uiteindelijk niet overwinnen. Hij zal moeten toekijken hoe de herder je aan tafel nodigt. David vertrouwt erop dat God \u2018m altijd zal bijstaan. En dat hij uiteindelijk, ook na de ellende, weer veilig zal zijn.<\/span><\/p>\n<p class=\"MsoNormal\" style=\"line-height: 13.0pt; mso-pagination: none; mso-layout-grid-align: none; text-autospace: none;\"><span style=\"font-size: 11.0pt; font-family: Arial; mso-bidi-font-family: Tahoma; color: red;\">Mij achtervolgen slechts goedheid en vriendschap, al de d\u00e1gen van mijn l\u00e9ven; terugkeren mag ik in het huis van de \u00c9ne in l\u00e9ngte van d\u00e1gen!<\/span><\/p>\n<p class=\"MsoNormal\" style=\"line-height: 13.0pt; mso-pagination: none; mso-layout-grid-align: none; text-autospace: none;\"><span style=\"font-size: 11.0pt; font-family: Arial; mso-bidi-font-family: Tahoma; color: red;\"> <\/span><\/p>\n<div style=\"mso-element: para-border-div; border: solid windowtext 1.0pt; mso-border-alt: solid windowtext .5pt; padding: 1.0pt 4.0pt 1.0pt 4.0pt;\">\n<p class=\"MsoNormal\" style=\"text-align: center; mso-line-height-alt: 13.0pt; mso-pagination: none; mso-layout-grid-align: none; text-autospace: none; border: none; mso-border-alt: solid windowtext .5pt; padding: 0cm; mso-padding-alt: 1.0pt 4.0pt 1.0pt 4.0pt;\" align=\"center\"><span style=\"font-size: 14.0pt; mso-bidi-font-size: 11.0pt; font-family: Arial; mso-bidi-font-family: Tahoma; color: #3366ff;\">Hoop op de Ene: wees sterk, je hart zij \u00f3nvers\u00e1agd,<\/span><\/p>\n<\/p><\/div>\n<p>\u00a0<\/p>\n","protected":false},"excerpt":{"rendered":"<p>\u00a0 Al legert zich tegen mij een leger, mijn hart wordt niet bevreesd,- \u00a0 \u00a0 Psalm 23. (Een musiceerstuk, van David.) De \u00c9ne is mijn h\u00e9rder, m\u00edj zal n\u00edets ontbr\u00e9ken; in weiden vol gr\u00f3en vlijt hij mij n\u00e9er, hij voert mij m\u00e9e naar w\u00e1teren van rust; mijn ziel keert door h\u00e9m in mij ter\u00fag, hij &hellip; <\/p>\n<p class=\"link-more\"><a href=\"https:\/\/www.vergaderingalkmaar.nl\/?page_id=94\" class=\"more-link\"><span class=\"screen-reader-text\">&#8220;Preek zondag 26 september 2010&#8221;<\/span> verder lezen<\/a><\/p>\n","protected":false},"author":1,"featured_media":0,"parent":588,"menu_order":104,"comment_status":"closed","ping_status":"open","template":"","meta":[],"_links":{"self":[{"href":"https:\/\/www.vergaderingalkmaar.nl\/index.php?rest_route=\/wp\/v2\/pages\/94"}],"collection":[{"href":"https:\/\/www.vergaderingalkmaar.nl\/index.php?rest_route=\/wp\/v2\/pages"}],"about":[{"href":"https:\/\/www.vergaderingalkmaar.nl\/index.php?rest_route=\/wp\/v2\/types\/page"}],"author":[{"embeddable":true,"href":"https:\/\/www.vergaderingalkmaar.nl\/index.php?rest_route=\/wp\/v2\/users\/1"}],"replies":[{"embeddable":true,"href":"https:\/\/www.vergaderingalkmaar.nl\/index.php?rest_route=%2Fwp%2Fv2%2Fcomments&post=94"}],"version-history":[{"count":1,"href":"https:\/\/www.vergaderingalkmaar.nl\/index.php?rest_route=\/wp\/v2\/pages\/94\/revisions"}],"predecessor-version":[{"id":1629,"href":"https:\/\/www.vergaderingalkmaar.nl\/index.php?rest_route=\/wp\/v2\/pages\/94\/revisions\/1629"}],"up":[{"embeddable":true,"href":"https:\/\/www.vergaderingalkmaar.nl\/index.php?rest_route=\/wp\/v2\/pages\/588"}],"wp:attachment":[{"href":"https:\/\/www.vergaderingalkmaar.nl\/index.php?rest_route=%2Fwp%2Fv2%2Fmedia&parent=94"}],"curies":[{"name":"wp","href":"https:\/\/api.w.org\/{rel}","templated":true}]}}