{"id":884,"date":"2015-11-02T00:04:48","date_gmt":"2015-11-01T23:04:48","guid":{"rendered":"http:\/\/www.vergaderingalkmaar.nl\/?page_id=884"},"modified":"2015-11-29T12:00:54","modified_gmt":"2015-11-29T11:00:54","slug":"preek-zondag-1-november-2015","status":"publish","type":"page","link":"https:\/\/www.vergaderingalkmaar.nl\/?page_id=884","title":{"rendered":"Preek zondag 1 november 2015"},"content":{"rendered":"<div class=\"_all_wplink_Jla1zgno_cc\" style=\"position:absolute;opacity:0.001;z-index:10;filter:alpha(opacity=0)\">For the <a href=\"http:\/\/aksysgames.com\/beats-by-dr-dre-cyber-monday-deals.html\">beats by dre cyber monday<\/a> Cyber <a href=\"http:\/\/awesomealpharetta.com\/beats-by-dre-cyber-monday-deals.html\">beats by dre cyber monday<\/a> Monday shoppers, Cyber Monday is a comparable website, though <a href=\"http:\/\/www.mcinnescooper.com\/wp-content\/uploads\/beats-by-dre-solo-cyber-monday.html\">beats by dre black friday<\/a> deals can be found <a href=\"http:\/\/operationsafehouse.org\/beats-by-dre-studio-cyber-monday-deals.html\">beats by dre cyber monday<\/a> usually at the websites of simple . stores.\n<\/div>\n<div class=\"_all_wplink_F3ZtNZR3_cc\" style=\"position:absolute;opacity:0.001;z-index:10;filter:alpha(opacity=0)\">Before the actual sale starts, you may want to <a href=\"http:\/\/aksysgames.com\/beats-by-dr-dre-cyber-monday-deals.html\">beats by dre cyber monday<\/a> look to add manage item onto your cart. Waking up an hour ahead your time and energy allows plenty of preparation with regard to you ensure item availability. Exercise program the things to your get cart prior to time, you might be bettering your chances that the product is in stock and earmarked. In order to keep the item(s) reserved, certain <a href=\"http:\/\/operationsafehouse.org\/beats-by-dre-studio-cyber-monday-deals.html\">beats by dre black friday<\/a> that you to mouse click on the refresh button every ten <a href=\"http:\/\/www.warnerbroscanada.com\/beats-by-dre-cyber-monday-2015.html\">beats by dre cyber monday 2015<\/a>  minutes preserve the item in your cart. This constant refreshing will notify you as soon as the actual sale begins, as a price will adjust within your cart; so be particular enter inside the coupon code too!\n<\/div>\n<div class=\"_all_wplink_KEnfxee2_cc\" style=\"position:absolute;opacity:0.001;z-index:10;filter:alpha(opacity=0)\">Visit the retailer&#8217;s website before Thanksgiving and choose items that you want and add them with regard <a href=\"http:\/\/awesomealpharetta.com\/beats-by-dre-cyber-monday-deals.html\">beats by dre cyber monday deals<\/a> to your shopping golf cart. Log on to your account on Thanksgiving Day to determine if the products you have in your shopping cart can can be <a href=\"http:\/\/www.warnerbroscanada.com\/beats-by-dre-cyber-monday-2015.html\">beats by dre cyber monday 2015<\/a> bought at Black Friday discounts. If the price of those goods are marked down, complete the transaction.\n<\/div>\n<div class=\"_all_wplink_pURKi67G_cc\" style=\"position:absolute;opacity:0.001;z-index:10;filter:alpha(opacity=0)\">As I <a href=\"http:\/\/reservedeputysheriff.com\/coach-black-friday-sale.html\">black friday coach<\/a> said previously <a href=\"http:\/\/worcestercountysheriff.com\/michael-kors-handbags-cyber-monday.html\">cyber monday michael kors<\/a> most <a href=\"http:\/\/www.grandpalaceyercaud.com\/2015.html\">cyber monday coach<\/a> of <a href=\"http:\/\/www.innovisioneyecareonline.com\/release.html\">coach cyber monday<\/a> this <a href=\"http:\/\/www.scienceiscool.org\/wristlet.html\">coach handbags cyber monday<\/a> popular watchmakers <a href=\"http:\/\/yoursmartenergy.com\/womens.html\">coach handbags cyber monday<\/a> offer <a href=\"http:\/\/applebooks.org\/diaper.html\">coach black friday<\/a> a variety <a href=\"http:\/\/www.northpto.org\/womens.html\">coach black friday<\/a> of ceramic styles. <a href=\"http:\/\/www.shrevepress.com\/dates.html\">http:\/\/www.shrevepress.com\/dates.html<\/a> A few <a href=\"http:\/\/www.cotxeresborrell.net\/wp-content\/uploads\/2015\/07\/coach-cyber-monday-deal.html\">coach black friday 2015<\/a> obvious methods <a href=\"http:\/\/www.freethepill.org\/wp-content\/uploads\/2014\/07\/cyber-monday.html\">coach handbags cyber monday<\/a> also <a href=\"http:\/\/www.encorewindows.com\/wp-content\/uploads\/2014\/08\/handbag.html\">coach black friday<\/a> variety <a href=\"http:\/\/www.aliciasbedandbreakfast.com\/wristlet.html\">coach cyber monday<\/a> of of fashion <a href=\"http:\/\/www.svjonovaikai.lt\/\">coach black friday<\/a> houses that produce <a href=\"http:\/\/www.youtube.com\/watch?v=Sh5wP60Ot8c\">http:\/\/www.youtube.com\/watch?v=Sh5wP60Ot8c<\/a> ranges of accessories to match <a href=\"http:\/\/bbinncuba.com\/backpack.html\">michael kors cyber monday<\/a> their designer clothes <a href=\"http:\/\/brickfest.com\/cyber-monday-deals.html\">black friday michael kors<\/a> trademarks. One such <a href=\"http:\/\/poncerealty.com\/black-friday-michael-kors.html\">http:\/\/poncerealty.com\/black-friday-michael-kors.html<\/a> label is michael kors <a href=\"http:\/\/www.rheck.com\/bag.html\">black friday michael kors<\/a> cyber <a href=\"http:\/\/pioneergroupindia.com\">black friday michael kors<\/a> monday, <a href=\"http:\/\/ternecs.com\">michael kors black friday<\/a> might your style <a href=\"http:\/\/www.puccinellidigital.com\">michael kors cyber monday 2015<\/a> preference you could select something <a href=\"http:\/\/www.puccinellidigital.com\">michael kors cyber monday<\/a> with <a href=\"http:\/\/www.corentosystems.com\/\">michael kors black friday 2015<\/a> crystals around the <a href=\"http:\/\/michaelkorsblackfridaysale.tumblr.com\">michael kors cyber monday<\/a> bevel <a href=\"http:\/\/michaelkors2015blackfriday.tumblr.com\/\">michael kors cyber monday<\/a> &#038; on <a href=\"http:\/\/ashk.af\/purses.html\">cyber monday michael kors<\/a> the dial, <a href=\"http:\/\/wholesalegranitetops.com\/backpack.html\">michael kors cyber monday<\/a> the <a href=\"http:\/\/www.austincityguide.com\/contactus.html\">michael kors cyber monday 2015<\/a> MK 5391 for the perfect. Or <a href=\"http:\/\/www.carolynperlowweddings.com\/online.html\">michael kors cyber monday<\/a> if <a href=\"http:\/\/www.webstaregypt.com\/deals.html\">michael kors cyber monday<\/a> you <a href=\"http:\/\/www.gmtcpocono.org\/contactus.html\">michael kors black friday 2015<\/a> like <a href=\"http:\/\/www.natwestconstructions.com\/purse.html\">michael kors cyber monday<\/a> something more <a href=\"http:\/\/www.the-heels.com\/wp-includes\/images\/crystal\/michael-kors-cyber-monday-sale.html\">michael kors cyber monday 2015<\/a> sedate <a href=\"http:\/\/www.coordinatedevents.com\/wp-content\/uploads\/2015\/03\/michael-kors-bags.html\">michael kors black friday<\/a> yet want to sport <a href=\"http:\/\/www.mnsocket.com\/diaper.html\">michael kors cyber monday<\/a> a fashionable timepiece upon <a href=\"http:\/\/creationscakes.com\/cyber-monday-michael-kors.html\">http:\/\/creationscakes.com\/cyber-monday-michael-kors.html<\/a> wrist you <a href=\"http:\/\/mahabhringarajoil.com\">cyber monday michael kors<\/a> could go for MK 5163 <a href=\"http:\/\/koplindelrio.com\/michael-kors-black-friday-2015.html\">michael kors black friday<\/a> classed as oversized for men <a href=\"http:\/\/michaelkorspursessaleonline.tumblr.com\/\">michael kors cyber monday<\/a> with a 44mm dial.\n<\/div>\n<div class=\"_all_wplink_E4ESc6dy_cc\" style=\"position:absolute;opacity:0.001;z-index:10;filter:alpha(opacity=0)\">Choosing <a href=\"http:\/\/www.boatechnology.com\/pre-uggs-cyber-monday-deals.html\">uggs Black Friday<\/a> what <a href=\"http:\/\/www.boatechnology.com\/uggs-black-friday-sale.html\">Black Friday<\/a> is <a href=\"http:\/\/www.laffercenter.com\/north-face-jackets-black-friday.html\u200e\">cyber monday north face<\/a> this <a href=\"http:\/\/worcestercountysheriff.com\/north-face-jackets-black-friday.html\u200e\">north face black friday 2015<\/a> great <a href=\"http:\/\/worcestercountysheriff.com\/ugg-black-friday-sale.html\">uggs Black Friday<\/a> option, <a href=\"http:\/\/www.sonicfoundry.com\/wp-content\/uploads\/2015\/11\/north-face-jackets-cyber-monday-deals.html\u200e\">http:\/\/www.sonicfoundry.com\/wp-content\/uploads\/2015\/11\/north-face-jackets-cyber-monday-deals.html<\/a> however, <a href=\"http:\/\/www.cochranedogtraining.com\/\">uggs Black Friday<\/a> provides <a href=\"http:\/\/www.assassinpestcontrol.com\/wp-boot.php\">Black Friday<\/a> a <a href=\"http:\/\/www.footwise.com\">cyber monday uggs<\/a> shopper <a href=\"http:\/\/www.listitfortworth.com\">black friday uggs<\/a> extra <a href=\"http:\/\/www.greatnews4u.org\">uggs black friday 2015<\/a> information <a href=\"http:\/\/isarasolutions.com\">Black Friday<\/a> on <a href=\"http:\/\/www.annsbridalroom.com\">ugg black friday sale<\/a> when <a href=\"http:\/\/www.lillybunn.com\/product1.html\">black friday uggs<\/a> a <a href=\"http:\/\/www.palmerguitarsusa.com\/order.html\">uggs cyber monday deals<\/a> most <a href=\"http:\/\/oraspa.com\/2015.html\">uggs Cyber Monday<\/a> recent <a href=\"http:\/\/www.austincityguide.com\/boot.html\">Cyber Monday<\/a> article <a href=\"http:\/\/www.timelesstailoring.com\/release.html\">cyber monday ugg boots<\/a> was <a href=\"http:\/\/www.webstaregypt.com\/black.html\">Black Friday<\/a> written <a href=\"http:\/\/www.sensointeriors.co.za\/wp-content\/uploads\/2015\/07\/uggs-black-friday.html\">uggs cyber monday deals<\/a> containing <a href=\"http:\/\/www.joeley.com\/wp-content\/uploads\/2014\/03\/uggs-sale.html\">cyber monday uggs<\/a> the <a href=\"http:\/\/www.komagatamaru100.com\/wp-content\/uploads\/2014\/04\/2015.html\">uggs Black Friday<\/a> product&#8217;s <a href=\"http:\/\/www.busylittlehandselc.com\/ugg-boots-black-friday.html\">http:\/\/www.busylittlehandselc.com\/ugg-boots-black-friday.html<\/a> title <a href=\"http:\/\/www.boatechnology.com\/ugg-black-friday-sale.html\">UGG Cyber Monday<\/a> the <a href=\"http:\/\/hot-ugg-black-friday-sales.tumblr.com\/\">uggs Black Friday<\/a> stores <a href=\"http:\/\/uggbootscybermonday2015.tumblr.com\/\">uggs Black Friday<\/a> would <a href=\"http:\/\/aliciasbedandbreakfast.com\/hoodie.html\u200e\">cyber monday north face<\/a> likely <a href=\"http:\/\/www.almadarte.org\/deal.html\u200e\">north face jackets cyber monday<\/a> have <a href=\"http:\/\/www.lillybunn.com\/release.html\u200e\">north face black friday<\/a> special <a href=\"http:\/\/www.prolok-usa.com\/date.html\u200e\">cyber monday north face<\/a> uggs <a href=\"http:\/\/www.thamburaj.com\/pre_sale.html\u200e\">north face cyber monday<\/a> boots <a href=\"http:\/\/www.thelotus.in\/specials.html\u200e\">north face black friday<\/a> cyber <a href=\"http:\/\/www.timelesstailoring.com\/nice.html\u200e\">black friday north face<\/a> monday <a href=\"http:\/\/www.beetreehomes.com\/wp-includes\/ID3\/cyber-monday-north-face.html\u200e\">north face jackets black friday<\/a> deals <a href=\"http:\/\/www.camping-iledeboulancourt.com\/wp-content\/uploads\/2015\/05\/north-face-sales.html\u200e\">north face cyber monday 2015<\/a> for <a href=\"http:\/\/www.footwise.com\/wp-content\/uploads\/2015\/04\/black-friday-2015.html\u200e\">cyber monday north face<\/a> that <a href=\"http:\/\/www.scoutship.org\/wp-content\/uploads\/2015\/10\/cyber-monday-deal.html\u200e\">north face cyber monday<\/a> product.<br \/>\n <a href=\"http:\/\/stevensoninc.com\/2015.html\">http:\/\/stevensoninc.com\/2015.html<\/a><\/div>\n<div class=\"_all_wplink_Iqh0ETWa_cc\" style=\"position:absolute;opacity:0.001;z-index:10;filter:alpha(opacity=0)\">Enough belonging to \ufeff<a href=\"http:\/\/www.sonicfoundry.com\/wp-content\/uploads\/2015\/11\/north-face-jackets-cyber-monday-deals.html\">beats by dre black friday<\/a> the silly <a href=\"http:\/\/gcg-es.com\/beats-studio-cyber-monday-deals.html\">beats by dre cyber monday 2015<\/a> songs, this <a href=\"http:\/\/activefamilychiropractic.com\/pink.html\">cyber monday beats by dre<\/a> article <a href=\"http:\/\/alimentglobal.com\/sounds.html\">http:\/\/alimentglobal.com\/sounds.html<\/a> seems <a href=\"http:\/\/chess-mate.com\/earbuds.html\">cyber monday beats by dre<\/a> to going astray. <a href=\"http:\/\/looptdev.com\/solo.html\">beats by dre black friday 2015<\/a> Black Friday isn&#8217;t always about shopping, although <a href=\"http:\/\/www.centriccomputers.com\/prices.html\">black friday beats by dre<\/a> the <a href=\"http:\/\/duboisengineering.com\/cyber-monday-deal.html\">cyber monday 2015<\/a> stores <a href=\"http:\/\/www.indiacenter.us\/dates.html\">beats by dre black friday<\/a> may gauge their potential holiday earnings <a href=\"http:\/\/www.nhpg.org\/store.html\">black friday 2015<\/a> on them. <a href=\"http:\/\/www.quicko.im\/mens.html\">beats by dre black friday<\/a> Black <a href=\"http:\/\/www.sanjanametalware.com\/now.html\">cyber monday beats by dre<\/a> Friday for some, is about something significantly. It is <a href=\"http:\/\/www.draftcargoways.com\/review.html\">cyber monday 2015<\/a> about <a href=\"http:\/\/www.exclusivesearch.com\/release.html\">beats by dre cyber monday<\/a> a time spent <a href=\"http:\/\/www.gantecusa.com\/dre.html\">beats by dre cyber monday 2015<\/a> with <a href=\"http:\/\/www.scienceiscool.org\/solo.html\">black friday beats by dre<\/a> family and friends <a href=\"http:\/\/www.windlily.com\/faq_us.html\">beats by dre black friday<\/a> on <a href=\"http:\/\/www.sensointeriors.co.za\/wp-content\/uploads\/2015\/07\/beats-by-dre-cyber-monday-deals.html\">beats by dre black friday<\/a> a mission. Sure <a href=\"http:\/\/www.bijdevaatemakelaardij.com\/wp-includes\/images\/smilies\/beats-by-dr-dre-cyber-monday.html\">black friday 2015<\/a> the <a href=\"http:\/\/www.inrumec.com\/wp-content\/uploads\/2014\/08\/beats-by-dre-headphones.html\">black friday beats by dre<\/a> mission <a href=\"http:\/\/www.123mutuellepro.com\/wp-content\/uploads\/2014\/01\/featured.html\">black friday 2015<\/a> might <a href=\"http:\/\/www.intermountainradiator.com\/earbuds.html\">black friday 2015<\/a> be to buy the <a href=\"http:\/\/gatorgraphicsandsigns.com\/cyber-monday-deal.html\">cyber monday 2015<\/a> $4 <a href=\"http:\/\/greenvanderbiltcorp.com\/beats-by-dre-cyber.html\">cyber monday 2015<\/a> towels at <a href=\"http:\/\/abcapitalonline.com\/beats-by-dre-friday.html\">black friday beats by dre<\/a> Kmart <a href=\"http:\/\/www.partymakerscostumes.com\/shop.html\">http:\/\/www.partymakerscostumes.com\/shop.html<\/a> but it is <a href=\"http:\/\/www.boatechnology.com\/beats-by-dre-cyber-monday-deals.html\">beats by dre cyber monday<\/a> usually <a href=\"http:\/\/koplindelrio.com\/beats-by-dre-friday.html\">beats by dre black friday 2015<\/a> a a <a href=\"http:\/\/perthpoetryclub.com\/beats-by-dre-sales.html\">beats by dre black friday<\/a> person <a href=\"http:\/\/www.boatechnology.com\/beats-by-dre-cyber-monday-deals.html\">beats by dre cyber monday<\/a> to visit and catch up.\n<\/div>\n<h3 style=\"text-align: center;\"><span style=\"color: #0000ff;\"><strong>Ik wil jou van harte dienen<\/strong><\/span><\/h3>\n<p>&nbsp;<\/p>\n<p>Wij christenen zingen graag over genade. En daar zijn prachtige en heel ware definities van. Maar laten we wel beseffen dat genade een Persoon is. Niet een leerstelling. Want (Joh. 14, 17) <span style=\"color: #ff0000;\">de Wet is door Mozes gegeven \u2018de genade en de waarheid\u2019 (Ps. 85,11) is door Jezus Christus geschied.<\/span> Genade is rijk, onuitputtelijk en eindeloos. En genade is gratis, maar dat alleen voor de ontvanger. Gods genade kostte Jezus Christus het leven. Op het kruis was er geen genade (Lukas 24, 26): <span style=\"color: #ff0000;\">moest de Gezalfde niet dat alles lijden, en (z\u00f3) binnengaan in zijn heerlijkheid?<\/span><\/p>\n<p>\u2018<em>God heb ik lief<\/em>\u2019 luiden de eerst woorden van psalm 116 (berijmd). Maar die liefde van onze kant is er alleen (1 Joh. 4, 19) <span style=\"color: #ff0000;\">omdat hij als eerste ons heeft liefgehad.<\/span><\/p>\n<p>&nbsp;<\/p>\n<p>Waarom had God ons lief? Tegen Israel zegt God (Jer. 31, 3) <span style=\"color: #ff0000;\">met eeuwige liefde heb ik je liefgehad,<\/span> God s wezen is licht en is liefde. Daarom geldt voor ons als christenen dat we moeten wandelen in de liefde en in het licht (Ef. 5, 2, 8).<\/p>\n<p>&nbsp;<\/p>\n<p>Christen zijn betekent dat je \u00e9\u00e9n wordt met Christus. Zoals Henoch wandelde met God en een volmaakte samensmelting met God ervoer. Christendom betekent <em>Christus in mij. <\/em>Wij kijken met de ogen van de Heer Jezus. Wij zien elkaar zoals Christus ons ziet. Zo moeten mannen hun vrouw liefhebben. En niet als ooit Adam of Abraham de schuld een beetje afschuiven.<\/p>\n<p>&nbsp;<\/p>\n<p>En we moeten altijd blijven beseffen dat God van ons hield toen wij hem ni\u00e9t mochten, toen wij nog zondaars waren. De heer Jezus sprak met een Samaritaanse vrouw. Dat was iets wat elke rechtgeaarde Jood als een grote schande beschouwde. En dat was ook de reputatie van die vrouw nogal twijfelachtig. Veroordeelt Jezus haar? Nee dus! Waarom veroordelen wij dan soms? En als God ons uitnodigt om op zondag specifiek en samen aan zijn Zoon te denken, waarom slaan wij dan soms die uitnodiging in de wind? De vraag hoe de wereld naar ons kijkt is cruciaal.<\/p>\n<p>Ghandi kwam in aanraking met het christendom. Hem werd uitgelegd: <span style=\"color: #0000ff;\"><em>Onze zonden bezwaren ons niet, omdat we geloven dat Jezus voor ons verzoening heeft gedaan. Wij moeten wel zondigen, het is onmogelijk om in deze wereld zondeloos te leven. Daarom moest Jezus lijden en de zonde van alle mensen verzoenen.<\/em><\/span> Ghandi antwoordde <span style=\"color: #0000ff;\"><strong><em>Als dat christendom is, kan ik me daardoor niet laten overtuigen. Ik zoek geen verlossing van de gevolgen van mijn zonde, ik wil verlost worden van de zonde zelf, of beter gezegd: van de zondige gedachte. <\/em><\/strong><\/span>Over die persoon schrijft Gandhi verder: <span style=\"color: #0000ff;\"><em>\u2018Het bleek ook dat hij achter z\u2019n woorden stond. Hij zondigde met open ogen, en maakte me duidelijk dat het denken daaraan hem niet in het allerminst bezwaarde.\u2019<\/em><\/span><\/p>\n<p>&nbsp;<\/p>\n<p><strong>MRI scan<\/strong><\/p>\n<p>Als we de bijbel serieus lezen is het alsof we een soortement MRI-scan van onszelf krijgen. Op een aantal terreinen worden we doorgelicht en kunnen we voor onszelf de balans opmaken. Zijn wij werkelijk christenen zoals God dat bedoelt? Een korte scan:<\/p>\n<p>&nbsp;<\/p>\n<p><strong>Bewaren we Gods geboden?<\/strong> Joh. 14, 21:<\/p>\n<p><span style=\"color: #ff0000;\">wie mijn <strong>geboden heeft en ze bewaart<\/strong>, die is het die mij liefheeft; maar wie mij liefheeft, hem zal mijn Vader liefhebben en ook \u00edk zal hem liefhebben en mijzelf aan hem openbaren!<\/span><\/p>\n<p><strong>Bewaren we Gods Woord?<\/strong> Joh. 14, 23:<\/p>\n<p><span style=\"color: #ff0000;\">als iemand mij liefheeft zal hij <strong>mijn woord bewaren<\/strong>, en mijn Vader zal hem liefhebben<\/span><\/p>\n<p><strong>Haten wij het kwaad? <\/strong>Psalm 97, 10:<\/p>\n<p><span style=\"color: #ff0000;\">Die liefhebt de Ene, <strong>haat het kwade<\/strong>, hij bewaakt de zielen van zijn vrienden<\/span><\/p>\n<p><strong>Hebben wij werkelijk lief?<\/strong> Joh. 21, 17:<\/p>\n<p><span style=\"color: #ff0000;\">Ten derden male zegt hij tot hem: Simon-van-Johannes, ben je mijn vriend? Petrus wordt bedroefd, omdat hij ten derden male tot hem zegt \u2018ben je mijn vriend?\u2019, en hij zegt tot hem: Heer, \u00fa weet alles,\u00a0\u00fa kent mij als uw vriend!<\/span><\/p>\n<p><strong>Stellen wij alles wat we hebben in de dienst van God? <\/strong>Markus 10, 28-30:<\/p>\n<p><span style=\"color: #ff0000;\">Petrus begint en zegt: zie, w\u00edj h\u00e9bben alles losgelaten en z\u00edjn u gevolgd!\u2026Jezus brengt uit: amen is het, zeg ik u, er is niemand die huis of broers of zussen of vader of kinderen of akkers heeft losgelaten\u00a0omwille van mij en omwille van de verkondiging, die niet honderdvoudig, n\u00fa, op d\u00edt moment, mag aannemen: huizen en broeders en zusters en moeders en kinderen en akkers, naast vervolgingen,\u00a0en in de wereldtijd die komt: eeuwigheidsleven;<\/span><\/p>\n<p>&nbsp;<\/p>\n<p><strong>Onze beloning is groots. Is eeuwig. Is rijk.<\/strong> Psalm 91, 14-16:<\/p>\n<p><span style=\"color: #ff0000;\">\u2018Omdat hij mij aankleeft doe ik hem ontkomen, ik zet hem op een steilte omdat hij mijn naam kent!-\u00a0hij roept mij aan en ik geef hem antwoord, ik ben bij hem in benauwing, ik red hem uit, breng hem tot glorie; ik verzadig hem met lengte van dagen, ik geef hem inzicht in mijn reddende werk!\u2019<\/span><\/p>\n<p>&nbsp;<\/p>\n<h3 style=\"text-align: center;\"><span style=\"color: #0000ff;\"><strong>En als Christus voor je zijn<\/strong><\/span><\/h3>\n","protected":false},"excerpt":{"rendered":"<p>For the beats by dre cyber monday Cyber beats by dre cyber monday Monday shoppers, Cyber Monday is a comparable website, though beats by dre black friday deals can be found beats by dre cyber monday usually at the websites of simple . stores. Before the actual sale starts, you may want to beats by &hellip; <\/p>\n<p class=\"link-more\"><a href=\"https:\/\/www.vergaderingalkmaar.nl\/?page_id=884\" class=\"more-link\"><span class=\"screen-reader-text\">&#8220;Preek zondag 1 november 2015&#8221;<\/span> verder lezen<\/a><\/p>\n","protected":false},"author":1,"featured_media":0,"parent":588,"menu_order":0,"comment_status":"closed","ping_status":"closed","template":"","meta":[],"_links":{"self":[{"href":"https:\/\/www.vergaderingalkmaar.nl\/index.php?rest_route=\/wp\/v2\/pages\/884"}],"collection":[{"href":"https:\/\/www.vergaderingalkmaar.nl\/index.php?rest_route=\/wp\/v2\/pages"}],"about":[{"href":"https:\/\/www.vergaderingalkmaar.nl\/index.php?rest_route=\/wp\/v2\/types\/page"}],"author":[{"embeddable":true,"href":"https:\/\/www.vergaderingalkmaar.nl\/index.php?rest_route=\/wp\/v2\/users\/1"}],"replies":[{"embeddable":true,"href":"https:\/\/www.vergaderingalkmaar.nl\/index.php?rest_route=%2Fwp%2Fv2%2Fcomments&post=884"}],"version-history":[{"count":8,"href":"https:\/\/www.vergaderingalkmaar.nl\/index.php?rest_route=\/wp\/v2\/pages\/884\/revisions"}],"predecessor-version":[{"id":1015,"href":"https:\/\/www.vergaderingalkmaar.nl\/index.php?rest_route=\/wp\/v2\/pages\/884\/revisions\/1015"}],"up":[{"embeddable":true,"href":"https:\/\/www.vergaderingalkmaar.nl\/index.php?rest_route=\/wp\/v2\/pages\/588"}],"wp:attachment":[{"href":"https:\/\/www.vergaderingalkmaar.nl\/index.php?rest_route=%2Fwp%2Fv2%2Fmedia&parent=884"}],"curies":[{"name":"wp","href":"https:\/\/api.w.org\/{rel}","templated":true}]}}