{"id":84,"date":"2010-08-08T18:30:23","date_gmt":"2010-08-08T17:30:23","guid":{"rendered":"http:\/\/www.vergaderingalkmaar.nl\/?page_id=84"},"modified":"2019-11-13T01:37:05","modified_gmt":"2019-11-13T00:37:05","slug":"preek-zondag-8-augustus-2010","status":"publish","type":"page","link":"https:\/\/www.vergaderingalkmaar.nl\/?page_id=84","title":{"rendered":"Preek zondag 8 augustus 2010"},"content":{"rendered":"<p>\u00a0<\/p>\n<div style=\"mso-element: para-border-div; border: solid windowtext 1.0pt; mso-border-alt: solid windowtext .5pt; padding: 1.0pt 4.0pt 1.0pt 4.0pt;\">\n<p class=\"MsoNormal\" style=\"text-align: center; border: none; mso-border-alt: solid windowtext .5pt; padding: 0cm; mso-padding-alt: 1.0pt 4.0pt 1.0pt 4.0pt;\" align=\"center\"><strong style=\"mso-bidi-font-weight: normal;\"><span style=\"font-size: 14.0pt; mso-bidi-font-size: 11.0pt; font-family: Arial; mso-bidi-font-family: Tahoma; color: #548dd4;\">Ik hef mijn ogen \u00f3p naar de b\u00e9rgen<\/span><\/strong><\/p>\n<\/p><\/div>\n<p class=\"MsoNormal\"><span style=\"font-size: 14.0pt; mso-bidi-font-size: 11.0pt; font-family: Arial; mso-bidi-font-family: Tahoma; color: #3366ff;\"> <\/span><\/p>\n<p class=\"MsoNormal\"><span style=\"font-size: 10.0pt; mso-bidi-font-size: 12.0pt; font-family: Arial;\">Drie mensen in de bijbel. Met de vraag wat hun uitzicht eigenlijk was.<br style=\"mso-special-character: line-break;\" \/> <br style=\"mso-special-character: line-break;\" \/> <\/span><\/p>\n<p class=\"MsoNormal\"><span style=\"font-size: 10.0pt; mso-bidi-font-size: 12.0pt; font-family: Arial;\">De eerste is Noach. Het verhaal van Noach is eigenlijk triest. Al wat God geschapen had was \u201c zeer goed.\u201d Totdat wij mensen in zonde vielen. En de boosheid op aarde zich stormenderhand uitbreidde. Zodanig dat God moest besluiten de aarde te oordelen.<span style=\"mso-spacerun: yes;\"> <\/span><\/span><\/p>\n<p class=\"MsoNormal\" style=\"line-height: 13.0pt; mso-pagination: none; mso-layout-grid-align: none; text-autospace: none;\"><span style=\"font-size: 10.0pt; mso-bidi-font-size: 11.0pt; font-family: Arial; mso-bidi-font-family: Tahoma; color: red;\">\u201cDan zegt de Ene: wegvagen zal ik de roodbloedige mens die ik heb geschapen van het aanschijn van de bloedrode grond, zowel de mensheid als het vee tot aan wat rondkruipt en wat vliegt langs de hemel; want ik heb spijt gekregen \u00a0dat ik ze heb gemaakt! Maar Noach vond genade in de ogen van de Ene.\u201d <\/span><\/p>\n<p class=\"MsoNormal\" style=\"line-height: 13.0pt; mso-pagination: none; mso-layout-grid-align: none; text-autospace: none;\"><span style=\"font-size: 10.0pt; mso-bidi-font-size: 11.0pt; font-family: Arial; mso-bidi-font-family: Tahoma;\">Noach wandelde met God. Niet voor Hem uit. Niet achter Hem aan. Naast God, in Zijn schaduw. <span style=\"color: red;\">\u201c<\/span> <span style=\"color: red;\">de ENE is je sch\u00e1duw aan je r\u00e9chterh\u00e1nd.\u201d <\/span>God wilde Noach redden van het oordeel dat Hij over de wereld ging brengen. En God gaf Noach de opdracht een ark te bouwen. Een geweldig schip werd het. Met een bouwtijd van 120 jaar. Het kan niet anders of de omstanders zullen er wel schampere opmerkingen over gemaakt hebben. Wat is dat nou voor een nutteloze tijdsbesteding, Noach. <\/span><\/p>\n<p class=\"MsoNormal\" style=\"line-height: 13.0pt; mso-pagination: none; mso-layout-grid-align: none; text-autospace: none;\"><span style=\"font-size: 10.0pt; mso-bidi-font-size: 11.0pt; font-family: Arial; mso-bidi-font-family: Tahoma;\">Er is een opmerkelijk detail in de beschrijving die Noach kreeg toen hij de ark ging maken. <span style=\"color: red;\">\u201c<\/span> <span style=\"color: red;\">een lichtluik moet je maken voor de ark, op een el van bovenaf moet je dat laten ophouden\u201d <\/span>Er moest een lichtluik komen. Naar boven gericht. God zal voorzien hebben date er zich onthutsende taferelen zouden afspelen rond de ark zodra het water begon te stijgen. En de mensen in de gaten kregen dat ze ten dode waren opgeschreven. Noach kreeg een uitzicht naar boven. Op God zelf. God die de koers van se voor Noach stuurloze ark bepaalde. God die voorging in die koers. Zoals God ook uw en mijn leven bestuurd. Hij alleen. En zoals ook wij heel onze koers het beste maar aan Hem toevertrouwen. Noach wist op Wie hij vertrouwde. Weten wij dat ook, in alle omstandigheden van ons leven? <\/span><\/p>\n<p class=\"MsoNormal\" style=\"line-height: 13.0pt; mso-pagination: none; mso-layout-grid-align: none; text-autospace: none;\"><span style=\"font-size: 10.0pt; mso-bidi-font-size: 11.0pt; font-family: Arial; mso-bidi-font-family: Tahoma;\"> <\/span><\/p>\n<p class=\"MsoNormal\" style=\"line-height: 13.0pt; mso-pagination: none; mso-layout-grid-align: none; text-autospace: none;\"><span style=\"font-size: 10.0pt; mso-bidi-font-size: 11.0pt; font-family: Arial; mso-bidi-font-family: Tahoma;\">Een tweede uitzicht zien we in de geschiedenis van Jozef. Jong nog met zijn 17 jaren meldde hij aan zijn vader hoe zijn broers zich misdroegen. Die broers werden laaiend, en smeten hem op een dag in een droge waterput. Met alleen maar uitzicht op de hemel. <\/span><\/p>\n<p class=\"MsoNormal\" style=\"line-height: 13.0pt; mso-pagination: none; mso-layout-grid-align: none; text-autospace: none;\"><span style=\"font-size: 10.0pt; mso-bidi-font-size: 11.0pt; font-family: Arial; mso-bidi-font-family: Tahoma;\">Wie zit er nooit in de put, figuurlijk gesproken. Met zorgen die je kwellen. Over je werk. Over je kinderen of je ouders. En dan zegt de geschiedenis van Jozef: kijk dan maar naar boven, naar de hemel. Vanwaar zak komen je hulp.<\/span><\/p>\n<p class=\"MsoNormal\" style=\"line-height: 13.0pt; mso-pagination: none; mso-layout-grid-align: none; text-autospace: none;\"><span style=\"font-size: 10.0pt; mso-bidi-font-size: 11.0pt; font-family: Arial; mso-bidi-font-family: Tahoma;\"> <\/span><\/p>\n<p class=\"MsoNormal\" style=\"line-height: 13.0pt; mso-pagination: none; mso-layout-grid-align: none; text-autospace: none;\"><span style=\"font-size: 10.0pt; mso-bidi-font-size: 11.0pt; font-family: Arial; mso-bidi-font-family: Tahoma;\">En dan is er Mozes. Hij is 120 jaar oud als hij aan het einde van zijn leven staat. Na veertig Egyptische jaren, waarin hij als leider werd opgevoed. En vervolgens veertig eenzame jaren in de woestijn, waarin hij vertrouwelijk met God omging voerde hij in de laatste veertig jaren van zijn leven het volk Israel aan. Dan laat God hem de berg Nebo beklimmen. En God geeft Mozes een formidabel uitzicht op het beloofde land. Maar binnengaan mag hij het niet. Omdat Mozes God niet de eer had gegeven die God toekwam. Met onze menselijke vermogens snappen wij Gods besluit niet altijd. Maar wij nemen in geloof aan dat Hij zich niet vergist. <\/span><\/p>\n<p class=\"MsoNormal\" style=\"line-height: 13.0pt; mso-pagination: none; mso-layout-grid-align: none; text-autospace: none;\"><span style=\"font-size: 10.0pt; mso-bidi-font-size: 11.0pt; font-family: Arial; mso-bidi-font-family: Tahoma;\">Ook wij hebben een formidabel uitzicht. Eerstens een uitzicht op de hemel. Wat we daar zullen aantreffen is op geen enkele manier voor te stellen. Zoals de koningin van Scheba het verbluft zei: \u201c de helft is me nog niet verteld!\u201d <\/span><\/p>\n<p class=\"MsoNormal\" style=\"line-height: 13.0pt; mso-pagination: none; mso-layout-grid-align: none; text-autospace: none;\"><span style=\"font-size: 10.0pt; mso-bidi-font-size: 11.0pt; font-family: Arial; mso-bidi-font-family: Tahoma;\">En tweedens hebben we het uitzicht op de komst van de Heer. Er is geen enkele profetie die v\u00f3\u00f3r die komst nog moet worden vervuld. Het kan elk moment gebeuren.<\/span><\/p>\n<p class=\"MsoNormal\" style=\"line-height: 13.0pt; mso-pagination: none; mso-layout-grid-align: none; text-autospace: none;\"><span style=\"font-size: 10.0pt; mso-bidi-font-size: 11.0pt; font-family: Arial; mso-bidi-font-family: Tahoma;\"> <\/span><\/p>\n<p class=\"MsoNormal\" style=\"line-height: 13.0pt; mso-pagination: none; mso-layout-grid-align: none; text-autospace: none;\"><span style=\"font-size: 10.0pt; mso-bidi-font-size: 11.0pt; font-family: Arial; mso-bidi-font-family: Tahoma;\">Is ons uitzicht ook altijd naar boven? Zie wij de hemel? Vertrouwen we ons leven en ons streven aan God toe? En genieten we van het vergezicht dat Hij ons wil laten zien? En anders dan Mozes: wij zullen wel binnen mogen gaan!<\/span><\/p>\n<p class=\"MsoNormal\" style=\"line-height: 13.0pt; mso-pagination: none; mso-layout-grid-align: none; text-autospace: none;\"><span style=\"font-size: 10.0pt; mso-bidi-font-size: 11.0pt; font-family: Arial; mso-bidi-font-family: Tahoma;\"> <\/span><\/p>\n<p class=\"MsoNormal\" style=\"line-height: 13.0pt; mso-pagination: none; mso-layout-grid-align: none; text-autospace: none;\"><span style=\"font-size: 10.0pt; mso-bidi-font-size: 11.0pt; font-family: Arial; mso-bidi-font-family: Tahoma;\"> <\/span><\/p>\n<div style=\"mso-element: para-border-div; border: solid windowtext 1.0pt; mso-border-alt: solid windowtext .5pt; padding: 1.0pt 4.0pt 1.0pt 4.0pt;\">\n<p class=\"MsoNormal\" style=\"text-align: center; mso-line-height-alt: 13.0pt; mso-pagination: none; mso-layout-grid-align: none; text-autospace: none; border: none; mso-border-alt: solid windowtext .5pt; padding: 0cm; mso-padding-alt: 1.0pt 4.0pt 1.0pt 4.0pt;\" align=\"center\"><strong style=\"mso-bidi-font-weight: normal;\"><span style=\"font-size: 14.0pt; mso-bidi-font-size: 11.0pt; font-family: Arial; mso-bidi-font-family: Tahoma; color: #548dd4; mso-ansi-language: EN-US;\" lang=\"EN-US\">De ENE waakt over je g\u00e1an en je k\u00f3men, van n\u00fa en t\u00f3t in \u00e9euwigheid.<\/span><\/strong><strong style=\"mso-bidi-font-weight: normal;\"><\/strong><\/p>\n<\/p><\/div>\n<p>\u00a0<\/p>\n","protected":false},"excerpt":{"rendered":"<p>\u00a0 Ik hef mijn ogen \u00f3p naar de b\u00e9rgen Drie mensen in de bijbel. Met de vraag wat hun uitzicht eigenlijk was. De eerste is Noach. Het verhaal van Noach is eigenlijk triest. Al wat God geschapen had was \u201c zeer goed.\u201d Totdat wij mensen in zonde vielen. En de boosheid op aarde zich stormenderhand &hellip; <\/p>\n<p class=\"link-more\"><a href=\"https:\/\/www.vergaderingalkmaar.nl\/?page_id=84\" class=\"more-link\"><span class=\"screen-reader-text\">&#8220;Preek zondag 8 augustus 2010&#8221;<\/span> verder lezen<\/a><\/p>\n","protected":false},"author":1,"featured_media":0,"parent":588,"menu_order":108,"comment_status":"closed","ping_status":"open","template":"","meta":[],"_links":{"self":[{"href":"https:\/\/www.vergaderingalkmaar.nl\/index.php?rest_route=\/wp\/v2\/pages\/84"}],"collection":[{"href":"https:\/\/www.vergaderingalkmaar.nl\/index.php?rest_route=\/wp\/v2\/pages"}],"about":[{"href":"https:\/\/www.vergaderingalkmaar.nl\/index.php?rest_route=\/wp\/v2\/types\/page"}],"author":[{"embeddable":true,"href":"https:\/\/www.vergaderingalkmaar.nl\/index.php?rest_route=\/wp\/v2\/users\/1"}],"replies":[{"embeddable":true,"href":"https:\/\/www.vergaderingalkmaar.nl\/index.php?rest_route=%2Fwp%2Fv2%2Fcomments&post=84"}],"version-history":[{"count":1,"href":"https:\/\/www.vergaderingalkmaar.nl\/index.php?rest_route=\/wp\/v2\/pages\/84\/revisions"}],"predecessor-version":[{"id":1619,"href":"https:\/\/www.vergaderingalkmaar.nl\/index.php?rest_route=\/wp\/v2\/pages\/84\/revisions\/1619"}],"up":[{"embeddable":true,"href":"https:\/\/www.vergaderingalkmaar.nl\/index.php?rest_route=\/wp\/v2\/pages\/588"}],"wp:attachment":[{"href":"https:\/\/www.vergaderingalkmaar.nl\/index.php?rest_route=%2Fwp%2Fv2%2Fmedia&parent=84"}],"curies":[{"name":"wp","href":"https:\/\/api.w.org\/{rel}","templated":true}]}}