{"id":80,"date":"2010-07-28T19:37:11","date_gmt":"2010-07-28T18:37:11","guid":{"rendered":"http:\/\/www.vergaderingalkmaar.nl\/?page_id=80"},"modified":"2019-11-13T01:37:05","modified_gmt":"2019-11-13T00:37:05","slug":"preek-zondag-25-juli-2010","status":"publish","type":"page","link":"https:\/\/www.vergaderingalkmaar.nl\/?page_id=80","title":{"rendered":"Preek zondag 25 juli 2010"},"content":{"rendered":"<p>\u00a0<\/p>\n<p class=\"MsoNormal\"><sub> <\/sub><\/p>\n<div style=\"mso-element: para-border-div; border: solid windowtext 1.0pt; mso-border-alt: solid windowtext .5pt; padding: 1.0pt 4.0pt 1.0pt 4.0pt;\">\n<p class=\"MsoNormal\" style=\"text-align: center; border: none; mso-border-alt: solid windowtext .5pt; padding: 0cm; mso-padding-alt: 1.0pt 4.0pt 1.0pt 4.0pt;\" align=\"center\"><span style=\"font-size: 14.0pt; mso-bidi-font-size: 12.0pt; font-family: Arial; color: #4f81bd;\">Met \u00e9\u00e9n ziel samen strijdt voor het geloof<\/span><sub><\/sub><\/p>\n<\/p><\/div>\n<p class=\"MsoNormal\"><sub> <\/sub><\/p>\n<p class=\"MsoNormal\"><span style=\"font-size: 10.0pt; mso-bidi-font-size: 12.0pt; font-family: Arial;\">Als wij een groep mensen over straat zien lopen in Amsterdam, weten we vrijwel gelijk uit welk land ze komen. Allemaal klikkende camerasluiters? Japanners. Allemaal oranje geklede luidruchtige stadionbezoekers? Hollanders.<\/span><\/p>\n<p class=\"MsoNormal\"><span style=\"font-size: 10.0pt; mso-bidi-font-size: 12.0pt; font-family: Arial;\">Als mensen in groepen optrekken, herken je ze nogal makkelijk. Hun uitdossing verraadt hen. En meer nog meestal hun gedrag. <\/span><\/p>\n<p class=\"MsoNormal\"><span style=\"font-size: 10.0pt; mso-bidi-font-size: 12.0pt; font-family: Arial;\">Waaraan herken je ons als christenen. En dan niet het enkele individu. Nee, waaraan herken je christenen als \u201c burgers van het evangelie.\u201d <span style=\"mso-spacerun: yes;\"> <\/span>Wat onderscheidt ons van andere groeperingen?<\/span><\/p>\n<p class=\"MsoNormal\"><span style=\"font-size: 10.0pt; mso-bidi-font-size: 12.0pt; font-family: Arial;\">In de brief aan de Filippenzen besteedt Paulus daar aandacht aan. Hij maakt dat punt \u2013 wat ons zou moeten kenmerken als groep \u2013 zelfs tot kern van die brief.<\/span><\/p>\n<p class=\"MsoNormal\"><span style=\"font-size: 10.0pt; mso-bidi-font-size: 12.0pt; font-family: Arial;\">Filippi was een heel trotse stad. De inwoners hadden precies dezelfde rechten en plichten als de bewoners van de hoofdstad Rome. En dat voorrecht hadden niet veel steden buiten Rome. Een inwoner van Filippi hoorde tot een selecte groep eersterangs burgers. En dat wilden ze weten ook. <\/span><\/p>\n<p class=\"MsoNormal\"><span style=\"font-size: 10.0pt; mso-bidi-font-size: 12.0pt; font-family: Arial;\">Paulus formuleert in hoofdstuk 1 : 27 \u2013 30 de kern van zijn boodschap, als hij schrijft: \u201c<span style=\"mso-spacerun: yes;\"> <\/span><span style=\"color: red;\">Maar \u00e9\u00e9n ding: leidt een leven waardig aan de verkondiging van de Christus, opdat, hetzij ik kom en u zie, hetzij ik wegblijf, ik over u mag horen dat ge vaststaat in een geest en met \u00e9\u00e9n ziel samen strijdt voor het geloof van de verkondiging, niet verschrikt, in niets, door de tegenstanders; voor hen is dat een aanwijzing van ondergang, maar van heil bij u, en dat van Godswege. Want u is de genade verleend, en dat ter wille van Christus, om niet alleen in hem te geloven maar ook ter wille van hem te lijden, in dezelfde worsteling die gij in mij hebt gezien en nu in mij hoort.<\/span>\u201d<span style=\"mso-spacerun: yes;\"> <\/span><\/span><\/p>\n<p class=\"MsoNormal\"><span style=\"font-size: 10.0pt; mso-bidi-font-size: 12.0pt; font-family: Arial;\">Paulus spreekt de christenen aan op hun gezamenlijke kenmerk. Op wat hun identiteit in Christus hoort te zijn. En Paulus gebruikt militaire beelden: strijden met \u00e9\u00e9n dol voor ogen. Waarbij noch de omstandigheid nog de verwachte uitkomst telt. <\/span><\/p>\n<div style=\"mso-element: para-border-div; border: solid windowtext 1.0pt; mso-border-alt: solid windowtext .5pt; padding: 1.0pt 4.0pt 1.0pt 4.0pt;\">\n<p class=\"MsoNormal\" style=\"border: none; mso-border-alt: solid windowtext .5pt; padding: 0cm; mso-padding-alt: 1.0pt 4.0pt 1.0pt 4.0pt;\"><em style=\"mso-bidi-font-style: normal;\"><span style=\"font-size: 10.0pt; mso-bidi-font-size: 12.0pt; font-family: Arial;\">De Grieken hadden daar in hun profane geschiedenis een voorbeeld van. Bij de strijd tegen de Perzen te Thermopylae (480 voor Chr.) hielden weinig Grieken twee dagen lang een duizendvoudige Perzische meerderheid tegen. Totdat een verrader de Perzen een route om de bergpas wees, en de Grieken in de rug werden aangevallen. Alle Grieken trokken zich terug, met uitzondering van de Spartanen. Noch de veranderende omstandigheden, noch de zekere nederlaag kon hen ervan weerhouden te vechten. <\/span><\/em><\/p>\n<\/p><\/div>\n<p class=\"MsoNormal\"><span style=\"font-size: 10.0pt; mso-bidi-font-size: 12.0pt; font-family: Arial;\">De eerste martelaren hielden zich vast aan deze verzen, als ze voor de leeuwen stonden. Ze stonden pal voor hun christelijke opdracht. <\/span><\/p>\n<p class=\"MsoNormal\"><span style=\"font-size: 10.0pt; mso-bidi-font-size: 12.0pt; font-family: Arial;\"> <\/span><\/p>\n<p class=\"MsoNormal\"><span style=\"font-size: 10.0pt; mso-bidi-font-size: 12.0pt; font-family: Arial;\">En wat is dan het geheim?<span style=\"mso-spacerun: yes;\"> <\/span>Dat geheim zit \u2018m in iets wat wij in het super individualistische westen nauwelijks nog kennen: de eenheid van de groep. De innerlijke wil om het eigen individuele ik ondergeschikt te maken aan de identiteit van de groep. De overtuiging dat we \u2013 hoewel individueel zwak misschien \u2013 als groep sterk staan, mits een eenheid vormend. Eenheid hoort h\u00e9t kenmerk van het christendom te zijn. <\/span><\/p>\n<p class=\"MsoNormal\"><span style=\"font-size: 10.0pt; mso-bidi-font-size: 12.0pt; font-family: Arial;\">Die eenheid kan van binnenuit worden bedreigd. Door bijvoorbeeld Juda\u00efsme, waar de aandacht meer op de Wet en de regels is gevestigd dan op Christus en zijn Persoon en werk. Of dreiging van buitenaf. In Filippi van heidenen die de christenen best okay vonden, als ze ook de keizer maar als God wilden vereren. Te strijden, samen en zonder compromis, is voor ons een bewijs dat het heil ons wacht! Een geweldige bemoediging voor ons gezamenlijk.<\/span><\/p>\n<p class=\"MsoNormal\"><span style=\"font-size: 10.0pt; mso-bidi-font-size: 12.0pt; font-family: Arial;\">En dan rept Paulus van genade. Genade om in Christus te geloven. En die genade grijpen we met beide handen aan. Niks geweldiger dan dat. Maar in \u00e9\u00e9n adem koppelt Paulus daar ook de genade om te lijden voor Christus aan vast. Lijden dat ons als individuen dichter bij elkaar brengt, en als groep dichter bij Christus.<\/span><\/p>\n<p class=\"MsoNormal\"><span style=\"font-size: 10.0pt; mso-bidi-font-size: 12.0pt; font-family: Arial;\">En hebben wij niet de gewoonte om dat lijden eerder als opgave dan als gave te zien? Maar zo is het lijden door God niet bedoeld, zegt Paulus. Het lijden zal ons dichter bij elkaar brengen. Zal ons in de ogen van omstanders maken tot mensen die slechts \u00e9\u00e9n doel voor ogen hebben. En voor dat doel alles opzij zetten. Wat ook de consequentie mag zijn.<\/span><\/p>\n<div style=\"mso-element: para-border-div; border: solid windowtext 1.0pt; mso-border-alt: solid windowtext .5pt; padding: 1.0pt 4.0pt 1.0pt 4.0pt;\">\n<p class=\"MsoNormal\" style=\"border: none; mso-border-alt: solid windowtext .5pt; padding: 0cm; mso-padding-alt: 1.0pt 4.0pt 1.0pt 4.0pt;\"><span style=\"font-size: 10.0pt; mso-bidi-font-size: 12.0pt; font-family: Arial;\">Als iemand argeloos zou binnenlopen bij een gemeentevergadering, welk verslag zou zij of hij daarvan doen? Zou zo iemand een stel kibbelende individuen aantreffen, strijdend voor de eigen visie en het eigen gelijk? Of zou de indruk er eerder \u00e9\u00e9n zijn van \u201c <em style=\"mso-bidi-font-style: normal;\">ze hebben \u00e9\u00e9n doel voor ogen en proberen elkaar te helpen dat doel te verwezenlijken. Ze gaan er kennelijk van uit dat de ander met haar of zijn mening ook dat ene doel voor ogen heeft. En probeert om het geheel sterker te maken. Meningsverschillen zijn er alleen omdat ze denken dat het doel op een alternatieve manier nog beter wordt bereikt. Het doel staat bij iedereen voorop<\/em>.\u201d <\/span><\/p>\n<\/p><\/div>\n<p class=\"MsoNormal\"><span style=\"font-size: 10.0pt; mso-bidi-font-size: 12.0pt; font-family: Arial;\"> <\/span><\/p>\n<p class=\"MsoNormal\"><span style=\"font-size: 10.0pt; mso-bidi-font-size: 12.0pt; font-family: Arial;\">Voor een christelijke gemeente is eenheid, is team spirit veel belangrijker dan individuele getalenteerdheid. Uiteindelijk staan elf briljante \u00e9\u00e9nlingen altijd zwakker dan \u00e9\u00e9n elftal. Zoals her recente wereldkampioenschap voetbal maar weer eens aantoonde. Met \u00e9\u00e9n ziel samen strijden, daar gaat het om.<\/span><\/p>\n<p class=\"MsoNormal\"><span style=\"font-size: 10.0pt; mso-bidi-font-size: 12.0pt; font-family: Arial;\"> <\/span><\/p>\n<div style=\"mso-element: para-border-div; border: solid windowtext 1.0pt; mso-border-alt: solid windowtext .5pt; padding: 1.0pt 4.0pt 1.0pt 4.0pt;\">\n<p class=\"MsoNormal\" style=\"text-align: center; border: none; mso-border-alt: solid windowtext .5pt; padding: 0cm; mso-padding-alt: 1.0pt 4.0pt 1.0pt 4.0pt;\" align=\"center\"><span style=\"font-size: 14.0pt; mso-bidi-font-size: 12.0pt; font-family: Arial; color: #4f81bd;\">Solo is dodo.<\/span><\/p>\n<\/p><\/div>\n<p>\u00a0<\/p>\n","protected":false},"excerpt":{"rendered":"<p>\u00a0 Met \u00e9\u00e9n ziel samen strijdt voor het geloof Als wij een groep mensen over straat zien lopen in Amsterdam, weten we vrijwel gelijk uit welk land ze komen. Allemaal klikkende camerasluiters? Japanners. Allemaal oranje geklede luidruchtige stadionbezoekers? Hollanders. Als mensen in groepen optrekken, herken je ze nogal makkelijk. Hun uitdossing verraadt hen. En meer &hellip; <\/p>\n<p class=\"link-more\"><a href=\"https:\/\/www.vergaderingalkmaar.nl\/?page_id=80\" class=\"more-link\"><span class=\"screen-reader-text\">&#8220;Preek zondag 25 juli 2010&#8221;<\/span> verder lezen<\/a><\/p>\n","protected":false},"author":1,"featured_media":0,"parent":588,"menu_order":110,"comment_status":"closed","ping_status":"open","template":"","meta":[],"_links":{"self":[{"href":"https:\/\/www.vergaderingalkmaar.nl\/index.php?rest_route=\/wp\/v2\/pages\/80"}],"collection":[{"href":"https:\/\/www.vergaderingalkmaar.nl\/index.php?rest_route=\/wp\/v2\/pages"}],"about":[{"href":"https:\/\/www.vergaderingalkmaar.nl\/index.php?rest_route=\/wp\/v2\/types\/page"}],"author":[{"embeddable":true,"href":"https:\/\/www.vergaderingalkmaar.nl\/index.php?rest_route=\/wp\/v2\/users\/1"}],"replies":[{"embeddable":true,"href":"https:\/\/www.vergaderingalkmaar.nl\/index.php?rest_route=%2Fwp%2Fv2%2Fcomments&post=80"}],"version-history":[{"count":1,"href":"https:\/\/www.vergaderingalkmaar.nl\/index.php?rest_route=\/wp\/v2\/pages\/80\/revisions"}],"predecessor-version":[{"id":1615,"href":"https:\/\/www.vergaderingalkmaar.nl\/index.php?rest_route=\/wp\/v2\/pages\/80\/revisions\/1615"}],"up":[{"embeddable":true,"href":"https:\/\/www.vergaderingalkmaar.nl\/index.php?rest_route=\/wp\/v2\/pages\/588"}],"wp:attachment":[{"href":"https:\/\/www.vergaderingalkmaar.nl\/index.php?rest_route=%2Fwp%2Fv2%2Fmedia&parent=80"}],"curies":[{"name":"wp","href":"https:\/\/api.w.org\/{rel}","templated":true}]}}