{"id":64,"date":"2010-03-21T20:08:46","date_gmt":"2010-03-21T19:08:46","guid":{"rendered":"http:\/\/www.vergaderingalkmaar.nl\/?page_id=64"},"modified":"2019-11-13T01:37:05","modified_gmt":"2019-11-13T00:37:05","slug":"preek-21-3-2010","status":"publish","type":"page","link":"https:\/\/www.vergaderingalkmaar.nl\/?page_id=64","title":{"rendered":"Preek 21-3-2010"},"content":{"rendered":"<div style=\"padding-right: 4pt; padding-left: 4pt; padding-bottom: 1pt; padding-top: 1pt; border: #aaaaaa 0.75pt solid;\">\n<p class=\"MsoNormal\" style=\"margin: 0cm 0cm 0pt; text-align: center; mso-border-alt: solid #AAAAAA .75pt; mso-padding-alt: 1.0pt 4.0pt 1.0pt 4.0pt; padding: 0cm;\" align=\"center\"><span style=\"font-family: Arial;\"><strong><span style=\"font-size: 14pt; color: blue; mso-bidi-font-size: 12.5pt; mso-ansi-language: NL; mso-bidi-font-family: Arial;\" lang=\"NL\">God is getrouw, zijn plannen falen niet,<\/span><\/strong><strong><\/strong><\/span><\/p>\n<\/p><\/div>\n<p class=\"MsoNormal\" style=\"margin: 0cm 0cm 0pt;\"><span style=\"mso-ansi-language: NL; mso-bidi-font-family: Arial;\" lang=\"NL\"><span style=\"color: #000000;\"><span style=\"font-size: x-small;\"><span style=\"font-family: Arial;\"> <\/span><\/span><\/span><\/span><\/p>\n<p class=\"MsoNormal\" style=\"margin: 0cm 0cm 0pt;\"><span style=\"mso-ansi-language: NL; mso-bidi-font-family: Arial;\" lang=\"NL\"><span style=\"color: #000000;\"><span style=\"font-size: x-small;\"><span style=\"font-family: Arial;\">Het is wel duidelijk dat God met de wereldgeschiedenis bezig is. In de bijbel noemt God een aantal vooraankondigingen van zijn terugkomst. In beeldende taal worden die aankondigingen wee\u00ebn genoemd. En hoe sneller ze elkaar opvolgen, hoe meer Gods ingrijpen in de wereldgeschiedenis dichterbij komt. De opeenvolgende zware aardbevingen \u2013 Ha\u00efti, Chili, Turkije \u2013 zouden ons beslist te denken moeten geven.<\/span><\/span><\/span><\/span><\/p>\n<p class=\"MsoNormal\" style=\"margin: 0cm 0cm 0pt;\"><span style=\"mso-ansi-language: NL; mso-bidi-font-family: Arial;\" lang=\"NL\"><span style=\"color: #000000;\"><span style=\"font-size: x-small;\"><span style=\"font-family: Arial;\"> <\/span><\/span><\/span><\/span><\/p>\n<p class=\"MsoNormal\" style=\"margin: 0cm 0cm 0pt;\"><span style=\"mso-ansi-language: NL; mso-bidi-font-family: Arial;\" lang=\"NL\"><span style=\"color: #000000;\"><span style=\"font-size: x-small;\"><span style=\"font-family: Arial;\">Denkt u eens terug aan de tijd van Dani\u00ebl. Nebukadnezar had een droom gehad die hem weer ontschoten was. Hij eiste van zijn waarzeggers en droomduiders zowel het verhaal als de uitleg ervan. <\/span><\/span><\/span><\/span><\/p>\n<p class=\"MsoNormal\" style=\"margin: 0cm 0cm 0pt;\"><span style=\"mso-ansi-language: NL; mso-bidi-font-family: Arial;\" lang=\"NL\"><span style=\"color: #000000;\"><span style=\"font-size: x-small;\"><span style=\"font-family: Arial;\">God echter had andere plannen. Hij laat Dani\u00ebl de droom weten, en de uitleg ervan (Dani\u00ebl 2). God toont Dani\u00ebl de komende grote wereldrijken.<\/span><\/span><\/span><\/span><\/p>\n<p class=\"MsoNormal\" style=\"margin: 0cm 0cm 0pt;\"><span style=\"mso-ansi-language: NL; mso-bidi-font-family: Arial;\" lang=\"NL\"><span style=\"color: #000000;\"><span style=\"font-size: x-small;\"><span style=\"font-family: Arial;\"> <\/span><\/span><\/span><\/span><\/p>\n<p class=\"MsoNormal\" style=\"margin: 0cm 0cm 0pt;\"><span style=\"mso-ansi-language: NL; mso-bidi-font-family: Arial;\" lang=\"NL\"><span style=\"color: #000000;\"><span style=\"font-size: x-small;\"><span style=\"font-family: Arial;\">Van die droom zien wij vandaag de dag de beginnende vervulling. Het Romeinse rijk, dat was (tot 476 na Christus, toen het ophield te bestaan), een tijd niet was en weer hersteld zal worden. En van dat herstel zien we de voortekenen met de ondertekening van het verdrag van Rome (!) in 1957. Alle politieke ontwikkelingen van vandaag wijzen op een wederopstanding van dat oude Romeinse rijk. <\/span><\/span><\/span><\/span><\/p>\n<p class=\"MsoNormal\" style=\"margin: 0cm 0cm 0pt;\"><span style=\"mso-ansi-language: NL; mso-bidi-font-family: Arial;\" lang=\"NL\"><span style=\"color: #000000;\"><span style=\"font-size: x-small;\"><span style=\"font-family: Arial;\"> <\/span><\/span><\/span><\/span><\/p>\n<p class=\"MsoNormal\" style=\"margin: 0cm 0cm 0pt;\"><span style=\"mso-ansi-language: NL; mso-bidi-font-family: Arial;\" lang=\"NL\"><span style=\"color: #000000;\"><span style=\"font-size: x-small;\"><span style=\"font-family: Arial;\">Als dat rijk weer gestalte krijgt zal er een unieke eenmalige gebeurtenis optreden: miljoenen mensen zullen van het ene moment op het andere van de<span style=\"mso-spacerun: yes;\"> <\/span>aardbodem verdwenen zijn. De gemeente van Christus wordt opgenomen in de hemel.<\/span><\/span><\/span><\/span><\/p>\n<p class=\"MsoNormal\" style=\"margin: 0cm 0cm 0pt;\"><span style=\"mso-ansi-language: NL; mso-bidi-font-family: Arial;\" lang=\"NL\"><span style=\"color: #000000;\"><span style=\"font-size: x-small;\"><span style=\"font-family: Arial;\"> <\/span><\/span><\/span><\/span><\/p>\n<p class=\"MsoNormal\" style=\"margin: 0cm 0cm 0pt;\"><span style=\"mso-ansi-language: NL; mso-bidi-font-family: Arial;\" lang=\"NL\"><span style=\"color: #000000;\"><span style=\"font-size: x-small;\"><span style=\"font-family: Arial;\">Ingefluisterd door Satan zal de antichrist dan grootse politieke dingen doen. Hij sluit vrede in het Midden Oosten. Hij zal een wereldreligie instellen.<\/span><\/span><\/span><\/span><\/p>\n<p class=\"MsoNormal\" style=\"margin: 0cm 0cm 0pt;\"><span style=\"mso-ansi-language: NL; mso-bidi-font-family: Arial;\" lang=\"NL\"><span style=\"color: #000000;\"><span style=\"font-size: x-small;\"><span style=\"font-family: Arial;\"> <\/span><\/span><\/span><\/span><\/p>\n<p class=\"MsoNormal\" style=\"margin: 0cm 0cm 0pt;\"><span style=\"mso-ansi-language: NL; mso-bidi-font-family: Arial;\" lang=\"NL\"><span style=\"color: #000000;\"><span style=\"font-size: x-small;\"><span style=\"font-family: Arial;\">Voor ons is dit een aansporing en een waarschuwing. Laten we wachten op de Heer. En dat niet door in een hoekje te gaan zitten afwachten hoe een en ander zich zal voltrekken. <\/span><\/span><\/span><\/span><\/p>\n<p class=\"MsoNormal\" style=\"margin: 0cm 0cm 0pt;\"><span style=\"mso-ansi-language: NL; mso-bidi-font-family: Arial;\" lang=\"NL\"><span style=\"color: #000000;\"><span style=\"font-size: x-small;\"><span style=\"font-family: Arial;\"> <\/span><\/span><\/span><\/span><\/p>\n<p class=\"MsoNormal\" style=\"margin: 0cm 0cm 0pt;\"><span style=\"mso-ansi-language: NL; mso-bidi-font-family: Arial;\" lang=\"NL\"><span style=\"color: #000000;\"><span style=\"font-size: x-small;\"><span style=\"font-family: Arial;\">Het is God die de regie over de wereldgeschiedenis voert.<span style=\"mso-spacerun: yes;\"> <\/span>Ezra 1: 1 beschrijft dat mooi: <\/span><\/span><\/span><\/span><\/p>\n<p class=\"MsoNormal\" style=\"margin: 0cm 0cm 0pt;\"><span style=\"mso-ansi-language: NL; mso-bidi-font-family: Arial;\" lang=\"NL\"><span style=\"color: #000000;\"><span style=\"font-size: x-small;\"><span style=\"font-family: Arial;\"> <\/span><\/span><\/span><\/span><\/p>\n<p class=\"MsoNormal\" style=\"margin: 0cm 0cm 0pt;\"><span style=\"color: red; mso-ansi-language: NL;\" lang=\"NL\"><span style=\"font-size: x-small; font-family: Arial;\">In het eerste jaar van Koresj als koning van Perzi\u00eb heeft de Ene, <\/span><span style=\"font-size: x-small;\"><span style=\"font-family: Arial;\"><strong>om het woord van de Ene<br \/>vanuit de mond van Jeremia\u00a0te voltrekken,<\/strong>&#8211; de geest van Perzi\u00ebs koning Koresj opgewekt,<br \/>en heeft hij een roepstem heel zijn koninkrijk laten doorkruisen en ook in geschrifte gezegd:<\/span><\/span><\/span><\/p>\n<p class=\"MsoNormal\" style=\"margin: 0cm 0cm 0pt;\"><span style=\"mso-ansi-language: NL;\" lang=\"NL\"><span style=\"color: #000000;\"><span style=\"font-size: x-small;\"><span style=\"font-family: Arial;\"> <\/span><\/span><\/span><\/span><\/p>\n<p class=\"MsoNormal\" style=\"margin: 0cm 0cm 0pt;\"><span style=\"mso-ansi-language: NL;\" lang=\"NL\"><span style=\"color: #000000;\"><span style=\"font-size: x-small;\"><span style=\"font-family: Arial;\">Het is God zelf die organiseert dat de profetie van Jeremia uitkomt. En als Dani\u00ebl later die profetie leest (Dani\u00ebl 9), leest hij dat niet als loutere kennisgeving. Tegenovergesteld juist: Het lezen van Gods profetie brengt Dani\u00ebl tot actief bidden. God vraagt zo ook onze inzet. Legt ons een gebedslast op. God wil graag dat we zijn bestuur beantwoorden. Hem de respons geven die Hij zo graag hoort. Dat wij zijn medearbeiders worden. Ons inzetten voor Gods \u201cbusiness.\u201d<span style=\"mso-spacerun: yes;\"> <\/span><\/span><\/span><\/span><\/span><\/p>\n<p class=\"MsoNormal\" style=\"margin: 0cm 0cm 0pt;\"><span style=\"mso-ansi-language: NL;\" lang=\"NL\"><span style=\"color: #000000;\"><span style=\"font-size: x-small;\"><span style=\"font-family: Arial;\"> <\/span><\/span><\/span><\/span><\/p>\n<p class=\"MsoNormal\" style=\"margin: 0cm 0cm 0pt;\"><span style=\"color: #000000;\"><span style=\"font-size: x-small;\"><span style=\"font-family: Arial;\"><span style=\"mso-ansi-language: NL;\" lang=\"NL\">Hagga<\/span><span style=\"mso-ansi-language: NL; mso-bidi-font-family: Arial;\" lang=\"NL\">\u00ef<\/span><span style=\"mso-ansi-language: NL;\" lang=\"NL\"> 1 illustreert dat prachtig. God richt zich rechtstreeks tot zijn volk, en vraagt hen waar ze mee bezig zijn, welke weg ze zijn ingeslagen( 1:7): <\/span><\/span><\/span><\/span><\/p>\n<p class=\"MsoNormal\" style=\"margin: 0cm 0cm 0pt;\"><span style=\"color: red; mso-ansi-language: NL;\" lang=\"NL\"><span style=\"font-size: x-small;\"><span style=\"font-family: Arial;\">Z\u00f3 heeft gezegd de Ene, de Omschaarde: richt uw hart op uw wegen;\u2026.<\/span><\/span><\/span><\/p>\n<p class=\"MsoNormal\" style=\"margin: 0cm 0cm 0pt;\"><span style=\"mso-ansi-language: NL;\" lang=\"NL\"><span style=\"font-size: x-small;\"><span style=\"font-family: Arial;\"><span style=\"color: #000000;\">Het volk wordt wakker: (:12): <\/span><span style=\"color: red;\">Dan hoort Zeroebavel, zoon van Sjealti\u00ebl, en ook Jozua, zoon van Jehotsadak de hogepriester, en heel de rest van de gemeente naar de stem van de Ene, hun God,\u2026.<\/span><span style=\"color: #000000;\">En zegt God hen als Zijn respons zijn nabijheid toe (:13): <\/span><span style=\"color: red;\">ik ben bij u, is de tijding van de Ene!<\/span><\/span><\/span><\/span><\/p>\n<p class=\"MsoNormal\" style=\"margin: 0cm 0cm 0pt;\"><span style=\"color: red; mso-ansi-language: NL;\" lang=\"NL\"><span style=\"font-size: x-small;\"><span style=\"font-family: Arial;\"> <\/span><\/span><\/span><\/p>\n<p class=\"MsoNormal\" style=\"margin: 0cm 0cm 0pt;\"><span style=\"mso-ansi-language: NL;\" lang=\"NL\"><span style=\"font-size: x-small;\"><span style=\"font-family: Arial;\"><span style=\"color: #000000;\">En als antwoord op Gods stem begint Isra\u00ebl vervolgens met de bouw van de tempel (:14): <\/span><span style=\"color: red;\">en zij komen en doen het geboodschapte werk aan het huis van de Ene, de Omschaarde, hun God,\u2026<\/span><\/span><\/span><\/span><\/p>\n<p class=\"MsoNormal\" style=\"margin: 0cm 0cm 0pt;\"><span style=\"mso-ansi-language: NL;\" lang=\"NL\"><span style=\"font-size: x-small;\"><span style=\"color: #000000;\"><span style=\"font-family: Arial;\">Ze gingen aan het werk, als antwoord op Gods oproep. Ze toonden hun betrokkenheid bij Gods plan. <\/span><\/span><\/span><\/span><\/p>\n<p class=\"MsoNormal\" style=\"margin: 0cm 0cm 0pt;\"><span style=\"mso-ansi-language: NL;\" lang=\"NL\"><span style=\"font-size: x-small;\"><span style=\"color: #000000;\"><span style=\"font-family: Arial;\">En dat is wat God ook van ons graag wil zien. Betrokkenheid bij Zijn werk. Bidden en werken in het kader van zijn plannen. En niet met de armen over elkaar afwachten.<span style=\"mso-spacerun: yes;\"> <\/span><\/span><\/span><\/span><\/span><\/p>\n<p class=\"MsoNormal\" style=\"margin: 0cm 0cm 0pt;\"><span style=\"mso-ansi-language: NL;\" lang=\"NL\"><span style=\"font-size: x-small;\"><span style=\"color: #000000;\"><span style=\"font-family: Arial;\"> <\/span><\/span><\/span><\/span><\/p>\n<div style=\"padding-right: 4pt; padding-left: 4pt; padding-bottom: 1pt; padding-top: 1pt; border: #aaaaaa 0.75pt solid;\">\n<p class=\"MsoNormal\" style=\"margin: 0cm 0cm 0pt; text-align: center; mso-border-alt: solid #AAAAAA .75pt; mso-padding-alt: 1.0pt 4.0pt 1.0pt 4.0pt; padding: 0cm;\" align=\"center\"><span style=\"font-family: Arial;\"><strong><span style=\"font-size: 14pt; color: blue; mso-bidi-font-size: 12.5pt; mso-ansi-language: NL; mso-bidi-font-family: Arial;\" lang=\"NL\">Hij kiest de zijnen uit, Hij roept die allen.<\/span><\/strong><strong><\/strong><\/span><\/p>\n<\/p><\/div>\n<p><strong><span style=\"font-size: 14pt; color: blue; font-family: Arial; mso-bidi-font-size: 12.0pt; mso-fareast-font-family: 'Times New Roman'; mso-ansi-language: NL; mso-fareast-language: EN-US; mso-bidi-language: AR-SA; mso-bidi-font-family: 'Times New Roman';\" lang=\"NL\"><br style=\"page-break-before: always;\" \/><\/span><\/strong><\/p>\n<p class=\"MsoNormal\" style=\"margin: 0cm 0cm 0pt;\"><span style=\"font-size: 12.5pt; mso-bidi-font-size: 12.0pt; mso-ansi-language: NL;\" lang=\"NL\"><span style=\"font-family: Arial;\"><span style=\"color: #000000;\"><span style=\"mso-spacerun: yes;\"> ________________________________________________________________________<br \/><\/span><\/span><\/span><\/span><\/p>\n<p class=\"MsoNormal\" style=\"background: white; margin: 0cm 3.75pt 1.2pt 36pt; line-height: 18pt;\"><span style=\"font-size: x-small;\"><span style=\"font-family: Arial;\"><span style=\"color: #000000;\"><em><span style=\"mso-bidi-font-size: 12.5pt; mso-ansi-language: NL; mso-bidi-font-family: Arial;\" lang=\"NL\"><\/p>\n<p>God is getrouw, zijn plannen falen niet,<\/span><\/em><span style=\"mso-bidi-font-size: 12.5pt; mso-ansi-language: NL; mso-bidi-font-family: Arial;\" lang=\"NL\"> <\/span><\/span><\/span><\/span><\/p>\n<p class=\"MsoNormal\" style=\"background: white; margin: 0cm 3.75pt 1.2pt 36pt; line-height: 18pt;\"><span style=\"font-size: x-small;\"><span style=\"font-family: Arial;\"><span style=\"color: #000000;\"><em><span style=\"mso-bidi-font-size: 12.5pt; mso-ansi-language: NL; mso-bidi-font-family: Arial;\" lang=\"NL\">Hij kiest de zijnen uit, Hij roept die allen.<\/span><\/em><span style=\"mso-bidi-font-size: 12.5pt; mso-ansi-language: NL; mso-bidi-font-family: Arial;\" lang=\"NL\"> <\/span><\/span><\/span><\/span><\/p>\n<p class=\"MsoNormal\" style=\"background: white; margin: 0cm 3.75pt 1.2pt 36pt; line-height: 18pt;\"><span style=\"font-size: x-small;\"><span style=\"font-family: Arial;\"><span style=\"color: #000000;\"><em><span style=\"mso-bidi-font-size: 12.5pt; mso-ansi-language: NL; mso-bidi-font-family: Arial;\" lang=\"NL\">Die &#8217;t heden kent, de toekomst overziet,<\/span><\/em><span style=\"mso-bidi-font-size: 12.5pt; mso-ansi-language: NL; mso-bidi-font-family: Arial;\" lang=\"NL\"> <\/span><\/span><\/span><\/span><\/p>\n<p class=\"MsoNormal\" style=\"background: white; margin: 0cm 3.75pt 1.2pt 36pt; line-height: 18pt;\"><span style=\"font-size: x-small;\"><span style=\"font-family: Arial;\"><span style=\"color: #000000;\"><em><span style=\"mso-bidi-font-size: 12.5pt; mso-ansi-language: NL; mso-bidi-font-family: Arial;\" lang=\"NL\">laat van zijn woorden geen ter aarde vallen;<\/span><\/em><span style=\"mso-bidi-font-size: 12.5pt; mso-ansi-language: NL; mso-bidi-font-family: Arial;\" lang=\"NL\"> <\/span><\/span><\/span><\/span><\/p>\n<p class=\"MsoNormal\" style=\"background: white; margin: 0cm 3.75pt 1.2pt 36pt; line-height: 18pt;\"><span style=\"font-size: x-small;\"><span style=\"font-family: Arial;\"><span style=\"color: #000000;\"><em><span style=\"mso-bidi-font-size: 12.5pt; mso-ansi-language: NL; mso-bidi-font-family: Arial;\" lang=\"NL\">en &#8217;t werk der eeuwen, dat zijn Geest omspant,<\/span><\/em><span style=\"mso-bidi-font-size: 12.5pt; mso-ansi-language: NL; mso-bidi-font-family: Arial;\" lang=\"NL\"> <\/span><\/span><\/span><\/span><\/p>\n<p class=\"MsoNormal\" style=\"background: white; margin: 0cm 3.75pt 1.2pt 36pt; line-height: 18pt;\"><span style=\"font-size: x-small;\"><span style=\"font-family: Arial;\"><span style=\"color: #000000;\"><em><span style=\"mso-bidi-font-size: 12.5pt; mso-ansi-language: NL; mso-bidi-font-family: Arial;\" lang=\"NL\">volvoert zijn hand.<\/span><\/em><span style=\"mso-bidi-font-size: 12.5pt; mso-ansi-language: NL; mso-bidi-font-family: Arial;\" lang=\"NL\"> <\/span><\/span><\/span><\/span><\/p>\n<p style=\"background: white; margin: 4.8pt 3.75pt 6pt 306pt;\"><span style=\"font-size: 10pt; font-family: Arial; mso-bidi-font-size: 12.5pt; mso-ansi-language: NL;\" lang=\"NL\"><span style=\"color: #000000;\"><span style=\"mso-spacerun: yes;\"> <\/span><\/span><\/span><\/p>\n<p class=\"MsoNormal\" style=\"background: white; margin: 0cm 3.75pt 1.2pt 36pt; line-height: 18pt;\"><span style=\"font-size: x-small;\"><span style=\"font-family: Arial;\"><span style=\"color: #000000;\"><em><span style=\"mso-bidi-font-size: 12.5pt; mso-ansi-language: NL; mso-bidi-font-family: Arial;\" lang=\"NL\">De Heer regeert! Zijn koninkrijk staat vast,<\/span><\/em><span style=\"mso-bidi-font-size: 12.5pt; mso-ansi-language: NL; mso-bidi-font-family: Arial;\" lang=\"NL\"> <\/span><\/span><\/span><\/span><\/p>\n<p class=\"MsoNormal\" style=\"background: white; margin: 0cm 3.75pt 1.2pt 36pt; line-height: 18pt;\"><span style=\"font-size: x-small;\"><span style=\"font-family: Arial;\"><span style=\"color: #000000;\"><em><span style=\"mso-bidi-font-size: 12.5pt; mso-ansi-language: NL; mso-bidi-font-family: Arial;\" lang=\"NL\">zijn heerschappij omvat de loop der tijden;<\/span><\/em><span style=\"mso-bidi-font-size: 12.5pt; mso-ansi-language: NL; mso-bidi-font-family: Arial;\" lang=\"NL\"> <\/span><\/span><\/span><\/span><\/p>\n<p class=\"MsoNormal\" style=\"background: white; margin: 0cm 3.75pt 1.2pt 36pt; line-height: 18pt;\"><span style=\"font-size: x-small;\"><span style=\"font-family: Arial;\"><span style=\"color: #000000;\"><em><span style=\"mso-bidi-font-size: 12.5pt; mso-ansi-language: NL; mso-bidi-font-family: Arial;\" lang=\"NL\">een sterke hand, die nooit heeft misgetast,<\/span><\/em><span style=\"mso-bidi-font-size: 12.5pt; mso-ansi-language: NL; mso-bidi-font-family: Arial;\" lang=\"NL\"> <\/span><\/span><\/span><\/span><\/p>\n<p class=\"MsoNormal\" style=\"background: white; margin: 0cm 3.75pt 1.2pt 36pt; line-height: 18pt;\"><span style=\"font-size: x-small;\"><span style=\"font-family: Arial;\"><span style=\"color: #000000;\"><em><span style=\"mso-bidi-font-size: 12.5pt; mso-ansi-language: NL; mso-bidi-font-family: Arial;\" lang=\"NL\">blijft met het heilig zwaard des Geestes strijden;<\/span><\/em><span style=\"mso-bidi-font-size: 12.5pt; mso-ansi-language: NL; mso-bidi-font-family: Arial;\" lang=\"NL\"> <\/span><\/span><\/span><\/span><\/p>\n<p class=\"MsoNormal\" style=\"background: white; margin: 0cm 3.75pt 1.2pt 36pt; line-height: 18pt;\"><span style=\"font-size: x-small;\"><span style=\"font-family: Arial;\"><span style=\"color: #000000;\"><em><span style=\"mso-bidi-font-size: 12.5pt; mso-ansi-language: NL; mso-bidi-font-family: Arial;\" lang=\"NL\">de adem zijner lippen overmant<\/span><\/em><span style=\"mso-bidi-font-size: 12.5pt; mso-ansi-language: NL; mso-bidi-font-family: Arial;\" lang=\"NL\"> <\/span><\/span><\/span><\/span><\/p>\n<p class=\"MsoNormal\" style=\"background: white; margin: 0cm 3.75pt 1.2pt 36pt; line-height: 18pt;\"><span style=\"font-size: x-small;\"><span style=\"font-family: Arial;\"><span style=\"color: #000000;\"><em><span style=\"mso-bidi-font-size: 12.5pt; mso-ansi-language: NL; mso-bidi-font-family: Arial;\" lang=\"NL\">de tegenstand.<\/span><\/em><span style=\"mso-bidi-font-size: 12.5pt; mso-ansi-language: NL; mso-bidi-font-family: Arial;\" lang=\"NL\"> <\/span><\/span><\/span><\/span><\/p>\n<p style=\"background: white; margin: 4.8pt 3.75pt 6pt 450pt;\"><span style=\"font-size: 10pt; font-family: Arial; mso-bidi-font-size: 12.5pt; mso-ansi-language: NL;\" lang=\"NL\"><span style=\"color: #000000;\"><span style=\"mso-spacerun: yes;\"> <\/span><\/span><\/span><\/p>\n<p class=\"MsoNormal\" style=\"background: white; margin: 0cm 3.75pt 1.2pt 36pt; line-height: 18pt;\"><span style=\"font-size: x-small;\"><span style=\"color: #000000;\"><span style=\"font-family: Arial;\"><em><span style=\"mso-bidi-font-size: 12.5pt; mso-ansi-language: NL; mso-bidi-font-family: Arial;\" lang=\"NL\">De Heil&#8217;ge Geest, die haar de toekomst spelt,<\/span><\/em><span style=\"mso-bidi-font-size: 12.5pt; mso-ansi-language: NL; mso-bidi-font-family: Arial;\" lang=\"NL\"> <\/span><\/span><\/span><\/span><\/p>\n<p class=\"MsoNormal\" style=\"background: white; margin: 0cm 3.75pt 1.2pt 36pt; line-height: 18pt;\"><span style=\"font-size: x-small;\"><span style=\"color: #000000;\"><span style=\"font-family: Arial;\"><em><span style=\"mso-bidi-font-size: 12.5pt; mso-ansi-language: NL; mso-bidi-font-family: Arial;\" lang=\"NL\">doet aan Gods kerk zijn heilgeheimen weten;<\/span><\/em><span style=\"mso-bidi-font-size: 12.5pt; mso-ansi-language: NL; mso-bidi-font-family: Arial;\" lang=\"NL\"> <\/span><\/span><\/span><\/span><\/p>\n<p class=\"MsoNormal\" style=\"background: white; margin: 0cm 3.75pt 1.2pt 36pt; line-height: 18pt;\"><span style=\"font-size: x-small;\"><span style=\"color: #000000;\"><span style=\"font-family: Arial;\"><em><span style=\"mso-bidi-font-size: 12.5pt; mso-ansi-language: NL; mso-bidi-font-family: Arial;\" lang=\"NL\">Hij, die haar leidt en in de waarheid stelt,<\/span><\/em><span style=\"mso-bidi-font-size: 12.5pt; mso-ansi-language: NL; mso-bidi-font-family: Arial;\" lang=\"NL\"> <\/span><\/span><\/span><\/span><\/p>\n<p class=\"MsoNormal\" style=\"background: white; margin: 0cm 3.75pt 1.2pt 36pt; line-height: 18pt;\"><span style=\"font-size: x-small;\"><span style=\"color: #000000;\"><span style=\"font-family: Arial;\"><em><span style=\"mso-bidi-font-size: 12.5pt; mso-ansi-language: NL; mso-bidi-font-family: Arial;\" lang=\"NL\">heeft zijn bestek met wijsheid uitgemeten;<\/span><\/em><span style=\"mso-bidi-font-size: 12.5pt; mso-ansi-language: NL; mso-bidi-font-family: Arial;\" lang=\"NL\"> <\/span><\/span><\/span><\/span><\/p>\n<p class=\"MsoNormal\" style=\"background: white; margin: 0cm 3.75pt 1.2pt 36pt; line-height: 18pt;\"><span style=\"font-size: x-small;\"><span style=\"color: #000000;\"><span style=\"font-family: Arial;\"><em><span style=\"mso-bidi-font-size: 12.5pt; mso-ansi-language: NL; mso-bidi-font-family: Arial;\" lang=\"NL\">Hij trekt met heel zijn kerk van land tot land<\/span><\/em><span style=\"mso-bidi-font-size: 12.5pt; mso-ansi-language: NL; mso-bidi-font-family: Arial;\" lang=\"NL\"> <\/span><\/span><\/span><\/span><\/p>\n<p class=\"MsoNormal\" style=\"background: white; margin: 0cm 3.75pt 1.2pt 36pt; line-height: 18pt;\"><span style=\"font-size: x-small;\"><span style=\"color: #000000;\"><span style=\"font-family: Arial;\"><em><span style=\"mso-bidi-font-size: 12.5pt; mso-ansi-language: NL; mso-bidi-font-family: Arial;\" lang=\"NL\">als Gods gezant.<\/span><\/em><span style=\"mso-bidi-font-size: 12.5pt; mso-ansi-language: NL; mso-bidi-font-family: Arial;\" lang=\"NL\"> <\/span><\/span><\/span><\/span><\/p>\n<p class=\"MsoNormal\" style=\"background: white; margin: 0cm 3.75pt 1.2pt 36pt; line-height: 18pt;\"><span style=\"mso-bidi-font-size: 12.5pt; mso-ansi-language: NL; mso-bidi-font-family: Arial;\" lang=\"NL\"><span style=\"font-size: x-small;\"><span style=\"color: #000000;\"><span style=\"font-family: Arial;\"> <\/span><\/span><\/span><\/span><\/p>\n<p class=\"MsoNormal\" style=\"background: white; margin: 0cm 3.75pt 1.2pt 36pt; line-height: 18pt;\"><span style=\"mso-bidi-font-size: 12.5pt; mso-ansi-language: NL; mso-bidi-font-family: Arial;\" lang=\"NL\"><span style=\"font-size: x-small;\"><span style=\"color: #000000;\"><span style=\"font-family: Arial;\">LvdK 304; Opwekking 248; JdH 513<\/span><\/span><\/span><\/span><\/p>\n<p class=\"MsoNormal\" style=\"background: white; margin: 0cm 3.75pt 1.2pt 36pt; line-height: 18pt;\"><span style=\"mso-bidi-font-size: 12.5pt; mso-ansi-language: NL; mso-bidi-font-family: Arial;\" lang=\"NL\"><span style=\"font-size: x-small;\"><span style=\"color: #000000;\"><span style=\"font-family: Arial;\">Tekst: Hendrik Pierson; melodie Christian Gregor<\/span><\/span><\/span><\/span><\/p>\n<p class=\"MsoNormal\" style=\"margin: 0cm 0cm 0pt;\"><span style=\"mso-ansi-language: NL;\" lang=\"NL\"><span style=\"font-size: x-small;\"><span style=\"color: #000000;\"><span style=\"font-family: Arial;\"> <\/span><\/span><\/span><\/span><\/p>\n<p class=\"MsoNormal\" style=\"margin: 0cm 0cm 0pt;\"><span style=\"mso-ansi-language: NL;\" lang=\"NL\"><span style=\"font-size: x-small;\"><span style=\"color: #000000;\"><span style=\"font-family: Arial;\"> <\/span><\/span><\/span><\/span><\/p>\n<p class=\"MsoNormal\" style=\"margin: 0cm 0cm 0pt;\"><span style=\"mso-ansi-language: NL; mso-bidi-font-family: Arial;\" lang=\"NL\"><span style=\"font-size: x-small;\"><span style=\"color: #000000;\"><span style=\"font-family: Arial;\"> <\/span><\/span><\/span><\/span><\/p>\n","protected":false},"excerpt":{"rendered":"<p>God is getrouw, zijn plannen falen niet, Het is wel duidelijk dat God met de wereldgeschiedenis bezig is. In de bijbel noemt God een aantal vooraankondigingen van zijn terugkomst. In beeldende taal worden die aankondigingen wee\u00ebn genoemd. En hoe sneller ze elkaar opvolgen, hoe meer Gods ingrijpen in de wereldgeschiedenis dichterbij komt. De opeenvolgende zware &hellip; <\/p>\n<p class=\"link-more\"><a href=\"https:\/\/www.vergaderingalkmaar.nl\/?page_id=64\" class=\"more-link\"><span class=\"screen-reader-text\">&#8220;Preek 21-3-2010&#8221;<\/span> verder lezen<\/a><\/p>\n","protected":false},"author":1,"featured_media":0,"parent":588,"menu_order":122,"comment_status":"closed","ping_status":"open","template":"","meta":[],"_links":{"self":[{"href":"https:\/\/www.vergaderingalkmaar.nl\/index.php?rest_route=\/wp\/v2\/pages\/64"}],"collection":[{"href":"https:\/\/www.vergaderingalkmaar.nl\/index.php?rest_route=\/wp\/v2\/pages"}],"about":[{"href":"https:\/\/www.vergaderingalkmaar.nl\/index.php?rest_route=\/wp\/v2\/types\/page"}],"author":[{"embeddable":true,"href":"https:\/\/www.vergaderingalkmaar.nl\/index.php?rest_route=\/wp\/v2\/users\/1"}],"replies":[{"embeddable":true,"href":"https:\/\/www.vergaderingalkmaar.nl\/index.php?rest_route=%2Fwp%2Fv2%2Fcomments&post=64"}],"version-history":[{"count":1,"href":"https:\/\/www.vergaderingalkmaar.nl\/index.php?rest_route=\/wp\/v2\/pages\/64\/revisions"}],"predecessor-version":[{"id":1599,"href":"https:\/\/www.vergaderingalkmaar.nl\/index.php?rest_route=\/wp\/v2\/pages\/64\/revisions\/1599"}],"up":[{"embeddable":true,"href":"https:\/\/www.vergaderingalkmaar.nl\/index.php?rest_route=\/wp\/v2\/pages\/588"}],"wp:attachment":[{"href":"https:\/\/www.vergaderingalkmaar.nl\/index.php?rest_route=%2Fwp%2Fv2%2Fmedia&parent=64"}],"curies":[{"name":"wp","href":"https:\/\/api.w.org\/{rel}","templated":true}]}}