{"id":46,"date":"2009-12-27T20:29:29","date_gmt":"2009-12-27T19:29:29","guid":{"rendered":"http:\/\/www.vergaderingalkmaar.nl\/?page_id=46"},"modified":"2019-11-13T01:37:05","modified_gmt":"2019-11-13T00:37:05","slug":"preek-27-12-2009","status":"publish","type":"page","link":"https:\/\/www.vergaderingalkmaar.nl\/?page_id=46","title":{"rendered":"Preek 27-12-2009"},"content":{"rendered":"<div style=\"border: 0.5pt solid windowtext; padding: 1pt 4pt;\">\n<p class=\"MsoNormal\" style=\"border: medium none; padding: 0cm; text-align: center;\" align=\"center\"><strong><span style=\"font-size: 12pt; color: blue;\" lang=\"NL\">Het is zaliger te geven dan te nemen!<\/span><\/strong><\/p>\n<p class=\"MsoNormal\" style=\"border: medium none; padding: 0cm; text-align: right;\" align=\"right\"><span lang=\"NL\">Hand. 20: 35b<\/span><\/p>\n<\/p><\/div>\n<p class=\"MsoNormal\"><span lang=\"NL\"> <\/span><\/p>\n<p class=\"MsoNormal\"><span lang=\"NL\">Goede doelen zijn niet van de televisie weg te slaan.<span> <\/span>En je kunt zelfs een test doen om te bepalen welke goede doelen bij jou passen. \u201cZonder u geen Unicef\u201d kopt de gelijknamige site.<\/span><\/p>\n<p class=\"MsoNormal\"><span lang=\"NL\"> <\/span><\/p>\n<p class=\"MsoNormal\"><span lang=\"NL\">Ook in de bijbel worden we opgeroepen goede doelen te steunen. Paulus schrijft daar \u00e9\u00e9n- en andermaal over. En dan gaat het niet maar om een randverschijnsel. Om een aardigheidje. Paulus hecht kennelijk heel grote waarde aan de financi\u00eble steun die gelovigen geven aan behoeftige christenen en aan degenen die hun dienst voor God verrichten en voor hun levensonderhoud afhankelijk zijn van de giften en gaven van hun medegelovigen.<\/span><\/p>\n<p class=\"MsoNormal\"><span lang=\"NL\"> <\/span><\/p>\n<p class=\"MsoNormal\"><span lang=\"NL\">Als Paulus in de gevangenis geld krijgt van de gelovigen in Philippi is hij daar geweldig blij mee. En hij betiteld de gave als (4:18) \u201ceen welriekende reuk\u201d(zie ook Ex 29:18) een aangename offerande, welbehaaglijk aan God. Paulus beschouwt de gelovigen uit Philippi als medestrijders in het evangelie. Hij weet en voelt zich geweldig door hen gesteund. Ook vandaag de dag kunnen zendelingen \u201caan het front\u201d niet zonder een biddende en geven de achterban. Steun en bemoediging is van onschatbaar belang. Zou Paulus\u2019 bediening wel zo krachtig geweest zijn als er niet zo heel velen achter hem gestaan hadden? En wie staan er vandaag de dag aan het evangeliefront? Kennen we ze? Laten we hen in woord en daad weten dat we achter ze staan?<\/span><\/p>\n<p class=\"MsoNormal\"><span lang=\"NL\"> <\/span><\/p>\n<p class=\"MsoNormal\"><span lang=\"NL\">Op zijn derde zendingsreis heeft Paulus het een aantal keer over de inzameling van gaven.<span> <\/span><\/span><\/p>\n<p class=\"MsoNormal\"><span lang=\"NL\"> <\/span><\/p>\n<p class=\"MsoNormal\"><span lang=\"NL\">Vanuit Korinthe schrijft hij aan <span> <\/span>de gelovigen in Rome dat hij hen graag wil zien, maar dat hij eerst naar Jeruzalem gaat om de gaven te brengen die zijn ingezameld voor de gelovigen daar (Rom. 15: 23-28). In Hand 20:22, 23 lezen we dat Paulus zich zeer bewust is van de gevaren die er in Jeruzalem op \u2018m<span> <\/span>wachten. Maar hij laat zich niet afschrikken, en in hoofdstuk 21 lezen we dat hij daadwerkelijk gevangen genomen wordt. De menigte schreeuwt \u201cweg met hem\u201d (21:36), zoals eerder tegen Jezus! <\/span><\/p>\n<p class=\"MsoNormal\"><span lang=\"NL\"> <\/span><\/p>\n<p class=\"MsoNormal\"><span lang=\"NL\">In 2 Korinti\u00ebrs 8 vinden we een andere passage waarin Paulus met passie schrijft over het inzamelen van gaven voor Jeruzalem. De gelovigen in Korinthe zijn daarmee begonnen. Zijn ze daarmee ook doorgegaan?, zo vraagt Paulus (8:10)? Hij roept op om te geven naar vermogen. <\/span><\/p>\n<p class=\"MsoNormal\"><span lang=\"NL\">In hoofdstuk 9 spoort hij de Korinti\u00ebrs nog eens aan om de gaven in orde te maken (9:5), en dat als dankzegging en niet als een gift uit gierigheid. Want, zegt Paulus, God immers had werkelijk en zonder reserve alles voor ons over (9:15). <\/span><\/p>\n<p class=\"MsoNormal\"><span lang=\"NL\"> <\/span><\/p>\n<p class=\"MsoNormal\"><span lang=\"NL\">Vrijgevigheid, mededeelzaamheid en offerbereidheid horen ons als christenen te kenmerken. Zoals David \u2013 gevolgd door de stamhoofden van Isra\u00ebl \u2013 extra gaf voor de bouw van de tempel (1 Kron. 29: 1-16). <\/span><\/p>\n<p class=\"MsoNormal\"><span lang=\"NL\"> <\/span><\/p>\n<p class=\"MsoNormal\"><span lang=\"NL\">En ontroerend bijna blijft het om te zien hoe onze geestelijke dankzegging aan God omwille van zijn werk op \u00e9\u00e9n lijn staat met de gaven die we geven ten nutte van de verspreiding van het evangelie. Hebr. 15: 15, 16 en 2 Kor 9: 12 zeggen dat zo:<\/span><\/p>\n<p class=\"MsoNormal\"><span lang=\"NL\"> <\/span><\/p>\n<p class=\"MsoBodyText\"><span lang=\"NL\">Laten wij dan door hem aldoor aan God een lofoffer opdragen, dat is: de vrucht van lippen<br \/> die zijn naam belijden. Maar vergeet de weldadigheid en de gemeenschappelijkheid niet;<br \/> want in zulke offeranden heeft God een welgevallen.<\/span><\/p>\n<p class=\"MsoBodyText\"><span lang=\"NL\"> <\/span><\/p>\n<p class=\"MsoBodyText\"><span lang=\"NL\">\u2026,omdat het dienstbetoon, vervat in deze eredienst, niet slechts de tekorten van de heiligen<br \/> \u00e1\u00e1nvult, maar ook overvl\u00f3edig is in dankzeggingen aan God door velen,-<\/span><\/p>\n<p class=\"MsoBodyText\">\u00a0<\/p>\n<p class=\"MsoBodyText\"><img loading=\"lazy\" class=\" size-full wp-image-45\" src=\"http:\/\/www.vergaderingalkmaar.nl\/wp-content\/uploads\/2009\/12\/kaartjepaulus.png\" border=\"0\" width=\"516\" height=\"339\" srcset=\"https:\/\/www.vergaderingalkmaar.nl\/wp-content\/uploads\/2009\/12\/kaartjepaulus.png 516w, https:\/\/www.vergaderingalkmaar.nl\/wp-content\/uploads\/2009\/12\/kaartjepaulus-300x197.png 300w\" sizes=\"(max-width: 516px) 100vw, 516px\" \/><\/p>\n<p class=\"MsoBodyText\"><span lang=\"NL\"><br \/><\/span><\/p>\n<p class=\"MsoNormal\"><span lang=\"NL\"> <\/span><\/p>\n<div style=\"border: 0.5pt solid windowtext; padding: 1pt 4pt;\">\n<h1 style=\"border: medium none; padding: 0cm; text-align: center;\"><span lang=\"NL\">Wie met dankzeggingen zaait, zal ook met dankzeggingen oogsten<\/span><\/h1>\n<p class=\"MsoNormal\" style=\"border: medium none; padding: 0cm; text-align: right;\" align=\"right\"><span lang=\"NL\">2 Kor. 9:6b<\/span><\/p>\n<\/p><\/div>\n<p class=\"MsoNormal\"><strong><span style=\"font-size: 12pt; color: blue;\" lang=\"NL\"> <\/span><\/strong><\/p>\n","protected":false},"excerpt":{"rendered":"<p>Het is zaliger te geven dan te nemen! Hand. 20: 35b Goede doelen zijn niet van de televisie weg te slaan. En je kunt zelfs een test doen om te bepalen welke goede doelen bij jou passen. \u201cZonder u geen Unicef\u201d kopt de gelijknamige site. Ook in de bijbel worden we opgeroepen goede doelen te &hellip; <\/p>\n<p class=\"link-more\"><a href=\"https:\/\/www.vergaderingalkmaar.nl\/?page_id=46\" class=\"more-link\"><span class=\"screen-reader-text\">&#8220;Preek 27-12-2009&#8221;<\/span> verder lezen<\/a><\/p>\n","protected":false},"author":1,"featured_media":0,"parent":588,"menu_order":134,"comment_status":"closed","ping_status":"open","template":"","meta":[],"_links":{"self":[{"href":"https:\/\/www.vergaderingalkmaar.nl\/index.php?rest_route=\/wp\/v2\/pages\/46"}],"collection":[{"href":"https:\/\/www.vergaderingalkmaar.nl\/index.php?rest_route=\/wp\/v2\/pages"}],"about":[{"href":"https:\/\/www.vergaderingalkmaar.nl\/index.php?rest_route=\/wp\/v2\/types\/page"}],"author":[{"embeddable":true,"href":"https:\/\/www.vergaderingalkmaar.nl\/index.php?rest_route=\/wp\/v2\/users\/1"}],"replies":[{"embeddable":true,"href":"https:\/\/www.vergaderingalkmaar.nl\/index.php?rest_route=%2Fwp%2Fv2%2Fcomments&post=46"}],"version-history":[{"count":1,"href":"https:\/\/www.vergaderingalkmaar.nl\/index.php?rest_route=\/wp\/v2\/pages\/46\/revisions"}],"predecessor-version":[{"id":1584,"href":"https:\/\/www.vergaderingalkmaar.nl\/index.php?rest_route=\/wp\/v2\/pages\/46\/revisions\/1584"}],"up":[{"embeddable":true,"href":"https:\/\/www.vergaderingalkmaar.nl\/index.php?rest_route=\/wp\/v2\/pages\/588"}],"wp:attachment":[{"href":"https:\/\/www.vergaderingalkmaar.nl\/index.php?rest_route=%2Fwp%2Fv2%2Fmedia&parent=46"}],"curies":[{"name":"wp","href":"https:\/\/api.w.org\/{rel}","templated":true}]}}