{"id":42,"date":"2009-12-06T20:53:45","date_gmt":"2009-12-06T19:53:45","guid":{"rendered":"http:\/\/www.vergaderingalkmaar.nl\/?page_id=42"},"modified":"2019-11-13T01:37:05","modified_gmt":"2019-11-13T00:37:05","slug":"preek-6-12-2009","status":"publish","type":"page","link":"https:\/\/www.vergaderingalkmaar.nl\/?page_id=42","title":{"rendered":"Preek 6-12-2009"},"content":{"rendered":"<div style=\"padding-right: 4pt; padding-left: 4pt; padding-bottom: 1pt; padding-top: 1pt; border: windowtext 0.5pt solid;\">\n<p class=\"MsoNormal\" style=\"margin: 0cm 0cm 0pt; text-align: center; mso-border-alt: solid windowtext .5pt; mso-padding-alt: 1.0pt 4.0pt 1.0pt 4.0pt; padding: 0cm;\" align=\"center\"><span style=\"font-family: Arial;\"><strong><span style=\"font-size: 12pt; color: blue; mso-ansi-language: NL;\" lang=\"NL\">Omdat G\u00f3d liefde is<\/span><\/strong><\/span><\/p>\n<\/p><\/div>\n<p class=\"MsoNormal\" style=\"margin: 0cm 0cm 0pt;\"><span style=\"mso-ansi-language: NL; mso-bidi-font-family: Arial;\" lang=\"NL\"><br \/><span style=\"color: #000000;\"><span style=\"font-size: x-small;\"><span style=\"font-family: Arial;\">Onze Heer Jezus is met niemand te vergelijken. Psalm 45 zegt het in koninklijke taal:<span style=\"mso-spacerun: yes;\"> <\/span><\/span><\/span><\/span><\/span><span style=\"font-size: x-small;\"><span style=\"font-family: Arial;\"><em><span style=\"color: red; mso-ansi-language: NL;\" lang=\"NL\">Schoner dan al Adams zonen werd jij, gratie is uitgegoten d\u00f3or je l\u00edppen,- daarvoor heeft G\u00f3d je gez\u00e9gend voor \u00e9euwig!<\/span><\/em><\/span><\/span><\/p>\n<p class=\"MsoNormal\" style=\"margin: 0cm 0cm 0pt;\"><span style=\"font-size: x-small;\"><span style=\"font-family: Arial;\"><span style=\"mso-ansi-language: NL; mso-bidi-font-family: Arial;\" lang=\"NL\"><span style=\"color: #000000;\">Jezus is het Woord van God. Hij is mens geworden; of, met Johannes 1:14: \u2018<\/span><\/span><em><span style=\"color: red; mso-ansi-language: NL;\" lang=\"NL\">Het spreken is vlees-en-bloed geworden en heeft bij ons zijn tent opgeslagen<\/span><\/em><span style=\"color: #000000;\"><em><span style=\"mso-ansi-language: NL; mso-bidi-font-family: Arial;\" lang=\"NL\">\u2019<\/span><\/em><span style=\"mso-ansi-language: NL; mso-bidi-font-family: Arial;\" lang=\"NL\">. Dat Woord is de waarheid. Dat Woord is en blijft onveranderlijk (Jes. 40:8: <\/span><\/span><em><span style=\"color: red; mso-ansi-language: NL;\" lang=\"NL\">verdorren zal gras, verwelken een bloem,- maar het woord van onze God houdt stand in eeuwigheid!<\/span><\/em><span style=\"mso-ansi-language: NL; mso-bidi-font-family: Arial;\" lang=\"NL\"><span style=\"color: #000000;\">). <\/span><\/span><\/span><\/span><\/p>\n<p class=\"MsoNormal\" style=\"margin: 0cm 0cm 0pt;\"><span style=\"font-size: x-small;\"><span style=\"font-family: Arial;\"><span style=\"mso-ansi-language: NL; mso-bidi-font-family: Arial;\" lang=\"NL\"><span style=\"color: #000000;\">Wij vinden dat vaak moeilijk te aanvaarden. Wij hebben het er lastig mee om dat Woord onveranderd te geloven en daaraan zonder compromis vast te houden. Maar \u2018<\/span><\/span><em><span style=\"color: red; mso-ansi-language: NL;\" lang=\"NL\">uw woord is een en al waarachtigheid<\/span><\/em><span style=\"mso-ansi-language: NL;\" lang=\"NL\"><span style=\"color: #000000;\">\u2019 schrijft Johannes 17:17. <\/span><\/span><\/span><\/span><\/p>\n<p class=\"MsoNormal\" style=\"margin: 0cm 0cm 0pt;\"><span style=\"mso-ansi-language: NL;\" lang=\"NL\"><span style=\"color: #000000;\"><span style=\"font-size: x-small;\"><span style=\"font-family: Arial;\"> <\/span><\/span><\/span><\/span><\/p>\n<p class=\"MsoNormal\" style=\"margin: 0cm 0cm 0pt;\"><span style=\"mso-ansi-language: NL;\" lang=\"NL\"><span style=\"font-size: x-small;\"><span style=\"font-family: Arial;\"><span style=\"color: #000000;\">Dat Woord is levensvoorwaarde voor ons. Wie wil groeienen in ger gellof heeft het Woord dahelijks nodig. We kunnen niet zonder: \u2018<\/span><em><span style=\"color: red;\">Naar waar mijn pad voert is uw w\u00f3ord mij een l\u00edcht, een l\u00e1mp v\u00f3or mijn v\u00f3eten.<\/span><\/em><span style=\"color: #000000;\">\u2019<\/span><\/span><\/span><\/span><\/p>\n<p class=\"MsoNormal\" style=\"margin: 0cm 0cm 0pt;\"><span style=\"mso-ansi-language: NL;\" lang=\"NL\"><span style=\"color: #000000;\"><span style=\"font-size: x-small;\"><span style=\"font-family: Arial;\"> <\/span><\/span><\/span><\/span><\/p>\n<p class=\"MsoNormal\" style=\"margin: 0cm 0cm 0pt;\"><span style=\"mso-ansi-language: NL;\" lang=\"NL\"><span style=\"color: #000000;\"><span style=\"font-size: x-small;\"><span style=\"font-family: Arial;\">In zijn bemoeienis met deze aarde keek God vanuit Zijn eeuwigheid miljoenen jaren vooruit. God wist dat Hij het probleem van de zonde zou oplossen door Zijn Zoon als Woord naar deze wereld te sturen. En hem als offer voor de zonde te geven voor allen die in hem geloven. <\/span><\/span><\/span><\/span><\/p>\n<p class=\"MsoNormal\" style=\"margin: 0cm 0cm 0pt;\"><span style=\"color: #000000;\"><span style=\"font-size: x-small;\"><span style=\"font-family: Arial;\"><span style=\"mso-ansi-language: NL;\" lang=\"NL\">Johannes schrijft zijn eerste brief als liefdesbrief. Hoofdstuk 4:<\/span><\/span><\/span><\/span><\/p>\n<p class=\"MsoBodyText2\" style=\"margin: 0cm 0cm 0pt;\"><em><span style=\"color: #ff0000;\"><span style=\"font-size: x-small;\"><span style=\"font-family: Arial;\"><span lang=\"NL\">4:7 Geliefden, laten wij elkaar liefhebben, omdat de liefde uit God is, en ieder die liefheeft is uit God geboren en kent God;<\/span><\/span><\/span><\/span><\/em><\/p>\n<p class=\"MsoBodyText\" style=\"margin: 0cm 0cm 0pt;\"><span lang=\"NL\"><em><span style=\"font-size: x-small; color: #ff0000; font-family: Arial;\">4:8 wie niet liefheeft, heeft God niet leren kennen,- omdat G\u00f3d liefde is.<\/span><\/em><\/span><\/p>\n<p class=\"MsoBodyText\" style=\"margin: 0cm 0cm 0pt;\"><span lang=\"NL\"><span style=\"color: #ff0000;\"><span style=\"font-size: x-small;\"><span style=\"font-family: Arial;\"> <\/span><\/span><\/span><\/span><\/p>\n<p class=\"MsoBodyText\" style=\"margin: 0cm 0cm 0pt;\"><span style=\"color: maroon;\" lang=\"NL\"><span style=\"font-size: x-small;\"><span style=\"font-family: Arial;\">Voordat Jezus kwam, was Gods vaderlijke liefde niet bekend. De Grieken filosofeerden over God, maar kenden \u2018m niet. En voor de Joden was er een voorhangsel tussen henzelf en God.<span style=\"mso-spacerun: yes;\"> <\/span><\/span><\/span><\/span><\/p>\n<p class=\"MsoBodyText\" style=\"margin: 0cm 0cm 0pt;\"><span style=\"font-size: x-small;\"><span style=\"font-family: Arial;\"><span style=\"color: maroon;\" lang=\"NL\">God is liefde, roept Johannes bijna uit hier. Dat was God altijd. Miljoenen jaren voordat de aarde was geschapen was God liefde. Die liefde werd zichtbaar in de relatie met Zijn zoon. En uit de innigheid van die relatie stroomt een onvoorstelbare kracht; met Romeinen 15: 30<\/span><span lang=\"NL\"><span style=\"color: #ff0000;\">\u2026.<\/span><\/span><span style=\"color: maroon;\" lang=\"NL\">. <\/span><em><span lang=\"NL\"><span style=\"color: #ff0000;\">de liefde van de Geest,<\/span><\/span><\/em><\/span><\/span><\/p>\n<p class=\"MsoBodyText\" style=\"margin: 0cm 0cm 0pt;\"><em><span lang=\"NL\"><span style=\"color: #ff0000;\"><span style=\"font-size: x-small;\"><span style=\"font-family: Arial;\"> <\/span><\/span><\/span><\/span><\/em><\/p>\n<p class=\"MsoBodyText\" style=\"margin: 0cm 0cm 0pt;\"><span style=\"font-size: x-small;\"><span style=\"font-family: Arial;\"><span style=\"color: windowtext;\" lang=\"NL\">God is liefde, en was dat altijd. Hij wekte ons op uit de dood. Want God houdt net zo volmaakt van ons, als Hij houdt van Zijn zoon. Geen grammetje minder. Zijn liefde voor ons is volmaakt. Zoals we lezen in het hogepriesterlijk gebed uit Johannes 17:<br style=\"mso-special-character: line-break;\" \/><br style=\"mso-special-character: line-break;\" \/><\/span><\/span><\/span><\/p>\n<p class=\"MsoNormal\" style=\"margin: 0cm 0cm 0pt;\"><em><span style=\"color: red; mso-ansi-language: NL;\" lang=\"NL\"><span style=\"font-size: x-small; font-family: Arial;\">17:22 Ook heb ik de heerlijkheid die gij mij hebt gegeven gegeven aan hen, opdat zij \u00e9\u00e9n zijn zoals wij \u00e9\u00e9n zijn<\/span><\/span><span style=\"color: red;\"><span style=\"font-size: x-small;\"><span style=\"font-family: Arial;\"> <\/span><\/span><\/span><\/em><em><span style=\"color: red; mso-ansi-language: NL;\" lang=\"NL\"><br \/><span style=\"font-size: x-small; font-family: Arial;\">17:23 ik met hen en gij met mij,- dat ze mogen zijn, voltooid tot \u00e9\u00e9n, opdat de wereld erkenne <br \/>dat gij mij hebt uitgezonden en hen hebt liefgehad zoals gij mij hebt liefgehad.<\/span><\/span><\/em><em><\/em><\/p>\n<p class=\"MsoNormal\" style=\"margin: 0cm 0cm 0pt;\"><em><span style=\"color: red;\"><span style=\"font-size: x-small; font-family: Arial;\">17:24 Vader,- wat gij mij hebt gegeven, daarvan is het mijn wil dat waar \u00edk ben ook z\u00edj wezen mogen, m\u00e9t mij,dat ze mijn heerlijkheid aanschouwen mogen die gij mij hebt gegeven, omdat gij mij hebt liefgehad reeds voor de grondlegging der wereld.<\/span><span style=\"font-size: x-small;\"><span style=\"font-family: Arial;\"> <\/span><\/span><br \/><\/span><\/em><em><span style=\"color: red; mso-ansi-language: NL;\" lang=\"NL\"><span style=\"font-size: x-small;\"><span style=\"font-family: Arial;\">17:25 Vader, Rechtvaardige, ook al heeft de wereld u niet erkend, \u00edk heb u erkend, en zij hier hebben herkend dat gij mij hebt uitgezonden,<\/span><\/span><\/span><\/em><\/p>\n<p class=\"MsoBodyText\" style=\"margin: 0cm 0cm 0pt;\"><span style=\"color: #ff0000;\"><span style=\"font-size: x-small;\"><span style=\"font-family: Arial;\"><em><span lang=\"NL\">17:26 en ik heb hun uw naam bekend gemaakt en zal die bekend blijven maken, opdat de liefde waarmee gij mij hebt liefgehad in hen mag wezen en ikzelf \u00e9\u00e9n met hen.<\/span><\/em><em><\/em><\/span><\/span><\/span><\/p>\n<p class=\"MsoNormal\" style=\"margin: 0cm 0cm 0pt;\"><span style=\"color: red; mso-ansi-language: NL; mso-bidi-font-family: Arial;\" lang=\"NL\"><span style=\"font-size: x-small;\"><span style=\"font-family: Arial;\"> <\/span><\/span><\/span><\/p>\n<p class=\"MsoNormal\" style=\"margin: 0cm 0cm 0pt;\"><span style=\"font-size: x-small;\"><span style=\"font-family: Arial;\"><span style=\"mso-ansi-language: NL; mso-bidi-font-family: Arial;\" lang=\"NL\"><span style=\"color: #000000;\">Satan greep naar Gods macht. Ezechi\u00ebl 28 beschrijft hoe deze machtsgreep werd afgewend. De Heer Jezus leefde als mens onder de mensen. En, <\/span><\/span><em><span style=\"color: red; mso-ansi-language: NL;\" lang=\"NL\">wij hebben zijn glorie aanschouwd, een glorie zoals eigen aan de eniggeborene van bij de Vader<\/span><\/em><span style=\"mso-ansi-language: NL;\" lang=\"NL\"><span style=\"color: #000000;\">; (Joh. 1:14)<\/span><\/span><\/span><\/span><\/p>\n<p class=\"MsoNormal\" style=\"margin: 0cm 0cm 0pt;\"><span style=\"mso-ansi-language: NL;\" lang=\"NL\"><span style=\"font-size: x-small;\"><span style=\"color: #000000;\"><span style=\"font-family: Arial;\"> <\/span><\/span><\/span><\/span><\/p>\n<p class=\"MsoNormal\" style=\"margin: 0cm 0cm 0pt;\"><span style=\"mso-ansi-language: NL;\" lang=\"NL\"><span style=\"font-size: x-small;\"><span style=\"color: #000000;\"><span style=\"font-family: Arial;\">Laten we in Gods liefde blijven. Want Christus kwam om ons bij God te brengen. Hij is de exclusieve weg, de enige waarheid en het eeuwige leven. <\/span><\/span><\/span><\/span><\/p>\n<p class=\"MsoNormal\" style=\"margin: 0cm 0cm 0pt;\"><span style=\"mso-ansi-language: NL;\" lang=\"NL\"><span style=\"font-size: x-small;\"><span style=\"color: #000000;\"><span style=\"font-family: Arial;\"> <\/span><\/span><\/span><\/span><\/p>\n<div style=\"padding-right: 4pt; padding-left: 4pt; padding-bottom: 1pt; padding-top: 1pt; border: windowtext 0.5pt solid;\">\n<h1 style=\"margin: 0cm 0cm 0pt; text-align: center;\"><span lang=\"NL\"><span style=\"color: #0000ff; font-family: Arial;\">Opdat de liefde waarmee gij mij hebt liefgehad in hen mag wezen<\/span><\/span><\/h1>\n<\/p><\/div>\n<p><span style=\"font-size: 11pt; background: white; font-family: Arial; mso-ansi-language: NL; mso-bidi-font-size: 12.0pt; mso-fareast-font-family: 'Arial Unicode MS'; mso-fareast-language: EN-US; mso-bidi-language: AR-SA;\" lang=\"NL\"><br style=\"page-break-before: always;\" \/><\/span><\/p>\n<p style=\"background: white; text-align: center;\" align=\"center\"><span style=\"font-size: 11pt; background: white; font-family: Arial; mso-ansi-language: NL; mso-bidi-font-size: 12.0pt;\" lang=\"NL\"><span style=\"color: #000000;\"><\/p>\n<p>Heb<\/span><\/span><span style=\"font-size: 11pt; font-family: Arial; mso-ansi-language: NL; mso-bidi-font-size: 12.0pt;\" lang=\"NL\"><span style=\"color: #000000;\"> dank, o God van alle leven,\u00a0<br \/>die zijt alleen U zelf bekend,\u00a0<br \/>dat Gij uw Woord ons hebt gegeven,\u00a0<br \/>uw licht en liefd\u2019 ons toegewend.\u00a0<br \/>Nu rijst uit elke nacht uw morgen,\u00a0<br \/>nu wijkt uw troost niet meer <span style=\"background: white;\">van <\/span>de aard,\u00a0<br \/>en wat voor wijzen bleef verborgen\u00a0<br \/>werd kinderen geopenbaard.\u00a0<br style=\"mso-special-character: line-break;\" \/><br style=\"mso-special-character: line-break;\" \/><\/span><\/span><\/p>\n<p class=\"MsoNormal\" style=\"margin: 0cm 0cm 0pt;\"><span style=\"font-size: 11pt; mso-ansi-language: NL; mso-bidi-font-family: Arial; mso-bidi-font-size: 12.0pt;\" lang=\"NL\"><span style=\"color: #000000; font-family: Arial;\">LvdK 330, 1 <\/span><\/span><\/p>\n","protected":false},"excerpt":{"rendered":"<p>Omdat G\u00f3d liefde is Onze Heer Jezus is met niemand te vergelijken. Psalm 45 zegt het in koninklijke taal: Schoner dan al Adams zonen werd jij, gratie is uitgegoten d\u00f3or je l\u00edppen,- daarvoor heeft G\u00f3d je gez\u00e9gend voor \u00e9euwig! Jezus is het Woord van God. Hij is mens geworden; of, met Johannes 1:14: \u2018Het spreken &hellip; <\/p>\n<p class=\"link-more\"><a href=\"https:\/\/www.vergaderingalkmaar.nl\/?page_id=42\" class=\"more-link\"><span class=\"screen-reader-text\">&#8220;Preek 6-12-2009&#8221;<\/span> verder lezen<\/a><\/p>\n","protected":false},"author":1,"featured_media":0,"parent":588,"menu_order":137,"comment_status":"closed","ping_status":"open","template":"","meta":[],"_links":{"self":[{"href":"https:\/\/www.vergaderingalkmaar.nl\/index.php?rest_route=\/wp\/v2\/pages\/42"}],"collection":[{"href":"https:\/\/www.vergaderingalkmaar.nl\/index.php?rest_route=\/wp\/v2\/pages"}],"about":[{"href":"https:\/\/www.vergaderingalkmaar.nl\/index.php?rest_route=\/wp\/v2\/types\/page"}],"author":[{"embeddable":true,"href":"https:\/\/www.vergaderingalkmaar.nl\/index.php?rest_route=\/wp\/v2\/users\/1"}],"replies":[{"embeddable":true,"href":"https:\/\/www.vergaderingalkmaar.nl\/index.php?rest_route=%2Fwp%2Fv2%2Fcomments&post=42"}],"version-history":[{"count":1,"href":"https:\/\/www.vergaderingalkmaar.nl\/index.php?rest_route=\/wp\/v2\/pages\/42\/revisions"}],"predecessor-version":[{"id":1581,"href":"https:\/\/www.vergaderingalkmaar.nl\/index.php?rest_route=\/wp\/v2\/pages\/42\/revisions\/1581"}],"up":[{"embeddable":true,"href":"https:\/\/www.vergaderingalkmaar.nl\/index.php?rest_route=\/wp\/v2\/pages\/588"}],"wp:attachment":[{"href":"https:\/\/www.vergaderingalkmaar.nl\/index.php?rest_route=%2Fwp%2Fv2%2Fmedia&parent=42"}],"curies":[{"name":"wp","href":"https:\/\/api.w.org\/{rel}","templated":true}]}}