{"id":35,"date":"2009-11-22T20:44:03","date_gmt":"2009-11-22T19:44:03","guid":{"rendered":"http:\/\/www.vergaderingalkmaar.nl\/?page_id=35"},"modified":"2019-11-13T01:37:05","modified_gmt":"2019-11-13T00:37:05","slug":"preek-22-11-2009","status":"publish","type":"page","link":"https:\/\/www.vergaderingalkmaar.nl\/?page_id=35","title":{"rendered":"Preek 22-11-2009"},"content":{"rendered":"<div style=\"border: 0.5pt solid windowtext; padding: 1pt 4pt;\">\n<p style=\"border: medium none; margin: 0cm 0cm 0.0001pt; padding: 0cm; text-align: center;\" align=\"center\"><strong><span style=\"font-family: Arial; color: #3366ff;\" lang=\"NL\">dat ze allen \u00e9\u00e9n mogen zijn<\/span><\/strong><\/p>\n<\/p><\/div>\n<p style=\"margin: 0cm 0cm 0.0001pt;\"><span style=\"font-size: 10pt; font-family: Arial;\" lang=\"NL\"> <\/span><\/p>\n<p style=\"margin: 0cm 0cm 0.0001pt;\"><span style=\"font-size: 10pt; font-family: Arial;\" lang=\"NL\">Wij hebben nogal eens een gekleurde bril op. De bril van onze ervaringen. De bril van onze opvoeding. De bril van onze opleiding. En dat kleurt dus onze waarneming. Maar toch: als we door welke bril dan ook naar een stoel kijken, zien we een stoel.<\/span><\/p>\n<p style=\"margin: 0cm 0cm 0.0001pt;\"><span style=\"font-size: 10pt; font-family: Arial;\" lang=\"NL\"> <\/span><\/p>\n<p style=\"margin: 0cm 0cm 0.0001pt;\"><span style=\"font-size: 10pt; font-family: Arial;\" lang=\"NL\">Als we in de christelijke gemeente \u2013 door welke van onze vele brillen dan ook \u2013 naar Christus kijken, zien we Hem. En in Hem zijn we, hoe onderling verschillend ook, een eenheid. Dat wil Christus ook. Hij bidt er voor; we lezen dat in Johannes 17:<\/span><\/p>\n<p style=\"margin: 0cm 0cm 0.0001pt;\"><span style=\"font-size: 10pt; font-family: Arial;\" lang=\"NL\"> <\/span><\/p>\n<p style=\"margin: 0cm 0cm 0.0001pt;\"><span style=\"font-size: 10pt; font-family: Arial; color: red;\" lang=\"NL\">20 Niet alleen voor hen bid ik maar ook voor hen die door h\u00fan woord in mij gaan geloven, \u00a0 <br \/> 21 dat ze allen \u00e9\u00e9n mogen zijn, zoals gij, Vader, \u00e9\u00e9n zijt met mij en ik met u,- dat zij ook \u00e9\u00e9n zijn met ons, opdat de wereld gelove dat gij mij hebt gezonden. <\/span><span style=\"font-size: 10pt; font-family: Arial; color: red;\"> <\/span><span style=\"font-size: 10pt; font-family: Arial; color: red;\" lang=\"NL\"><br \/> 22 Ook heb ik de heerlijkheid die gij mij hebt gegeven gegeven aan hen, opdat zij \u00e9\u00e9n zijn zoals wij \u00e9\u00e9n zijn: <\/span><span style=\"font-size: 10pt; font-family: Arial; color: red;\"> <\/span><span style=\"font-size: 10pt; font-family: Arial; color: red;\" lang=\"NL\"><br \/> 23 ik met hen en gij met mij,- dat ze mogen zijn, voltooid tot \u00e9\u00e9n, opdat de wereld erkenne <br \/> dat gij mij hebt uitgezonden en hen hebt liefgehad zoals gij mij hebt liefgehad.<\/span><\/p>\n<p style=\"margin: 0cm 0cm 0.0001pt;\"><span style=\"font-size: 10pt; font-family: Arial; color: red;\" lang=\"NL\"> <\/span><\/p>\n<p style=\"margin: 0cm 0cm 0.0001pt;\"><span style=\"font-size: 10pt; font-family: Arial;\" lang=\"NL\">Maar Hij heeft niet alleen gebeden! Hij heeft ook een middel geschonken, waardoor zijn discipelen \u00e9\u00e9n kunnen blijven: &#8220;<\/span><span style=\"font-size: 10pt; font-family: Arial; color: red;\" lang=\"NL\"> Ook heb ik de heerlijkheid die gij mij hebt gegeven gegeven aan hen, opdat zij \u00e9\u00e9n zijn zoals wij \u00e9\u00e9n zijn:<\/span><\/p>\n<p style=\"margin: 0cm 0cm 0.0001pt;\"><span style=\"font-size: 10pt; font-family: Arial;\" lang=\"NL\">Dat vandaag de dag de eenheid in de christenheid ver te zoeken is, is een understatement. Onbegrijpelijk eigenlijk, als we lezen dat die eenheid vastligt in Christus zelf, in de relatie die God heeft met Zijn zoon. De eenheid is er al; we hoeven \u2018m slechts te bewaren. <\/span><\/p>\n<p style=\"margin: 0cm 0cm 0.0001pt;\"><span style=\"font-size: 10pt; font-family: Arial;\" lang=\"NL\"> <\/span><\/p>\n<p style=\"margin: 0cm 0cm 0.0001pt;\"><span style=\"font-size: 10pt; font-family: Arial;\" lang=\"NL\">Waarom kost ons dat zoveel moeite? Kennen we onze eigen zwakheden en valkuilen wellicht onvoldoende? Omdat we eerder voor onze eigen visie gaan dan voor Gods visie op die eenheid? Maar hebben we zonder eenheid nog wel een boodschap voor niet-christenen? Komt de christelijke boodschap nog wel over, als de verkondigers elkaar afvallen? Wat moeten we doen?<\/span><\/p>\n<p class=\"MsoNormal\"><span lang=\"NL\"> <\/span><\/p>\n<p class=\"MsoNormal\"><span lang=\"NL\">We moeten samen luisteren naar het Woord van God. Want alleen \u201csamen met alle heiligen\u201d kunnen we de volle rijkdom van de liefde van God in Christus opdiepen uit de Bijbel. Wie met de Bijbel als z\u00ecjn boekje in een hoekje gaat zitten, verkrampt, verkromt en verkommert. Hij hoort op den duur niet meer de stem van God, maar enkel zijn eigen stem. Want God openbaart Zich allereerst aan Zijn volk en Christus aan Zijn gemeente, en via die gemeenschap aan elk van ons afzonderlijk. Paulus roept de gelovigen in Korinthe op eenstemmig te spreken ( 1 Kor. 1: 10):<\/span><\/p>\n<p class=\"MsoNormal\"><span lang=\"NL\"> <\/span><\/p>\n<p class=\"MsoBodyText2\"><span lang=\"NL\">Ik roep u op, broeders-en-zusters, in de naam van onze Heer, Jezus Christus, dat ge allen eenstemmig zult spreken en dat er in uw midden geen scheuringen zullen zijn, nee, dat ge welsaamgevoegd zult zijn in een-en-hetzelfde denken en een-en-hetzelfde kennen.<\/span><\/p>\n<p class=\"MsoNormal\"><span lang=\"NL\"> <\/span><\/p>\n<p class=\"MsoNormal\"><span lang=\"NL\">De enige belangrijke eenheid is eenheid met Christus. Christus is de weg naar de eenheid. Allen die met Christus \u00e9\u00e9n zijn, zijn ook met elkaar verenigd! Bij Christus moet de ware eenheid<\/span><span lang=\"NL\"> beginnen.<\/span><\/p>\n<p class=\"MsoNormal\"><span lang=\"NL\">En hoe zouden we anders aan die eenheid vorm en inhoud kunnen gaan geven, dan door Gods visie daarop te raadplegen? Door de Bijbel met een open blik en met zo min mogelijk vooroordelen te lezen? Door serieus te nemen wat God zelf zegt over de plaats van als gemeente samenkomen. Door ons te realiseren hoe de Heer zelf het Oude testament uitlegde en toepaste, en hoe later de apostelen dat deden. <\/span><\/p>\n<p class=\"MsoNormal\"><span lang=\"NL\"> <\/span><\/p>\n<p class=\"MsoNormal\"><span lang=\"NL\">Het gaat er niet om dat er \u2018ergens\u2019 aan onze menselijke verlangens en gevoelens wordt voldaan of zo. Het gaat om de vraag of God is waar wij als christenen samenkomen. Want alleen daar kunnen<span> <\/span>we \u2013 hoezeer ook onderling verschillend van aard, karakter, ervaring \u2013 werkelijk \u00e9\u00e9n zijn. <\/span><\/p>\n<p class=\"MsoNormal\"><span lang=\"NL\"> <\/span><\/p>\n<div style=\"border: 0.5pt solid windowtext; padding: 1pt 4pt;\">\n<p class=\"MsoNormal\" style=\"border: medium none; padding: 0cm; text-align: center;\" align=\"center\"><strong><span style=\"font-size: 12pt; color: #3366ff;\" lang=\"NL\">u inzettend om de eenheid van de Geest te houden in de band van de vrede:<\/span><\/strong><\/p>\n<p class=\"MsoNormal\" style=\"border: medium none; padding: 0cm; text-align: center;\" align=\"center\"><strong><span style=\"font-size: 12pt; color: #3366ff;\" lang=\"NL\">\u00e9\u00e9n Heer, \u00e9\u00e9n geloof, \u00e9\u00e9n doop,<\/span><\/strong><strong><\/strong><\/p>\n<\/p><\/div>\n<p class=\"MsoNormal\"><span lang=\"NL\"> <\/span><\/p>\n<p class=\"MsoNormal\"><span lang=\"NL\"> <\/span><\/p>\n<p>\u00a0<\/p>\n","protected":false},"excerpt":{"rendered":"<p>dat ze allen \u00e9\u00e9n mogen zijn Wij hebben nogal eens een gekleurde bril op. De bril van onze ervaringen. De bril van onze opvoeding. De bril van onze opleiding. En dat kleurt dus onze waarneming. Maar toch: als we door welke bril dan ook naar een stoel kijken, zien we een stoel. Als we in &hellip; <\/p>\n<p class=\"link-more\"><a href=\"https:\/\/www.vergaderingalkmaar.nl\/?page_id=35\" class=\"more-link\"><span class=\"screen-reader-text\">&#8220;Preek 22-11-2009&#8221;<\/span> verder lezen<\/a><\/p>\n","protected":false},"author":1,"featured_media":0,"parent":588,"menu_order":140,"comment_status":"closed","ping_status":"open","template":"","meta":[],"_links":{"self":[{"href":"https:\/\/www.vergaderingalkmaar.nl\/index.php?rest_route=\/wp\/v2\/pages\/35"}],"collection":[{"href":"https:\/\/www.vergaderingalkmaar.nl\/index.php?rest_route=\/wp\/v2\/pages"}],"about":[{"href":"https:\/\/www.vergaderingalkmaar.nl\/index.php?rest_route=\/wp\/v2\/types\/page"}],"author":[{"embeddable":true,"href":"https:\/\/www.vergaderingalkmaar.nl\/index.php?rest_route=\/wp\/v2\/users\/1"}],"replies":[{"embeddable":true,"href":"https:\/\/www.vergaderingalkmaar.nl\/index.php?rest_route=%2Fwp%2Fv2%2Fcomments&post=35"}],"version-history":[{"count":1,"href":"https:\/\/www.vergaderingalkmaar.nl\/index.php?rest_route=\/wp\/v2\/pages\/35\/revisions"}],"predecessor-version":[{"id":1575,"href":"https:\/\/www.vergaderingalkmaar.nl\/index.php?rest_route=\/wp\/v2\/pages\/35\/revisions\/1575"}],"up":[{"embeddable":true,"href":"https:\/\/www.vergaderingalkmaar.nl\/index.php?rest_route=\/wp\/v2\/pages\/588"}],"wp:attachment":[{"href":"https:\/\/www.vergaderingalkmaar.nl\/index.php?rest_route=%2Fwp%2Fv2%2Fmedia&parent=35"}],"curies":[{"name":"wp","href":"https:\/\/api.w.org\/{rel}","templated":true}]}}