{"id":286,"date":"2014-10-07T15:39:43","date_gmt":"2014-10-07T14:39:43","guid":{"rendered":"http:\/\/www.vergaderingalkmaar.nl\/?page_id=286"},"modified":"2014-10-07T15:39:43","modified_gmt":"2014-10-07T14:39:43","slug":"preek-zondag-21-september-2014-2","status":"publish","type":"page","link":"https:\/\/www.vergaderingalkmaar.nl\/?page_id=286","title":{"rendered":"Preek zondag 28 september 2014"},"content":{"rendered":"<p>0 false  21  18 pt 18 pt 0 0  false false false               \/* Style Definitions *\/ table.MsoNormalTable \t{mso-style-name:Standaardtabel; \tmso-tstyle-rowband-size:0; \tmso-tstyle-colband-size:0; \tmso-style-noshow:yes; \tmso-style-parent:&#8221;&#8221;; \tmso-padding-alt:0cm 5.4pt 0cm 5.4pt; \tmso-para-margin:0cm; \tmso-para-margin-bottom:.0001pt; \tmso-pagination:widow-orphan; \tfont-size:12.0pt; \tfont-family:&#8221;Times New Roman&#8221;; \tmso-ascii-font-family:Cambria; \tmso-ascii-theme-font:minor-latin; \tmso-fareast-font-family:&#8221;Times New Roman&#8221;; \tmso-fareast-theme-font:minor-fareast; \tmso-hansi-font-family:Cambria; \tmso-hansi-theme-font:minor-latin;}<\/p>\n<div style=\"mso-element: para-border-div; border: solid windowtext 1.0pt; mso-border-alt: solid windowtext .5pt; padding: 1.0pt 4.0pt 1.0pt 4.0pt;\">\n<p class=\"MsoNormal\" style=\"text-align: center; border: none; mso-border-alt: solid windowtext .5pt; padding: 0cm; mso-padding-alt: 1.0pt 4.0pt 1.0pt 4.0pt;\" align=\"center\"><span style=\"font-size: 14.0pt; mso-bidi-font-size: 16.0pt; mso-bidi-font-family: Verdana; color: blue;\" lang=\"NL\">De gestolen zegen<\/span><\/p>\n<\/p><\/div>\n<p class=\"MsoNormal\"><span lang=\"NL\"> <\/span><\/p>\n<p class=\"MsoNormal\"><span lang=\"NL\">God is met Jacob in de weer om hem te brengen tot het doel dat Hij bepaalde. Maar als er \u00e9\u00e9n hoofdstuk in de geschiedenis is waar we daarvan helemaal niets zien, is dat toch wel Genesis 27. Als je een geschiedenis zoekt van een gezin dat z\u2019n uiterste best doet om zichzelf compleet te gronde te richten ben je hier aan een goed adres. De puinhoop kon niet veel groter zijn.<\/span><\/p>\n<p class=\"MsoNormal\"><span lang=\"NL\"> <\/span><\/p>\n<p class=\"MsoNormal\"><span lang=\"NL\">En dat terwijl in hoofdstuk 26 \u2013 vanuit het Jacob-perspectief een tussenhoofdstuk \u2013 het aartsvader Isa\u00e4k voor de wind gaat. Ondanks een uitglijer als hij Isa\u00e4k Rebecca voor zijn zuster laat doorgaan (weinig geleerd van de escapades van zijn vader Abraham).<span style=\"mso-spacerun: yes;\"> <\/span>God zegent hem (: 4 en 34). En het gaat ook economisch goed: als Isa\u00e4k zaait oogst hij honderdvoud. De Filistijnse vorst Abimelech erkent dat Isa\u00e4k \u2018<em style=\"mso-bidi-font-style: normal;\">de gezegende de Heren<\/em>\u2019 is. Een prachtig getuigenis. <\/span><\/p>\n<p class=\"MsoNormal\"><span lang=\"NL\"> <\/span><\/p>\n<p class=\"MsoNormal\"><span lang=\"NL\">En dan komt hoofdstuk 27. Isa\u00e4k voelt zich oud; hij is blind en denkt niet lang meer te leven te hebben. (Daar vergiste hij zich overigens in: na deze geschiedenis leefde hij nog meer dan veertig jaar!). Jacob en Esau zijn volwassen mannen van meer dan zeventig jaar.<\/span><\/p>\n<p class=\"MsoNormal\"><span lang=\"NL\">Isa\u00e4k acht de tijd gekomen om zijn zegen te geven aan zijn oudste zoon. Overleggen doet hij dat niet. Niet met Rebecca. En niet met God. En ook geeft Esau\u2019s eigengereide gedrag hem kennelijk geen stof tot nadenken. Isa\u00e4k \u2013 dol op zijn oudste zoon \u2013 gaat volstrekt zijn eigen gang. Laat zijn geloof er buiten. Een menselijk trekje, herkenbaar ook voor christenen van vandaag. <\/span><\/p>\n<p class=\"MsoNormal\"><span lang=\"NL\">Isa\u00e4k draagt Esau op om op jacht te gaan en een stuk wild te schieten en klaar te maken. Daarna zal hij zijn zoon zegenen.<\/span><\/p>\n<p class=\"MsoNormal\"><span lang=\"NL\"> <\/span><\/p>\n<p class=\"MsoNormal\"><span lang=\"NL\">We kennen het vervolg. Rebecca \u2013 met haar talent om altijd op de goede plaats te zijn \u2013 heeft alles gehoord en ontwerpt een tegenplan. Jacob moet zich vermommen als Esau. Zijzelf zal een gerecht maken van twee geitenbokjes. En de verklede Jacob moet die zijn vader voorzetten. Om daarna de zegen te ontvangen.<\/span><\/p>\n<p class=\"MsoNormal\"><span lang=\"NL\"> <\/span><\/p>\n<p class=\"MsoNormal\"><span lang=\"NL\">De opzet slaagt volkomen. Jacob krijgt een grote zegen (: 27b \u2013 31). En maakt zich dan snel uit de voeten: Esau is terug van de jacht.<\/span><\/p>\n<p class=\"MsoNormal\"><span lang=\"NL\">Als hij zijn maaltijd binnenbrengt schrikt Isa\u00e4k zich lam! En hij dekt zich meteen in (; ##): de zegen is en blijft gegeven. Is onherroepelijk..<\/span><\/p>\n<p class=\"MsoNormal\"><span lang=\"NL\">De eerder zo onverschillige Esau barst in tranen uit. \u2018Zegen mij, ook mij, mijn vader!\u2019 <\/span><\/p>\n<p class=\"MsoNormal\"><span lang=\"NL\"> <\/span><\/p>\n<p class=\"MsoNormal\"><span lang=\"NL\">Onder grote druk van zijn oudste zoon komt Isa\u00e4k met een paar woorden. Met een klein lichtpuntje voor de verre toekomst. De zegen zal Esau eerder als een vloek (: 40a!) in de oren geklonken hebben. Hij is woest en zint erop Jacob te vermoorden. <\/span><\/p>\n<p class=\"MsoNormal\"><span lang=\"NL\">Weer grijpt Rebecca en. Stuurt Jacob naar haar broer Laban. Met Isa\u00e4k overlegt (genadige toenadering tussen die twee, toch weer) ze dat Jacob daar ook een vrouw kan zoeken. <\/span><\/p>\n<p class=\"MsoNormal\"><span lang=\"NL\"> <\/span><\/p>\n<p class=\"MsoNormal\"><span lang=\"NL\">Rebecca en Jacob hadden maar \u00e9\u00e9n doel voor ogen. De zegen. En dat doel heiligde alle middelen, waaronder leugen en bedrog. En ook Isa\u00e4k deed wat hem goed uit kwam.<\/span><\/p>\n<p class=\"MsoNormal\"><span lang=\"NL\"> <\/span><\/p>\n<p class=\"MsoNormal\"><span lang=\"NL\">Herken ik dat? Dat ik idee\u00ebn heb over hoe het moet in de gemeente. En misschien zijn dat nog wel goede idee\u00ebn ook. Maar vervolgens volg ik een weg die van geen kanten deugt. Gebruik ik macht en intrige om zaken te \u2018regelen.\u2019 Geef ik anderen geen ruimte en snijd ze de pas af. Het doel heiligt nu eenmaal nooit de middelen. <span style=\"mso-spacerun: yes;\"> <\/span>Ik kan God niet voor mijn karretje spannen. <\/span><\/p>\n<p class=\"MsoNormal\"><span lang=\"NL\">Hoe volg ik God? Hoe dien ik Hem?<\/span><\/p>\n<p class=\"MsoNormal\"><span lang=\"NL\"> <\/span><\/p>\n<p class=\"MsoNormal\"><span lang=\"NL\">In het gezin van Isa\u00e4k en Rebecca zijn er louter verliezers. Maar God? Heeft Hij nu ook verloren? Is zijn belofte in de soep gelopen? Ook al maken wij mensen er nog zo\u2019n grote beerput van, God verliest nooit.<\/span><\/p>\n<p class=\"MsoNormal\"><span lang=\"NL\"> <\/span><\/p>\n<p class=\"MsoNormal\"><span lang=\"NL\">Isa\u00e4k zegent Jacob, voordat die afreist (28: 4). Met de Goddelijke zegen van en aan Abraham. Daarin wordt Gods keuze zichtbaar. God werkt door aan zijn belofte. God gaat een weg van redding. Ook als wij er een puinhoop van maken. Al is het beter om er niet zo\u2019n puinhoop van te maken natuurlijk.<\/span><\/p>\n<p class=\"MsoNormal\"><span lang=\"NL\"> <\/span><\/p>\n<p class=\"MsoNormal\"><span lang=\"NL\">Jacob vertrekt. Op een dieptepunt in zijn leven. Moet nog veel leren. Maar God stuurt hem in Zijn richting. Maar wel via tientallen jaren in ballingschap. <\/span><\/p>\n<p class=\"MsoNormal\"><span lang=\"NL\"> <\/span><\/p>\n<div style=\"mso-element: para-border-div; border: solid windowtext 1.0pt; mso-border-alt: solid windowtext .5pt; padding: 1.0pt 4.0pt 1.0pt 4.0pt;\">\n<p class=\"MsoNormal\" style=\"text-align: center; border: none; mso-border-alt: solid windowtext .5pt; padding: 0cm; mso-padding-alt: 1.0pt 4.0pt 1.0pt 4.0pt;\" align=\"center\"><span style=\"font-size: 14.0pt; mso-bidi-font-size: 16.0pt; mso-bidi-font-family: Verdana; color: blue;\" lang=\"NL\">maakt Jacob tot gedwongen vreemdeling.<\/span><\/p>\n<\/p><\/div>\n<p class=\"MsoNormal\"><span lang=\"NL\"> <\/span><\/p>\n<p>\u00a0<\/p>\n","protected":false},"excerpt":{"rendered":"<p>0 false 21 18 pt 18 pt 0 0 false false false \/* Style Definitions *\/ table.MsoNormalTable {mso-style-name:Standaardtabel; mso-tstyle-rowband-size:0; mso-tstyle-colband-size:0; mso-style-noshow:yes; mso-style-parent:&#8221;&#8221;; mso-padding-alt:0cm 5.4pt 0cm 5.4pt; mso-para-margin:0cm; mso-para-margin-bottom:.0001pt; mso-pagination:widow-orphan; font-size:12.0pt; font-family:&#8221;Times New Roman&#8221;; mso-ascii-font-family:Cambria; mso-ascii-theme-font:minor-latin; mso-fareast-font-family:&#8221;Times New Roman&#8221;; mso-fareast-theme-font:minor-fareast; mso-hansi-font-family:Cambria; mso-hansi-theme-font:minor-latin;} De gestolen zegen God is met Jacob in de weer om hem te brengen &hellip; <\/p>\n<p class=\"link-more\"><a href=\"https:\/\/www.vergaderingalkmaar.nl\/?page_id=286\" class=\"more-link\"><span class=\"screen-reader-text\">&#8220;Preek zondag 28 september 2014&#8221;<\/span> verder lezen<\/a><\/p>\n","protected":false},"author":1,"featured_media":0,"parent":588,"menu_order":5,"comment_status":"open","ping_status":"open","template":"","meta":[],"_links":{"self":[{"href":"https:\/\/www.vergaderingalkmaar.nl\/index.php?rest_route=\/wp\/v2\/pages\/286"}],"collection":[{"href":"https:\/\/www.vergaderingalkmaar.nl\/index.php?rest_route=\/wp\/v2\/pages"}],"about":[{"href":"https:\/\/www.vergaderingalkmaar.nl\/index.php?rest_route=\/wp\/v2\/types\/page"}],"author":[{"embeddable":true,"href":"https:\/\/www.vergaderingalkmaar.nl\/index.php?rest_route=\/wp\/v2\/users\/1"}],"replies":[{"embeddable":true,"href":"https:\/\/www.vergaderingalkmaar.nl\/index.php?rest_route=%2Fwp%2Fv2%2Fcomments&post=286"}],"version-history":[{"count":0,"href":"https:\/\/www.vergaderingalkmaar.nl\/index.php?rest_route=\/wp\/v2\/pages\/286\/revisions"}],"up":[{"embeddable":true,"href":"https:\/\/www.vergaderingalkmaar.nl\/index.php?rest_route=\/wp\/v2\/pages\/588"}],"wp:attachment":[{"href":"https:\/\/www.vergaderingalkmaar.nl\/index.php?rest_route=%2Fwp%2Fv2%2Fmedia&parent=286"}],"curies":[{"name":"wp","href":"https:\/\/api.w.org\/{rel}","templated":true}]}}