{"id":281,"date":"2014-08-17T16:21:29","date_gmt":"2014-08-17T15:21:29","guid":{"rendered":"http:\/\/www.vergaderingalkmaar.nl\/?page_id=281"},"modified":"2014-08-17T16:21:29","modified_gmt":"2014-08-17T15:21:29","slug":"preek-zondag-17-augustus-2014","status":"publish","type":"page","link":"https:\/\/www.vergaderingalkmaar.nl\/?page_id=281","title":{"rendered":"Preek zondag 17 augustus 2014"},"content":{"rendered":"<p>      0 false  21  18 pt 18 pt 0 0  false false false               \/* Style Definitions *\/ table.MsoNormalTable \t{mso-style-name:Standaardtabel; \tmso-tstyle-rowband-size:0; \tmso-tstyle-colband-size:0; \tmso-style-noshow:yes; \tmso-style-parent:&#8221;&#8221;; \tmso-padding-alt:0cm 5.4pt 0cm 5.4pt; \tmso-para-margin:0cm; \tmso-para-margin-bottom:.0001pt; \tmso-pagination:widow-orphan; \tfont-size:12.0pt; \tfont-family:&#8221;Times New Roman&#8221;; \tmso-ascii-font-family:Cambria; \tmso-ascii-theme-font:minor-latin; \tmso-fareast-font-family:&#8221;Times New Roman&#8221;; \tmso-fareast-theme-font:minor-fareast; \tmso-hansi-font-family:Cambria; \tmso-hansi-theme-font:minor-latin;}    <\/p>\n<div style=\"mso-element: para-border-div; border: solid windowtext 1.0pt; mso-border-alt: solid windowtext .5pt; padding: 1.0pt 4.0pt 1.0pt 4.0pt;\">\n<p class=\"MsoNormal\" style=\"text-align: center; mso-pagination: none; mso-layout-grid-align: none; text-autospace: none; border: none; mso-border-alt: solid windowtext .5pt; padding: 0cm; mso-padding-alt: 1.0pt 4.0pt 1.0pt 4.0pt;\" align=\"center\"><strong style=\"mso-bidi-font-weight: normal;\"><span style=\"mso-bidi-font-size: 16.0pt; mso-bidi-font-family: Verdana; color: blue; mso-ansi-language: DE;\" lang=\"DE\">Wer Gott vertraut, hat wohl gebaut, im Himmel und auf Erden;<\/span><\/strong><\/p>\n<p class=\"MsoNormal\" style=\"text-align: center; mso-pagination: none; mso-layout-grid-align: none; text-autospace: none; border: none; mso-border-alt: solid windowtext .5pt; padding: 0cm; mso-padding-alt: 1.0pt 4.0pt 1.0pt 4.0pt;\" align=\"center\"><strong style=\"mso-bidi-font-weight: normal;\"><span style=\"mso-bidi-font-size: 16.0pt; mso-bidi-font-family: Verdana; color: blue; mso-ansi-language: DE;\" lang=\"DE\">Wer sich verl\u00e4\u00dft auf Jesum Christ, dem mu\u00df der Himmel werden.<\/span><\/strong><\/p>\n<\/p><\/div>\n<p class=\"MsoNormal\" style=\"mso-pagination: none; mso-layout-grid-align: none; text-autospace: none;\"><span style=\"mso-bidi-font-size: 16.0pt; mso-bidi-font-family: Verdana;\" lang=\"NL\"> <\/span><\/p>\n<p class=\"MsoNormal\" style=\"mso-pagination: none; mso-layout-grid-align: none; text-autospace: none;\"><span style=\"mso-bidi-font-size: 16.0pt; mso-bidi-font-family: Verdana;\" lang=\"NL\">De worsteling met verdriet en lijden is van alle tijden. De twijfel aan de zin van het kwaad en van de tegenslag in het persoonlijk leven bekruipt ons allen wel eens. De tekst in Romeinen 8: 28 staat er wonderlijk <\/span><span style=\"mso-bidi-font-size: 21.0pt; mso-bidi-font-family: Times; color: red;\" lang=\"NL\">Wij weten dat voor wie God liefhebben \u2028hij alles doet mede-werken ten goede,- \u2028voor wie naar zijn voornemen geroepen zijn;<\/span><\/p>\n<p class=\"MsoNormal\" style=\"mso-pagination: none; mso-layout-grid-align: none; text-autospace: none;\"><span style=\"mso-bidi-font-size: 21.0pt; mso-bidi-font-family: Times; color: red;\" lang=\"NL\"> <\/span><\/p>\n<p class=\"MsoNormal\" style=\"mso-pagination: none; mso-layout-grid-align: none; text-autospace: none;\"><span style=\"mso-bidi-font-size: 21.0pt; mso-bidi-font-family: Times;\" lang=\"NL\">Alles doet God meewerken. Goed en kwaad. Vreugde en verdriet. Voorspoed en tegenslag. In het leven van Jozef zien we daarvan een prachtige illustratie. Gen 50 : 18 &#8211; 21: <\/span><\/p>\n<p class=\"MsoNormal\" style=\"mso-pagination: none; mso-layout-grid-align: none; text-autospace: none;\"><span style=\"mso-bidi-font-size: 21.0pt; mso-bidi-font-family: Times;\" lang=\"NL\"> <\/span><\/p>\n<p class=\"MsoNormal\" style=\"mso-pagination: none; tab-stops: 492.0pt 984.0pt 1476.0pt; mso-layout-grid-align: none; text-autospace: none;\"><span style=\"mso-bidi-font-size: 21.0pt; mso-bidi-font-family: Times; color: red;\" lang=\"NL\">Dan gaan ook zijn broeders zelf tot hem \u2028en vallen voor zijn aanschijn neer; \u2028ze zeggen: \u2028hier heb je ons als je dienstknechten! Maar Jozef zegt tot hen: vreest niet!- \u2028want sta \u00edk op de plek van God?-<span style=\"mso-tab-count: 1;\"> <\/span><\/span><\/p>\n<p class=\"MsoNormal\" style=\"mso-pagination: none; tab-stops: 492.0pt 984.0pt 1476.0pt; mso-layout-grid-align: none; text-autospace: none;\"><span style=\"mso-bidi-font-size: 21.0pt; mso-bidi-font-family: Times; color: red;\" lang=\"NL\">en jullie, \u2028je hebt tegen mij kwaad bedacht;- \u2028G\u00f3d heeft dat ten goede gedacht, \u2028met het doel om te doen als op deze dag: \u2028een groot gezelschap in leven te houden,- welnu, vreest niet, \u2028ik zal jullie en je kroost onderhouden! \u2028Zo troost hij hen \u2028en spreekt hij tot hun hart.<\/span><span style=\"mso-bidi-font-size: 21.0pt; mso-bidi-font-family: Times; color: #262626;\" lang=\"NL\"><span style=\"mso-tab-count: 1;\"> <\/span><\/span><\/p>\n<p class=\"MsoNormal\" style=\"mso-pagination: none; mso-layout-grid-align: none; text-autospace: none;\"><span style=\"mso-bidi-font-size: 21.0pt; mso-bidi-font-family: Times;\" lang=\"NL\"> <\/span><\/p>\n<p class=\"MsoNormal\" style=\"mso-pagination: none; mso-layout-grid-align: none; text-autospace: none;\"><span style=\"mso-bidi-font-size: 16.0pt; mso-bidi-font-family: Verdana;\" lang=\"NL\">De broers van Jozef zijn er allerminst gerust op dat Jozef hen zal sparen na het overlijden van hun vader. Ze zijn bang dat Jozef zich zal willen wreken voor alle onrecht die ze hem hebben aangedaan. En ze beden zich als slaven aan hem aan, in de hoop zo het vege lijf te redden. <\/span><\/p>\n<p class=\"MsoNormal\" style=\"mso-pagination: none; mso-layout-grid-align: none; text-autospace: none;\"><span style=\"mso-bidi-font-size: 16.0pt; mso-bidi-font-family: Verdana;\" lang=\"NL\">Maar Jozef \u2013 die een prachtig beeld is van de Heer Jezus zelf \u2013 stelt hen gerust. <em style=\"mso-bidi-font-style: normal;\">Jullie bedoelingen deugden voor geen meter<\/em> deelt hij hun mee, <em style=\"mso-bidi-font-style: normal;\">maar God leidde alles naar zijn bedoelingen en naar zijn beloften aan Abraham, Isa\u00e4k en onze vader Jakob gedaan<\/em>. En zo werkte alles mee ten goede. Niet omdat wij een en ander zo fraai op z\u2019n plaats zetten en organiseren. Maat omdat God alles op z\u2019n plaats zet en nooit iets doet zonder zijn doel met ons leven uit het oog te verliezen. <\/span><\/p>\n<p class=\"MsoNormal\" style=\"mso-pagination: none; mso-layout-grid-align: none; text-autospace: none;\">\u00a0<\/p>\n<p class=\"MsoNormal\" style=\"mso-pagination: none; mso-layout-grid-align: none; text-autospace: none;\"><span style=\"mso-bidi-font-size: 16.0pt; mso-bidi-font-family: Verdana;\" lang=\"NL\">Ook in de psalmen komen we prachtige lessen voor het leven tegen. In de psalmen is het vaak niet God die tot de mens spreekt, maar de mens die God aanroept. En dat nogal eens omdat die mens in de penarie zit. En dat God wil vertellen. En soms het hem wil toeschreeuwen bijna.<span style=\"mso-spacerun: yes;\"> <\/span><\/span><\/p>\n<p class=\"MsoNormal\" style=\"mso-pagination: none; mso-layout-grid-align: none; text-autospace: none;\"><span style=\"mso-bidi-font-size: 16.0pt; mso-bidi-font-family: Verdana;\" lang=\"NL\">Psalm 86 is een gebed van David:<\/span><\/p>\n<p class=\"MsoNormal\" style=\"mso-pagination: none; mso-layout-grid-align: none; text-autospace: none;\"><span style=\"mso-bidi-font-size: 16.0pt; mso-bidi-font-family: Verdana; color: red;\" lang=\"NL\"> <\/span><\/p>\n<p class=\"MsoNormal\" style=\"mso-pagination: none; mso-layout-grid-align: none; text-autospace: none;\"><strong><span style=\"mso-bidi-font-size: 17.0pt; mso-bidi-font-family: Times; color: red;\" lang=\"NL\">1 <\/span><\/strong><span style=\"mso-bidi-font-size: 21.0pt; mso-bidi-font-family: Times; color: red;\" lang=\"NL\">Neig, Ene, uw oor en \u00e1ntwoord mij, want ik ben ellendig en \u00e1rm<span style=\"mso-tab-count: 1;\"> <\/span><\/span><span style=\"mso-bidi-font-size: 17.0pt; mso-bidi-font-family: Times; color: red;\" lang=\"NL\"><\/span><\/p>\n<p class=\"MsoNormal\" style=\"mso-pagination: none; tab-stops: 492.0pt 984.0pt 1476.0pt; mso-layout-grid-align: none; text-autospace: none;\"><strong><span style=\"mso-bidi-font-size: 17.0pt; mso-bidi-font-family: Times; color: red;\" lang=\"NL\">2 <\/span><\/strong><span style=\"mso-bidi-font-size: 21.0pt; mso-bidi-font-family: Times; color: red;\" lang=\"NL\">Waak over mijn ziel, ik ben toch een vriend!- red uw dienaar, gij mijn G\u00f3d, die op u zich verl\u00e1at! <span style=\"mso-tab-count: 1;\"> <\/span><\/span><\/p>\n<p class=\"MsoNormal\" style=\"mso-pagination: none; tab-stops: 492.0pt 984.0pt 1476.0pt; mso-layout-grid-align: none; text-autospace: none;\"><strong><span style=\"mso-bidi-font-size: 17.0pt; mso-bidi-font-family: Times; color: red;\" lang=\"NL\">3 <\/span><\/strong><span style=\"mso-bidi-font-size: 21.0pt; mso-bidi-font-family: Times; color: red;\" lang=\"NL\">Mijn Heer, wees mij gen\u00e1dig, want tot u roep ik \u2028heel de d\u00e1g! <span style=\"mso-tab-count: 1;\"> <\/span><\/span><\/p>\n<p class=\"MsoNormal\" style=\"mso-pagination: none; tab-stops: 492.0pt 984.0pt 1476.0pt; mso-layout-grid-align: none; text-autospace: none;\"><strong><span style=\"mso-bidi-font-size: 17.0pt; mso-bidi-font-family: Times; color: red;\" lang=\"NL\">4 <\/span><\/strong><span style=\"mso-bidi-font-size: 21.0pt; mso-bidi-font-family: Times; color: red;\" lang=\"NL\">Verheug de ziel van uw d\u00edenaar, want tot u, Heer, \u2028hef ik op mijn z\u00edel! <span style=\"mso-tab-count: 1;\"> <\/span><\/span><\/p>\n<p class=\"MsoNormal\" style=\"mso-pagination: none; tab-stops: 492.0pt 984.0pt 1476.0pt; mso-layout-grid-align: none; text-autospace: none;\"><strong><span style=\"mso-bidi-font-size: 17.0pt; mso-bidi-font-family: Times; color: red;\" lang=\"NL\">5 <\/span><\/strong><span style=\"mso-bidi-font-size: 21.0pt; mso-bidi-font-family: Times; color: red;\" lang=\"NL\">Want gij, mijn Heer, zijt goed en verg\u00e9vend, groot in vriendschap \u2028voor allen die tot u r\u00f3epen. <span style=\"mso-tab-count: 1;\"> <\/span><\/span><\/p>\n<p class=\"MsoNormal\" style=\"mso-pagination: none; tab-stops: 492.0pt 984.0pt 1476.0pt; mso-layout-grid-align: none; text-autospace: none;\"><strong><span style=\"mso-bidi-font-size: 17.0pt; mso-bidi-font-family: Times; color: red;\" lang=\"NL\">6 <\/span><\/strong><span style=\"mso-bidi-font-size: 21.0pt; mso-bidi-font-family: Times; color: red;\" lang=\"NL\">Leen het oor, Ene, aan mijn geb\u00e9d, sla acht op mijn stem, mijn smeken om gen\u00e1de! <span style=\"mso-tab-count: 1;\"> <\/span><\/span><\/p>\n<p class=\"MsoNormal\" style=\"mso-pagination: none; tab-stops: 492.0pt 984.0pt 1476.0pt; mso-layout-grid-align: none; text-autospace: none;\"><strong><span style=\"mso-bidi-font-size: 17.0pt; mso-bidi-font-family: Times; color: red;\" lang=\"NL\">7 <\/span><\/strong><span style=\"mso-bidi-font-size: 21.0pt; mso-bidi-font-family: Times; color: red;\" lang=\"NL\">Op de dag van mijn benauwing roep ik tot \u00fa, want gij zult mij wel \u00e1ntwoorden! <span style=\"mso-tab-count: 1;\"> <\/span><\/span><\/p>\n<p class=\"MsoNormal\" style=\"mso-pagination: none; tab-stops: 492.0pt 984.0pt 1476.0pt; mso-layout-grid-align: none; text-autospace: none;\"><strong><span style=\"mso-bidi-font-size: 17.0pt; mso-bidi-font-family: Times; color: red;\" lang=\"NL\">8 <\/span><\/strong><span style=\"mso-bidi-font-size: 21.0pt; mso-bidi-font-family: Times; color: red;\" lang=\"NL\">Geen bij de goden, mijn Heer, is als g\u00edj, geen met daden als de \u00fawe! <span style=\"mso-tab-count: 1;\"> <\/span><\/span><\/p>\n<p class=\"MsoNormal\" style=\"mso-pagination: none; tab-stops: 492.0pt 984.0pt 1476.0pt; mso-layout-grid-align: none; text-autospace: none;\"><strong><span style=\"mso-bidi-font-size: 17.0pt; mso-bidi-font-family: Times; color: red;\" lang=\"NL\">9 <\/span><\/strong><span style=\"mso-bidi-font-size: 21.0pt; mso-bidi-font-family: Times; color: red;\" lang=\"NL\">Alle volkeren -uw daad!- \u2028zullen komen, \u2028buigen voor uw aanschijn, H\u00e9er, en glorie geven aan uw n\u00e1am! <span style=\"mso-tab-count: 1;\"> <\/span><\/span><\/p>\n<p class=\"MsoNormal\" style=\"mso-pagination: none; tab-stops: 492.0pt 984.0pt 1476.0pt; mso-layout-grid-align: none; text-autospace: none;\"><strong><span style=\"mso-bidi-font-size: 17.0pt; mso-bidi-font-family: Times; color: red;\" lang=\"NL\">10 <\/span><\/strong><span style=\"mso-bidi-font-size: 21.0pt; mso-bidi-font-family: Times; color: red;\" lang=\"NL\">Want groot zijt gij, gij doet w\u00f3nderen, gij, God, gij all\u00e9en!<\/span><span style=\"mso-bidi-font-size: 21.0pt; mso-bidi-font-family: Times; color: #262626;\" lang=\"NL\"> <span style=\"mso-tab-count: 1;\"> <\/span><\/span><\/p>\n<p class=\"MsoNormal\" style=\"mso-pagination: none; mso-layout-grid-align: none; text-autospace: none;\"><span style=\"mso-bidi-font-size: 16.0pt; mso-bidi-font-family: Verdana;\" lang=\"NL\"> <\/span><\/p>\n<p class=\"MsoNormal\" style=\"mso-pagination: none; mso-layout-grid-align: none; text-autospace: none;\"><span style=\"mso-bidi-font-size: 16.0pt; mso-bidi-font-family: Verdana;\" lang=\"NL\">David voelt zich ellendig en arm. Als het leven uit ups and downs bestaat, is dit duidelijk een down. Maar hij pleit op zijn vertrouwen (:2). En hij schreeuwt bijna om een gunst die hij niet verdient (:3). <\/span><\/p>\n<p class=\"MsoNormal\" style=\"mso-pagination: none; mso-layout-grid-align: none; text-autospace: none;\"><span style=\"mso-bidi-font-size: 16.0pt; mso-bidi-font-family: Verdana;\" lang=\"NL\">In vers 6 vraagt David opnieuw aan God om gehoor. Dat is bijna een paradox: je weet dat God je hoorde, eigenlijk al voor je hem vroeg. Met de woorden van ds. A.F. Troost: <\/span><\/p>\n<p class=\"MsoNormal\" style=\"text-align: center; mso-pagination: none; mso-layout-grid-align: none; text-autospace: none;\" align=\"center\"><span style=\"mso-bidi-font-size: 15.0pt; mso-bidi-font-family: Georgia; color: blue;\" lang=\"NL\"> <\/span><\/p>\n<p class=\"MsoNormal\" style=\"text-align: center; mso-pagination: none; mso-layout-grid-align: none; text-autospace: none;\" align=\"center\"><span style=\"mso-bidi-font-size: 15.0pt; mso-bidi-font-family: Georgia; color: blue;\" lang=\"NL\">Wanneer ik zoek te zeggen al wat er in mij leeft,<\/span><\/p>\n<p class=\"MsoNormal\" style=\"text-align: center; mso-pagination: none; mso-layout-grid-align: none; text-autospace: none;\" align=\"center\"><span style=\"mso-bidi-font-size: 15.0pt; mso-bidi-font-family: Georgia; color: blue;\" lang=\"NL\">maar zich niet uit laat leggen en zich niet open geeft,<\/span><\/p>\n<p class=\"MsoNormal\" style=\"text-align: center; mso-pagination: none; mso-layout-grid-align: none; text-autospace: none;\" align=\"center\"><span style=\"mso-bidi-font-size: 15.0pt; mso-bidi-font-family: Georgia; color: blue;\" lang=\"NL\">dan ben ik al gevonden voordat ik U niet vind;<\/span><\/p>\n<p class=\"MsoNormal\" style=\"text-align: center; mso-pagination: none; mso-layout-grid-align: none; text-autospace: none;\" align=\"center\"><span style=\"mso-bidi-font-size: 15.0pt; mso-bidi-font-family: Georgia; color: blue;\" lang=\"NL\">dan bidt met duizend monden de Geest, vol vuur en wind.<\/span><\/p>\n<p class=\"MsoNormal\" style=\"mso-pagination: none; mso-layout-grid-align: none; text-autospace: none;\"><span style=\"mso-bidi-font-size: 15.0pt; mso-bidi-font-family: Georgia; color: blue;\" lang=\"NL\"> <\/span><\/p>\n<p class=\"MsoNormal\" style=\"mso-pagination: none; mso-layout-grid-align: none; text-autospace: none;\"><span style=\"mso-bidi-font-size: 16.0pt; mso-bidi-font-family: Verdana;\" lang=\"NL\">De kern van de psalm \u2013 en de pleitgrond van Davids smeken \u2013 ligt in vers 10: het gaat om <strong style=\"mso-bidi-font-weight: normal;\"><em style=\"mso-bidi-font-style: normal;\">God, and God alone<\/em><\/strong>.<span style=\"mso-spacerun: yes;\"> <\/span>Met psalm 73: 25: <\/span><span style=\"mso-bidi-font-size: 21.0pt; mso-bidi-font-family: Times; color: red;\" lang=\"NL\">Wie heb ik anders in de h\u00e9mel?-<span style=\"mso-spacerun: yes;\"> <\/span> ik ben bij u,- \u2028verlang niets op de \u00e1arde! <\/span><span style=\"mso-bidi-font-size: 21.0pt; mso-bidi-font-family: Times;\" lang=\"NL\">Als je dat voor ogen houdt zul je ervaren dat alles meewerkt ten goede voor wie naar zijn voornemen geroepen zijn. <\/span><span style=\"mso-bidi-font-size: 16.0pt; mso-bidi-font-family: Verdana;\" lang=\"NL\"><\/span><\/p>\n<p class=\"MsoNormal\" style=\"mso-pagination: none; mso-layout-grid-align: none; text-autospace: none;\"><span style=\"mso-bidi-font-size: 16.0pt; mso-bidi-font-family: Verdana;\" lang=\"NL\"> <\/span><\/p>\n<div style=\"mso-element: para-border-div; border: solid windowtext 1.0pt; mso-border-alt: solid windowtext .5pt; padding: 1.0pt 4.0pt 1.0pt 4.0pt;\">\n<p class=\"MsoNormal\" style=\"text-align: center; mso-pagination: none; mso-layout-grid-align: none; text-autospace: none; border: none; mso-border-alt: solid windowtext .5pt; padding: 0cm; mso-padding-alt: 1.0pt 4.0pt 1.0pt 4.0pt;\" align=\"center\"><strong style=\"mso-bidi-font-weight: normal;\"><span style=\"mso-bidi-font-size: 16.0pt; mso-bidi-font-family: Verdana; color: blue; mso-ansi-language: DE;\" lang=\"DE\">Darum auf dich all Hoffnung ich gar fest und steif tu setzen.<\/span><\/strong><\/p>\n<p class=\"MsoNormal\" style=\"text-align: center; mso-pagination: none; mso-layout-grid-align: none; text-autospace: none; border: none; mso-border-alt: solid windowtext .5pt; padding: 0cm; mso-padding-alt: 1.0pt 4.0pt 1.0pt 4.0pt;\" align=\"center\"><strong style=\"mso-bidi-font-weight: normal;\"><span style=\"mso-bidi-font-size: 16.0pt; mso-bidi-font-family: Verdana; color: blue; mso-ansi-language: DE;\" lang=\"DE\">Herr Jesu Christ, mein Trost du bist, in Todesnot und Schmerzen.<\/span><\/strong><strong style=\"mso-bidi-font-weight: normal;\"><span style=\"color: blue; mso-ansi-language: DE;\" lang=\"DE\"><\/span><\/strong><\/p>\n<\/p><\/div><\/p>\n","protected":false},"excerpt":{"rendered":"<p>0 false 21 18 pt 18 pt 0 0 false false false \/* Style Definitions *\/ table.MsoNormalTable {mso-style-name:Standaardtabel; mso-tstyle-rowband-size:0; mso-tstyle-colband-size:0; mso-style-noshow:yes; mso-style-parent:&#8221;&#8221;; mso-padding-alt:0cm 5.4pt 0cm 5.4pt; mso-para-margin:0cm; mso-para-margin-bottom:.0001pt; mso-pagination:widow-orphan; font-size:12.0pt; font-family:&#8221;Times New Roman&#8221;; mso-ascii-font-family:Cambria; mso-ascii-theme-font:minor-latin; mso-fareast-font-family:&#8221;Times New Roman&#8221;; mso-fareast-theme-font:minor-fareast; mso-hansi-font-family:Cambria; mso-hansi-theme-font:minor-latin;} Wer Gott vertraut, hat wohl gebaut, im Himmel und auf Erden; Wer sich verl\u00e4\u00dft &hellip; <\/p>\n<p class=\"link-more\"><a href=\"https:\/\/www.vergaderingalkmaar.nl\/?page_id=281\" class=\"more-link\"><span class=\"screen-reader-text\">&#8220;Preek zondag 17 augustus 2014&#8221;<\/span> verder lezen<\/a><\/p>\n","protected":false},"author":1,"featured_media":0,"parent":588,"menu_order":10,"comment_status":"open","ping_status":"open","template":"","meta":[],"_links":{"self":[{"href":"https:\/\/www.vergaderingalkmaar.nl\/index.php?rest_route=\/wp\/v2\/pages\/281"}],"collection":[{"href":"https:\/\/www.vergaderingalkmaar.nl\/index.php?rest_route=\/wp\/v2\/pages"}],"about":[{"href":"https:\/\/www.vergaderingalkmaar.nl\/index.php?rest_route=\/wp\/v2\/types\/page"}],"author":[{"embeddable":true,"href":"https:\/\/www.vergaderingalkmaar.nl\/index.php?rest_route=\/wp\/v2\/users\/1"}],"replies":[{"embeddable":true,"href":"https:\/\/www.vergaderingalkmaar.nl\/index.php?rest_route=%2Fwp%2Fv2%2Fcomments&post=281"}],"version-history":[{"count":0,"href":"https:\/\/www.vergaderingalkmaar.nl\/index.php?rest_route=\/wp\/v2\/pages\/281\/revisions"}],"up":[{"embeddable":true,"href":"https:\/\/www.vergaderingalkmaar.nl\/index.php?rest_route=\/wp\/v2\/pages\/588"}],"wp:attachment":[{"href":"https:\/\/www.vergaderingalkmaar.nl\/index.php?rest_route=%2Fwp%2Fv2%2Fmedia&parent=281"}],"curies":[{"name":"wp","href":"https:\/\/api.w.org\/{rel}","templated":true}]}}