{"id":279,"date":"2014-08-02T14:16:17","date_gmt":"2014-08-02T13:16:17","guid":{"rendered":"http:\/\/www.vergaderingalkmaar.nl\/?page_id=279"},"modified":"2014-08-02T14:16:17","modified_gmt":"2014-08-02T13:16:17","slug":"preek-zondag-27-juli-2014","status":"publish","type":"page","link":"https:\/\/www.vergaderingalkmaar.nl\/?page_id=279","title":{"rendered":"Preek zondag 27 juli 2014"},"content":{"rendered":"<p>      0 false  21  18 pt 18 pt 0 0  false false false               \/* Style Definitions *\/ table.MsoNormalTable \t{mso-style-name:Standaardtabel; \tmso-tstyle-rowband-size:0; \tmso-tstyle-colband-size:0; \tmso-style-noshow:yes; \tmso-style-parent:&#8221;&#8221;; \tmso-padding-alt:0cm 5.4pt 0cm 5.4pt; \tmso-para-margin:0cm; \tmso-para-margin-bottom:.0001pt; \tmso-pagination:widow-orphan; \tfont-size:12.0pt; \tfont-family:&#8221;Times New Roman&#8221;; \tmso-ascii-font-family:Cambria; \tmso-ascii-theme-font:minor-latin; \tmso-fareast-font-family:&#8221;Times New Roman&#8221;; \tmso-fareast-theme-font:minor-fareast; \tmso-hansi-font-family:Cambria; \tmso-hansi-theme-font:minor-latin;}    <\/p>\n<div style=\"mso-element: para-border-div; border: solid windowtext 1.0pt; mso-border-alt: solid windowtext .5pt; padding: 1.0pt 4.0pt 1.0pt 4.0pt;\">\n<p class=\"MsoNormal\" style=\"text-align: center; mso-pagination: none; mso-layout-grid-align: none; text-autospace: none; border: none; mso-border-alt: solid windowtext .5pt; padding: 0cm; mso-padding-alt: 1.0pt 4.0pt 1.0pt 4.0pt;\" align=\"center\"><strong style=\"mso-bidi-font-weight: normal;\"><em style=\"mso-bidi-font-style: normal;\"><span style=\"font-size: 14.0pt; mso-bidi-font-size: 13.0pt; mso-bidi-font-family: \" New\";=\"New\";\" lang=\"NL\">Daal neer op de wolken de hemelen uit,<\/span><\/em><\/strong><\/p>\n<\/p><\/div>\n<p class=\"MsoNormal\" style=\"margin-right: 182.7pt; mso-pagination: none; tab-stops: 28.0pt 56.0pt 84.0pt 112.0pt 140.0pt 168.0pt 196.0pt 224.0pt 252.0pt 280.0pt 308.0pt 336.0pt; mso-layout-grid-align: none; text-autospace: none;\"><em><span style=\"font-size: 14.0pt; mso-bidi-font-size: 9.5pt; mso-bidi-font-family: Helvetica; color: blue;\" lang=\"NL\"> <\/span><\/em><\/p>\n<p class=\"MsoNormal\" style=\"margin-right: -.45pt; mso-pagination: none; tab-stops: 28.0pt 56.0pt 84.0pt 112.0pt 140.0pt 168.0pt 196.0pt 224.0pt 10.0cm 308.0pt 336.0pt 453.15pt; mso-layout-grid-align: none; text-autospace: none;\"><span style=\"mso-bidi-font-size: 9.5pt; mso-bidi-font-family: Helvetica; mso-bidi-font-style: italic;\" lang=\"NL\">Een van de mooiste beelden in de Bijbel is dat van de bruid. Een week of wat geleden hoorden we over de huwelijkstraditie in het (oude?) Jodendom. Een centraal punt daarin was het bruidskleed, dat de bruid \u2013 na haar instemming met het huwelijk \u2013 ging weven, terwijl de bruidegom in sp\u00e9 het huis ging bouwen. <\/span><\/p>\n<p class=\"MsoNormal\" style=\"margin-right: -.45pt; mso-pagination: none; tab-stops: 28.0pt 56.0pt 84.0pt 112.0pt 140.0pt 168.0pt 196.0pt 224.0pt 10.0cm 308.0pt 336.0pt 453.15pt; mso-layout-grid-align: none; text-autospace: none;\"><span style=\"mso-bidi-font-size: 9.5pt; mso-bidi-font-family: Helvetica; mso-bidi-font-style: italic;\" lang=\"NL\"> <\/span><\/p>\n<p class=\"MsoNormal\" style=\"margin-right: -.45pt; mso-pagination: none; tab-stops: 28.0pt 56.0pt 84.0pt 112.0pt 140.0pt 168.0pt 196.0pt 224.0pt 10.0cm 308.0pt 336.0pt 453.15pt; mso-layout-grid-align: none; text-autospace: none;\"><span style=\"mso-bidi-font-size: 9.5pt; mso-bidi-font-family: Helvetica; mso-bidi-font-style: italic;\" lang=\"NL\">God spreekt in het Oude Testament van Israel als van Zijn vrouw die Hij getrouwd had. Een meest intieme relatie die God nastreeft. In het Nieuwe Testament worden de christenen wel aangeduid als de bruid van het Lam. Christus stierf om de schuld te dragen en in te lossen die mensen niet konden dragen of inlossen. En zij die zich bij Hem voegen worden zijn bruid genoemd. <\/span><\/p>\n<p class=\"MsoNormal\" style=\"margin-right: -.45pt; mso-pagination: none; tab-stops: 28.0pt 56.0pt 84.0pt 112.0pt 140.0pt 168.0pt 196.0pt 224.0pt 10.0cm 308.0pt 336.0pt 453.15pt; mso-layout-grid-align: none; text-autospace: none;\"><span style=\"mso-bidi-font-size: 9.5pt; mso-bidi-font-family: Helvetica; mso-bidi-font-style: italic;\" lang=\"NL\">We lezen daarover prachtige passages in met name Openbaringen 21. <\/span><\/p>\n<p class=\"MsoNormal\" style=\"margin-right: -.45pt; mso-pagination: none; tab-stops: 28.0pt 56.0pt 84.0pt 112.0pt 140.0pt 168.0pt 196.0pt 224.0pt 10.0cm 308.0pt 336.0pt 453.15pt; mso-layout-grid-align: none; text-autospace: none;\"><span style=\"mso-bidi-font-size: 9.5pt; mso-bidi-font-family: Helvetica; mso-bidi-font-style: italic;\" lang=\"NL\"> <\/span><\/p>\n<p class=\"MsoNormal\" style=\"margin-right: -.45pt; mso-pagination: none; tab-stops: 28.0pt 56.0pt 84.0pt 112.0pt 140.0pt 168.0pt 196.0pt 224.0pt 10.0cm 308.0pt 336.0pt 453.15pt; mso-layout-grid-align: none; text-autospace: none;\"><span style=\"mso-bidi-font-size: 21.0pt; mso-bidi-font-family: Times; color: red;\" lang=\"NL\">En ik zag een nieuwe hemel \u2028en een nieuwe aarde, \u2028want de eerste hemel en de eerste aarde \u2028waren voorbijgegaan, en de zee was niet meer. En ik zag de heilige stad, het nieuwe Jeruzalem, \u2028neerdalen vanuit de hemel bij God, \u2028toebereid als een bruid \u2028die zich voor haar man heeft versierd. En ik hoorde een grote stem \u2028vanuit de troon zeggen: \u2028zie, \u2028de tent van God is bij de mensen, \u2028en hij zal bij hen wonen en zij zullen zijn gemeenten zijn \u2028en God zelf zal bij hen zijn; en iedere traan zal hij uit hun ogen afwissen; \u2028en de dood is niet meer, \u2028noch rouw noch geschreeuw \u2028noch moeite: de eerste dingen zijn voorbijgegaan! <\/span><\/p>\n<p class=\"MsoNormal\" style=\"margin-right: -.45pt; mso-pagination: none; tab-stops: 28.0pt 56.0pt 84.0pt 112.0pt 140.0pt 168.0pt 196.0pt 224.0pt 10.0cm 308.0pt 336.0pt 453.15pt; mso-layout-grid-align: none; text-autospace: none;\"><span style=\"mso-bidi-font-size: 21.0pt; mso-bidi-font-family: Times; color: red;\" lang=\"NL\"> <\/span><\/p>\n<p class=\"MsoNormal\" style=\"margin-right: -.45pt; mso-pagination: none; tab-stops: 28.0pt 56.0pt 84.0pt 112.0pt 140.0pt 168.0pt 196.0pt 224.0pt 10.0cm 308.0pt 336.0pt 453.15pt; mso-layout-grid-align: none; text-autospace: none;\"><span style=\"mso-bidi-font-size: 9.5pt; mso-bidi-font-family: Helvetica; mso-bidi-font-style: italic;\" lang=\"NL\">En daarna wordt de bruid in al haar schoonheid beschreven. Als de mooiste stad die er ooit zal bestaan. Waarvan de poorten parels zijn; ze dragen de namen van de twaalf stammen van Israel. De fundamenten zijn van edelgesteente; de twaalf fundamenten dragen de namen van de twaalf apostelen. In de stad huizen zowel gelovigen uit Israel als gelovigen uit de heidenen. <\/span><\/p>\n<p class=\"MsoNormal\" style=\"margin-right: -.45pt; mso-pagination: none; tab-stops: 28.0pt 56.0pt 84.0pt 112.0pt 140.0pt 168.0pt 196.0pt 224.0pt 10.0cm 308.0pt 336.0pt 453.15pt; mso-layout-grid-align: none; text-autospace: none;\"><span style=\"mso-bidi-font-size: 9.5pt; mso-bidi-font-family: Helvetica; mso-bidi-font-style: italic;\" lang=\"NL\">De muur is van jaspis. De stad is van puur goud opgetrokken. En zon en maan zijn niet langer nodig: God zet de stad in het volle licht.<\/span><\/p>\n<p class=\"MsoNormal\" style=\"margin-right: 182.7pt; mso-pagination: none; tab-stops: 28.0pt 56.0pt 84.0pt 112.0pt 140.0pt 168.0pt 196.0pt 224.0pt 252.0pt 280.0pt 308.0pt 336.0pt; mso-layout-grid-align: none; text-autospace: none;\"><span style=\"mso-bidi-font-size: 9.5pt; mso-bidi-font-family: Helvetica; mso-bidi-font-style: italic;\" lang=\"NL\"> <\/span><\/p>\n<p class=\"MsoNormal\" style=\"text-align: center; mso-pagination: none; mso-layout-grid-align: none; text-autospace: none;\" align=\"center\"><span style=\"mso-bidi-font-size: 13.0pt; mso-bidi-font-family: \" New\";=\"New\";\" lang=\"NL\">De maan zal verbleken,<\/span><\/p>\n<p class=\"MsoNormal\" style=\"text-align: center; mso-pagination: none; mso-layout-grid-align: none; text-autospace: none;\" align=\"center\"><span style=\"mso-bidi-font-size: 13.0pt; mso-bidi-font-family: \" New\";=\"New\";\" lang=\"NL\">de zon dooft haar vlam<\/span><\/p>\n<p class=\"MsoNormal\" style=\"text-align: center; mso-pagination: none; mso-layout-grid-align: none; text-autospace: none;\" align=\"center\"><span style=\"mso-bidi-font-size: 13.0pt; mso-bidi-font-family: \" New\";=\"New\";\" lang=\"NL\">als God zal ontsteken<\/span><\/p>\n<p class=\"MsoNormal\" style=\"text-align: center; mso-pagination: none; mso-layout-grid-align: none; text-autospace: none;\" align=\"center\"><span style=\"mso-bidi-font-size: 13.0pt; mso-bidi-font-family: \" New\";=\"New\";\" lang=\"NL\">het licht van het Lam.<\/span><\/p>\n<p class=\"MsoNormal\" style=\"margin-right: 182.7pt; mso-pagination: none; tab-stops: 28.0pt 56.0pt 84.0pt 112.0pt 140.0pt 168.0pt 196.0pt 224.0pt 252.0pt 280.0pt 308.0pt 336.0pt; mso-layout-grid-align: none; text-autospace: none;\"><span style=\"mso-bidi-font-size: 9.5pt; mso-bidi-font-family: Helvetica; mso-bidi-font-style: italic;\" lang=\"NL\"> <\/span><\/p>\n<p class=\"MsoNormal\" style=\"margin-right: -.45pt; mso-pagination: none; tab-stops: 28.0pt 56.0pt 84.0pt 112.0pt 140.0pt 168.0pt 196.0pt 224.0pt 252.0pt 280.0pt 308.0pt 336.0pt; mso-layout-grid-align: none; text-autospace: none;\"><span style=\"mso-bidi-font-size: 9.5pt; mso-bidi-font-family: Helvetica; mso-bidi-font-style: italic;\" lang=\"NL\">Deze stad \u2013 de bruid van Christus \u2013 gaat niet op in alle omringende volkeren. Het is niet \u00e9\u00e9n grote amorfe volkerenzee. De bruid is apart geplaatst. (Net als van daag de dag trouwens: christenen leven wel in de wereld, maar ze behoren niet tot de wereld (Phil. 3: 20):<\/span><span style=\"font-size: 21.0pt; font-family: Times; mso-bidi-font-family: Times; color: #262626;\" lang=\"NL\"> <\/span><span style=\"mso-bidi-font-size: 21.0pt; mso-bidi-font-family: Times; color: red;\" lang=\"NL\">Want ons burgerschap is in de hemelen, waaruit wij \u2028ook als redder de Heer, Jezus Christus, verwachten,<\/span><span style=\"mso-bidi-font-size: 9.5pt; mso-bidi-font-family: Helvetica; mso-bidi-font-style: italic;\" lang=\"NL\">) <\/span><\/p>\n<p class=\"MsoNormal\" style=\"margin-right: -.45pt; mso-pagination: none; tab-stops: 28.0pt 56.0pt 84.0pt 112.0pt 140.0pt 168.0pt 196.0pt 224.0pt 252.0pt 280.0pt 308.0pt 336.0pt; mso-layout-grid-align: none; text-autospace: none;\"><span style=\"mso-bidi-font-size: 9.5pt; mso-bidi-font-family: Helvetica; mso-bidi-font-style: italic;\" lang=\"NL\"> <\/span><\/p>\n<p class=\"MsoNormal\" style=\"margin-right: -.45pt; mso-pagination: none; tab-stops: 28.0pt 56.0pt 84.0pt 112.0pt 140.0pt 168.0pt 196.0pt 224.0pt 252.0pt 280.0pt 308.0pt 336.0pt; mso-layout-grid-align: none; text-autospace: none;\"><span style=\"mso-bidi-font-size: 9.5pt; mso-bidi-font-family: Helvetica; mso-bidi-font-style: italic;\" lang=\"NL\">Over de verblindende heerlijkheid die de bruid van Christus zal hebben schrijft dezelfde Johannes in zijn evangelie: Joh. 17: 22, 23:<\/span><\/p>\n<p class=\"MsoNormal\" style=\"margin-right: 182.7pt; mso-pagination: none; tab-stops: 28.0pt 56.0pt 84.0pt 112.0pt 140.0pt 168.0pt 196.0pt 224.0pt 252.0pt 280.0pt 308.0pt 336.0pt; mso-layout-grid-align: none; text-autospace: none;\"><span style=\"mso-bidi-font-size: 9.5pt; mso-bidi-font-family: Helvetica; mso-bidi-font-style: italic;\" lang=\"NL\"> <\/span><\/p>\n<p class=\"MsoNormal\" style=\"margin-right: -.45pt; mso-pagination: none; tab-stops: 28.0pt 56.0pt 84.0pt 112.0pt 140.0pt 168.0pt 196.0pt 224.0pt 252.0pt 280.0pt 308.0pt 336.0pt 453.15pt; mso-layout-grid-align: none; text-autospace: none;\"><span style=\"mso-bidi-font-size: 21.0pt; mso-bidi-font-family: Times; color: red;\" lang=\"NL\">Ook heb ik \u2028de heerlijkheid die gij mij hebt gegeven \u2028gegeven aan hen, opdat zij \u00e9\u00e9n zijn zoals wij \u00e9\u00e9n zijn: ik met hen en gij met mij,- \u2028dat ze mogen zijn, voltooid tot \u00e9\u00e9n, opdat de wereld erkenne \u2028dat gij mij hebt uitgezonden \u2028en hen hebt liefgehad \u2028zoals gij mij hebt liefgehad.<\/span><\/p>\n<p class=\"MsoNormal\" style=\"margin-right: -.45pt; mso-pagination: none; tab-stops: 28.0pt 56.0pt 84.0pt 112.0pt 140.0pt 168.0pt 196.0pt 224.0pt 252.0pt 280.0pt 308.0pt 336.0pt 453.15pt; mso-layout-grid-align: none; text-autospace: none;\"><span style=\"mso-bidi-font-size: 21.0pt; mso-bidi-font-family: Times; color: red;\" lang=\"NL\"> <\/span><\/p>\n<p class=\"MsoNormal\" style=\"margin-right: -.45pt; mso-pagination: none; tab-stops: 28.0pt 56.0pt 84.0pt 112.0pt 140.0pt 168.0pt 196.0pt 224.0pt 252.0pt 280.0pt 308.0pt 336.0pt 453.15pt; mso-layout-grid-align: none; text-autospace: none;\"><span style=\"mso-bidi-font-size: 9.5pt; mso-bidi-font-family: Helvetica; mso-bidi-font-style: italic;\" lang=\"NL\">Er is niets waar God meer naar uitziet dan naar het moment dat Hij Zijn Zoon kan sturen om de bruid op te halen. Want dan zal door alles en iedereen worden gezien dat God van ons christenen houdt zoals Hij van zijn eigen Zoon houdt.<\/span><\/p>\n<p class=\"MsoNormal\" style=\"margin-right: -.45pt; mso-pagination: none; tab-stops: 28.0pt 56.0pt 84.0pt 112.0pt 140.0pt 168.0pt 196.0pt 224.0pt 252.0pt 280.0pt 308.0pt 336.0pt 453.15pt; mso-layout-grid-align: none; text-autospace: none;\"><span style=\"mso-bidi-font-size: 9.5pt; mso-bidi-font-family: Helvetica; mso-bidi-font-style: italic;\" lang=\"NL\"> <\/span><\/p>\n<p class=\"MsoNormal\" style=\"margin-right: -.45pt; mso-pagination: none; tab-stops: 28.0pt 56.0pt 84.0pt 112.0pt 140.0pt 168.0pt 196.0pt 224.0pt 252.0pt 280.0pt 308.0pt 336.0pt 453.15pt; mso-layout-grid-align: none; text-autospace: none;\"><span style=\"mso-bidi-font-size: 9.5pt; mso-bidi-font-family: Helvetica; mso-bidi-font-style: italic;\" lang=\"NL\">Als de gemeente dan zo mooi is voor God, laten we dan hier op aarde ons best doen om daarvan alvast iets te weerspiegelen (Rom. 12: 1): <\/span><span style=\"mso-bidi-font-size: 21.0pt; mso-bidi-font-family: Times; color: red;\" lang=\"NL\">Ik roep u dan op, \u2028broeders-en-zusters, \u2028vanwege de barmhartigheden van God, \u2028om uw lichamen in te zetten \u2028als een levende, heilige, aan God \u2028welbehaaglijke offerande \u2028uw eredienst in de zin van het woord.<\/span><\/p>\n<p class=\"MsoNormal\" style=\"margin-right: -.45pt; mso-pagination: none; tab-stops: 28.0pt 56.0pt 84.0pt 112.0pt 140.0pt 168.0pt 196.0pt 224.0pt 252.0pt 280.0pt 308.0pt 336.0pt 453.15pt; mso-layout-grid-align: none; text-autospace: none;\"><span style=\"mso-bidi-font-size: 9.5pt; mso-bidi-font-family: Helvetica; color: red; mso-bidi-font-style: italic;\" lang=\"NL\"> <\/span><\/p>\n<p class=\"MsoNormal\" style=\"margin-right: 182.7pt; mso-pagination: none; tab-stops: 28.0pt 56.0pt 84.0pt 112.0pt 140.0pt 168.0pt 196.0pt 224.0pt 252.0pt 280.0pt 308.0pt 336.0pt; mso-layout-grid-align: none; text-autospace: none;\"><strong style=\"mso-bidi-font-weight: normal;\"><span style=\"mso-bidi-font-size: 9.5pt; mso-bidi-font-family: Helvetica; mso-bidi-font-style: italic;\" lang=\"NL\"> <\/span><\/strong><\/p>\n<div style=\"mso-element: para-border-div; border: solid windowtext 1.0pt; mso-border-alt: solid windowtext .5pt; padding: 1.0pt 4.0pt 1.0pt 4.0pt;\">\n<p class=\"MsoNormal\" style=\"text-align: center; mso-pagination: none; mso-layout-grid-align: none; text-autospace: none; border: none; mso-border-alt: solid windowtext .5pt; padding: 0cm; mso-padding-alt: 1.0pt 4.0pt 1.0pt 4.0pt;\" align=\"center\"><strong style=\"mso-bidi-font-weight: normal;\"><em style=\"mso-bidi-font-style: normal;\"><span style=\"font-size: 14.0pt; mso-bidi-font-size: 13.0pt; mso-bidi-font-family: \" New\";=\"New\";\" lang=\"NL\">getooid voor de volken, o stralende bruid!<\/span><\/em><\/strong><\/p>\n<p class=\"MsoNormal\" style=\"text-align: right; mso-pagination: none; mso-layout-grid-align: none; text-autospace: none; border: none; mso-border-alt: solid windowtext .5pt; padding: 0cm; mso-padding-alt: 1.0pt 4.0pt 1.0pt 4.0pt;\" align=\"right\"><span style=\"font-size: 8.0pt; mso-bidi-font-size: 13.0pt; mso-bidi-font-family: \" New\";\"=\"New\";\"\" lang=\"NL\">Uit: Zingende Gezegend; A.F. Troost<\/span><\/p>\n<\/p><\/div><\/p>\n","protected":false},"excerpt":{"rendered":"<p>0 false 21 18 pt 18 pt 0 0 false false false \/* Style Definitions *\/ table.MsoNormalTable {mso-style-name:Standaardtabel; mso-tstyle-rowband-size:0; mso-tstyle-colband-size:0; mso-style-noshow:yes; mso-style-parent:&#8221;&#8221;; mso-padding-alt:0cm 5.4pt 0cm 5.4pt; mso-para-margin:0cm; mso-para-margin-bottom:.0001pt; mso-pagination:widow-orphan; font-size:12.0pt; font-family:&#8221;Times New Roman&#8221;; mso-ascii-font-family:Cambria; mso-ascii-theme-font:minor-latin; mso-fareast-font-family:&#8221;Times New Roman&#8221;; mso-fareast-theme-font:minor-fareast; mso-hansi-font-family:Cambria; mso-hansi-theme-font:minor-latin;} Daal neer op de wolken de hemelen uit, Een van de mooiste beelden in &hellip; <\/p>\n<p class=\"link-more\"><a href=\"https:\/\/www.vergaderingalkmaar.nl\/?page_id=279\" class=\"more-link\"><span class=\"screen-reader-text\">&#8220;Preek zondag 27 juli 2014&#8221;<\/span> verder lezen<\/a><\/p>\n","protected":false},"author":1,"featured_media":0,"parent":588,"menu_order":12,"comment_status":"open","ping_status":"open","template":"","meta":[],"_links":{"self":[{"href":"https:\/\/www.vergaderingalkmaar.nl\/index.php?rest_route=\/wp\/v2\/pages\/279"}],"collection":[{"href":"https:\/\/www.vergaderingalkmaar.nl\/index.php?rest_route=\/wp\/v2\/pages"}],"about":[{"href":"https:\/\/www.vergaderingalkmaar.nl\/index.php?rest_route=\/wp\/v2\/types\/page"}],"author":[{"embeddable":true,"href":"https:\/\/www.vergaderingalkmaar.nl\/index.php?rest_route=\/wp\/v2\/users\/1"}],"replies":[{"embeddable":true,"href":"https:\/\/www.vergaderingalkmaar.nl\/index.php?rest_route=%2Fwp%2Fv2%2Fcomments&post=279"}],"version-history":[{"count":0,"href":"https:\/\/www.vergaderingalkmaar.nl\/index.php?rest_route=\/wp\/v2\/pages\/279\/revisions"}],"up":[{"embeddable":true,"href":"https:\/\/www.vergaderingalkmaar.nl\/index.php?rest_route=\/wp\/v2\/pages\/588"}],"wp:attachment":[{"href":"https:\/\/www.vergaderingalkmaar.nl\/index.php?rest_route=%2Fwp%2Fv2%2Fmedia&parent=279"}],"curies":[{"name":"wp","href":"https:\/\/api.w.org\/{rel}","templated":true}]}}