{"id":278,"date":"2014-07-21T17:07:17","date_gmt":"2014-07-21T16:07:17","guid":{"rendered":"http:\/\/www.vergaderingalkmaar.nl\/?page_id=278"},"modified":"2014-07-21T17:07:17","modified_gmt":"2014-07-21T16:07:17","slug":"preek-zondag-20-juli-2014","status":"publish","type":"page","link":"https:\/\/www.vergaderingalkmaar.nl\/?page_id=278","title":{"rendered":"Preek zondag 20 juli 2014"},"content":{"rendered":"<p>      0 false  21  18 pt 18 pt 0 0  false false false               \/* Style Definitions *\/ table.MsoNormalTable \t{mso-style-name:Standaardtabel; \tmso-tstyle-rowband-size:0; \tmso-tstyle-colband-size:0; \tmso-style-noshow:yes; \tmso-style-parent:&#8221;&#8221;; \tmso-padding-alt:0cm 5.4pt 0cm 5.4pt; \tmso-para-margin:0cm; \tmso-para-margin-bottom:.0001pt; \tmso-pagination:widow-orphan; \tfont-size:12.0pt; \tfont-family:&#8221;Times New Roman&#8221;; \tmso-ascii-font-family:Cambria; \tmso-ascii-theme-font:minor-latin; \tmso-fareast-font-family:&#8221;Times New Roman&#8221;; \tmso-fareast-theme-font:minor-fareast; \tmso-hansi-font-family:Cambria; \tmso-hansi-theme-font:minor-latin;}    <\/p>\n<div style=\"mso-element: para-border-div; border: solid windowtext 1.0pt; mso-border-alt: solid windowtext .5pt; padding: 1.0pt 4.0pt 1.0pt 4.0pt;\">\n<p class=\"MsoNormal\" style=\"text-align: center; border: none; mso-border-alt: solid windowtext .5pt; padding: 0cm; mso-padding-alt: 1.0pt 4.0pt 1.0pt 4.0pt;\" align=\"center\"><strong style=\"mso-bidi-font-weight: normal;\"><span style=\"font-size: 14.0pt; mso-bidi-font-size: 12.0pt; color: blue;\" lang=\"NL\">Zo gaat een man al wandelend van hier<\/span><\/strong><\/p>\n<p class=\"MsoNormal\" style=\"text-align: center; border: none; mso-border-alt: solid windowtext .5pt; padding: 0cm; mso-padding-alt: 1.0pt 4.0pt 1.0pt 4.0pt;\" align=\"center\"><strong style=\"mso-bidi-font-weight: normal;\"><span style=\"font-size: 14.0pt; mso-bidi-font-size: 12.0pt; color: blue;\" lang=\"NL\">En, steunend op zijn stok, een herdersstaf,<\/span><\/strong><\/p>\n<\/p><\/div>\n<p class=\"MsoNormal\"><span lang=\"NL\"> <\/span><\/p>\n<p class=\"MsoNormal\"><span lang=\"NL\">Een rijke jonge man vraagt Jezus (Matthe\u00fcs 19) <\/span><span style=\"mso-bidi-font-size: 21.0pt; mso-bidi-font-family: Times; color: red;\" lang=\"NL\">leermeester, w\u00e1t is het goede dat ik moet doen \u2028om eeuwig leven te hebben? <\/span><span style=\"mso-bidi-font-size: 21.0pt; mso-bidi-font-family: Times;\" lang=\"NL\">De boodschap die Jezus net tevoren had verwoordt, namelijk die van nederigheid en een kinderlijk geloof, had hij kennelijk gemist. Misschien ook was hij door de veelheid van geboden die de rabbi\u2019s aan de Wet van Mozes hadden toegevoegd het spoor bijster geraakt waar het nou echt om ging. Jezus noemt dan het zesde tot en met het negende gebod, plus het vijfde. Allemaal geboden die met waarneembaar gedrag te maken hebben. Maar Jezus noemt deze geboden niet om de jongeman duidelijk te maken <em style=\"mso-bidi-font-style: normal;\">hoe<\/em> hij gered moet worden, maar om duidelijk te maken <em style=\"mso-bidi-font-style: normal;\">dat<\/em> <em style=\"mso-bidi-font-style: normal;\">hij gered moet worden<\/em>. <\/span><\/p>\n<p class=\"MsoNormal\"><span style=\"mso-bidi-font-size: 21.0pt; mso-bidi-font-family: Times;\" lang=\"NL\">En dat snapt de jongeman duidelijk niet. Ook al heeft hij alle genoemde geboden nageleefd, hij twijfelt er aan of het wel voldoende is. En wat kan een mens doen om zijn redding te verzekeren? Is er ooit iets voldoende? Jezus maakt met een vervolgopdracht duidelijk waarom het werkelijk gaat: <\/span><span style=\"mso-bidi-font-size: 18.0pt; mso-bidi-font-family: Times; color: red;\" lang=\"NL\">ga heen, verkoop al je eigendom \u2028en geef het aan de armen, en \u2028je zult een schat in de hemelen hebben; \u2028kom dan hierheen <strong style=\"mso-bidi-font-weight: normal;\"><em style=\"mso-bidi-font-style: normal;\">en volg mij! <\/em><\/strong><\/span><span style=\"mso-bidi-font-size: 18.0pt; mso-bidi-font-family: Times;\" lang=\"NL\">In die laatste drie woorden zit de crux! Het eeuwige leven krijg je alleen door Jezus te volgen en tot geloof in hem te komen.<\/span><\/p>\n<p class=\"MsoNormal\"><span style=\"mso-bidi-font-size: 18.0pt; mso-bidi-font-family: Times;\" lang=\"NL\"> <\/span><\/p>\n<p class=\"MsoNormal\"><strong style=\"mso-bidi-font-weight: normal;\"><span style=\"mso-bidi-font-size: 18.0pt; mso-bidi-font-family: Times;\" lang=\"NL\">Psalm 15<\/span><\/strong><span style=\"mso-bidi-font-size: 18.0pt; mso-bidi-font-family: Times;\" lang=\"NL\"> wordt wel een wijsheidspsalm genoemd. David begint met een vraag <span style=\"color: red;\">Ene, wie zal te gast zijn in uw t\u00e9nt, \u2028wie wonen op de bergtop van uw h\u00e9iligdom?<span style=\"mso-spacerun: yes;\"> <\/span><\/span>Dan volgen er een achttal kenmerken die zo een mens meer in detail beschrijven. Samen vormen ze een foto van een integere persoonlijkheid. En David concludeert <span style=\"color: red;\">een dader van dit \u00e1lles \u2028wankelt niet, voor \u00e9euwig. <\/span><\/span><\/p>\n<p class=\"MsoNormal\"><span style=\"mso-bidi-font-size: 18.0pt; mso-bidi-font-family: Times;\" lang=\"NL\"> <\/span><\/p>\n<p class=\"MsoNormal\"><span style=\"mso-bidi-font-size: 18.0pt; mso-bidi-font-family: Times;\" lang=\"NL\">Een mooi en literair werkelijk prachtig stukje. Maar biedt het ook hoop voor het individu? Als de voorwaarden liggen zoals ze liggen, wie kan ze dan inlossen? Komt dan niet het punt van de jongeman in Matthe\u00fcs weer naar voren: heb ik wel genoeg gedaan? Of moet ik nog meer presteren?<\/span><\/p>\n<p class=\"MsoNormal\"><span style=\"mso-bidi-font-size: 18.0pt; mso-bidi-font-family: Times;\" lang=\"NL\"> <\/span><\/p>\n<p class=\"MsoNormal\"><strong style=\"mso-bidi-font-weight: normal;\"><span style=\"mso-bidi-font-size: 18.0pt; mso-bidi-font-family: Times;\" lang=\"NL\">Psalm 24<\/span><\/strong><span style=\"mso-bidi-font-size: 18.0pt; mso-bidi-font-family: Times;\" lang=\"NL\"> stelt dezelfde wijsheidsvraag aan de orde als psalm 15. En het antwoord luidt vrijwel <span style=\"color: red;\">hetzelfde iemand onschuldig van handen \u2028en louter van hart, \u2028die zijn ziel niet ophief tot v\u00f3osheid, en niet een eed zwoer tot bedr\u00f3g: die draagt van de Ene mee: z\u00e9gen, \u2028gerechtigheid van de God die hem r\u00e9dt. Dat is het geslacht \u2028van wie vragen naar h\u00e9m,\u2028van wie zoeken uw aanschijn, <\/span>en dan volgt er een verbluffende toevoeging, een verduidelijking: <span style=\"color: red;\">dat is J\u00e1kob! <\/span><\/span><\/p>\n<p class=\"MsoNormal\"><span style=\"mso-bidi-font-size: 18.0pt; mso-bidi-font-family: Times; color: red;\" lang=\"NL\"> <\/span><\/p>\n<p class=\"MsoNormal\"><span style=\"mso-bidi-font-size: 18.0pt; mso-bidi-font-family: Times;\" lang=\"NL\">Jakob? Jakob de leugenaar? Jakob die zijn vader bedriegt? Zijn broer chanteert? Jakob wiens ambitie hem werkelijk elke morele verantwoordelijkheid doet vergeten? Jakob voor wie geldt dat het doel alle middelen heiligt? Vergist de schrijver van psalm 24 \u2013 en dat is verdraaid nog aan toe weer dezelfde David \u2013 zich hier niet? Als we Jakob langs de meetlat van integriteit van psalm 15 leggen zakt hij beslist voor elk examen!<\/span><\/p>\n<p class=\"MsoNormal\"><span style=\"mso-bidi-font-size: 18.0pt; mso-bidi-font-family: Times;\" lang=\"NL\">Maar er is nog een tweede Jakob. Namelijk de Jakob die op een moment in zijn leven niets en niemand meer bij zich had. Die op het schaakbord van zijn leven absoluut mat stond. Geen kant meer op kon. <\/span><\/p>\n<p class=\"MsoNormal\"><span style=\"mso-bidi-font-size: 18.0pt; mso-bidi-font-family: Times;\" lang=\"NL\">En dan komt er een Man die het gevecht met hem aangaat. Totdat de dageraad aanbreekt. In het ochtendlicht raakt Jakob geblesseerd aan zijn heupgewricht. Jakob is reddeloos verloren, en dat precies wordt zijn redding. Hij omknelt zijn tegenstander en smeekt om Diens zegen. In zijn bijna gruwelijke ontmoeting met God neemt Jacobs leven een dramatische wending. Hij erkent zijn absolute faillissement. En <span style=\"color: red;\">Jakob roept als naam voor het oord uit \u2018Peni\u00ebl\u2019,- aanschijn van God, \u2018omdat ik God heb gezien van aanschijn tot aanschijn \u2028en mijn ziel is gered!\u2019<\/span><\/span><\/p>\n<p class=\"MsoNormal\"><span style=\"mso-bidi-font-size: 18.0pt; mso-bidi-font-family: Times; color: red;\" lang=\"NL\"> <\/span><\/p>\n<p class=\"MsoNormal\"><strong style=\"mso-bidi-font-weight: normal;\"><span style=\"mso-bidi-font-size: 18.0pt; mso-bidi-font-family: Times;\" lang=\"NL\">In Jesaja 33<\/span><\/strong><span style=\"mso-bidi-font-size: 18.0pt; mso-bidi-font-family: Times;\" lang=\"NL\"> wordt de wijsheidsvraag van psalm 15 en 24 ook aan de orde gesteld. En het antwoord lijkt sprekend op de eerdere hiervoor. Met als bijzonderheid dat het niet het individu is dat door eigen werkzaamheid aan de norm moet voldoen. <span style=\"color: red;\">Want de Ene\u00a0 is onze rechter, de Ene\u00a0 stelt ons de wet, \u2028de Ene\u00a0 is onze koning, hij is onze bevrijder. <\/span>Van alle eisen is het uiteindelijk God die ze vervult. God die genade bewijst, zoals Hij dat deed aan Jakob. En het volk krijgt de belofte: <span style=\"color: red;\">Een koning in zijn schoonheid zullen uw ogen aanschouwen,- <\/span>Want uiteindelijk kunnen we niks doen. Behalve aanvaarden en geloven dat het door God al gedaan is. Dat Hij onze Redder is. Dat het eeuwige leven verdienen onmogelijk is. En genade alles geeft. Gratis. Voor de ontvanger tenminste. Na een worsteling misschien. Een nieuwe naam, tot voorbij het graf. <\/span><\/p>\n<p class=\"MsoNormal\"><span style=\"mso-bidi-font-size: 18.0pt; mso-bidi-font-family: Times;\" lang=\"NL\"> <\/span><\/p>\n<div style=\"mso-element: para-border-div; border: solid windowtext 1.0pt; mso-border-alt: solid windowtext .5pt; padding: 1.0pt 4.0pt 1.0pt 4.0pt;\">\n<p class=\"MsoNormal\" style=\"text-align: center; border: none; mso-border-alt: solid windowtext .5pt; padding: 0cm; mso-padding-alt: 1.0pt 4.0pt 1.0pt 4.0pt;\" align=\"center\"><strong style=\"mso-bidi-font-weight: normal;\"><span style=\"font-size: 14.0pt; mso-bidi-font-size: 18.0pt; mso-bidi-font-family: Times; color: blue;\" lang=\"NL\">draagt hij zijn nieuwe naam voorbij het graf.<\/span><\/strong><\/p>\n<p class=\"MsoNormal\" style=\"text-align: right; border: none; mso-border-alt: solid windowtext .5pt; padding: 0cm; mso-padding-alt: 1.0pt 4.0pt 1.0pt 4.0pt;\" align=\"right\"><span style=\"font-size: 9.0pt; mso-bidi-font-size: 18.0pt; mso-bidi-font-family: Times;\" lang=\"NL\">Rikkert Zuiderveld \u2018Adam zaait radijzen,\u2019 <em style=\"mso-bidi-font-style: normal;\">Jakob<\/em>.<\/span><span style=\"color: red;\" lang=\"NL\"><\/span><\/p>\n<\/p><\/div><\/p>\n","protected":false},"excerpt":{"rendered":"<p>0 false 21 18 pt 18 pt 0 0 false false false \/* Style Definitions *\/ table.MsoNormalTable {mso-style-name:Standaardtabel; mso-tstyle-rowband-size:0; mso-tstyle-colband-size:0; mso-style-noshow:yes; mso-style-parent:&#8221;&#8221;; mso-padding-alt:0cm 5.4pt 0cm 5.4pt; mso-para-margin:0cm; mso-para-margin-bottom:.0001pt; mso-pagination:widow-orphan; font-size:12.0pt; font-family:&#8221;Times New Roman&#8221;; mso-ascii-font-family:Cambria; mso-ascii-theme-font:minor-latin; mso-fareast-font-family:&#8221;Times New Roman&#8221;; mso-fareast-theme-font:minor-fareast; mso-hansi-font-family:Cambria; mso-hansi-theme-font:minor-latin;} Zo gaat een man al wandelend van hier En, steunend op zijn stok, een &hellip; <\/p>\n<p class=\"link-more\"><a href=\"https:\/\/www.vergaderingalkmaar.nl\/?page_id=278\" class=\"more-link\"><span class=\"screen-reader-text\">&#8220;Preek zondag 20 juli 2014&#8221;<\/span> verder lezen<\/a><\/p>\n","protected":false},"author":1,"featured_media":0,"parent":588,"menu_order":13,"comment_status":"open","ping_status":"open","template":"","meta":[],"_links":{"self":[{"href":"https:\/\/www.vergaderingalkmaar.nl\/index.php?rest_route=\/wp\/v2\/pages\/278"}],"collection":[{"href":"https:\/\/www.vergaderingalkmaar.nl\/index.php?rest_route=\/wp\/v2\/pages"}],"about":[{"href":"https:\/\/www.vergaderingalkmaar.nl\/index.php?rest_route=\/wp\/v2\/types\/page"}],"author":[{"embeddable":true,"href":"https:\/\/www.vergaderingalkmaar.nl\/index.php?rest_route=\/wp\/v2\/users\/1"}],"replies":[{"embeddable":true,"href":"https:\/\/www.vergaderingalkmaar.nl\/index.php?rest_route=%2Fwp%2Fv2%2Fcomments&post=278"}],"version-history":[{"count":0,"href":"https:\/\/www.vergaderingalkmaar.nl\/index.php?rest_route=\/wp\/v2\/pages\/278\/revisions"}],"up":[{"embeddable":true,"href":"https:\/\/www.vergaderingalkmaar.nl\/index.php?rest_route=\/wp\/v2\/pages\/588"}],"wp:attachment":[{"href":"https:\/\/www.vergaderingalkmaar.nl\/index.php?rest_route=%2Fwp%2Fv2%2Fmedia&parent=278"}],"curies":[{"name":"wp","href":"https:\/\/api.w.org\/{rel}","templated":true}]}}