{"id":273,"date":"2014-05-25T17:51:11","date_gmt":"2014-05-25T16:51:11","guid":{"rendered":"http:\/\/www.vergaderingalkmaar.nl\/?page_id=273"},"modified":"2014-05-25T17:51:11","modified_gmt":"2014-05-25T16:51:11","slug":"preek-zondag-25-mei-2014","status":"publish","type":"page","link":"https:\/\/www.vergaderingalkmaar.nl\/?page_id=273","title":{"rendered":"Preek zondag 25 mei 2014"},"content":{"rendered":"<p>      0 false  21  18 pt 18 pt 0 0  false false false               \/* Style Definitions *\/ table.MsoNormalTable \t{mso-style-name:Standaardtabel; \tmso-tstyle-rowband-size:0; \tmso-tstyle-colband-size:0; \tmso-style-noshow:yes; \tmso-style-parent:&#8221;&#8221;; \tmso-padding-alt:0cm 5.4pt 0cm 5.4pt; \tmso-para-margin:0cm; \tmso-para-margin-bottom:.0001pt; \tmso-pagination:widow-orphan; \tfont-size:12.0pt; \tfont-family:&#8221;Times New Roman&#8221;; \tmso-ascii-font-family:Cambria; \tmso-ascii-theme-font:minor-latin; \tmso-hansi-font-family:Cambria; \tmso-hansi-theme-font:minor-latin; \tmso-ansi-language:NL; \tmso-fareast-language:EN-US;}    <\/p>\n<div style=\"mso-element: para-border-div; border: solid windowtext 1.0pt; mso-border-alt: solid windowtext .5pt; padding: 1.0pt 4.0pt 1.0pt 4.0pt;\">\n<p class=\"MsoNormal\" style=\"text-align: center; mso-pagination: none; mso-layout-grid-align: none; text-autospace: none; border: none; mso-border-alt: solid windowtext .5pt; padding: 0cm; mso-padding-alt: 1.0pt 4.0pt 1.0pt 4.0pt;\" align=\"center\"><strong style=\"mso-bidi-font-weight: normal;\"><span style=\"font-size: 14.0pt; mso-bidi-font-size: 11.0pt; mso-bidi-font-family: Tahoma; color: blue; mso-ansi-language: EN-US;\" lang=\"EN-US\">tot jou zal worden geroepen:<\/span><\/strong><strong style=\"mso-bidi-font-weight: normal;\"><span style=\"font-size: 14.0pt; mso-bidi-font-size: 12.0pt; color: blue; mso-ansi-language: AR-SA;\" lang=\"AR-SA\"><\/span><\/strong><\/p>\n<\/p><\/div>\n<p class=\"MsoNormal\"><span style=\"mso-ansi-language: AR-SA;\" lang=\"AR-SA\"> <\/span><\/p>\n<p class=\"MsoNormal\"><span style=\"mso-ansi-language: AR-SA;\" lang=\"AR-SA\"> <\/span><\/p>\n<p class=\"MsoNormal\" style=\"mso-pagination: none; mso-layout-grid-align: none; text-autospace: none;\"><span style=\"mso-ansi-language: AR-SA;\" lang=\"AR-SA\">Teksten die je al honderd keer las kunnen je soms treffen alsof je ze nooit eerder zag. Zo een tekst bijvoorbeeld is Joh. 1: 17: <\/span><span style=\"mso-bidi-font-size: 11.0pt; mso-bidi-font-family: Tahoma; color: red; mso-ansi-language: AR-SA;\" lang=\"AR-SA\">hoewel de Wet door Mozes is gegeven geschiedt &#8216;de genade en de waarheid&#8217; door Jezus Christus.<\/span><\/p>\n<p class=\"MsoNormal\" style=\"mso-pagination: none; mso-layout-grid-align: none; text-autospace: none;\"><span style=\"mso-bidi-font-size: 11.0pt; mso-bidi-font-family: Tahoma; mso-ansi-language: AR-SA;\" lang=\"AR-SA\">Johannes schrijft zijn evangelie vanuit Gods perspectief. Het gaat om Gods tussenkomst. Heel weinig wordt er gesproken over mensen die met hun vragen en behoeftes naar Jezus gingen voor een antwoord. In Johannes is alles de werking van God. Met Johannes 1: 17 geeft de auteur dat statement klip en klaar af. Johannes onderstreept dat het tijdperk van de genade uitgaat boven het tijdperk van de wet. De wet geeft weer wat Gods standaard is. De genade biedt hulp aan zodat we Gods wil kunnen doen. En we moeten het niet zo zien dat de wet \u2018fout\u2019 was en de genade \u2018goed\u2019 is. Het is eerder zo dat de wet \u2018goed\u2019 is en de genade \u2018nog beter.\u2019 <\/span><\/p>\n<p class=\"MsoNormal\" style=\"mso-pagination: none; mso-layout-grid-align: none; text-autospace: none;\"><span style=\"mso-bidi-font-size: 11.0pt; mso-bidi-font-family: Tahoma; mso-ansi-language: AR-SA;\" lang=\"AR-SA\">Je vindt dat prachtig ge\u00efllustreerd in de eerste wonderen die geschiedden in beide periodes:<\/span><\/p>\n<p class=\"MsoListParagraphCxSpFirst\" style=\"margin-left: 18.0pt; mso-add-space: auto; text-indent: -18.0pt; mso-pagination: none; mso-list: l0 level1 lfo1; mso-layout-grid-align: none; text-autospace: none;\"><span style=\"mso-fareast-font-family: Arial; mso-bidi-font-family: Arial; mso-ansi-language: AR-SA;\" lang=\"AR-SA\"><span style=\"mso-list: Ignore;\">\u2022<span style=\"font: 7.0pt \" New=\"New\" Roman\";\"=\"Roman\";\"\"> <\/span><\/span><\/span><span style=\"mso-ansi-language: AR-SA;\" lang=\"AR-SA\">Bij de eerste plaag in Egypte veranderde Mozes water in bloed (Ex. 7: 14 \u2013 20);<\/span><\/p>\n<p class=\"MsoListParagraphCxSpLast\" style=\"margin-left: 18.0pt; mso-add-space: auto; text-indent: -18.0pt; mso-pagination: none; mso-list: l0 level1 lfo1; mso-layout-grid-align: none; text-autospace: none;\"><span style=\"mso-fareast-font-family: Arial; mso-bidi-font-family: Arial; mso-ansi-language: AR-SA;\" lang=\"AR-SA\"><span style=\"mso-list: Ignore;\">\u2022<span style=\"font: 7.0pt \" New=\"New\" Roman\";\"=\"Roman\";\"\"> <\/span><\/span><\/span><span style=\"mso-ansi-language: AR-SA;\" lang=\"AR-SA\">Het eerste wonder van Jezus maakt melding van de verandering van water in wijn (Joh. 2: 1 \u2013 11).<\/span><\/p>\n<p class=\"MsoNormal\" style=\"mso-pagination: none; mso-layout-grid-align: none; text-autospace: none;\"><span style=\"mso-ansi-language: AR-SA;\" lang=\"AR-SA\"> <\/span><\/p>\n<p class=\"MsoNormal\" style=\"mso-pagination: none; mso-layout-grid-align: none; text-autospace: none;\"><span style=\"mso-ansi-language: AR-SA;\" lang=\"AR-SA\">Johannes maakt heel duidelijk dat genade boven wet staat en gaat. De wet met zijn vele regels leidde ertoe dat elk mens zijn onmacht moest erkennen om de wet te houden en zo de zaligheid te verdienen. Genade geeft de zaligheid en is voor de ontvanger gratis. Genade omschrijft het woordenboek met \u2018onverdiende gunst.\u2019<span style=\"mso-spacerun: yes;\"> <\/span>Een prachtige omschrijving. <\/span><\/p>\n<div style=\"mso-element: para-border-div; border: none; border-bottom: solid windowtext 1.5pt; padding: 0cm 0cm 1.0pt 0cm;\">\n<p class=\"MsoNormal\" style=\"mso-pagination: none; mso-layout-grid-align: none; text-autospace: none; border: none; mso-border-bottom-alt: solid windowtext 1.5pt; padding: 0cm; mso-padding-alt: 0cm 0cm 1.0pt 0cm;\"><span style=\"mso-ansi-language: AR-SA;\" lang=\"AR-SA\"> <\/span><\/p>\n<\/p><\/div>\n<p class=\"MsoNormal\" style=\"mso-pagination: none; mso-layout-grid-align: none; text-autospace: none;\"><span style=\"mso-ansi-language: AR-SA;\" lang=\"AR-SA\"> <\/span><\/p>\n<p class=\"MsoNormal\" style=\"mso-pagination: none; mso-layout-grid-align: none; text-autospace: none;\"><span style=\"mso-ansi-language: AR-SA;\" lang=\"AR-SA\"> <\/span><\/p>\n<p class=\"MsoNormal\" style=\"mso-pagination: none; mso-layout-grid-align: none; text-autospace: none;\"><span style=\"mso-ansi-language: AR-SA;\" lang=\"AR-SA\">Een paar weken geleden hoorden we uit de Joodse huwelijkstraditie over de bruid die wacht op haar bruidegom. <\/span><\/p>\n<p class=\"MsoNormal\" style=\"mso-pagination: none; mso-layout-grid-align: none; text-autospace: none;\"><span style=\"mso-ansi-language: AR-SA;\" lang=\"AR-SA\"> <\/span><\/p>\n<p class=\"MsoNormal\" style=\"mso-pagination: none; mso-layout-grid-align: none; text-autospace: none;\"><span style=\"mso-ansi-language: AR-SA;\" lang=\"AR-SA\">Maar andersom geldt dat ook . Welke gelukkig gehuwde man herinnert zich niet hoe hij uitzag naar de dag dat \u2018ie zijn verloofde zou gaan trouwen. Een moment dat in he geheugen staat gegrift. Dat je je bruid mag halen. <\/span><\/p>\n<p class=\"MsoNormal\" style=\"mso-pagination: none; mso-layout-grid-align: none; text-autospace: none;\"><span style=\"mso-ansi-language: AR-SA;\" lang=\"AR-SA\"> <\/span><\/p>\n<p class=\"MsoNormal\" style=\"mso-pagination: none; mso-layout-grid-align: none; text-autospace: none;\"><span style=\"mso-ansi-language: AR-SA;\" lang=\"AR-SA\">In de genoemde Joodse traditie was het de vader van de bruidegom die bepaalde wanneer het de tijd was voor zijn zoon om zijn bruid te halen. <\/span><\/p>\n<p class=\"MsoNormal\" style=\"mso-pagination: none; mso-layout-grid-align: none; text-autospace: none;\"><span style=\"mso-ansi-language: AR-SA;\" lang=\"AR-SA\"> <\/span><\/p>\n<p class=\"MsoNormal\" style=\"mso-pagination: none; mso-layout-grid-align: none; text-autospace: none;\"><span style=\"mso-ansi-language: AR-SA;\" lang=\"AR-SA\">Zo s het ook met de Heer Jezus, die niets liever wil dan zijn bruid \u2013 de gemeente \u2013 bij zich thuis halen. Maar ook dan is het God de Vader die het tijdstip aangeeft (Hand 1: 6 \u2013 7): <\/span><span style=\"mso-bidi-font-size: 11.0pt; mso-bidi-font-family: Tahoma; color: red; mso-ansi-language: AR-SA;\" lang=\"AR-SA\">Zij dan, samengekomen,<\/span><\/p>\n<p class=\"MsoNormal\" style=\"mso-pagination: none; mso-layout-grid-align: none; text-autospace: none;\"><span style=\"mso-bidi-font-size: 11.0pt; mso-bidi-font-family: Tahoma; color: red; mso-ansi-language: AR-SA;\" lang=\"AR-SA\">hebben hem de vraag gesteld en gezegd: heer, gaat u in d\u00e9ze tijd voor Isra\u00ebl het koningschap herstellen? Hij zegt tot hen: het is niet aan u de tijden of momenten te kennen die de Vader in de eigen volmacht heeft gesteld;<span style=\"mso-tab-count: 1;\"> <\/span><\/span><\/p>\n<p class=\"MsoNormal\" style=\"mso-pagination: none; mso-layout-grid-align: none; text-autospace: none;\"><span style=\"mso-bidi-font-size: 11.0pt; mso-bidi-font-family: Tahoma; color: red; mso-ansi-language: AR-SA;\" lang=\"AR-SA\"> <\/span><\/p>\n<p class=\"MsoNormal\" style=\"mso-pagination: none; mso-layout-grid-align: none; text-autospace: none;\"><span style=\"mso-bidi-font-size: 11.0pt; mso-bidi-font-family: Tahoma; mso-ansi-language: AR-SA;\" lang=\"AR-SA\">Maar waarom dan nog gewacht? Is God traag met nakomen van wat Hij beloofde? 2 Petrus 3: 8 &#8211; 9:<\/span><\/p>\n<p class=\"MsoNormal\" style=\"mso-pagination: none; mso-layout-grid-align: none; text-autospace: none;\"><span style=\"mso-bidi-font-size: 11.0pt; mso-bidi-font-family: Tahoma; mso-ansi-language: AR-SA;\" lang=\"AR-SA\"> <\/span><\/p>\n<p class=\"MsoNormal\" style=\"mso-pagination: none; mso-layout-grid-align: none; text-autospace: none;\"><span style=\"mso-bidi-font-size: 11.0pt; mso-bidi-font-family: Tahoma; color: red; mso-ansi-language: AR-SA;\" lang=\"AR-SA\">Maar dit ene mag u niet ontgaan, geliefden, dat bij de Heer \u00e9\u00e9n dag is als duizend jaren en &#8216;duizend jaren als \u00e9\u00e9n dag&#8217; (Ps. 90,4). De Heer is niet traag met wat is aangekondigd, hoewel sommigen het traagheid achten,maar hij is lankmoedig jegens u, omdat hij niet wil dat sommigen verloren gaan; nee, dat allen tot bekering komen.<span style=\"mso-tab-count: 1;\"> <\/span><\/span><span style=\"mso-bidi-font-size: 11.0pt; mso-bidi-font-family: Tahoma; mso-ansi-language: AR-SA;\" lang=\"AR-SA\"><\/span><\/p>\n<p class=\"MsoNormal\" style=\"mso-pagination: none; mso-layout-grid-align: none; text-autospace: none;\"><span style=\"mso-ansi-language: AR-SA;\" lang=\"AR-SA\"> <\/span><\/p>\n<p class=\"MsoNormal\" style=\"mso-pagination: none; mso-layout-grid-align: none; text-autospace: none;\"><span style=\"mso-ansi-language: AR-SA;\" lang=\"AR-SA\">God wacht nog omdat Hij wil dat allen tot bekering komen. Het is geen uitstelgedrag of vergeetachtigheid. Maar een uiting van Gods liefde voor ons mensen. Van Zijn genade, waarover Johannes sprak.<\/span><\/p>\n<p class=\"MsoNormal\" style=\"mso-pagination: none; mso-layout-grid-align: none; text-autospace: none;\"><span style=\"mso-ansi-language: AR-SA;\" lang=\"AR-SA\"> <\/span><\/p>\n<p class=\"MsoNormal\" style=\"mso-pagination: none; mso-layout-grid-align: none; text-autospace: none;\"><span style=\"mso-ansi-language: AR-SA;\" lang=\"AR-SA\">En dat illustreert Openbaring 22 prachtig. In vers 20 lees je wat de Heer Jezus het liefste wil: <\/span><span style=\"mso-bidi-font-size: 11.0pt; mso-bidi-font-family: Tahoma; color: red; mso-ansi-language: AR-SA;\" lang=\"AR-SA\">Hij die dit betuigt zegt: ja, ik kom spoedig! <\/span><span style=\"mso-bidi-font-size: 11.0pt; mso-bidi-font-family: Tahoma; mso-ansi-language: AR-SA;\" lang=\"AR-SA\">Hij wil niets liever dan zijn bruid ophalen. Dat is zijn ultieme verlangen. <\/span><span style=\"mso-ansi-language: AR-SA;\" lang=\"AR-SA\"><\/span><\/p>\n<p class=\"MsoNormal\" style=\"mso-pagination: none; mso-layout-grid-align: none; text-autospace: none;\"><span style=\"color: red; mso-ansi-language: AR-SA;\" lang=\"AR-SA\"> <\/span><\/p>\n<p class=\"MsoNormal\" style=\"mso-pagination: none; mso-layout-grid-align: none; text-autospace: none;\"><span style=\"font-size: 11.0pt; font-family: Tahoma; mso-bidi-font-family: Tahoma; mso-ansi-language: EN-US;\" lang=\"EN-US\"> <\/span><\/p>\n<div style=\"mso-element: para-border-div; border: solid windowtext 1.0pt; mso-border-alt: solid windowtext .5pt; padding: 1.0pt 4.0pt 1.0pt 4.0pt;\">\n<p class=\"MsoNormal\" style=\"text-align: center; mso-pagination: none; mso-layout-grid-align: none; text-autospace: none; border: none; mso-border-alt: solid windowtext .5pt; padding: 0cm; mso-padding-alt: 1.0pt 4.0pt 1.0pt 4.0pt;\" align=\"center\"><strong style=\"mso-bidi-font-weight: normal;\"><span style=\"font-size: 14.0pt; mso-bidi-font-size: 11.0pt; mso-bidi-font-family: Tahoma; color: blue; mso-ansi-language: EN-US;\" lang=\"EN-US\">&#8216;langgezochte&#8217;, &#8216;stad-nooit-verlaten&#8217;!<\/span><\/strong><span style=\"font-size: 12.0pt; font-family: Cambria; mso-ascii-theme-font: minor-latin; mso-hansi-theme-font: minor-latin; mso-ansi-language: AR-SA;\" lang=\"AR-SA\"><\/span><\/p>\n<\/p><\/div><\/p>\n","protected":false},"excerpt":{"rendered":"<p>0 false 21 18 pt 18 pt 0 0 false false false \/* Style Definitions *\/ table.MsoNormalTable {mso-style-name:Standaardtabel; mso-tstyle-rowband-size:0; mso-tstyle-colband-size:0; mso-style-noshow:yes; mso-style-parent:&#8221;&#8221;; mso-padding-alt:0cm 5.4pt 0cm 5.4pt; mso-para-margin:0cm; mso-para-margin-bottom:.0001pt; mso-pagination:widow-orphan; font-size:12.0pt; font-family:&#8221;Times New Roman&#8221;; mso-ascii-font-family:Cambria; mso-ascii-theme-font:minor-latin; mso-hansi-font-family:Cambria; mso-hansi-theme-font:minor-latin; mso-ansi-language:NL; mso-fareast-language:EN-US;} tot jou zal worden geroepen: Teksten die je al honderd keer las kunnen je soms treffen &hellip; <\/p>\n<p class=\"link-more\"><a href=\"https:\/\/www.vergaderingalkmaar.nl\/?page_id=273\" class=\"more-link\"><span class=\"screen-reader-text\">&#8220;Preek zondag 25 mei 2014&#8221;<\/span> verder lezen<\/a><\/p>\n","protected":false},"author":1,"featured_media":0,"parent":588,"menu_order":17,"comment_status":"open","ping_status":"open","template":"","meta":[],"_links":{"self":[{"href":"https:\/\/www.vergaderingalkmaar.nl\/index.php?rest_route=\/wp\/v2\/pages\/273"}],"collection":[{"href":"https:\/\/www.vergaderingalkmaar.nl\/index.php?rest_route=\/wp\/v2\/pages"}],"about":[{"href":"https:\/\/www.vergaderingalkmaar.nl\/index.php?rest_route=\/wp\/v2\/types\/page"}],"author":[{"embeddable":true,"href":"https:\/\/www.vergaderingalkmaar.nl\/index.php?rest_route=\/wp\/v2\/users\/1"}],"replies":[{"embeddable":true,"href":"https:\/\/www.vergaderingalkmaar.nl\/index.php?rest_route=%2Fwp%2Fv2%2Fcomments&post=273"}],"version-history":[{"count":0,"href":"https:\/\/www.vergaderingalkmaar.nl\/index.php?rest_route=\/wp\/v2\/pages\/273\/revisions"}],"up":[{"embeddable":true,"href":"https:\/\/www.vergaderingalkmaar.nl\/index.php?rest_route=\/wp\/v2\/pages\/588"}],"wp:attachment":[{"href":"https:\/\/www.vergaderingalkmaar.nl\/index.php?rest_route=%2Fwp%2Fv2%2Fmedia&parent=273"}],"curies":[{"name":"wp","href":"https:\/\/api.w.org\/{rel}","templated":true}]}}