{"id":270,"date":"2014-04-27T20:18:17","date_gmt":"2014-04-27T19:18:17","guid":{"rendered":"http:\/\/www.vergaderingalkmaar.nl\/?page_id=270"},"modified":"2014-11-08T22:22:37","modified_gmt":"2014-11-08T21:22:37","slug":"preek-zondag-27-april-2014","status":"publish","type":"page","link":"https:\/\/www.vergaderingalkmaar.nl\/?page_id=270","title":{"rendered":"Preek zondag 27 april 2014 &#8216;Praktisch leven in de verwachting&#8217;"},"content":{"rendered":"<div style=\"mso-element: para-border-div; border: solid windowtext 1.0pt; mso-border-alt: solid windowtext .5pt; padding: 1.0pt 4.0pt 1.0pt 4.0pt;\">\n<p class=\"MsoNormal\" style=\"text-align: center; mso-pagination: none; mso-layout-grid-align: none; text-autospace: none; border: none; mso-border-alt: solid windowtext .5pt; padding: 0cm; mso-padding-alt: 1.0pt 4.0pt 1.0pt 4.0pt;\" align=\"center\"><strong style=\"mso-bidi-font-weight: normal;\"><span lang=\"NL\" style=\"font-size: 14.0pt; mso-bidi-font-size: 11.0pt; mso-bidi-font-family: Tahoma; color: blue;\">Maken zal de Ene, de Omschaarde, voor alle gemeenschappen, <\/span><\/strong><\/p>\n<p class=\"MsoNormal\" style=\"text-align: center; mso-pagination: none; mso-layout-grid-align: none; text-autospace: none; border: none; mso-border-alt: solid windowtext .5pt; padding: 0cm; mso-padding-alt: 1.0pt 4.0pt 1.0pt 4.0pt;\" align=\"center\"><strong style=\"mso-bidi-font-weight: normal;\"><span lang=\"NL\" style=\"font-size: 14.0pt; mso-bidi-font-size: 11.0pt; mso-bidi-font-family: Tahoma; color: blue;\">op deze berg, een feestdronk met olierijke spijzen,<\/span><\/strong><\/p>\n<\/div>\n<p class=\"MsoNormal\"><strong style=\"mso-bidi-font-weight: normal;\"><span lang=\"NL\">Praktisch leven in de verwachting<\/span><\/strong><span lang=\"NL\"> (van de terugkomst van de Bruidegom). <strong style=\"mso-bidi-font-weight: normal;\">Over vier bekers wijn.<\/strong> <\/span><\/p>\n<p class=\"MsoNormal\"><span lang=\"NL\">De christelijke gemeente wordt ook wel \u2018de bruid van het lam\u2019 genoemd. De Heer Jezus kwam naar deze aarde om zich een bruid te verwerven. In 2 Kor. 11: 2 zegt Paulus \u2013 als huwelijksmakelaar &#8211; dat prachtig: <\/span><span lang=\"NL\" style=\"mso-bidi-font-size: 11.0pt; mso-bidi-font-family: Tahoma; color: red;\">want ik heb u verbonden aan \u00e9\u00e9n man, om u als een ongerepte maagd naast de Christus op te stellen. <\/span><\/p>\n<p class=\"MsoNormal\"><span lang=\"NL\" style=\"mso-bidi-font-size: 11.0pt; mso-bidi-font-family: Tahoma;\">De oude Joodse huwelijkstraditie kent niet het gedwongen huwelijk. Wel spelen vaders een hoofdrol daarin.<\/span><\/p>\n<p class=\"MsoNormal\"><span lang=\"NL\" style=\"mso-bidi-font-size: 11.0pt; mso-bidi-font-family: Tahoma;\">Een vader heeft een zoon. En hij zoekt voor zijn zoon een vrouw. Een mooi voorbeeld is Genesis 24. Abraham zoekt een vrouw voor zijn zoon Isa\u00e4k. En hij stuurt zijn knecht Eli\u00ebzer als huwelijksmakelaar op pad. Eli\u00ebzer krijgt een hele waslijst aan eisen mee waaraan de bruid moet voldoen. <\/span><\/p>\n<p class=\"MsoNormal\"><span lang=\"NL\" style=\"mso-bidi-font-size: 11.0pt; mso-bidi-font-family: Tahoma; color: blue;\">Zo is de christelijke gemeente de bruid van Christus. Met Paulus in de rol van huwelijksmakelaar.<\/span><span lang=\"NL\" style=\"mso-bidi-font-size: 11.0pt; mso-bidi-font-family: Tahoma;\"> Als die joodse vader een andere vader weet met een mogelijk passend meisje, hebben beide vaders contact. En ze arrangeren een \u2018toevallige\u2019 ontmoeting, op een markt of zoiets. Dan kan het gebeuren dat er tussen de jongen en het meisje geen enkele klik is. Dat is dat een typisch geval van jammer. De pogingen van de vaders stoppen dan terwijl ze eigenlijk nog nauwelijks waren begonnen. Als gezegd: Israel kende geen gedwongen huwelijk.<\/span><\/p>\n<p class=\"MsoNormal\"><strong style=\"mso-bidi-font-weight: normal;\"><span lang=\"NL\" style=\"mso-bidi-font-size: 11.0pt; mso-bidi-font-family: Tahoma;\">De eerste beker wijn.<\/span><\/strong><\/p>\n<p class=\"MsoNormal\"><span lang=\"NL\" style=\"mso-bidi-font-size: 11.0pt; mso-bidi-font-family: Tahoma;\">Als er echter wel een klein vonkje leek over te springen op dat marktplein, startte er een procedure waarin vier maal een beker wijn een centrale rol speelde. Als de jongen tegen z\u2019n vader zei \u2018<em style=\"mso-bidi-font-style: normal;\">nou, met dat meisje zou ik misschien best wel willen trouwen<\/em>,\u2019 dan spraken beide vaders een datum af. Op die dag gaat de vader met zijn zoon naar het huis van het meisje, en klopt op de deur. Als in Op. 3: 20: <\/span><\/p>\n<p class=\"MsoNormal\" style=\"mso-pagination: none; mso-layout-grid-align: none; text-autospace: none;\"><span lang=\"NL\" style=\"mso-bidi-font-size: 11.0pt; mso-bidi-font-family: Tahoma; color: red;\">zie, ik sta aan de deur en ik klop; indien iemand mijn stem hoort en de deur opent, zal ik bij hem binnenkomen en ik zal met hem maaltijd houden en hij met mij;<\/span><\/p>\n<p class=\"MsoNormal\" style=\"mso-pagination: none; mso-layout-grid-align: none; text-autospace: none;\"><span lang=\"NL\" style=\"mso-bidi-font-size: 11.0pt; mso-bidi-font-family: Tahoma;\">De vader van het meisje vertelt wie er voor de deur staan. En vraagt zijn dochter of hij de deur zal opendoen. Als het meisje nee zegt, is de poging tot een huwelijk ter ziele. Maar als het meisje ja zegt, wordt in het halletje van haar huis de eerste beker wijn gedronken; de gasten hebben de fles en de bekers meegenomen. <\/span><\/p>\n<p class=\"MsoNormal\" style=\"mso-pagination: none; mso-layout-grid-align: none; text-autospace: none;\"><span lang=\"NL\" style=\"mso-bidi-font-size: 11.0pt; mso-bidi-font-family: Tahoma; color: blue;\">Doen wij de deur voor de Heer Jezus open? De gemeente in Openbaringen weigerde dat!<\/span><\/p>\n<p class=\"MsoNormal\" style=\"mso-pagination: none; mso-layout-grid-align: none; text-autospace: none;\"><strong style=\"mso-bidi-font-weight: normal;\"><span lang=\"NL\" style=\"mso-bidi-font-size: 11.0pt; mso-bidi-font-family: Tahoma;\">De tweede beker wijn.<\/span><\/strong><\/p>\n<p class=\"MsoNormal\" style=\"mso-pagination: none; mso-layout-grid-align: none; text-autospace: none;\"><span lang=\"NL\" style=\"mso-bidi-font-size: 11.0pt; mso-bidi-font-family: Tahoma;\">Het gezelschap gaat vervolgens aan tafel Om te eten, maar minstens zo belangrijk: om te onderhandelen. Om te beginnen over de bruidsschat. Uit de hoogte van het bedrag dat de bruidegom bereid is te betalen blijkt hoeveel de bruid hem waard is. Met Ef. 5: 25: <span style=\"color: red;\">zoals ook de Christus de vergadering heeft liefgehad en zich voor haar heeft prijsgegeven, <\/span><span style=\"color: blue;\">Christus had voor zijn bruid alles over. Hij betaalde de hoogst mogelijke prijs voor haar. <\/span><\/span><\/p>\n<p class=\"MsoNormal\" style=\"mso-pagination: none; mso-layout-grid-align: none; text-autospace: none;\"><span lang=\"NL\" style=\"mso-bidi-font-size: 11.0pt; mso-bidi-font-family: Tahoma;\">De joodse bruidegom in spe overhandigde aan het eind van het gesprek het meisje een schriftelijke verklaring waarin hij aangeeft hoe hij haar zal onderhouden, wat ze bij zijn eventueel overlijden zal erven en wat ze bij een onverhoopte scheiding zal krijgen. <\/span><\/p>\n<p class=\"MsoNormal\" style=\"mso-pagination: none; mso-layout-grid-align: none; text-autospace: none;\"><span lang=\"NL\" style=\"mso-bidi-font-size: 11.0pt; mso-bidi-font-family: Tahoma;\">Als het meisje dat schriftelijke stuk aanvaardt, wordt de tweede beker wijn gedronken. Met de aanvaarding van de voorwaarden door het meisje is in feite de totstandkoming van het huwelijk bezegeld. <\/span><\/p>\n<p class=\"MsoNormal\" style=\"mso-pagination: none; mso-layout-grid-align: none; text-autospace: none;\"><strong style=\"mso-bidi-font-weight: normal;\"><span lang=\"NL\" style=\"mso-bidi-font-size: 11.0pt; mso-bidi-font-family: Tahoma;\">De derde beker wijn.<\/span><\/strong><\/p>\n<p class=\"MsoNormal\" style=\"mso-pagination: none; mso-layout-grid-align: none; text-autospace: none;\"><span lang=\"NL\" style=\"mso-bidi-font-size: 11.0pt; mso-bidi-font-family: Tahoma;\">De maaltijd in het huis van het meisje is ten einde. Bruid en bruidegom drinken ter bezegeling in het halletje een derde beker wijn. En de bruidegom zegt (Matth. 26: 29): <span style=\"color: red;\">en ik zeg jou: ik zal van nu af<\/span><\/span><\/p>\n<p class=\"MsoNormal\" style=\"mso-pagination: none; mso-layout-grid-align: none; text-autospace: none;\"><span lang=\"NL\" style=\"mso-bidi-font-size: 11.0pt; mso-bidi-font-family: Tahoma; color: red;\">niet drinken van wat de wijnstok voortbrengt tot op die dag wanneer ik het opnieuw met jou drink in het huis van mijn vader!<\/span><\/p>\n<p class=\"MsoNormal\" style=\"mso-pagination: none; mso-layout-grid-align: none; text-autospace: none;\"><span lang=\"NL\" style=\"mso-bidi-font-size: 11.0pt; mso-bidi-font-family: Tahoma;\">De bruidegom gaat met zijn vader weer naar huis. Hij maakt een bruidsvertrek voor zijn aanstaande vrouw klaar en bouwt een huis voor haar. Hij belooft haar dat hij voor haar aan de slag gaat: Joh. 14: 3 <span style=\"color: red;\">als ik op reis gegaan ben en u een plaats heb bereid zal ik weer komen en u opnemen bij mij, <\/span>En bij dat afscheid voor een langere tijd geeft de jongen een geschenk. Het is een onderpand dat zeker stelt dat hij terug komt.<\/span><\/p>\n<p class=\"MsoNormal\" style=\"mso-pagination: none; mso-layout-grid-align: none; text-autospace: none;\"><span lang=\"NL\" style=\"mso-bidi-font-size: 11.0pt; mso-bidi-font-family: Tahoma; color: blue;\">Zo een geschenk gaf de Heer Jezus ons ook (Ef. 1: 13, 14): de heilige Geest<\/span><span lang=\"NL\" style=\"mso-bidi-font-size: 11.0pt; mso-bidi-font-family: Tahoma;\"> <span style=\"color: red;\">Door in hem te geloven<\/span><\/span><\/p>\n<p class=\"MsoNormal\" style=\"mso-pagination: none; mso-layout-grid-align: none; text-autospace: none;\"><span lang=\"NL\" style=\"mso-bidi-font-size: 11.0pt; mso-bidi-font-family: Tahoma; color: red;\">draagt ook gij het zegel van de aangekondigde heilige Geest. Deze is de waarborg voor ons erfdeel:<\/span><\/p>\n<p class=\"MsoNormal\" style=\"mso-pagination: none; mso-layout-grid-align: none; text-autospace: none;\"><span lang=\"NL\" style=\"mso-bidi-font-size: 11.0pt; mso-bidi-font-family: Tahoma; color: red;\">dat zijn eigendom verlost wordt,- tot lof van zijn heerlijkheid! <\/span><span lang=\"NL\" style=\"mso-bidi-font-size: 11.0pt; mso-bidi-font-family: Tahoma; color: blue;\">De heilige Geest is het onderpand van onze erfenis.<\/span><\/p>\n<p class=\"MsoNormal\" style=\"mso-pagination: none; mso-layout-grid-align: none; text-autospace: none;\"><strong style=\"mso-bidi-font-weight: normal;\"><span lang=\"NL\" style=\"mso-bidi-font-size: 11.0pt; mso-bidi-font-family: Tahoma;\">De vierde beker wijn.<\/span><\/strong><\/p>\n<p class=\"MsoNormal\" style=\"mso-pagination: none; mso-layout-grid-align: none; text-autospace: none;\"><span lang=\"NL\" style=\"mso-bidi-font-size: 11.0pt; mso-bidi-font-family: Tahoma;\">De bruidegom gaat thuis aan het werk. En op een dag \u2013 het kan wel een tot twee jaar duren \u2013 zijn de voorbereidingen voor het huwelijk klaar en krijgt de bruidegom toestemming om zijn bruid op te halen. Op 18: 6, 7: <span style=\"color: red;\">halleluja!, omdat de Heer onze God, de albeheerser, zijn koningschap is begonnen!- laten wij ons verheugen en juichen en hem de glorie geven, omdat de bruiloft van het lam is gekomen, <\/span><\/span><\/p>\n<p class=\"MsoNormal\" style=\"mso-pagination: none; mso-layout-grid-align: none; text-autospace: none;\"><span lang=\"NL\" style=\"mso-bidi-font-size: 11.0pt; mso-bidi-font-family: Tahoma;\">De joodse bruid heeft natuurlijk ook zo haar informatie; ze stuurt vriendinnen voor zich uit en verlaat op stiekeme wijze het huis van haar vader (die het spelletje meespeelt en de ander kant op kijkt). <\/span><\/p>\n<p class=\"MsoNormal\" style=\"mso-pagination: none; mso-layout-grid-align: none; text-autospace: none;\"><span lang=\"NL\" style=\"mso-bidi-font-size: 11.0pt; mso-bidi-font-family: Tahoma;\">Bruid en bruidegom ontmoeten elkaar en betrekken het bruidsvertrek, waar ze samen de beloofde vierde beker wijn drinken. Een week blijven de gelieven daar samen. Daarna vindt het zeven dagen durende bruiloftsfeest plaats.<\/span><\/p>\n<p class=\"MsoNormal\" style=\"mso-pagination: none; mso-layout-grid-align: none; text-autospace: none;\"><span lang=\"NL\" style=\"mso-bidi-font-size: 11.0pt; mso-bidi-font-family: Tahoma; color: blue;\">De christelijke gemeente ziet ook uit naar zo een verblijf met haar Bruidegom. Met 1 Thess. 4: 17: <\/span><span lang=\"NL\" style=\"mso-bidi-font-size: 11.0pt; mso-bidi-font-family: Tahoma; color: red;\">daarna zullen wij, \u2026\u2026\u2026\u2026.., \u2026\u2026\u2026\u2026.. in wolken worden weggevoerd de Heer tegemoet de lucht in; en z\u00f3 zullen wij altijd samen met de Heer zijn<\/span><span lang=\"NL\" style=\"font-size: 11.0pt; font-family: Tahoma; mso-bidi-font-family: Tahoma; color: red;\">.<\/span><span lang=\"NL\" style=\"mso-bidi-font-size: 11.0pt; mso-bidi-font-family: Tahoma; color: blue;\"> De gemeente \u2013 de bruid \u2013 verblijft zeven jaar bij de Bruidegom in de hemel. Op aarde heerst er dan oorlog en verderf. Na die zeven jaar komen bruid en Bruidegom terug en stellen orde op zaken, voor het eeuwige feest. Met glasheldere, lang-bewaarde wijnen.<\/span><\/p>\n<div style=\"mso-element: para-border-div; border: none; border-bottom: solid windowtext 1.5pt; padding: 0cm 0cm 1.0pt 0cm;\"><\/div>\n<p class=\"MsoNormal\" style=\"mso-pagination: none; mso-layout-grid-align: none; text-autospace: none;\"><strong style=\"mso-bidi-font-weight: normal;\"><span lang=\"NL\" style=\"mso-bidi-font-size: 11.0pt; mso-bidi-font-family: Tahoma;\">Hoe leven wij nu vanuit de verwachting?<\/span><\/strong><span lang=\"NL\" style=\"mso-bidi-font-size: 11.0pt; mso-bidi-font-family: Tahoma;\"> Dat gaat over de periode tussen de derde en de vierde beker wijn die bruid en bruidegom drinken. Wat doet de bruid in die periode van \u00e9\u00e9n tot twee jaar?<\/span><\/p>\n<p class=\"MsoListParagraphCxSpFirst\" style=\"margin-left: 18.0pt; mso-add-space: auto; text-indent: -18.0pt; mso-pagination: none; mso-list: l1 level1 lfo2; mso-layout-grid-align: none; text-autospace: none;\"><span lang=\"NL\" style=\"mso-bidi-font-size: 11.0pt; font-family: Symbol; mso-fareast-font-family: Symbol; mso-bidi-font-family: Symbol;\"><span style=\"mso-list: Ignore;\">\u00b7 <\/span><\/span><span lang=\"NL\" style=\"mso-bidi-font-size: 11.0pt; mso-bidi-font-family: Tahoma;\">In Israel reinigde de bruid zich volgens vaste rituelen. Want ze moest wel op klaar zijn op het moment dat de bruidegom zou komen. 1 Joh. 3: 2 <span style=\"color: red;\">Geliefden, n\u00fa zijn we al kinderen van God en dan is nog niet eens verschenen wat wij z\u00fallen zijn; maar we weten dat, als hij verschijnt, wij op hem gelijkend zullen zijn,- dat we hem zullen zien zoals hij is.<br \/>\n<\/span><span style=\"color: blue;\">Als wij leven in de verwachting van Christus\u2019 komst, zullen ook wij ons moeten reinigen. Dat houdt in dat we onze zonden belijden en nalaten. En dat heeft dus alles te maken met de praktische geloofsuitoefening van alle dag.<br style=\"mso-special-character: line-break;\" \/> <br style=\"mso-special-character: line-break;\" \/> <\/span><\/span><\/p>\n<p class=\"MsoListParagraphCxSpMiddle\" style=\"margin-left: 18.0pt; mso-add-space: auto; text-indent: -18.0pt; mso-pagination: none; mso-list: l1 level1 lfo2; mso-layout-grid-align: none; text-autospace: none;\"><span lang=\"NL\" style=\"font-family: Symbol; mso-fareast-font-family: Symbol; mso-bidi-font-family: Symbol; color: blue;\"><span style=\"mso-list: Ignore;\">\u00b7 <\/span><\/span><span lang=\"NL\">De bruid moest haar bruidskleed weven. Plus gordijnen en andere kleden. Op. 19: 8: <span style=\"color: red;\">en haar is gegeven zich te bekleden met schitterend, rein, fijn linnen! Want het fijne linnen zijn de rechtvaardige daden van de heiligen.<br \/>\n<\/span><span style=\"color: blue;\">De bruid heeft een prachtig kleed. <strong style=\"mso-bidi-font-weight: normal;\">MAAR DAT HEEFT ZE ZELF GEWEVEN<\/strong>! Ef. 2: 10: <\/span><span style=\"color: red;\">in Christus Jezus geschapen voor goede werken, die God heeft voorbereid opdat wij daarin zullen wandelen. <\/span><span style=\"color: blue;\">Wij christenen moeten niet met de armen over elkaar op de toekomst gaan zitten wachten. We moeten aan de slag. We moeten zaken oppakken!<br style=\"mso-special-character: line-break;\" \/> <br style=\"mso-special-character: line-break;\" \/> <\/span><\/span><\/p>\n<p class=\"MsoListParagraphCxSpMiddle\" style=\"margin-left: 18.0pt; mso-add-space: auto; text-indent: -18.0pt; mso-pagination: none; mso-list: l1 level1 lfo2; mso-layout-grid-align: none; text-autospace: none;\"><span lang=\"NL\" style=\"font-family: Symbol; mso-fareast-font-family: Symbol; mso-bidi-font-family: Symbol; color: red;\"><span style=\"mso-list: Ignore;\">\u00b7 <\/span><\/span><span lang=\"NL\">De bruid moet waakzaam zijn. Ze kon immers niet weten wanneer de bruidegom precies zou komen! <span style=\"color: blue;\">De gemeente van Thessalonica woonde in een kleine stad in het noordoosten van Griekenland. Maar ze was bekend in heel Griekenland en in Achaje. 1 Thess. 1: 7<\/span><span style=\"color: red;\">: <\/span><\/span><span lang=\"NL\" style=\"mso-bidi-font-size: 11.0pt; mso-bidi-font-family: Tahoma; color: red;\">zodat gij een voorbeeld zijt geworden <\/span><span lang=\"NL\" style=\"color: red;\">voor allen die geloven in Macedoni\u00eb en in Achaje. <\/span><span lang=\"NL\" style=\"color: blue;\">En wat was het geloof van de Thessalonikers? Drie hoofdzaken van het christelijk geloof brachten ze in praktijk:<\/span><\/p>\n<p class=\"MsoListParagraphCxSpMiddle\" style=\"margin-left: 54.0pt; mso-add-space: auto; text-indent: -18.0pt; mso-pagination: none; mso-list: l1 level2 lfo2; mso-layout-grid-align: none; text-autospace: none;\"><span lang=\"NL\"><span style=\"mso-list: Ignore;\">o <\/span><\/span><span lang=\"NL\" style=\"color: red;\">hoe ge u tot God hebt gekeerd, van de afgoden af <\/span><\/p>\n<p class=\"MsoListParagraphCxSpMiddle\" style=\"margin-left: 54.0pt; mso-add-space: auto; text-indent: -18.0pt; mso-pagination: none; mso-list: l1 level2 lfo2; mso-layout-grid-align: none; text-autospace: none;\"><span lang=\"NL\"><span style=\"mso-list: Ignore;\">o <\/span><\/span><span lang=\"NL\" style=\"color: red;\">om dienstbaar te zijn aan een levende en waarachtige God, <\/span><\/p>\n<p class=\"MsoListParagraphCxSpLast\" style=\"margin-left: 54.0pt; mso-add-space: auto; text-indent: -18.0pt; mso-pagination: none; mso-list: l1 level2 lfo2; mso-layout-grid-align: none; text-autospace: none;\"><span lang=\"NL\"><span style=\"mso-list: Ignore;\">o <\/span><\/span><span lang=\"NL\" style=\"mso-bidi-font-size: 11.0pt; mso-bidi-font-family: Tahoma; color: red;\">en uit de hemelen zijn zoon te verbeiden<\/span><\/p>\n<p class=\"MsoNormal\" style=\"mso-pagination: none; mso-layout-grid-align: none; text-autospace: none;\"><span lang=\"NL\" style=\"color: blue;\">Verwachten wij in deze periode voor zijn terugkeer Hem die ons zal redden van de toekomende toorn? Zien we uit naar zijn komst, naar de bruiloft? <\/span><\/p>\n<div style=\"mso-element: para-border-div; border: solid windowtext 1.0pt; mso-border-alt: solid windowtext .5pt; padding: 1.0pt 4.0pt 1.0pt 4.0pt;\">\n<p class=\"MsoNormal\" style=\"text-align: center; border: none; mso-border-alt: solid windowtext .5pt; padding: 0cm; mso-padding-alt: 1.0pt 4.0pt 1.0pt 4.0pt;\" align=\"center\"><strong style=\"mso-bidi-font-weight: normal;\"><span lang=\"NL\" style=\"font-size: 14.0pt; mso-bidi-font-size: 11.0pt; mso-bidi-font-family: Tahoma; color: blue;\">een feestdronk van lang-bewaarde wijnen,- <\/span><\/strong><\/p>\n<p class=\"MsoNormal\" style=\"text-align: center; border: none; mso-border-alt: solid windowtext .5pt; padding: 0cm; mso-padding-alt: 1.0pt 4.0pt 1.0pt 4.0pt;\" align=\"center\"><strong style=\"mso-bidi-font-weight: normal;\"><span lang=\"NL\" style=\"font-size: 14.0pt; mso-bidi-font-size: 11.0pt; mso-bidi-font-family: Tahoma; color: blue;\">vetrijke spijzen vol merg, glasheldere lang-bewaarde wijnen.<\/span><\/strong><\/p>\n<\/div>\n","protected":false},"excerpt":{"rendered":"<p>Maken zal de Ene, de Omschaarde, voor alle gemeenschappen, op deze berg, een feestdronk met olierijke spijzen, Praktisch leven in de verwachting (van de terugkomst van de Bruidegom). Over vier bekers wijn. De christelijke gemeente wordt ook wel \u2018de bruid van het lam\u2019 genoemd. De Heer Jezus kwam naar deze aarde om zich een bruid &hellip; <\/p>\n<p class=\"link-more\"><a href=\"https:\/\/www.vergaderingalkmaar.nl\/?page_id=270\" class=\"more-link\"><span class=\"screen-reader-text\">&#8220;Preek zondag 27 april 2014 &#8216;Praktisch leven in de verwachting&#8217;&#8221;<\/span> verder lezen<\/a><\/p>\n","protected":false},"author":1,"featured_media":0,"parent":588,"menu_order":20,"comment_status":"open","ping_status":"open","template":"","meta":[],"_links":{"self":[{"href":"https:\/\/www.vergaderingalkmaar.nl\/index.php?rest_route=\/wp\/v2\/pages\/270"}],"collection":[{"href":"https:\/\/www.vergaderingalkmaar.nl\/index.php?rest_route=\/wp\/v2\/pages"}],"about":[{"href":"https:\/\/www.vergaderingalkmaar.nl\/index.php?rest_route=\/wp\/v2\/types\/page"}],"author":[{"embeddable":true,"href":"https:\/\/www.vergaderingalkmaar.nl\/index.php?rest_route=\/wp\/v2\/users\/1"}],"replies":[{"embeddable":true,"href":"https:\/\/www.vergaderingalkmaar.nl\/index.php?rest_route=%2Fwp%2Fv2%2Fcomments&post=270"}],"version-history":[{"count":2,"href":"https:\/\/www.vergaderingalkmaar.nl\/index.php?rest_route=\/wp\/v2\/pages\/270\/revisions"}],"predecessor-version":[{"id":737,"href":"https:\/\/www.vergaderingalkmaar.nl\/index.php?rest_route=\/wp\/v2\/pages\/270\/revisions\/737"}],"up":[{"embeddable":true,"href":"https:\/\/www.vergaderingalkmaar.nl\/index.php?rest_route=\/wp\/v2\/pages\/588"}],"wp:attachment":[{"href":"https:\/\/www.vergaderingalkmaar.nl\/index.php?rest_route=%2Fwp%2Fv2%2Fmedia&parent=270"}],"curies":[{"name":"wp","href":"https:\/\/api.w.org\/{rel}","templated":true}]}}