{"id":269,"date":"2014-04-21T13:32:39","date_gmt":"2014-04-21T12:32:39","guid":{"rendered":"http:\/\/www.vergaderingalkmaar.nl\/?page_id=269"},"modified":"2014-04-21T13:32:39","modified_gmt":"2014-04-21T12:32:39","slug":"preek-zondag-20-april-2014","status":"publish","type":"page","link":"https:\/\/www.vergaderingalkmaar.nl\/?page_id=269","title":{"rendered":"Preek zondag 20 april 2014"},"content":{"rendered":"<p>      0 false  21  18 pt 18 pt 0 0  false false false               \/* Style Definitions *\/ table.MsoNormalTable \t{mso-style-name:Standaardtabel; \tmso-tstyle-rowband-size:0; \tmso-tstyle-colband-size:0; \tmso-style-noshow:yes; \tmso-style-parent:&#8221;&#8221;; \tmso-padding-alt:0cm 5.4pt 0cm 5.4pt; \tmso-para-margin:0cm; \tmso-para-margin-bottom:.0001pt; \tmso-pagination:widow-orphan; \tfont-size:12.0pt; \tfont-family:&#8221;Times New Roman&#8221;; \tmso-ascii-font-family:Cambria; \tmso-ascii-theme-font:minor-latin; \tmso-fareast-font-family:&#8221;Times New Roman&#8221;; \tmso-fareast-theme-font:minor-fareast; \tmso-hansi-font-family:Cambria; \tmso-hansi-theme-font:minor-latin;}    <\/p>\n<div style=\"mso-element: para-border-div; border: solid windowtext 1.0pt; mso-border-alt: solid windowtext .5pt; padding: 1.0pt 4.0pt 1.0pt 4.0pt;\">\n<p class=\"MsoNormal\" style=\"text-align: center; border: none; mso-border-alt: solid windowtext .5pt; padding: 0cm; mso-padding-alt: 1.0pt 4.0pt 1.0pt 4.0pt;\" align=\"center\"><strong style=\"mso-bidi-font-weight: normal;\"><span style=\"font-size: 14.0pt; mso-bidi-font-family: Helvetica; color: blue;\" lang=\"NL\">Christos voskrese!<\/span><\/strong><\/p>\n<\/p><\/div>\n<p class=\"MsoNormal\"><span style=\"font-size: 14.0pt; font-family: Helvetica; mso-bidi-font-family: Helvetica; color: #1c1c1c;\" lang=\"NL\"> <\/span><\/p>\n<p class=\"MsoNormal\"><span style=\"mso-bidi-font-size: 14.0pt; mso-bidi-font-family: Helvetica; color: #1c1c1c;\" lang=\"NL\">\u2018<\/span><em style=\"mso-bidi-font-style: normal;\"><span style=\"mso-bidi-font-size: 14.0pt; mso-bidi-font-family: Helvetica; color: blue;\" lang=\"NL\">Christus is opgestaan!<\/span><\/em><span style=\"mso-bidi-font-size: 14.0pt; mso-bidi-font-family: Helvetica; color: #1c1c1c;\" lang=\"NL\">\u2019 In de Oosters-orthodoxe kerken is het gewoonte elkaar op paasmorgen te begroeten met die aanroep. De ander antwoordt dan \u2018<\/span><em style=\"mso-bidi-font-style: normal;\"><span style=\"mso-bidi-font-size: 14.0pt; mso-bidi-font-family: Helvetica; color: blue;\" lang=\"NL\">Hij is waarlijk opgestaan!<\/span><\/em><span style=\"mso-bidi-font-size: 14.0pt; mso-bidi-font-family: Helvetica; color: #1c1c1c;\" lang=\"NL\">\u2019<\/span><\/p>\n<p class=\"MsoNormal\"><span style=\"mso-bidi-font-size: 14.0pt; mso-bidi-font-family: Helvetica; color: #1c1c1c;\" lang=\"NL\"> <\/span><\/p>\n<p class=\"MsoNormal\"><span style=\"mso-bidi-font-size: 14.0pt; mso-bidi-font-family: Helvetica; color: #1c1c1c;\" lang=\"NL\">Vandaag viert het christendom het paasfeest. Vieren, want we staan erbij stil. Het betekent wat voor ons. Het is het hoogtepunt van de kerkelijke feesten. Kerstfeest is het eerste feest. Pinksteren het laatste. Maar Pasen is het meest bijzonder.<\/span><\/p>\n<p class=\"MsoNormal\"><span style=\"mso-bidi-font-size: 14.0pt; mso-bidi-font-family: Helvetica; color: #1c1c1c;\" lang=\"NL\"> <\/span><\/p>\n<p class=\"MsoNormal\" style=\"mso-pagination: none; mso-layout-grid-align: none; text-autospace: none;\"><span style=\"mso-bidi-font-size: 14.0pt; mso-bidi-font-family: Helvetica; color: #1c1c1c;\" lang=\"NL\">We lezen Johannes 20: 1 \u2013 9. De verzen 8 en 9 luiden: <\/span><span style=\"mso-bidi-font-size: 11.0pt; mso-bidi-font-family: Tahoma; color: red;\" lang=\"NL\">Dan pas gaat ook de andere leerling naar binnen,- die als eerste bij het graf is aangekomen; als hij alles heeft gezien begint hij te geloven. Want ze hadden nog geen besef van het schriftwoord dat hij uit de doden moest opstaan. <\/span><span style=\"mso-bidi-font-family: Helvetica; color: blue;\" lang=\"NL\"><\/span><\/p>\n<p class=\"MsoNormal\"><span style=\"mso-bidi-font-family: Helvetica; color: blue;\" lang=\"NL\"> <\/span><\/p>\n<p class=\"MsoNormal\"><span style=\"mso-bidi-font-family: Helvetica;\" lang=\"NL\">Voor ons is het meer dan een familiefeest met chocola en bloembollen. Christenen vieren het Paasfeest omdat zij geloven dat Jezus op paasmorgen van het jaar 33 na christus is opgestaan uit zijn graf. En omdat zij geloven dat die ene gebeurtenis doorwerkt tot de dag van vandaag. En verder. Daar kan geen paaseitje tegenop.<\/span><\/p>\n<p class=\"MsoNormal\" style=\"mso-pagination: none; tab-stops: 28.0pt 56.0pt 84.0pt 112.0pt 140.0pt 168.0pt 196.0pt 224.0pt 252.0pt 280.0pt 308.0pt 336.0pt; mso-layout-grid-align: none; text-autospace: none;\"><span style=\"mso-bidi-font-family: Helvetica;\" lang=\"NL\">Het paasfeest heeft alles te maken met <strong><em style=\"mso-bidi-font-style: normal;\">zien<\/em><\/strong>. Zien en geloven. Voor veel mensen hebben die twee weinig met elkaar te maken. Geloof kan je nu een keer niet bewijzen, dat moet je ook niet proberen. Het gaat er nu juist om dat je gelooft. En wat je gelooft, moet iedereen weten voor zichzelf.<\/span><\/p>\n<p class=\"MsoNormal\" style=\"mso-pagination: none; tab-stops: 28.0pt 56.0pt 84.0pt 112.0pt 140.0pt 168.0pt 196.0pt 224.0pt 252.0pt 280.0pt 308.0pt 336.0pt; mso-layout-grid-align: none; text-autospace: none;\"><span style=\"mso-bidi-font-family: Helvetica;\" lang=\"NL\">Zien en geloven. In de Bijbel hebben we gelezen dat Johannes, iemand die leefde in de tijd van Jezus en waarvan bekend was dat hij met Jezus erg goed bevriend was, <em>zag en geloofde<\/em>.<\/span><\/p>\n<p class=\"MsoNormal\"><span style=\"mso-bidi-font-family: Helvetica;\" lang=\"NL\">In de preek wil ik daar met jullie over na denken. Zien en geloven. Wat hebben die twee nu met elkaar te maken. Volgens Johannes dus heel veel. Johannes kwam pas tot geloof \u2013 nadat hij Jezus al vele jaren kende \u2013 toen hij zag dat Jezus niet meer in dat graf lag.<\/span><span style=\"mso-bidi-font-size: 14.0pt; mso-bidi-font-family: Helvetica;\" lang=\"NL\"><\/span><\/p>\n<p class=\"MsoNormal\"><span style=\"mso-bidi-font-size: 14.0pt; mso-bidi-font-family: Helvetica; color: #1c1c1c;\" lang=\"NL\"> <\/span><\/p>\n<p class=\"MsoNormal\" style=\"mso-pagination: none; mso-layout-grid-align: none; text-autospace: none;\"><span style=\"mso-bidi-font-size: 14.0pt; mso-bidi-font-family: Helvetica; color: #1c1c1c;\" lang=\"NL\">In het Bijbelgedeelte geven drie personen acte de pr\u00e9sence. (Opmerkelijk is dat de schrijver van deze passage zelf een belangrijke rol speelt. Johannes vermeldt de feiten, maar schrijft heel eerlijk dat ook hem de betekenis daarvan eerst compleet ontging\u00a0!)<\/span><\/p>\n<p class=\"MsoNormal\" style=\"mso-pagination: none; mso-layout-grid-align: none; text-autospace: none;\"><span style=\"mso-bidi-font-size: 14.0pt; mso-bidi-font-family: Helvetica; color: #1c1c1c;\" lang=\"NL\">De eerste is Maria Magdalena. Ze had specerijen gekocht om daarmee het lichaam van Jezus te zalven. Als ze ziet dat de steen die het graf afsloot weg is (feit 1), is haar reactie <\/span><span style=\"mso-bidi-font-size: 11.0pt; mso-bidi-font-family: Tahoma; color: red;\" lang=\"NL\">ze hebben de heer uit het graf gehaald en we weten niet waar ze hem hebben gelegd!<\/span><span style=\"mso-bidi-font-size: 14.0pt; mso-bidi-font-family: Helvetica; color: #1c1c1c;\" lang=\"NL\"> <\/span><span style=\"mso-bidi-font-size: 14.0pt; mso-bidi-font-family: Helvetica;\" lang=\"NL\">Iemand moet het dode lichaam van Jezus hebben herbegraven, maar waar? Opgestaan uit de dood? Nog geen heen haar op haar hoofd wat dat overwoog! Dat is ook heden ten dage met heel wat theologen zo. Een dood lichaam dat weer gaat leven? Onmogelijk. De opstanding heeft een symbolische duiding. Zoals Christus leed met de zwakken en mensen aan de zelfkant van de maatschappij, zo moeten ook zijn volgelingen dat doen. Dat is de zin van het opstandingsverhaal. <\/span><\/p>\n<p class=\"MsoNormal\" style=\"mso-pagination: none; mso-layout-grid-align: none; text-autospace: none;\"><span style=\"mso-bidi-font-size: 14.0pt; mso-bidi-font-family: Helvetica;\" lang=\"NL\">En dat beeld is op zich heel goed. Als christenen past ons dat we voor mensen die in het hoekje zitten waar de slagen vallen opkomen. Maar als dat ook onze uitleg van de ware betekenis van het paasverhaal wordt, zitten we er even ver naast als Maria Magdalena. <\/span><\/p>\n<p class=\"MsoNormal\" style=\"mso-pagination: none; mso-layout-grid-align: none; text-autospace: none;\"><span style=\"mso-bidi-font-size: 14.0pt; mso-bidi-font-family: Helvetica;\" lang=\"NL\">Daarna volgen Petrus en Johannes. Ook zij nemen de feiten van de doeken (feit 2) en de zweetdoek (feit 3) waar. Maar geloven? Nee dus. Ook zij zien wel de feiten. Maar de werkelijke betekenis ontgaat ook hen. <\/span><span style=\"mso-bidi-font-family: Helvetica;\" lang=\"NL\">Wie denkt dat ze hier waren gekomen omdat ze nieuwsgierig waren of Hij misschien al was opgestaan, komt bedrogen uit. Geen spoor van geloof bij diegenen die Jezus Het best kenden.<\/span><\/p>\n<p class=\"MsoNormal\" style=\"mso-pagination: none; mso-layout-grid-align: none; text-autospace: none;\"><span style=\"mso-bidi-font-family: Helvetica;\" lang=\"NL\"> <\/span><\/p>\n<p class=\"MsoNormal\" style=\"mso-pagination: none; mso-layout-grid-align: none; text-autospace: none;\"><span style=\"mso-bidi-font-family: Helvetica;\" lang=\"NL\">Johannes is een eerlijke getuige. Ooggetuige. Een hoofdstuk eerder schrijft hij <\/span><span style=\"mso-bidi-font-size: 11.0pt; mso-bidi-font-family: Tahoma; color: red;\" lang=\"NL\">Nee, \u00e9\u00e9n van de soldaten stoot met een lans in zijn zijde en meteen komt daar bloed uit en water. Hiervan heeft getuigd hij die het heeft gezien en zijn getuigenis is waarachtig; <strong style=\"mso-bidi-font-weight: normal;\">hij weet dat het waar is wat hij zegt<\/strong>,- opdat ook gij zult geloven.<\/span><\/p>\n<p class=\"MsoNormal\" style=\"mso-pagination: none; mso-layout-grid-align: none; text-autospace: none;\"><span style=\"mso-bidi-font-size: 11.0pt; mso-bidi-font-family: Tahoma;\" lang=\"NL\">En plotseling kijkt hij niet alleen, maar ziet hij ook. Het begint \u2018m te dagen. Hij ziet de waarheid. <span style=\"color: red;\"><span style=\"mso-tab-count: 1;\"> <\/span><\/span><\/span><span style=\"mso-bidi-font-family: Helvetica; color: black;\" lang=\"NL\">Hij ziet God aan het werk. Hij begreep, dat er achter de gebeurtenissen op paasmorgen een goddelijke bedoeling zat. Herkennen wij God in ons leven? Zien we dat na Pasen de wereld nooit meer hetzelfde was? <\/span><span style=\"mso-bidi-font-family: Helvetica;\" lang=\"NL\">Deze geschiedenis is in de eerste plaats een waarschuwing aan het adres van gelovige christenen. Wij dreigen de boodschap van Pasen gewoon te gaan vinden. Geboren uit een maagd. Opgestaan de doden\u2026\u2026. Ach, bekende kost. Elke week avondmaal. Mooie traditie eigenlijk wel. <\/span><\/p>\n<p class=\"MsoNormal\" style=\"mso-pagination: none; mso-layout-grid-align: none; text-autospace: none;\"><span style=\"mso-bidi-font-family: Helvetica;\" lang=\"NL\">Maar het gaat erom dat we geloven. Wat geloven? De opstanding? Ja en verder. Ja, want de opstanding h\u00e9\u00e9ft plaatsgevonden \u2013 zegt Johannes \u2013 maar ook verder, want zie in alle dingen God aan het werk. Jezus\u2019 opstanding was een volgend station in Gods bedoeling met deze wereld. Waar \u00c9\u00e9n is opgewekt zullen er m\u00e9\u00e9r volgen. Over Gods plan gesproken! <\/span><\/p>\n<p class=\"MsoNormal\" style=\"mso-pagination: none; mso-layout-grid-align: none; text-autospace: none;\"><span style=\"mso-bidi-font-family: Helvetica;\" lang=\"NL\">En n<span style=\"color: black;\">iemand heeft gezegd dat geloven makkelijk is. Of logisch. Dan zou Johannes zijn boek niet hebben hoeven schrijven. Tegen Tomas zei Jezus, na zijn opstanding: \u201cOmdat je me gezien hebt geloof je. Gelukkig zijn zij die niet zien en toch geloven.\u201d Niks morele les. <\/span><\/span><em style=\"mso-bidi-font-style: normal;\"><span style=\"mso-bidi-font-size: 14.0pt; mso-bidi-font-family: Helvetica; color: blue;\" lang=\"NL\">Hij is waarlijk opgestaan!<\/span><\/em><span style=\"mso-bidi-font-size: 14.0pt; mso-bidi-font-family: Helvetica; color: #1c1c1c;\" lang=\"NL\"><\/span><\/p>\n<p class=\"MsoNormal\" style=\"mso-pagination: none; mso-layout-grid-align: none; text-autospace: none;\"><span style=\"mso-bidi-font-family: Helvetica; color: black;\" lang=\"NL\"> <\/span><\/p>\n<div style=\"mso-element: para-border-div; border: solid windowtext 1.0pt; mso-border-alt: solid windowtext .5pt; padding: 1.0pt 4.0pt 1.0pt 4.0pt;\">\n<p class=\"MsoNormal\" style=\"text-align: center; border: none; mso-border-alt: solid windowtext .5pt; padding: 0cm; mso-padding-alt: 1.0pt 4.0pt 1.0pt 4.0pt;\" align=\"center\"><strong style=\"mso-bidi-font-weight: normal;\"><span style=\"font-size: 14.0pt; mso-bidi-font-family: Helvetica; color: blue;\" lang=\"NL\">Voistinu voskrese!<\/span><\/strong><\/p>\n<\/p><\/div><\/p>\n","protected":false},"excerpt":{"rendered":"<p>0 false 21 18 pt 18 pt 0 0 false false false \/* Style Definitions *\/ table.MsoNormalTable {mso-style-name:Standaardtabel; mso-tstyle-rowband-size:0; mso-tstyle-colband-size:0; mso-style-noshow:yes; mso-style-parent:&#8221;&#8221;; mso-padding-alt:0cm 5.4pt 0cm 5.4pt; mso-para-margin:0cm; mso-para-margin-bottom:.0001pt; mso-pagination:widow-orphan; font-size:12.0pt; font-family:&#8221;Times New Roman&#8221;; mso-ascii-font-family:Cambria; mso-ascii-theme-font:minor-latin; mso-fareast-font-family:&#8221;Times New Roman&#8221;; mso-fareast-theme-font:minor-fareast; mso-hansi-font-family:Cambria; mso-hansi-theme-font:minor-latin;} Christos voskrese! \u2018Christus is opgestaan!\u2019 In de Oosters-orthodoxe kerken is het gewoonte elkaar op &hellip; <\/p>\n<p class=\"link-more\"><a href=\"https:\/\/www.vergaderingalkmaar.nl\/?page_id=269\" class=\"more-link\"><span class=\"screen-reader-text\">&#8220;Preek zondag 20 april 2014&#8221;<\/span> verder lezen<\/a><\/p>\n","protected":false},"author":1,"featured_media":0,"parent":588,"menu_order":21,"comment_status":"open","ping_status":"open","template":"","meta":[],"_links":{"self":[{"href":"https:\/\/www.vergaderingalkmaar.nl\/index.php?rest_route=\/wp\/v2\/pages\/269"}],"collection":[{"href":"https:\/\/www.vergaderingalkmaar.nl\/index.php?rest_route=\/wp\/v2\/pages"}],"about":[{"href":"https:\/\/www.vergaderingalkmaar.nl\/index.php?rest_route=\/wp\/v2\/types\/page"}],"author":[{"embeddable":true,"href":"https:\/\/www.vergaderingalkmaar.nl\/index.php?rest_route=\/wp\/v2\/users\/1"}],"replies":[{"embeddable":true,"href":"https:\/\/www.vergaderingalkmaar.nl\/index.php?rest_route=%2Fwp%2Fv2%2Fcomments&post=269"}],"version-history":[{"count":0,"href":"https:\/\/www.vergaderingalkmaar.nl\/index.php?rest_route=\/wp\/v2\/pages\/269\/revisions"}],"up":[{"embeddable":true,"href":"https:\/\/www.vergaderingalkmaar.nl\/index.php?rest_route=\/wp\/v2\/pages\/588"}],"wp:attachment":[{"href":"https:\/\/www.vergaderingalkmaar.nl\/index.php?rest_route=%2Fwp%2Fv2%2Fmedia&parent=269"}],"curies":[{"name":"wp","href":"https:\/\/api.w.org\/{rel}","templated":true}]}}