{"id":266,"date":"2014-03-30T17:50:32","date_gmt":"2014-03-30T16:50:32","guid":{"rendered":"http:\/\/www.vergaderingalkmaar.nl\/?page_id=266"},"modified":"2014-03-30T17:50:32","modified_gmt":"2014-03-30T16:50:32","slug":"preek-zondag-30-maart-2014","status":"publish","type":"page","link":"https:\/\/www.vergaderingalkmaar.nl\/?page_id=266","title":{"rendered":"Preek zondag 30 maart 2014"},"content":{"rendered":"<p>      0 false  21  18 pt 18 pt 0 0  false false false               \/* Style Definitions *\/ table.MsoNormalTable \t{mso-style-name:Standaardtabel; \tmso-tstyle-rowband-size:0; \tmso-tstyle-colband-size:0; \tmso-style-noshow:yes; \tmso-style-parent:&#8221;&#8221;; \tmso-padding-alt:0cm 5.4pt 0cm 5.4pt; \tmso-para-margin:0cm; \tmso-para-margin-bottom:.0001pt; \tmso-pagination:widow-orphan; \tfont-size:12.0pt; \tfont-family:&#8221;Times New Roman&#8221;; \tmso-ascii-font-family:Cambria; \tmso-ascii-theme-font:minor-latin; \tmso-hansi-font-family:Cambria; \tmso-hansi-theme-font:minor-latin; \tmso-ansi-language:NL; \tmso-fareast-language:EN-US;}    <\/p>\n<div style=\"mso-element: para-border-div; border: solid windowtext 1.0pt; mso-border-alt: solid windowtext .5pt; padding: 1.0pt 4.0pt 1.0pt 4.0pt;\">\n<p class=\"MsoNormal\" style=\"text-align: center; mso-pagination: none; mso-layout-grid-align: none; text-autospace: none; border: none; mso-border-alt: solid windowtext .5pt; padding: 0cm; mso-padding-alt: 1.0pt 4.0pt 1.0pt 4.0pt;\" align=\"center\"><strong style=\"mso-bidi-font-weight: normal;\"><span style=\"font-size: 14.0pt; mso-bidi-font-size: 11.0pt; mso-bidi-font-family: Tahoma; color: blue;\" lang=\"NL\">Want sinds hij gestorven is, is hij gestorven voor de zonde,<\/span><\/strong><\/p>\n<p class=\"MsoNormal\" style=\"text-align: center; mso-pagination: none; mso-layout-grid-align: none; text-autospace: none; border: none; mso-border-alt: solid windowtext .5pt; padding: 0cm; mso-padding-alt: 1.0pt 4.0pt 1.0pt 4.0pt;\" align=\"center\"><strong style=\"mso-bidi-font-weight: normal;\"><span style=\"font-size: 14.0pt; mso-bidi-font-size: 11.0pt; mso-bidi-font-family: Tahoma; color: blue;\" lang=\"NL\">&#8211; eens-en-voor-al;<\/span><\/strong><\/p>\n<\/p><\/div>\n<p class=\"MsoNormal\"><span lang=\"NL\"> <\/span><\/p>\n<p class=\"MsoNormal\" style=\"mso-pagination: none; mso-layout-grid-align: none; text-autospace: none;\"><span lang=\"NL\"> <\/span><span lang=\"NL\">We lezen de geschiedenis van Ka\u00efn en Abel, uit Genesis 4 (: 1 \u2013 11). Nou ja, een stukje van die geschiedenis dan, daar waar het gaat om het offer dat beide broers brengen. Wie Genesis 4 leest en het daarbij laat komt toch met een vraagstuk te zitten. Wat was het verschil tussen de broers? <\/span><span style=\"mso-bidi-font-family: \" MS\";\"=\"MS\";\"\" lang=\"NL\">Beide broers brachten een offer aan de Heer. Dat was goed, hun hart ging naar God uit. Het verschil zit in het offer. Ka\u00efn gaf van de vruchten van het land, een onbloedig offer en Abel gaf een lam, hij liet bloed vloeien. Dan lezen we in Genesis 4: 4: <\/span><span style=\"mso-bidi-font-size: 11.0pt; mso-bidi-font-family: Tahoma; color: red;\" lang=\"NL\">de Ene slaat acht op Abel en zijn broodgift. Op Ka\u00efn en zijn broodgift heeft hij geen acht geslagen;<\/span><span style=\"font-size: 11.0pt; font-family: Tahoma; mso-bidi-font-family: Tahoma;\" lang=\"NL\"> <\/span><span style=\"mso-bidi-font-size: 11.0pt; mso-bidi-font-family: Tahoma;\" lang=\"NL\">Waarom maakte God dat onderscheid? Dat stuk van de geschiedenis komt eerst aan de orde in Hebree\u00ebn 11: 4: <span style=\"color: red;\">In geloof heeft Abel een overvloediger offerande dan Ka\u00efn gebracht aan God; d\u00e1\u00e1rdoor is van hem betuigd dat hij een rechtvaardige is, toen God daarvan getuigenis gaf bij zijn gaven; daardoor spreekt hij nog<span style=\"mso-spacerun: yes;\"> <\/span>nadat hij gestorven is.<\/span><\/span><\/p>\n<p class=\"MsoNormal\"><span lang=\"NL\">Abel krijgt hier een groots getuigenis mee van God. Abel is rechtvaardig en hij offert op grond van zijn geloof. Hij offert in volkomen afhankelijkheid. Niet Abel zelf komt hier op de eerste plaats, maar God aan Wie het offer is opgedragen. Abel begreep de noodzaak en de zin van het offer. Het ging hem om <em style=\"mso-bidi-font-style: normal;\">God and God alone<\/em>. <\/span><\/p>\n<p class=\"MsoNormal\"><span lang=\"NL\">Bij Ka\u00efn lag dat anders. Zijn offer heeft meer iets van eigen verdienste. Het heeft er iets van dat God toch wel een beetje blij mag zijn met Ka\u00efns offer. En eigenlijk ook wel iets verplicht is aan Ka\u00efn. <\/span><\/p>\n<p class=\"MsoNormal\"><span lang=\"NL\"> <\/span><\/p>\n<p class=\"MsoNormal\"><span lang=\"NL\">Beide broers merkten kennelijk meteen hoe God tegen hun offer aankeek. Abels offer werd geaccepteerd, dat van Ka\u00efn niet. En Ka\u00efn wordt razend van woede. \u201c<em style=\"mso-bidi-font-style: normal;\"><span style=\"color: blue;\">Waarom ben jij nou zo kwaad<\/span><\/em>?\u201d vraagt God hem. \u201c<em style=\"mso-bidi-font-style: normal;\"><span style=\"color: blue;\">Handel je goed, dan kun je iedereen toch recht in de ogen kijken? Handel je daarentegen slecht, dan ligt de zonde op de loer, begerig om jou in de greep te krijgen; maar jij moet sterker zijn dan zij<\/span><\/em>.\u201d God noemt Ka\u00efns boosheid geen zonde. <\/span><\/p>\n<p class=\"MsoNormal\">\u00a0<\/p>\n<p class=\"MsoNormal\">Ka\u00efn laat zich niet waarschuwen. Hij neemt zijn broer mee het veld in en slaat hem uit pure woede dood. Als boosheid je de baas wordt, brengt ze onherroepelijk zonde voort.<\/p>\n<p class=\"MsoNormal\"><span lang=\"NL\"> <\/span><\/p>\n<p class=\"MsoNormal\"><span lang=\"NL\">Laat God dan ter plaatse Ka\u00efn aan zijn lot over? Wil God niks meer van hem weten? Niks van dat al. God spreekt Ka\u00efn aan met twee vragen:<\/span><\/p>\n<p class=\"MsoListParagraphCxSpFirst\" style=\"margin-left: 18.0pt; mso-add-space: auto; text-indent: -18.0pt; mso-list: l0 level1 lfo1;\"><span style=\"font-family: Symbol; mso-fareast-font-family: Symbol; mso-bidi-font-family: Symbol;\" lang=\"NL\"><span style=\"mso-list: Ignore;\">\u00b7<span style=\"font: 7.0pt \" New=\"New\" Roman\";\"=\"Roman\";\"\"> <\/span><\/span><\/span><strong style=\"mso-bidi-font-weight: normal;\"><span lang=\"NL\">Waar is je broer?<\/span><\/strong><span lang=\"NL\"> <\/span><span style=\"mso-bidi-font-family: \" MS\";\"=\"MS\";\"\" lang=\"NL\">God geeft hem alsnog de mogelijkheid tot schuldbelijdenis. <\/span><span lang=\"NL\">Ka\u00efn ontkent ook maar iets te weten, en ontkent dat hij ook maar enige zorg voor zijn broer zou moeten hebben. Hij verschuilt zich achter een schampere leugen: <span style=\"color: red;\">mij onbekend; <\/span><\/span><span style=\"mso-bidi-font-size: 11.0pt; mso-bidi-font-family: Tahoma; color: red;\" lang=\"NL\">ben \u00edk mijns broeders hoeder? <\/span><span style=\"mso-bidi-font-size: 11.0pt; mso-bidi-font-family: Tahoma;\" lang=\"NL\">Meteen stelt God zijn tweede vraag:<\/span><\/p>\n<p class=\"MsoListParagraphCxSpLast\" style=\"margin-left: 18.0pt; mso-add-space: auto; text-indent: -18.0pt; mso-pagination: none; mso-list: l0 level1 lfo1; mso-layout-grid-align: none; text-autospace: none;\"><span style=\"font-family: Symbol; mso-fareast-font-family: Symbol; mso-bidi-font-family: Symbol;\" lang=\"NL\"><span style=\"mso-list: Ignore;\">\u00b7<span style=\"font: 7.0pt \" New=\"New\" Roman\";\"=\"Roman\";\"\"> <\/span><\/span><\/span><strong style=\"mso-bidi-font-weight: normal;\"><span lang=\"NL\">Wat heb je gedaan?<\/span><\/strong><span lang=\"NL\"> En God geeft zelf meteen het antwoord: <span style=\"color: red;\">stromen bloed van je broeder schreeuwen mij toe van de bloedrode grond!- <\/span>En God komt met Zijn oordeel: Ka\u00efn moet als een zwerver de wereld door. Hij zal de geborgenheid van Gods aanwezigheid moeten missen.<\/span><\/p>\n<p class=\"MsoNormal\" style=\"mso-pagination: none; mso-layout-grid-align: none; text-autospace: none;\"><span lang=\"NL\"> <\/span><\/p>\n<p class=\"MsoNormal\" style=\"mso-pagination: none; mso-layout-grid-align: none; text-autospace: none;\"><span lang=\"NL\">Stelt God u ook wel eens zulke indringende vragen? Vragen waarbij je een eerlijk antwoord niet kunt ontlopen. Waarbij je je er niet met een jantje-van-leiden (verkopen van loze beloften) vanaf kunt maken? Laten we eerlijk zijn voor onszelf: bij zulke vragen van God gaat het ergens om!<\/span><\/p>\n<p class=\"MsoNormal\" style=\"mso-pagination: none; mso-layout-grid-align: none; text-autospace: none;\"><span lang=\"NL\"> <\/span><\/p>\n<p class=\"MsoNormal\" style=\"mso-pagination: none; mso-layout-grid-align: none; text-autospace: none;\"><span lang=\"NL\">Deze gebeurtenis staat aan het begin van de geschiedenis van de mensheid. Veel veranderde er niet gedurende al die jaren. Er waren mensen die elkaar naar het leven stonden. En er waren in Israel duizenden en duizenden offers om al de zonden te bedekken.<span style=\"mso-spacerun: yes;\"> <\/span><\/span><\/p>\n<p class=\"MsoNormal\" style=\"mso-pagination: none; mso-layout-grid-align: none; text-autospace: none;\"><span lang=\"NL\"> <\/span><\/p>\n<p class=\"MsoNormal\" style=\"mso-pagination: none; mso-layout-grid-align: none; text-autospace: none;\"><span lang=\"NL\">En al die duizenden offers wezen vooruit. Vooruit naar dat ene offer dat alle offers zou omvatten. Dat aan de offers een einde zou maken. Omdat dat ene offer niet de zonde bedekte, maar de zonde wegdeed. Uitwiste. Eens en voor altijd. <\/span><\/p>\n<p class=\"MsoNormal\" style=\"mso-pagination: none; mso-layout-grid-align: none; text-autospace: none;\"><span lang=\"NL\"> <\/span><\/p>\n<p class=\"MsoNormal\" style=\"mso-pagination: none; mso-layout-grid-align: none; text-autospace: none;\"><span lang=\"NL\">De geschiedenis is geschreven tot voorbeeld voor ons. We herdenken elke zondag samen dat Christus in absolute vrijwilligheid het ultieme offer bracht door voor ons tot zonde te worden gemaakt. <\/span><\/p>\n<p class=\"MsoNormal\" style=\"mso-pagination: none; mso-layout-grid-align: none; text-autospace: none;\"><span lang=\"NL\"> <\/span><\/p>\n<p class=\"MsoNormal\" style=\"mso-pagination: none; mso-layout-grid-align: none; text-autospace: none;\"><span lang=\"NL\">En de eeuwigheid \u2013 zonder einde \u2013 zal nodig zijn om de lof en de grootheid te zingen van Hem die Zijn leven voor ons gaf. En onze zonden wierp<\/span><span style=\"mso-bidi-font-size: 11.0pt; mso-bidi-font-family: Tahoma;\" lang=\"NL\"> <span style=\"color: red;\">in de diepten der zee<\/span> (Micha 7: 19)! Onvindbaar. <\/span><\/p>\n<p class=\"MsoNormal\" style=\"mso-pagination: none; mso-layout-grid-align: none; text-autospace: none;\"><span lang=\"NL\"> <\/span><\/p>\n<div style=\"mso-element: para-border-div; border: solid windowtext 1.0pt; mso-border-alt: solid windowtext .5pt; padding: 1.0pt 4.0pt 1.0pt 4.0pt;\">\n<p class=\"MsoNormal\" style=\"text-align: center; mso-pagination: none; mso-layout-grid-align: none; text-autospace: none; border: none; mso-border-alt: solid windowtext .5pt; padding: 0cm; mso-padding-alt: 1.0pt 4.0pt 1.0pt 4.0pt;\" align=\"center\"><strong style=\"mso-bidi-font-weight: normal;\"><span style=\"font-size: 14.0pt; mso-bidi-font-size: 11.0pt; mso-bidi-font-family: Tahoma; color: blue;\" lang=\"NL\">sinds hij leeft, leeft hij voor God.<\/span><\/strong><\/p>\n<\/p><\/div><\/p>\n","protected":false},"excerpt":{"rendered":"<p>0 false 21 18 pt 18 pt 0 0 false false false \/* Style Definitions *\/ table.MsoNormalTable {mso-style-name:Standaardtabel; mso-tstyle-rowband-size:0; mso-tstyle-colband-size:0; mso-style-noshow:yes; mso-style-parent:&#8221;&#8221;; mso-padding-alt:0cm 5.4pt 0cm 5.4pt; mso-para-margin:0cm; mso-para-margin-bottom:.0001pt; mso-pagination:widow-orphan; font-size:12.0pt; font-family:&#8221;Times New Roman&#8221;; mso-ascii-font-family:Cambria; mso-ascii-theme-font:minor-latin; mso-hansi-font-family:Cambria; mso-hansi-theme-font:minor-latin; mso-ansi-language:NL; mso-fareast-language:EN-US;} Want sinds hij gestorven is, is hij gestorven voor de zonde, &#8211; eens-en-voor-al; We lezen de &hellip; <\/p>\n<p class=\"link-more\"><a href=\"https:\/\/www.vergaderingalkmaar.nl\/?page_id=266\" class=\"more-link\"><span class=\"screen-reader-text\">&#8220;Preek zondag 30 maart 2014&#8221;<\/span> verder lezen<\/a><\/p>\n","protected":false},"author":1,"featured_media":0,"parent":588,"menu_order":24,"comment_status":"open","ping_status":"open","template":"","meta":[],"_links":{"self":[{"href":"https:\/\/www.vergaderingalkmaar.nl\/index.php?rest_route=\/wp\/v2\/pages\/266"}],"collection":[{"href":"https:\/\/www.vergaderingalkmaar.nl\/index.php?rest_route=\/wp\/v2\/pages"}],"about":[{"href":"https:\/\/www.vergaderingalkmaar.nl\/index.php?rest_route=\/wp\/v2\/types\/page"}],"author":[{"embeddable":true,"href":"https:\/\/www.vergaderingalkmaar.nl\/index.php?rest_route=\/wp\/v2\/users\/1"}],"replies":[{"embeddable":true,"href":"https:\/\/www.vergaderingalkmaar.nl\/index.php?rest_route=%2Fwp%2Fv2%2Fcomments&post=266"}],"version-history":[{"count":0,"href":"https:\/\/www.vergaderingalkmaar.nl\/index.php?rest_route=\/wp\/v2\/pages\/266\/revisions"}],"up":[{"embeddable":true,"href":"https:\/\/www.vergaderingalkmaar.nl\/index.php?rest_route=\/wp\/v2\/pages\/588"}],"wp:attachment":[{"href":"https:\/\/www.vergaderingalkmaar.nl\/index.php?rest_route=%2Fwp%2Fv2%2Fmedia&parent=266"}],"curies":[{"name":"wp","href":"https:\/\/api.w.org\/{rel}","templated":true}]}}