{"id":265,"date":"2014-03-24T15:57:17","date_gmt":"2014-03-24T14:57:17","guid":{"rendered":"http:\/\/www.vergaderingalkmaar.nl\/?page_id=265"},"modified":"2014-03-24T15:57:17","modified_gmt":"2014-03-24T14:57:17","slug":"preek-zondag-23-maart-2014","status":"publish","type":"page","link":"https:\/\/www.vergaderingalkmaar.nl\/?page_id=265","title":{"rendered":"Preek zondag 23 maart 2014"},"content":{"rendered":"<p>      0 false  21  18 pt 18 pt 0 0  false false false               \/* Style Definitions *\/ table.MsoNormalTable \t{mso-style-name:Standaardtabel; \tmso-tstyle-rowband-size:0; \tmso-tstyle-colband-size:0; \tmso-style-noshow:yes; \tmso-style-parent:&#8221;&#8221;; \tmso-padding-alt:0cm 5.4pt 0cm 5.4pt; \tmso-para-margin:0cm; \tmso-para-margin-bottom:.0001pt; \tmso-pagination:widow-orphan; \tfont-size:12.0pt; \tfont-family:&#8221;Times New Roman&#8221;; \tmso-ascii-font-family:Cambria; \tmso-ascii-theme-font:minor-latin; \tmso-hansi-font-family:Cambria; \tmso-hansi-theme-font:minor-latin; \tmso-ansi-language:NL; \tmso-fareast-language:EN-US;}    <\/p>\n<div style=\"mso-element: para-border-div; border: solid windowtext 1.0pt; mso-border-alt: solid windowtext .5pt; padding: 1.0pt 4.0pt 1.0pt 4.0pt;\">\n<p class=\"MsoNormal\" style=\"text-align: right; border: none; mso-border-alt: solid windowtext .5pt; padding: 0cm; mso-padding-alt: 1.0pt 4.0pt 1.0pt 4.0pt;\" align=\"right\"><strong style=\"mso-bidi-font-weight: normal;\"><span style=\"font-size: 14.0pt; mso-bidi-font-size: 12.0pt; color: blue;\" lang=\"NL\">U bent de bron van liefd\u2019 en zegen die in het heiligdom ontspringt<\/span><\/strong><span style=\"font-size: 14.0pt; mso-bidi-font-size: 12.0pt;\" lang=\"NL\"><\/span><\/p>\n<\/p><\/div>\n<p class=\"MsoNormal\"><span lang=\"NL\"> <\/span><\/p>\n<div style=\"mso-element: para-border-div; border: solid windowtext 1.0pt; mso-border-alt: solid windowtext .5pt; padding: 1.0pt 4.0pt 1.0pt 4.0pt;\">\n<p class=\"MsoNormal\" style=\"border: none; mso-border-alt: solid windowtext .5pt; padding: 0cm; mso-padding-alt: 1.0pt 4.0pt 1.0pt 4.0pt;\"><em style=\"mso-bidi-font-style: normal;\"><span style=\"mso-bidi-font-size: 11.0pt; mso-bidi-font-family: \" MS\";=\"MS\";\" lang=\"NL\">De oudste bomen ter wereld zijn de sequoia\u2019s in de Amerikaanse staat Californi\u00eb. <\/span><\/em><\/p>\n<p class=\"MsoNormal\" style=\"border: none; mso-border-alt: solid windowtext .5pt; padding: 0cm; mso-padding-alt: 1.0pt 4.0pt 1.0pt 4.0pt;\"><em style=\"mso-bidi-font-style: normal;\"><span style=\"mso-bidi-font-size: 11.0pt; mso-bidi-font-family: \" MS\";=\"MS\";\" lang=\"NL\">In 1888 was de houthakker Walter Fry vijf dagen lang met nog vijf andere \u2018loggers\u2019 bezig om een Sequoia, met een stamomtrek van 30 meter, te vellen. Na deze noeste arbeid begon Fry uit nieuwsgierigheid de ringen van de door hem gevelde woudreus te tellen. Na het tellen van de 3266 ringen besefte de houthakker dat hij in slechts een paar dagen een eind had gemaakt aan een onverstelbaar lang leven. <\/span><\/em><\/p>\n<p class=\"MsoNormal\" style=\"border: none; mso-border-alt: solid windowtext .5pt; padding: 0cm; mso-padding-alt: 1.0pt 4.0pt 1.0pt 4.0pt;\"><em style=\"mso-bidi-font-style: normal;\"><span style=\"mso-bidi-font-size: 11.0pt; mso-bidi-font-family: \" MS\";=\"MS\";\" lang=\"NL\"> <\/span><\/em><\/p>\n<p class=\"MsoNormal\" style=\"border: none; mso-border-alt: solid windowtext .5pt; padding: 0cm; mso-padding-alt: 1.0pt 4.0pt 1.0pt 4.0pt;\"><em style=\"mso-bidi-font-style: normal;\"><span style=\"mso-bidi-font-size: 11.0pt; mso-bidi-font-family: \" MS\";=\"MS\";\" lang=\"NL\">Deze gigantische bomen hebben schier het eeuwige leven. Ze gaan niet van ouderdom dood. Als ze dood gaan is dat bijna altijd doordat ze ten prooi vallen aan schimmels of door een storm omver worden geblazen. Of omdat er een houthakker voorbij kwam.<\/span><\/em><span style=\"mso-bidi-font-size: 11.0pt; mso-bidi-font-family: \" MS\";=\"MS\";\" lang=\"NL\"><\/span><\/p>\n<\/p><\/div>\n<p class=\"MsoNormal\"><span style=\"mso-bidi-font-size: 11.0pt; mso-bidi-font-family: \" MS\";=\"MS\";\" lang=\"NL\"> <\/span><\/p>\n<p class=\"MsoNormal\"><span style=\"mso-bidi-font-size: 11.0pt; mso-bidi-font-family: \" MS\";=\"MS\";\" lang=\"NL\"> <\/span><\/p>\n<p class=\"MsoNormal\" style=\"mso-pagination: none; mso-layout-grid-align: none; text-autospace: none;\"><span style=\"mso-bidi-font-size: 11.0pt; mso-bidi-font-family: \" MS\";=\"MS\";\" lang=\"NL\">Inde bijbel wordt een aantal keren de vergelijking getrokken tussen mensen en bomen. Het boek van de Psalmen begint er zo ongeveer mee. Die mens is welzalig die niet meegaat in het beraad van bozen, maar in de Wet van de Ene behagen heeft. <\/span><span style=\"mso-bidi-font-size: 11.0pt; mso-bidi-font-family: Tahoma; color: red;\" lang=\"NL\">Wezen zal hij als een boom geplant aan beken water, die zijn vrucht geeft op zijn tijd en zijn bl\u00e1d valt niet \u00e1f: al wat hij d\u00f3et zal h\u00e9m gel\u00fakken.<\/span><\/p>\n<p class=\"MsoNormal\" style=\"mso-pagination: none; mso-layout-grid-align: none; text-autospace: none;\"><span style=\"mso-bidi-font-size: 11.0pt; mso-bidi-font-family: Tahoma; color: red;\" lang=\"NL\"> <\/span><\/p>\n<p class=\"MsoNormal\" style=\"mso-pagination: none; mso-layout-grid-align: none; text-autospace: none;\"><span style=\"mso-bidi-font-size: 11.0pt; mso-bidi-font-family: Tahoma;\" lang=\"NL\">Een boom is er om vrucht te dragen. Zo veel en zo zwaar, dat de taken neerbuigen zodat de vrucht voor eenieder beschikbaar is. Als wij mensen het water van de Heilige Geest in ons opnemen als een boom het water van de beek, zullen ook wij de christelijke, de geestelijke vruchten gaan dragen. Wij waren ooit zondaars. In overdrachtelijke zin onvruchtbaar. Maar God heft met ons iets anders, iets groots voor ogen. Jesaja (61: 3) gebruikt daar koninklijke woorden voor: <span style=\"color: red;\">roepen zal men tot hen: godseiken der gerechtigheid, planting van de Ene, bestemd voor luister!<\/span><\/span><\/p>\n<p class=\"MsoNormal\" style=\"mso-pagination: none; mso-layout-grid-align: none; text-autospace: none;\"><span style=\"mso-bidi-font-size: 11.0pt; mso-bidi-font-family: Tahoma;\" lang=\"NL\">We kunnen en zullen groeien, maar alleen wanneer we in Gods grond staan. En God geeft dan de noodzakelijke voorwaarde voor groei en vrucht: <\/span><span style=\"font-size: 11.0pt; font-family: Tahoma; mso-bidi-font-family: Tahoma;\" lang=\"NL\"> <\/span><span style=\"mso-bidi-font-size: 11.0pt; mso-bidi-font-family: Tahoma; color: red;\" lang=\"NL\">Gods gr\u00e9ppel is vol w\u00e1ter, gij grondvest hun k\u00f3ren, j\u00e1, zo gr\u00f3ndvest gij haar.<\/span><\/p>\n<p class=\"MsoNormal\" style=\"mso-pagination: none; mso-layout-grid-align: none; text-autospace: none;\"><span style=\"mso-bidi-font-size: 11.0pt; mso-bidi-font-family: Tahoma; color: red;\" lang=\"NL\"> <\/span><\/p>\n<p class=\"MsoNormal\" style=\"mso-pagination: none; mso-layout-grid-align: none; text-autospace: none;\"><span style=\"mso-bidi-font-size: 11.0pt; mso-bidi-font-family: Tahoma;\" lang=\"NL\">De andere kant is natuurlijk dat er geen geestelijke vrucht is als we niet op Gods grond staan. Als we eigen bronnen aanslaan. Hoe dichter we bij Jezus Christus blijven, hoe meer vrucht. Want die vrucht ligt al klaar voor ons <span style=\"color: red;\">Want zijn maaksel zijn wij, in Christus Jezus geschapen voor goede werken, die God heeft voorbereid opdat wij daarin zullen wandelen. (Ef. 2: 10) <\/span>\u2026\u2026\u2026\u2026\u2026<span style=\"color: red;\">vervuld van de vrucht <\/span><\/span><\/p>\n<p class=\"MsoNormal\" style=\"mso-pagination: none; mso-layout-grid-align: none; text-autospace: none;\"><span style=\"mso-bidi-font-size: 11.0pt; mso-bidi-font-family: Tahoma; color: red;\" lang=\"NL\">van de rechtvaardiging door Jezus Christus, (Phil. 1: 11)<\/span><span style=\"mso-bidi-font-size: 11.0pt; mso-bidi-font-family: \" MS\";=\"MS\";\" lang=\"NL\"><\/span><\/p>\n<p class=\"MsoNormal\" style=\"mso-pagination: none; mso-layout-grid-align: none; text-autospace: none;\"><span style=\"mso-bidi-font-size: 11.0pt; mso-bidi-font-family: \" MS\";=\"MS\";\" lang=\"NL\"> <\/span><\/p>\n<p class=\"MsoNormal\" style=\"mso-pagination: none; mso-layout-grid-align: none; text-autospace: none;\"><span style=\"mso-bidi-font-size: 11.0pt; mso-bidi-font-family: \" MS\";=\"MS\";\" lang=\"NL\">Let er bijvoorbeeld op dat de gevangenbewaarder in Filippi (Hand. 16: 25 \u2013 32) meteen nadat hij het evangelie heeft aangenomen vrucht voortbrengt! Matthe\u00fcs zegt het zo (7: 18): <\/span><span style=\"mso-bidi-font-size: 11.0pt; mso-bidi-font-family: Tahoma; color: red;\" lang=\"NL\">het is niet mogelijk dat een goede boom boze vruchten draagt, en dat een zieke boom fraaie vruchten draagt;<\/span><\/p>\n<p class=\"MsoNormal\" style=\"mso-pagination: none; mso-layout-grid-align: none; text-autospace: none;\"><span style=\"mso-bidi-font-size: 11.0pt; mso-bidi-font-family: Tahoma; color: red;\" lang=\"NL\"> <\/span><\/p>\n<p class=\"MsoNormal\" style=\"mso-pagination: none; mso-layout-grid-align: none; text-autospace: none;\"><span style=\"mso-bidi-font-size: 11.0pt; mso-bidi-font-family: \" MS\";\"=\"MS\";\"\" lang=\"NL\">Is vruchtdragen voor een christen dus een makkie? In genen dele. Ook hiervoor geldt het hedendaags adagium: no pain, no gain. Je kunt wel heel eenvoudig uitleggen wat vruchtdragen inhoudt. Maar eenvoudige dingen zijn nog niet gemakkelijk. Vruchtdragen is ook hard werken. Volhouden. <\/span><\/p>\n<p class=\"MsoNormal\" style=\"mso-pagination: none; mso-layout-grid-align: none; text-autospace: none;\"><span style=\"mso-bidi-font-size: 11.0pt; mso-bidi-font-family: \" MS\";\"=\"MS\";\"\" lang=\"NL\"> <\/span><\/p>\n<p class=\"MsoNormal\" style=\"mso-pagination: none; mso-layout-grid-align: none; text-autospace: none;\"><span style=\"mso-bidi-font-size: 11.0pt; mso-bidi-font-family: \" MS\";\"=\"MS\";\"\" lang=\"NL\">Vruchtdragen is de christelijke opdracht. Door je dicht bij God op te houden leer je Hem beter kennen. Wie nat wil worden moet wel onder de douche gaan staan zei ooit C.S. Lewis. Wie God wil leren kennen moet dicht bij Hem zijn. En dan ga je vrucht dragen. En wordt j als christen nuttig. Voor jezelf, voor je medechristenen en voor de wereld om je heen. Jarenlang. En tot op hoge ouderdom )Psalm 92: 13 \u2013 16):<\/span><\/p>\n<p class=\"MsoNormal\" style=\"mso-pagination: none; mso-layout-grid-align: none; text-autospace: none;\"><span style=\"mso-bidi-font-size: 11.0pt; mso-bidi-font-family: \" MS\";\"=\"MS\";\"\" lang=\"NL\"> <\/span><\/p>\n<p class=\"MsoNormal\" style=\"mso-pagination: none; mso-layout-grid-align: none; text-autospace: none;\"><span style=\"mso-bidi-font-size: 11.0pt; mso-bidi-font-family: Tahoma; color: red;\" lang=\"NL\">een rechtvaardige zal gr\u00f3eien als de p\u00e1lmboom, als een ceder op de L\u00edban\u00f3n ged\u00edjen; <\/span><\/p>\n<p class=\"MsoNormal\" style=\"mso-pagination: none; mso-layout-grid-align: none; text-autospace: none;\"><span style=\"mso-bidi-font-size: 11.0pt; mso-bidi-font-family: Tahoma; color: red;\" lang=\"NL\">die geplant zijn in het h\u00fais van de \u00c9NE, in de voorhoven van onze G\u00f3d zull\u00e9n zij gr\u00f3eien! <\/span><span style=\"mso-bidi-font-size: 9.0pt; mso-bidi-font-family: Verdana; color: red;\" lang=\"NL\"><\/span><\/p>\n<p class=\"MsoNormal\" style=\"mso-pagination: none; mso-layout-grid-align: none; text-autospace: none;\"><span style=\"mso-bidi-font-size: 11.0pt; mso-bidi-font-family: Tahoma; color: red;\" lang=\"NL\">Nog in gr\u00edjsheid lopen zij \u00fait,- blijven gr\u00f3en \u00e9n vol fr\u00edsheid.<span style=\"mso-tab-count: 1;\"> <\/span> <\/span><\/p>\n<p class=\"MsoNormal\" style=\"mso-pagination: none; mso-layout-grid-align: none; text-autospace: none;\"><span style=\"mso-bidi-font-size: 11.0pt; mso-bidi-font-family: Tahoma; color: red;\" lang=\"NL\">Om te melden hoe recht\u00fait is de \u00c9NE, mijn Rots: v\u00e1lsheid \u00eds hem vr\u00e9emd!<\/span><span style=\"font-size: 11.0pt; font-family: Tahoma; mso-bidi-font-family: Tahoma;\" lang=\"NL\"><span style=\"mso-tab-count: 1;\"> <\/span><\/span><\/p>\n<p class=\"MsoNormal\" style=\"mso-pagination: none; mso-layout-grid-align: none; text-autospace: none;\"><span style=\"mso-bidi-font-size: 11.0pt; mso-bidi-font-family: \" MS\";\"=\"MS\";\"\" lang=\"NL\"> <\/span><\/p>\n<p class=\"MsoNormal\"><span style=\"mso-bidi-font-size: 11.0pt; mso-bidi-font-family: \" MS\";=\"MS\";\" lang=\"NL\"> <\/span><\/p>\n<p class=\"MsoNormal\"><span style=\"mso-bidi-font-size: 11.0pt; mso-bidi-font-family: \" MS\";=\"MS\";\" lang=\"NL\"> <\/span><\/p>\n<div style=\"mso-element: para-border-div; border: solid windowtext 1.0pt; mso-border-alt: solid windowtext .5pt; padding: 1.0pt 4.0pt 1.0pt 4.0pt;\">\n<p class=\"MsoNormal\" style=\"text-align: center; border: none; mso-border-alt: solid windowtext .5pt; padding: 0cm; mso-padding-alt: 1.0pt 4.0pt 1.0pt 4.0pt;\" align=\"center\"><strong style=\"mso-bidi-font-weight: normal;\"><span style=\"font-size: 14.0pt; mso-bidi-font-size: 11.0pt; mso-bidi-font-family: \" MS\";=\"MS\";\" lang=\"NL\">Zalig is hij die op zijn wegen, ja, eeuwig van uw volheid drinkt.<\/span><\/strong><\/p>\n<\/p><\/div><\/p>\n","protected":false},"excerpt":{"rendered":"<p>0 false 21 18 pt 18 pt 0 0 false false false \/* Style Definitions *\/ table.MsoNormalTable {mso-style-name:Standaardtabel; mso-tstyle-rowband-size:0; mso-tstyle-colband-size:0; mso-style-noshow:yes; mso-style-parent:&#8221;&#8221;; mso-padding-alt:0cm 5.4pt 0cm 5.4pt; mso-para-margin:0cm; mso-para-margin-bottom:.0001pt; mso-pagination:widow-orphan; font-size:12.0pt; font-family:&#8221;Times New Roman&#8221;; mso-ascii-font-family:Cambria; mso-ascii-theme-font:minor-latin; mso-hansi-font-family:Cambria; mso-hansi-theme-font:minor-latin; mso-ansi-language:NL; mso-fareast-language:EN-US;} U bent de bron van liefd\u2019 en zegen die in het heiligdom ontspringt De oudste bomen &hellip; <\/p>\n<p class=\"link-more\"><a href=\"https:\/\/www.vergaderingalkmaar.nl\/?page_id=265\" class=\"more-link\"><span class=\"screen-reader-text\">&#8220;Preek zondag 23 maart 2014&#8221;<\/span> verder lezen<\/a><\/p>\n","protected":false},"author":1,"featured_media":0,"parent":588,"menu_order":25,"comment_status":"open","ping_status":"open","template":"","meta":[],"_links":{"self":[{"href":"https:\/\/www.vergaderingalkmaar.nl\/index.php?rest_route=\/wp\/v2\/pages\/265"}],"collection":[{"href":"https:\/\/www.vergaderingalkmaar.nl\/index.php?rest_route=\/wp\/v2\/pages"}],"about":[{"href":"https:\/\/www.vergaderingalkmaar.nl\/index.php?rest_route=\/wp\/v2\/types\/page"}],"author":[{"embeddable":true,"href":"https:\/\/www.vergaderingalkmaar.nl\/index.php?rest_route=\/wp\/v2\/users\/1"}],"replies":[{"embeddable":true,"href":"https:\/\/www.vergaderingalkmaar.nl\/index.php?rest_route=%2Fwp%2Fv2%2Fcomments&post=265"}],"version-history":[{"count":0,"href":"https:\/\/www.vergaderingalkmaar.nl\/index.php?rest_route=\/wp\/v2\/pages\/265\/revisions"}],"up":[{"embeddable":true,"href":"https:\/\/www.vergaderingalkmaar.nl\/index.php?rest_route=\/wp\/v2\/pages\/588"}],"wp:attachment":[{"href":"https:\/\/www.vergaderingalkmaar.nl\/index.php?rest_route=%2Fwp%2Fv2%2Fmedia&parent=265"}],"curies":[{"name":"wp","href":"https:\/\/api.w.org\/{rel}","templated":true}]}}