{"id":264,"date":"2014-03-16T15:55:56","date_gmt":"2014-03-16T14:55:56","guid":{"rendered":"http:\/\/www.vergaderingalkmaar.nl\/?page_id=264"},"modified":"2014-03-16T15:55:56","modified_gmt":"2014-03-16T14:55:56","slug":"preek-zondag-16-maart-2014","status":"publish","type":"page","link":"https:\/\/www.vergaderingalkmaar.nl\/?page_id=264","title":{"rendered":"Preek zondag 16 maart 2014"},"content":{"rendered":"<p>      0 false  21  18 pt 18 pt 0 0  false false false               \/* Style Definitions *\/ table.MsoNormalTable \t{mso-style-name:Standaardtabel; \tmso-tstyle-rowband-size:0; \tmso-tstyle-colband-size:0; \tmso-style-noshow:yes; \tmso-style-parent:&#8221;&#8221;; \tmso-padding-alt:0cm 5.4pt 0cm 5.4pt; \tmso-para-margin:0cm; \tmso-para-margin-bottom:.0001pt; \tmso-pagination:widow-orphan; \tfont-size:12.0pt; \tfont-family:&#8221;Times New Roman&#8221;; \tmso-ascii-font-family:Cambria; \tmso-ascii-theme-font:minor-latin; \tmso-fareast-font-family:&#8221;Times New Roman&#8221;; \tmso-fareast-theme-font:minor-fareast; \tmso-hansi-font-family:Cambria; \tmso-hansi-theme-font:minor-latin;}    <\/p>\n<div style=\"mso-element: para-border-div; border: solid windowtext 1.0pt; mso-border-alt: solid windowtext .5pt; padding: 1.0pt 4.0pt 1.0pt 4.0pt;\">\n<p class=\"MsoNormal\" style=\"text-align: center; border: none; mso-border-alt: solid windowtext .5pt; padding: 0cm; mso-padding-alt: 1.0pt 4.0pt 1.0pt 4.0pt;\" align=\"center\"><strong style=\"mso-bidi-font-weight: normal;\"><span style=\"font-size: 14.0pt; mso-bidi-font-size: 11.0pt; mso-bidi-font-family: Tahoma; color: blue;\" lang=\"NL\">al wat hij d\u00f3et zal h\u00e9m gel\u00fakken.<\/span><\/strong><strong style=\"mso-bidi-font-weight: normal;\"><span style=\"font-size: 14.0pt; mso-bidi-font-size: 12.0pt; color: blue;\" lang=\"NL\"><\/span><\/strong><\/p>\n<\/p><\/div>\n<p class=\"MsoNormal\"><span lang=\"NL\"> <\/span><\/p>\n<p class=\"MsoNormal\"><span lang=\"NL\">De brief van Paulus aan de Romeinen is voor heel wat grote Godsmannen in de historie van de kerk een eyeopener geweest. Paulus schrijft aan een christelijke gemeente die hij niet zelf stichtte en die hij ook niet kende toen hij hen schreef. Zijn brief aan de Romeinen is daarom ook niet een antwoord op gestelde vragen. Of een reactie op signalen die Paulus ter ore kwamen. <\/span><\/p>\n<p class=\"MsoNormal\"><span lang=\"NL\">De brief is een zelfstandige en hoogst oorspronkelijke uiteenzetting van Paulus. Hij behandelt daarin de grote vragen rond thema\u2019s als de spanning tussen genade en rechtvaardigheid. Hij heeft het over het evangelie van <span style=\"color: blue;\">de gelukkige <\/span>God (naar 1 Tim. 1: 11). <\/span><\/p>\n<p class=\"MsoNormal\"><span lang=\"NL\"> <\/span><\/p>\n<p class=\"MsoNormal\" style=\"mso-pagination: none; mso-layout-grid-align: none; text-autospace: none;\"><span lang=\"NL\">In de eerste zeven verzen van Romeinen 1 stelt Paulus zichzelf voor, en schetst hij zijn hoofdonderwerp. Wij denken nogal eens rechtlijnig over het evangelie als de bekering van zonden. En daar gaat het ook om. Maar de idee die soms daar achter zit, namelijk dat Gods oorspronkelijke plannen werden gedwarsboomd door zijn onwillige in opstand komende schepselen en dat er nu onherstelbare schade is aangericht, is niet wat Paulus in deze brief schrijft. Het evangelie van <span style=\"color: blue;\">de gelukkige <\/span>God dat Paulus hier uiteenzet vertrekt van God die <\/span><span style=\"mso-bidi-font-size: 11.0pt; mso-bidi-font-family: Tahoma; color: red;\" lang=\"NL\">alles tot stand brengt naar de raad van zijn wil (Ef. 1: 11).<\/span><span style=\"mso-bidi-font-size: 11.0pt; mso-bidi-font-family: Tahoma;\" lang=\"NL\"> Hem loopt niets uit de hand. <span style=\"color: red;\">Want God heeft hen allen opgesloten in ongehoorzaamheid <strong style=\"mso-bidi-font-weight: normal;\"><span style=\"text-decoration: underline;\">om zich over hen allen te ontfermen<\/span> <\/strong>(Rom. 11:<span style=\"mso-spacerun: yes;\"> <\/span>32). <\/span>Het kwaad in de wereld is geen \u2018<em style=\"mso-bidi-font-style: normal;\">bedrijfsongeval<\/em>.\u2019 Want God is het <span style=\"color: red;\">die sinds den beginne het einde al meldt, sinds de oertijd al wat nog niet is gedaan,- die zegt: mijn raadsbesluit houdt stand, al wat mij behaagt zal ik doen!- (Jes. 46: 10).<\/span><\/span><span style=\"color: red;\" lang=\"NL\"><\/span><\/p>\n<p class=\"MsoNormal\"><span lang=\"NL\">Van dat evangelie wil Paulus de wereld in kennis stellen. Dat is zijn apostelschap. Het vertellen van dat evangelie is voor Paulus \u2018<em style=\"mso-bidi-font-style: normal;\">geloofsgehoorzaamheid<\/em>.\u2019 En dat hoort het ook voor ons te zijn. We moeten verslag doen van Gods plan met de wereld. En spreken van een gelukkige God.<\/span><\/p>\n<p class=\"MsoNormal\"><span lang=\"NL\"> <\/span><\/p>\n<p class=\"MsoNormal\"><span lang=\"NL\">In de verzen acht t\/m vijftien vertelt Paulus dat hij heel graag naar Rome zou komen om aan de gelovigen (dat zouden wij niet zo makkelijk bedacht hebben: aan gelovigen!) het evangelie te verkondigen. Maar van God krijgt hij geen groen licht daartoe. De christenen in Rome waren wijd en zijd bekend als christen. Formidabel hoe er over hen werd gesproken. De wisselwerking tussen Paulus en de gemeente te Rome versterkte hen beiden en straalde uit naar de wereld om hen heen.<span style=\"mso-spacerun: yes;\"> <\/span><\/span><\/p>\n<p class=\"MsoNormal\"><span lang=\"NL\"> <\/span><\/p>\n<p class=\"MsoNormal\"><span lang=\"NL\">De verzen zestien en zeventien omvatten de kern van heel de brief. <\/span><\/p>\n<p class=\"MsoNormal\" style=\"mso-pagination: none; mso-layout-grid-align: none; text-autospace: none;\"><span style=\"mso-bidi-font-size: 11.0pt; mso-bidi-font-family: Tahoma; color: red;\" lang=\"NL\">Want ik schaam mij voor het verkondigde evangelie niet, want het is een kracht van God tot redding voor al wie het gelooft, \u00e9n Judee\u00ebr allereerst, \u00e9n Helleen. Want rechtvaardiging door God wordt daarin geopenbaard, uit geloof tot geloof, zoals geschreven staat: &#8216;maar de rechtvaardige zal leven uit geloof&#8217; (Hab. 2,4).<\/span><span style=\"font-size: 11.0pt; font-family: Tahoma; mso-bidi-font-family: Tahoma;\" lang=\"NL\"><span style=\"mso-tab-count: 1;\"> <\/span><\/span><\/p>\n<p class=\"MsoNormal\"><span lang=\"NL\">Bij het evangelie gaat het niet om afstamming (\u2018<em style=\"mso-bidi-font-style: normal;\">Jood of Griek\u2019<\/em>), maar louter en alleen om geloof. Vers 17 is wellicht het meest becommentarieerde Bijbelgedeelte ooit. Paulus stelt aan de orde hoe een mens kan bestaan voor een rechtvaardige God. Hoe kan een rechtvaardige \u2018<em style=\"mso-bidi-font-style: normal;\">uit geloof leven?<\/em>\u2019 Over deze grondvraag van het christendom schrijft Paulus vervolgens met schier juridische precisie. En hij begint met de schuld die de mens van nature heeft bij God.<\/span><\/p>\n<p class=\"MsoNormal\"><span lang=\"NL\"> <\/span><\/p>\n<p class=\"MsoNormal\"><span lang=\"NL\">Want, zo zegt vers achttien, <\/span><span style=\"mso-bidi-font-size: 11.0pt; mso-bidi-font-family: Tahoma; color: red;\" lang=\"NL\">geopenbaard wordt vanaf de hemel toorn van God over alle goddeloosheid en ongerechtigheid van mensen die de waarheid in ongerechtigheid ten onder houden, <\/span><span style=\"mso-bidi-font-size: 11.0pt; mso-bidi-font-family: Tahoma;\" lang=\"NL\">God kan gekend worden, zegt Paulus. <\/span><span style=\"mso-fareast-font-family: \" New=\"New\" lang=\"NL\">God is God, en de mens is mens. En geen mens kan ooit de Goddelijke rechten ontkennen. Het schepsel kan zijn Schepper niet ontkennen. God poneert de Waarheid, en het menselijk geweten vertelt dat. Wij mensen kunnen de waarheid niet na-denken of zelf construeren. Waarheid is van God gegeven; Waarheid is geen mensenwerk. En \u2018<em style=\"mso-bidi-font-style: normal;\">het geloof is een wonder, anders is het geen geloof<\/em>\u2019 (vrij naar Karl Barth). <\/span><\/p>\n<p class=\"MsoNormal\"><span style=\"mso-fareast-font-family: \" New=\"New\" lang=\"NL\"> <\/span><\/p>\n<p class=\"MsoNormal\"><span style=\"mso-fareast-font-family: \" New=\"New\" lang=\"NL\">Daarnaast openbaart God zijn bestaan in de schepping zelf. Als wij mensen God ontkennen en vervolgens alles wat we zien vanuit die ontkenning gaar reconstrueren, missen we de werkelijkheid compleet. Paulus noemt dat dwaasheid. Ook mensen zonder enige christelijke achtergrond of historie kunnen van Gods bestaan weten door de schepping te beschouwen. En wij christenen van 2014 kunnen op die notie in- en aanhaken. <\/span><\/p>\n<p class=\"MsoNormal\"><span style=\"mso-fareast-font-family: \" New=\"New\" lang=\"NL\"> <\/span><\/p>\n<p class=\"MsoNormal\"><span style=\"mso-fareast-font-family: \" New=\"New\" lang=\"NL\">Het geloof in God is niet gebaseerd op een redelijk begrip van vandaag de dag. God is geopenbaard in het vlees. En daarmee moeten wij het doen. Hij is een gelukkige God: alles gelukt Hem.<\/span><\/p>\n<p class=\"MsoNormal\"><span style=\"mso-fareast-font-family: \" New=\"New\" lang=\"NL\"> <\/span><\/p>\n<div style=\"mso-element: para-border-div; border: solid windowtext 1.0pt; mso-border-alt: solid windowtext .5pt; padding: 1.0pt 4.0pt 1.0pt 4.0pt;\">\n<p class=\"MsoNormal\" style=\"text-align: center; mso-pagination: none; mso-layout-grid-align: none; text-autospace: none; border: none; mso-border-alt: solid windowtext .5pt; padding: 0cm; mso-padding-alt: 1.0pt 4.0pt 1.0pt 4.0pt;\" align=\"center\"><strong style=\"mso-bidi-font-weight: normal;\"><span style=\"font-size: 14.0pt; mso-bidi-font-size: 11.0pt; mso-bidi-font-family: Tahoma; color: blue;\" lang=\"NL\">wat de Ene behaagt zal door zijn hand gelukken.<\/span><\/strong><\/p>\n<\/p><\/div><\/p>\n","protected":false},"excerpt":{"rendered":"<p>0 false 21 18 pt 18 pt 0 0 false false false \/* Style Definitions *\/ table.MsoNormalTable {mso-style-name:Standaardtabel; mso-tstyle-rowband-size:0; mso-tstyle-colband-size:0; mso-style-noshow:yes; mso-style-parent:&#8221;&#8221;; mso-padding-alt:0cm 5.4pt 0cm 5.4pt; mso-para-margin:0cm; mso-para-margin-bottom:.0001pt; mso-pagination:widow-orphan; font-size:12.0pt; font-family:&#8221;Times New Roman&#8221;; mso-ascii-font-family:Cambria; mso-ascii-theme-font:minor-latin; mso-fareast-font-family:&#8221;Times New Roman&#8221;; mso-fareast-theme-font:minor-fareast; mso-hansi-font-family:Cambria; mso-hansi-theme-font:minor-latin;} al wat hij d\u00f3et zal h\u00e9m gel\u00fakken. De brief van Paulus aan de Romeinen &hellip; <\/p>\n<p class=\"link-more\"><a href=\"https:\/\/www.vergaderingalkmaar.nl\/?page_id=264\" class=\"more-link\"><span class=\"screen-reader-text\">&#8220;Preek zondag 16 maart 2014&#8221;<\/span> verder lezen<\/a><\/p>\n","protected":false},"author":1,"featured_media":0,"parent":588,"menu_order":26,"comment_status":"open","ping_status":"open","template":"","meta":[],"_links":{"self":[{"href":"https:\/\/www.vergaderingalkmaar.nl\/index.php?rest_route=\/wp\/v2\/pages\/264"}],"collection":[{"href":"https:\/\/www.vergaderingalkmaar.nl\/index.php?rest_route=\/wp\/v2\/pages"}],"about":[{"href":"https:\/\/www.vergaderingalkmaar.nl\/index.php?rest_route=\/wp\/v2\/types\/page"}],"author":[{"embeddable":true,"href":"https:\/\/www.vergaderingalkmaar.nl\/index.php?rest_route=\/wp\/v2\/users\/1"}],"replies":[{"embeddable":true,"href":"https:\/\/www.vergaderingalkmaar.nl\/index.php?rest_route=%2Fwp%2Fv2%2Fcomments&post=264"}],"version-history":[{"count":0,"href":"https:\/\/www.vergaderingalkmaar.nl\/index.php?rest_route=\/wp\/v2\/pages\/264\/revisions"}],"up":[{"embeddable":true,"href":"https:\/\/www.vergaderingalkmaar.nl\/index.php?rest_route=\/wp\/v2\/pages\/588"}],"wp:attachment":[{"href":"https:\/\/www.vergaderingalkmaar.nl\/index.php?rest_route=%2Fwp%2Fv2%2Fmedia&parent=264"}],"curies":[{"name":"wp","href":"https:\/\/api.w.org\/{rel}","templated":true}]}}