{"id":250,"date":"2013-10-06T20:48:29","date_gmt":"2013-10-06T19:48:29","guid":{"rendered":"http:\/\/www.vergaderingalkmaar.nl\/?page_id=250"},"modified":"2013-10-06T20:48:29","modified_gmt":"2013-10-06T19:48:29","slug":"preek-zondag-6-oktober-2013","status":"publish","type":"page","link":"https:\/\/www.vergaderingalkmaar.nl\/?page_id=250","title":{"rendered":"Preek zondag 6 oktober 2013"},"content":{"rendered":"<p>      0 false  21  18 pt 18 pt 0 0  false false false               \/* Style Definitions *\/ table.MsoNormalTable \t{mso-style-name:Standaardtabel; \tmso-tstyle-rowband-size:0; \tmso-tstyle-colband-size:0; \tmso-style-noshow:yes; \tmso-style-parent:&#8221;&#8221;; \tmso-padding-alt:0cm 5.4pt 0cm 5.4pt; \tmso-para-margin:0cm; \tmso-para-margin-bottom:.0001pt; \tmso-pagination:widow-orphan; \tfont-size:12.0pt; \tfont-family:&#8221;Times New Roman&#8221;; \tmso-ascii-font-family:Cambria; \tmso-ascii-theme-font:minor-latin; \tmso-hansi-font-family:Cambria; \tmso-hansi-theme-font:minor-latin; \tmso-ansi-language:NL; \tmso-fareast-language:EN-US;}    <\/p>\n<div style=\"mso-element: para-border-div; border: solid windowtext 1.0pt; mso-border-alt: solid windowtext .5pt; padding: 1.0pt 4.0pt 1.0pt 4.0pt;\">\n<p class=\"MsoNormal\" style=\"text-align: center; border: none; mso-border-alt: solid windowtext .5pt; padding: 0cm; mso-padding-alt: 1.0pt 4.0pt 1.0pt 4.0pt;\" align=\"center\"><span style=\"font-size: 14.0pt; mso-bidi-font-size: 11.0pt; mso-bidi-font-family: Tahoma; color: blue;\" lang=\"NL\">wandelt als kinderen van licht!,<span style=\"mso-spacerun: yes;\"> <\/span>\u2026..<\/span><span style=\"font-size: 14.0pt; mso-bidi-font-size: 12.0pt; color: blue;\" lang=\"NL\"><\/span><\/p>\n<\/p><\/div>\n<p class=\"MsoNormal\"><span lang=\"NL\"> <\/span><\/p>\n<p class=\"MsoNormal\"><span lang=\"NL\">Aan de apostel Paulus werden een aantal \u2018verborgenheden\u2019 geopenbaard die tot de kern van het christelijk geloof behoren:<\/span><\/p>\n<p class=\"MsoNormal\"><span lang=\"NL\"> <\/span><\/p>\n<p class=\"MsoListParagraphCxSpFirst\" style=\"margin-left: 18.0pt; mso-add-space: auto; text-indent: -18.0pt; mso-pagination: none; mso-list: l1 level1 lfo2; mso-layout-grid-align: none; text-autospace: none;\"><span style=\"font-family: Wingdings; mso-fareast-font-family: Wingdings; mso-bidi-font-family: Wingdings;\" lang=\"NL\"><span style=\"mso-list: Ignore;\">\u00a7<span style=\"font: 7.0pt \" New=\"New\" Roman\";\"=\"Roman\";\"\"> <\/span><\/span><\/span><span lang=\"NL\">Ef. 5: 32: <\/span><span style=\"mso-bidi-font-size: 11.0pt; mso-bidi-font-family: Tahoma; color: red;\" lang=\"NL\">Dit geheimenis is groot, maar ik zeg dit met het oog op Christus en de vergadering.<\/span><\/p>\n<p class=\"MsoListParagraphCxSpMiddle\" style=\"margin-left: 18.0pt; mso-add-space: auto; text-indent: -18.0pt; mso-pagination: none; mso-list: l1 level1 lfo2; mso-layout-grid-align: none; text-autospace: none;\"><span style=\"font-family: Wingdings; mso-fareast-font-family: Wingdings; mso-bidi-font-family: Wingdings; color: red;\" lang=\"NL\"><span style=\"mso-list: Ignore;\">\u00a7<span style=\"font: 7.0pt \" New=\"New\" Roman\";\"=\"Roman\";\"\"> <\/span><\/span><\/span><span lang=\"NL\">1 Thess. 4: 13 \u2013 18: <\/span><span style=\"mso-bidi-font-size: 11.0pt; mso-bidi-font-family: Tahoma; color: red;\" lang=\"NL\">Wij willen niet dat gij onkundig blijft, broeders-en-zusters, over hen die slapen,<span style=\"mso-spacerun: yes;\"> <\/span>\u2026\u2026\u2026<\/span><span style=\"color: red;\" lang=\"NL\"><\/span><\/p>\n<p class=\"MsoListParagraphCxSpMiddle\" style=\"margin-left: 18.0pt; mso-add-space: auto; text-indent: -18.0pt; mso-pagination: none; mso-list: l0 level1 lfo1; mso-layout-grid-align: none; text-autospace: none;\"><span style=\"font-family: Wingdings; mso-fareast-font-family: Wingdings; mso-bidi-font-family: Wingdings; color: red;\" lang=\"NL\"><span style=\"mso-list: Ignore;\">\u00a7<span style=\"font: 7.0pt \" New=\"New\" Roman\";\"=\"Roman\";\"\"> <\/span><\/span><\/span><span lang=\"NL\">Ef. 3: 5 \u2013 6: <\/span><span style=\"mso-bidi-font-size: 11.0pt; mso-bidi-font-family: Tahoma; color: red;\" lang=\"NL\">In andere generaties is het niet zo bekendgemaakt<\/span><span style=\"color: red;\" lang=\"NL\">\u2026\u2026<\/span><span style=\"mso-bidi-font-size: 11.0pt; mso-bidi-font-family: Tahoma; color: red;\" lang=\"NL\">dat de heidenvolkeren mede-erfgenamen zijn, \u2026\u2026.<\/span><span style=\"color: red;\" lang=\"NL\"><\/span><\/p>\n<p class=\"MsoListParagraphCxSpMiddle\" style=\"margin-left: 18.0pt; mso-add-space: auto; text-indent: -18.0pt; mso-list: l0 level1 lfo1;\"><span style=\"font-family: Wingdings; mso-fareast-font-family: Wingdings; mso-bidi-font-family: Wingdings; color: red;\" lang=\"NL\"><span style=\"mso-list: Ignore;\">\u00a7<span style=\"font: 7.0pt \" New=\"New\" Roman\";\"=\"Roman\";\"\"> <\/span><\/span><\/span><span lang=\"NL\">Ef. 2: 14:<span style=\"mso-spacerun: yes;\"> <\/span><span style=\"color: red;\">\u2026..<\/span><\/span><span style=\"mso-bidi-font-size: 11.0pt; mso-bidi-font-family: Tahoma; color: red;\" lang=\"NL\">die de beide delen \u00e9\u00e9n gemaakt heeft\u2026\u2026.<\/span><span style=\"color: red;\" lang=\"NL\"><\/span><\/p>\n<p class=\"MsoListParagraphCxSpMiddle\" style=\"margin-left: 18.0pt; mso-add-space: auto; text-indent: -18.0pt; mso-pagination: none; mso-list: l0 level1 lfo1; mso-layout-grid-align: none; text-autospace: none;\"><span style=\"font-family: Wingdings; mso-fareast-font-family: Wingdings; mso-bidi-font-family: Wingdings;\" lang=\"NL\"><span style=\"mso-list: Ignore;\">\u00a7<span style=\"font: 7.0pt \" New=\"New\" Roman\";\"=\"Roman\";\"\"> <\/span><\/span><\/span><span lang=\"NL\">Rom. 11: 13 \u2013 18:<span style=\"mso-spacerun: yes;\"> <\/span><span style=\"color: red;\">\u2026., <\/span><\/span><span style=\"mso-bidi-font-size: 11.0pt; mso-bidi-font-family: Tahoma; color: red;\" lang=\"NL\">beroem je dan niet tegen de andere takken; \u00e1ls je je beroemt: &#8216;niet j\u00edj torst de wortel maar de wortel jou!&#8217;<\/span><\/p>\n<p class=\"MsoListParagraphCxSpLast\" style=\"margin-left: 18.0pt; mso-add-space: auto; text-indent: -18.0pt; mso-pagination: none; mso-list: l0 level1 lfo1; mso-layout-grid-align: none; text-autospace: none;\"><span style=\"font-family: Wingdings; mso-fareast-font-family: Wingdings; mso-bidi-font-family: Wingdings;\" lang=\"NL\"><span style=\"mso-list: Ignore;\">\u00a7<span style=\"font: 7.0pt \" New=\"New\" Roman\";\"=\"Roman\";\"\"> <\/span><\/span><\/span><span lang=\"NL\">Ef. 1: 3 \u2013 14: <span style=\"color: red;\">\u2026..<\/span><\/span><span style=\"mso-bidi-font-size: 11.0pt; mso-bidi-font-family: Tahoma; color: red;\" lang=\"NL\">alles in de hemel en op aarde weer bijeen te brengen onder \u00e9\u00e9n hoofd, in de Christus.<span style=\"mso-spacerun: yes;\"> <\/span>\u2026\u2026.<\/span><\/p>\n<p class=\"MsoNormal\" style=\"mso-pagination: none; mso-layout-grid-align: none; text-autospace: none;\"><span lang=\"NL\"> <\/span><\/p>\n<p class=\"MsoNormal\" style=\"mso-pagination: none; mso-layout-grid-align: none; text-autospace: none;\"><span lang=\"NL\"> <\/span><\/p>\n<p class=\"MsoNormal\" style=\"mso-pagination: none; mso-layout-grid-align: none; text-autospace: none;\"><span lang=\"NL\">In Efeze hoofdstuk 1 roept Paulus het uit: <span style=\"color: red;\">G<\/span><\/span><span style=\"mso-bidi-font-size: 11.0pt; mso-bidi-font-family: Tahoma; color: red;\" lang=\"NL\">ezegend zij God, de Vader van Jezus Christus, onze Heer! Met Christus in de hemelen geeft hij ons alle zegen van de Geest.<\/span><\/p>\n<p class=\"MsoNormal\" style=\"mso-pagination: none; mso-layout-grid-align: none; text-autospace: none;\"><span style=\"mso-bidi-font-size: 11.0pt; mso-bidi-font-family: Tahoma;\" lang=\"NL\">Daar had geen Isra\u00ebliet ooit van gehoord. En het grootse vervolg: <span style=\"color: red;\">Ja, in hem heeft hij ons uitverkoren al voor de grondlegging der wereld om geheiligd en gereinigd voor hem te staan.<\/span><\/span><\/p>\n<p class=\"MsoNormal\" style=\"mso-pagination: none; mso-layout-grid-align: none; text-autospace: none;\"><span style=\"mso-bidi-font-size: 11.0pt; mso-bidi-font-family: Tahoma; color: red;\" lang=\"NL\"> <\/span><\/p>\n<p class=\"MsoNormal\" style=\"mso-pagination: none; mso-layout-grid-align: none; text-autospace: none;\"><span style=\"mso-bidi-font-size: 11.0pt; mso-bidi-font-family: Tahoma;\" lang=\"NL\">Voordat er ook maar iets van de schepping bestond hield God zich al met ons bezig. God hield al eeuwig lang van ons. En Hij nam ons toen al aan als Zijn kinderen. Ging met ons een intieme verbondsrelatie aan. Zag ons als heilig en smetteloos. Bezegelde die positie door Zijn Geest, die in ons woont. Het zijn feiten die zo groot zijn dat het begrijpen ervan ons verstand te boven gaat. Wij<span style=\"mso-spacerun: yes;\"> <\/span>hebben werkelijk alles van God gekregen.<\/span><\/p>\n<p class=\"MsoNormal\" style=\"mso-pagination: none; mso-layout-grid-align: none; text-autospace: none;\"><span style=\"mso-bidi-font-size: 11.0pt; mso-bidi-font-family: Tahoma;\" lang=\"NL\"> <\/span><\/p>\n<p class=\"MsoNormal\" style=\"mso-pagination: none; mso-layout-grid-align: none; text-autospace: none;\"><span style=\"mso-bidi-font-size: 11.0pt; mso-bidi-font-family: Tahoma;\" lang=\"NL\"> <\/span><\/p>\n<p class=\"MsoNormal\" style=\"mso-pagination: none; mso-layout-grid-align: none; text-autospace: none;\"><span style=\"mso-bidi-font-size: 11.0pt; mso-bidi-font-family: Tahoma;\" lang=\"NL\">De vraag is dan natuurlijk: zijn wij daar blij en dankbaar voor? Als je alles cadeau krijgt, hoe kijk je dan naar de Gever? Wie zit er achter de geschenken, en hoe beantwoorden we aan de roeping waarmee hij ons geroepen heeft?<\/span><\/p>\n<p class=\"MsoNormal\" style=\"mso-pagination: none; mso-layout-grid-align: none; text-autospace: none;\"><span style=\"mso-bidi-font-size: 11.0pt; mso-bidi-font-family: Tahoma;\" lang=\"NL\"> <\/span><\/p>\n<p class=\"MsoNormal\" style=\"mso-pagination: none; mso-layout-grid-align: none; text-autospace: none;\"><span style=\"mso-bidi-font-size: 11.0pt; mso-bidi-font-family: Tahoma;\" lang=\"NL\">Ef. 4: 1 \u2013 6:<span style=\"mso-spacerun: yes;\"> <\/span><\/span><span style=\"color: red;\" lang=\"NL\"><\/span><\/p>\n<p class=\"MsoNormal\" style=\"mso-pagination: none; mso-layout-grid-align: none; text-autospace: none;\"><span style=\"mso-bidi-font-size: 11.0pt; mso-bidi-font-family: Tahoma; color: red;\" lang=\"NL\">Ik roep u dan ook op, ik die gebonden ben omwille van de Heer, te wandelen de roeping waardig<\/span><\/p>\n<p class=\"MsoNormal\" style=\"mso-pagination: none; tab-stops: 207.0pt 414.0pt; mso-layout-grid-align: none; text-autospace: none;\"><span style=\"mso-bidi-font-size: 11.0pt; mso-bidi-font-family: Tahoma; color: red;\" lang=\"NL\">waarmee ge zijt geroepen, met alle nederigheid en zachtheid, met lankmoedigheid elkaar verdragend in liefde; u inzettend om de eenheid van de Geest te houden in de band van de vrede: \u00e9\u00e9n lichaam en \u00e9\u00e9n geest, zoals ge ook geroepen zijt in de \u00e9ne hoop van uw roeping: \u00e9\u00e9n Heer, \u00e9\u00e9n geloof, \u00e9\u00e9n doop, \u00e9\u00e9n God en Vader van allen, die is over allen en door allen en in allen.<\/span><\/p>\n<p class=\"MsoNormal\" style=\"mso-pagination: none; tab-stops: 207.0pt 414.0pt; mso-layout-grid-align: none; text-autospace: none;\"><span style=\"mso-bidi-font-size: 11.0pt; mso-bidi-font-family: Tahoma; color: red;\" lang=\"NL\"> <\/span><\/p>\n<p class=\"MsoNormal\" style=\"mso-pagination: none; tab-stops: 207.0pt 414.0pt; mso-layout-grid-align: none; text-autospace: none;\"><span style=\"mso-bidi-font-size: 11.0pt; mso-bidi-font-family: Tahoma;\" lang=\"NL\">In deze woorden gaat het over \u2018<em style=\"mso-bidi-font-style: normal;\"><span style=\"color: red;\">wandelen de roeping waardig<\/span><\/em>.\u2019 Daarbij gaat het om zaken als <span style=\"color: red;\">nederigheid, zachtheid en lankmoedigheid. <\/span>In ons deel van de wereld, met al zijn welvaart, hebben we nogal eens moeite om afstand tot de wereld te houden. Dat blijkt uit onze kleding. Uit onze omgang met seks. Uit onze zelfgerichte tijdsbesteding. Het lukt ons maar matig om ons christen-zijn concrete te maken in onze leefstijl.<\/span><\/p>\n<p class=\"MsoNormal\" style=\"mso-pagination: none; tab-stops: 207.0pt 414.0pt; mso-layout-grid-align: none; text-autospace: none;\"><span style=\"mso-bidi-font-size: 11.0pt; mso-bidi-font-family: Tahoma;\" lang=\"NL\"> <\/span><\/p>\n<p class=\"MsoNormal\" style=\"mso-pagination: none; tab-stops: 207.0pt 414.0pt; mso-layout-grid-align: none; text-autospace: none;\"><span style=\"mso-bidi-font-size: 11.0pt; mso-bidi-font-family: Tahoma;\" lang=\"NL\">We kunnen en moeten elkaar bemoedigen en aansporen om dat christelijk gedrag meer en meer te vertonen. De vertrouwelijke besprekingen in de huiskringen kunnen daaraan beslist bijdragen. Zoals die kringen ook bijdragen aan het bewaren van de eenheid van de Geest in de band van de vrede.<\/span><span style=\"font-size: 11.0pt; font-family: Tahoma; mso-bidi-font-family: Tahoma;\" lang=\"NL\"><\/span><\/p>\n<p class=\"MsoNormal\" style=\"mso-pagination: none; mso-layout-grid-align: none; text-autospace: none;\"><span lang=\"NL\"> <\/span><\/p>\n<p class=\"MsoNormal\" style=\"mso-pagination: none; mso-layout-grid-align: none; text-autospace: none;\"><span style=\"color: red;\" lang=\"NL\">Elkaar verdragend in de liefde<\/span><span lang=\"NL\"> schrijft Paulus. Dat is dus niet \u2018<em style=\"mso-bidi-font-style: normal;\">ik ben het er niet mee eens en dus ben ik weg.<\/em>\u2019 <\/span><\/p>\n<p class=\"MsoNormal\" style=\"mso-pagination: none; mso-layout-grid-align: none; text-autospace: none;\"><span lang=\"NL\"> <\/span><\/p>\n<p class=\"MsoNormal\" style=\"mso-pagination: none; mso-layout-grid-align: none; text-autospace: none;\"><span lang=\"NL\">Efeze 5: 15 <\/span><span style=\"mso-bidi-font-size: 11.0pt; mso-bidi-font-family: Tahoma; color: red;\" lang=\"NL\">Kijkt dan nauwlettend hoe gij wandelt, niet als onwijzen maar als wijzen die de tijd uitkopen\u2026.<\/span><\/p>\n<p class=\"MsoNormal\" style=\"mso-pagination: none; mso-layout-grid-align: none; text-autospace: none;\"><span style=\"mso-bidi-font-size: 11.0pt; mso-bidi-font-family: Tahoma; color: red;\" lang=\"NL\"> <\/span><\/p>\n<p class=\"MsoNormal\" style=\"mso-pagination: none; mso-layout-grid-align: none; text-autospace: none;\"><span style=\"mso-bidi-font-size: 11.0pt; mso-bidi-font-family: Tahoma;\" lang=\"NL\">Laten we Christus weerspiegelen in ons leven. Elke dag. Totdat Hij komt.<span style=\"mso-spacerun: yes;\"> <\/span><\/span><\/p>\n<p class=\"MsoNormal\" style=\"mso-pagination: none; mso-layout-grid-align: none; text-autospace: none;\"><span style=\"mso-bidi-font-size: 11.0pt; mso-bidi-font-family: Tahoma;\" lang=\"NL\"> <\/span><\/p>\n<div style=\"mso-element: para-border-div; border: solid windowtext 1.0pt; mso-border-alt: solid windowtext .5pt; padding: 1.0pt 4.0pt 1.0pt 4.0pt;\">\n<p class=\"MsoNormal\" style=\"text-align: center; mso-pagination: none; mso-layout-grid-align: none; text-autospace: none; border: none; mso-border-alt: solid windowtext .5pt; padding: 0cm; mso-padding-alt: 1.0pt 4.0pt 1.0pt 4.0pt;\" align=\"center\"><span style=\"font-size: 14.0pt; mso-bidi-font-size: 11.0pt; mso-bidi-font-family: Tahoma; color: blue;\" lang=\"NL\">\u2026.., wikkend en wegend wat welgevallig is aan de Heer;<\/span><span style=\"font-size: 14.0pt; mso-bidi-font-size: 12.0pt; color: blue;\" lang=\"NL\"><\/span><\/p>\n<\/p><\/div><\/p>\n","protected":false},"excerpt":{"rendered":"<p>0 false 21 18 pt 18 pt 0 0 false false false \/* Style Definitions *\/ table.MsoNormalTable {mso-style-name:Standaardtabel; mso-tstyle-rowband-size:0; mso-tstyle-colband-size:0; mso-style-noshow:yes; mso-style-parent:&#8221;&#8221;; mso-padding-alt:0cm 5.4pt 0cm 5.4pt; mso-para-margin:0cm; mso-para-margin-bottom:.0001pt; mso-pagination:widow-orphan; font-size:12.0pt; font-family:&#8221;Times New Roman&#8221;; mso-ascii-font-family:Cambria; mso-ascii-theme-font:minor-latin; mso-hansi-font-family:Cambria; mso-hansi-theme-font:minor-latin; mso-ansi-language:NL; mso-fareast-language:EN-US;} wandelt als kinderen van licht!, \u2026.. Aan de apostel Paulus werden een aantal \u2018verborgenheden\u2019 geopenbaard die &hellip; <\/p>\n<p class=\"link-more\"><a href=\"https:\/\/www.vergaderingalkmaar.nl\/?page_id=250\" class=\"more-link\"><span class=\"screen-reader-text\">&#8220;Preek zondag 6 oktober 2013&#8221;<\/span> verder lezen<\/a><\/p>\n","protected":false},"author":1,"featured_media":0,"parent":588,"menu_order":40,"comment_status":"open","ping_status":"open","template":"","meta":[],"_links":{"self":[{"href":"https:\/\/www.vergaderingalkmaar.nl\/index.php?rest_route=\/wp\/v2\/pages\/250"}],"collection":[{"href":"https:\/\/www.vergaderingalkmaar.nl\/index.php?rest_route=\/wp\/v2\/pages"}],"about":[{"href":"https:\/\/www.vergaderingalkmaar.nl\/index.php?rest_route=\/wp\/v2\/types\/page"}],"author":[{"embeddable":true,"href":"https:\/\/www.vergaderingalkmaar.nl\/index.php?rest_route=\/wp\/v2\/users\/1"}],"replies":[{"embeddable":true,"href":"https:\/\/www.vergaderingalkmaar.nl\/index.php?rest_route=%2Fwp%2Fv2%2Fcomments&post=250"}],"version-history":[{"count":0,"href":"https:\/\/www.vergaderingalkmaar.nl\/index.php?rest_route=\/wp\/v2\/pages\/250\/revisions"}],"up":[{"embeddable":true,"href":"https:\/\/www.vergaderingalkmaar.nl\/index.php?rest_route=\/wp\/v2\/pages\/588"}],"wp:attachment":[{"href":"https:\/\/www.vergaderingalkmaar.nl\/index.php?rest_route=%2Fwp%2Fv2%2Fmedia&parent=250"}],"curies":[{"name":"wp","href":"https:\/\/api.w.org\/{rel}","templated":true}]}}