{"id":247,"date":"2013-08-05T08:36:44","date_gmt":"2013-08-05T07:36:44","guid":{"rendered":"http:\/\/www.vergaderingalkmaar.nl\/?page_id=247"},"modified":"2014-12-07T15:47:44","modified_gmt":"2014-12-07T14:47:44","slug":"preek-zondag-4-augustus-2013","status":"publish","type":"page","link":"https:\/\/www.vergaderingalkmaar.nl\/?page_id=247","title":{"rendered":"Preek zondag 4 augustus 2013"},"content":{"rendered":"<p>&nbsp;<\/p>\n<p class=\"MsoNormal\">\n<div style=\"mso-element: para-border-div; border: solid windowtext 1.0pt; mso-border-alt: solid windowtext .5pt; padding: 1.0pt 4.0pt 1.0pt 4.0pt;\">\n<p class=\"MsoNormal\" style=\"text-align: center; mso-pagination: none; tab-stops: 404.9pt 869.9pt; mso-layout-grid-align: none; text-autospace: none; border: none; mso-border-alt: solid windowtext .5pt; padding: 0cm; mso-padding-alt: 1.0pt 4.0pt 1.0pt 4.0pt;\" align=\"center\"><strong style=\"mso-bidi-font-weight: normal;\"><span lang=\"NL\" style=\"font-size: 14.0pt; mso-bidi-font-size: 11.0pt; mso-bidi-font-family: Verdana; color: blue;\">Wird mir mein Leiden einst zu schwer,<\/span><\/strong><\/p>\n<\/div>\n<p class=\"MsoNormal\">\n<p class=\"MsoNormal\">\n<p class=\"MsoNormal\"><span lang=\"NL\">We zingen het wel eens: \u201c<em style=\"mso-bidi-font-style: normal;\">Ik vermag alle dingen door Hem die mij kracht geeft<\/em>.\u201d In de taal van vandaag: het is een fraaie oneliner. Bij eerste indruk lijkt het alsof er voor een christen geen nee te koop is. En trouwens, die tekst komt zo ongeveer letterlijk in de bijbel voor. Nou dan. Heb een beetje vertrouwen en het zal je voor de wind gaan! Toch maar eens lezen misschien, Filippenzen 4: 11b \u2013 13:<\/span><\/p>\n<p class=\"MsoNormal\">\n<p class=\"MsoNormal\" style=\"mso-pagination: none; mso-layout-grid-align: none; text-autospace: none;\"><span lang=\"NL\" style=\"mso-bidi-font-size: 11.0pt; mso-bidi-font-family: Tahoma; color: red;\">ik heb geleerd om in welke omstandigheden ik ook ben tevreden te zijn. Ik weet ook nederig te leven, ik weet ook overvloed te hebben. In alles en in alle dingen ben ik ingewijd: \u00e9n verzadigd worden \u00e9n honger lijden, \u00e9n overvloed hebben \u00e9n gebrek lijden. <strong style=\"mso-bidi-font-weight: normal;\">Tot alles ben ik in staat in eenheid met hem die mij kracht geeft.<\/strong><\/span><\/p>\n<p class=\"MsoNormal\" style=\"mso-pagination: none; mso-layout-grid-align: none; text-autospace: none;\">\n<p class=\"MsoNormal\" style=\"mso-pagination: none; mso-layout-grid-align: none; text-autospace: none;\"><span lang=\"NL\" style=\"mso-bidi-font-size: 11.0pt; mso-bidi-font-family: Tahoma;\">Kijk. Met die inleiding van Paulus erbij krijgt die songtekst toch een andere kleur. Het is niet de basis van een onvermijdelijk succesverhaal. Paulus vertelt van de voor- en tegenslagen die hij meemaakt. Van de plussen en de minnen in zijn leven. En hij vertelt hoe hij daarmee omgaat. Hoe hij gebrek en overvloed beide aanvaardt. Omdat hij weet dat God hem in alle omstandigheden ziet en nabij is. Met God kan hij ook de zware tegenslagen in zijn leven aan.<\/span><\/p>\n<p class=\"MsoNormal\" style=\"mso-pagination: none; mso-layout-grid-align: none; text-autospace: none;\">\n<p class=\"MsoNormal\" style=\"mso-pagination: none; mso-layout-grid-align: none; text-autospace: none;\"><span lang=\"NL\" style=\"mso-bidi-font-size: 11.0pt; mso-bidi-font-family: Tahoma;\">Waarom bestaat er lijden in de wereld? Dat is een heel menselijke \u2013 en ook een heel theologische \u2013 vraag. Kennelijk staat God lijden toe in ons leven. Hoort lijden ook bij een leven als christen. Wil God ons vertrouwen op Hem sterken door een soort van training. Wie altijd de wind mee heeft wordt nooit een sterke wielrenner. Juist met tegenwind leer je presteren. <\/span><\/p>\n<p class=\"MsoNormal\" style=\"mso-pagination: none; mso-layout-grid-align: none; text-autospace: none;\"><span lang=\"NL\" style=\"mso-bidi-font-size: 11.0pt; mso-bidi-font-family: Tahoma;\">Christus zelf moest lijden. Opdat hij \u201c<em style=\"mso-bidi-font-style: normal;\">ten volle de leidsman van het heil zou zijn<\/em>.\u201d Een verbluffende zin. Christus leed plaatsvervangend voor onze zonden. Maar kennelijk ook om zijn volgelingen te hulp te kunnen komen als zij het moeilijk hebben. Want hij begrijpt de zwaarte en moeite van het lijden als geen ander uit eigen ervaring!<\/span><\/p>\n<p class=\"MsoNormal\" style=\"mso-pagination: none; mso-layout-grid-align: none; text-autospace: none;\">\n<p class=\"MsoNormal\" style=\"mso-pagination: none; mso-layout-grid-align: none; text-autospace: none;\"><span lang=\"NL\" style=\"mso-bidi-font-size: 11.0pt; mso-bidi-font-family: Tahoma; color: red;\">Want het betaamde hem om wie alle dingen zijn en door wie alle dingen zijn, dat hij vele zonen tot heerlijkheid zou leiden en zo, door al wat hij te lijden kreeg, ten volle de leidsman van het heil zou zijn\u2026\u2026..<\/span> <span lang=\"NL\" style=\"mso-bidi-font-size: 11.0pt; mso-bidi-font-family: Tahoma; color: red;\">want beproefd in wat hij heeft geleden kan hij hen die beproefd worden te hulp komen.<\/span><span lang=\"NL\" style=\"mso-bidi-font-size: 11.0pt; mso-bidi-font-family: Tahoma;\"> (Hebr. 2: 10 en 18).<\/span><\/p>\n<p class=\"MsoNormal\" style=\"mso-pagination: none; mso-layout-grid-align: none; text-autospace: none;\">\n<p class=\"MsoNormal\" style=\"mso-pagination: none; tab-stops: 209.0pt 418.0pt; mso-layout-grid-align: none; text-autospace: none;\"><span lang=\"NL\" style=\"mso-bidi-font-size: 11.0pt; mso-bidi-font-family: Tahoma; color: red;\">Laat die gezindheid in u zijn die ook in Christus Jezus was, &#8211; die bestaande in de gestalte van God het niet als geroofd goed heeft beschouwd gelijk te zijn aan God, maar zichzelf heeft ontledigd door de gestalte van een dienstknecht aan te nemen, gelijk geworden aan mensen en in houding een mens gebleken; hij heeft zichzelf vernederd, gehoorzaam geworden tot in de dood, de dood aan een kruis. <\/span> <span lang=\"NL\" style=\"mso-bidi-font-size: 11.0pt; mso-bidi-font-family: Tahoma; color: red;\">Daarom heeft God hem verhoogd en hem genadig de naam verleend die is boven alle naam, opdat in de naam van Jezus alle knie zich zal buigen van hemelingen, aardbewoners en onderaardsen, en alle tong zal belijden: Jezus Christus is Heer!, tot glorie van God de Vader. <\/span><span lang=\"NL\" style=\"mso-bidi-font-size: 11.0pt; mso-bidi-font-family: Tahoma;\">(Fil. 2: 5 \u2013 11).<\/span><\/p>\n<p class=\"MsoNormal\" style=\"mso-pagination: none; tab-stops: 209.0pt 418.0pt; mso-layout-grid-align: none; text-autospace: none;\">\n<p class=\"MsoNormal\" style=\"mso-pagination: none; mso-layout-grid-align: none; text-autospace: none;\"><span lang=\"NL\" style=\"mso-bidi-font-size: 11.0pt; mso-bidi-font-family: Tahoma;\">Daniel zit gelijk al na zijn deportatie naar Babel in een lastig parket. Hij krijgt voedsel voorgezet dat hij verplicht moet eten. En dat wil hij niet: hij wenst zich \u2018<em style=\"mso-bidi-font-style: normal;\">niet te besmeuren met het beste eten van de koning.<\/em>\u2019 Dat lijkt een kansloos standpunt. Tot God ingrijpt: <\/span><span lang=\"EN-US\" style=\"mso-bidi-font-size: 11.0pt; mso-bidi-font-family: Tahoma; color: red; mso-ansi-language: EN-US;\">God geeft Dani\u00ebl vriendschap en ontferming,- bij het aanschijn van de vorst der hovelingen; <\/span><span lang=\"EN-US\" style=\"mso-bidi-font-size: 11.0pt; mso-bidi-font-family: Tahoma; mso-ansi-language: EN-US;\">(Dan. 1:9).<\/span><span lang=\"NL\" style=\"mso-bidi-font-size: 11.0pt; mso-bidi-font-family: Tahoma;\"> God zorgt ervoor dat Daniel zijn geloof geen geweld hoeft aan te doen.<\/span><\/p>\n<p class=\"MsoNormal\" style=\"mso-pagination: none; mso-layout-grid-align: none; text-autospace: none;\">\n<p class=\"MsoNormal\" style=\"mso-pagination: none; mso-layout-grid-align: none; text-autospace: none;\"><span lang=\"NL\" style=\"mso-bidi-font-size: 11.0pt; mso-bidi-font-family: Tahoma;\">Mogen ook wij erop vertrouwen dat \u2013 als het voor ons al te spannend wordt &#8211; God ervoor zorgt? <\/span><\/p>\n<p class=\"MsoNormal\" style=\"mso-pagination: none; mso-layout-grid-align: none; text-autospace: none;\">\n<p class=\"MsoNormal\">\n<div style=\"mso-element: para-border-div; border: solid windowtext 1.0pt; mso-border-alt: solid windowtext .5pt; padding: 1.0pt 4.0pt 1.0pt 4.0pt;\">\n<p class=\"MsoNormal\" style=\"text-align: center; border: none; mso-border-alt: solid windowtext .5pt; padding: 0cm; mso-padding-alt: 1.0pt 4.0pt 1.0pt 4.0pt;\" align=\"center\"><strong style=\"mso-bidi-font-weight: normal;\"><span lang=\"NL\" style=\"font-size: 14.0pt; mso-bidi-font-size: 11.0pt; mso-bidi-font-family: Verdana; color: blue;\">So hilfst du mir es selber tragen<\/span><\/strong><\/p>\n<p class=\"MsoNormal\" style=\"text-align: right; border: none; mso-border-alt: solid windowtext .5pt; padding: 0cm; mso-padding-alt: 1.0pt 4.0pt 1.0pt 4.0pt;\" align=\"right\"><span lang=\"NL\" style=\"mso-bidi-font-size: 11.0pt; mso-bidi-font-family: Verdana;\">J.S. Bach, Matth\u00e4us <\/span><span lang=\"DE\" style=\"mso-bidi-font-size: 11.0pt; mso-bidi-font-family: Verdana; mso-ansi-language: DE;\">Passion, uit de aria \u2018Komm, s\u00fc\u00dfes Kreuz\u2019<\/span><\/p>\n<\/div>\n<p class=\"MsoNormal\" style=\"mso-pagination: none; mso-layout-grid-align: none; text-autospace: none;\">\n<p class=\"MsoNormal\" style=\"mso-pagination: none; mso-layout-grid-align: none; text-autospace: none;\"><span lang=\"NL\" style=\"color: red;\"> 0 false 21 18 pt 18 pt 0 0 false false false \/* Style Definitions *\/ table.MsoNormalTable {mso-style-name:Standaardtabel; mso-tstyle-rowband-size:0; mso-tstyle-colband-size:0; mso-style-noshow:yes; mso-style-parent:&#8221;&#8221;; mso-padding-alt:0cm 5.4pt 0cm 5.4pt; mso-para-margin:0cm; mso-para-margin-bottom:.0001pt; mso-pagination:widow-orphan; font-size:12.0pt; font-family:&#8221;Times New Roman&#8221;; mso-ascii-font-family:Cambria; mso-ascii-theme-font:minor-latin; mso-fareast-font-family:&#8221;Times New Roman&#8221;; mso-fareast-theme-font:minor-fareast; mso-hansi-font-family:Cambria; mso-hansi-theme-font:minor-latin;} <\/span><\/p>\n<p class=\"MsoNormal\"><span lang=\"NL\">http:\/\/www.youtube.com\/watch?v=o90zQNoZuLo<\/span><\/p>\n<p>&nbsp;<\/p>\n<p class=\"MsoNormal\">\n<p>&nbsp;<\/p>\n","protected":false},"excerpt":{"rendered":"<p>&nbsp; Wird mir mein Leiden einst zu schwer, We zingen het wel eens: \u201cIk vermag alle dingen door Hem die mij kracht geeft.\u201d In de taal van vandaag: het is een fraaie oneliner. Bij eerste indruk lijkt het alsof er voor een christen geen nee te koop is. En trouwens, die tekst komt zo ongeveer &hellip; <\/p>\n<p class=\"link-more\"><a href=\"https:\/\/www.vergaderingalkmaar.nl\/?page_id=247\" class=\"more-link\"><span class=\"screen-reader-text\">&#8220;Preek zondag 4 augustus 2013&#8221;<\/span> verder lezen<\/a><\/p>\n","protected":false},"author":1,"featured_media":0,"parent":588,"menu_order":100,"comment_status":"open","ping_status":"open","template":"","meta":[],"_links":{"self":[{"href":"https:\/\/www.vergaderingalkmaar.nl\/index.php?rest_route=\/wp\/v2\/pages\/247"}],"collection":[{"href":"https:\/\/www.vergaderingalkmaar.nl\/index.php?rest_route=\/wp\/v2\/pages"}],"about":[{"href":"https:\/\/www.vergaderingalkmaar.nl\/index.php?rest_route=\/wp\/v2\/types\/page"}],"author":[{"embeddable":true,"href":"https:\/\/www.vergaderingalkmaar.nl\/index.php?rest_route=\/wp\/v2\/users\/1"}],"replies":[{"embeddable":true,"href":"https:\/\/www.vergaderingalkmaar.nl\/index.php?rest_route=%2Fwp%2Fv2%2Fcomments&post=247"}],"version-history":[{"count":1,"href":"https:\/\/www.vergaderingalkmaar.nl\/index.php?rest_route=\/wp\/v2\/pages\/247\/revisions"}],"predecessor-version":[{"id":744,"href":"https:\/\/www.vergaderingalkmaar.nl\/index.php?rest_route=\/wp\/v2\/pages\/247\/revisions\/744"}],"up":[{"embeddable":true,"href":"https:\/\/www.vergaderingalkmaar.nl\/index.php?rest_route=\/wp\/v2\/pages\/588"}],"wp:attachment":[{"href":"https:\/\/www.vergaderingalkmaar.nl\/index.php?rest_route=%2Fwp%2Fv2%2Fmedia&parent=247"}],"curies":[{"name":"wp","href":"https:\/\/api.w.org\/{rel}","templated":true}]}}