{"id":238,"date":"2013-05-05T20:09:25","date_gmt":"2013-05-05T19:09:25","guid":{"rendered":"http:\/\/www.vergaderingalkmaar.nl\/?page_id=238"},"modified":"2013-05-05T20:09:25","modified_gmt":"2013-05-05T19:09:25","slug":"preek-zondag-28-maart-2013","status":"publish","type":"page","link":"https:\/\/www.vergaderingalkmaar.nl\/?page_id=238","title":{"rendered":"Preek zondag 28 april 2013"},"content":{"rendered":"<p>\u00a0<\/p>\n<div style=\"mso-element: para-border-div; border: solid windowtext 1.0pt; mso-border-alt: solid windowtext .5pt; padding: 1.0pt 4.0pt 1.0pt 4.0pt;\">\n<p class=\"MsoNormal\" style=\"text-align: center; mso-pagination: none; mso-layout-grid-align: none; text-autospace: none; border: none; mso-border-alt: solid windowtext .5pt; padding: 0cm; mso-padding-alt: 1.0pt 4.0pt 1.0pt 4.0pt;\" align=\"center\"><span style=\"font-size: 14.0pt; mso-bidi-font-size: 11.0pt; mso-bidi-font-family: Tahoma; color: blue; mso-ansi-language: EN-US;\" lang=\"EN-US\">Daarin is geen Judee\u00ebr en geen Helleen, daarin is geen dienstknecht en geen vrije,<\/span><\/p>\n<\/p><\/div>\n<p class=\"MsoNormal\">\u00a0<\/p>\n<p class=\"MsoNormal\">Er zijn van die stukjes in de bijbel waarvan je soms denkt <em style=\"mso-bidi-font-style: normal;\">\u2019dat heeft z\u2019n tijd toch wel gehad. Beetje van een andere eeuw.<\/em>\u2019 Kol. 3: 17 \u2013 4: 2 is zo\u2019n stukje. Over onderdanigheid. Liefhebben. Gehoorzamen. Klinkt niet meteen heel modern allemaal.<\/p>\n<p class=\"MsoNormal\">\u00a0<\/p>\n<p class=\"MsoNormal\" style=\"mso-pagination: none; mso-layout-grid-align: none; text-autospace: none;\">Toch, bij nader inzien, volgt het voegloos op de voorgaande passages. Om te beginnen blijft Christus het centrale thema (: 23, 24) \u2018<span style=\"mso-bidi-font-size: 11.0pt; mso-bidi-font-family: Tahoma; color: red;\">wat ge ook doet, werkt met hart-en-ziel: het is voor de Heer en niet voor mensen;<\/span><span style=\"color: red;\">\u2019 <\/span>Christus is ons leven (3: 4), hij bepaalt hoe we in het leven staan (3: 5 \u2013 12) en hoe we in de gemeente met elkaar omgaan (3: 13 \u2013 16).<\/p>\n<p class=\"MsoNormal\" style=\"mso-pagination: none; mso-layout-grid-align: none; text-autospace: none;\">\u00a0<\/p>\n<p class=\"MsoNormal\" style=\"mso-pagination: none; mso-layout-grid-align: none; text-autospace: none;\">In het stukje wat we lazen trekt Paulus zijn uiteenzetting door naar huwelijk, gezin en werk. Het vertrekpunt voor een christen daarbij is altijd \u2018<em style=\"mso-bidi-font-style: normal;\">wandel in Hem<\/em>\u2019 (2: 6) en \u2018<em style=\"mso-bidi-font-style: normal;\">richt u op wat boven is\u2019<\/em> (3: 1, 2a).<\/p>\n<p class=\"MsoNormal\" style=\"mso-pagination: none; mso-layout-grid-align: none; text-autospace: none;\">\u00a0<\/p>\n<p class=\"MsoNormal\" style=\"mso-pagination: none; mso-layout-grid-align: none; text-autospace: none;\">Bij nauwkeurig lezen blijkt dit toch een ingenieus in elkaar gevlochten stukje te zijn:<\/p>\n<p class=\"MsoListParagraphCxSpFirst\" style=\"margin-left: 18.0pt; mso-add-space: auto; text-indent: -18.0pt; mso-pagination: none; mso-list: l0 level1 lfo1; mso-layout-grid-align: none; text-autospace: none;\"><span style=\"font-family: Wingdings; mso-fareast-font-family: Wingdings; mso-bidi-font-family: Wingdings;\"><span style=\"mso-list: Ignore;\">\u00a7<span style=\"font: 7.0pt \"> <\/span><\/span><\/span>Paulus slaat niemand over!<\/p>\n<p class=\"MsoListParagraphCxSpMiddle\" style=\"margin-left: 18.0pt; mso-add-space: auto; text-indent: -18.0pt; mso-pagination: none; mso-list: l0 level1 lfo1; mso-layout-grid-align: none; text-autospace: none;\"><span style=\"font-family: Wingdings; mso-fareast-font-family: Wingdings; mso-bidi-font-family: Wingdings;\"><span style=\"mso-list: Ignore;\">\u00a7<span style=\"font: 7.0pt \"> <\/span><\/span><\/span>Hij behandelt zijn onderwerp in drie groepjes van twee, en<\/p>\n<p class=\"MsoListParagraphCxSpLast\" style=\"margin-left: 18.0pt; mso-add-space: auto; text-indent: -18.0pt; mso-pagination: none; mso-list: l0 level1 lfo1; mso-layout-grid-align: none; text-autospace: none;\"><span style=\"font-family: Wingdings; mso-fareast-font-family: Wingdings; mso-bidi-font-family: Wingdings;\"><span style=\"mso-list: Ignore;\">\u00a7<span style=\"font: 7.0pt \"> <\/span><\/span><\/span>Hij begint consequent met wat ons het minst sterk lijkt (vrouwen v\u00f3\u00f3r mannen; kinderen v\u00f3\u00f3r vaders en slaven v\u00f3\u00f3r hun bazen).<\/p>\n<p class=\"MsoNormal\" style=\"mso-pagination: none; mso-layout-grid-align: none; text-autospace: none;\">\u00a0<\/p>\n<p class=\"MsoNormal\" style=\"mso-pagination: none; mso-layout-grid-align: none; text-autospace: none;\">Elk tweetal wordt aangesproken op de verantwoordelijkheid jegens de ander. Maar, lijkt Paulus te zeggen, verwacht niet dat vrouwen zich onderdanig opstellen als hun echtgenoot verbittert is. Of dat kinderen hun ouders gehoorzamen als die hen voortdurend in gebreke stellen. Of dat slaven gehoorzamen als ze onrechtvaardig worden behandeld.<\/p>\n<p class=\"MsoNormal\" style=\"mso-pagination: none; mso-layout-grid-align: none; text-autospace: none;\">\u00a0<\/p>\n<p class=\"MsoNormal\" style=\"mso-pagination: none; mso-layout-grid-align: none; text-autospace: none;\">Opmerkelijk is ook dat de partij die het zwakst lijkt steeds wordt verbonden met de Heer. De vrouwen in vers18; de kinderen in vers 20 en de slaven in de verzen 22 \u2013 24. De man, de vader, de baas herkent in zijn \u2018counterpart\u2019 steeds de Heer!<\/p>\n<p class=\"MsoNormal\" style=\"mso-pagination: none; mso-layout-grid-align: none; text-autospace: none;\">Gezag is vandaag de dag een vies woord bijna. Hoe ging Christus zelf met gezag om? Onthutsend bijna schrijft Hebree\u00ebn (5: 8) <span style=\"mso-bidi-font-size: 11.0pt; mso-bidi-font-family: Tahoma; color: red;\">en hoewel hij de zoon was, heeft hij gehoorzaamheid geleerd<\/span><\/p>\n<p class=\"MsoNormal\" style=\"mso-pagination: none; mso-layout-grid-align: none; text-autospace: none;\"><span style=\"mso-bidi-font-size: 11.0pt; mso-bidi-font-family: Tahoma; color: red;\">uit de dingen die hij te lijden kreeg, <\/span><span style=\"mso-bidi-font-size: 11.0pt; mso-bidi-font-family: Tahoma;\">en Joh. 14: 31:<span style=\"color: red;\"> en zoals de Vader mij heeft geboden, <\/span><\/span><\/p>\n<p class=\"MsoNormal\" style=\"mso-pagination: none; mso-layout-grid-align: none; text-autospace: none;\"><span style=\"mso-bidi-font-size: 11.0pt; mso-bidi-font-family: Tahoma; color: red;\">z\u00f3 doe ik; <\/span><span style=\"mso-bidi-font-size: 11.0pt; mso-bidi-font-family: Tahoma;\">Liefde en ontzag voor God bepaalde heel Jezus\u2019 houding. En dat onderdanigheid niet gelijk is aan het inleveren van de eigen waardigheid laat Lukas 2: 48 \u2013 51 zien. Daar gaan zelfbewustheid en onderdanigheid hand in hand. <\/span><\/p>\n<p class=\"MsoNormal\" style=\"mso-pagination: none; mso-layout-grid-align: none; text-autospace: none;\"><span style=\"mso-bidi-font-size: 11.0pt; mso-bidi-font-family: Tahoma;\"> <\/span><\/p>\n<p class=\"MsoNormal\" style=\"mso-pagination: none; mso-layout-grid-align: none; text-autospace: none;\"><span style=\"mso-bidi-font-size: 11.0pt; mso-bidi-font-family: Tahoma;\">Man en vrouw zijn samen \u2018<em style=\"mso-bidi-font-style: normal;\">beeld van God<\/em>.\u2019 Opmerkelijk: Eva overtrad het gebod, maar alle mensen sterven door\u2026..Adam! <\/span><\/p>\n<p class=\"MsoNormal\" style=\"mso-pagination: none; mso-layout-grid-align: none; text-autospace: none;\"><span style=\"mso-bidi-font-size: 11.0pt; mso-bidi-font-family: Tahoma;\"> <\/span><\/p>\n<p class=\"MsoNormal\" style=\"mso-pagination: none; mso-layout-grid-align: none; text-autospace: none;\"><span style=\"mso-bidi-font-size: 11.0pt; mso-bidi-font-family: Tahoma;\">De man heeft niet tot taak om zijn vrouw tot gehoorzaamheid te dwingen. Zijn enige taak is haar lief te hebben. Zoals Christus de gemeente heeft liefgehad, zegt Efeze 5 daar dan achteraan. In het christendom gaat het om liefde die dient. Om liefde die zichzelf niet zoekt. Maar die altijd het belang van de ander vooropstelt.<\/span><\/p>\n<p class=\"MsoNormal\" style=\"mso-pagination: none; mso-layout-grid-align: none; text-autospace: none;\"><span style=\"mso-bidi-font-size: 11.0pt; mso-bidi-font-family: Tahoma;\"> <\/span><\/p>\n<p class=\"MsoNormal\" style=\"mso-pagination: none; mso-layout-grid-align: none; text-autospace: none;\"><span style=\"mso-bidi-font-size: 11.0pt; mso-bidi-font-family: Tahoma;\">We leven vandaag in een individualistische maatschappij. De mens in zichzelf wordt als compleet gezien. Je hebt de ander niet meer echt nodig als je werkelijk je persoonlijke ontwikkeling voltooit.<\/span><\/p>\n<p class=\"MsoNormal\" style=\"mso-pagination: none; mso-layout-grid-align: none; text-autospace: none;\"><span style=\"mso-bidi-font-size: 11.0pt; mso-bidi-font-family: Tahoma;\">In het christendom is dat heel anders.<span style=\"mso-spacerun: yes;\"> <\/span>Christenen leven in relatie. In kerk, in gezin en in werk. En samen vormen we als gemeente het lichaam van Christus. Adam en Eva kozen voor onafhankelijkheid van God, voor de \u2013 ogenschijnlijke \u2013 vrijheid. Voor zelf god zijn. Zo werd de relatie met God verbroken en de schepping beschadigd. <\/span><\/p>\n<p class=\"MsoNormal\" style=\"mso-pagination: none; mso-layout-grid-align: none; text-autospace: none;\"><span style=\"mso-bidi-font-size: 11.0pt; mso-bidi-font-family: Tahoma;\"> <\/span><\/p>\n<p class=\"MsoNormal\" style=\"mso-pagination: none; mso-layout-grid-align: none; text-autospace: none;\"><span style=\"mso-bidi-font-size: 11.0pt; mso-bidi-font-family: Tahoma;\">Maar God liet het daar niet bij. Hij herstelde de relatie en sloeg vanuit Zichzelf een brug naar de wereld: Johannes 3: 16! <\/span><\/p>\n<p class=\"MsoNormal\" style=\"mso-pagination: none; mso-layout-grid-align: none; text-autospace: none;\"><span style=\"mso-bidi-font-size: 11.0pt; mso-bidi-font-family: Tahoma;\"> <\/span><\/p>\n<p class=\"MsoNormal\" style=\"mso-pagination: none; mso-layout-grid-align: none; text-autospace: none;\"><span style=\"mso-bidi-font-size: 11.0pt; mso-bidi-font-family: Tahoma;\">Zo roept dit stukje ons op om ons op onze relaties te richten en niet op onszelf! En als we dat doen beginnen we de eenheid (opnieuw) te ervaren. Want we zijn allemaal \u00e9\u00e9n in Christus!<\/span><\/p>\n<p class=\"MsoNormal\">\u00a0<\/p>\n<div style=\"mso-element: para-border-div; border: solid windowtext 1.0pt; mso-border-alt: solid windowtext .5pt; padding: 1.0pt 4.0pt 1.0pt 4.0pt;\">\n<p class=\"MsoNormal\" style=\"text-align: center; mso-pagination: none; mso-layout-grid-align: none; text-autospace: none; border: none; mso-border-alt: solid windowtext .5pt; padding: 0cm; mso-padding-alt: 1.0pt 4.0pt 1.0pt 4.0pt;\" align=\"center\"><span style=\"font-size: 14.0pt; mso-bidi-font-size: 11.0pt; mso-bidi-font-family: Tahoma; color: blue; mso-ansi-language: EN-US;\" lang=\"EN-US\">daarin is geen mannelijk en vrouwelijk; allen immers zijt g\u00edj \u00e9\u00e9n in Christus Jezus!<\/span><\/p>\n<\/p><\/div>\n<p>\u00a0<\/p>\n","protected":false},"excerpt":{"rendered":"<p>\u00a0 Daarin is geen Judee\u00ebr en geen Helleen, daarin is geen dienstknecht en geen vrije, \u00a0 Er zijn van die stukjes in de bijbel waarvan je soms denkt \u2019dat heeft z\u2019n tijd toch wel gehad. Beetje van een andere eeuw.\u2019 Kol. 3: 17 \u2013 4: 2 is zo\u2019n stukje. Over onderdanigheid. Liefhebben. Gehoorzamen. Klinkt niet &hellip; <\/p>\n<p class=\"link-more\"><a href=\"https:\/\/www.vergaderingalkmaar.nl\/?page_id=238\" class=\"more-link\"><span class=\"screen-reader-text\">&#8220;Preek zondag 28 april 2013&#8221;<\/span> verder lezen<\/a><\/p>\n","protected":false},"author":1,"featured_media":0,"parent":588,"menu_order":10,"comment_status":"open","ping_status":"open","template":"","meta":[],"_links":{"self":[{"href":"https:\/\/www.vergaderingalkmaar.nl\/index.php?rest_route=\/wp\/v2\/pages\/238"}],"collection":[{"href":"https:\/\/www.vergaderingalkmaar.nl\/index.php?rest_route=\/wp\/v2\/pages"}],"about":[{"href":"https:\/\/www.vergaderingalkmaar.nl\/index.php?rest_route=\/wp\/v2\/types\/page"}],"author":[{"embeddable":true,"href":"https:\/\/www.vergaderingalkmaar.nl\/index.php?rest_route=\/wp\/v2\/users\/1"}],"replies":[{"embeddable":true,"href":"https:\/\/www.vergaderingalkmaar.nl\/index.php?rest_route=%2Fwp%2Fv2%2Fcomments&post=238"}],"version-history":[{"count":0,"href":"https:\/\/www.vergaderingalkmaar.nl\/index.php?rest_route=\/wp\/v2\/pages\/238\/revisions"}],"up":[{"embeddable":true,"href":"https:\/\/www.vergaderingalkmaar.nl\/index.php?rest_route=\/wp\/v2\/pages\/588"}],"wp:attachment":[{"href":"https:\/\/www.vergaderingalkmaar.nl\/index.php?rest_route=%2Fwp%2Fv2%2Fmedia&parent=238"}],"curies":[{"name":"wp","href":"https:\/\/api.w.org\/{rel}","templated":true}]}}