{"id":234,"date":"2013-03-29T15:47:36","date_gmt":"2013-03-29T14:47:36","guid":{"rendered":"http:\/\/www.vergaderingalkmaar.nl\/?page_id=234"},"modified":"2013-03-29T15:47:36","modified_gmt":"2013-03-29T14:47:36","slug":"preek-zondag-24-maart-2013","status":"publish","type":"page","link":"https:\/\/www.vergaderingalkmaar.nl\/?page_id=234","title":{"rendered":"Preek zondag 24 maart 2013"},"content":{"rendered":"<p>      0 false  21  18 pt 18 pt 0 0  false false false               \/* Style Definitions *\/ table.MsoNormalTable \t{mso-style-name:Standaardtabel; \tmso-tstyle-rowband-size:0; \tmso-tstyle-colband-size:0; \tmso-style-noshow:yes; \tmso-style-parent:&#8221;&#8221;; \tmso-padding-alt:0cm 5.4pt 0cm 5.4pt; \tmso-para-margin:0cm; \tmso-para-margin-bottom:.0001pt; \tmso-pagination:widow-orphan; \tfont-size:12.0pt; \tfont-family:&#8221;Times New Roman&#8221;; \tmso-ascii-font-family:Cambria; \tmso-ascii-theme-font:minor-latin; \tmso-hansi-font-family:Cambria; \tmso-hansi-theme-font:minor-latin; \tmso-fareast-language:EN-US;}    <\/p>\n<div style=\"mso-element: para-border-div; border: solid windowtext 1.0pt; mso-border-alt: solid windowtext .5pt; padding: 1.0pt 4.0pt 1.0pt 4.0pt;\">\n<p class=\"MsoNormal\" style=\"text-align: center; border: none; mso-border-alt: solid windowtext .5pt; padding: 0cm; mso-padding-alt: 1.0pt 4.0pt 1.0pt 4.0pt;\" align=\"center\"><span style=\"font-size: 14.0pt; mso-bidi-font-size: 12.0pt; mso-fareast-font-family: \" New=\"New\" Roman\";=\"Roman\";\" mso-fareast-theme-font:=\"mso-fareast-theme-font:\" minor-fareast;=\"minor-fareast;\" color:=\"color:\" blue;=\"blue;\" mso-fareast-language:=\"mso-fareast-language:\" NL;\"=\"NL;\"\">Lees maar,<\/span><\/p>\n<\/p><\/div>\n<p class=\"MsoNormal\"><span style=\"mso-fareast-font-family: \" New=\"New\" Roman\";=\"Roman\";\" mso-fareast-theme-font:=\"mso-fareast-theme-font:\" minor-fareast;=\"minor-fareast;\" color:=\"color:\" blue;=\"blue;\" mso-fareast-language:=\"mso-fareast-language:\" NL;\"=\"NL;\"\"> <\/span><\/p>\n<p class=\"MsoNormal\"><span style=\"mso-fareast-font-family: \" New=\"New\" Roman\";=\"Roman\";\" mso-fareast-theme-font:=\"mso-fareast-theme-font:\" minor-fareast;=\"minor-fareast;\" mso-fareast-language:=\"mso-fareast-language:\" NL;\"=\"NL;\"\">Gelijkenissen. Het is een soort \u2018om een hoekje schrijven.\u2019 <em style=\"mso-bidi-font-style: normal;\">Er staat niet wat er staat<\/em><a name=\"_ftnref\" href=\"#_ftn1\"><span class=\"MsoFootnoteReference\"><span style=\"mso-special-character: footnote;\">[1]<\/span><\/span><\/a>. De gelijkenissen in de bijbel vertellen iets over Gods zoon. Om de boodschap te vatten moet je de \u2018taal\u2019 van de gelijkenis wel begrijpen. Je moet een beetje achter de letterlijke woorden lezen, de beelden van het verhaal naar jezelf vertalen. <\/span><\/p>\n<p class=\"MsoNormal\"><span style=\"mso-fareast-font-family: \" New=\"New\" Roman\";=\"Roman\";\" mso-fareast-theme-font:=\"mso-fareast-theme-font:\" minor-fareast;=\"minor-fareast;\" mso-fareast-language:=\"mso-fareast-language:\" NL;\"=\"NL;\"\"> <\/span><\/p>\n<p class=\"MsoNormal\"><span style=\"mso-fareast-font-family: \" New=\"New\" Roman\";=\"Roman\";\" mso-fareast-theme-font:=\"mso-fareast-theme-font:\" minor-fareast;=\"minor-fareast;\" mso-fareast-language:=\"mso-fareast-language:\" NL;\"=\"NL;\"\">De gelijkenis uit Lukas 19 (: 11 \u2013 26) is tamelijk bekend. Jezus is dicht bij Jeruzalem gekomen en zijn leerlingen zijn ervan overtuigd dat hij daar het koningschap op zich zal nemen. Het was in politieke zin een zeer roerige tijd. De geschiedenis vermeld over joodse gezantschappen die afreizen naar Rome om daar bij keizer Augustus te bepleiten \u2013 na de dood van Herodes de Grote \u2013 aan wie het gezag over Judea en Samaria moest worden gegeven. Sommigen willen dat het land bij de provincie Syri\u00eb wordt ingelijfd en onder direct Romeins bestuur komt. Augustus schat in dat de Romeinse belangen beter gediend zijn met een Joods koninkrijk onder een Joodse vorst. Hij bevestigd Herodes Archelaus (die ook naar Rome was afgereisd om zijn positie te bepleiten) in die positie<a name=\"_ftnref\" href=\"#_ftn2\"><span class=\"MsoFootnoteReference\"><span style=\"mso-special-character: footnote;\">[2]<\/span><\/span><\/a>. <\/span>Zijn broer Herodes Antipas regeerde terzelfder tijd over Galil\u00e9a en Perea.<span style=\"mso-fareast-font-family: \" New=\"New\" Roman\";=\"Roman\";\" mso-fareast-theme-font:=\"mso-fareast-theme-font:\" minor-fareast;=\"minor-fareast;\" mso-fareast-language:=\"mso-fareast-language:\" NL;\"=\"NL;\"\"><\/span><\/p>\n<p class=\"MsoNormal\"><span style=\"mso-fareast-font-family: \" New=\"New\" Roman\";=\"Roman\";\" mso-fareast-theme-font:=\"mso-fareast-theme-font:\" minor-fareast;=\"minor-fareast;\" mso-fareast-language:=\"mso-fareast-language:\" NL;\"=\"NL;\"\"> <\/span><\/p>\n<p class=\"MsoNormal\"><span style=\"mso-fareast-font-family: \" New=\"New\" Roman\";=\"Roman\";\" mso-fareast-theme-font:=\"mso-fareast-theme-font:\" minor-fareast;=\"minor-fareast;\" mso-fareast-language:=\"mso-fareast-language:\" NL;\"=\"NL;\"\">Dan vertelt Jezus het verhaal van de koning die op reis gaat om het koningschap in een ver land op zich te nemen. Aan tien dienaren geeft hij tien pond en draagt hen op daarmee te handelen zolang hij nog niet terug is. Gaat dit over Archelaus die weg is en hoe zijn onderdanen reageren? Of heeft Jezus het over zichzelf in deze gelijkenis?<\/span><\/p>\n<p class=\"MsoNormal\"><span style=\"mso-fareast-font-family: \" New=\"New\" Roman\";=\"Roman\";\" mso-fareast-theme-font:=\"mso-fareast-theme-font:\" minor-fareast;=\"minor-fareast;\" mso-fareast-language:=\"mso-fareast-language:\" NL;\"=\"NL;\"\"> <\/span><\/p>\n<p class=\"MsoNormal\"><span style=\"mso-fareast-font-family: \" New=\"New\" Roman\";=\"Roman\";\" mso-fareast-theme-font:=\"mso-fareast-theme-font:\" minor-fareast;=\"minor-fareast;\" mso-fareast-language:=\"mso-fareast-language:\" NL;\"=\"NL;\"\">De gelijkenis van de ponden gaat over Jezus en zijn leerlingen. De vraag is dan natuurlijk: wat doen ze met hun ponden, als Jezus weg is? Bij de terugkeer van de koning gaat het als volgt: <\/span><\/p>\n<p class=\"MsoListParagraphCxSpFirst\" style=\"margin-left: 18.0pt; mso-add-space: auto; text-indent: -18.0pt; mso-pagination: none; mso-list: l0 level1 lfo1; tab-stops: 226.0pt 278.0pt; mso-layout-grid-align: none; text-autospace: none;\"><span style=\"mso-bidi-font-size: 11.0pt; font-family: Wingdings; mso-fareast-font-family: Wingdings; mso-bidi-font-family: Wingdings; color: red;\"><span style=\"mso-list: Ignore;\">\u00a7<span style=\"font: 7.0pt \" New=\"New\" Roman\";\"=\"Roman\";\"\"> <\/span><\/span><\/span><span style=\"mso-bidi-font-size: 11.0pt; mso-bidi-font-family: Tahoma; color: red;\">de eerste komt en zegt: heer, uw pond heeft er tien pond bijverdiend! Hij zegt tot hem: wel gedaan, goede dienaar!- omdat je met het kleinste betrouwbaar bent gebleken, mag je gezag uitoefenen over tien steden!<br \/> <\/span><span style=\"mso-bidi-font-size: 11.0pt; mso-bidi-font-family: Tahoma;\">Voor een dienaar van God telt de trouw. Zijn tienvoudige opbrengst laat die trouw duidelijk zien. In absolute zin stelt het bedrag niet dramatisch veel voor \u2013 een paar maandsalarissen \u2013 maar de toewijding van de man die ermee aan de slag ging is groot.<span style=\"color: red;\"><span style=\"mso-tab-count: 1;\"> <\/span><\/span><\/span><\/p>\n<p class=\"MsoListParagraphCxSpMiddle\" style=\"margin-left: 18.0pt; mso-add-space: auto; text-indent: -18.0pt; mso-list: l0 level1 lfo1;\"><span style=\"font-family: Wingdings; mso-fareast-font-family: Wingdings; mso-bidi-font-family: Wingdings; mso-fareast-language: NL;\"><span style=\"mso-list: Ignore;\">\u00a7<span style=\"font: 7.0pt \" New=\"New\" Roman\";\"=\"Roman\";\"\"> <\/span><\/span><\/span><span style=\"mso-fareast-font-family: \" New=\"New\" Roman\";=\"Roman\";\" mso-fareast-theme-font:=\"mso-fareast-theme-font:\" minor-fareast;=\"minor-fareast;\" mso-fareast-language:=\"mso-fareast-language:\" NL;\"=\"NL;\"\">Een tweede heeft vijf pond winst; ook hij krijgt een beloning: hij wordt de man over vijf steden.<\/span><\/p>\n<p class=\"MsoListParagraphCxSpMiddle\" style=\"margin-left: 18.0pt; mso-add-space: auto; text-indent: -18.0pt; mso-pagination: none; mso-list: l0 level1 lfo1; mso-layout-grid-align: none; text-autospace: none;\"><span style=\"font-family: Wingdings; mso-fareast-font-family: Wingdings; mso-bidi-font-family: Wingdings; mso-fareast-language: NL;\"><span style=\"mso-list: Ignore;\">\u00a7<span style=\"font: 7.0pt \" New=\"New\" Roman\";\"=\"Roman\";\"\"> <\/span><\/span><\/span><span style=\"mso-fareast-font-family: \" New=\"New\" Roman\";=\"Roman\";\" mso-fareast-theme-font:=\"mso-fareast-theme-font:\" minor-fareast;=\"minor-fareast;\" mso-fareast-language:=\"mso-fareast-language:\" NL;\"=\"NL;\"\">Een volgende echter deed helemaal niks met zijn ponden. Hij vertelt <\/span><span style=\"mso-bidi-font-size: 11.0pt; mso-bidi-font-family: Tahoma; color: red;\">ziehier uw pond: ik heb het weggelegd, in een zweetdoek, want ik was bevreesd voor u,<\/span><span style=\"font-size: 11.0pt; font-family: Tahoma; mso-bidi-font-family: Tahoma;\">\u2026\u2026<\/span><span style=\"mso-bidi-font-size: 11.0pt; mso-bidi-font-family: Tahoma;\">Dat vindt de koning een daad van ontrouw. De man had zijn ponden in een zweetdoek gewikkeld \u2013 kennelijk had hij die voor zijn dagelijkse werk niet nodig! \u2013 en gaf het originele bedrag ongebruikt terug. De koning wordt woedend en werpt zijn dienaar voor de voeten <span style=\"color: red;\">waarom heb je dan mijn geld niet uitgegeven bij de bank?- dan had ik bij mijn komst het met rente in handen gekregen! <\/span>Het pond wordt de man afgenomen en gegeven aan de trouwe dienaar, die er tien bijverdiend had.<\/span><span style=\"mso-fareast-font-family: \" New=\"New\" Roman\";=\"Roman\";\" mso-fareast-theme-font:=\"mso-fareast-theme-font:\" minor-fareast;=\"minor-fareast;\" mso-fareast-language:=\"mso-fareast-language:\" NL;\"=\"NL;\"\"><\/span><\/p>\n<p class=\"MsoListParagraphCxSpLast\" style=\"margin-left: 0cm; mso-add-space: auto; mso-pagination: none; mso-layout-grid-align: none; text-autospace: none;\"><span style=\"mso-bidi-font-size: 11.0pt; mso-bidi-font-family: Tahoma;\">&#8211; &#8211; &#8211; &#8211; &#8211; &#8211; &#8211; &#8211; &#8211; &#8211; &#8211; &#8211; &#8211; &#8211; &#8211; &#8211; &#8211; &#8211; &#8211; &#8211; &#8211; &#8211; &#8211; &#8211; &#8211; &#8211; &#8211; &#8211; &#8211; &#8211; &#8211; &#8211; &#8211; &#8211; &#8211; &#8211; &#8211; &#8211; &#8211; &#8211; &#8211; &#8211; &#8211; &#8211; &#8211; &#8211; &#8211; &#8211; &#8211; &#8211; &#8211; &#8211; &#8211; &#8211; &#8211; &#8211; &#8211; &#8211; &#8211; &#8211; &#8211; &#8211; &#8211; &#8211; &#8211; &#8211; &#8211; &#8211; &#8211; &#8211; &#8211; &#8211; &#8211; &#8211; &#8211; &#8211; &#8211; &#8211; &#8211; &#8211; <span style=\"mso-spacerun: yes;\"> <\/span><\/span><span style=\"mso-fareast-font-family: \" New=\"New\" Roman\";=\"Roman\";\" mso-fareast-theme-font:=\"mso-fareast-theme-font:\" minor-fareast;=\"minor-fareast;\" mso-fareast-language:=\"mso-fareast-language:\" NL;\"=\"NL;\"\"><\/span><\/p>\n<p class=\"MsoNormal\"><span style=\"mso-fareast-font-family: \" New=\"New\" Roman\";=\"Roman\";\" mso-fareast-theme-font:=\"mso-fareast-theme-font:\" minor-fareast;=\"minor-fareast;\" mso-fareast-language:=\"mso-fareast-language:\" NL;\"=\"NL;\"\"> <\/span><\/p>\n<p class=\"MsoNormal\"><span style=\"mso-fareast-font-family: \" New=\"New\" Roman\";=\"Roman\";\" mso-fareast-theme-font:=\"mso-fareast-theme-font:\" minor-fareast;=\"minor-fareast;\" mso-fareast-language:=\"mso-fareast-language:\" NL;\"=\"NL;\"\">Wat doen wij met Gods gave aan ons? Gaan we ermee aan de slag? Of zien we dat eigenlijk niet zitten! Mozes was ook iemand die nogal twijfelde aan wat hij moest doen en waarvoor hij in de wieg gelegd was, getuige de geschiedenis uit Exodus 4:<\/span><\/p>\n<p class=\"MsoNormal\" style=\"margin-left: 35.45pt; text-indent: -35.45pt; mso-pagination: none; mso-layout-grid-align: none; text-autospace: none;\"><span style=\"mso-fareast-font-family: \" New=\"New\" Roman\";=\"Roman\";\" mso-fareast-theme-font:=\"mso-fareast-theme-font:\" minor-fareast;=\"minor-fareast;\" mso-fareast-language:=\"mso-fareast-language:\" NL;\"=\"NL;\"\">Mozes:<span style=\"mso-tab-count: 1;\"> <\/span>\u201d<\/span><span style=\"mso-bidi-font-size: 11.0pt; mso-bidi-font-family: Tahoma; color: red;\">ziehier, m\u00edj zullen ze niet vertrouwen en naar m\u00edjn stem niet horen; want zeggen zullen ze: n\u00f3\u00f3it heeft <span style=\"mso-spacerun: yes;\"> <\/span>hij zich laten zien aan jou, die-er-zal-zijn!<\/span><span style=\"mso-bidi-font-size: 11.0pt; mso-bidi-font-family: Tahoma;\">\u201d<\/span><\/p>\n<p class=\"MsoNormal\" style=\"mso-pagination: none; mso-layout-grid-align: none; text-autospace: none;\"><span style=\"mso-bidi-font-size: 11.0pt; mso-bidi-font-family: Tahoma;\">God: <span style=\"mso-tab-count: 1;\"> <\/span>\u201c<span style=\"color: red;\">w\u00e1t is dat in je hand?-<\/span>\u201c<\/span><\/p>\n<p class=\"MsoNormal\" style=\"mso-pagination: none; mso-layout-grid-align: none; text-autospace: none;\"><span style=\"mso-bidi-font-size: 11.0pt; mso-bidi-font-family: Tahoma;\">Mozes: \u201c<span style=\"color: red;\">een staf!<\/span>\u201d<\/span><\/p>\n<p class=\"MsoNormal\" style=\"mso-pagination: none; mso-layout-grid-align: none; text-autospace: none;\"><span style=\"mso-bidi-font-size: 11.0pt; mso-bidi-font-family: Tahoma;\">God: <span style=\"mso-tab-count: 1;\"> <\/span>\u201c<span style=\"color: red;\">zend hem ter aarde!<\/span>\u201d De staf wordt een slang en Mozes rent er bang voor weg.<\/span><\/p>\n<p class=\"MsoNormal\" style=\"mso-pagination: none; mso-layout-grid-align: none; text-autospace: none;\"><span style=\"mso-bidi-font-size: 11.0pt; mso-bidi-font-family: Tahoma;\">God:<span style=\"mso-tab-count: 1;\"> <\/span>\u201c<span style=\"color: red;\">zend je hand uit en grijp hem bij z&#8217;n staart!<\/span>\u201d<\/span><span style=\"font-size: 11.0pt; font-family: Tahoma; mso-bidi-font-family: Tahoma;\"> <\/span><\/p>\n<p class=\"MsoNormal\" style=\"mso-pagination: none; mso-layout-grid-align: none; text-autospace: none;\"><span style=\"font-size: 11.0pt; font-family: Tahoma; mso-bidi-font-family: Tahoma;\"> <\/span><\/p>\n<p class=\"MsoNormal\" style=\"mso-pagination: none; mso-layout-grid-align: none; text-autospace: none;\"><span style=\"mso-fareast-font-family: \" New=\"New\" Roman\";=\"Roman\";\" mso-fareast-theme-font:=\"mso-fareast-theme-font:\" minor-fareast;=\"minor-fareast;\" mso-fareast-language:=\"mso-fareast-language:\" NL;\"=\"NL;\"\">Zo\u2019n staf was nu wel het laatste wat Mozes in Gods dienst dacht te gebruiken. Alledaags simpel dingetje. Hij kwam niet op het idee dat hij daar iets mee kon doen. Maar God zag dat anders. Onze simpele alledaagse dingen zijn voor Hem juist de dingen die Hij kan gebruiken. <\/span><\/p>\n<p class=\"MsoNormal\" style=\"mso-pagination: none; mso-layout-grid-align: none; text-autospace: none;\"><span style=\"mso-fareast-font-family: \" New=\"New\" Roman\";=\"Roman\";\" mso-fareast-theme-font:=\"mso-fareast-theme-font:\" minor-fareast;=\"minor-fareast;\" mso-fareast-language:=\"mso-fareast-language:\" NL;\"=\"NL;\"\"> <\/span><\/p>\n<p class=\"MsoNormal\" style=\"text-align: justify; mso-pagination: none; mso-layout-grid-align: none; text-autospace: none;\"><span style=\"mso-fareast-font-family: \" New=\"New\" Roman\";=\"Roman\";\" mso-fareast-theme-font:=\"mso-fareast-theme-font:\" minor-fareast;=\"minor-fareast;\" mso-fareast-language:=\"mso-fareast-language:\" NL;\"=\"NL;\"\">Mozes krijgt de steun van Aaron. Hij staat er niet alleen voor. Ze doen het 1) met God en 2) samen. En Mozes gaat met zijn staf aan het werk. Laten we aan de slag gaan voor God met wat hij ons geeft. Niet wachten tot een ander het doet. Niet verstoppen in een zweetdoek. En laten we elkaar daarin stimuleren: <\/span><span style=\"mso-bidi-font-size: 13.0pt; mso-bidi-font-family: Georgia; color: blue;\">d&#8217;een zij tot troost de ander op weg naar &#8217;t Vaderland.<\/span><\/p>\n<p class=\"MsoNormal\" style=\"text-align: justify; mso-pagination: none; mso-layout-grid-align: none; text-autospace: none;\"><span style=\"mso-fareast-font-family: \" New=\"New\" Roman\";=\"Roman\";\" mso-fareast-theme-font:=\"mso-fareast-theme-font:\" minor-fareast;=\"minor-fareast;\" color:=\"color:\" blue;=\"blue;\" mso-fareast-language:=\"mso-fareast-language:\" NL;\"=\"NL;\"\"> <\/span><\/p>\n<div style=\"mso-element: para-border-div; border: solid windowtext 1.0pt; mso-border-alt: solid windowtext .5pt; padding: 1.0pt 4.0pt 1.0pt 4.0pt;\">\n<p class=\"MsoNormal\" style=\"text-align: center; border: none; mso-border-alt: solid windowtext .5pt; padding: 0cm; mso-padding-alt: 1.0pt 4.0pt 1.0pt 4.0pt;\" align=\"center\"><span style=\"font-size: 14.0pt; mso-bidi-font-size: 12.0pt; mso-fareast-font-family: \" New=\"New\" Roman\";=\"Roman\";\" mso-fareast-theme-font:=\"mso-fareast-theme-font:\" minor-fareast;=\"minor-fareast;\" color:=\"color:\" blue;=\"blue;\" mso-fareast-language:=\"mso-fareast-language:\" NL;\"=\"NL;\"\">er staat niet wat er staat.<\/span><span style=\"font-size: 14.0pt; mso-bidi-font-size: 12.0pt; color: blue;\"><\/span><\/p>\n<\/p><\/div>\n<div style=\"mso-element: footnote-list;\">  <\/p>\n<hr width=\"33%\" size=\"1\" \/>\n<div id=\"ftn\" style=\"mso-element: footnote;\">\n<p class=\"MsoFootnoteText\"><a name=\"_ftn1\" href=\"#_ftnref\"><span class=\"MsoFootnoteReference\"><span style=\"font-size: 9.0pt; mso-bidi-font-size: 12.0pt;\"><span style=\"mso-special-character: footnote;\">[1]<\/span><\/span><\/span><\/a><span style=\"font-size: 9.0pt; mso-bidi-font-size: 12.0pt;\"> Martinus Nijhoff, Awater<\/span><\/p>\n<\/p><\/div>\n<div id=\"ftn\" style=\"mso-element: footnote;\">\n<p class=\"MsoFootnoteText\"><a name=\"_ftn2\" href=\"#_ftnref\"><span class=\"MsoFootnoteReference\"><span style=\"mso-special-character: footnote;\">[2]<\/span><\/span><\/a> <span style=\"font-size: 9.0pt; mso-bidi-font-size: 12.0pt;\">Die hij overigens maar kort bekleedde. Om zijn wreedheden werd hij afgezet en verbannen naar Vienne in Galli\u00eb. <\/span><\/p>\n<\/p><\/div>\n<\/p><\/div><\/p>\n","protected":false},"excerpt":{"rendered":"<p>0 false 21 18 pt 18 pt 0 0 false false false \/* Style Definitions *\/ table.MsoNormalTable {mso-style-name:Standaardtabel; mso-tstyle-rowband-size:0; mso-tstyle-colband-size:0; mso-style-noshow:yes; mso-style-parent:&#8221;&#8221;; mso-padding-alt:0cm 5.4pt 0cm 5.4pt; mso-para-margin:0cm; mso-para-margin-bottom:.0001pt; mso-pagination:widow-orphan; font-size:12.0pt; font-family:&#8221;Times New Roman&#8221;; mso-ascii-font-family:Cambria; mso-ascii-theme-font:minor-latin; mso-hansi-font-family:Cambria; mso-hansi-theme-font:minor-latin; mso-fareast-language:EN-US;} Lees maar, Gelijkenissen. Het is een soort \u2018om een hoekje schrijven.\u2019 Er staat niet wat er staat[1]. &hellip; <\/p>\n<p class=\"link-more\"><a href=\"https:\/\/www.vergaderingalkmaar.nl\/?page_id=234\" class=\"more-link\"><span class=\"screen-reader-text\">&#8220;Preek zondag 24 maart 2013&#8221;<\/span> verder lezen<\/a><\/p>\n","protected":false},"author":1,"featured_media":0,"parent":588,"menu_order":13,"comment_status":"open","ping_status":"open","template":"","meta":[],"_links":{"self":[{"href":"https:\/\/www.vergaderingalkmaar.nl\/index.php?rest_route=\/wp\/v2\/pages\/234"}],"collection":[{"href":"https:\/\/www.vergaderingalkmaar.nl\/index.php?rest_route=\/wp\/v2\/pages"}],"about":[{"href":"https:\/\/www.vergaderingalkmaar.nl\/index.php?rest_route=\/wp\/v2\/types\/page"}],"author":[{"embeddable":true,"href":"https:\/\/www.vergaderingalkmaar.nl\/index.php?rest_route=\/wp\/v2\/users\/1"}],"replies":[{"embeddable":true,"href":"https:\/\/www.vergaderingalkmaar.nl\/index.php?rest_route=%2Fwp%2Fv2%2Fcomments&post=234"}],"version-history":[{"count":0,"href":"https:\/\/www.vergaderingalkmaar.nl\/index.php?rest_route=\/wp\/v2\/pages\/234\/revisions"}],"up":[{"embeddable":true,"href":"https:\/\/www.vergaderingalkmaar.nl\/index.php?rest_route=\/wp\/v2\/pages\/588"}],"wp:attachment":[{"href":"https:\/\/www.vergaderingalkmaar.nl\/index.php?rest_route=%2Fwp%2Fv2%2Fmedia&parent=234"}],"curies":[{"name":"wp","href":"https:\/\/api.w.org\/{rel}","templated":true}]}}