{"id":230,"date":"2013-02-19T22:23:08","date_gmt":"2013-02-19T21:23:08","guid":{"rendered":"http:\/\/www.vergaderingalkmaar.nl\/?page_id=230"},"modified":"2013-02-19T22:23:08","modified_gmt":"2013-02-19T21:23:08","slug":"preek-zondag-17-februari-2013","status":"publish","type":"page","link":"https:\/\/www.vergaderingalkmaar.nl\/?page_id=230","title":{"rendered":"Preek zondag 17 februari 2013"},"content":{"rendered":"<p>      0 false  21  18 pt 18 pt 0 0  false false false               \/* Style Definitions *\/ table.MsoNormalTable \t{mso-style-name:Standaardtabel; \tmso-tstyle-rowband-size:0; \tmso-tstyle-colband-size:0; \tmso-style-noshow:yes; \tmso-style-parent:&#8221;&#8221;; \tmso-padding-alt:0cm 5.4pt 0cm 5.4pt; \tmso-para-margin:0cm; \tmso-para-margin-bottom:.0001pt; \tmso-pagination:widow-orphan; \tfont-size:12.0pt; \tfont-family:&#8221;Times New Roman&#8221;; \tmso-ascii-font-family:Cambria; \tmso-ascii-theme-font:minor-latin; \tmso-hansi-font-family:Cambria; \tmso-hansi-theme-font:minor-latin; \tmso-fareast-language:EN-US;}    <\/p>\n<div style=\"mso-element: para-border-div; border: solid windowtext 1.0pt; mso-border-alt: solid windowtext .5pt; padding: 1.0pt 4.0pt 1.0pt 4.0pt;\">\n<p class=\"MsoNormal\" style=\"text-align: center; border: none; mso-border-alt: solid windowtext .5pt; padding: 0cm; mso-padding-alt: 1.0pt 4.0pt 1.0pt 4.0pt;\" align=\"center\"><strong style=\"mso-bidi-font-weight: normal;\"><span style=\"font-size: 14.0pt; mso-bidi-font-size: 13.0pt; mso-bidi-font-family: Arial; color: blue; mso-ansi-language: EN-US;\" lang=\"EN-US\">Ik bouw op U, \u2028mijn schild en mijn verlosser <\/span><\/strong><\/p>\n<\/p><\/div>\n<p class=\"MsoNormal\"><strong style=\"mso-bidi-font-weight: normal;\"> <\/strong><\/p>\n<p class=\"MsoNormal\"><strong style=\"mso-bidi-font-weight: normal;\">De strijd van de Heer<\/strong><\/p>\n<p class=\"MsoNormal\">\u00a0<\/p>\n<p class=\"MsoNormal\" style=\"mso-pagination: none; mso-layout-grid-align: none; text-autospace: none;\">In zijn leven hier op aarde streed de Heer Jezus met satan. Hebr. 2: 14: <span style=\"mso-bidi-font-size: 11.0pt; mso-bidi-font-family: Tahoma; color: red;\">Daar dan de kinderen deelhebben aan bloed en vlees was ook hij die op vergelijkbare wijze deelachtig, opdat hij door de dood de machthebber van de dood &#8211; dat is de duivel &#8211; zou bedwingen. <\/span><span style=\"mso-bidi-font-size: 11.0pt; mso-bidi-font-family: Tahoma;\">En in Kol 2: 15:<span style=\"color: red;\"> Hij heeft de overheden en de gezagsdragers uitgekleed en vrijmoedig te kijk gezet en in hem over hen getriomfeerd.<\/span><\/span><\/p>\n<p class=\"MsoNormal\" style=\"mso-pagination: none; mso-layout-grid-align: none; text-autospace: none;\"><span style=\"mso-bidi-font-size: 11.0pt; mso-bidi-font-family: Tahoma;\">In de bijbel zien we een aantal parallellen die ons aan de strijd tussen Jezus en satan doen denken. David trad ongewapend \u2013 hij had maar vijf steentjes en gebruikte er maar \u00e9\u00e9n \u2013 op de tot de tanden bewapende Goliath toe en bracht hem met diens eigen wapen \u2013 zijn zwaard \u2013 de genadeslag toe.<\/span><\/p>\n<p class=\"MsoNormal\" style=\"mso-pagination: none; mso-layout-grid-align: none; text-autospace: none;\"><span style=\"mso-bidi-font-size: 11.0pt; mso-bidi-font-family: Tahoma;\">En als Israel uit Egypte wegtrekt achtervolgt Farao hen. Ingeklemd tussen diens leger en de Schelfzee lijkt Isra\u00ebls positie kansloos. Maar (Ex. 14: 19, 20): <\/span><span style=\"mso-bidi-font-size: 11.0pt; font-family: Tahoma; mso-bidi-font-family: Tahoma; color: red;\">Dan breekt op: de engel Gods die ging voor het aanschijn van Isra\u00ebls leger, en gaat \u00e1chter hen mee; ook breekt op: de wolkzuil, van voor hun aanschijn, en gaat \u00e1chter hen staan. Hij komt tussen het leger van Egypte en het leger van Isra\u00ebl,- zo is er de wolk \u00e9n het duister en verlicht hij de nacht; de een kon de ander niet naderen, heel de nacht.<\/span><\/p>\n<p class=\"MsoNormal\">De strijd tegen satan is niet voor ons. De Heer Jezus is dat gevecht aangegaan om ons in de veiligheid te brengen. In de woorden van Johannes 18: 7, 8: <span style=\"mso-bidi-font-size: 11.0pt; mso-bidi-font-family: Tahoma; color: red;\">Dan vraagt hij het hun w\u00e9\u00e9r: wie zoekt ge? en zij zeggen: Jezus, de Nazoree\u00ebr! Jezus antwoordt: ik zei u al: ik ben dat; dus als ge mij zoekt, laat hen dan heengaan!<span style=\"font-family: Tahoma;\"><span style=\"font-size: 15px;\"> <\/span><\/span><\/span><span style=\"mso-bidi-font-size: 11.0pt; mso-bidi-font-family: Tahoma;\">Hij streed voor onze vrijheid!<\/span><span style=\"font-size: 11.0pt; font-family: Tahoma; mso-bidi-font-family: Tahoma;\"><\/span><\/p>\n<p class=\"MsoNormal\">\u00a0<\/p>\n<p class=\"MsoNormal\"><strong style=\"mso-bidi-font-weight: normal;\">Onze strijd<\/strong><\/p>\n<p class=\"MsoNormal\"><strong style=\"mso-bidi-font-weight: normal;\"> <\/strong><\/p>\n<p class=\"MsoNormal\">Is er dan geen strijd voor christenen? Die is er wel degelijk. Er zijn zaken die ons christenleven kunnen belemmeren. Zaken die zich soms voordoen als reuzen. Dreigend en schier onoverwinnelijk. Zo een strijd lezen we in 2 Sam. 21: 15 \u2013 21. David gebruikte <span style=\"mso-bidi-font-size: 11.0pt; mso-bidi-font-family: Tahoma;\">\u00e9\u00e9n steentje voor Goliath en had er nog vier over. Hier verslaat hij vier reuzen die Isra\u00ebl bedreigen. <\/span><\/p>\n<p class=\"MsoNormal\"><span style=\"mso-bidi-font-size: 11.0pt; mso-bidi-font-family: Tahoma;\"> <\/span><\/p>\n<p class=\"MsoListParagraphCxSpFirst\" style=\"margin-left: 18.0pt; mso-add-space: auto; text-indent: -18.0pt; mso-pagination: none; mso-list: l0 level1 lfo1; tab-stops: 213.0pt 265.0pt; mso-layout-grid-align: none; text-autospace: none;\"><span style=\"mso-fareast-font-family: Arial; mso-bidi-font-family: Arial;\"><span style=\"mso-list: Ignore;\">1.<span style=\"font: 7.0pt \" New=\"New\" Roman\";\"=\"Roman\";\"\"> <\/span><\/span><\/span>De eerste reus is <span style=\"mso-bidi-font-size: 11.0pt; mso-bidi-font-family: Tahoma;\">Jisjbi Benov (\u2018bergbewoner\u2019). David is uitgeput en lijkt een makkelijke prooi. De reus telt hem al als slachtoffer. David kan niet ontsnappen. Als de vrouw in Lukas 13 die achttien jaar kromgebogen liep. Ze had een geest die haar ziek maakte en kon zich niet oprichten. De boze zit niet meer in de christen, maar hij kan de christen van buitenaf wel terneerdrukken! Wij kunnen geestelijke onzekerheden hebben die ons alle vreugde ontnemen en maken dat we ons diep ongelukkig voelen. Maar Jezus legt de handen op de vrouw en zegt <span style=\"color: red;\">vrouw, je bent verlost van je ziekte!&#8230;&#8230;&#8230;&#8230;. en opeens is haar rug weer recht,- en zij heeft God verheerlijkt.<\/span><br \/> Zo ook wordt Jisjbi Benov verslagen. Avisai, zoon van Tseroeja, verslaat hem en brengt hem ter dood. Avisai\u2019s naam betekent \u2018Mijn vader is bron van rijkdom.\u2019 <br \/> We leren hier ook dat je beter de hulp van medechristenen kunt zoeken in de strijd dan dat je alleen gaat veechten. Samen staan we sterker tegen de vijandelijke reuzen.<\/span><\/p>\n<p class=\"MsoListParagraphCxSpMiddle\" style=\"margin-left: 18.0pt; mso-add-space: auto; text-indent: -18.0pt; mso-pagination: none; mso-list: l0 level1 lfo1; tab-stops: 213.0pt 265.0pt; mso-layout-grid-align: none; text-autospace: none;\"><span style=\"mso-fareast-font-family: Arial; mso-bidi-font-family: Arial;\"><span style=\"mso-list: Ignore;\">2.<span style=\"font: 7.0pt \" New=\"New\" Roman\";\"=\"Roman\";\"\"> <\/span><\/span><\/span><span style=\"mso-bidi-font-size: 11.0pt; mso-bidi-font-family: Tahoma;\">De tweede reus is Saf of Sippai (\u2018drempel\u2019). Hij wordt verslagen door Sibechai (\u2018verwarring van de Heer\u2019). Soms kunnen ons vragen kwellen waar we geen raad mee weten. Als er iets gebeurt wat we absoluut niet kunnen begrijpen komt makkelijk de vraag op \u2018<em style=\"mso-bidi-font-style: normal;\">waarom laat God dit toe?<\/em>\u2019 Zoals Job lijden onderging waarvan hij de reden niet wist. Zoiets kan tussen God en jou in komen te staan. Kan een belemmering worden om dichter bij God te komen. Laten we de \u2018<em>droomgedrochten die \u2019t verstand verbazen<\/em>\u2019, een reus die ons kan kwellen, met Gods hulp bestrijden.<\/span><\/p>\n<p class=\"MsoListParagraphCxSpMiddle\" style=\"margin-left: 18.0pt; mso-add-space: auto; text-indent: -18.0pt; mso-pagination: none; mso-list: l0 level1 lfo1; tab-stops: 213.0pt 265.0pt; mso-layout-grid-align: none; text-autospace: none;\"><span style=\"mso-fareast-font-family: Arial; mso-bidi-font-family: Arial;\"><span style=\"mso-list: Ignore;\">3.<span style=\"font: 7.0pt \" New=\"New\" Roman\";\"=\"Roman\";\"\"> <\/span><\/span><\/span><span style=\"mso-bidi-font-size: 11.0pt; mso-bidi-font-family: Tahoma;\">De derde reus heet Goliath (broer van de eerdere Goliath). Zijn naam betekent \u2018voedsel.\u2019 Voor een christen is het de vraag waarmee hij zich voedt. Zijn dat zaken waar zijn geloof sterker van wordt? Hoe makkelijk is het om in plaats van gezond geestelijk voedsel een snelle hap gemaksvoer te nemen. Om ongezond te verkiezen boven gezond. Wat lezen of bekijken we? Ook deze tegenstander kan een reuzenomvang aannemen. Hij wordt verslagen door Elchanan (\u2019God is genadig\u2019). Ook deze strijd kun je alleen met de Heer samen winnen.<\/span><\/p>\n<p class=\"MsoListParagraphCxSpLast\" style=\"margin-left: 18.0pt; mso-add-space: auto; text-indent: -18.0pt; mso-pagination: none; mso-list: l0 level1 lfo1; tab-stops: 213.0pt 265.0pt; mso-layout-grid-align: none; text-autospace: none;\"><span style=\"mso-fareast-font-family: Arial; mso-bidi-font-family: Arial;\"><span style=\"mso-list: Ignore;\">4.<span style=\"font: 7.0pt \" New=\"New\" Roman\";\"=\"Roman\";\"\"> <\/span><\/span><\/span><span style=\"mso-bidi-font-size: 11.0pt; mso-bidi-font-family: Tahoma;\">De laatste reus heeft zes vingers aan elke hand en evenveel tenen aan elke voet. Hij hoont met zijn mond Isra\u00ebl. Wat doen wij met onze handen en voeten? Gaan we Gods wegen? Wat spreken wij met onze mond? Spreken wij Gods woorden? Deze reus wordt verslagen door Jonathan (J\u2019 heeft gegeven). <\/span><\/p>\n<p class=\"MsoNormal\" style=\"mso-pagination: none; tab-stops: 213.0pt 265.0pt; mso-layout-grid-align: none; text-autospace: none;\">\u00a0<\/p>\n<p class=\"MsoNormal\" style=\"mso-pagination: none; tab-stops: 213.0pt 265.0pt; mso-layout-grid-align: none; text-autospace: none;\">Laten we de belemmerende reuzen in ons leven niet de kans geven om onze levende relatie met de Heer te bederven. Laten we Gods Geest meenemen in de strijd die wij te voeren hebben.<\/p>\n<p class=\"MsoNormal\" style=\"mso-pagination: none; tab-stops: 213.0pt 265.0pt; mso-layout-grid-align: none; text-autospace: none;\">\u00a0<\/p>\n<div style=\"mso-element: para-border-div; border: solid windowtext 1.0pt; mso-border-alt: solid windowtext .5pt; padding: 1.0pt 4.0pt 1.0pt 4.0pt;\">\n<p class=\"MsoNormal\" style=\"text-align: center; border: none; mso-border-alt: solid windowtext .5pt; padding: 0cm; mso-padding-alt: 1.0pt 4.0pt 1.0pt 4.0pt;\" align=\"center\"><strong style=\"mso-bidi-font-weight: normal;\"><span style=\"font-size: 14.0pt; mso-bidi-font-size: 13.0pt; mso-bidi-font-family: Arial; color: blue; mso-ansi-language: EN-US;\" lang=\"EN-US\">niet eenzaam ga ik op de vijand aan<\/span><\/strong><strong style=\"mso-bidi-font-weight: normal;\"><span style=\"font-size: 14.0pt; mso-bidi-font-size: 12.0pt; color: blue;\"><\/span><\/strong><\/p>\n<\/p><\/div><\/p>\n","protected":false},"excerpt":{"rendered":"<p>0 false 21 18 pt 18 pt 0 0 false false false \/* Style Definitions *\/ table.MsoNormalTable {mso-style-name:Standaardtabel; mso-tstyle-rowband-size:0; mso-tstyle-colband-size:0; mso-style-noshow:yes; mso-style-parent:&#8221;&#8221;; mso-padding-alt:0cm 5.4pt 0cm 5.4pt; mso-para-margin:0cm; mso-para-margin-bottom:.0001pt; mso-pagination:widow-orphan; font-size:12.0pt; font-family:&#8221;Times New Roman&#8221;; mso-ascii-font-family:Cambria; mso-ascii-theme-font:minor-latin; mso-hansi-font-family:Cambria; mso-hansi-theme-font:minor-latin; mso-fareast-language:EN-US;} Ik bouw op U, \u2028mijn schild en mijn verlosser De strijd van de Heer \u00a0 In zijn &hellip; <\/p>\n<p class=\"link-more\"><a href=\"https:\/\/www.vergaderingalkmaar.nl\/?page_id=230\" class=\"more-link\"><span class=\"screen-reader-text\">&#8220;Preek zondag 17 februari 2013&#8221;<\/span> verder lezen<\/a><\/p>\n","protected":false},"author":1,"featured_media":0,"parent":588,"menu_order":17,"comment_status":"open","ping_status":"open","template":"","meta":[],"_links":{"self":[{"href":"https:\/\/www.vergaderingalkmaar.nl\/index.php?rest_route=\/wp\/v2\/pages\/230"}],"collection":[{"href":"https:\/\/www.vergaderingalkmaar.nl\/index.php?rest_route=\/wp\/v2\/pages"}],"about":[{"href":"https:\/\/www.vergaderingalkmaar.nl\/index.php?rest_route=\/wp\/v2\/types\/page"}],"author":[{"embeddable":true,"href":"https:\/\/www.vergaderingalkmaar.nl\/index.php?rest_route=\/wp\/v2\/users\/1"}],"replies":[{"embeddable":true,"href":"https:\/\/www.vergaderingalkmaar.nl\/index.php?rest_route=%2Fwp%2Fv2%2Fcomments&post=230"}],"version-history":[{"count":0,"href":"https:\/\/www.vergaderingalkmaar.nl\/index.php?rest_route=\/wp\/v2\/pages\/230\/revisions"}],"up":[{"embeddable":true,"href":"https:\/\/www.vergaderingalkmaar.nl\/index.php?rest_route=\/wp\/v2\/pages\/588"}],"wp:attachment":[{"href":"https:\/\/www.vergaderingalkmaar.nl\/index.php?rest_route=%2Fwp%2Fv2%2Fmedia&parent=230"}],"curies":[{"name":"wp","href":"https:\/\/api.w.org\/{rel}","templated":true}]}}