{"id":229,"date":"2013-01-27T15:59:51","date_gmt":"2013-01-27T14:59:51","guid":{"rendered":"http:\/\/www.vergaderingalkmaar.nl\/?page_id=229"},"modified":"2013-01-27T15:59:51","modified_gmt":"2013-01-27T14:59:51","slug":"preek-zondag-27-januari-2013","status":"publish","type":"page","link":"https:\/\/www.vergaderingalkmaar.nl\/?page_id=229","title":{"rendered":"Preek zondag 27 januari 2013"},"content":{"rendered":"<p>      0 false  21  18 pt 18 pt 0 0  false false false               \/* Style Definitions *\/ table.MsoNormalTable \t{mso-style-name:Standaardtabel; \tmso-tstyle-rowband-size:0; \tmso-tstyle-colband-size:0; \tmso-style-noshow:yes; \tmso-style-parent:&#8221;&#8221;; \tmso-padding-alt:0cm 5.4pt 0cm 5.4pt; \tmso-para-margin:0cm; \tmso-para-margin-bottom:.0001pt; \tmso-pagination:widow-orphan; \tfont-size:12.0pt; \tfont-family:&#8221;Times New Roman&#8221;; \tmso-ascii-font-family:Cambria; \tmso-ascii-theme-font:minor-latin; \tmso-fareast-font-family:&#8221;Times New Roman&#8221;; \tmso-fareast-theme-font:minor-fareast; \tmso-hansi-font-family:Cambria; \tmso-hansi-theme-font:minor-latin;}    <\/p>\n<div style=\"mso-element: para-border-div; border: solid windowtext 1.0pt; mso-border-alt: solid windowtext .5pt; padding: 1.0pt 4.0pt 1.0pt 4.0pt;\">\n<p class=\"MsoNormal\" style=\"text-align: center; mso-pagination: none; mso-layout-grid-align: none; text-autospace: none; border: none; mso-border-alt: solid windowtext .5pt; padding: 0cm; mso-padding-alt: 1.0pt 4.0pt 1.0pt 4.0pt;\" align=\"center\"><strong style=\"mso-bidi-font-weight: normal;\"><span style=\"font-size: 12.0pt; mso-bidi-font-family: Arial; color: blue;\">Wat staat ons in het nieuwe jaar<\/span><\/strong><\/p>\n<p class=\"MsoNormal\" style=\"text-align: center; mso-pagination: none; mso-layout-grid-align: none; text-autospace: none; border: none; mso-border-alt: solid windowtext .5pt; padding: 0cm; mso-padding-alt: 1.0pt 4.0pt 1.0pt 4.0pt;\" align=\"center\"><strong style=\"mso-bidi-font-weight: normal;\"><span style=\"font-size: 12.0pt; mso-bidi-font-family: Arial; color: blue;\">aan lief en leed te wachten?<\/span><\/strong><\/p>\n<p class=\"MsoNormal\" style=\"text-align: center; mso-pagination: none; mso-layout-grid-align: none; text-autospace: none; border: none; mso-border-alt: solid windowtext .5pt; padding: 0cm; mso-padding-alt: 1.0pt 4.0pt 1.0pt 4.0pt;\" align=\"center\"><strong style=\"mso-bidi-font-weight: normal;\"><span style=\"font-size: 12.0pt; mso-bidi-font-family: Arial; color: blue;\">We weten &#8217;t niet.<\/span><\/strong><\/p>\n<p class=\"MsoNormal\" style=\"text-align: center; mso-pagination: none; mso-layout-grid-align: none; text-autospace: none; border: none; mso-border-alt: solid windowtext .5pt; padding: 0cm; mso-padding-alt: 1.0pt 4.0pt 1.0pt 4.0pt;\" align=\"center\"><strong style=\"mso-bidi-font-weight: normal;\"><span style=\"font-size: 12.0pt; mso-bidi-font-family: Arial; color: blue;\">We mogen Hem Die spoedig komt, verwachten.<\/span><\/strong><strong style=\"mso-bidi-font-weight: normal;\"><span style=\"font-size: 12.0pt; mso-bidi-font-size: 11.0pt; mso-bidi-font-family: Tahoma; color: blue;\"><\/span><\/strong><\/p>\n<\/p><\/div>\n<p class=\"MsoNormal\"><span style=\"mso-bidi-font-size: 11.0pt; mso-bidi-font-family: Tahoma;\"> <\/span><\/p>\n<p class=\"MsoNormal\"><span style=\"mso-bidi-font-size: 11.0pt; mso-bidi-font-family: Tahoma;\">Wachten. Wie vindt dat nou leuk. Als je van rij wisselt in de supermarkt en dat blijkt net misgegokt te zijn. Al gaat het maar om een paar tientallen seconden: wachten wekt ergernis. <\/span><\/p>\n<p class=\"MsoNormal\"><span style=\"mso-bidi-font-size: 11.0pt; mso-bidi-font-family: Tahoma;\"> <\/span><\/p>\n<p class=\"MsoNormal\"><span style=\"mso-bidi-font-size: 11.0pt; mso-bidi-font-family: Tahoma;\">In de bijbel komen ook mensen voor die moesten wachten. Soms heel lang moesten wachten. Een viertal waarnemingen. Plus ons eigen (ver)wachten tot slot.<\/span><\/p>\n<p class=\"MsoNormal\"><span style=\"mso-bidi-font-size: 11.0pt; mso-bidi-font-family: Tahoma;\"> <\/span><\/p>\n<p class=\"MsoNormal\" style=\"mso-pagination: none; mso-layout-grid-align: none; text-autospace: none;\"><strong style=\"mso-bidi-font-weight: normal;\"><span style=\"mso-bidi-font-size: 11.0pt; mso-bidi-font-family: Tahoma;\">Gen: 21: 5.<\/span><\/strong><span style=\"mso-bidi-font-size: 11.0pt; mso-bidi-font-family: Tahoma;\"> <span style=\"color: red;\">Abraham is een &#8216;zoon van honderd jaar&#8217;,- als aan hem gebaard wordt zijn zoon Isa\u00e4k,- (<em style=\"mso-bidi-font-style: normal;\">men lacht,)<\/em><\/span><\/span><span style=\"font-size: 11.0pt; font-family: Tahoma; mso-bidi-font-family: Tahoma;\"><\/span><\/p>\n<p class=\"MsoNormal\" style=\"mso-pagination: none; mso-layout-grid-align: none; text-autospace: none;\"><span style=\"mso-bidi-font-size: 11.0pt; mso-bidi-font-family: Tahoma; color: black;\">Abraham was oorspronkelijk een afgodendienaar uit Ur der Chaldee\u00ebn, het tegenwoordige Irak. Hij was lid van een belangrijke nomadenfamilie. Op een dag spreekt God tot hem. God waar Abraham nog nooit mee van doen gehad had en die hij niet kende. God droeg Abraham op om zijn land, zijn familiekring en het huis van zijn vader te verlaten en te trekken naar een land dat God hem nog zou laten zien. Vond Abraham dat niet een rare gewaarwording? De bijbel vermeldt slechts dat hij deed wat God hem opdroeg. Opmerkelijk.<\/span><\/p>\n<p class=\"MsoNormal\" style=\"mso-pagination: none; mso-layout-grid-align: none; text-autospace: none;\"><span style=\"mso-bidi-font-size: 11.0pt; mso-bidi-font-family: Tahoma; color: black;\"> <\/span><\/p>\n<p class=\"MsoNormal\" style=\"mso-pagination: none; mso-layout-grid-align: none; text-autospace: none;\"><span style=\"mso-bidi-font-size: 11.0pt; mso-bidi-font-family: Tahoma; color: black;\">Als Abraham op weg gaat, gaat Lot \u2013 een neef \u2013 met hem mee. Nou had God dat niet gevraagd; Lot verdwijnt dan ook stap voor stap uit het leven van Abraham. Want God roept enkelingen, individuen.<span style=\"mso-spacerun: yes;\"> <\/span>God roept niet hele stammen of families. God riep Abraham in persoon.<\/span><\/p>\n<p class=\"MsoNormal\" style=\"mso-pagination: none; mso-layout-grid-align: none; text-autospace: none;\"><span style=\"mso-bidi-font-size: 11.0pt; mso-bidi-font-family: Tahoma; color: black;\"> <\/span><\/p>\n<p class=\"MsoNormal\" style=\"mso-pagination: none; mso-layout-grid-align: none; text-autospace: none;\"><span style=\"mso-bidi-font-size: 11.0pt; mso-bidi-font-family: Tahoma; color: black;\">Heet wat keer doet God Abraham beloftes. Dat hij veel nakomelingen zal hebben. Tot een groot volk zal worden. Maar kinderen krijgt Abraham intussen maar niet. En Abraham heeft het moeilijk met die beloften. Hij ziet nog niet een begin van de verwerkelijking ervan. Zijn vrouw Sara\u00ef is onvruchtbaar. <\/span><\/p>\n<p class=\"MsoNormal\" style=\"mso-pagination: none; mso-layout-grid-align: none; text-autospace: none;\"><span style=\"mso-bidi-font-size: 11.0pt; mso-bidi-font-family: Tahoma; color: black;\">Als hij 86 jaar is neemt hij zijn slavin Hagar tot vrouw, en zij wordt zwanger en baart Isma\u00ebl. Maar Isma\u00ebl is niet de door God beloofde zoon! Na de geboorte van Isma\u00ebl zwijgt God 13 jaar (Gen; 16: 16 \u2013 17: 1).<\/span><\/p>\n<p class=\"MsoNormal\" style=\"mso-pagination: none; mso-layout-grid-align: none; text-autospace: none;\"><span style=\"mso-bidi-font-size: 11.0pt; mso-bidi-font-family: Tahoma; color: black;\">God verwijt Abraham zijn daad van ongehoorzaamheid nergens! En we lezen zijn naam wel in de opsomming van grote geloofshelden in Hebree\u00ebn 11. Abraham is \u2018<em style=\"mso-bidi-font-style: normal;\">de vriend van God<\/em>.\u2019 De nauwe relatie geeft Abraham de kracht om af te wachten tot Isa\u00e4k wordt geboren. Vriend van God: zien wij onszelf ook zo? <\/span><\/p>\n<p class=\"MsoNormal\" style=\"mso-pagination: none; mso-layout-grid-align: none; text-autospace: none;\"><span style=\"mso-bidi-font-size: 11.0pt; mso-bidi-font-family: Tahoma; color: black;\"> <\/span><\/p>\n<p class=\"MsoNormal\" style=\"mso-pagination: none; mso-layout-grid-align: none; text-autospace: none;\"><strong style=\"mso-bidi-font-weight: normal;\"><span style=\"mso-bidi-font-size: 11.0pt; mso-bidi-font-family: Tahoma; color: black;\">Gen. 40: 23 \u2013 41: 1. <\/span><\/strong><span style=\"mso-bidi-font-size: 11.0pt; mso-bidi-font-family: Tahoma; color: red;\">Maar nooit meer heeft de vorst van\u00a0de schenkers gedacht\u00a0aan Jozef,- hij vergeet hem. En het geschiedt aan het eind van een dubbeljaar vol dagen\u2026.<\/span><\/p>\n<p class=\"MsoNormal\" style=\"mso-pagination: none; mso-layout-grid-align: none; text-autospace: none;\"><span style=\"mso-bidi-font-size: 11.0pt; mso-bidi-font-family: Tahoma;\">Jozef wordt \u2018gewoon\u2019 twee jaar vergeten. Zit in het gevang. Volstrekt onschuldig. En de man die zijn vrijheid aan hem te danken heeft vergeet hem. Hoe komt Jozef zo een lange tijd door? De bijbel vermeldt \u2018<em style=\"mso-bidi-font-style: normal;\">dat God met hem was<\/em>.\u2019 Die wetenschap, die zekerheid gaf Jozef de kracht om af te wachten. Hem was duidelijk dat \u2013 al begreep hij het niet \u2013 het God niet uit de hand liep.<\/span><\/p>\n<p class=\"MsoNormal\" style=\"mso-pagination: none; mso-layout-grid-align: none; text-autospace: none;\"><span style=\"mso-bidi-font-size: 11.0pt; mso-bidi-font-family: Tahoma;\"> <\/span><\/p>\n<p class=\"MsoNormal\" style=\"mso-pagination: none; mso-layout-grid-align: none; text-autospace: none;\"><strong style=\"mso-bidi-font-weight: normal;\"><span style=\"mso-bidi-font-size: 11.0pt; mso-bidi-font-family: Tahoma;\">Hand. 7: 25; 29-30. <\/span><\/strong><span style=\"mso-bidi-font-size: 11.0pt; mso-bidi-font-family: Tahoma; color: red;\">Hij heeft gemeend dat zijn broeders zouden begrijpen dat God door zijn hand redding aan hen gaf,- maar zij begrijpen het niet<\/span><span style=\"font-size: 11.0pt; font-family: Tahoma; mso-bidi-font-family: Tahoma;\">.<\/span><span style=\"mso-bidi-font-size: 11.0pt; mso-bidi-font-family: Tahoma;\"><\/span><\/p>\n<p class=\"MsoNormal\" style=\"mso-pagination: none; mso-layout-grid-align: none; text-autospace: none;\"><span style=\"mso-bidi-font-size: 11.0pt; mso-bidi-font-family: Tahoma; color: black;\">Mozes is er stellig van overtuigd dat hij het volk Israel zal gaan leiden. Maar hij moet vluchten en veertig jaar in de woestijn schapen hoeden. Een wachttijd van veertig jaar. Dan roept God hem, als hij tachtig jaar is. Vijf keer weigert Mozes. Hij heeft er geen trek meer in. Hij ziet de opdracht niet zitten. God echter accepteert Mozes\u2019 nee niet; Hij geeft hem Aaron als ondersteuning. <\/span><\/p>\n<p class=\"MsoNormal\" style=\"mso-pagination: none; mso-layout-grid-align: none; text-autospace: none;\"><span style=\"mso-bidi-font-size: 11.0pt; mso-bidi-font-family: Tahoma; color: black;\"> <\/span><\/p>\n<p class=\"MsoNormal\" style=\"mso-pagination: none; mso-layout-grid-align: none; text-autospace: none;\"><span style=\"font-size: 11.0pt; font-family: Tahoma; mso-bidi-font-family: Tahoma;\">Lukas 1. <\/span><span style=\"mso-bidi-font-size: 11.0pt; mso-bidi-font-family: Tahoma; color: red;\">een zeker priester, genaamd Zacharias, \u2026.., heeft een vrouw \u2026. haar naam is Elisabeth. Beiden zijn ze rechtvaardigen tegenover God, maar een kind hebben ze niet gekregen, omdat Elisabeth onvruchtbaar is;<\/span><\/p>\n<p class=\"MsoNormal\" style=\"mso-pagination: none; mso-layout-grid-align: none; text-autospace: none;\"><span style=\"mso-bidi-font-size: 11.0pt; mso-bidi-font-family: Tahoma;\">Hoeveel jaren zullen Elisabeth en Zacharias hebben gewacht op hun kindje? Ze zullen erom gebeden hebben tot bidden geen zin meer had: de ouderdom maakte een kindje onmogelijk. En dan blijkt dat God geen gebed vergeet. En leven kan geven in de dood. <\/span><\/p>\n<p class=\"MsoNormal\" style=\"mso-pagination: none; mso-layout-grid-align: none; text-autospace: none;\"><span style=\"mso-bidi-font-size: 11.0pt; mso-bidi-font-family: Tahoma;\"> <\/span><\/p>\n<p class=\"MsoNormal\" style=\"mso-pagination: none; mso-layout-grid-align: none; text-autospace: none;\"><span style=\"mso-bidi-font-size: 11.0pt; mso-bidi-font-family: Tahoma;\">En wij? Wat verwachten wij? De Heer heeft beloofd spoedig te zullen terugkomen. Die belofte staat al 2000 jaar. Hoezo spoedig? Is dat voor ons een moeilijk verwachten? Leeft die verwachting nog voor ons? Of is het de drukte van alledag die onze verwachting naar de achtergrond drukt?<\/span><\/p>\n<p class=\"MsoNormal\" style=\"mso-pagination: none; mso-layout-grid-align: none; text-autospace: none;\"><span style=\"mso-bidi-font-size: 11.0pt; mso-bidi-font-family: Tahoma;\"> <\/span><\/p>\n<div style=\"mso-element: para-border-div; border: solid windowtext 1.0pt; mso-border-alt: solid windowtext .5pt; padding: 1.0pt 4.0pt 1.0pt 4.0pt;\">\n<p class=\"MsoNormal\" style=\"text-align: center; mso-pagination: none; mso-layout-grid-align: none; text-autospace: none; border: none; mso-border-alt: solid windowtext .5pt; padding: 0cm; mso-padding-alt: 1.0pt 4.0pt 1.0pt 4.0pt;\" align=\"center\"><strong style=\"mso-bidi-font-weight: normal;\"><span style=\"font-size: 12.0pt; mso-bidi-font-family: Arial; color: blue;\">Al is het donker om je heen<\/span><\/strong><\/p>\n<p class=\"MsoNormal\" style=\"text-align: center; mso-pagination: none; mso-layout-grid-align: none; text-autospace: none; border: none; mso-border-alt: solid windowtext .5pt; padding: 0cm; mso-padding-alt: 1.0pt 4.0pt 1.0pt 4.0pt;\" align=\"center\"><strong style=\"mso-bidi-font-weight: normal;\"><span style=\"font-size: 12.0pt; mso-bidi-font-family: Arial; color: blue;\">en dreigen er gevaren,<\/span><\/strong><\/p>\n<p class=\"MsoNormal\" style=\"text-align: center; mso-pagination: none; mso-layout-grid-align: none; text-autospace: none; border: none; mso-border-alt: solid windowtext .5pt; padding: 0cm; mso-padding-alt: 1.0pt 4.0pt 1.0pt 4.0pt;\" align=\"center\"><strong style=\"mso-bidi-font-weight: normal;\"><span style=\"font-size: 12.0pt; mso-bidi-font-family: Arial; color: blue;\">Een is er Die ons altijd trouw<\/span><\/strong><\/p>\n<p class=\"MsoNormal\" style=\"text-align: center; mso-pagination: none; mso-layout-grid-align: none; text-autospace: none; border: none; mso-border-alt: solid windowtext .5pt; padding: 0cm; mso-padding-alt: 1.0pt 4.0pt 1.0pt 4.0pt;\" align=\"center\"><strong style=\"mso-bidi-font-weight: normal;\"><span style=\"font-size: 12.0pt; mso-bidi-font-family: Arial; color: blue;\">in liefde zal bewaren.<\/span><\/strong><\/p>\n<\/p><\/div><\/p>\n","protected":false},"excerpt":{"rendered":"<p>0 false 21 18 pt 18 pt 0 0 false false false \/* Style Definitions *\/ table.MsoNormalTable {mso-style-name:Standaardtabel; mso-tstyle-rowband-size:0; mso-tstyle-colband-size:0; mso-style-noshow:yes; mso-style-parent:&#8221;&#8221;; mso-padding-alt:0cm 5.4pt 0cm 5.4pt; mso-para-margin:0cm; mso-para-margin-bottom:.0001pt; mso-pagination:widow-orphan; font-size:12.0pt; font-family:&#8221;Times New Roman&#8221;; mso-ascii-font-family:Cambria; mso-ascii-theme-font:minor-latin; mso-fareast-font-family:&#8221;Times New Roman&#8221;; mso-fareast-theme-font:minor-fareast; mso-hansi-font-family:Cambria; mso-hansi-theme-font:minor-latin;} Wat staat ons in het nieuwe jaar aan lief en leed te wachten? We &hellip; <\/p>\n<p class=\"link-more\"><a href=\"https:\/\/www.vergaderingalkmaar.nl\/?page_id=229\" class=\"more-link\"><span class=\"screen-reader-text\">&#8220;Preek zondag 27 januari 2013&#8221;<\/span> verder lezen<\/a><\/p>\n","protected":false},"author":1,"featured_media":0,"parent":588,"menu_order":18,"comment_status":"open","ping_status":"open","template":"","meta":[],"_links":{"self":[{"href":"https:\/\/www.vergaderingalkmaar.nl\/index.php?rest_route=\/wp\/v2\/pages\/229"}],"collection":[{"href":"https:\/\/www.vergaderingalkmaar.nl\/index.php?rest_route=\/wp\/v2\/pages"}],"about":[{"href":"https:\/\/www.vergaderingalkmaar.nl\/index.php?rest_route=\/wp\/v2\/types\/page"}],"author":[{"embeddable":true,"href":"https:\/\/www.vergaderingalkmaar.nl\/index.php?rest_route=\/wp\/v2\/users\/1"}],"replies":[{"embeddable":true,"href":"https:\/\/www.vergaderingalkmaar.nl\/index.php?rest_route=%2Fwp%2Fv2%2Fcomments&post=229"}],"version-history":[{"count":0,"href":"https:\/\/www.vergaderingalkmaar.nl\/index.php?rest_route=\/wp\/v2\/pages\/229\/revisions"}],"up":[{"embeddable":true,"href":"https:\/\/www.vergaderingalkmaar.nl\/index.php?rest_route=\/wp\/v2\/pages\/588"}],"wp:attachment":[{"href":"https:\/\/www.vergaderingalkmaar.nl\/index.php?rest_route=%2Fwp%2Fv2%2Fmedia&parent=229"}],"curies":[{"name":"wp","href":"https:\/\/api.w.org\/{rel}","templated":true}]}}