{"id":223,"date":"2012-12-12T22:27:08","date_gmt":"2012-12-12T21:27:08","guid":{"rendered":"http:\/\/www.vergaderingalkmaar.nl\/?page_id=223"},"modified":"2012-12-12T22:27:08","modified_gmt":"2012-12-12T21:27:08","slug":"preek-zondag-9-december-2012","status":"publish","type":"page","link":"https:\/\/www.vergaderingalkmaar.nl\/?page_id=223","title":{"rendered":"Preek zondag 9 december 2012"},"content":{"rendered":"<p>\u00a0<\/p>\n<div style=\"mso-element: para-border-div; border: solid windowtext 1.0pt; mso-border-alt: solid windowtext .5pt; padding: 1.0pt 4.0pt 1.0pt 4.0pt;\">\n<p class=\"MsoNormal\" style=\"text-align: center; mso-pagination: none; mso-layout-grid-align: none; text-autospace: none; border: none; mso-border-alt: solid windowtext .5pt; padding: 0cm; mso-padding-alt: 1.0pt 4.0pt 1.0pt 4.0pt;\" align=\"center\"><strong style=\"mso-bidi-font-weight: normal;\"><span style=\"font-size: 14.0pt; mso-bidi-font-size: 11.0pt; mso-bidi-font-family: Tahoma; color: blue;\">Verheugen zul je je dan om al het goede<\/span><\/strong><strong style=\"mso-bidi-font-weight: normal;\"><\/strong><\/p>\n<\/p><\/div>\n<p class=\"MsoNormal\">\u00a0<\/p>\n<p class=\"MsoNormal\">Waar worden wij blij van? Als we erover dromen dat we de staatsloterij winnen en de miljoenen ons om de oren vliegen? Of iets simpeler: als ons werk goed gaat, we een plezierig salaris verdienen, we onze hypotheek kunnen betalen en nog voldoende geld overhouden om er prettig van te leven? Heeft blijheid dan altijd met materi\u00eble dingen te maken?<\/p>\n<p class=\"MsoNormal\">\u00a0<\/p>\n<p class=\"MsoNormal\">Zo\u2019n royale 180 jaar geleden werd (in Engeland althans) de slavernij afgeschaft. Alle slaven in het Britse rijk kregen hun vrijheid terug. Denkt u zich eens in: voor het eerst in je leven kun je je eigen beslissingen nemen. Wat een ongelooflijke blijheid zal dat gegeven hebben. Vrij van onderdrukking.<\/p>\n<p class=\"MsoNormal\">De Isra\u00eblieten konden daar van meepraten:<\/p>\n<p class=\"MsoNormal\">\u00a0<\/p>\n<div style=\"mso-element: para-border-div; border: solid windowtext 1.0pt; mso-border-alt: solid windowtext .5pt; padding: 1.0pt 4.0pt 1.0pt 4.0pt;\">\n<p class=\"MsoNormal\" style=\"mso-pagination: none; tab-stops: 294.0pt 588.0pt; mso-layout-grid-align: none; text-autospace: none; border: none; mso-border-alt: solid windowtext .5pt; padding: 0cm; mso-padding-alt: 1.0pt 4.0pt 1.0pt 4.0pt;\"><em style=\"mso-bidi-font-style: normal;\"><span style=\"mso-bidi-font-size: 11.0pt; mso-bidi-font-family: Tahoma; color: red;\">Als de ENE een keer brengt in de k\u00e9rkering van S\u00edon, zullen wij z\u00edjn als m\u00e9nsen die dr\u00f3men.<span style=\"mso-tab-count: 1;\"> <\/span><\/span><\/em><\/p>\n<p class=\"MsoNormal\" style=\"mso-pagination: none; mso-layout-grid-align: none; text-autospace: none; border: none; mso-border-alt: solid windowtext .5pt; padding: 0cm; mso-padding-alt: 1.0pt 4.0pt 1.0pt 4.0pt;\"><em style=\"mso-bidi-font-style: normal;\"><span style=\"mso-bidi-font-size: 11.0pt; mso-bidi-font-family: Tahoma; color: red;\">Dan is vol van lachen; onze mond, van jubel onze tong, dan zullen ze bij de v\u00f3lkeren z\u00e9ggen: &#8216;de ENE heeft aan hen gr\u00f3te d\u00edngen ged\u00e1an!&#8217;<span style=\"mso-tab-count: 1;\"> <\/span> <\/span><\/em><\/p>\n<p class=\"MsoNormal\" style=\"mso-pagination: none; mso-layout-grid-align: none; text-autospace: none; border: none; mso-border-alt: solid windowtext .5pt; padding: 0cm; mso-padding-alt: 1.0pt 4.0pt 1.0pt 4.0pt;\"><em style=\"mso-bidi-font-style: normal;\"><span style=\"mso-bidi-font-size: 11.0pt; mso-bidi-font-family: Tahoma; color: red;\">Grote dingen zal de \u00c9NE aan ons d\u00f3en, verheugde m\u00e9nsen z\u00fallen wij w\u00f3rden!<span style=\"mso-tab-count: 1;\"> <\/span><\/span><\/em><\/p>\n<p class=\"MsoNormal\" style=\"text-align: right; mso-pagination: none; mso-layout-grid-align: none; text-autospace: none; border: none; mso-border-alt: solid windowtext .5pt; padding: 0cm; mso-padding-alt: 1.0pt 4.0pt 1.0pt 4.0pt;\" align=\"right\"><span style=\"mso-bidi-font-size: 11.0pt; mso-bidi-font-family: Tahoma;\">Psalm 127: 1 &#8211; 3<\/span><\/p>\n<p class=\"MsoNormal\" style=\"border: none; mso-border-alt: solid windowtext .5pt; padding: 0cm; mso-padding-alt: 1.0pt 4.0pt 1.0pt 4.0pt;\">\u00a0<\/p>\n<\/p><\/div>\n<p class=\"MsoNormal\">\u00a0<\/p>\n<p class=\"MsoNormal\">Wij zitten elke zondagochtend in de kerk. Samen met andere christenen. Waarom eigenlijk? Komen we uit traditie elke zondag opdraven? Omdat we dat nu eenmaal gewoon zijn en de wekker vast geprogrammeerd staat? Omdat anderen ons verwachten en we de vraag \u2018<em style=\"mso-bidi-font-style: normal;\">waar was je\u2019<\/em> liever ontlopen?<\/p>\n<p class=\"MsoNormal\"><span style=\"mso-bidi-font-size: 14.0pt; mso-bidi-font-family: Verdana; color: #140505;\"> <\/span><\/p>\n<p class=\"MsoNormal\"><span style=\"mso-bidi-font-size: 14.0pt; mso-bidi-font-family: Verdana; color: #140505;\">We zingen elke zondag dezelfde liederen. Lezen dezelfde gedeelten uit de bijbel. We verrichten dezelfde handelingen als we het avondmaal vieren. We spreken daarbij dezelfde woorden uit. In de kerk van alle eeuwen gaat dat al ruim tweeduizend jaar zo. Wat is daar nou nog spannend aan. Wie wordt daar nou nog warm en blij van. <\/span><\/p>\n<p class=\"MsoNormal\"><span style=\"mso-bidi-font-size: 14.0pt; mso-bidi-font-family: Verdana; color: #140505;\"> <\/span><\/p>\n<p class=\"MsoNormal\"><span style=\"mso-bidi-font-size: 14.0pt; mso-bidi-font-family: Verdana; color: #140505;\">Is het christen zijn voor ons vandaag de dag nog iets waar we blij van worden? Of is het inmiddels voor ons niet meer dan een traditie. Niet dat er met een goede traditie iets mis is. Maar toch. Wat is ons christen zijn meer dan een gewoonte. Een goede gewoonte, maar toch: een gewoonte. Gewoontjes. Weinig bijzonders eigenlijk. Om daar nou heel blijig over te doen, is dat niet een beetje overdreven? <\/span><\/p>\n<p class=\"MsoNormal\"><span style=\"mso-bidi-font-size: 14.0pt; mso-bidi-font-family: Verdana; color: #140505;\"> <\/span><\/p>\n<p class=\"MsoNormal\" style=\"mso-pagination: none; mso-layout-grid-align: none; text-autospace: none;\"><span style=\"mso-bidi-font-size: 11.0pt; mso-bidi-font-family: Tahoma; color: red;\">Eens immers waren wij ook ondoordacht, ongehoorzaam, dwalend, dienstbaar aan velerlei verlangens en lusten,- brachten we in kwaadwilligheid en afgunst het leven door, gehaat en vol haat jegens elkaar.<span style=\"mso-tab-count: 1;\"> <\/span> <\/span><\/p>\n<p class=\"MsoNormal\" style=\"mso-pagination: none; mso-layout-grid-align: none; text-autospace: none;\"><strong style=\"mso-bidi-font-weight: normal;\"><span style=\"text-decoration: underline;\"><span style=\"mso-bidi-font-size: 11.0pt; mso-bidi-font-family: Tahoma; color: red;\">Maar toen<\/span><\/span><\/strong><span style=\"mso-bidi-font-size: 11.0pt; mso-bidi-font-family: Tahoma; color: red;\"> de mildheid en de mensenliefde van onze redder,<strong style=\"mso-bidi-font-weight: normal;\"><span style=\"text-decoration: underline;\"> God, verscheen<\/span><\/strong>,<span style=\"mso-tab-count: 1;\"> <\/span> <\/span><\/p>\n<p class=\"MsoNormal\" style=\"mso-pagination: none; mso-layout-grid-align: none; text-autospace: none;\"><strong style=\"mso-bidi-font-weight: normal;\"><span style=\"text-decoration: underline;\"><span style=\"mso-bidi-font-size: 11.0pt; mso-bidi-font-family: Tahoma; color: red;\">heeft hij<\/span><\/span><\/strong><strong style=\"mso-bidi-font-weight: normal;\"><span style=\"mso-bidi-font-size: 11.0pt; mso-bidi-font-family: Tahoma; color: red;\">,<\/span><\/strong><span style=\"mso-bidi-font-size: 11.0pt; mso-bidi-font-family: Tahoma; color: red;\"> niet om werken der gerechtigheid die wij hadden gedaan maar overeenkomstig zijn ontferming, <strong style=\"mso-bidi-font-weight: normal;\"><span style=\"text-decoration: underline;\">ons gered<\/span><\/strong> door het bad van wedergeboorte en vernieuwing door de heilige Geest,<span style=\"mso-tab-count: 1;\"> <\/span> <\/span><\/p>\n<p class=\"MsoNormal\" style=\"mso-pagination: none; mso-layout-grid-align: none; text-autospace: none;\"><span style=\"mso-bidi-font-size: 11.0pt; mso-bidi-font-family: Tahoma; color: red;\">waarvan hij rijkelijk over ons heeft uitgegoten door Jezus Christus, onze redder,<span style=\"mso-tab-count: 1;\"> <\/span> <\/span><\/p>\n<p class=\"MsoNormal\" style=\"mso-pagination: none; mso-layout-grid-align: none; text-autospace: none;\"><span style=\"mso-bidi-font-size: 11.0pt; mso-bidi-font-family: Tahoma; color: red;\">opdat wij, gerechtvaardigd door zijn genade, erfgenamen zouden worden van het eeuwige leven<\/span><\/p>\n<p class=\"MsoNormal\" style=\"mso-pagination: none; tab-stops: 220.0pt 440.0pt; mso-layout-grid-align: none; text-autospace: none;\"><span style=\"mso-bidi-font-size: 11.0pt; mso-bidi-font-family: Tahoma; color: red;\">waar wij op hopen. <\/span><span style=\"mso-bidi-font-size: 11.0pt; mso-bidi-font-family: Tahoma;\">(Titus 3: 3 \u2013 7).<\/span><span style=\"font-size: 11.0pt; font-family: Tahoma; mso-bidi-font-family: Tahoma;\"><span style=\"mso-tab-count: 1;\"> <\/span><\/span><\/p>\n<p class=\"MsoNormal\">\u00a0<\/p>\n<div style=\"mso-element: para-border-div; border: solid windowtext 1.0pt; mso-border-alt: solid windowtext .5pt; padding: 1.0pt 4.0pt 1.0pt 4.0pt;\">\n<p class=\"MsoNormal\" style=\"border: none; mso-border-alt: solid windowtext .5pt; padding: 0cm; mso-padding-alt: 1.0pt 4.0pt 1.0pt 4.0pt;\"><em style=\"mso-bidi-font-style: normal;\"><span style=\"mso-bidi-font-size: 14.0pt; mso-bidi-font-family: Verdana; color: #140505;\">Verdriet kan zorgen voor zichzelf, maar om de volledige waarde van blijdschap te ondergaan moet je iemand hebben om het mee te delen.<\/span><\/em><\/p>\n<p class=\"MsoNormal\" style=\"text-align: right; border: none; mso-border-alt: solid windowtext .5pt; padding: 0cm; mso-padding-alt: 1.0pt 4.0pt 1.0pt 4.0pt;\" align=\"right\"><span style=\"mso-bidi-font-size: 14.0pt; mso-bidi-font-family: Verdana; color: #140505;\">Mark Twain<\/span><\/p>\n<\/p><\/div>\n<p class=\"MsoNormal\" style=\"text-align: right;\" align=\"right\"><span style=\"mso-bidi-font-size: 14.0pt; font-family: Verdana; mso-bidi-font-family: Verdana; color: #140505;\"> <\/span><\/p>\n<p class=\"MsoNormal\"><span style=\"mso-bidi-font-size: 14.0pt; mso-bidi-font-family: Verdana; color: #140505;\">God wil zijn liefde met ons delen. God is Liefde in Persoon. En Hij geeft zijn liefde zonder bedenking of bijgedachten en zonder ook maar enige voorwaarde vooraf. Zie Johannes 3: 16. <\/span><\/p>\n<p class=\"MsoNormal\" style=\"mso-pagination: none; mso-layout-grid-align: none; text-autospace: none;\"><span style=\"mso-bidi-font-size: 14.0pt; mso-bidi-font-family: Verdana; color: #140505;\">Als wij ons op zondagmorgen weer realiseren waar wij vandaan <\/span><span style=\"mso-bidi-font-size: 14.0pt; mso-bidi-font-family: Verdana;\">komen<span style=\"color: red;\"> <\/span><\/span><span style=\"mso-bidi-font-size: 11.0pt; mso-bidi-font-family: Tahoma; color: red;\">een verloren Aramee\u00ebr was mijn vader;<\/span><span style=\"mso-bidi-font-size: 11.0pt; mso-bidi-font-family: Tahoma;\"> wat wij werden <span style=\"color: red;\">maar hij werd tot een groot volk, stevig en talrijk;<\/span> hoe onmogelijk onze positie was <span style=\"color: red;\">maar ze deden ons kwaad, de Egyptenaren, en vernederden ons; <\/span>en wat God toen deed<span style=\"color: red;\"> hij gaf ons dit land, een land dat overvloeit van melk en honing; <\/span>dan kunnen wij toch niet anders dan eindeloos blij en gelukkig zijn. En dat mag \u2013 moet! \u2013 gezien en gehoord worden. Elke zondag weer.<\/span><\/p>\n<p class=\"MsoNormal\"><span style=\"mso-bidi-font-size: 14.0pt; mso-bidi-font-family: Verdana; color: #140505;\"> <\/span><\/p>\n<div style=\"mso-element: para-border-div; border: solid windowtext 1.0pt; mso-border-alt: solid windowtext .5pt; padding: 1.0pt 4.0pt 1.0pt 4.0pt;\">\n<p class=\"MsoNormal\" style=\"text-align: center; border: none; mso-border-alt: solid windowtext .5pt; padding: 0cm; mso-padding-alt: 1.0pt 4.0pt 1.0pt 4.0pt;\" align=\"center\"><strong style=\"mso-bidi-font-weight: normal;\"><span style=\"font-size: 14.0pt; mso-bidi-font-size: 11.0pt; mso-bidi-font-family: Tahoma; color: blue;\">dat de Ene, je God, aan jou gegeven heeft en aan je huis<\/span><\/strong><\/p>\n<p class=\"MsoNormal\" style=\"text-align: right; border: none; mso-border-alt: solid windowtext .5pt; padding: 0cm; mso-padding-alt: 1.0pt 4.0pt 1.0pt 4.0pt;\" align=\"right\">Deuteronomium 26: 11<\/p>\n<\/p><\/div>\n<p>\u00a0<\/p>\n","protected":false},"excerpt":{"rendered":"<p>\u00a0 Verheugen zul je je dan om al het goede \u00a0 Waar worden wij blij van? Als we erover dromen dat we de staatsloterij winnen en de miljoenen ons om de oren vliegen? Of iets simpeler: als ons werk goed gaat, we een plezierig salaris verdienen, we onze hypotheek kunnen betalen en nog voldoende geld &hellip; <\/p>\n<p class=\"link-more\"><a href=\"https:\/\/www.vergaderingalkmaar.nl\/?page_id=223\" class=\"more-link\"><span class=\"screen-reader-text\">&#8220;Preek zondag 9 december 2012&#8221;<\/span> verder lezen<\/a><\/p>\n","protected":false},"author":1,"featured_media":0,"parent":588,"menu_order":23,"comment_status":"open","ping_status":"open","template":"","meta":[],"_links":{"self":[{"href":"https:\/\/www.vergaderingalkmaar.nl\/index.php?rest_route=\/wp\/v2\/pages\/223"}],"collection":[{"href":"https:\/\/www.vergaderingalkmaar.nl\/index.php?rest_route=\/wp\/v2\/pages"}],"about":[{"href":"https:\/\/www.vergaderingalkmaar.nl\/index.php?rest_route=\/wp\/v2\/types\/page"}],"author":[{"embeddable":true,"href":"https:\/\/www.vergaderingalkmaar.nl\/index.php?rest_route=\/wp\/v2\/users\/1"}],"replies":[{"embeddable":true,"href":"https:\/\/www.vergaderingalkmaar.nl\/index.php?rest_route=%2Fwp%2Fv2%2Fcomments&post=223"}],"version-history":[{"count":0,"href":"https:\/\/www.vergaderingalkmaar.nl\/index.php?rest_route=\/wp\/v2\/pages\/223\/revisions"}],"up":[{"embeddable":true,"href":"https:\/\/www.vergaderingalkmaar.nl\/index.php?rest_route=\/wp\/v2\/pages\/588"}],"wp:attachment":[{"href":"https:\/\/www.vergaderingalkmaar.nl\/index.php?rest_route=%2Fwp%2Fv2%2Fmedia&parent=223"}],"curies":[{"name":"wp","href":"https:\/\/api.w.org\/{rel}","templated":true}]}}