{"id":221,"date":"2012-11-29T21:02:01","date_gmt":"2012-11-29T20:02:01","guid":{"rendered":"http:\/\/www.vergaderingalkmaar.nl\/?page_id=221"},"modified":"2019-11-13T01:37:08","modified_gmt":"2019-11-13T00:37:08","slug":"preek-zondag-25-november-2012","status":"publish","type":"page","link":"https:\/\/www.vergaderingalkmaar.nl\/?page_id=221","title":{"rendered":"Preek zondag 25 november 2012"},"content":{"rendered":"<p>\u00a0<\/p>\n<div style=\"mso-element: para-border-div; border: solid windowtext 1.0pt; mso-border-alt: solid windowtext .5pt; padding: 1.0pt 4.0pt 1.0pt 4.0pt;\">\n<p class=\"MsoNormal\" style=\"text-align: center; mso-pagination: none; mso-layout-grid-align: none; text-autospace: none; border: none; mso-border-alt: solid windowtext .5pt; padding: 0cm; mso-padding-alt: 1.0pt 4.0pt 1.0pt 4.0pt;\" align=\"center\"><span style=\"font-size: 14.0pt; mso-bidi-font-size: 11.0pt; mso-bidi-font-family: Tahoma; color: blue;\">Wezen zal hij als een boom<\/span><\/p>\n<\/p><\/div>\n<p class=\"MsoNormal\">\u00a0<\/p>\n<p class=\"MsoNormal\">Er zijn van die dagen dat alles lijkt te lukken. En dat ook nog zonder merkbare inspanning. Alles valt op zijn plaats. We danken God voor zoveel \u2013 natuurlijk onverdiende, want dat weten we wel \u2013 zegen.<\/p>\n<p class=\"MsoNormal\">\u00a0<\/p>\n<p class=\"MsoNormal\">Maar dan die andere dagen. Als er niks lukt. Wat we ook doen. Wanneer alles en iedereen zich tegen ons keert. Niets gaat er goed. Wat zeggen we dan tegen God? Zeggen we \u00fcberhaupt iets tegen Hem?<\/p>\n<p class=\"MsoNormal\">\u00a0<\/p>\n<p class=\"MsoNormal\" style=\"mso-pagination: none; mso-layout-grid-align: none; text-autospace: none;\">David heeft als geen ander zijn gevoelend en emoties aan ons meegedeeld. Soms is hij extatisch van vreugde, soms krimpt hij ineen van ellende. Psalm 39 is van dat laatste een voorbeeld. David kan het gebeurde in zijn leven geen plek geven. Maar hij wil het er niet over hebben. Hij wil niet ten overstaan van mensen die van God niet willen weten zijn frustratie uiten. Maar wat er gebeurt is doet pijn aan lichaam en ziel. David wil blijven zwijgen, maar (: 4)<span style=\"mso-spacerun: yes;\"> <\/span><span style=\"mso-bidi-font-size: 11.0pt; mso-bidi-font-family: Tahoma; color: red;\">Mijn hart gloeide binnen in mij, uit mijn verz\u00fachting spatte v\u00faur, aan mijn t\u00f3ng ontspr\u00f3ng een w\u00f3ord: <\/span><\/p>\n<p class=\"MsoNormal\">\u00a0<\/p>\n<div style=\"mso-element: para-border-div; border: solid windowtext 1.0pt; mso-border-alt: solid windowtext .5pt; padding: 1.0pt 4.0pt 1.0pt 4.0pt;\">\n<p class=\"MsoNormal\" style=\"text-align: center; border: none; mso-border-alt: solid windowtext .5pt; padding: 0cm; mso-padding-alt: 1.0pt 4.0pt 1.0pt 4.0pt;\" align=\"center\"><em style=\"mso-bidi-font-style: normal;\">Wanneer ik zoek naar woorden en niets dan stilte vind,<\/em><\/p>\n<p class=\"MsoNormal\" style=\"text-align: center; border: none; mso-border-alt: solid windowtext .5pt; padding: 0cm; mso-padding-alt: 1.0pt 4.0pt 1.0pt 4.0pt;\" align=\"center\"><em style=\"mso-bidi-font-style: normal;\">dan weet ik: Heer, Gij hoorde \u00e9\u00e9n stem: uw eigen kind.<\/em><\/p>\n<p class=\"MsoNormal\" style=\"text-align: center; border: none; mso-border-alt: solid windowtext .5pt; padding: 0cm; mso-padding-alt: 1.0pt 4.0pt 1.0pt 4.0pt;\" align=\"center\"><em style=\"mso-bidi-font-style: normal;\">Uw adem wekt mijn leven, uw liefde kleurt mijn bloed;<br \/> mijn stilte is vergeven, mijn zwijgen keurt Gij goed.<\/em><\/p>\n<p class=\"MsoNormal\" style=\"text-align: right; border: none; mso-border-alt: solid windowtext .5pt; padding: 0cm; mso-padding-alt: 1.0pt 4.0pt 1.0pt 4.0pt;\" align=\"right\"><span style=\"mso-spacerun: yes;\"> <\/span>A.F. Troost<\/p>\n<\/p><\/div>\n<p class=\"MsoNormal\">\u00a0<\/p>\n<p class=\"MsoNormal\" style=\"mso-pagination: none; mso-layout-grid-align: none; text-autospace: none;\"><span style=\"mso-bidi-font-size: 11.0pt; mso-bidi-font-family: Tahoma;\">Als de sluis eenmaal openstaat komt al Davids twijfel en frustratie eruit. Zijn verwijten aan God gaan in onze ogen wel heel erg ver: \u2018<\/span><em style=\"mso-bidi-font-style: normal;\"><span style=\"mso-bidi-font-size: 11.0pt; mso-bidi-font-family: Helvetica; color: black;\">Wat bent u er nou voor \u00e9\u00e9n? U hebt de mens geschapen, als mens, niet als Uzelf, dus niet almachtig, maar beperkt en onvolkomen, niet in staat tot het louter goede, maar via vallen en opstaan en fouten maken; en hem daar dan ook nog zo genadeloos voor afstraffen?<\/span><\/em><span style=\"mso-bidi-font-size: 11.0pt; mso-bidi-font-family: Helvetica; color: black;\">\u2019<\/span><\/p>\n<p class=\"MsoNormal\" style=\"mso-pagination: none; mso-layout-grid-align: none; text-autospace: none;\"><span style=\"mso-bidi-font-size: 11.0pt; mso-bidi-font-family: Helvetica; color: black;\"> <\/span><\/p>\n<p class=\"MsoNormal\" style=\"mso-pagination: none; mso-layout-grid-align: none; text-autospace: none;\">Als zijn eerste emotie eruit is komt David tot een diep besef van wie hij is. Vers13:<span style=\"mso-spacerun: yes;\"> <\/span><span style=\"mso-bidi-font-size: 11.0pt; mso-bidi-font-family: Tahoma; color: red;\">Hoor mijn gebed, Ene, leen aan mijn hulpgeroep het oor, blijf niet zwijgen bij mijn tranen, al ben ik een zw\u00e9rver, bij u te g\u00e1st, een bijwoner, al mijn v\u00e1der\u00e9n gel\u00edjk! <\/span><span style=\"mso-bidi-font-size: 11.0pt; mso-bidi-font-family: Tahoma;\">Een zwerver-te-gast! David weet zich in Gods schepping iemand die afhankelijk is van de zorg en de aandacht van de Ander. Iemand die na een zware dag onderweg tegen de avond gastvrijheid ondervindt. <\/span><\/p>\n<p class=\"MsoNormal\" style=\"mso-pagination: none; mso-layout-grid-align: none; text-autospace: none;\"><span style=\"mso-bidi-font-size: 11.0pt; mso-bidi-font-family: Tahoma;\"> <\/span><\/p>\n<p class=\"MsoNormal\" style=\"mso-pagination: none; tab-stops: 28.0pt 56.0pt 84.0pt 112.0pt 140.0pt 168.0pt 196.0pt 224.0pt 252.0pt 280.0pt 308.0pt 336.0pt; mso-layout-grid-align: none; text-autospace: none;\"><span style=\"mso-bidi-font-size: 11.0pt; mso-bidi-font-family: Helvetica;\">De voortgang van deze psalm laat zien wat er gebeurt wanneer er na het zwijgen toch gesproken gaat worden, wanneer de tong als het ware het initiatief daartoe gaat nemen, omdat dat dieper gaat dan wil en verstand. Met andere woorden, er gebeurt niets, er verandert niets wanneer er gezwegen blijft worden, de boel binnen blijft, waar het gaat branden en telkens als een vuur oplaait.<\/span><\/p>\n<p class=\"MsoNormal\" style=\"mso-pagination: none; mso-layout-grid-align: none; text-autospace: none;\"><span style=\"mso-bidi-font-size: 11.0pt; mso-bidi-font-family: Helvetica;\">Maar wanneer de tong, om zo te zeggen, gaat spreken, gebeurt er iets bijzonders. Het is niet zo dat David door z\u00f3, &#8211; uit de grond van zijn hart, uit de bodem van zijn ziel, &#8211; tegen God te spreken, iets bij God teweeg brengt, bijvoorbeeld dat God zou zeggen: \u2018Nu ik je zo hoor heb je ergens wel gelijk, sorry\u2019; of, \u2018Hoe durf je zo tegen mij te spreken!\u2019 of \u2018Straks zul je wel inbinden, daar ga ik ten minste wel van uit!\u2019 <strong style=\"mso-bidi-font-weight: normal;\">Nee, God komt in deze psalm niet aan het woord. God luistert.<\/strong> Hij laat David uitspreken, gaat niet inde verdediging of in de aanval, maar erkent David\u2019s pijn en wanhoop. Dus als David tot op het diepst is gegaan, is het als het ware even stil, maar het is een oorverdovende, spannende stilte. <\/span><\/p>\n<p class=\"MsoNormal\" style=\"mso-pagination: none; mso-layout-grid-align: none; text-autospace: none;\"><span style=\"mso-bidi-font-size: 11.0pt; mso-bidi-font-family: Helvetica;\"> <\/span><\/p>\n<p class=\"MsoNormal\" style=\"mso-pagination: none; mso-layout-grid-align: none; text-autospace: none;\"><span style=\"mso-bidi-font-size: 11.0pt; mso-bidi-font-family: Helvetica;\">En in die stilte <span style=\"mso-spacerun: yes;\"> <\/span>gebeurt het wonder. Woede gaat over in vertrouwen. Woede die helemaal aan bod mocht komen. Vertrouwen dat als uit het niets wordt geboren. Is David\u2019s situatie verandert? Ik geloof het niet. Maar het perspectief is anders. David kijkt niet meer in de eerste plaats naar zijn zorgen en problemen. Hij kijkt naar zijn God. Wat er dan gebeurt zegt diezelfde David ontroerend in psalm 32:5<span style=\"mso-spacerun: yes;\"> <\/span><\/span><span style=\"mso-bidi-font-size: 11.0pt; mso-bidi-font-family: Tahoma; color: red;\">Gij zijt mij een verberging, voor benauwdheid zult g\u00edj mij beh\u00f3eden, gij omringt mij met gez\u00e1ngen v\u00e1n bevr\u00edjding. <\/span><span style=\"mso-bidi-font-size: 11.0pt; mso-bidi-font-family: Tahoma;\">Laten we \u2013 als het ons ook maar enigszins mogelijk is \u2013 alles vanuit Gods perspectief bezien. Hij omvat werkelijk alles! Er is niets buiten Hem.<\/span><\/p>\n<p class=\"MsoNormal\">\u00a0<\/p>\n<div style=\"mso-element: para-border-div; border: solid windowtext 1.0pt; mso-border-alt: solid windowtext .5pt; padding: 1.0pt 4.0pt 1.0pt 4.0pt;\">\n<p class=\"MsoNormal\" style=\"text-align: center; mso-pagination: none; mso-layout-grid-align: none; text-autospace: none; border: none; mso-border-alt: solid windowtext .5pt; padding: 0cm; mso-padding-alt: 1.0pt 4.0pt 1.0pt 4.0pt;\" align=\"center\"><em style=\"mso-bidi-font-style: normal;\"><span style=\"mso-bidi-font-size: 13.0pt; mso-bidi-font-family: Arial;\">Hoger als mijn ogen dragen,<\/span><\/em><\/p>\n<p class=\"MsoNormal\" style=\"text-align: center; mso-pagination: none; mso-layout-grid-align: none; text-autospace: none; border: none; mso-border-alt: solid windowtext .5pt; padding: 0cm; mso-padding-alt: 1.0pt 4.0pt 1.0pt 4.0pt;\" align=\"center\"><em style=\"mso-bidi-font-style: normal;\"><span style=\"mso-bidi-font-size: 13.0pt; mso-bidi-font-family: Arial;\">wijder als de winden jagen,<\/span><\/em><\/p>\n<p class=\"MsoNormal\" style=\"text-align: center; mso-pagination: none; mso-layout-grid-align: none; text-autospace: none; border: none; mso-border-alt: solid windowtext .5pt; padding: 0cm; mso-padding-alt: 1.0pt 4.0pt 1.0pt 4.0pt;\" align=\"center\"><em style=\"mso-bidi-font-style: normal;\"><span style=\"mso-bidi-font-size: 13.0pt; mso-bidi-font-family: Arial;\">dieper als de diepe zee,<\/span><\/em><\/p>\n<p class=\"MsoNormal\" style=\"text-align: center; mso-pagination: none; mso-layout-grid-align: none; text-autospace: none; border: none; mso-border-alt: solid windowtext .5pt; padding: 0cm; mso-padding-alt: 1.0pt 4.0pt 1.0pt 4.0pt;\" align=\"center\"><em style=\"mso-bidi-font-style: normal;\"><span style=\"mso-bidi-font-size: 13.0pt; mso-bidi-font-family: Arial;\">overal heerst God alleen :<\/span><\/em><\/p>\n<p class=\"MsoNormal\" style=\"text-align: center; mso-pagination: none; mso-layout-grid-align: none; text-autospace: none; border: none; mso-border-alt: solid windowtext .5pt; padding: 0cm; mso-padding-alt: 1.0pt 4.0pt 1.0pt 4.0pt;\" align=\"center\"><em style=\"mso-bidi-font-style: normal;\"><span style=\"mso-bidi-font-size: 13.0pt; mso-bidi-font-family: Arial;\">een, drie-\u00e9\u00e9n, zelfstandig Wezen,<\/span><\/em><\/p>\n<p class=\"MsoNormal\" style=\"text-align: center; mso-pagination: none; mso-layout-grid-align: none; text-autospace: none; border: none; mso-border-alt: solid windowtext .5pt; padding: 0cm; mso-padding-alt: 1.0pt 4.0pt 1.0pt 4.0pt;\" align=\"center\"><em style=\"mso-bidi-font-style: normal;\"><span style=\"mso-bidi-font-size: 13.0pt; mso-bidi-font-family: Arial;\">nu, toekomstig en voordezen<\/span><\/em><\/p>\n<p class=\"MsoNormal\" style=\"text-align: center; mso-pagination: none; mso-layout-grid-align: none; text-autospace: none; border: none; mso-border-alt: solid windowtext .5pt; padding: 0cm; mso-padding-alt: 1.0pt 4.0pt 1.0pt 4.0pt;\" align=\"center\"><em style=\"mso-bidi-font-style: normal;\"><span style=\"mso-bidi-font-size: 13.0pt; mso-bidi-font-family: Arial;\">is God, was God altijd, en<\/span><\/em><\/p>\n<p class=\"MsoNormal\" style=\"text-align: center; border: none; mso-border-alt: solid windowtext .5pt; padding: 0cm; mso-padding-alt: 1.0pt 4.0pt 1.0pt 4.0pt;\" align=\"center\"><em style=\"mso-bidi-font-style: normal;\"><span style=\"mso-bidi-font-size: 13.0pt; mso-bidi-font-family: Arial;\">eeuwig zal Hij zeggen : &#8216;k Ben.<\/span><\/em><\/p>\n<p class=\"MsoNormal\" style=\"text-align: right; border: none; mso-border-alt: solid windowtext .5pt; padding: 0cm; mso-padding-alt: 1.0pt 4.0pt 1.0pt 4.0pt;\" align=\"right\"><span style=\"mso-bidi-font-size: 13.0pt; mso-bidi-font-family: Arial; color: #53214a;\">Guido Gezelle<\/span><\/p>\n<\/p><\/div>\n<p class=\"MsoNormal\">\u00a0<\/p>\n<div style=\"mso-element: para-border-div; border: solid windowtext 1.0pt; mso-border-alt: solid windowtext .5pt; padding: 1.0pt 4.0pt 1.0pt 4.0pt;\">\n<p class=\"MsoNormal\" style=\"text-align: center; mso-pagination: none; mso-layout-grid-align: none; text-autospace: none; border: none; mso-border-alt: solid windowtext .5pt; padding: 0cm; mso-padding-alt: 1.0pt 4.0pt 1.0pt 4.0pt;\" align=\"center\"><span style=\"font-size: 14.0pt; mso-bidi-font-size: 11.0pt; mso-bidi-font-family: Tahoma; color: blue;\">geplant aan beken water,<\/span><\/p>\n<\/p><\/div>\n<p>\u00a0<\/p>\n","protected":false},"excerpt":{"rendered":"<p>\u00a0 Wezen zal hij als een boom \u00a0 Er zijn van die dagen dat alles lijkt te lukken. En dat ook nog zonder merkbare inspanning. Alles valt op zijn plaats. We danken God voor zoveel \u2013 natuurlijk onverdiende, want dat weten we wel \u2013 zegen. \u00a0 Maar dan die andere dagen. Als er niks lukt. &hellip; <\/p>\n<p class=\"link-more\"><a href=\"https:\/\/www.vergaderingalkmaar.nl\/?page_id=221\" class=\"more-link\"><span class=\"screen-reader-text\">&#8220;Preek zondag 25 november 2012&#8221;<\/span> verder lezen<\/a><\/p>\n","protected":false},"author":1,"featured_media":0,"parent":588,"menu_order":25,"comment_status":"closed","ping_status":"open","template":"","meta":[],"_links":{"self":[{"href":"https:\/\/www.vergaderingalkmaar.nl\/index.php?rest_route=\/wp\/v2\/pages\/221"}],"collection":[{"href":"https:\/\/www.vergaderingalkmaar.nl\/index.php?rest_route=\/wp\/v2\/pages"}],"about":[{"href":"https:\/\/www.vergaderingalkmaar.nl\/index.php?rest_route=\/wp\/v2\/types\/page"}],"author":[{"embeddable":true,"href":"https:\/\/www.vergaderingalkmaar.nl\/index.php?rest_route=\/wp\/v2\/users\/1"}],"replies":[{"embeddable":true,"href":"https:\/\/www.vergaderingalkmaar.nl\/index.php?rest_route=%2Fwp%2Fv2%2Fcomments&post=221"}],"version-history":[{"count":1,"href":"https:\/\/www.vergaderingalkmaar.nl\/index.php?rest_route=\/wp\/v2\/pages\/221\/revisions"}],"predecessor-version":[{"id":1746,"href":"https:\/\/www.vergaderingalkmaar.nl\/index.php?rest_route=\/wp\/v2\/pages\/221\/revisions\/1746"}],"up":[{"embeddable":true,"href":"https:\/\/www.vergaderingalkmaar.nl\/index.php?rest_route=\/wp\/v2\/pages\/588"}],"wp:attachment":[{"href":"https:\/\/www.vergaderingalkmaar.nl\/index.php?rest_route=%2Fwp%2Fv2%2Fmedia&parent=221"}],"curies":[{"name":"wp","href":"https:\/\/api.w.org\/{rel}","templated":true}]}}