{"id":216,"date":"2012-11-18T20:25:06","date_gmt":"2012-11-18T19:25:06","guid":{"rendered":"http:\/\/www.vergaderingalkmaar.nl\/?page_id=216"},"modified":"2019-11-13T01:37:08","modified_gmt":"2019-11-13T00:37:08","slug":"preek-zondag-18-november-2012","status":"publish","type":"page","link":"https:\/\/www.vergaderingalkmaar.nl\/?page_id=216","title":{"rendered":"Preek zondag 18 november 2012"},"content":{"rendered":"<p>\u00a0<\/p>\n<div style=\"mso-element: para-border-div; border: solid windowtext 1.0pt; mso-border-alt: solid windowtext .5pt; padding: 1.0pt 4.0pt 1.0pt 4.0pt;\">\n<p class=\"MsoNormal\" style=\"text-align: center; border: none; mso-border-alt: solid windowtext .5pt; padding: 0cm; mso-padding-alt: 1.0pt 4.0pt 1.0pt 4.0pt;\" align=\"center\"><strong style=\"mso-bidi-font-weight: normal;\"><span style=\"font-size: 14.0pt; mso-bidi-font-size: 11.0pt; mso-bidi-font-family: Tahoma; color: blue;\">O, als ik niet had vertrouwd te zien de g\u00f3edheid van de \u00c9ne<\/span><\/strong><strong style=\"mso-bidi-font-weight: normal;\"><\/strong><\/p>\n<\/p><\/div>\n<p class=\"MsoNormal\">\u00a0<\/p>\n<p class=\"MsoNormal\">\u00a0<\/p>\n<p class=\"MsoNormal\">Er zijn van die bijbelteksten die plotseling bijzonder tot je spreken. Je kende \u2018m al jaren en plotseling staat \u2018ie in een nieuw licht. Plotseling krijgt de tekst voor jou waarde in de praktijk van alledag. Bijvoorbeeld wanneer je op een nacht wakker wordt met hartkloppingen en werkelijk bang bet dat je laatste uur heeft geslagen. Je bent christen, dus bid je om hulp. Maar de angst en de hartkloppingen worden niet op slag minder. Waar is God en waarom doet Hij niks? Als dan eindelijk de paniekaanval toch voorzichtig overgaat en je \u2019s morgens de radio aanzet, leest de dominee psalm 73: 26 voor. Gods troost<span style=\"mso-spacerun: yes;\"> <\/span>komt over je. Gods kracht vult heel de huiskamer.<\/p>\n<p class=\"MsoNormal\">Of je gaat op bezoek bij een christen die een terminale vorm van asbestkanker heeft. In de gesprekken met hem ervaar je zijn rust. Zijn overgave. Hij spreekt erover dat het beste deel binnenkort gaat beginnen. En je merkt dat het werkelijkheid voor hem is. Niet zomaar een vroom verhaaltje. Je merkt dat \u2018rusten in God\u2019 werkelijk bestaat. Dat God onze gebeden daarover werkelijk verhoort. Psalm 73: 23 \u2013 26: <span style=\"mso-bidi-font-size: 11.0pt; mso-bidi-font-family: Tahoma; color: red;\">en toch was \u00edk steeds b\u00edj u, g\u00edj hield mij bij de r\u00e9chterh\u00e1nd. Gij l\u00e9idt mij volgens uw r\u00e1ad, in het einde n\u00e9emt gij mij \u00f3p in gl\u00f3rie. Wie heb ik \u00e1nders in de h\u00e9mel?- ik ben bij u,- verl\u00e1ng niets \u00f3p de \u00e1arde! Bezwijkt ook mijn vlees en mijn hart: de rots van mijn h\u00e1rt en mijn d\u00e9el is G\u00f3d v\u00f3or \u00e9euwig.<\/span><span style=\"mso-bidi-font-size: 11.0pt; mso-bidi-font-family: Tahoma;\"><span style=\"mso-tab-count: 1;\"> <\/span><\/span><\/p>\n<p class=\"MsoNormal\"><span style=\"mso-bidi-font-size: 11.0pt; mso-bidi-font-family: Tahoma;\"> <\/span><\/p>\n<p class=\"MsoNormal\"><span style=\"mso-bidi-font-size: 11.0pt; mso-bidi-font-family: Tahoma;\">Maar liefst 73 psalmen beginnen met de aanhef \u2018Van David.\u2019 Daarin tref je een grote veelheid van emoties en gevoelens aan. <\/span><\/p>\n<p class=\"MsoNormal\" style=\"mso-pagination: none; mso-layout-grid-align: none; text-autospace: none;\"><span style=\"mso-bidi-font-size: 11.0pt; mso-bidi-font-family: Tahoma;\">In Psalm 39 schrijft David over het leven dat kort is. David snapt de zin van het leven niet. Vraagt zich vertwijfeld af waartoe hij op aarde is. Het meest ontroerend zegt hij dat in vers 5: <span style=\"color: red;\">Ene, doe mij weten mijn einde, de maat van mijn d\u00e1gen, wat die \u00eds, ik wil w\u00e9ten waar het m\u00e9t mij \u00f3phoudt!<\/span><\/span><\/p>\n<p class=\"MsoNormal\"><span style=\"mso-bidi-font-size: 11.0pt; mso-bidi-font-family: Tahoma;\">In Psalm 22, geschreven vanuit het perspectief van een rechtschapen man die in intense nood zit en wiens de dood hem bij voortduring voor ogen staat, schreeuwt David tot God: <span style=\"color: red;\">Mijn God, mijn God, w\u00e1arom hebt ge mij v\u00e9rlaten, ver van mijn bevrijding, van de w\u00f3orden d\u00ede ik br\u00fal. &#8216;O mijn God!&#8217;-<\/span><\/span><\/p>\n<p class=\"MsoNormal\" style=\"mso-pagination: none; mso-layout-grid-align: none; text-autospace: none;\"><span style=\"mso-bidi-font-size: 11.0pt; mso-bidi-font-family: Tahoma; color: red;\">roep ik bij dag, gij \u00e1ntwoordt n\u00edet,- de nacht door, maar tot st\u00edlte k\u00f3m ik n\u00edet! <\/span><span style=\"mso-bidi-font-size: 11.0pt; mso-bidi-font-family: Tahoma;\">Wanhopiger kan een mens niet zijn. Schreeuwen om hulp terwijl er niemand antwoordt. <\/span><\/p>\n<p class=\"MsoNormal\" style=\"mso-pagination: none; mso-layout-grid-align: none; text-autospace: none;\"><span style=\"mso-bidi-font-size: 11.0pt; mso-bidi-font-family: Tahoma;\">Diezelfde David slaat in Psalm 23 een heel andere toon aan. Hij voelt zich veilig in Gods hand. Ook als het tegenzit vindt hij in God zijn sterkte: <span style=\"color: red;\">De \u00c9ne is mijn h\u00e9rder, m\u00edj zal n\u00edets ontbr\u00e9ken; <\/span>Is dat dezelfde persoon die een psalm eerder nog wanhopig was? Nu zegt hij (: 6): <span style=\"color: red;\">Mij achtervolgen slechts goedheid en vriendschap, al de d\u00e1gen van mijn l\u00e9ven;<\/span><\/span><\/p>\n<p class=\"MsoNormal\" style=\"mso-pagination: none; mso-layout-grid-align: none; text-autospace: none;\"><span style=\"mso-bidi-font-size: 11.0pt; mso-bidi-font-family: Tahoma; color: red;\"> <\/span><\/p>\n<p class=\"MsoNormal\" style=\"mso-pagination: none; mso-layout-grid-align: none; text-autospace: none;\"><span style=\"mso-bidi-font-size: 11.0pt; mso-bidi-font-family: Tahoma;\">Hoe zit dat met ons, met mij? Is er een knopje waarop we kunnen drukken om ons het Psalm 23-gevoel weer te binnen te brengen? In het Nieuwe Testament is het Jezus zelf die met ons begaan is. Als de dienstknecht van een centurio er slecht aan toe is stuurt deze zijn dienaars naar Jezus om hem te halen. En dat staat er treffend (Lucas 7: 6): <span style=\"color: red;\">Toen is Jezus met hen meegegaan. <\/span>God zelf loopt met de gezonden dienaars op. Hij laat zijn volgelingen niet in de steek. Hij is niet een afstandelijke god die het hulpeloze geworstel van ons mensen hoofdschuddend gadeslaat. Hij loopt met ons op als we dat nodig hebben. Soms zelfs onherkenbaar. Maar niet minder feitelijk. Als ooit eens bij de Emma\u00fcsgangers. Hij was erbij en ze hadden niks in de gaten. <\/span><\/p>\n<p class=\"MsoNormal\" style=\"mso-pagination: none; mso-layout-grid-align: none; text-autospace: none;\"><span style=\"mso-bidi-font-size: 11.0pt; mso-bidi-font-family: Tahoma;\">Zoals eens Gods liefde voor Israel werd beschreven (Jesaja 63: 9): <span style=\"color: red;\">In al hun benauwing was het h\u00e9m benauwd: de engel van zijn aanschijn heeft hen bevrijd, door zijn liefde en zijn mededogen heeft hij hen verlost; hij heeft hen opgetild en gedragen alle dagen van eeuwig. <\/span><\/span><\/p>\n<p class=\"MsoNormal\" style=\"mso-pagination: none; mso-layout-grid-align: none; text-autospace: none;\"><span style=\"mso-bidi-font-size: 11.0pt; mso-bidi-font-family: Tahoma;\"> <\/span><\/p>\n<p class=\"MsoNormal\" style=\"mso-pagination: none; mso-layout-grid-align: none; text-autospace: none;\"><span style=\"mso-bidi-font-size: 11.0pt; mso-bidi-font-family: Tahoma;\">God die mee-lijdt. Jezus die huilt als Hij bij het graf van Lazarus staat (Joh. 11: 35). Jezus wiens liefde voor ons werkelijk eindeloos is, zoals Johannes 13: 1 schrijft: <span style=\"color: red;\">Voor het feest van Pasen, als Jezus weet dat zijn uur gekomen is om uit deze wereld over te gaan naar de Vader, betoont hij, die de zijnen in deze wereld heeft liefgehad, hun ook zijn liefde tot aan de voleinding. <\/span><\/span><\/p>\n<p class=\"MsoNormal\" style=\"mso-pagination: none; mso-layout-grid-align: none; text-autospace: none;\"><span style=\"mso-bidi-font-size: 11.0pt; mso-bidi-font-family: Tahoma; color: red;\"> <\/span><\/p>\n<p class=\"MsoNormal\" style=\"mso-pagination: none; mso-layout-grid-align: none; text-autospace: none;\"><span style=\"mso-bidi-font-size: 11.0pt; mso-bidi-font-family: Tahoma;\">Met de dood voor ogen is Hij op ons gericht. Hij is er altijd. Soms voor ons ongemerkt. Wij mogen in de moeilijkste omstandigheden pleiten op zijn beloften: <em style=\"mso-bidi-font-style: normal;\">Ik zal u niet begeven en u niet verlaten!<\/em><\/span><\/p>\n<p class=\"MsoNormal\" style=\"mso-pagination: none; mso-layout-grid-align: none; text-autospace: none;\"><em style=\"mso-bidi-font-style: normal;\"><span style=\"mso-bidi-font-size: 11.0pt; mso-bidi-font-family: Tahoma;\"> <\/span><\/em><\/p>\n<p class=\"MsoNormal\" style=\"mso-pagination: none; mso-layout-grid-align: none; text-autospace: none;\"><span style=\"mso-bidi-font-size: 11.0pt; mso-bidi-font-family: Tahoma;\"> <\/span><\/p>\n<div style=\"mso-element: para-border-div; border: solid windowtext 1.0pt; mso-border-alt: solid windowtext .5pt; padding: 1.0pt 4.0pt 1.0pt 4.0pt;\">\n<p class=\"MsoNormal\" style=\"text-align: center; mso-pagination: none; mso-layout-grid-align: none; text-autospace: none; border: none; mso-border-alt: solid windowtext .5pt; padding: 0cm; mso-padding-alt: 1.0pt 4.0pt 1.0pt 4.0pt;\" align=\"center\"><strong style=\"mso-bidi-font-weight: normal;\"><span style=\"font-size: 14.0pt; mso-bidi-font-size: 11.0pt; mso-bidi-font-family: Tahoma; color: blue;\">in het l\u00e1nd v\u00e1n de l\u00e9venden!<\/span><\/strong><strong style=\"mso-bidi-font-weight: normal;\"><\/strong><\/p>\n<\/p><\/div>\n<p>\u00a0<\/p>\n","protected":false},"excerpt":{"rendered":"<p>\u00a0 O, als ik niet had vertrouwd te zien de g\u00f3edheid van de \u00c9ne \u00a0 \u00a0 Er zijn van die bijbelteksten die plotseling bijzonder tot je spreken. Je kende \u2018m al jaren en plotseling staat \u2018ie in een nieuw licht. Plotseling krijgt de tekst voor jou waarde in de praktijk van alledag. Bijvoorbeeld wanneer je &hellip; <\/p>\n<p class=\"link-more\"><a href=\"https:\/\/www.vergaderingalkmaar.nl\/?page_id=216\" class=\"more-link\"><span class=\"screen-reader-text\">&#8220;Preek zondag 18 november 2012&#8221;<\/span> verder lezen<\/a><\/p>\n","protected":false},"author":1,"featured_media":0,"parent":588,"menu_order":26,"comment_status":"closed","ping_status":"open","template":"","meta":[],"_links":{"self":[{"href":"https:\/\/www.vergaderingalkmaar.nl\/index.php?rest_route=\/wp\/v2\/pages\/216"}],"collection":[{"href":"https:\/\/www.vergaderingalkmaar.nl\/index.php?rest_route=\/wp\/v2\/pages"}],"about":[{"href":"https:\/\/www.vergaderingalkmaar.nl\/index.php?rest_route=\/wp\/v2\/types\/page"}],"author":[{"embeddable":true,"href":"https:\/\/www.vergaderingalkmaar.nl\/index.php?rest_route=\/wp\/v2\/users\/1"}],"replies":[{"embeddable":true,"href":"https:\/\/www.vergaderingalkmaar.nl\/index.php?rest_route=%2Fwp%2Fv2%2Fcomments&post=216"}],"version-history":[{"count":1,"href":"https:\/\/www.vergaderingalkmaar.nl\/index.php?rest_route=\/wp\/v2\/pages\/216\/revisions"}],"predecessor-version":[{"id":1744,"href":"https:\/\/www.vergaderingalkmaar.nl\/index.php?rest_route=\/wp\/v2\/pages\/216\/revisions\/1744"}],"up":[{"embeddable":true,"href":"https:\/\/www.vergaderingalkmaar.nl\/index.php?rest_route=\/wp\/v2\/pages\/588"}],"wp:attachment":[{"href":"https:\/\/www.vergaderingalkmaar.nl\/index.php?rest_route=%2Fwp%2Fv2%2Fmedia&parent=216"}],"curies":[{"name":"wp","href":"https:\/\/api.w.org\/{rel}","templated":true}]}}