{"id":212,"date":"2012-10-19T18:01:16","date_gmt":"2012-10-19T17:01:16","guid":{"rendered":"http:\/\/www.vergaderingalkmaar.nl\/?page_id=212"},"modified":"2019-11-13T01:37:08","modified_gmt":"2019-11-13T00:37:08","slug":"preek-zondag-14-oktober-2012","status":"publish","type":"page","link":"https:\/\/www.vergaderingalkmaar.nl\/?page_id=212","title":{"rendered":"Preek zondag 14 oktober 2012"},"content":{"rendered":"<p>      0 false  21  18 pt 18 pt 0 0  false false false               \/* Style Definitions *\/ table.MsoNormalTable \t{mso-style-name:Standaardtabel; \tmso-tstyle-rowband-size:0; \tmso-tstyle-colband-size:0; \tmso-style-noshow:yes; \tmso-style-parent:&#8221;&#8221;; \tmso-padding-alt:0cm 5.4pt 0cm 5.4pt; \tmso-para-margin:0cm; \tmso-para-margin-bottom:.0001pt; \tmso-pagination:widow-orphan; \tfont-size:12.0pt; \tfont-family:&#8221;Times New Roman&#8221;; \tmso-ascii-font-family:Cambria; \tmso-ascii-theme-font:minor-latin; \tmso-hansi-font-family:Cambria; \tmso-hansi-theme-font:minor-latin; \tmso-fareast-language:EN-US;}    <\/p>\n<div style=\"mso-element: para-border-div; border: solid windowtext 1.0pt; mso-border-alt: solid windowtext .5pt; padding: 1.0pt 4.0pt 1.0pt 4.0pt;\">\n<p class=\"MsoNormal\" style=\"text-align: center; mso-pagination: none; mso-layout-grid-align: none; text-autospace: none; border: none; mso-border-alt: solid windowtext .5pt; padding: 0cm; mso-padding-alt: 1.0pt 4.0pt 1.0pt 4.0pt;\" align=\"center\"><span style=\"font-size: 14.0pt; mso-bidi-font-size: 11.0pt; mso-bidi-font-family: Tahoma; color: blue;\">vreest niet, houdt stand,-<\/span><\/p>\n<\/p><\/div>\n<p class=\"MsoNormal\" style=\"mso-pagination: none; mso-layout-grid-align: none; text-autospace: none;\"><span style=\"font-size: 11.0pt; font-family: Tahoma; mso-bidi-font-family: Tahoma;\"> <\/span><\/p>\n<p class=\"MsoNormal\" style=\"mso-pagination: none; mso-layout-grid-align: none; text-autospace: none;\"><span style=\"mso-bidi-font-family: Verdana;\">Over getallen \u2013 en de symboliek ervan \u2013 in de bijbel zijn dikke boeken volgeschreven. En men is daar nog lang niet over uitgesproken. We willen vandaag specifiek nadenken over het getal vijf. Maar eerst een paar wat algemenere opmerkingen.<\/span><\/p>\n<p class=\"MsoNormal\" style=\"mso-pagination: none; mso-layout-grid-align: none; text-autospace: none;\"><span style=\"mso-bidi-font-family: Verdana;\"> <\/span><\/p>\n<p class=\"MsoNormal\" style=\"mso-pagination: none; mso-layout-grid-align: none; text-autospace: none;\"><span style=\"mso-bidi-font-family: Verdana;\">Het getal twee is in onze kringen wel heel bekend. Hoe graag halen wij niet de zinsnede aan \u2018<\/span><span style=\"mso-bidi-font-size: 11.0pt; mso-bidi-font-family: Tahoma; color: red;\">waar twee of drie samengebracht zijn in mijn naam, daar ben ik in hun midden!\u2019<\/span><span style=\"mso-bidi-font-family: Verdana;\"> We eigenen ons dat zelfs wel eens exclusief toe, alsof dat voor onze manier van als gemeente samenkomen bijzondere geldingskracht zou hebben. Maar daarop is wel iets af te dingen.<\/span><\/p>\n<p class=\"MsoNormal\" style=\"mso-pagination: none; mso-layout-grid-align: none; text-autospace: none;\"><span style=\"mso-bidi-font-family: Verdana;\"> <\/span><\/p>\n<div style=\"mso-element: para-border-div; border: solid windowtext 1.0pt; mso-border-alt: solid windowtext .5pt; padding: 1.0pt 4.0pt 1.0pt 4.0pt;\">\n<p class=\"MsoNormal\" style=\"mso-pagination: none; mso-layout-grid-align: none; text-autospace: none; border: none; mso-border-alt: solid windowtext .5pt; padding: 0cm; mso-padding-alt: 1.0pt 4.0pt 1.0pt 4.0pt;\"><em style=\"mso-bidi-font-style: normal;\"><span style=\"mso-bidi-font-family: Verdana;\">Een schoolbestuurder placht de bestuursbijeenkomsten in gebed op te dragen met de bede of God wilde aanwezig zijn omdat er in zijn naam werd vergaderd over schoolzaken. En daar is toch weinig tegenin te brengen, al is er weinig \u2018kerkelijks\u2019 aan!<\/span><\/em><\/p>\n<\/p><\/div>\n<p class=\"MsoNormal\" style=\"mso-pagination: none; mso-layout-grid-align: none; text-autospace: none;\"><span style=\"mso-bidi-font-family: Verdana;\"> <\/span><\/p>\n<p class=\"MsoNormal\" style=\"mso-pagination: none; mso-layout-grid-align: none; text-autospace: none;\"><span style=\"mso-bidi-font-family: Verdana;\">Drie is het getal van de sterke nadruk. Paulus spreekt over geloof, hoop en liefde. De bijbel onderscheidt ziel, geest en lichaam. God is een drie-eenheid. Jezus stond op de derde dag op.<\/span><\/p>\n<p class=\"MsoNormal\" style=\"mso-pagination: none; mso-layout-grid-align: none; text-autospace: none;\"><span style=\"mso-bidi-font-family: Verdana;\">Vier is het getal van de aarde en de aardse uitgestrektheid. In het paradijs zijn vier rivieren. Gods troonwagen in Ezechi\u00ebl heeft vier wezens als vertegenwoordigers van heel de wereld. Er zijn vier evangeli\u00ebn met een wereldwijde strekking. <\/span><\/p>\n<p class=\"MsoNormal\" style=\"mso-pagination: none; mso-layout-grid-align: none; text-autospace: none;\"><span style=\"mso-bidi-font-family: Verdana;\"> <\/span><\/p>\n<p class=\"MsoNormal\" style=\"mso-pagination: none; mso-layout-grid-align: none; text-autospace: none;\"><span style=\"mso-bidi-font-family: Verdana;\">Maar dan het getal vijf. Twee (delen van) Bijbelteksten die dat getal noemen:<\/span><\/p>\n<p class=\"MsoListParagraphCxSpFirst\" style=\"margin-left: 18.0pt; mso-add-space: auto; text-indent: -18.0pt; mso-pagination: none; mso-list: l1 level1 lfo1; mso-layout-grid-align: none; text-autospace: none;\"><span style=\"font-family: Symbol; mso-fareast-font-family: Symbol; mso-bidi-font-family: Symbol;\"><span style=\"mso-list: Ignore;\">\u00b7<span style=\"font: 7.0pt \" New=\"New\" Roman\";\"=\"Roman\";\"\"> <\/span><\/span><\/span><span style=\"mso-bidi-font-family: Verdana;\">Lev. 26: 8<sup>a<\/sup>: <\/span><span style=\"color: red;\">Achtervolgen zullen vijf van u een honderdtal<\/span> <span style=\"mso-bidi-font-family: Verdana;\"><\/span><\/p>\n<p class=\"MsoListParagraphCxSpLast\" style=\"margin-left: 18.0pt; mso-add-space: auto; text-indent: -18.0pt; mso-pagination: none; mso-list: l1 level1 lfo1; mso-layout-grid-align: none; text-autospace: none;\"><span style=\"font-family: Symbol; mso-fareast-font-family: Symbol; mso-bidi-font-family: Symbol;\"><span style=\"mso-list: Ignore;\">\u00b7<span style=\"font: 7.0pt \" New=\"New\" Roman\";\"=\"Roman\";\"\"> <\/span><\/span><\/span><span style=\"mso-bidi-font-family: Verdana;\">1 Sam 17: 40<sup>a<\/sup>: <span style=\"color: red;\">Hij \u2026\u2026.<\/span><\/span><span style=\"mso-bidi-font-size: 11.0pt; mso-bidi-font-family: Tahoma; color: red;\">kiest zich vijf gladde stenen uit de beek,<\/span><span style=\"mso-bidi-font-family: Verdana;\"><\/span><\/p>\n<p class=\"MsoNormal\" style=\"mso-pagination: none; mso-layout-grid-align: none; text-autospace: none;\"><span style=\"mso-bidi-font-family: Verdana;\"> <\/span><\/p>\n<p class=\"MsoNormal\" style=\"mso-pagination: none; mso-layout-grid-align: none; text-autospace: none;\"><span style=\"mso-bidi-font-family: Verdana;\">Vijf is een handvol. We hebben vijf vingers aan elke hand en vijf tenen aan elke voet. We zijn verantwoordelijk wat we doen met onze handen en waar we op onze voeten naartoe gaan. We zijn ook afhankelijk van God in de hemel die onze hand, onze voet stuurt op ons levenspad. Die afhankelijkheid belijden we als we in gebed onze twee maal vijf vingers ineenstrengelen en Gods leiding vragen. \u2018Vijf\u2019 wordt ook genoemd als klein getal waarmee God heel veel kan doen: Jezus voedde vijfduizend man met onder meer slechts vijf broden! <\/span><\/p>\n<p class=\"MsoNormal\" style=\"mso-pagination: none; mso-layout-grid-align: none; text-autospace: none;\"><span style=\"mso-bidi-font-family: Verdana;\"> <\/span><\/p>\n<p class=\"MsoNormal\" style=\"mso-pagination: none; mso-layout-grid-align: none; text-autospace: none;\"><span style=\"mso-bidi-font-family: Verdana;\">In Leviticus 26 is het volk Israel drie maanden uit Egypte weg. In die korte tijd is er al ontzettend veel gebeurd. En het volk heeft te verstaan gekregen dat er zegen volgt als ze het goede doen, maar vervloeking als ze het verkeerde doen. Het volk Israel was toen en is nog steeds een levend wonder. Waarom koos God het volk als zijn volk uit? Vanwege hun verdiensten? Hun goede gedrag? Hun excellente kwaliteiten? <\/span><\/p>\n<p class=\"MsoNormal\" style=\"mso-pagination: none; mso-layout-grid-align: none; text-autospace: none;\"><span style=\"mso-bidi-font-family: Verdana;\">Niks van dat al. God houdt van het volk. Niet dankzij de kwaliteiten ervan, maar eerder ondanks. Hij houdt ervan met een liefde die niet verflauwt als het volk geen wederliefde weet op te brengen.<\/span><\/p>\n<p class=\"MsoNormal\" style=\"mso-pagination: none; mso-layout-grid-align: none; text-autospace: none;\"><span style=\"mso-bidi-font-family: Verdana;\"> <\/span><\/p>\n<div style=\"mso-element: para-border-div; border: solid windowtext 1.0pt; mso-border-alt: solid windowtext .5pt; padding: 1.0pt 4.0pt 1.0pt 4.0pt;\">\n<p class=\"MsoNormal\" style=\"mso-pagination: none; mso-layout-grid-align: none; text-autospace: none; border: none; mso-border-alt: solid windowtext .5pt; padding: 0cm; mso-padding-alt: 1.0pt 4.0pt 1.0pt 4.0pt;\"><em style=\"mso-bidi-font-style: normal;\"><span style=\"mso-bidi-font-size: 11.0pt; mso-bidi-font-family: Tahoma; color: red;\">Maar hoe k\u00e1n ik je prijsgeven, Efra\u00efm, kan ik jou uitleveren, Isra\u00ebl; hoe kan ik je prijsgeven als Adama, je neerzetten als Tsevojiem?- mijn hart zal zich in mij omdraaien, eensgezind zullen mijn barmhartigheden zich roeren.<\/span><\/em><em style=\"mso-bidi-font-style: normal;\"><span style=\"mso-bidi-font-family: Verdana; color: red;\"><\/span><\/em><\/p>\n<\/p><\/div>\n<p class=\"MsoNormal\" style=\"mso-pagination: none; mso-layout-grid-align: none; text-autospace: none;\"><span style=\"mso-bidi-font-family: Verdana;\"> <\/span><\/p>\n<p class=\"MsoNormal\" style=\"mso-pagination: none; mso-layout-grid-align: none; text-autospace: none;\"><span style=\"mso-bidi-font-family: Verdana;\">God spreekt in Leviticus over de situatie dat Israel in vrede zal leven in het beloofde land. Dan kan het natuurlijk gebeuren dat er een vijand opduikt. \u2018Maar dan ben ik erbij\u2019 zegt God. \u2018Hoe groot de overmacht ook is, als jullie 1) de verantwoordelijkheid nemen om te strijden en 2) dat doen in afhankelijkheid van mij, zal je overwinnen!<\/span><\/p>\n<p class=\"MsoNormal\" style=\"mso-pagination: none; mso-layout-grid-align: none; text-autospace: none;\"><span style=\"mso-bidi-font-family: Verdana;\"> <\/span><\/p>\n<p class=\"MsoNormal\" style=\"mso-pagination: none; mso-layout-grid-align: none; text-autospace: none;\"><span style=\"mso-bidi-font-family: Verdana;\">En dan David met z\u2019n vijf steentjes. Al veertig dagen lang tart de Filistijnse kampvechter Goliath de Isra\u00eblieten. Er is geen kampvechter aan de Isra\u00eblische zijde die het gevecht met hem aandurft. Totdat David aankomt in het Isra\u00eblische kamp. Hij is diep verontwaardigd dat er niemand is die het opneemt tegen de Filistijn. Hij kiest vijf (getal van verantwoordelijkheid, van afhankelijkheid en van Gods vermogen om veel te doen met weinig) steentjes. En behaalt daarmee de overwinning voor Israel. <\/span><\/p>\n<p class=\"MsoNormal\" style=\"mso-pagination: none; mso-layout-grid-align: none; text-autospace: none;\"><span style=\"mso-bidi-font-family: Verdana;\"> <\/span><\/p>\n<p class=\"MsoNormal\" style=\"mso-pagination: none; mso-layout-grid-align: none; text-autospace: none;\"><span style=\"mso-bidi-font-family: Verdana;\">Laten we bedenken: als we iets voor God doen:<\/span><\/p>\n<p class=\"MsoListParagraphCxSpFirst\" style=\"text-indent: -18.0pt; mso-pagination: none; mso-list: l0 level1 lfo2; mso-layout-grid-align: none; text-autospace: none;\">\n<ul>\n<li><span style=\"font-family: Symbol; mso-fareast-font-family: Symbol; mso-bidi-font-family: Symbol;\"><span style=\"mso-list: Ignore;\"><span style=\"font: 7.0pt \" New=\"New\" Roman\";\"=\"Roman\";\"\"> <span style=\"white-space: pre;\"> <\/span><\/span><\/span><\/span><span style=\"mso-bidi-font-family: Verdana;\">we zijn verantwoordelijk<\/span><\/li>\n<li><span style=\"font-family: Symbol; mso-fareast-font-family: Symbol; mso-bidi-font-family: Symbol;\"><span style=\"mso-list: Ignore;\"><span style=\"font: 7.0pt \" New=\"New\" Roman\";\"=\"Roman\";\"\"> <span style=\"white-space: pre;\"> <\/span><\/span><\/span><\/span><span style=\"mso-bidi-font-family: Verdana;\">we zijn afhankelijk<\/span><\/li>\n<li><span style=\"font-family: Symbol; mso-fareast-font-family: Symbol; mso-bidi-font-family: Symbol;\"><span style=\"mso-list: Ignore;\"><span style=\"font: 7.0pt \" New=\"New\" Roman\";\"=\"Roman\";\"\"> <span style=\"white-space: pre;\"> <\/span> <\/span><\/span><\/span><span style=\"mso-bidi-font-family: Verdana;\">God kan met het weinige van ons grote dingen doen<\/span><\/li>\n<\/ul>\n<p class=\"MsoListParagraphCxSpLast\" style=\"mso-pagination: none; mso-layout-grid-align: none; text-autospace: none;\"><span style=\"mso-bidi-font-family: Verdana;\"> <\/span><\/p>\n<div style=\"mso-element: para-border-div; border: solid windowtext 1.0pt; mso-border-alt: solid windowtext .5pt; padding: 1.0pt 4.0pt 1.0pt 4.0pt;\">\n<p class=\"MsoNormal\" style=\"text-align: center; mso-pagination: none; mso-layout-grid-align: none; text-autospace: none; border: none; mso-border-alt: solid windowtext .5pt; padding: 0cm; mso-padding-alt: 1.0pt 4.0pt 1.0pt 4.0pt;\" align=\"center\"><span style=\"font-size: 14.0pt; mso-bidi-font-size: 11.0pt; mso-bidi-font-family: Tahoma; color: blue;\">ziet uit naar de redding door de Ene,- die hij heden aan u zal doen;<\/span><span style=\"font-size: 14.0pt; mso-bidi-font-size: 12.0pt; mso-bidi-font-family: Verdana; color: blue;\"><\/span><\/p>\n<\/p><\/div><\/p>\n","protected":false},"excerpt":{"rendered":"<p>0 false 21 18 pt 18 pt 0 0 false false false \/* Style Definitions *\/ table.MsoNormalTable {mso-style-name:Standaardtabel; mso-tstyle-rowband-size:0; mso-tstyle-colband-size:0; mso-style-noshow:yes; mso-style-parent:&#8221;&#8221;; mso-padding-alt:0cm 5.4pt 0cm 5.4pt; mso-para-margin:0cm; mso-para-margin-bottom:.0001pt; mso-pagination:widow-orphan; font-size:12.0pt; font-family:&#8221;Times New Roman&#8221;; mso-ascii-font-family:Cambria; mso-ascii-theme-font:minor-latin; mso-hansi-font-family:Cambria; mso-hansi-theme-font:minor-latin; mso-fareast-language:EN-US;} vreest niet, houdt stand,- Over getallen \u2013 en de symboliek ervan \u2013 in de bijbel zijn dikke &hellip; <\/p>\n<p class=\"link-more\"><a href=\"https:\/\/www.vergaderingalkmaar.nl\/?page_id=212\" class=\"more-link\"><span class=\"screen-reader-text\">&#8220;Preek zondag 14 oktober 2012&#8221;<\/span> verder lezen<\/a><\/p>\n","protected":false},"author":1,"featured_media":0,"parent":588,"menu_order":30,"comment_status":"closed","ping_status":"open","template":"","meta":[],"_links":{"self":[{"href":"https:\/\/www.vergaderingalkmaar.nl\/index.php?rest_route=\/wp\/v2\/pages\/212"}],"collection":[{"href":"https:\/\/www.vergaderingalkmaar.nl\/index.php?rest_route=\/wp\/v2\/pages"}],"about":[{"href":"https:\/\/www.vergaderingalkmaar.nl\/index.php?rest_route=\/wp\/v2\/types\/page"}],"author":[{"embeddable":true,"href":"https:\/\/www.vergaderingalkmaar.nl\/index.php?rest_route=\/wp\/v2\/users\/1"}],"replies":[{"embeddable":true,"href":"https:\/\/www.vergaderingalkmaar.nl\/index.php?rest_route=%2Fwp%2Fv2%2Fcomments&post=212"}],"version-history":[{"count":1,"href":"https:\/\/www.vergaderingalkmaar.nl\/index.php?rest_route=\/wp\/v2\/pages\/212\/revisions"}],"predecessor-version":[{"id":1740,"href":"https:\/\/www.vergaderingalkmaar.nl\/index.php?rest_route=\/wp\/v2\/pages\/212\/revisions\/1740"}],"up":[{"embeddable":true,"href":"https:\/\/www.vergaderingalkmaar.nl\/index.php?rest_route=\/wp\/v2\/pages\/588"}],"wp:attachment":[{"href":"https:\/\/www.vergaderingalkmaar.nl\/index.php?rest_route=%2Fwp%2Fv2%2Fmedia&parent=212"}],"curies":[{"name":"wp","href":"https:\/\/api.w.org\/{rel}","templated":true}]}}