{"id":208,"date":"2012-09-10T19:45:31","date_gmt":"2012-09-10T18:45:31","guid":{"rendered":"http:\/\/www.vergaderingalkmaar.nl\/?page_id=208"},"modified":"2019-11-13T01:37:08","modified_gmt":"2019-11-13T00:37:08","slug":"preek-zondag-9-september-2012","status":"publish","type":"page","link":"https:\/\/www.vergaderingalkmaar.nl\/?page_id=208","title":{"rendered":"Preek zondag 9 september 2012"},"content":{"rendered":"<p>      0 false  21  18 pt 18 pt 0 0  false false false               \/* Style Definitions *\/ table.MsoNormalTable \t{mso-style-name:Standaardtabel; \tmso-tstyle-rowband-size:0; \tmso-tstyle-colband-size:0; \tmso-style-noshow:yes; \tmso-style-parent:&#8221;&#8221;; \tmso-padding-alt:0cm 5.4pt 0cm 5.4pt; \tmso-para-margin:0cm; \tmso-para-margin-bottom:.0001pt; \tmso-pagination:widow-orphan; \tfont-size:12.0pt; \tfont-family:&#8221;Times New Roman&#8221;; \tmso-ascii-font-family:Cambria; \tmso-ascii-theme-font:minor-latin; \tmso-hansi-font-family:Cambria; \tmso-hansi-theme-font:minor-latin; \tmso-fareast-language:EN-US;}    <\/p>\n<div style=\"mso-element: para-border-div; border: solid windowtext 1.0pt; mso-border-alt: solid windowtext .5pt; padding: 1.0pt 4.0pt 1.0pt 4.0pt;\">\n<p class=\"MsoNormal\" style=\"text-align: center; border: none; mso-border-alt: solid windowtext .5pt; padding: 0cm; mso-padding-alt: 1.0pt 4.0pt 1.0pt 4.0pt;\" align=\"center\"><strong style=\"mso-bidi-font-weight: normal;\"><span style=\"font-size: 14.0pt; mso-bidi-font-size: 16.0pt; mso-bidi-font-family: Times; color: blue; mso-ansi-language: EN-US;\" lang=\"EN-US\">D\u2019Almaghtighe is mijn herder, en geleide. <\/span><\/strong><\/p>\n<p class=\"MsoNormal\" style=\"text-align: center; border: none; mso-border-alt: solid windowtext .5pt; padding: 0cm; mso-padding-alt: 1.0pt 4.0pt 1.0pt 4.0pt;\" align=\"center\"><strong style=\"mso-bidi-font-weight: normal;\"><span style=\"font-size: 14.0pt; mso-bidi-font-size: 16.0pt; mso-bidi-font-family: Times; color: blue; mso-ansi-language: EN-US;\" lang=\"EN-US\">Wat is \u2019er datme schort?<\/span><\/strong><strong style=\"mso-bidi-font-weight: normal;\"><span style=\"font-size: 14.0pt; mso-bidi-font-size: 12.0pt; color: blue;\"><\/span><\/strong><\/p>\n<\/p><\/div>\n<p class=\"MsoNormal\">\u00a0<\/p>\n<p class=\"MsoNormal\">Veel bekendere psalmen zijn er niet. En gelezen wordt hij dan ook vaak. Kort is \u2018ie ook. En met bekende beelden die iedereen snapt. En er zijn heel wat prachtige berijmingen van. Psalm 23.<\/p>\n<p class=\"MsoNormal\">\u00a0<\/p>\n<p class=\"MsoNormal\" style=\"mso-pagination: none; mso-layout-grid-align: none; text-autospace: none;\"><span style=\"mso-bidi-font-size: 11.0pt; mso-bidi-font-family: Tahoma; color: red;\">(Een musiceerstuk, van David)<\/span><\/p>\n<p class=\"MsoNormal\" style=\"mso-pagination: none; mso-layout-grid-align: none; text-autospace: none;\"><span style=\"mso-bidi-font-size: 11.0pt; mso-bidi-font-family: Tahoma; color: red;\"> <\/span><\/p>\n<p class=\"MsoListParagraphCxSpFirst\" style=\"margin-left: 18.0pt; mso-add-space: auto; text-indent: -18.0pt; mso-pagination: none; mso-list: l0 level1 lfo1; mso-layout-grid-align: none; text-autospace: none;\"><span style=\"mso-bidi-font-size: 9.0pt; mso-fareast-font-family: Arial; mso-bidi-font-family: Arial; color: red;\"><span style=\"mso-list: Ignore;\">1.<span style=\"font: 7.0pt \" New=\"New\" Roman\";\"=\"Roman\";\"\"> <\/span><\/span><\/span><span style=\"mso-bidi-font-size: 11.0pt; mso-bidi-font-family: Tahoma; color: red;\">De \u00c9ne is mijn h\u00e9rder, m\u00edj zal n\u00edets ontbr\u00e9ken;<span style=\"mso-tab-count: 1;\"> <\/span><\/span><span style=\"mso-bidi-font-size: 9.0pt; mso-bidi-font-family: Verdana; color: red;\"><\/span><\/p>\n<p class=\"MsoListParagraphCxSpMiddle\" style=\"margin-left: 18.0pt; mso-add-space: auto; text-indent: -18.0pt; mso-pagination: none; mso-list: l0 level1 lfo1; mso-layout-grid-align: none; text-autospace: none;\"><span style=\"mso-bidi-font-size: 9.0pt; mso-fareast-font-family: Arial; mso-bidi-font-family: Arial; color: red;\"><span style=\"mso-list: Ignore;\">2.<span style=\"font: 7.0pt \" New=\"New\" Roman\";\"=\"Roman\";\"\"> <\/span><\/span><\/span><span style=\"mso-bidi-font-size: 11.0pt; mso-bidi-font-family: Tahoma; color: red;\">in weiden vol gr\u00f3en vlijt hij mij n\u00e9er, hij voert mij m\u00e9e naar w\u00e1teren van r\u00fast;<span style=\"mso-tab-count: 1;\"> <\/span> <\/span><span style=\"mso-bidi-font-size: 9.0pt; mso-bidi-font-family: Verdana; color: red;\"><\/span><\/p>\n<p class=\"MsoListParagraphCxSpMiddle\" style=\"margin-left: 18.0pt; mso-add-space: auto; text-indent: -18.0pt; mso-pagination: none; mso-list: l0 level1 lfo1; mso-layout-grid-align: none; text-autospace: none;\"><span style=\"mso-bidi-font-size: 9.0pt; mso-fareast-font-family: Arial; mso-bidi-font-family: Arial; color: red;\"><span style=\"mso-list: Ignore;\">3.<span style=\"font: 7.0pt \" New=\"New\" Roman\";\"=\"Roman\";\"\"> <\/span><\/span><\/span><span style=\"mso-bidi-font-size: 11.0pt; mso-bidi-font-family: Tahoma; color: red;\">mijn ziel keert door h\u00e9m in mij ter\u00fag, hij leidt mij in sporen van gerechtigheid omw\u00edlle v\u00e1n zijn n\u00e1am!<\/span><span style=\"mso-bidi-font-size: 9.0pt; mso-bidi-font-family: Verdana; color: red;\"><\/span><\/p>\n<p class=\"MsoListParagraphCxSpMiddle\" style=\"margin-left: 18.0pt; mso-add-space: auto; text-indent: -18.0pt; mso-pagination: none; mso-list: l0 level1 lfo1; mso-layout-grid-align: none; text-autospace: none;\"><span style=\"mso-bidi-font-size: 9.0pt; mso-fareast-font-family: Arial; mso-bidi-font-family: Arial; color: red;\"><span style=\"mso-list: Ignore;\">4.<span style=\"font: 7.0pt \" New=\"New\" Roman\";\"=\"Roman\";\"\"> <\/span><\/span><\/span><span style=\"mso-bidi-font-size: 11.0pt; mso-bidi-font-family: Tahoma; color: red;\">Ook als ik moet gaan door een dal vol schaduw van dood,- kwaad zal ik niet vrezen, want g\u00edj zijt b\u00edj mij; uw staf en uw stok, d\u00ede zullen m\u00edj vertr\u00f3osten.<span style=\"mso-tab-count: 1;\"> <\/span> <\/span><span style=\"mso-bidi-font-size: 9.0pt; mso-bidi-font-family: Verdana; color: red;\"><\/span><\/p>\n<p class=\"MsoListParagraphCxSpMiddle\" style=\"margin-left: 18.0pt; mso-add-space: auto; text-indent: -18.0pt; mso-pagination: none; mso-list: l0 level1 lfo1; mso-layout-grid-align: none; text-autospace: none;\"><span style=\"mso-bidi-font-size: 9.0pt; mso-fareast-font-family: Arial; mso-bidi-font-family: Arial; color: red;\"><span style=\"mso-list: Ignore;\">5.<span style=\"font: 7.0pt \" New=\"New\" Roman\";\"=\"Roman\";\"\"> <\/span><\/span><\/span><span style=\"mso-bidi-font-size: 11.0pt; mso-bidi-font-family: Tahoma; color: red;\">Gij bereidt voor mijn aanschijn een tafel tegen\u00f3ver mijn ben\u00e1uwers; gij zult mijn hoofd betten met olie, mijn b\u00e9ker is \u00f3verv\u00f3l!<span style=\"mso-tab-count: 1;\"> <\/span> <\/span><span style=\"mso-bidi-font-size: 9.0pt; mso-bidi-font-family: Verdana; color: red;\"><\/span><\/p>\n<p class=\"MsoListParagraphCxSpLast\" style=\"margin-left: 18.0pt; mso-add-space: auto; text-indent: -18.0pt; mso-pagination: none; mso-list: l0 level1 lfo1; mso-layout-grid-align: none; text-autospace: none;\"><span style=\"mso-bidi-font-size: 11.0pt; mso-fareast-font-family: Arial; mso-bidi-font-family: Arial; color: red;\"><span style=\"mso-list: Ignore;\">6.<span style=\"font: 7.0pt \" New=\"New\" Roman\";\"=\"Roman\";\"\"> <\/span><\/span><\/span><span style=\"mso-bidi-font-size: 11.0pt; mso-bidi-font-family: Tahoma; color: red;\">Mij achtervolgen slechts goedheid en vriendschap, al de d\u00e1gen van mijn l\u00e9ven; terugkeren mag ik in het huis van de \u00c9ne in l\u00e9ngte van d\u00e1gen!<span style=\"mso-tab-count: 1;\"> <\/span><\/span><\/p>\n<p class=\"MsoNormal\" style=\"mso-pagination: none; mso-layout-grid-align: none; text-autospace: none;\"><span style=\"mso-bidi-font-size: 11.0pt; mso-bidi-font-family: Tahoma; color: red;\"> <\/span><\/p>\n<p class=\"MsoNormal\" style=\"mso-pagination: none; mso-layout-grid-align: none; text-autospace: none;\"><span style=\"mso-bidi-font-size: 11.0pt; mso-bidi-font-family: Tahoma;\">David \u2013 dichter van psalm 23 \u2013 beschrijft zijn God vanuit het perspectief van een schaap dat zijn herder bezingt. Een schaap dat vertelt hoe geweldig die herder wel is. In de verzen 1 t\/m 3 gaat alles voor de wind. Van vragen en zorgen is geen sprake. <\/span><\/p>\n<p class=\"MsoNormal\" style=\"mso-pagination: none; mso-layout-grid-align: none; text-autospace: none;\"><span style=\"mso-bidi-font-size: 11.0pt; mso-bidi-font-family: Tahoma;\">Doen ook wij dat? Vertellen ook wij onbevangen en onbevreesd over de formidabele herder die wij kennen? Zingen wij ook ons geluk uit voor iedereen die dat maar horen wil als we aan onze herder denken?<\/span><\/p>\n<p class=\"MsoNormal\" style=\"mso-pagination: none; mso-layout-grid-align: none; text-autospace: none;\"><span style=\"mso-bidi-font-size: 11.0pt; mso-bidi-font-family: Tahoma;\">In de verzen 4 en 5 vertelt de dichter van de herder in tijden van zorg en tegenspoed. Als alles tegenzit is de zorg van de herder en het contact met hem van allesoverheersend belang. In de relatie met de \u00c9ne<span style=\"color: red;\"> <\/span>ligt heel Davids zekerheid vast. Niet in de zorgeloze gang van zaken. Maar in de zekerheid dat het de \u00c9ne niet uit de hand loopt. En dat aan de einder God ervoor zorg draagt dat het goed is. <\/span><\/p>\n<p class=\"MsoNormal\" style=\"mso-pagination: none; mso-layout-grid-align: none; text-autospace: none;\"><span style=\"mso-bidi-font-size: 11.0pt; mso-bidi-font-family: Tahoma;\">In vers 6 overweegt David de vorige verzen nog eens voor zichzelf. Hij spreekt als het ware zichzelf toe. Hij brengt zich te binnen hoe geweldig gelukkig hij is dat hij deze herder als de zijne heeft. Hoe gelukkig hij is met het vooruitzicht dat de herder je biedt.<\/span><\/p>\n<p class=\"MsoNormal\" style=\"mso-pagination: none; mso-layout-grid-align: none; text-autospace: none;\"><span style=\"mso-bidi-font-size: 11.0pt; mso-bidi-font-family: Tahoma;\">Het is niet elke dag eenvoudig om je zo aan de herder toe te vertrouwen. Maar in je leven ervaar je dat het wel het beste is wat je kunt doen.<\/span><\/p>\n<p class=\"MsoNormal\" style=\"mso-pagination: none; mso-layout-grid-align: none; text-autospace: none;\"><span style=\"mso-bidi-font-size: 11.0pt; mso-bidi-font-family: Tahoma;\"> <\/span><\/p>\n<p class=\"MsoNormal\" style=\"mso-pagination: none; tab-stops: 28.0pt 56.0pt 84.0pt 112.0pt 140.0pt 168.0pt 196.0pt 224.0pt 252.0pt 280.0pt 308.0pt 336.0pt; mso-layout-grid-align: none; text-autospace: none;\"><em style=\"mso-bidi-font-style: normal;\"><span style=\"mso-bidi-font-size: 11.5pt; mso-bidi-font-family: Times; color: blue;\">God is mijn herder, mij zal niets ontbreken; <\/span><\/em><\/p>\n<p class=\"MsoNormal\" style=\"mso-pagination: none; tab-stops: 28.0pt 56.0pt 84.0pt 112.0pt 140.0pt 168.0pt 196.0pt 224.0pt 252.0pt 280.0pt 308.0pt 336.0pt; mso-layout-grid-align: none; text-autospace: none;\"><em style=\"mso-bidi-font-style: normal;\"><span style=\"mso-bidi-font-size: 11.5pt; mso-bidi-font-family: Times; color: blue;\">grazige weiden heeft Hij mij bereid, <\/span><\/em><\/p>\n<p class=\"MsoNormal\" style=\"mso-pagination: none; tab-stops: 28.0pt 56.0pt 84.0pt 112.0pt 140.0pt 168.0pt 196.0pt 224.0pt 252.0pt 280.0pt 308.0pt 336.0pt; mso-layout-grid-align: none; text-autospace: none;\"><em style=\"mso-bidi-font-style: normal;\"><span style=\"mso-bidi-font-size: 11.5pt; mso-bidi-font-family: Times; color: blue;\">mijn ziel verkwikte Hij aan koele beken, <\/span><\/em><\/p>\n<p class=\"MsoNormal\" style=\"mso-pagination: none; tab-stops: 28.0pt 56.0pt 84.0pt 112.0pt 140.0pt 168.0pt 196.0pt 224.0pt 252.0pt 280.0pt 308.0pt 336.0pt; mso-layout-grid-align: none; text-autospace: none;\"><em style=\"mso-bidi-font-style: normal;\"><span style=\"mso-bidi-font-size: 11.5pt; mso-bidi-font-family: Times; color: blue;\">Hij heeft mij in het rechte spoor geleid.<\/span><\/em><\/p>\n<p class=\"MsoNormal\" style=\"mso-pagination: none; tab-stops: 28.0pt 56.0pt 84.0pt 112.0pt 140.0pt 168.0pt 196.0pt 224.0pt 252.0pt 280.0pt 308.0pt 336.0pt; mso-layout-grid-align: none; text-autospace: none;\"><em style=\"mso-bidi-font-style: normal;\"><span style=\"mso-bidi-font-size: 11.5pt; mso-bidi-font-family: Times; color: blue;\"> <\/span><\/em><\/p>\n<p class=\"MsoNormal\" style=\"mso-pagination: none; tab-stops: 28.0pt 56.0pt 84.0pt 112.0pt 140.0pt 168.0pt 196.0pt 224.0pt 252.0pt 280.0pt 308.0pt 336.0pt; mso-layout-grid-align: none; text-autospace: none;\"><em style=\"mso-bidi-font-style: normal;\"><span style=\"mso-bidi-font-size: 11.5pt; mso-bidi-font-family: Times; color: blue;\">Hij wijst mijn pad, zijn Naam is mij een wapen; <\/span><\/em><\/p>\n<p class=\"MsoNormal\" style=\"mso-pagination: none; tab-stops: 28.0pt 56.0pt 84.0pt 112.0pt 140.0pt 168.0pt 196.0pt 224.0pt 252.0pt 280.0pt 308.0pt 336.0pt; mso-layout-grid-align: none; text-autospace: none;\"><em style=\"mso-bidi-font-style: normal;\"><span style=\"mso-bidi-font-size: 11.5pt; mso-bidi-font-family: Times; color: blue;\">al trek ik door een dal van dood en pijn, <\/span><\/em><\/p>\n<p class=\"MsoNormal\" style=\"mso-pagination: none; tab-stops: 28.0pt 56.0pt 84.0pt 112.0pt 140.0pt 168.0pt 196.0pt 224.0pt 252.0pt 280.0pt 308.0pt 336.0pt; mso-layout-grid-align: none; text-autospace: none;\"><em style=\"mso-bidi-font-style: normal;\"><span style=\"mso-bidi-font-size: 11.5pt; mso-bidi-font-family: Times; color: blue;\">ik kan mij nederleggen om te slapen: <\/span><\/em><\/p>\n<p class=\"MsoNormal\" style=\"mso-pagination: none; tab-stops: 28.0pt 56.0pt 84.0pt 112.0pt 140.0pt 168.0pt 196.0pt 224.0pt 252.0pt 280.0pt 308.0pt 336.0pt; mso-layout-grid-align: none; text-autospace: none;\"><em style=\"mso-bidi-font-style: normal;\"><span style=\"mso-bidi-font-size: 11.5pt; mso-bidi-font-family: Times; color: blue;\">zijn sterke staf zal mijn vertroosting zijn.<\/span><\/em><\/p>\n<p class=\"MsoNormal\" style=\"mso-pagination: none; tab-stops: 28.0pt 56.0pt 84.0pt 112.0pt 140.0pt 168.0pt 196.0pt 224.0pt 252.0pt 280.0pt 308.0pt 336.0pt; mso-layout-grid-align: none; text-autospace: none;\"><em style=\"mso-bidi-font-style: normal;\"><span style=\"mso-bidi-font-size: 11.5pt; mso-bidi-font-family: Times; color: blue;\"> <\/span><\/em><\/p>\n<p class=\"MsoNormal\" style=\"mso-pagination: none; tab-stops: 28.0pt 56.0pt 84.0pt 112.0pt 140.0pt 168.0pt 196.0pt 224.0pt 252.0pt 280.0pt 308.0pt 336.0pt; mso-layout-grid-align: none; text-autospace: none;\"><em style=\"mso-bidi-font-style: normal;\"><span style=\"mso-bidi-font-size: 11.5pt; mso-bidi-font-family: Times; color: blue;\">Gij hebt mijns vijands ogen uitgestoken <\/span><\/em><\/p>\n<p class=\"MsoNormal\" style=\"mso-pagination: none; tab-stops: 28.0pt 56.0pt 84.0pt 112.0pt 140.0pt 168.0pt 196.0pt 224.0pt 252.0pt 280.0pt 308.0pt 336.0pt; mso-layout-grid-align: none; text-autospace: none;\"><em style=\"mso-bidi-font-style: normal;\"><span style=\"mso-bidi-font-size: 11.5pt; mso-bidi-font-family: Times; color: blue;\">door feestelijk mij te spijzen waar hij lag; <\/span><\/em><\/p>\n<p class=\"MsoNormal\" style=\"mso-pagination: none; tab-stops: 28.0pt 56.0pt 84.0pt 112.0pt 140.0pt 168.0pt 196.0pt 224.0pt 252.0pt 280.0pt 308.0pt 336.0pt; mso-layout-grid-align: none; text-autospace: none;\"><em style=\"mso-bidi-font-style: normal;\"><span style=\"mso-bidi-font-size: 11.5pt; mso-bidi-font-family: Times; color: blue;\">mijn haren geuren van uw balsemroken, <\/span><\/em><\/p>\n<p class=\"MsoNormal\" style=\"mso-pagination: none; tab-stops: 28.0pt 56.0pt 84.0pt 112.0pt 140.0pt 168.0pt 196.0pt 224.0pt 252.0pt 280.0pt 308.0pt 336.0pt; mso-layout-grid-align: none; text-autospace: none;\"><em style=\"mso-bidi-font-style: normal;\"><span style=\"mso-bidi-font-size: 11.5pt; mso-bidi-font-family: Times; color: blue;\">uw rijkdom vult mijn beker, dag aan dag.<\/span><\/em><\/p>\n<p class=\"MsoNormal\" style=\"mso-pagination: none; tab-stops: 28.0pt 56.0pt 84.0pt 112.0pt 140.0pt 168.0pt 196.0pt 224.0pt 252.0pt 280.0pt 308.0pt 336.0pt; mso-layout-grid-align: none; text-autospace: none;\"><em style=\"mso-bidi-font-style: normal;\"><span style=\"mso-bidi-font-size: 11.5pt; mso-bidi-font-family: Times; color: blue;\"> <\/span><\/em><\/p>\n<p class=\"MsoNormal\" style=\"mso-pagination: none; mso-layout-grid-align: none; text-autospace: none;\"><em style=\"mso-bidi-font-style: normal;\"><span style=\"mso-bidi-font-size: 11.5pt; mso-bidi-font-family: Times; color: blue;\">Ik zal mijn leven lang geen hulp behoeven: <\/span><\/em><\/p>\n<p class=\"MsoNormal\" style=\"mso-pagination: none; mso-layout-grid-align: none; text-autospace: none;\"><em style=\"mso-bidi-font-style: normal;\"><span style=\"mso-bidi-font-size: 11.5pt; mso-bidi-font-family: Times; color: blue;\">geluk en zegen hebt Gij mij bereid <\/span><\/em><\/p>\n<p class=\"MsoNormal\" style=\"mso-pagination: none; mso-layout-grid-align: none; text-autospace: none;\"><em style=\"mso-bidi-font-style: normal;\"><span style=\"mso-bidi-font-size: 11.5pt; mso-bidi-font-family: Times; color: blue;\">tot ik verheerlijkt in uw huis mag toeven, <\/span><\/em><\/p>\n<p class=\"MsoNormal\" style=\"mso-pagination: none; mso-layout-grid-align: none; text-autospace: none;\"><em style=\"mso-bidi-font-style: normal;\"><span style=\"mso-bidi-font-size: 11.5pt; mso-bidi-font-family: Times; color: blue;\">uw licht, uw vrede, -tot in eeuwigheid.<\/span><\/em><\/p>\n<p class=\"MsoNormal\" style=\"mso-pagination: none; mso-layout-grid-align: none; text-autospace: none;\"><em style=\"mso-bidi-font-style: normal;\"><span style=\"mso-bidi-font-size: 11.5pt; mso-bidi-font-family: Times; color: black;\"> <\/span><\/em><\/p>\n<div style=\"mso-element: para-border-div; border: solid windowtext 1.0pt; mso-border-alt: solid windowtext .5pt; padding: 1.0pt 4.0pt 1.0pt 4.0pt;\">\n<p class=\"MsoNormal\" style=\"text-align: center; mso-pagination: none; mso-layout-grid-align: none; text-autospace: none; border: none; mso-border-alt: solid windowtext .5pt; padding: 0cm; mso-padding-alt: 1.0pt 4.0pt 1.0pt 4.0pt;\" align=\"center\"><strong style=\"mso-bidi-font-weight: normal;\"><span style=\"font-size: 14.0pt; mso-bidi-font-size: 16.0pt; mso-bidi-font-family: Times; color: blue; mso-ansi-language: EN-US;\" lang=\"EN-US\">Ick zal Godts huis en zegenrijcken tempel <\/span><\/strong><\/p>\n<p class=\"MsoNormal\" style=\"text-align: center; mso-pagination: none; mso-layout-grid-align: none; text-autospace: none; border: none; mso-border-alt: solid windowtext .5pt; padding: 0cm; mso-padding-alt: 1.0pt 4.0pt 1.0pt 4.0pt;\" align=\"center\"><strong style=\"mso-bidi-font-weight: normal;\"><span style=\"font-size: 14.0pt; mso-bidi-font-size: 16.0pt; mso-bidi-font-family: Times; color: blue; mso-ansi-language: EN-US;\" lang=\"EN-US\">Bewoonen dagh en nacht,<\/span><\/strong><\/p>\n<\/p><\/div><\/p>\n","protected":false},"excerpt":{"rendered":"<p>0 false 21 18 pt 18 pt 0 0 false false false \/* Style Definitions *\/ table.MsoNormalTable {mso-style-name:Standaardtabel; mso-tstyle-rowband-size:0; mso-tstyle-colband-size:0; mso-style-noshow:yes; mso-style-parent:&#8221;&#8221;; mso-padding-alt:0cm 5.4pt 0cm 5.4pt; mso-para-margin:0cm; mso-para-margin-bottom:.0001pt; mso-pagination:widow-orphan; font-size:12.0pt; font-family:&#8221;Times New Roman&#8221;; mso-ascii-font-family:Cambria; mso-ascii-theme-font:minor-latin; mso-hansi-font-family:Cambria; mso-hansi-theme-font:minor-latin; mso-fareast-language:EN-US;} D\u2019Almaghtighe is mijn herder, en geleide. Wat is \u2019er datme schort? \u00a0 Veel bekendere psalmen zijn er &hellip; <\/p>\n<p class=\"link-more\"><a href=\"https:\/\/www.vergaderingalkmaar.nl\/?page_id=208\" class=\"more-link\"><span class=\"screen-reader-text\">&#8220;Preek zondag 9 september 2012&#8221;<\/span> verder lezen<\/a><\/p>\n","protected":false},"author":1,"featured_media":0,"parent":588,"menu_order":34,"comment_status":"closed","ping_status":"open","template":"","meta":[],"_links":{"self":[{"href":"https:\/\/www.vergaderingalkmaar.nl\/index.php?rest_route=\/wp\/v2\/pages\/208"}],"collection":[{"href":"https:\/\/www.vergaderingalkmaar.nl\/index.php?rest_route=\/wp\/v2\/pages"}],"about":[{"href":"https:\/\/www.vergaderingalkmaar.nl\/index.php?rest_route=\/wp\/v2\/types\/page"}],"author":[{"embeddable":true,"href":"https:\/\/www.vergaderingalkmaar.nl\/index.php?rest_route=\/wp\/v2\/users\/1"}],"replies":[{"embeddable":true,"href":"https:\/\/www.vergaderingalkmaar.nl\/index.php?rest_route=%2Fwp%2Fv2%2Fcomments&post=208"}],"version-history":[{"count":1,"href":"https:\/\/www.vergaderingalkmaar.nl\/index.php?rest_route=\/wp\/v2\/pages\/208\/revisions"}],"predecessor-version":[{"id":1736,"href":"https:\/\/www.vergaderingalkmaar.nl\/index.php?rest_route=\/wp\/v2\/pages\/208\/revisions\/1736"}],"up":[{"embeddable":true,"href":"https:\/\/www.vergaderingalkmaar.nl\/index.php?rest_route=\/wp\/v2\/pages\/588"}],"wp:attachment":[{"href":"https:\/\/www.vergaderingalkmaar.nl\/index.php?rest_route=%2Fwp%2Fv2%2Fmedia&parent=208"}],"curies":[{"name":"wp","href":"https:\/\/api.w.org\/{rel}","templated":true}]}}