{"id":201,"date":"2012-07-07T22:11:30","date_gmt":"2012-07-07T21:11:30","guid":{"rendered":"http:\/\/www.vergaderingalkmaar.nl\/?page_id=201"},"modified":"2019-11-13T01:37:08","modified_gmt":"2019-11-13T00:37:08","slug":"preek-zondag-1-juli-2012","status":"publish","type":"page","link":"https:\/\/www.vergaderingalkmaar.nl\/?page_id=201","title":{"rendered":"Preek zondag 1 juli 2012"},"content":{"rendered":"<p>      0 false  21  18 pt 18 pt 0 0  false false false               \/* Style Definitions *\/ table.MsoNormalTable \t{mso-style-name:Standaardtabel; \tmso-tstyle-rowband-size:0; \tmso-tstyle-colband-size:0; \tmso-style-noshow:yes; \tmso-style-parent:&#8221;&#8221;; \tmso-padding-alt:0cm 5.4pt 0cm 5.4pt; \tmso-para-margin:0cm; \tmso-para-margin-bottom:.0001pt; \tmso-pagination:widow-orphan; \tfont-size:12.0pt; \tfont-family:&#8221;Times New Roman&#8221;; \tmso-ascii-font-family:Cambria; \tmso-ascii-theme-font:minor-latin; \tmso-fareast-font-family:&#8221;Times New Roman&#8221;; \tmso-fareast-theme-font:minor-fareast; \tmso-hansi-font-family:Cambria; \tmso-hansi-theme-font:minor-latin;}    <\/p>\n<p class=\"MsoNormal\">\u00a0<\/p>\n<p>       0 false  21  18 pt 18 pt 0 0  false false false               \/* Style Definitions *\/ table.MsoNormalTable \t{mso-style-name:Standaardtabel; \tmso-tstyle-rowband-size:0; \tmso-tstyle-colband-size:0; \tmso-style-noshow:yes; \tmso-style-parent:&#8221;&#8221;; \tmso-padding-alt:0cm 5.4pt 0cm 5.4pt; \tmso-para-margin:0cm; \tmso-para-margin-bottom:.0001pt; \tmso-pagination:widow-orphan; \tfont-size:12.0pt; \tfont-family:&#8221;Times New Roman&#8221;; \tmso-ascii-font-family:Cambria; \tmso-ascii-theme-font:minor-latin; \tmso-fareast-font-family:&#8221;Times New Roman&#8221;; \tmso-fareast-theme-font:minor-fareast; \tmso-hansi-font-family:Cambria; \tmso-hansi-theme-font:minor-latin;}    <\/p>\n<div style=\"mso-element: para-border-div; border: solid windowtext 1.0pt; mso-border-alt: solid windowtext .5pt; padding: 1.0pt 4.0pt 1.0pt 4.0pt;\">\n<p class=\"MsoNormal\" style=\"text-align: center; mso-pagination: none; mso-layout-grid-align: none; text-autospace: none; border: none; mso-border-alt: solid windowtext .5pt; padding: 0cm; mso-padding-alt: 1.0pt 4.0pt 1.0pt 4.0pt;\" align=\"center\"><span style=\"font-size: 14.0pt; mso-bidi-font-size: 11.0pt; mso-bidi-font-family: Tahoma; color: blue;\">Want de tijdelijke lichte last der verdrukking bewerkt voor ons<\/span><span style=\"font-size: 14.0pt; mso-bidi-font-size: 12.0pt; color: blue;\"><\/span><\/p>\n<\/p><\/div>\n<p class=\"MsoNormal\">\u00a0<\/p>\n<p class=\"MsoNormal\" style=\"mso-pagination: none; mso-layout-grid-align: none; text-autospace: none;\"><span style=\"mso-bidi-font-family: Helvetica; color: #343434; mso-bidi-font-weight: bold;\">Het is in de wereld van organisatieadviseurs een klassiek verhaal: Stop een kikker \u2013 een koudbloedig dier \u2013<span style=\"mso-spacerun: yes;\"> <\/span>in een pan kokend water en het dier springt er ogenblikkelijk uit. Zet je echter een kikker in een pan koud water op een laag vuurtje dan blijft het beestje zitten tot hij in zalige onwetendheid dood gaat. <\/span><\/p>\n<p class=\"MsoNormal\" style=\"mso-pagination: none; mso-layout-grid-align: none; text-autospace: none;\"><span style=\"mso-bidi-font-family: Helvetica; color: #343434; mso-bidi-font-weight: bold;\"> <\/span><\/p>\n<p class=\"MsoNormal\" style=\"mso-pagination: none; mso-layout-grid-align: none; text-autospace: none;\"><span style=\"mso-bidi-font-family: Helvetica; color: #343434; mso-bidi-font-weight: bold;\">Herkennen wij christenen daarin iets van ons dagelijks christelijk leven? Het gaat allemaal een rustig en voorspelbaar gangetje. Geen verrassingen en onverwachte dingen. Heerlijk vertrouwd en overzichtelijk allemaal. Of zitten we overdrachtelijk gezien in een pan met opwarmend water en hebben we niks in de gaten? Weten we nog dat we christen zijn? Maakt het ons nog \u2018<em style=\"mso-bidi-font-style: normal;\">geheel anders\u2019<\/em> om met Efeze 4: 20 te spreken? Zien we nog hoe volstrekt uniek het christelijk geloof is? Laten we een paar passages lezen die daarover gaan.<\/span><\/p>\n<p class=\"MsoNormal\" style=\"mso-pagination: none; mso-layout-grid-align: none; text-autospace: none;\"><span style=\"mso-bidi-font-family: Helvetica; color: #343434; mso-bidi-font-weight: bold;\"> <\/span><\/p>\n<p class=\"MsoNormal\" style=\"mso-pagination: none; mso-layout-grid-align: none; text-autospace: none;\"><span style=\"mso-bidi-font-family: Helvetica; color: #343434; mso-bidi-font-weight: bold;\">Joh. 10: 10b: <\/span><span style=\"mso-bidi-font-size: 11.0pt; mso-bidi-font-family: Tahoma; color: red;\">ik kom opdat zij leven hebben en overvloed hebben!-<\/span><span style=\"font-size: 11.0pt; font-family: Tahoma; mso-bidi-font-family: Tahoma;\"><\/span><\/p>\n<p class=\"MsoNormal\" style=\"mso-pagination: none; mso-layout-grid-align: none; text-autospace: none;\"><span style=\"font-size: 11.0pt; font-family: Tahoma; mso-bidi-font-family: Tahoma;\"> <\/span><\/p>\n<p class=\"MsoNormal\" style=\"mso-pagination: none; mso-layout-grid-align: none; text-autospace: none;\"><span style=\"mso-bidi-font-size: 11.0pt; mso-bidi-font-family: Tahoma;\">Wij mensen brengen het er lang niet altijd goed af. Dat begon al met Adam en Eva. Ze faalden om de opdracht van God tot een goed einde te brengen. En er was een middelaar nodig tussen hen en God:<\/span><\/p>\n<p class=\"MsoNormal\" style=\"mso-pagination: none; mso-layout-grid-align: none; text-autospace: none;\"><span style=\"mso-bidi-font-size: 11.0pt; mso-bidi-font-family: Tahoma;\"> <\/span><\/p>\n<p class=\"MsoNormal\" style=\"mso-pagination: none; mso-layout-grid-align: none; text-autospace: none;\"><span style=\"mso-bidi-font-size: 11.0pt; mso-bidi-font-family: Tahoma;\">Rom 5: 12 \u2013 21: <span style=\"color: red;\">Dus zoals dan door een overtreding van \u00e9\u00e9n het voor alle mensen tot veroordeling is gekomen, zo komt het ook door een rechtvaardiging door \u00e9\u00e9n voor alle mensen tot rechtvaardiging ten leven <\/span>(: 18).<\/span><\/p>\n<p class=\"MsoNormal\" style=\"mso-pagination: none; mso-layout-grid-align: none; text-autospace: none;\"><span style=\"mso-bidi-font-size: 11.0pt; mso-bidi-font-family: Tahoma; color: red;\"> <\/span><\/p>\n<p class=\"MsoNormal\" style=\"mso-pagination: none; mso-layout-grid-align: none; text-autospace: none;\"><span style=\"mso-bidi-font-size: 11.0pt; mso-bidi-font-family: Tahoma;\">Aan onze Middelaar danken we werkelijk alles: Rom 5: 1 \u2013 11<span style=\"color: red;\"> Gerechtvaardigd dan uit geloof<\/span><\/span><\/p>\n<p class=\"MsoNormal\" style=\"mso-pagination: none; mso-layout-grid-align: none; text-autospace: none;\"><span style=\"mso-bidi-font-size: 11.0pt; mso-bidi-font-family: Tahoma; color: red;\">hebben wij vrede bij God door onze Heer, Jezus Christus <\/span><span style=\"mso-bidi-font-size: 11.0pt; mso-bidi-font-family: Tahoma;\">(: 1),<span style=\"color: red;\"><\/span><\/span><\/p>\n<p class=\"MsoNormal\" style=\"mso-pagination: none; mso-layout-grid-align: none; text-autospace: none;\"><span style=\"mso-bidi-font-size: 11.0pt; mso-bidi-font-family: Tahoma; color: red;\"> <\/span><\/p>\n<p class=\"MsoNormal\" style=\"mso-pagination: none; mso-layout-grid-align: none; text-autospace: none;\"><span style=\"mso-bidi-font-size: 11.0pt; mso-bidi-font-family: Tahoma;\">Het gevaar dat ons bedreigt is dat deze woorden<span style=\"mso-spacerun: yes;\"> <\/span>zo gewoon worden dat we ons de revolutionaire waarde ervan niet meer realiseren. Hebr. 10: 3 \u2013 13: <span style=\"color: red;\">in die wil zijn wij geheiligd eens-en-voorgoed<\/span><\/span><\/p>\n<p class=\"MsoNormal\" style=\"mso-pagination: none; mso-layout-grid-align: none; text-autospace: none;\"><span style=\"mso-bidi-font-size: 11.0pt; mso-bidi-font-family: Tahoma; color: red;\">door het offer van het lichaam van Jezus Christus <\/span><span style=\"mso-bidi-font-size: 11.0pt; mso-bidi-font-family: Tahoma;\">(: 10).<\/span><\/p>\n<p class=\"MsoNormal\" style=\"mso-pagination: none; mso-layout-grid-align: none; text-autospace: none;\"><span style=\"mso-bidi-font-size: 11.0pt; mso-bidi-font-family: Tahoma; color: red;\"> <\/span><\/p>\n<p class=\"MsoNormal\" style=\"mso-pagination: none; mso-layout-grid-align: none; text-autospace: none;\"><span style=\"mso-bidi-font-size: 11.0pt; mso-bidi-font-family: Tahoma;\">Wij hebben zo nu en dan een aansporing nodig om weer te beseffen wat onze Middelaar voor ons heeft gedaan. Opdat dat weer levend wordt. En soms lijkt het dan alsof God een plons koud water in de warme kom gooit. Om ons wakker te schudden. Om ons uit onze \u2018comfort zone\u2019 te halen. <\/span><\/p>\n<p class=\"MsoNormal\" style=\"mso-pagination: none; mso-layout-grid-align: none; text-autospace: none;\"><span style=\"mso-bidi-font-size: 11.0pt; mso-bidi-font-family: Tahoma;\"> <\/span><\/p>\n<p class=\"MsoNormal\" style=\"mso-pagination: none; mso-layout-grid-align: none; text-autospace: none;\"><span style=\"mso-bidi-font-size: 11.0pt; mso-bidi-font-family: Tahoma;\">Een man die wel heel drastisch uit z\u2019n comfort zone werd gehaald is Job. Alles wat hij had werd \u2018m afgenomen. Zonder dat hij ook maar een idee had van het waarom daarvan. En Job schreeuwt zijn pijn uit naar God. Job 7: 16b \u2013 21 <span style=\"color: red;\">laat af van mij, want een zucht zijn mijn dagen<\/span> (: 16b).<\/span><\/p>\n<p class=\"MsoNormal\" style=\"mso-pagination: none; mso-layout-grid-align: none; text-autospace: none;\"><span style=\"mso-bidi-font-size: 11.0pt; mso-bidi-font-family: Tahoma;\"> <\/span><\/p>\n<p class=\"MsoNormal\" style=\"mso-pagination: none; mso-layout-grid-align: none; text-autospace: none;\"><span style=\"mso-bidi-font-size: 11.0pt; mso-bidi-font-family: Tahoma;\">Maar God heft een bedoeling met Job. Met het opheffen van de comfort zone. In het laatste hoofdstuk blijkt daarvan iets, als Job zegt (:5): <span style=\"color: red;\">Van horen zeggen had ik van u gehoord,- maar nu heeft mijn oog u aanschouwd.<\/span> Job is dichter bij God gekomen. <\/span><\/p>\n<p class=\"MsoNormal\" style=\"mso-pagination: none; mso-layout-grid-align: none; text-autospace: none;\"><span style=\"mso-bidi-font-size: 11.0pt; mso-bidi-font-family: Tahoma;\"> <\/span><\/p>\n<p class=\"MsoNormal\" style=\"mso-pagination: none; mso-layout-grid-align: none; text-autospace: none;\"><span style=\"mso-bidi-font-size: 11.0pt; mso-bidi-font-family: Tahoma;\">God wilde Job wat leren wellicht. Misschien wel dat hij moest bidden voor zijn vrienden. Vrienden die in zijn ellende maar bitter weinig voor hem wisten te betekenen. Waar Job zich allerminst door getroost voelde. En toch bidt hij voor ze (42: 10): <span style=\"color: red;\">Nadat de Ene een k\u00e9\u00e9r gebracht heeft in de kerkering van Job, terwijl hij bidt voor zijn metgezellen,- vermeerdert de Ene al wat Job heeft tot het dubbele.<\/span><\/span><\/p>\n<p class=\"MsoNormal\" style=\"mso-pagination: none; mso-layout-grid-align: none; text-autospace: none;\"><span style=\"mso-bidi-font-size: 11.0pt; mso-bidi-font-family: Tahoma; color: red;\"> <\/span><\/p>\n<p class=\"MsoNormal\" style=\"mso-pagination: none; mso-layout-grid-align: none; text-autospace: none;\"><span style=\"mso-bidi-font-size: 11.0pt; mso-bidi-font-family: Tahoma;\">God brengt een keer in Job\u2019s ellende nadat hij voor zijn vrienden heft gebeden. <\/span><\/p>\n<p class=\"MsoNormal\" style=\"mso-pagination: none; mso-layout-grid-align: none; text-autospace: none;\"><span style=\"mso-bidi-font-size: 11.0pt; mso-bidi-font-family: Tahoma;\"> <\/span><\/p>\n<p class=\"MsoNormal\" style=\"mso-pagination: none; mso-layout-grid-align: none; text-autospace: none;\"><span style=\"mso-bidi-font-size: 11.0pt; mso-bidi-font-family: Tahoma;\">Als God mij uit m\u2019n comfort zone gaat halen, ben ik dan bereid aan te nemen dat het Hem niet uit de hand loopt? Dat Hij een goede bedoeling heeft, al snap ik er niks van? Vertrouw ik God volkomen? En handel ik daar vervolgens ook naar?<\/span><\/p>\n<p class=\"MsoNormal\" style=\"mso-pagination: none; mso-layout-grid-align: none; text-autospace: none;\"><span style=\"mso-bidi-font-size: 11.0pt; mso-bidi-font-family: Tahoma;\"> <\/span><\/p>\n<div style=\"mso-element: para-border-div; border: solid windowtext 1.0pt; mso-border-alt: solid windowtext .5pt; padding: 1.0pt 4.0pt 1.0pt 4.0pt;\">\n<p class=\"MsoNormal\" style=\"text-align: center; mso-pagination: none; mso-layout-grid-align: none; text-autospace: none; border: none; mso-border-alt: solid windowtext .5pt; padding: 0cm; mso-padding-alt: 1.0pt 4.0pt 1.0pt 4.0pt;\" align=\"center\"><span style=\"font-size: 14.0pt; mso-bidi-font-size: 11.0pt; mso-bidi-font-family: Tahoma; color: blue;\">een onovertroffen onovertreffelijk eeuwige zwaarte aan glorie,<\/span><span style=\"font-size: 14.0pt; mso-bidi-font-size: 12.0pt; color: blue;\"><\/span><\/p>\n<\/p><\/div>\n<p class=\"MsoNormal\" style=\"mso-pagination: none; mso-layout-grid-align: none; text-autospace: none;\"><span style=\"mso-bidi-font-size: 11.0pt; mso-bidi-font-family: Tahoma;\"> <\/span><\/p>\n<p class=\"MsoNormal\" style=\"mso-pagination: none; mso-layout-grid-align: none; text-autospace: none;\"><span style=\"font-size: 8.0pt; mso-bidi-font-size: 11.0pt; mso-bidi-font-family: Tahoma;\"> <\/span><\/p>\n<p class=\"MsoNormal\" style=\"mso-pagination: none; mso-layout-grid-align: none; text-autospace: none;\"><span style=\"font-size: 8.0pt; mso-bidi-font-size: 11.0pt; mso-bidi-font-family: Tahoma;\">De woorden uit Job 7 zijn onovertroffen op muziek gezet door de Spaanse componist Christobal de Morales (\u00b1 1500 \u2013 1553): <\/span><span style=\"font-size: 8.0pt; mso-bidi-font-size: 12.0pt; mso-bidi-font-family: Helvetica; mso-bidi-font-weight: bold;\"><a href=\"http:\/\/www.youtube.com\/watch?v=Uk1YMS2M0L4\">http:\/\/www.youtube.com\/watch?v=Uk1YMS2M0L4<\/a> Job 7: 16b \u2013 21 van Christobal de Morales, gezongen door The Hilliard Ensemble (<\/span><span style=\"font-size: 8.0pt; mso-bidi-font-size: 13.0pt; mso-bidi-font-family: Arial; color: #262626;\">Parce mihi Domine, nihil enim sunt dies mei<\/span><span style=\"font-size: 8.0pt; mso-bidi-font-size: 11.0pt; mso-bidi-font-family: Tahoma;\">).<\/span><\/p><\/p>\n","protected":false},"excerpt":{"rendered":"<p>0 false 21 18 pt 18 pt 0 0 false false false \/* Style Definitions *\/ table.MsoNormalTable {mso-style-name:Standaardtabel; mso-tstyle-rowband-size:0; mso-tstyle-colband-size:0; mso-style-noshow:yes; mso-style-parent:&#8221;&#8221;; mso-padding-alt:0cm 5.4pt 0cm 5.4pt; mso-para-margin:0cm; mso-para-margin-bottom:.0001pt; mso-pagination:widow-orphan; font-size:12.0pt; font-family:&#8221;Times New Roman&#8221;; mso-ascii-font-family:Cambria; mso-ascii-theme-font:minor-latin; mso-fareast-font-family:&#8221;Times New Roman&#8221;; mso-fareast-theme-font:minor-fareast; mso-hansi-font-family:Cambria; mso-hansi-theme-font:minor-latin;} \u00a0 0 false 21 18 pt 18 pt 0 0 false false false \/* &hellip; <\/p>\n<p class=\"link-more\"><a href=\"https:\/\/www.vergaderingalkmaar.nl\/?page_id=201\" class=\"more-link\"><span class=\"screen-reader-text\">&#8220;Preek zondag 1 juli 2012&#8221;<\/span> verder lezen<\/a><\/p>\n","protected":false},"author":1,"featured_media":0,"parent":588,"menu_order":41,"comment_status":"closed","ping_status":"open","template":"","meta":[],"_links":{"self":[{"href":"https:\/\/www.vergaderingalkmaar.nl\/index.php?rest_route=\/wp\/v2\/pages\/201"}],"collection":[{"href":"https:\/\/www.vergaderingalkmaar.nl\/index.php?rest_route=\/wp\/v2\/pages"}],"about":[{"href":"https:\/\/www.vergaderingalkmaar.nl\/index.php?rest_route=\/wp\/v2\/types\/page"}],"author":[{"embeddable":true,"href":"https:\/\/www.vergaderingalkmaar.nl\/index.php?rest_route=\/wp\/v2\/users\/1"}],"replies":[{"embeddable":true,"href":"https:\/\/www.vergaderingalkmaar.nl\/index.php?rest_route=%2Fwp%2Fv2%2Fcomments&post=201"}],"version-history":[{"count":1,"href":"https:\/\/www.vergaderingalkmaar.nl\/index.php?rest_route=\/wp\/v2\/pages\/201\/revisions"}],"predecessor-version":[{"id":1729,"href":"https:\/\/www.vergaderingalkmaar.nl\/index.php?rest_route=\/wp\/v2\/pages\/201\/revisions\/1729"}],"up":[{"embeddable":true,"href":"https:\/\/www.vergaderingalkmaar.nl\/index.php?rest_route=\/wp\/v2\/pages\/588"}],"wp:attachment":[{"href":"https:\/\/www.vergaderingalkmaar.nl\/index.php?rest_route=%2Fwp%2Fv2%2Fmedia&parent=201"}],"curies":[{"name":"wp","href":"https:\/\/api.w.org\/{rel}","templated":true}]}}