{"id":20,"date":"2009-11-12T21:44:08","date_gmt":"2009-11-12T20:44:08","guid":{"rendered":"http:\/\/www.vergaderingalkmaar.nl\/?page_id=20"},"modified":"2019-11-13T01:37:04","modified_gmt":"2019-11-13T00:37:04","slug":"preek-8-11-2009","status":"publish","type":"page","link":"https:\/\/www.vergaderingalkmaar.nl\/?page_id=20","title":{"rendered":"Preek 8-11-2009"},"content":{"rendered":"<div style=\"padding-right: 4pt; padding-left: 4pt; padding-bottom: 1pt; padding-top: 1pt; border: windowtext 0.5pt solid;\">\n<p class=\"MsoNormal\" style=\"margin: 0cm 0cm 0pt; text-align: center; mso-border-alt: solid windowtext .5pt; mso-padding-alt: 1.0pt 4.0pt 1.0pt 4.0pt; padding: 0cm;\" align=\"center\"><strong><span style=\"font-size: 12pt; color: blue; mso-ansi-language: NL;\" lang=\"NL\"><span style=\"font-family: Arial;\">Beloftes aan de overwinnaar!<\/span><\/span><\/strong><\/p>\n<h1 style=\"margin: 0cm 0cm 0pt;\"><span lang=\"NL\"><span style=\"color: #0000ff; font-family: Arial;\">Openbaring 2: 12 \u2013 17<\/span><\/span><\/h1>\n<\/p><\/div>\n<p class=\"MsoNormal\" style=\"margin: 0cm 0cm 0pt; text-align: center;\" align=\"center\">\u00a0<\/p>\n<p class=\"MsoNormal\" style=\"margin: 0cm 0cm 0pt;\"><span style=\"mso-ansi-language: NL; mso-bidi-font-family: Arial;\" lang=\"NL\"><span style=\"color: #000000;\"><span style=\"font-family: Arial;\"><span style=\"font-size: x-small;\">In Klein-Azi\u00eb (nu Turkije) waren en veel christelijke gemeenten.Zeven daarvan werden specifiek aan Johannes toegeschreven. Hij stichtte ze wellicht, bezocht ze, droeg zorg voor ze.<\/span><\/span><\/span><\/span><\/p>\n<p class=\"MsoNormal\" style=\"margin: 0cm 0cm 0pt;\"><span style=\"mso-ansi-language: NL; mso-bidi-font-family: Arial;\" lang=\"NL\"><span style=\"color: #000000;\"><span style=\"font-family: Arial;\"><span style=\"font-size: x-small;\">En dan plotseling wordt Johannes verbannen naar Patmos. Daar kan hij niks doen voor zijn gemeenten, ge\u00efsoleerd als hij er was. En hij maakt zich zorgen over hen.<\/span><\/span><\/span><\/span><\/p>\n<p class=\"MsoNormal\" style=\"margin: 0cm 0cm 0pt;\"><span style=\"mso-ansi-language: NL; mso-bidi-font-family: Arial;\" lang=\"NL\"><\/span><\/p>\n<p class=\"MsoNormal\" style=\"margin: 0cm 0cm 0pt;\"><span style=\"mso-ansi-language: NL; mso-bidi-font-family: Arial;\" lang=\"NL\"><span style=\"color: #000000;\"><span style=\"font-family: Arial;\"><span style=\"font-size: x-small;\">Maar dan krijgt Johannes een visioen op Patmos (Op.1). In stralende pracht \u2013 met een gezicht dat feller straat dan de zon \u2013 loopt de Heer zelf tussen zeven standaards door. En zegt \u2018de zeven standaards die ik je laat zien zijn jouw zeven gemeenten.\u2019 Maak jij je maar geen zorgen, Johannes. Ik zal voor de zeven gemeenten zorgen. Zoals ik tussen de standaards doorloop. <\/span><\/span><\/span><\/span><\/p>\n<p class=\"MsoNormal\" style=\"margin: 0cm 0cm 0pt;\"><span style=\"mso-ansi-language: NL; mso-bidi-font-family: Arial;\" lang=\"NL\"><\/span><\/p>\n<p class=\"MsoNormal\" style=\"margin: 0cm 0cm 0pt;\"><span style=\"mso-ansi-language: NL; mso-bidi-font-family: Arial;\" lang=\"NL\"><span style=\"color: #000000;\"><span style=\"font-family: Arial;\"><span style=\"font-size: x-small;\">De derde brief was die aan Pergamum. Nu een ru\u00efne in Klein-Azi\u00eb, naast Bergama. Toen een rijke en machtige stad, gelegen in een land dat als Romeinse provincie zelf recht mocht spreken en de doodstraf zelf kon opleggen en uitvoeren.<\/span><\/span><\/span><\/span><\/p>\n<p class=\"MsoNormal\" style=\"margin: 0cm 0cm 0pt;\"><span style=\"mso-ansi-language: NL; mso-bidi-font-family: Arial;\" lang=\"NL\"><\/span><\/p>\n<p class=\"MsoNormal\" style=\"margin: 0cm 0cm 0pt;\"><span style=\"font-family: Arial;\"><span style=\"font-size: x-small;\"><span style=\"mso-ansi-language: NL; mso-bidi-font-family: Arial;\" lang=\"NL\"><span style=\"color: #000000;\">In dat licht is de aanhef <\/span><em><span style=\"color: red;\">\u2018<\/span><\/em><\/span><em><span style=\"color: red; mso-ansi-language: NL;\" lang=\"NL\">hij die het tweesnijdende scherpe zwaard heeft\u2019<\/span><\/em><span style=\"mso-ansi-language: NL;\" lang=\"NL\"><span style=\"color: #000000;\"> veelzeggend: mijn macht gaat elke wereldlijke macht ver te boven, zegt de Heer!<\/span><\/span><\/span><\/span><\/p>\n<p class=\"MsoNormal\" style=\"margin: 0cm 0cm 0pt;\"><span style=\"mso-ansi-language: NL;\" lang=\"NL\"><\/span><\/p>\n<p class=\"MsoNormal\" style=\"margin: 0cm 0cm 0pt;\"><span style=\"mso-ansi-language: NL;\" lang=\"NL\"><span style=\"font-family: Arial;\"><span style=\"font-size: x-small;\"><span style=\"color: #000000;\">En hij weet precies hoe de situatie van de christenen in Pergamum is: <\/span><span style=\"color: red;\">\u2018<em>ik ken de plaats waar je woont: daar waar de troon van de satan is\u2019 <\/em><\/span><span style=\"color: #000000;\">Die plek is dus levensgevaarlijk voor christenen! Maar de oplossing is niet: weg daar! De Heer laat zijn volgelingen er blijvend wonen. In de wereld, maar niet van de wereld. Net als vandaag de dag. We weten dat de wereld een slechte en gevaarlijke plaats is. Dat we de grens in acht te nemen hebben. Maar we hebben er wel onze plaats.<\/span><\/span><\/span><\/span><\/p>\n<p class=\"MsoNormal\" style=\"margin: 0cm 0cm 0pt;\"><span style=\"mso-ansi-language: NL;\" lang=\"NL\"><\/span><\/p>\n<p class=\"MsoNormal\" style=\"margin: 0cm 0cm 0pt;\"><span style=\"mso-ansi-language: NL;\" lang=\"NL\"><span style=\"font-family: Arial;\"><span style=\"font-size: x-small;\"><span style=\"color: #000000;\">Wat was die troon van satan? Er zijn wel drie mogelijkheden geopperd:<\/span><\/span><\/span><\/span><\/p>\n<p class=\"MsoNormal\" style=\"margin: 0cm 0cm 0pt 18pt; text-indent: -18pt; mso-list: l0 level1 lfo1; tab-stops: list 18.0pt;\"><span style=\"color: #000000;\"><span style=\"font-family: Symbol; mso-ansi-language: NL;\" lang=\"NL\"><span style=\"font-size: x-small;\">\u00b7<\/span><span style=\"font: 7pt \"> <\/span><\/span><span style=\"mso-ansi-language: NL;\" lang=\"NL\"><span style=\"font-family: Arial;\"><span style=\"font-size: x-small;\">Het levensgrote altaar voor Zeus, op een hoge heuvel gelegen en thans te zien in een Berlijns museum;<\/span><\/span><\/span><\/span><\/p>\n<p class=\"MsoNormal\" style=\"margin: 0cm 0cm 0pt 18pt; text-indent: -18pt; mso-list: l0 level1 lfo1; tab-stops: list 18.0pt;\"><span style=\"color: #000000;\"><span style=\"font-family: Symbol; mso-ansi-language: NL;\" lang=\"NL\"><span style=\"font-size: x-small;\">\u00b7<\/span><span style=\"font: 7pt \"> <\/span><\/span><span style=\"mso-ansi-language: NL;\" lang=\"NL\"><span style=\"font-family: Arial;\"><span style=\"font-size: x-small;\">Een geneeskrachtige bron, waarbij zich een heiligdom van Aesculapius bevond. De medische faculteit stond in hoog aanzien (met bij de ingang een bord<span style=\"mso-spacerun: yes;\"> <\/span>\u2018toegang is verboden voor de dood\u2019), maar het was tevens een centrum van prostitutie;<\/span><\/span><\/span><\/span><\/p>\n<p class=\"MsoNormal\" style=\"margin: 0cm 0cm 0pt 18pt; text-indent: -18pt; mso-list: l0 level1 lfo1; tab-stops: list 18.0pt;\"><span style=\"font-family: Symbol; mso-ansi-language: NL;\" lang=\"NL\"><span style=\"color: #000000;\"><span style=\"font-size: x-small;\">\u00b7<\/span><span style=\"font: 7pt \"> <\/span><\/span><\/span><span style=\"mso-ansi-language: NL;\" lang=\"NL\"><span style=\"font-family: Arial;\"><span style=\"font-size: x-small;\"><span style=\"color: #000000;\">Tempel van Trajanus, waar elke inwoner eenmaal \u2019s jaars verplicht was te offeren, onder de belijdenis van \u2018de keizer is heer.\u2019 Voor christenen een onmogelijke opdracht. Al sloten sommigen het compromis om met de mond de tekst hardop uit te spreken, maar in hun hart Jezus te belijden. Een onmogelijk compromis. <br \/>Antipas wilde dat compromis kennelijk niet: hij nam de consequentie van zijn geloof en weigerde de keizer te erkennen als heer. Hij werd ter dood gebracht!<\/span><\/span><\/span><\/span><\/p>\n<p class=\"MsoNormal\" style=\"margin: 0cm 0cm 0pt;\"><span style=\"mso-ansi-language: NL;\" lang=\"NL\"><\/span><\/p>\n<p class=\"MsoNormal\" style=\"margin: 0cm 0cm 0pt;\"><span style=\"mso-ansi-language: NL;\" lang=\"NL\"><span style=\"font-family: Arial;\"><span style=\"font-size: x-small;\"><span style=\"color: #000000;\">Twee dingen heeft de Heer tegen de gelovigen uit Pergamum:<\/span><\/span><\/span><\/span><\/p>\n<p class=\"MsoNormal\" style=\"margin: 0cm 0cm 0pt 18pt; text-indent: -18pt; mso-list: l2 level1 lfo2; tab-stops: list 18.0pt;\"><span style=\"color: #000000;\"><span style=\"font-family: Symbol; mso-ansi-language: NL;\" lang=\"NL\"><span style=\"font-size: x-small;\">\u00b7<\/span><span style=\"font: 7pt \"> <\/span><\/span><span style=\"mso-ansi-language: NL;\" lang=\"NL\"><span style=\"font-family: Arial;\"><span style=\"font-size: x-small;\">Dat sommigen de leer van Bileam volgen (zie Num. 22 \u2013 24). Al de pogingen van koning Balak om Isra\u00ebl vervloekt te krijgen door de profeet Bileam liepen spaak door Gods ingrijpen. Maar tot slot wist Bileam kennelijk toch een sluwe raad te slijten: ga als Moab feestvieren met de Isra\u00eblieten en laat je meisjes vrijen met de Isra\u00eblitische jongens. De straf van God kostte 24.000 Isra\u00eblieten het leven.<\/span><\/span><\/span><\/span><\/p>\n<p class=\"MsoNormal\" style=\"margin: 0cm 0cm 0pt 18pt; text-indent: -18pt; mso-list: l2 level1 lfo2; tab-stops: list 18.0pt;\"><span style=\"color: #000000;\"><span style=\"font-family: Symbol; mso-ansi-language: NL;\" lang=\"NL\"><span style=\"font-size: x-small;\">\u00b7<\/span><span style=\"font: 7pt \"> <\/span><\/span><span style=\"font-family: Arial;\"><span style=\"font-size: x-small;\"><span style=\"mso-ansi-language: NL;\" lang=\"NL\">Leer van de Nikola<\/span><span style=\"mso-ansi-language: NL; mso-bidi-font-family: Arial;\" lang=\"NL\">\u00ef<\/span><span style=\"mso-ansi-language: NL;\" lang=\"NL\">ten. Het instellen van een aparte \u2018laag\u2019 in de christenheid waarmee er een principi\u00eble scheiding kwam tussen de gelovigen en hun leiders.<span style=\"mso-spacerun: yes;\"> <\/span><\/span><\/span><\/span><\/span><\/p>\n<p class=\"MsoNormal\" style=\"margin: 0cm 0cm 0pt;\"><span style=\"mso-ansi-language: NL;\" lang=\"NL\"><\/span><\/p>\n<p class=\"MsoNormal\" style=\"margin: 0cm 0cm 0pt;\"><span style=\"mso-ansi-language: NL;\" lang=\"NL\"><span style=\"font-family: Arial;\"><span style=\"font-size: x-small;\"><span style=\"color: #000000;\">Wie overwint\u2026\u2026Deze woorden leiden tot een blik in de hemel.<\/span><\/span><\/span><\/span><\/p>\n<p class=\"MsoNormal\" style=\"margin: 0cm 0cm 0pt 18pt; text-indent: -18pt; mso-list: l1 level1 lfo3; tab-stops: list 18.0pt;\"><span style=\"color: #000000;\"><span style=\"font-family: Symbol; mso-ansi-language: NL;\" lang=\"NL\"><span style=\"font-size: x-small;\">\u00b7<\/span><span style=\"font: 7pt \"> <\/span><\/span><span style=\"mso-ansi-language: NL;\" lang=\"NL\"><span style=\"font-family: Arial;\"><span style=\"font-size: x-small;\">Daar is het verborgen manna. Daar zijn kenmerken en heerlijkheden van onze Heer, die we in onze aardse tijd nimmer zagen. Daar is ons kennen volkomen, nu ten dele.<\/span><\/span><\/span><\/span><\/p>\n<p class=\"MsoNormal\" style=\"margin: 0cm 0cm 0pt 18pt; text-indent: -18pt; mso-list: l1 level1 lfo3; tab-stops: list 18.0pt;\"><span style=\"color: #000000;\"><span style=\"font-family: Symbol; mso-ansi-language: NL;\" lang=\"NL\"><span style=\"font-size: x-small;\">\u00b7<\/span><span style=\"font: 7pt \"> <\/span><\/span><span style=\"mso-ansi-language: NL;\" lang=\"NL\"><span style=\"font-family: Arial;\"><span style=\"font-size: x-small;\">Daar ontvangen we een witte steen. In de rechtspraak een teken van onschuld. We zullen ook gekleed zijn in wit linnen. Allemaal gelijk aan elkaar, en volmaakt voor God.<\/span><\/span><\/span><\/span><\/p>\n<p class=\"MsoNormal\" style=\"margin: 0cm 0cm 0pt 18pt; text-indent: -18pt; mso-list: l1 level1 lfo3; tab-stops: list 18.0pt;\"><span style=\"color: #000000;\"><span style=\"font-family: Symbol; mso-ansi-language: NL;\" lang=\"NL\"><span style=\"font-size: x-small;\">\u00b7<\/span><span style=\"font: 7pt \"> <\/span><\/span><span style=\"mso-ansi-language: NL;\" lang=\"NL\"><span style=\"font-size: x-small;\"><span style=\"font-family: Arial;\">Daar krijgen we een nieuwe naam. Daar zal God ons laten zien wie we ten diepste voor hem zijn. Daar bereiken we onze uiteindelijke bestemming.<\/span><\/span><\/span><\/span><\/p>\n<div style=\"padding-right: 4pt; padding-left: 4pt; padding-bottom: 1pt; padding-top: 1pt; border: windowtext 0.5pt solid;\">\n<p class=\"MsoBodyText\" style=\"margin: 0cm 0cm 0pt;\"><span style=\"font-size: 12pt; color: blue;\" lang=\"NL\"><strong><span style=\"font-family: Arial;\">Hoe geweldig is het dat God aan het eind van de brief aan Pergamum ons een blik in onze<span style=\"mso-spacerun: yes;\"> <\/span>volmaakte toekomst geeft. Geeft dat werkelijk richting aan ons bestaan op aarde? Aan onze dagelijkse keuzes?<\/span><\/strong><\/span><\/p>\n<\/p><\/div>\n<p><span style=\"font-size: 12pt; color: blue; mso-ansi-language: NL;\" lang=\"NL\"><span style=\"font-family: Arial;\"><img loading=\"lazy\" class=\" size-full wp-image-19\" src=\"http:\/\/www.vergaderingalkmaar.nl\/wp-content\/uploads\/2009\/11\/800px-berlin_-_pergamonmuseum_-_altar_01.jpg\" border=\"0\" width=\"649\" height=\"244\" \/><\/span><\/span><\/p>\n","protected":false},"excerpt":{"rendered":"<p>Beloftes aan de overwinnaar! Openbaring 2: 12 \u2013 17 \u00a0 In Klein-Azi\u00eb (nu Turkije) waren en veel christelijke gemeenten.Zeven daarvan werden specifiek aan Johannes toegeschreven. Hij stichtte ze wellicht, bezocht ze, droeg zorg voor ze. En dan plotseling wordt Johannes verbannen naar Patmos. Daar kan hij niks doen voor zijn gemeenten, ge\u00efsoleerd als hij er &hellip; <\/p>\n<p class=\"link-more\"><a href=\"https:\/\/www.vergaderingalkmaar.nl\/?page_id=20\" class=\"more-link\"><span class=\"screen-reader-text\">&#8220;Preek 8-11-2009&#8221;<\/span> verder lezen<\/a><\/p>\n","protected":false},"author":1,"featured_media":0,"parent":588,"menu_order":142,"comment_status":"closed","ping_status":"open","template":"","meta":[],"_links":{"self":[{"href":"https:\/\/www.vergaderingalkmaar.nl\/index.php?rest_route=\/wp\/v2\/pages\/20"}],"collection":[{"href":"https:\/\/www.vergaderingalkmaar.nl\/index.php?rest_route=\/wp\/v2\/pages"}],"about":[{"href":"https:\/\/www.vergaderingalkmaar.nl\/index.php?rest_route=\/wp\/v2\/types\/page"}],"author":[{"embeddable":true,"href":"https:\/\/www.vergaderingalkmaar.nl\/index.php?rest_route=\/wp\/v2\/users\/1"}],"replies":[{"embeddable":true,"href":"https:\/\/www.vergaderingalkmaar.nl\/index.php?rest_route=%2Fwp%2Fv2%2Fcomments&post=20"}],"version-history":[{"count":1,"href":"https:\/\/www.vergaderingalkmaar.nl\/index.php?rest_route=\/wp\/v2\/pages\/20\/revisions"}],"predecessor-version":[{"id":1567,"href":"https:\/\/www.vergaderingalkmaar.nl\/index.php?rest_route=\/wp\/v2\/pages\/20\/revisions\/1567"}],"up":[{"embeddable":true,"href":"https:\/\/www.vergaderingalkmaar.nl\/index.php?rest_route=\/wp\/v2\/pages\/588"}],"wp:attachment":[{"href":"https:\/\/www.vergaderingalkmaar.nl\/index.php?rest_route=%2Fwp%2Fv2%2Fmedia&parent=20"}],"curies":[{"name":"wp","href":"https:\/\/api.w.org\/{rel}","templated":true}]}}