{"id":198,"date":"2012-05-13T20:04:30","date_gmt":"2012-05-13T19:04:30","guid":{"rendered":"http:\/\/www.vergaderingalkmaar.nl\/?page_id=198"},"modified":"2019-11-13T01:37:08","modified_gmt":"2019-11-13T00:37:08","slug":"preek-zondag-13-mei-2012","status":"publish","type":"page","link":"https:\/\/www.vergaderingalkmaar.nl\/?page_id=198","title":{"rendered":"Preek zondag 13 mei 2012"},"content":{"rendered":"<p>      0 false  21  18 pt 18 pt 0 0  false false false               \/* Style Definitions *\/ table.MsoNormalTable \t{mso-style-name:Standaardtabel; \tmso-tstyle-rowband-size:0; \tmso-tstyle-colband-size:0; \tmso-style-noshow:yes; \tmso-style-parent:&#8221;&#8221;; \tmso-padding-alt:0cm 5.4pt 0cm 5.4pt; \tmso-para-margin:0cm; \tmso-para-margin-bottom:.0001pt; \tmso-pagination:widow-orphan; \tfont-size:12.0pt; \tfont-family:&#8221;Times New Roman&#8221;; \tmso-ascii-font-family:Cambria; \tmso-ascii-theme-font:minor-latin; \tmso-fareast-font-family:&#8221;Times New Roman&#8221;; \tmso-fareast-theme-font:minor-fareast; \tmso-hansi-font-family:Cambria; \tmso-hansi-theme-font:minor-latin;}    <\/p>\n<div style=\"mso-element: para-border-div; border: solid windowtext 1.0pt; mso-border-alt: solid windowtext .5pt; padding: 1.0pt 4.0pt 1.0pt 4.0pt;\">\n<p class=\"MsoNormal\" style=\"text-align: center; mso-pagination: none; tab-stops: 28.0pt 56.0pt 84.0pt 112.0pt 140.0pt 168.0pt 196.0pt 224.0pt 252.0pt 280.0pt 308.0pt 336.0pt; mso-layout-grid-align: none; text-autospace: none; border: none; mso-border-alt: solid windowtext .5pt; padding: 0cm; mso-padding-alt: 1.0pt 4.0pt 1.0pt 4.0pt;\" align=\"center\"><strong style=\"mso-bidi-font-weight: normal;\"><span style=\"font-size: 14.0pt; mso-bidi-font-size: 16.0pt; mso-bidi-font-family: Helvetica; color: blue;\">Boosheid is niet een emmer die je kunt leeggooien en klaar.<\/span><\/strong><\/p>\n<\/p><\/div>\n<p class=\"MsoNormal\" style=\"mso-pagination: none; tab-stops: 28.0pt 56.0pt 84.0pt 112.0pt 140.0pt 168.0pt 196.0pt 224.0pt 252.0pt 280.0pt 308.0pt 336.0pt; mso-layout-grid-align: none; text-autospace: none;\"><strong style=\"mso-bidi-font-weight: normal;\"><span style=\"mso-bidi-font-size: 16.0pt; mso-bidi-font-family: Helvetica; color: #141413;\"> <\/span><\/strong><\/p>\n<p class=\"MsoNormal\" style=\"mso-pagination: none; tab-stops: 28.0pt 56.0pt 84.0pt 112.0pt 140.0pt 168.0pt 196.0pt 224.0pt 252.0pt 280.0pt 308.0pt 336.0pt; mso-layout-grid-align: none; text-autospace: none;\"><strong style=\"mso-bidi-font-weight: normal;\"><span style=\"mso-bidi-font-size: 16.0pt; mso-bidi-font-family: Helvetica; color: #141413;\">In de Bijbel wordt woede als emotie niet genegeerd<\/span><\/strong><\/p>\n<p class=\"MsoNormal\" style=\"mso-pagination: none; tab-stops: 28.0pt 56.0pt 84.0pt 112.0pt 140.0pt 168.0pt 196.0pt 224.0pt 252.0pt 280.0pt 308.0pt 336.0pt; mso-layout-grid-align: none; text-autospace: none;\"><strong style=\"mso-bidi-font-weight: normal;\"><span style=\"mso-bidi-font-size: 16.0pt; mso-bidi-font-family: Helvetica; color: #141413;\"> <\/span><\/strong><\/p>\n<p class=\"MsoNormal\" style=\"mso-pagination: none; tab-stops: 28.0pt 56.0pt 84.0pt 112.0pt 140.0pt 168.0pt 196.0pt 224.0pt 252.0pt 280.0pt 308.0pt 336.0pt; mso-layout-grid-align: none; text-autospace: none;\"><span style=\"mso-bidi-font-size: 9.5pt; mso-bidi-font-family: Times; color: #141413;\">De Bijbel negeert een emotie als woede niet. In Genesis doodt Ka\u00efn zijn broer Abel. Ka\u00efns heftige emoties worden daar beschreven. Nadat op zijn offer geen acht was geslagen, voelde hij zich afgewezen en werd razend, waarbij zijn gelaat betrok (vers 5). Lichaamstaal is vaak de voorbode van agressie en geweld. De woede van Ka\u00efn leidt ertoe dat hij zijn broer doodt. <\/span><\/p>\n<p class=\"MsoNormal\" style=\"mso-pagination: none; tab-stops: 28.0pt 56.0pt 84.0pt 112.0pt 140.0pt 168.0pt 196.0pt 224.0pt 252.0pt 280.0pt 308.0pt 336.0pt; mso-layout-grid-align: none; text-autospace: none;\"><span style=\"mso-bidi-font-size: 9.5pt; mso-bidi-font-family: Times; color: #141413;\">Ook koning Saul krijgt te maken met een woede-uitbarsting. Hier zijn wantrouwen en jaloezie de voorbodes. De koning gaat als een razende tekeer tegen David en probeert hem met zijn speer van het leven te beroven (1 Sam. 18:1\u00ad14). <\/span><\/p>\n<p class=\"MsoNormal\" style=\"mso-pagination: none; tab-stops: 28.0pt 56.0pt 84.0pt 112.0pt 140.0pt 168.0pt 196.0pt 224.0pt 252.0pt 280.0pt 308.0pt 336.0pt; mso-layout-grid-align: none; text-autospace: none;\"><span style=\"mso-bidi-font-size: 9.5pt; mso-bidi-font-family: Times; color: #141413;\">En ook David op zijn beurt ontsnapt niet aan redeloze woede. Lees de geschiedenis in 1 Sam. 25, over David, Nabal en Abiga\u00efl. Als die wijze vrouw niet tussenbeide gekomen was had David moord met voorbedachten rade gepleegd. <\/span><\/p>\n<p class=\"MsoNormal\" style=\"mso-pagination: none; tab-stops: 28.0pt 56.0pt 84.0pt 112.0pt 140.0pt 168.0pt 196.0pt 224.0pt 252.0pt 280.0pt 308.0pt 336.0pt; mso-layout-grid-align: none; text-autospace: none;\"><span style=\"mso-bidi-font-size: 9.5pt; mso-bidi-font-family: Times; color: #141413;\">Naast waarschuwende voorbeelden geeft de Bijbel ook wijze raad: hierna volgen een aantal teksten die van wijsheid getuigen.<\/span><\/p>\n<p class=\"MsoNormal\" style=\"mso-pagination: none; tab-stops: 28.0pt 56.0pt 84.0pt 112.0pt 140.0pt 168.0pt 196.0pt 224.0pt 252.0pt 280.0pt 308.0pt 336.0pt; mso-layout-grid-align: none; text-autospace: none;\"><strong style=\"mso-bidi-font-weight: normal;\"><span style=\"mso-bidi-font-family: Helvetica; color: #141413;\"> <\/span><\/strong><\/p>\n<div style=\"mso-element: para-border-div; border: solid windowtext 1.0pt; mso-border-alt: solid windowtext .5pt; padding: 1.0pt 4.0pt 1.0pt 0cm; margin-left: 21.3pt; margin-right: 46.35pt;\">\n<p class=\"MsoNormal\" style=\"mso-pagination: none; tab-stops: 49.65pt 56.0pt 84.0pt 112.0pt 140.0pt 168.0pt 196.0pt 224.0pt 252.0pt 280.0pt 308.0pt 336.0pt; mso-layout-grid-align: none; text-autospace: none; border: none; mso-border-alt: solid windowtext .5pt; padding: 0cm; mso-padding-alt: 1.0pt 4.0pt 1.0pt 0cm;\"><em style=\"mso-bidi-font-style: normal;\"><span style=\"mso-bidi-font-size: 9.5pt; mso-bidi-font-family: Times; color: #141413;\">Wij christenen hebben vaak moeite om deze emoties bij onszelf te benoemen. Je wilt zo graag een getuige en voorbeeldig christen zijn en bij dat streven past geen woede, denken we dan. De Bijbel leert dat we geen bittere wortel in ons hart moeten toelaten (Hebr. 12:15).<\/span><\/em><strong style=\"mso-bidi-font-weight: normal;\"><em style=\"mso-bidi-font-style: normal;\"><span style=\"mso-bidi-font-size: 16.0pt; mso-bidi-font-family: Helvetica; color: #141413;\"><\/span><\/em><\/strong><\/p>\n<\/p><\/div>\n<p class=\"MsoNormal\" style=\"mso-pagination: none; mso-layout-grid-align: none; text-autospace: none;\"><span style=\"mso-bidi-font-size: 11.0pt; mso-bidi-font-family: Tahoma;\"> <\/span><\/p>\n<p class=\"MsoNormal\" style=\"mso-pagination: none; mso-layout-grid-align: none; text-autospace: none;\"><span style=\"mso-bidi-font-size: 11.0pt; mso-bidi-font-family: Tahoma;\">Weet w\u00e9l, beminde broeders-en-zusters van mij: elke mens moet snel zijn om iets te horen en langzaam om te spreken, langzaam tot toorn; want de toorn van een man bewerkt geen gerechtigheid voor God.<span style=\"mso-tab-count: 1;\"> <\/span><\/span><span style=\"mso-bidi-font-size: 13.0pt; mso-bidi-font-family: Verdana;\"><\/span><\/p>\n<p class=\"MsoNormal\" style=\"mso-pagination: none; mso-outline-level: 1; mso-layout-grid-align: none; text-autospace: none;\"><strong><em><span style=\"mso-bidi-font-size: 13.0pt; mso-bidi-font-family: Verdana;\">Jakobus 1:19,20<\/span><\/em><\/strong><span style=\"mso-bidi-font-size: 13.0pt; mso-bidi-font-family: Verdana;\"><\/span><\/p>\n<p class=\"MsoNormal\" style=\"mso-pagination: none; mso-layout-grid-align: none; text-autospace: none;\"><span style=\"mso-bidi-font-size: 13.0pt; mso-bidi-font-family: Verdana;\"> <\/span><\/p>\n<p class=\"MsoNormal\" style=\"mso-pagination: none; mso-layout-grid-align: none; text-autospace: none;\"><span style=\"mso-bidi-font-size: 11.0pt; mso-bidi-font-family: Tahoma;\">&#8216;weest toornig maar zondigt niet&#8217; (Ps. 4,5): laat de zon over uw toorn niet ondergaan,<\/span><\/p>\n<p class=\"MsoNormal\" style=\"mso-pagination: none; mso-outline-level: 1; mso-layout-grid-align: none; text-autospace: none;\"><strong><em><span style=\"mso-bidi-font-size: 13.0pt; mso-bidi-font-family: Verdana;\">Efezi\u00ebrs 4:26<\/span><\/em><\/strong><span style=\"mso-bidi-font-size: 13.0pt; mso-bidi-font-family: Verdana;\"><\/span><\/p>\n<p class=\"MsoNormal\" style=\"mso-pagination: none; mso-layout-grid-align: none; text-autospace: none;\"><span style=\"mso-bidi-font-size: 13.0pt; mso-bidi-font-family: Verdana;\"> <\/span><\/p>\n<p class=\"MsoNormal\" style=\"mso-pagination: none; mso-layout-grid-align: none; text-autospace: none;\"><span style=\"mso-bidi-font-size: 11.0pt; mso-bidi-font-family: Tahoma;\">Een zacht antwoord keert grimmigheid af,- een pijnlijk woord laat toorn opkomen.<\/span><span style=\"mso-bidi-font-size: 13.0pt; mso-bidi-font-family: Verdana;\"><\/span><\/p>\n<p class=\"MsoNormal\" style=\"mso-pagination: none; mso-outline-level: 1; mso-layout-grid-align: none; text-autospace: none;\"><strong><em><span style=\"mso-bidi-font-size: 13.0pt; mso-bidi-font-family: Verdana;\">Spreuken 15:1<\/span><\/em><\/strong><span style=\"mso-bidi-font-size: 13.0pt; mso-bidi-font-family: Verdana;\"><\/span><\/p>\n<p class=\"MsoNormal\" style=\"mso-pagination: none; mso-layout-grid-align: none; text-autospace: none;\"><span style=\"mso-bidi-font-size: 13.0pt; mso-bidi-font-family: Verdana;\"> <\/span><\/p>\n<p class=\"MsoNormal\" style=\"mso-pagination: none; mso-layout-grid-align: none; text-autospace: none;\"><span style=\"mso-bidi-font-size: 11.0pt; mso-bidi-font-family: Tahoma;\">Als je hater hongert, geef hem je brood te eten,- als hij dorst heeft geef hem je water te drinken; <\/span><span style=\"mso-bidi-font-size: 9.0pt; mso-bidi-font-family: Verdana; color: #e40000;\"><\/span><\/p>\n<p class=\"MsoNormal\" style=\"mso-pagination: none; mso-layout-grid-align: none; text-autospace: none;\"><span style=\"mso-bidi-font-size: 11.0pt; mso-bidi-font-family: Tahoma;\">want zo stapel jij vurige kolen op zijn hoofd,- en de Ene zal het je vergelden.<span style=\"mso-tab-count: 1;\"> <\/span><\/span><span style=\"mso-bidi-font-size: 13.0pt; mso-bidi-font-family: Verdana;\"><\/span><\/p>\n<p class=\"MsoNormal\" style=\"mso-pagination: none; mso-outline-level: 1; mso-layout-grid-align: none; text-autospace: none;\"><strong><em><span style=\"mso-bidi-font-size: 13.0pt; mso-bidi-font-family: Verdana;\">Spreuken 25:21,22<\/span><\/em><\/strong><span style=\"mso-bidi-font-size: 13.0pt; mso-bidi-font-family: Verdana;\"><\/span><\/p>\n<p class=\"MsoNormal\" style=\"mso-pagination: none; mso-layout-grid-align: none; text-autospace: none;\"><span style=\"mso-bidi-font-size: 13.0pt; mso-bidi-font-family: Verdana;\"> <\/span><\/p>\n<p class=\"MsoNormal\" style=\"mso-pagination: none; mso-layout-grid-align: none; text-autospace: none;\"><span style=\"mso-bidi-font-size: 11.0pt; mso-bidi-font-family: Tahoma;\">Want als ge aan de mensen hun misstappen vergeeft, zal uw hemelse Vader ook u vergeven;<\/span><span style=\"mso-bidi-font-size: 13.0pt; mso-bidi-font-family: Verdana;\"><\/span><\/p>\n<p class=\"MsoNormal\" style=\"mso-pagination: none; mso-outline-level: 1; mso-layout-grid-align: none; text-autospace: none;\"><strong><em><span style=\"mso-bidi-font-size: 13.0pt; mso-bidi-font-family: Verdana;\">Matth\u00e9\u00fcs 6:14<\/span><\/em><\/strong><span style=\"mso-bidi-font-size: 13.0pt; mso-bidi-font-family: Verdana;\"><\/span><\/p>\n<p class=\"MsoNormal\" style=\"mso-pagination: none; mso-layout-grid-align: none; text-autospace: none;\"><span style=\"mso-bidi-font-size: 13.0pt; mso-bidi-font-family: Verdana;\"> <\/span><\/p>\n<p class=\"MsoNormal\" style=\"mso-pagination: none; mso-layout-grid-align: none; text-autospace: none;\"><span style=\"mso-bidi-font-size: 11.0pt; mso-bidi-font-family: Tahoma;\">Een lankmoedige is rijk aan goed-verstaan, &#8211; wie kortaf van geest is drijft domheid op.<\/span><\/p>\n<p class=\"MsoNormal\" style=\"mso-pagination: none; mso-layout-grid-align: none; text-autospace: none;\"><strong><em><span style=\"mso-bidi-font-size: 13.0pt; mso-bidi-font-family: Verdana;\">Spreuken 14:29<\/span><\/em><\/strong><span style=\"mso-bidi-font-size: 13.0pt; mso-bidi-font-family: Verdana;\"><\/span><\/p>\n<p class=\"MsoNormal\" style=\"mso-pagination: none; mso-layout-grid-align: none; text-autospace: none;\"><span style=\"mso-bidi-font-size: 13.0pt; mso-bidi-font-family: Verdana;\"> <\/span><\/p>\n<p class=\"MsoNormal\" style=\"mso-pagination: none; mso-layout-grid-align: none; text-autospace: none;\"><span style=\"mso-bidi-font-size: 11.0pt; mso-bidi-font-family: Tahoma;\">Beter lankmoedig dan heldhaftig,- wie zijn geest beheerst is sterker dan wie een stad inneemt.<\/span><span style=\"mso-bidi-font-size: 13.0pt; mso-bidi-font-family: Verdana;\"><\/span><\/p>\n<p class=\"MsoNormal\" style=\"mso-pagination: none; mso-outline-level: 1; mso-layout-grid-align: none; text-autospace: none;\"><strong><em><span style=\"mso-bidi-font-size: 13.0pt; mso-bidi-font-family: Verdana;\">Spreuken 16:32<\/span><\/em><\/strong><span style=\"mso-bidi-font-size: 13.0pt; mso-bidi-font-family: Verdana;\"><\/span><\/p>\n<p class=\"MsoNormal\" style=\"mso-pagination: none; mso-layout-grid-align: none; text-autospace: none;\"><span style=\"mso-bidi-font-size: 13.0pt; mso-bidi-font-family: Verdana;\"> <\/span><\/p>\n<p class=\"MsoNormal\" style=\"mso-pagination: none; mso-layout-grid-align: none; text-autospace: none;\"><span style=\"mso-bidi-font-size: 11.0pt; mso-bidi-font-family: Tahoma;\">wees nooit te snel verbijsterd en ge\u00ebrgerd in je gemoed,- want ergernis rust in de boezem van de dwazen.<\/span><span style=\"mso-bidi-font-size: 13.0pt; mso-bidi-font-family: Verdana;\"><\/span><\/p>\n<p class=\"MsoNormal\" style=\"mso-pagination: none; mso-outline-level: 1; mso-layout-grid-align: none; text-autospace: none;\"><strong><em><span style=\"mso-bidi-font-size: 13.0pt; mso-bidi-font-family: Verdana;\">Prediker 7:9<\/span><\/em><\/strong><span style=\"mso-bidi-font-size: 13.0pt; mso-bidi-font-family: Verdana;\"><\/span><\/p>\n<p class=\"MsoNormal\" style=\"mso-pagination: none; mso-layout-grid-align: none; text-autospace: none;\"><span style=\"mso-bidi-font-size: 13.0pt; mso-bidi-font-family: Verdana;\"> <\/span><\/p>\n<p class=\"MsoNormal\" style=\"mso-pagination: none; mso-layout-grid-align: none; text-autospace: none;\"><span style=\"mso-bidi-font-size: 11.0pt; mso-bidi-font-family: Tahoma;\">niet uzelf wrekend, beminden; nee, geeft plaats aan Gods toorn; want er staat geschreven<\/span><\/p>\n<p class=\"MsoNormal\" style=\"mso-pagination: none; mso-layout-grid-align: none; text-autospace: none;\"><span style=\"mso-bidi-font-size: 11.0pt; mso-bidi-font-family: Tahoma;\">&#8216;aan mij komt wraak toe, ik zal teruggeven&#8217;, zegt de Heer<\/span><span style=\"mso-bidi-font-size: 13.0pt; mso-bidi-font-family: Verdana;\"><\/span><\/p>\n<p class=\"MsoNormal\" style=\"mso-pagination: none; mso-outline-level: 1; mso-layout-grid-align: none; text-autospace: none;\"><strong><em><span style=\"mso-bidi-font-size: 13.0pt; mso-bidi-font-family: Verdana;\">Romeinen 12:19<\/span><\/em><\/strong><span style=\"mso-bidi-font-size: 13.0pt; mso-bidi-font-family: Verdana;\"><\/span><\/p>\n<p class=\"MsoNormal\" style=\"mso-pagination: none; mso-layout-grid-align: none; text-autospace: none;\"><span style=\"mso-bidi-font-size: 13.0pt; mso-bidi-font-family: Verdana;\"> <\/span><\/p>\n<p class=\"MsoNormal\" style=\"mso-pagination: none; mso-layout-grid-align: none; text-autospace: none;\"><span style=\"mso-bidi-font-size: 11.0pt; mso-bidi-font-family: Tahoma;\">Want wij weten wie gezegd heeft: &#8216;aan mij is de wraak, \u00edk zal vergelden&#8217; (Deut. 32,35); en elders: &#8216;de Heer zal zijn gemeente oordelen&#8217; (Ps. 135,14)<\/span><span style=\"mso-bidi-font-size: 13.0pt; mso-bidi-font-family: Verdana;\"><\/span><\/p>\n<p class=\"MsoNormal\" style=\"mso-pagination: none; mso-outline-level: 1; mso-layout-grid-align: none; text-autospace: none;\"><strong><em><span style=\"mso-bidi-font-size: 13.0pt; mso-bidi-font-family: Verdana;\">Hebree\u00ebn 10:30<\/span><\/em><\/strong><span style=\"mso-bidi-font-size: 13.0pt; mso-bidi-font-family: Verdana;\"><\/span><\/p>\n<p class=\"MsoNormal\" style=\"mso-pagination: none; mso-layout-grid-align: none; text-autospace: none;\"><span style=\"mso-bidi-font-size: 13.0pt; mso-bidi-font-family: Verdana;\"> <\/span><\/p>\n<p class=\"MsoNormal\" style=\"mso-pagination: none; mso-layout-grid-align: none; text-autospace: none;\"><span style=\"mso-bidi-font-size: 11.0pt; mso-bidi-font-family: Tahoma;\">Laat alle wrok, drift, toorn, geschreeuw en lastering met alle kwaad van dien van u worden weggenomen, en weest jegens elkaar goedertieren, barmhartig en elkander begenadigend, zoals ook God in Christus u begenadigd heeft!<span style=\"mso-tab-count: 1;\"> <\/span><\/span><span style=\"mso-bidi-font-size: 13.0pt; mso-bidi-font-family: Verdana;\"><\/span><\/p>\n<p class=\"MsoNormal\" style=\"mso-pagination: none; mso-outline-level: 1; mso-layout-grid-align: none; text-autospace: none;\"><strong><em><span style=\"mso-bidi-font-size: 13.0pt; mso-bidi-font-family: Verdana;\">Efezi\u00ebrs 4:31,32<\/span><\/em><\/strong><span style=\"mso-bidi-font-size: 13.0pt; mso-bidi-font-family: Verdana;\"><\/span><\/p>\n<p class=\"MsoNormal\" style=\"mso-pagination: none; mso-layout-grid-align: none; text-autospace: none;\"><span style=\"mso-bidi-font-size: 13.0pt; mso-bidi-font-family: Verdana;\"> <\/span><\/p>\n<p class=\"MsoNormal\" style=\"mso-pagination: none; mso-layout-grid-align: none; text-autospace: none;\"><span style=\"mso-bidi-font-size: 11.0pt; mso-bidi-font-family: Tahoma;\">Een wijze is schroomvallig en wijkt van het kwaad, &#8211; een domkop gaat zich te buiten en waant zich veilig. Wie in de kortste keren vertoornd is zal dwaasheid begaan,- een man met altijd plannetjes zal worden gehaat.<\/span><span style=\"mso-bidi-font-size: 13.0pt; mso-bidi-font-family: Verdana;\"><\/span><\/p>\n<p class=\"MsoNormal\" style=\"mso-pagination: none; mso-outline-level: 1; mso-layout-grid-align: none; text-autospace: none;\"><strong><em><span style=\"mso-bidi-font-size: 13.0pt; mso-bidi-font-family: Verdana;\">Spreuken 14:16,17<\/span><\/em><\/strong><span style=\"mso-bidi-font-size: 13.0pt; mso-bidi-font-family: Verdana;\"><\/span><\/p>\n<p class=\"MsoNormal\" style=\"mso-pagination: none; mso-layout-grid-align: none; text-autospace: none;\"><span style=\"mso-bidi-font-size: 13.0pt; mso-bidi-font-family: Verdana;\"> <\/span><\/p>\n<p class=\"MsoNormal\" style=\"mso-pagination: none; mso-layout-grid-align: none; text-autospace: none;\"><span style=\"mso-bidi-font-size: 11.0pt; mso-bidi-font-family: Tahoma;\">Maar legt nu ook gij dit alles af: toorn, drift, kwaadaardigheid, laster en vuilpraat uit uw mond.<\/span><span style=\"mso-bidi-font-size: 13.0pt; mso-bidi-font-family: Verdana;\"><\/span><\/p>\n<p class=\"MsoNormal\" style=\"mso-pagination: none; mso-outline-level: 1; mso-layout-grid-align: none; text-autospace: none;\"><strong><em><span style=\"mso-bidi-font-size: 13.0pt; mso-bidi-font-family: Verdana;\">Kolossenzen 3:8<\/span><\/em><\/strong><span style=\"mso-bidi-font-size: 13.0pt; mso-bidi-font-family: Verdana;\"><\/span><\/p>\n<p class=\"MsoNormal\" style=\"mso-pagination: none; mso-layout-grid-align: none; text-autospace: none;\"><span style=\"mso-bidi-font-size: 13.0pt; mso-bidi-font-family: Verdana;\"> <\/span><\/p>\n<p class=\"MsoNormal\" style=\"mso-pagination: none; mso-layout-grid-align: none; text-autospace: none;\"><span style=\"mso-bidi-font-size: 11.0pt; mso-bidi-font-family: Tahoma;\">maar ik zeg u dat al wie toornt tegen zijn broeder zal worden uitgeleverd aan het oordeel, en al wie tot zijn broeders zegt raka &#8211; leeghoofd, zal worden uitgeleverd aan het sanhedrin; en al wie zegt: gek!- zal worden uitgeleverd aan de hel van vuur; als je dan je gave offert op het altaar en jij je daar herinnert dat je broeder iets tegen je heeft, l\u00e1\u00e1t je gave daar voor het aanschijn van het altaar en ga eerst heen: verzoen je met je broeder en dan kun je komen en je gave offeren;<\/span><span style=\"mso-bidi-font-size: 13.0pt; mso-bidi-font-family: Verdana;\"><\/span><\/p>\n<p class=\"MsoNormal\" style=\"mso-pagination: none; mso-outline-level: 1; mso-layout-grid-align: none; text-autospace: none;\"><strong><em><span style=\"mso-bidi-font-size: 13.0pt; mso-bidi-font-family: Verdana;\">Matth\u00e9\u00fcs 5:22-24<\/span><\/em><\/strong><span style=\"mso-bidi-font-size: 13.0pt; mso-bidi-font-family: Verdana;\"><\/span><\/p>\n<p class=\"MsoNormal\" style=\"mso-pagination: none; mso-layout-grid-align: none; text-autospace: none;\"><span style=\"mso-bidi-font-size: 13.0pt; mso-bidi-font-family: Verdana;\"> <\/span><\/p>\n<p class=\"MsoNormal\" style=\"mso-pagination: none; mso-layout-grid-align: none; text-autospace: none;\"><span style=\"mso-bidi-font-size: 11.0pt; mso-bidi-font-family: Tahoma;\">Erger je niet, w\u00f3rd niet b\u00edtter, voed geen \u00e1fgunst, het st\u00edcht maar kw\u00e1ad:<\/span><\/p>\n<p class=\"MsoNormal\" style=\"mso-pagination: none; mso-outline-level: 1; mso-layout-grid-align: none; text-autospace: none;\"><strong><em><span style=\"mso-bidi-font-size: 13.0pt; mso-bidi-font-family: Verdana;\">Psalmen 37:8 <\/span><\/em><\/strong><\/p>\n<p class=\"MsoNormal\" style=\"mso-pagination: none; mso-outline-level: 1; mso-layout-grid-align: none; text-autospace: none;\"><strong><em><span style=\"mso-bidi-font-size: 13.0pt; mso-bidi-font-family: Verdana;\"> <\/span><\/em><\/strong><\/p>\n<div style=\"mso-element: para-border-div; border: solid windowtext 1.0pt; mso-border-alt: solid windowtext .5pt; padding: 1.0pt 4.0pt 1.0pt 4.0pt;\">\n<p class=\"MsoNormal\" style=\"text-align: center; mso-pagination: none; mso-outline-level: 1; mso-layout-grid-align: none; text-autospace: none; border: none; mso-border-alt: solid windowtext .5pt; padding: 0cm; mso-padding-alt: 1.0pt 4.0pt 1.0pt 4.0pt;\" align=\"center\"><strong><span style=\"font-size: 14.0pt; mso-bidi-font-size: 13.0pt; mso-bidi-font-family: Verdana; color: blue; mso-bidi-font-style: italic;\">Boosheid is een fabriek. Die moet je stoppen.<\/span><\/strong><\/p>\n<\/p><\/div>\n<p class=\"MsoNormal\" style=\"margin-bottom: 13.0pt; mso-pagination: none; mso-layout-grid-align: none; text-autospace: none;\">\u00a0<\/p><\/p>\n","protected":false},"excerpt":{"rendered":"<p>0 false 21 18 pt 18 pt 0 0 false false false \/* Style Definitions *\/ table.MsoNormalTable {mso-style-name:Standaardtabel; mso-tstyle-rowband-size:0; mso-tstyle-colband-size:0; mso-style-noshow:yes; mso-style-parent:&#8221;&#8221;; mso-padding-alt:0cm 5.4pt 0cm 5.4pt; mso-para-margin:0cm; mso-para-margin-bottom:.0001pt; mso-pagination:widow-orphan; font-size:12.0pt; font-family:&#8221;Times New Roman&#8221;; mso-ascii-font-family:Cambria; mso-ascii-theme-font:minor-latin; mso-fareast-font-family:&#8221;Times New Roman&#8221;; mso-fareast-theme-font:minor-fareast; mso-hansi-font-family:Cambria; mso-hansi-theme-font:minor-latin;} Boosheid is niet een emmer die je kunt leeggooien en klaar. In de Bijbel &hellip; <\/p>\n<p class=\"link-more\"><a href=\"https:\/\/www.vergaderingalkmaar.nl\/?page_id=198\" class=\"more-link\"><span class=\"screen-reader-text\">&#8220;Preek zondag 13 mei 2012&#8221;<\/span> verder lezen<\/a><\/p>\n","protected":false},"author":1,"featured_media":0,"parent":588,"menu_order":44,"comment_status":"closed","ping_status":"open","template":"","meta":[],"_links":{"self":[{"href":"https:\/\/www.vergaderingalkmaar.nl\/index.php?rest_route=\/wp\/v2\/pages\/198"}],"collection":[{"href":"https:\/\/www.vergaderingalkmaar.nl\/index.php?rest_route=\/wp\/v2\/pages"}],"about":[{"href":"https:\/\/www.vergaderingalkmaar.nl\/index.php?rest_route=\/wp\/v2\/types\/page"}],"author":[{"embeddable":true,"href":"https:\/\/www.vergaderingalkmaar.nl\/index.php?rest_route=\/wp\/v2\/users\/1"}],"replies":[{"embeddable":true,"href":"https:\/\/www.vergaderingalkmaar.nl\/index.php?rest_route=%2Fwp%2Fv2%2Fcomments&post=198"}],"version-history":[{"count":1,"href":"https:\/\/www.vergaderingalkmaar.nl\/index.php?rest_route=\/wp\/v2\/pages\/198\/revisions"}],"predecessor-version":[{"id":1726,"href":"https:\/\/www.vergaderingalkmaar.nl\/index.php?rest_route=\/wp\/v2\/pages\/198\/revisions\/1726"}],"up":[{"embeddable":true,"href":"https:\/\/www.vergaderingalkmaar.nl\/index.php?rest_route=\/wp\/v2\/pages\/588"}],"wp:attachment":[{"href":"https:\/\/www.vergaderingalkmaar.nl\/index.php?rest_route=%2Fwp%2Fv2%2Fmedia&parent=198"}],"curies":[{"name":"wp","href":"https:\/\/api.w.org\/{rel}","templated":true}]}}