{"id":194,"date":"2012-04-15T16:19:12","date_gmt":"2012-04-15T15:19:12","guid":{"rendered":"http:\/\/www.vergaderingalkmaar.nl\/?page_id=194"},"modified":"2019-11-13T01:37:08","modified_gmt":"2019-11-13T00:37:08","slug":"preek-zondag-15-april-2012","status":"publish","type":"page","link":"https:\/\/www.vergaderingalkmaar.nl\/?page_id=194","title":{"rendered":"Preek zondag 15 april 2012"},"content":{"rendered":"<p>      0 false  21  18 pt 18 pt 0 0  false false false               \/* Style Definitions *\/ table.MsoNormalTable \t{mso-style-name:Standaardtabel; \tmso-tstyle-rowband-size:0; \tmso-tstyle-colband-size:0; \tmso-style-noshow:yes; \tmso-style-parent:&#8221;&#8221;; \tmso-padding-alt:0cm 5.4pt 0cm 5.4pt; \tmso-para-margin:0cm; \tmso-para-margin-bottom:.0001pt; \tmso-pagination:widow-orphan; \tfont-size:12.0pt; \tfont-family:&#8221;Times New Roman&#8221;; \tmso-ascii-font-family:Cambria; \tmso-ascii-theme-font:minor-latin; \tmso-hansi-font-family:Cambria; \tmso-hansi-theme-font:minor-latin; \tmso-fareast-language:EN-US;}    <\/p>\n<div style=\"mso-element: para-border-div; border: solid windowtext 1.0pt; mso-border-alt: solid windowtext .5pt; padding: 1.0pt 4.0pt 1.0pt 4.0pt;\">\n<p class=\"MsoNormal\" style=\"text-align: center; mso-pagination: none; mso-layout-grid-align: none; text-autospace: none; border: none; mso-border-alt: solid windowtext .5pt; padding: 0cm; mso-padding-alt: 1.0pt 4.0pt 1.0pt 4.0pt;\" align=\"center\"><span style=\"font-size: 14.0pt; mso-bidi-font-size: 11.0pt; mso-bidi-font-family: Tahoma; color: blue;\">jij bent mijn beminde zoon,<\/span><\/p>\n<\/p><\/div>\n<p class=\"MsoNormal\">\u00a0<\/p>\n<p class=\"MsoNormal\">\u201cDe bijbel spreekt op elke bladzijde over Jezus Christus\u201d is een bekende uitspraak. De zin van de Bijbelverhalen is niet louter en alleen maar de daarin beschreven geschiedenis zelf. Elk Bijbelverhaal wijst ergens naar toe, en dat is voor wie het zien wil altijd Jezus Christus. Met een citaat zou je kunnen zeggen \u201c<span style=\"mso-bidi-font-family: Arial;\">Lees maar, er staat niet wat er staat.\u201d Lezen achter de letters, daar gaat het dan om. Een verdieping extra spitten. De geschiedenissen in perspectief brengen. <\/span><\/p>\n<p class=\"MsoNormal\"><span style=\"mso-bidi-font-size: 13.0pt; mso-bidi-font-family: Arial; color: #1a1a18;\">Elk verhaal, elke genealogie, elk getal, elke bladzijde, elk detail spreekt over onze Heer en Verlosser. <\/span><\/p>\n<p class=\"MsoNormal\"><span style=\"mso-bidi-font-size: 13.0pt; mso-bidi-font-family: Arial; color: #1a1a18;\"> <\/span><\/p>\n<p class=\"MsoNormal\"><span style=\"mso-bidi-font-size: 13.0pt; mso-bidi-font-family: Arial; color: #1a1a18;\">Laten we een paar voorbeelden nagaan.<\/span><\/p>\n<p class=\"MsoListParagraphCxSpFirst\" style=\"margin-left: 18.0pt; mso-add-space: auto; text-indent: -18.0pt; mso-pagination: none; mso-list: l0 level1 lfo1; mso-layout-grid-align: none; text-autospace: none;\"><span style=\"font-family: Symbol; mso-fareast-font-family: Symbol; mso-bidi-font-family: Symbol;\"><span style=\"mso-list: Ignore;\">\u00b7<span style=\"font: 7.0pt \" New=\"New\" Roman\";\"=\"Roman\";\"\"> <\/span><\/span><\/span>Al op de eerste bladzijde van de bijbel lezen we: <span style=\"color: red;\">Dan zegt God: kome er licht!- en er k\u00f3mt licht. God ziet het licht aan: ja, het is goed!<\/span> Het is Jezus zelf die daaraan refereert, als hij zegt (Joh. 8: 12): <span style=\"color: red;\">Als Jezus dan weer tot hen spreekt zegt hij: ik ben het licht der wereld,<\/span><span style=\"mso-tab-count: 1;\"> <\/span><\/p>\n<p class=\"MsoListParagraphCxSpMiddle\" style=\"margin-left: 18.0pt; mso-add-space: auto; text-indent: -18.0pt; mso-pagination: none; mso-list: l0 level1 lfo1; mso-layout-grid-align: none; text-autospace: none;\"><span style=\"font-family: Symbol; mso-fareast-font-family: Symbol; mso-bidi-font-family: Symbol;\"><span style=\"mso-list: Ignore;\">\u00b7<span style=\"font: 7.0pt \" New=\"New\" Roman\";\"=\"Roman\";\"\"> <\/span><\/span><\/span>Aan het eind van Genesis 1 overziet God de schepping en dan staat er <span style=\"color: red;\">God beziet het, al wat hij heeft gemaakt en zie, het is z\u00e9\u00e9r goed!- <\/span>In 1 Cor 15: 28 wordt het einde van de geschiedenis beschreven, als God alles en in allen is. Daar wijst Genesis al vaan vooruit.<\/p>\n<p class=\"MsoListParagraphCxSpMiddle\" style=\"margin-left: 18.0pt; mso-add-space: auto; text-indent: -18.0pt; mso-list: l0 level1 lfo1;\"><span style=\"font-family: Symbol; mso-fareast-font-family: Symbol; mso-bidi-font-family: Symbol;\"><span style=\"mso-list: Ignore;\">\u00b7<span style=\"font: 7.0pt \" New=\"New\" Roman\";\"=\"Roman\";\"\"> <\/span><\/span><\/span><span style=\"mso-bidi-font-size: 13.0pt; mso-bidi-font-family: Arial; color: #1a1a18;\">In het eerste boek van de Bijbel, Genesis, vinden we \u00e9\u00e9n van de meer bekende profetie\u00ebn over het Lam van God. In Genesis 22 gebiedt God Abraham om zijn geliefde zoon Isaac als een offergave op te offeren.<\/span><\/p>\n<p class=\"MsoListParagraphCxSpMiddle\" style=\"margin-left: 18.0pt; mso-add-space: auto; text-indent: -18.0pt; mso-list: l0 level1 lfo1;\"><span style=\"font-family: Symbol; mso-fareast-font-family: Symbol; mso-bidi-font-family: Symbol;\"><span style=\"mso-list: Ignore;\">\u00b7<span style=\"font: 7.0pt \" New=\"New\" Roman\";\"=\"Roman\";\"\"> <\/span><\/span><\/span><span style=\"mso-bidi-font-size: 13.0pt; mso-bidi-font-family: Arial; color: #1a1a18;\">De geschiedenis van jozef is ook zo\u2019n duidelijke verwijzing. Jozef wordt door zijn broers verworpen, zoals de Heer Jezus door zijn volksgenoten werd veracht. Maar als er hongersnood is verwijst de Farao de mensen naar Jozef; bij hem is redding voor de hongerdood. Zo ook wijst God de vader naar zijn Zoon, als redder van de wereld.<\/span><\/p>\n<p class=\"MsoListParagraphCxSpMiddle\" style=\"margin-left: 18.0pt; mso-add-space: auto; text-indent: -18.0pt; mso-list: l0 level1 lfo1;\"><span style=\"font-family: Symbol; mso-fareast-font-family: Symbol; mso-bidi-font-family: Symbol;\"><span style=\"mso-list: Ignore;\">\u00b7<span style=\"font: 7.0pt \" New=\"New\" Roman\";\"=\"Roman\";\"\"> <\/span><\/span><\/span><span style=\"mso-bidi-font-size: 13.0pt; mso-bidi-font-family: Arial; color: #1a1a18;\">De offers in Leviticus wijzen vooruit naar het grote en allesomvattende offer van Jezus Christus. Alle facetten daarvan worden belicht in het brandoffer, het vredesoffer, het spijsoffer, het dankoffer en het zond- en schuldoffer. <\/span><\/p>\n<p class=\"MsoListParagraphCxSpMiddle\" style=\"margin-left: 18.0pt; mso-add-space: auto; text-indent: -18.0pt; mso-list: l0 level1 lfo1;\"><span style=\"font-family: Symbol; mso-fareast-font-family: Symbol; mso-bidi-font-family: Symbol;\"><span style=\"mso-list: Ignore;\">\u00b7<span style=\"font: 7.0pt \" New=\"New\" Roman\";\"=\"Roman\";\"\"> <\/span><\/span><\/span><span style=\"mso-bidi-font-size: 13.0pt; mso-bidi-font-family: Arial; color: #1a1a18;\">De Isra\u00eblieten gebruikten de tabernakel voor de eredienst aan God tijdens hun reis door de woestijn. <\/span><span style=\"mso-bidi-font-size: 13.0pt; mso-bidi-font-family: Helvetica;\">Het &#8216;model&#8217; van de tabernakel werd volgens het Bijbelverhaal door God zelf aan Mozes getoond op de berg Horeb. Mozes moest alles wat hij zag precies opschrijven en bekendmaken aan de Isra\u00eblieten, en dezen moesten vervolgens nauwkeurig aan de hand van deze beschrijving de tabernakel vervaardigen en opbouwen. En al de delen van de tabernakel en al de voorwerpen erin spreken van Jezus Christus<\/span><\/p>\n<p class=\"MsoListParagraphCxSpMiddle\" style=\"margin-left: 54.0pt; mso-add-space: auto; text-indent: -18.0pt; mso-list: l0 level2 lfo1;\"><span style=\"font-family: \" New\";=\"New\";\" mso-fareast-font-family:=\"mso-fareast-font-family:\" \"Courier=\"\"Courier\" New\";=\"New\";\" mso-bidi-font-family:=\"mso-bidi-font-family:\" \"Courier=\"\"Courier\" New\";\"=\"New\";\"\"><span style=\"mso-list: Ignore;\">o<span style=\"font: 7.0pt \" New=\"New\" Roman\";\"=\"Roman\";\"\"> <\/span><\/span><\/span><span style=\"mso-bidi-font-size: 13.0pt; mso-bidi-font-family: Arial; color: #1a1a18;\">Ik ben de deur<\/span><\/p>\n<p class=\"MsoListParagraphCxSpMiddle\" style=\"margin-left: 54.0pt; mso-add-space: auto; text-indent: -18.0pt; mso-list: l0 level2 lfo1;\"><span style=\"font-family: \" New\";=\"New\";\" mso-fareast-font-family:=\"mso-fareast-font-family:\" \"Courier=\"\"Courier\" New\";=\"New\";\" mso-bidi-font-family:=\"mso-bidi-font-family:\" \"Courier=\"\"Courier\" New\";\"=\"New\";\"\"><span style=\"mso-list: Ignore;\">o<span style=\"font: 7.0pt \" New=\"New\" Roman\";\"=\"Roman\";\"\"> <\/span><\/span><\/span><span style=\"mso-bidi-font-size: 13.0pt; mso-bidi-font-family: Arial; color: #1a1a18;\">Het wasvat voor de reiniging<\/span><\/p>\n<p class=\"MsoListParagraphCxSpMiddle\" style=\"margin-left: 54.0pt; mso-add-space: auto; text-indent: -18.0pt; mso-list: l0 level2 lfo1;\"><span style=\"font-family: \" New\";=\"New\";\" mso-fareast-font-family:=\"mso-fareast-font-family:\" \"Courier=\"\"Courier\" New\";=\"New\";\" mso-bidi-font-family:=\"mso-bidi-font-family:\" \"Courier=\"\"Courier\" New\";\"=\"New\";\"\"><span style=\"mso-list: Ignore;\">o<span style=\"font: 7.0pt \" New=\"New\" Roman\";\"=\"Roman\";\"\"> <\/span><\/span><\/span>Het heilige der heiligen met zijn volmaakte vorm<\/p>\n<p class=\"MsoListParagraphCxSpMiddle\" style=\"margin-left: 18.0pt; mso-add-space: auto; text-indent: -18.0pt; mso-list: l0 level1 lfo1;\"><span style=\"font-family: Symbol; mso-fareast-font-family: Symbol; mso-bidi-font-family: Symbol;\"><span style=\"mso-list: Ignore;\">\u00b7<span style=\"font: 7.0pt \" New=\"New\" Roman\";\"=\"Roman\";\"\"> <\/span><\/span><\/span>Ook in de psalmen, po\u00ebzie, gaat het om Jezus Christus. Bijvoorbeeld psalm 2:<\/p>\n<p class=\"MsoListParagraphCxSpMiddle\" style=\"margin-left: 54.0pt; mso-add-space: auto; text-indent: -18.0pt; mso-pagination: none; mso-list: l0 level2 lfo1; mso-layout-grid-align: none; text-autospace: none;\"><span style=\"font-family: \" New\";=\"New\";\" mso-fareast-font-family:=\"mso-fareast-font-family:\" \"Courier=\"\"Courier\" New\";=\"New\";\" mso-bidi-font-family:=\"mso-bidi-font-family:\" \"Courier=\"\"Courier\" New\";\"=\"New\";\"\"><span style=\"mso-list: Ignore;\">o<span style=\"font: 7.0pt \" New=\"New\" Roman\";\"=\"Roman\";\"\"> <\/span><\/span><\/span>In vers 2 gaat het over <span style=\"mso-bidi-font-size: 11.0pt; mso-bidi-font-family: Tahoma;\">de <span style=\"color: red;\">\u00c9ne en z\u00edjn gez\u00e1lfde!<\/span><\/span>: het beeld van God en van Christus<\/p>\n<p class=\"MsoListParagraphCxSpMiddle\" style=\"margin-left: 54.0pt; mso-add-space: auto; text-indent: -18.0pt; mso-pagination: none; mso-list: l0 level2 lfo1; mso-layout-grid-align: none; text-autospace: none;\"><span style=\"font-family: \" New\";=\"New\";\" mso-fareast-font-family:=\"mso-fareast-font-family:\" \"Courier=\"\"Courier\" New\";=\"New\";\" mso-bidi-font-family:=\"mso-bidi-font-family:\" \"Courier=\"\"Courier\" New\";\"=\"New\";\"\"><span style=\"mso-list: Ignore;\">o<span style=\"font: 7.0pt \" New=\"New\" Roman\";\"=\"Roman\";\"\"> <\/span><\/span><\/span>In vers 7 kondigt de geboorte van Jezus aan: <span style=\"mso-bidi-font-size: 11.0pt; mso-bidi-font-family: Tahoma; color: red;\">&#8216;j\u00edj bent mijn z\u00f3on, vandaag bracht \u00edk jou \u00f3p de w\u00e9reld!<\/span><span style=\"mso-bidi-font-size: 11.0pt; mso-bidi-font-family: Tahoma;\">&#8211;<\/span><\/p>\n<p class=\"MsoListParagraphCxSpMiddle\" style=\"margin-left: 54.0pt; mso-add-space: auto; text-indent: -18.0pt; mso-pagination: none; mso-list: l0 level2 lfo1; mso-layout-grid-align: none; text-autospace: none;\"><span style=\"font-family: \" New\";=\"New\";\" mso-fareast-font-family:=\"mso-fareast-font-family:\" \"Courier=\"\"Courier\" New\";=\"New\";\" mso-bidi-font-family:=\"mso-bidi-font-family:\" \"Courier=\"\"Courier\" New\";\"=\"New\";\"\"><span style=\"mso-list: Ignore;\">o<span style=\"font: 7.0pt \" New=\"New\" Roman\";\"=\"Roman\";\"\"> <\/span><\/span><\/span><span style=\"mso-bidi-font-size: 11.0pt; mso-bidi-font-family: Tahoma;\">In vers 8 laat God weten dat zijn Zoon alle heerschappij zal krijgen: <span style=\"color: red;\">en ik geef v\u00f3lken jou ten \u00e9rfdeel, jou in eigendom de r\u00e1nden v\u00e1n de \u00e1arde!<\/span>&#8211;<\/span><\/p>\n<p class=\"MsoListParagraphCxSpMiddle\" style=\"margin-left: 18.0pt; mso-add-space: auto; text-indent: -18.0pt; mso-pagination: none; mso-list: l0 level1 lfo1; mso-layout-grid-align: none; text-autospace: none;\"><span style=\"font-family: Symbol; mso-fareast-font-family: Symbol; mso-bidi-font-family: Symbol;\"><span style=\"mso-list: Ignore;\">\u00b7<span style=\"font: 7.0pt \" New=\"New\" Roman\";\"=\"Roman\";\"\"> <\/span><\/span><\/span><span style=\"mso-bidi-font-size: 11.0pt; mso-bidi-font-family: Tahoma;\">En hoe duidelijk is psalm 22:<\/span><\/p>\n<p class=\"MsoListParagraphCxSpMiddle\" style=\"margin-left: 54.0pt; mso-add-space: auto; text-indent: -18.0pt; mso-pagination: none; mso-list: l0 level2 lfo1; mso-layout-grid-align: none; text-autospace: none;\"><span style=\"font-family: \" New\";=\"New\";\" mso-fareast-font-family:=\"mso-fareast-font-family:\" \"Courier=\"\"Courier\" New\";=\"New\";\" mso-bidi-font-family:=\"mso-bidi-font-family:\" \"Courier=\"\"Courier\" New\";\"=\"New\";\"\"><span style=\"mso-list: Ignore;\">o<span style=\"font: 7.0pt \" New=\"New\" Roman\";\"=\"Roman\";\"\"> <\/span><\/span><\/span><span style=\"mso-bidi-font-size: 11.0pt; mso-bidi-font-family: Tahoma;\">Vers 2: <span style=\"color: red;\">Mijn God, mijn God, w\u00e1arom hebt ge mij v\u00e9rlaten, ver van mijn bevrijding, van de w\u00f3orden d\u00ede ik br\u00fal. <\/span>De godverlatenheid aan het kruis kan nauwelijks schrijnender worden voorzegd. <\/span><\/p>\n<p class=\"MsoListParagraphCxSpMiddle\" style=\"margin-left: 54.0pt; mso-add-space: auto; text-indent: -18.0pt; mso-pagination: none; mso-list: l0 level2 lfo1; mso-layout-grid-align: none; text-autospace: none;\"><span style=\"font-family: \" New\";=\"New\";\" mso-fareast-font-family:=\"mso-fareast-font-family:\" \"Courier=\"\"Courier\" New\";=\"New\";\" mso-bidi-font-family:=\"mso-bidi-font-family:\" \"Courier=\"\"Courier\" New\";\"=\"New\";\"\"><span style=\"mso-list: Ignore;\">o<span style=\"font: 7.0pt \" New=\"New\" Roman\";\"=\"Roman\";\"\"> <\/span><\/span><\/span><span style=\"mso-bidi-font-size: 11.0pt; mso-bidi-font-family: Tahoma;\">Vers 17: <span style=\"color: red;\">kwaadwilligen hebben met z&#8217;n allen m\u00edj oms\u00edngeld, doorstoken mijn h\u00e1nden \u00e9n mijn v\u00f3eten. <\/span>De kruisiging wordt heel precies voorspeld.<\/span><\/p>\n<p class=\"MsoListParagraphCxSpLast\" style=\"margin-left: 54.0pt; mso-add-space: auto; mso-pagination: none; mso-layout-grid-align: none; text-autospace: none;\">\u00a0<\/p>\n<p class=\"MsoNormal\" style=\"mso-pagination: none; mso-layout-grid-align: none; text-autospace: none;\">God bemoeit zich met mensen. En heeft dat ook altijd gedaan. Hij begon met Adam. Dat liep spaak, door onze onwil. Maar God startte opnieuw, en koos Noach uit en sloot een verbond met hem. Toen ook dat op niets uitliep, volgde Abraham. En tot slot zond God zijn Zoon. Al Gods grootheid en goedheid en zijn eindeloze liefde wordt dan zichtbaar. En van die grootheid en goedheid en liefde spreekt heel de bijbel.<\/p>\n<p class=\"MsoNormal\" style=\"mso-pagination: none; mso-layout-grid-align: none; text-autospace: none;\">\u00a0<\/p>\n<p class=\"MsoNormal\" style=\"mso-pagination: none; mso-layout-grid-align: none; text-autospace: none;\">Laten we de bijbel lezen met Jezus Christus als perspectief. En zo onder de indruk komen, meer en meer, van de grote God, die ons heil op het oog heeft.<\/p>\n<p class=\"MsoNormal\" style=\"mso-pagination: none; mso-layout-grid-align: none; text-autospace: none;\">\u00a0<\/p>\n<div style=\"mso-element: para-border-div; border: solid windowtext 1.0pt; mso-border-alt: solid windowtext .5pt; padding: 1.0pt 4.0pt 1.0pt 4.0pt;\">\n<p class=\"MsoNormal\" style=\"text-align: center; border: none; mso-border-alt: solid windowtext .5pt; padding: 0cm; mso-padding-alt: 1.0pt 4.0pt 1.0pt 4.0pt;\" align=\"center\"><span style=\"font-size: 14.0pt; mso-bidi-font-size: 11.0pt; mso-bidi-font-family: Tahoma; color: blue;\">in jou heb ik behagen!<\/span><span style=\"font-size: 14.0pt; mso-bidi-font-size: 12.0pt; color: blue;\"><\/span><\/p>\n<\/p><\/div>\n<p class=\"MsoNormal\" style=\"mso-pagination: none; mso-layout-grid-align: none; text-autospace: none;\">\u00a0<\/p><\/p>\n","protected":false},"excerpt":{"rendered":"<p>0 false 21 18 pt 18 pt 0 0 false false false \/* Style Definitions *\/ table.MsoNormalTable {mso-style-name:Standaardtabel; mso-tstyle-rowband-size:0; mso-tstyle-colband-size:0; mso-style-noshow:yes; mso-style-parent:&#8221;&#8221;; mso-padding-alt:0cm 5.4pt 0cm 5.4pt; mso-para-margin:0cm; mso-para-margin-bottom:.0001pt; mso-pagination:widow-orphan; font-size:12.0pt; font-family:&#8221;Times New Roman&#8221;; mso-ascii-font-family:Cambria; mso-ascii-theme-font:minor-latin; mso-hansi-font-family:Cambria; mso-hansi-theme-font:minor-latin; mso-fareast-language:EN-US;} jij bent mijn beminde zoon, \u00a0 \u201cDe bijbel spreekt op elke bladzijde over Jezus Christus\u201d is een &hellip; <\/p>\n<p class=\"link-more\"><a href=\"https:\/\/www.vergaderingalkmaar.nl\/?page_id=194\" class=\"more-link\"><span class=\"screen-reader-text\">&#8220;Preek zondag 15 april 2012&#8221;<\/span> verder lezen<\/a><\/p>\n","protected":false},"author":1,"featured_media":0,"parent":588,"menu_order":48,"comment_status":"closed","ping_status":"open","template":"","meta":[],"_links":{"self":[{"href":"https:\/\/www.vergaderingalkmaar.nl\/index.php?rest_route=\/wp\/v2\/pages\/194"}],"collection":[{"href":"https:\/\/www.vergaderingalkmaar.nl\/index.php?rest_route=\/wp\/v2\/pages"}],"about":[{"href":"https:\/\/www.vergaderingalkmaar.nl\/index.php?rest_route=\/wp\/v2\/types\/page"}],"author":[{"embeddable":true,"href":"https:\/\/www.vergaderingalkmaar.nl\/index.php?rest_route=\/wp\/v2\/users\/1"}],"replies":[{"embeddable":true,"href":"https:\/\/www.vergaderingalkmaar.nl\/index.php?rest_route=%2Fwp%2Fv2%2Fcomments&post=194"}],"version-history":[{"count":1,"href":"https:\/\/www.vergaderingalkmaar.nl\/index.php?rest_route=\/wp\/v2\/pages\/194\/revisions"}],"predecessor-version":[{"id":1722,"href":"https:\/\/www.vergaderingalkmaar.nl\/index.php?rest_route=\/wp\/v2\/pages\/194\/revisions\/1722"}],"up":[{"embeddable":true,"href":"https:\/\/www.vergaderingalkmaar.nl\/index.php?rest_route=\/wp\/v2\/pages\/588"}],"wp:attachment":[{"href":"https:\/\/www.vergaderingalkmaar.nl\/index.php?rest_route=%2Fwp%2Fv2%2Fmedia&parent=194"}],"curies":[{"name":"wp","href":"https:\/\/api.w.org\/{rel}","templated":true}]}}