{"id":192,"date":"2012-04-01T19:44:55","date_gmt":"2012-04-01T18:44:55","guid":{"rendered":"http:\/\/www.vergaderingalkmaar.nl\/?page_id=192"},"modified":"2019-11-13T01:37:08","modified_gmt":"2019-11-13T00:37:08","slug":"preek-zondag-25-maart-2012","status":"publish","type":"page","link":"https:\/\/www.vergaderingalkmaar.nl\/?page_id=192","title":{"rendered":"Preek zondag 25 maart 2012"},"content":{"rendered":"<p>      0 false  21  18 pt 18 pt 0 0  false false false               \/* Style Definitions *\/ table.MsoNormalTable \t{mso-style-name:Standaardtabel; \tmso-tstyle-rowband-size:0; \tmso-tstyle-colband-size:0; \tmso-style-noshow:yes; \tmso-style-parent:&#8221;&#8221;; \tmso-padding-alt:0cm 5.4pt 0cm 5.4pt; \tmso-para-margin:0cm; \tmso-para-margin-bottom:.0001pt; \tmso-pagination:widow-orphan; \tfont-size:12.0pt; \tfont-family:&#8221;Times New Roman&#8221;; \tmso-ascii-font-family:Cambria; \tmso-ascii-theme-font:minor-latin; \tmso-fareast-font-family:&#8221;Times New Roman&#8221;; \tmso-fareast-theme-font:minor-fareast; \tmso-hansi-font-family:Cambria; \tmso-hansi-theme-font:minor-latin;}    <\/p>\n<div style=\"mso-element: para-border-div; border: solid windowtext 1.0pt; mso-border-alt: solid windowtext .5pt; padding: 1.0pt 4.0pt 1.0pt 4.0pt;\">\n<p class=\"MsoNormal\" style=\"text-align: center; mso-pagination: none; mso-layout-grid-align: none; text-autospace: none; border: none; mso-border-alt: solid windowtext .5pt; padding: 0cm; mso-padding-alt: 1.0pt 4.0pt 1.0pt 4.0pt;\" align=\"center\"><span style=\"font-size: 14.0pt; mso-bidi-font-size: 12.0pt; mso-bidi-font-family: Verdana; color: blue; mso-ansi-language: EN-US;\" lang=\"EN-US\">En proberen dit alles te begrijpen,<\/span><\/p>\n<\/p><\/div>\n<p class=\"MsoNormal\">\u00a0<\/p>\n<p class=\"MsoNormal\">\u201c<em style=\"mso-bidi-font-style: normal;\">Als ik maar weet dat alles hier mij nader brengt tot U.\u201d <\/em>Een wel heel klassieke regel uit een heel christelijk lied. Is het \u2013 christelijk \u2013 leven zo simpel dat we deze waarheid gewoon opslaan in ons hart en bij enige tegenslag eventjes weer opdiepen. Om dan weer onverdroten voorwaarts te gaan als enthousiaste christenstrijders? Denken we misschien dat anderen dat inderdaad zo weten waar te maken, terwijl wij zelf daar toch geweldig veel moeite mee hebben? En voelen we ons dan falen als christen? Doen we dan God te kort? Zakken we dan weer eens voor een tentamen als christen? Worden we daar wel eens moedeloos van?<\/p>\n<p class=\"MsoNormal\">\u00a0<\/p>\n<p class=\"MsoNormal\">Als dat laatste zo is, bent u in goed gezelschap. Heel wat mensen in de bijbel worstelden met gebeurtenissen in hun leven waar ze niks van snapten. Gebeurtenissen die hun geloof aan het wankelen brachten zelfs. Gebeurtenissen waar ze God soms voor ter verantwoording riepen.<\/p>\n<p class=\"MsoNormal\">\u00a0<\/p>\n<p class=\"MsoNormal\" style=\"mso-pagination: none; mso-layout-grid-align: none; text-autospace: none;\">We hebben ook wel eens een wat kinderlijk beeld van God. Als een persoon die Liefde is. En dus (!!) ons zal sparen voor tegenslag en lijden. Want dat doe je als je werkelijk van iemand houdt. Denken we soms. Maar God lijkt wel anders te denken. Hij houdt ontzettend veel van Job. Maar staat toe dat die Job de meest vreselijke dingen overkomen. Dat hadden wij vast anders gedaan. En Job toont zich vlammend strijdbaar: hij daagt God uit (Job 31: 35): <span style=\"mso-bidi-font-size: 11.0pt; mso-bidi-font-family: Tahoma; color: red;\">Wie geeft mij dat iemand naar mij hoort?- ziehier mijn laatste letter: dat de Almachtige mij antwoorde!- laat hij een rol volschrijven, de man die met mij twist! <\/span><span style=\"mso-bidi-font-size: 11.0pt; mso-bidi-font-family: Tahoma;\">Maar toen zijn vrouw \u2013 eerder \u2013 adviseerde om God maar vaarwel te zeggen, wees Job dat van de hand. <\/span><\/p>\n<p class=\"MsoNormal\" style=\"mso-pagination: none; mso-layout-grid-align: none; text-autospace: none;\"><span style=\"mso-bidi-font-size: 11.0pt; mso-bidi-font-family: Tahoma; color: red;\"> <\/span><\/p>\n<p class=\"MsoNormal\" style=\"mso-pagination: none; mso-layout-grid-align: none; text-autospace: none;\"><span style=\"mso-bidi-font-size: 11.0pt; mso-bidi-font-family: Tahoma;\">Of neem Asaf, in psalm 73. Hij beklaagt zich dat God hem niet ziet zitten. En het hem wel heel moeilijk maakt. Maar God loslaten wil hij niet. Hij vecht om te begrijpen wat God beweegt. <\/span><\/p>\n<p class=\"MsoNormal\" style=\"mso-pagination: none; mso-layout-grid-align: none; text-autospace: none;\"><span style=\"mso-bidi-font-size: 11.0pt; mso-bidi-font-family: Tahoma; color: red;\">Toen mijn h\u00e1rt verz\u00faurde \u00a0en het mij st\u00e1k tot \u00edn mijn n\u00ederen, was ik een dw\u00e1as en een w\u00e9etniet,<\/span><\/p>\n<p class=\"MsoNormal\" style=\"mso-pagination: none; mso-layout-grid-align: none; text-autospace: none;\"><span style=\"mso-bidi-font-size: 11.0pt; mso-bidi-font-family: Tahoma; color: red;\">werd ik \u00edn uw b\u00edjzijn een b\u00e9est; en toch was \u00edk steeds b\u00edj u, g\u00edj hield mij bij de r\u00e9chterh\u00e1nd.<\/span><\/p>\n<p class=\"MsoNormal\" style=\"mso-pagination: none; mso-layout-grid-align: none; text-autospace: none;\"><span style=\"mso-bidi-font-size: 11.0pt; mso-bidi-font-family: Tahoma; color: red;\"> <\/span><\/p>\n<p class=\"MsoNormal\" style=\"mso-pagination: none; mso-layout-grid-align: none; text-autospace: none;\"><span style=\"mso-bidi-font-size: 11.0pt; mso-bidi-font-family: Tahoma;\">In zijn brief aan de christenen in Rome schrijft Paulus (8: 28) dat<span style=\"color: red;\"> Wij weten dat voor wie God liefhebben hij alles doet medewerken ten goede,- voor wie naar zijn voornemen geroepen zijn; <\/span>Een tekst die nogal bruut kan overkomen. In de zin van \u2018<em style=\"mso-bidi-font-style: normal;\">Maak er toch niet zo\u2019n drama van, God doet niks zonder een goede bedoeling namelijk.<\/em>\u2019 Maar als je net je jonge moeder van 49 jaar hebt zien sterven komt dat toch niet over denkelijk. En dat laten de zinnen voor vers 28 ook wel zien. Als wij ten einde raad zijn en zelfs niet meer weten te bidden, is er toch Iemand die voor ons bidt.<span style=\"mso-spacerun: yes;\"> <\/span><span style=\"color: red;\">Zo komt ook de Geest onze zwakheid m\u00e9\u00e9 te hulp; want wat wij naar behoren zullen bidden weten wij niet; maar de Geest zelf pleit voor ons met onuitsprekelijke verzuchtingen. En hij die de harten doorgrondt, weet wat het streven van de Geest is, dat hij, overeenkomstig God, voor heiligen pleit. <\/span>Als wij volstrekt murw geslagen zijn en er geen gebed meer over onze lippen komt, wordt dat toch aan God vertelt. Door de Heilige Geest die onze trooster op aarde is. Als wij God niet zien, ziet Hij ons nog wel. En Hij is met ons begaan. <\/span><\/p>\n<p class=\"MsoNormal\" style=\"mso-pagination: none; mso-layout-grid-align: none; text-autospace: none;\"><span style=\"mso-bidi-font-size: 11.0pt; mso-bidi-font-family: Tahoma;\"> <\/span><\/p>\n<p class=\"MsoNormal\" style=\"mso-pagination: none; mso-layout-grid-align: none; text-autospace: none;\"><span style=\"mso-bidi-font-size: 11.0pt; mso-bidi-font-family: Tahoma;\">En wat is onze reactie als we ons in de steek gelaten voelen? Als mensen ons \u2013 naar ons inzicht \u2013 laten vallen, kiezen we nogal eens dezelfde strategie. \u2018<em style=\"mso-bidi-font-style: normal;\">Hij\/zij bestaat niet meer voor me.<\/em>\u2019 Maar wat als we God niet meer ervaren? Als ooit Job? Of Asaf? Geloven we dat God ons niet in de steek laat, zelfs niet op de momenten dat we Hem niet ervaren? We geloven in Hem. We volgen Hem. En vertrouwen we Hem ook werkelijk? Blindelings? Als we God niet snappen kunnen we hem simpelweg terzijde schuiven. Asaf en Job deden dat niet. Ze kozen ervoor God te blijven vertrouwen terwijl ze Hem niet begrepen. En voor hun moeite en worsteling schaamden ze zich niet. Dat ze van God zo nu en dan niks snapten staken ze niet onder stoelen of banken. Zoals ook Guido Gezelle dat niet deed, toen voor hem de hemel van koper was en hij geen gebed over zijn lippen kreeg:<\/span><\/p>\n<p class=\"MsoNormal\" style=\"mso-pagination: none; mso-layout-grid-align: none; text-autospace: none;\"><span style=\"mso-bidi-font-size: 11.0pt; mso-bidi-font-family: Tahoma;\"> <\/span><\/p>\n<div style=\"mso-element: para-border-div; border: solid windowtext 1.0pt; mso-border-alt: solid windowtext .5pt; padding: 1.0pt 0cm 1.0pt 4.0pt;\">\n<p class=\"MsoNormal\" style=\"mso-pagination: none; mso-layout-grid-align: none; text-autospace: none; border: none; mso-border-alt: solid windowtext .5pt; padding: 0cm; mso-padding-alt: 1.0pt 0cm 1.0pt 4.0pt;\"><span style=\"mso-bidi-font-size: 11.0pt; font-family: \" MS\";=\"MS\";\" mso-bidi-font-family:=\"mso-bidi-font-family:\" Tahoma;\"=\"Tahoma;\"\"> <\/span><\/p>\n<p class=\"MsoNormal\" style=\"text-align: center; mso-pagination: none; mso-layout-grid-align: none; text-autospace: none; border: none; mso-border-alt: solid windowtext .5pt; padding: 0cm; mso-padding-alt: 1.0pt 0cm 1.0pt 4.0pt;\" align=\"center\"><strong><span style=\"mso-bidi-font-size: 15.0pt; font-family: \" MS\";=\"MS\";\" mso-bidi-font-family:=\"mso-bidi-font-family:\" Arial;\"=\"Arial;\"\">GIJ BADT OP ENEN BERG<\/span><\/strong><\/p>\n<p class=\"MsoNormal\" style=\"text-align: center; mso-pagination: none; mso-layout-grid-align: none; text-autospace: none; border: none; mso-border-alt: solid windowtext .5pt; padding: 0cm; mso-padding-alt: 1.0pt 0cm 1.0pt 4.0pt;\" align=\"center\"><strong><span style=\"mso-bidi-font-size: 15.0pt; font-family: \" MS\";=\"MS\";\" mso-bidi-font-family:=\"mso-bidi-font-family:\" Arial;\"=\"Arial;\"\"> <\/span><\/strong><\/p>\n<p class=\"MsoNormal\" style=\"text-align: center; mso-pagination: none; mso-layout-grid-align: none; text-autospace: none; border: none; mso-border-alt: solid windowtext .5pt; padding: 0cm; mso-padding-alt: 1.0pt 0cm 1.0pt 4.0pt;\" align=\"center\"><span style=\"mso-bidi-font-size: 13.0pt; font-family: \" MS\";=\"MS\";\" mso-bidi-font-family:=\"mso-bidi-font-family:\" Arial;\"=\"Arial;\"\">Gij badt op enen berg alleen, <\/span><\/p>\n<p class=\"MsoNormal\" style=\"text-align: center; mso-pagination: none; mso-layout-grid-align: none; text-autospace: none; border: none; mso-border-alt: solid windowtext .5pt; padding: 0cm; mso-padding-alt: 1.0pt 0cm 1.0pt 4.0pt;\" align=\"center\"><span style=\"mso-bidi-font-size: 13.0pt; font-family: \" MS\";=\"MS\";\" mso-bidi-font-family:=\"mso-bidi-font-family:\" Arial;\"=\"Arial;\"\">en&#8230; Jesu, ik en vind er geen <\/span><\/p>\n<p class=\"MsoNormal\" style=\"text-align: center; mso-pagination: none; mso-layout-grid-align: none; text-autospace: none; border: none; mso-border-alt: solid windowtext .5pt; padding: 0cm; mso-padding-alt: 1.0pt 0cm 1.0pt 4.0pt;\" align=\"center\"><span style=\"mso-bidi-font-size: 13.0pt; font-family: \" MS\";=\"MS\";\" mso-bidi-font-family:=\"mso-bidi-font-family:\" Arial;\"=\"Arial;\"\">waar &#8216;k hoog genoeg kan klimmen <\/span><\/p>\n<p class=\"MsoNormal\" style=\"text-align: center; mso-pagination: none; mso-layout-grid-align: none; text-autospace: none; border: none; mso-border-alt: solid windowtext .5pt; padding: 0cm; mso-padding-alt: 1.0pt 0cm 1.0pt 4.0pt;\" align=\"center\"><span style=\"mso-bidi-font-size: 13.0pt; font-family: \" MS\";=\"MS\";\" mso-bidi-font-family:=\"mso-bidi-font-family:\" Arial;\"=\"Arial;\"\">om U alleen te vinden:<\/span><\/p>\n<p class=\"MsoNormal\" style=\"text-align: center; mso-pagination: none; mso-layout-grid-align: none; text-autospace: none; border: none; mso-border-alt: solid windowtext .5pt; padding: 0cm; mso-padding-alt: 1.0pt 0cm 1.0pt 4.0pt;\" align=\"center\"><span style=\"mso-bidi-font-size: 13.0pt; font-family: \" MS\";=\"MS\";\" mso-bidi-font-family:=\"mso-bidi-font-family:\" Arial;\"=\"Arial;\"\"> <\/span><\/p>\n<p class=\"MsoNormal\" style=\"text-align: center; mso-pagination: none; mso-layout-grid-align: none; text-autospace: none; border: none; mso-border-alt: solid windowtext .5pt; padding: 0cm; mso-padding-alt: 1.0pt 0cm 1.0pt 4.0pt;\" align=\"center\"><span style=\"mso-bidi-font-size: 13.0pt; font-family: \" MS\";=\"MS\";\" mso-bidi-font-family:=\"mso-bidi-font-family:\" Arial;\"=\"Arial;\"\">de wereld wilt mij achterna, <\/span><\/p>\n<p class=\"MsoNormal\" style=\"text-align: center; mso-pagination: none; mso-layout-grid-align: none; text-autospace: none; border: none; mso-border-alt: solid windowtext .5pt; padding: 0cm; mso-padding-alt: 1.0pt 0cm 1.0pt 4.0pt;\" align=\"center\"><span style=\"mso-bidi-font-size: 13.0pt; font-family: \" MS\";=\"MS\";\" mso-bidi-font-family:=\"mso-bidi-font-family:\" Arial;\"=\"Arial;\"\">alwaar ik ga <\/span><\/p>\n<p class=\"MsoNormal\" style=\"text-align: center; mso-pagination: none; mso-layout-grid-align: none; text-autospace: none; border: none; mso-border-alt: solid windowtext .5pt; padding: 0cm; mso-padding-alt: 1.0pt 0cm 1.0pt 4.0pt;\" align=\"center\"><span style=\"mso-bidi-font-size: 13.0pt; font-family: \" MS\";=\"MS\";\" mso-bidi-font-family:=\"mso-bidi-font-family:\" Arial;\"=\"Arial;\"\">of sta <\/span><\/p>\n<p class=\"MsoNormal\" style=\"text-align: center; mso-pagination: none; mso-layout-grid-align: none; text-autospace: none; border: none; mso-border-alt: solid windowtext .5pt; padding: 0cm; mso-padding-alt: 1.0pt 0cm 1.0pt 4.0pt;\" align=\"center\"><span style=\"mso-bidi-font-size: 13.0pt; font-family: \" MS\";=\"MS\";\" mso-bidi-font-family:=\"mso-bidi-font-family:\" Arial;\"=\"Arial;\"\">of ooit mijn ogen sla;<\/span><\/p>\n<p class=\"MsoNormal\" style=\"text-align: center; mso-pagination: none; mso-layout-grid-align: none; text-autospace: none; border: none; mso-border-alt: solid windowtext .5pt; padding: 0cm; mso-padding-alt: 1.0pt 0cm 1.0pt 4.0pt;\" align=\"center\"><span style=\"mso-bidi-font-size: 13.0pt; font-family: \" MS\";=\"MS\";\" mso-bidi-font-family:=\"mso-bidi-font-family:\" Arial;\"=\"Arial;\"\"> <\/span><\/p>\n<p class=\"MsoNormal\" style=\"text-align: center; mso-pagination: none; mso-layout-grid-align: none; text-autospace: none; border: none; mso-border-alt: solid windowtext .5pt; padding: 0cm; mso-padding-alt: 1.0pt 0cm 1.0pt 4.0pt;\" align=\"center\"><span style=\"mso-bidi-font-size: 13.0pt; font-family: \" MS\";=\"MS\";\" mso-bidi-font-family:=\"mso-bidi-font-family:\" Arial;\"=\"Arial;\"\">en arm als ik en is er geen; <\/span><\/p>\n<p class=\"MsoNormal\" style=\"text-align: center; mso-pagination: none; mso-layout-grid-align: none; text-autospace: none; border: none; mso-border-alt: solid windowtext .5pt; padding: 0cm; mso-padding-alt: 1.0pt 0cm 1.0pt 4.0pt;\" align=\"center\"><span style=\"mso-bidi-font-size: 13.0pt; font-family: \" MS\";=\"MS\";\" mso-bidi-font-family:=\"mso-bidi-font-family:\" Arial;\"=\"Arial;\"\">geen een, <\/span><\/p>\n<p class=\"MsoNormal\" style=\"text-align: center; mso-pagination: none; mso-layout-grid-align: none; text-autospace: none; border: none; mso-border-alt: solid windowtext .5pt; padding: 0cm; mso-padding-alt: 1.0pt 0cm 1.0pt 4.0pt;\" align=\"center\"><span style=\"mso-bidi-font-size: 13.0pt; font-family: \" MS\";=\"MS\";\" mso-bidi-font-family:=\"mso-bidi-font-family:\" Arial;\"=\"Arial;\"\">die nood hebbe en niet klagen kan; <\/span><\/p>\n<p class=\"MsoNormal\" style=\"text-align: center; mso-pagination: none; mso-layout-grid-align: none; text-autospace: none; border: none; mso-border-alt: solid windowtext .5pt; padding: 0cm; mso-padding-alt: 1.0pt 0cm 1.0pt 4.0pt;\" align=\"center\"><span style=\"mso-bidi-font-size: 13.0pt; font-family: \" MS\";=\"MS\";\" mso-bidi-font-family:=\"mso-bidi-font-family:\" Arial;\"=\"Arial;\"\">die honger, en niet vragen kan; <\/span><\/p>\n<p class=\"MsoNormal\" style=\"text-align: center; mso-pagination: none; mso-layout-grid-align: none; text-autospace: none; border: none; mso-border-alt: solid windowtext .5pt; padding: 0cm; mso-padding-alt: 1.0pt 0cm 1.0pt 4.0pt;\" align=\"center\"><span style=\"mso-bidi-font-size: 13.0pt; font-family: \" MS\";=\"MS\";\" mso-bidi-font-family:=\"mso-bidi-font-family:\" Arial;\"=\"Arial;\"\">die pijne, en niet gewagen kan\u2028hoe zeer het doet!<\/span><\/p>\n<p class=\"MsoNormal\" style=\"text-align: center; mso-pagination: none; mso-layout-grid-align: none; text-autospace: none; border: none; mso-border-alt: solid windowtext .5pt; padding: 0cm; mso-padding-alt: 1.0pt 0cm 1.0pt 4.0pt;\" align=\"center\"><span style=\"mso-bidi-font-size: 13.0pt; font-family: \" MS\";=\"MS\";\" mso-bidi-font-family:=\"mso-bidi-font-family:\" Arial;\"=\"Arial;\"\"> <\/span><\/p>\n<p class=\"MsoNormal\" style=\"text-align: center; mso-pagination: none; mso-layout-grid-align: none; text-autospace: none; border: none; mso-border-alt: solid windowtext .5pt; padding: 0cm; mso-padding-alt: 1.0pt 0cm 1.0pt 4.0pt;\" align=\"center\"><span style=\"mso-bidi-font-size: 13.0pt; font-family: \" MS\";=\"MS\";\" mso-bidi-font-family:=\"mso-bidi-font-family:\" Arial;\"=\"Arial;\"\">o Leert mij, armen dwaas, hoe dat ik bidden moet!<\/span><strong style=\"mso-bidi-font-weight: normal;\"><span style=\"mso-bidi-font-size: 11.0pt; font-family: \" MS\";=\"MS\";\" mso-bidi-font-family:=\"mso-bidi-font-family:\" Tahoma;\"=\"Tahoma;\"\"><\/span><\/strong><\/p>\n<p class=\"MsoNormal\" style=\"text-align: center; mso-pagination: none; mso-layout-grid-align: none; text-autospace: none; border: none; mso-border-alt: solid windowtext .5pt; padding: 0cm; mso-padding-alt: 1.0pt 0cm 1.0pt 4.0pt;\" align=\"center\"><span style=\"color: #ff0000; font-family: 'Trebuchet MS';\"> <\/span><\/p>\n<\/p><\/div>\n<p class=\"MsoNormal\" style=\"mso-pagination: none; mso-layout-grid-align: none; text-autospace: none;\"><span style=\"font-size: 11.0pt; font-family: Tahoma; mso-bidi-font-family: Tahoma;\"><span style=\"mso-tab-count: 1;\"> <\/span><\/span><\/p>\n<p class=\"MsoNormal\" style=\"mso-pagination: none; mso-layout-grid-align: none; text-autospace: none;\">Laten we niet te zeer schrikken als ons romantisch beeld van een volmaakt christelijk leven weer eens aan duigen valt. Misschien schudt God het zelf wel door elkaar. En wil hij ons dingen leren die we zonder tegenslag en lijden nooit zouden leren. Zeilen leer je niet op een fraaie lentedag met louter de wind in de zeilen. Maar eerder in een herfststorm met de wind tegen. Wij kennen Gods bedoeling lang niet altijd. Maar geloven we dat Hij goed en betrouwbaar is, ook als het ons niet gaat zoals wij dat graag zouden willen? Geloven we dat Hij ons beter christenen wil maken, ons wil vormen naar zijn beeld?<\/p>\n<p class=\"MsoNormal\" style=\"mso-pagination: none; mso-layout-grid-align: none; text-autospace: none;\">\u00a0<\/p>\n<p class=\"MsoNormal\" style=\"mso-pagination: none; mso-layout-grid-align: none; text-autospace: none;\">En troost het ons dat God het Job en Asaf en David en Guido Gezelle en \u2026\u2026\u2026 niet kwalijk nam dat ze met vragen zaten aan Hem? Soms zelfs nogal opstandige vragen? Als we God in al zijn liefde en erbarming gezien hebben, kunnen we ons dat dan nog te binnen brengen als het om ons heen ontzettend stormt? Als het donker om ons heen is, weten we dan nog wat we in het licht gezien hebben? In Job 36 omschrijft Elihu God en Zijn handelen als volgt:<\/p>\n<p class=\"MsoNormal\" style=\"mso-pagination: none; mso-layout-grid-align: none; text-autospace: none;\"><span style=\"color: red;\"> <\/span><\/p>\n<p class=\"MsoNormal\" style=\"mso-pagination: none; mso-layout-grid-align: none; text-autospace: none;\"><span style=\"mso-bidi-font-size: 11.0pt; mso-bidi-font-family: Tahoma; color: red; mso-ansi-language: EN-US;\" lang=\"EN-US\">: 15 Maar de ellendige in zijn ellende maakt hij vrij,- in de verdrukking ontbloot hij hun oor.<\/span><\/p>\n<p class=\"MsoNormal\" style=\"mso-pagination: none; mso-layout-grid-align: none; text-autospace: none;\"><span style=\"mso-bidi-font-size: 11.0pt; mso-bidi-font-family: Tahoma; color: red; mso-ansi-language: EN-US;\" lang=\"EN-US\">: 22 Zie, God handelt verheven in zijn macht,- wie is een leermeester gelijk hij?<\/span><\/p>\n<p class=\"MsoNormal\" style=\"mso-pagination: none; mso-layout-grid-align: none; text-autospace: none;\"><span style=\"mso-bidi-font-size: 11.0pt; mso-bidi-font-family: Tahoma; color: red; mso-ansi-language: EN-US;\" lang=\"EN-US\">: 26 Zie, God is groot en niet te kennen,-<\/span><\/p>\n<p class=\"MsoNormal\" style=\"mso-pagination: none; mso-layout-grid-align: none; text-autospace: none;\"><span style=\"mso-bidi-font-size: 11.0pt; mso-bidi-font-family: Tahoma; color: red; mso-ansi-language: EN-US;\" lang=\"EN-US\"> <\/span><\/p>\n<p class=\"MsoNormal\" style=\"mso-pagination: none; mso-layout-grid-align: none; text-autospace: none;\"><em style=\"mso-bidi-font-style: normal;\">Als ik maar weet dat alles hier mij nader brengt tot U<\/em>. Durven we het te wagen? Een misschien niet erg veilige reis. Maar wel met een betrouwbare God.<\/p>\n<p class=\"MsoNormal\" style=\"mso-pagination: none; mso-layout-grid-align: none; text-autospace: none;\">\u00a0<\/p>\n<div style=\"mso-element: para-border-div; border: solid windowtext 1.0pt; mso-border-alt: solid windowtext .5pt; padding: 1.0pt 4.0pt 1.0pt 4.0pt;\">\n<p class=\"MsoNormal\" style=\"text-align: center; border: none; mso-border-alt: solid windowtext .5pt; padding: 0cm; mso-padding-alt: 1.0pt 4.0pt 1.0pt 4.0pt;\" align=\"center\"><span style=\"font-size: 14.0pt; mso-bidi-font-size: 12.0pt; mso-bidi-font-family: Verdana; color: blue; mso-ansi-language: EN-US;\" lang=\"EN-US\">was een opgave die ik niet aankon \u2013<\/span><\/p>\n<p class=\"MsoNormal\" style=\"text-align: right; border: none; mso-border-alt: solid windowtext .5pt; padding: 0cm; mso-padding-alt: 1.0pt 4.0pt 1.0pt 4.0pt;\" align=\"right\"><span style=\"mso-bidi-font-family: Verdana; mso-ansi-language: EN-US;\" lang=\"EN-US\">Psalm 73: 16, Willibrord vertaling<\/span><\/p>\n<\/p><\/div>\n<p class=\"MsoNormal\" style=\"mso-pagination: none; mso-layout-grid-align: none; text-autospace: none;\">\u00a0<\/p><\/p>\n","protected":false},"excerpt":{"rendered":"<p>0 false 21 18 pt 18 pt 0 0 false false false \/* Style Definitions *\/ table.MsoNormalTable {mso-style-name:Standaardtabel; mso-tstyle-rowband-size:0; mso-tstyle-colband-size:0; mso-style-noshow:yes; mso-style-parent:&#8221;&#8221;; mso-padding-alt:0cm 5.4pt 0cm 5.4pt; mso-para-margin:0cm; mso-para-margin-bottom:.0001pt; mso-pagination:widow-orphan; font-size:12.0pt; font-family:&#8221;Times New Roman&#8221;; mso-ascii-font-family:Cambria; mso-ascii-theme-font:minor-latin; mso-fareast-font-family:&#8221;Times New Roman&#8221;; mso-fareast-theme-font:minor-fareast; mso-hansi-font-family:Cambria; mso-hansi-theme-font:minor-latin;} En proberen dit alles te begrijpen, \u00a0 \u201cAls ik maar weet dat alles hier &hellip; <\/p>\n<p class=\"link-more\"><a href=\"https:\/\/www.vergaderingalkmaar.nl\/?page_id=192\" class=\"more-link\"><span class=\"screen-reader-text\">&#8220;Preek zondag 25 maart 2012&#8221;<\/span> verder lezen<\/a><\/p>\n","protected":false},"author":1,"featured_media":0,"parent":588,"menu_order":50,"comment_status":"closed","ping_status":"open","template":"","meta":[],"_links":{"self":[{"href":"https:\/\/www.vergaderingalkmaar.nl\/index.php?rest_route=\/wp\/v2\/pages\/192"}],"collection":[{"href":"https:\/\/www.vergaderingalkmaar.nl\/index.php?rest_route=\/wp\/v2\/pages"}],"about":[{"href":"https:\/\/www.vergaderingalkmaar.nl\/index.php?rest_route=\/wp\/v2\/types\/page"}],"author":[{"embeddable":true,"href":"https:\/\/www.vergaderingalkmaar.nl\/index.php?rest_route=\/wp\/v2\/users\/1"}],"replies":[{"embeddable":true,"href":"https:\/\/www.vergaderingalkmaar.nl\/index.php?rest_route=%2Fwp%2Fv2%2Fcomments&post=192"}],"version-history":[{"count":1,"href":"https:\/\/www.vergaderingalkmaar.nl\/index.php?rest_route=\/wp\/v2\/pages\/192\/revisions"}],"predecessor-version":[{"id":1720,"href":"https:\/\/www.vergaderingalkmaar.nl\/index.php?rest_route=\/wp\/v2\/pages\/192\/revisions\/1720"}],"up":[{"embeddable":true,"href":"https:\/\/www.vergaderingalkmaar.nl\/index.php?rest_route=\/wp\/v2\/pages\/588"}],"wp:attachment":[{"href":"https:\/\/www.vergaderingalkmaar.nl\/index.php?rest_route=%2Fwp%2Fv2%2Fmedia&parent=192"}],"curies":[{"name":"wp","href":"https:\/\/api.w.org\/{rel}","templated":true}]}}