{"id":191,"date":"2012-03-25T14:42:49","date_gmt":"2012-03-25T13:42:49","guid":{"rendered":"http:\/\/www.vergaderingalkmaar.nl\/?page_id=191"},"modified":"2019-11-13T01:37:08","modified_gmt":"2019-11-13T00:37:08","slug":"preek-zondag-18-maart-2012","status":"publish","type":"page","link":"https:\/\/www.vergaderingalkmaar.nl\/?page_id=191","title":{"rendered":"Preek zondag 18 maart 2012"},"content":{"rendered":"<p>      0 false  21  18 pt 18 pt 0 0  false false false               \/* Style Definitions *\/ table.MsoNormalTable \t{mso-style-name:Standaardtabel; \tmso-tstyle-rowband-size:0; \tmso-tstyle-colband-size:0; \tmso-style-noshow:yes; \tmso-style-parent:&#8221;&#8221;; \tmso-padding-alt:0cm 5.4pt 0cm 5.4pt; \tmso-para-margin:0cm; \tmso-para-margin-bottom:.0001pt; \tmso-pagination:widow-orphan; \tfont-size:12.0pt; \tfont-family:&#8221;Times New Roman&#8221;; \tmso-ascii-font-family:Cambria; \tmso-ascii-theme-font:minor-latin; \tmso-fareast-font-family:&#8221;Times New Roman&#8221;; \tmso-fareast-theme-font:minor-fareast; \tmso-hansi-font-family:Cambria; \tmso-hansi-theme-font:minor-latin;}    <\/p>\n<p class=\"MsoNormal\">\u00a0<\/p>\n<div style=\"mso-element: para-border-div; border: solid windowtext 1.0pt; mso-border-alt: solid windowtext .5pt; padding: 1.0pt 4.0pt 1.0pt 4.0pt;\">\n<p class=\"MsoNormal\" style=\"text-align: center; border: none; mso-border-alt: solid windowtext .5pt; padding: 0cm; mso-padding-alt: 1.0pt 4.0pt 1.0pt 4.0pt;\" align=\"center\"><strong><span style=\"font-size: 14.0pt; mso-bidi-font-size: 13.0pt; mso-bidi-font-family: Arial; color: blue;\">Hoger als mijn oogen dragen, <\/span><\/strong><\/p>\n<p class=\"MsoNormal\" style=\"text-align: center; border: none; mso-border-alt: solid windowtext .5pt; padding: 0cm; mso-padding-alt: 1.0pt 4.0pt 1.0pt 4.0pt;\" align=\"center\"><strong><span style=\"font-size: 14.0pt; mso-bidi-font-size: 13.0pt; mso-bidi-font-family: Arial; color: blue;\">wijder als de winden jagen,<\/span><\/strong><\/p>\n<p class=\"MsoNormal\" style=\"text-align: center; border: none; mso-border-alt: solid windowtext .5pt; padding: 0cm; mso-padding-alt: 1.0pt 4.0pt 1.0pt 4.0pt;\" align=\"center\"><strong><span style=\"font-size: 14.0pt; mso-bidi-font-size: 13.0pt; mso-bidi-font-family: Arial; color: blue;\">dieper als de diepe zee, <\/span><\/strong><\/p>\n<p class=\"MsoNormal\" style=\"text-align: center; border: none; mso-border-alt: solid windowtext .5pt; padding: 0cm; mso-padding-alt: 1.0pt 4.0pt 1.0pt 4.0pt;\" align=\"center\"><strong><span style=\"font-size: 14.0pt; mso-bidi-font-size: 13.0pt; mso-bidi-font-family: Arial; color: blue;\">over al heerscht God alleen:<\/span><\/strong><\/p>\n<\/p><\/div>\n<p class=\"MsoNormal\"><span style=\"mso-bidi-font-size: 13.0pt; mso-bidi-font-family: Arial; mso-bidi-font-weight: bold;\"> <\/span><\/p>\n<p class=\"MsoNormal\"><span style=\"mso-bidi-font-size: 13.0pt; mso-bidi-font-family: Arial;\">Voelt u zich wel eens in de steek gelaten? Door personen waarvan u houdt? Of zelfs door God? Dat je het gevoel hebt dat God wel heel erg ver weg is? De geschiedenis van Jezus die over het water loopt gaat daarover. We lezen \u2018m in Matthe\u00fcs 14: 22 \u2013 33.<\/span><\/p>\n<p class=\"MsoNormal\"><span style=\"mso-bidi-font-size: 13.0pt; mso-bidi-font-family: Arial;\"> <\/span><\/p>\n<p class=\"MsoNormal\"><span style=\"mso-bidi-font-size: 13.0pt; mso-bidi-font-family: Arial;\">Jezus werd door veel mensen gevolgd. Hij genas de zieken onder hen. Tegen de avond vonden zijn leerlingen dat hij de mensen moest wegsturen: er was immers geen eten voor hen. Maar Jezus geeft vijfduizend mannen (zonder de vrouwen en kinderen te tellen) te eten. De mensen zijn dusdanig onder de indruk dat ze hem met geweld wilden meenemen om hem koning te maken. Jezus stuurt zijn discipelen vooruit naar de overkant van het meer. En hij ontloopt de menigte door in afzondering een berg te beklimmen om daar te bidden.<\/span><\/p>\n<p class=\"MsoNormal\"><span style=\"mso-bidi-font-size: 13.0pt; mso-bidi-font-family: Arial;\"> <\/span><\/p>\n<p class=\"MsoNormal\" style=\"mso-pagination: none; mso-layout-grid-align: none; text-autospace: none;\"><span style=\"mso-bidi-font-size: 15.0pt; mso-bidi-font-family: Arial;\">Ondertussen waren de twaalf discipelen op het water en het ging daar niet goed! Hoge golven en flinke tegenwind\u2026 ze waren in grote moeilijkheden gekomen. Zo iets hadden ze al eens eerder meegemaakt, maar toen was Jezus bij hen aan boord. <\/span><em><span style=\"mso-bidi-font-size: 13.0pt; mso-bidi-font-family: Arial;\">(Mat.8:23-27)<\/span><\/em><span style=\"mso-bidi-font-size: 15.0pt; mso-bidi-font-family: Arial;\"> Nu is de situatie toch anders, ze staan er nu alleen voor\u2026 Jezus was op de berg om te bidden, het was donker en het stormde, maar t\u00f3ch: Hij zag zijn vrienden in moeilijkheden. Dwars door de storm heen, z\u00ed\u00e9t Hij ze en komt Hij naar ze toe.<\/span><span style=\"mso-bidi-font-size: 15.0pt; font-family: Tahoma; mso-bidi-font-family: Tahoma;\"><\/span><\/p>\n<p class=\"MsoNormal\" style=\"mso-pagination: none; mso-layout-grid-align: none; text-autospace: none;\"><span style=\"mso-bidi-font-size: 15.0pt; mso-bidi-font-family: Arial;\"> <\/span><span style=\"mso-bidi-font-size: 15.0pt; font-family: Tahoma; mso-bidi-font-family: Tahoma;\"><\/span><\/p>\n<p class=\"MsoNormal\" style=\"mso-pagination: none; mso-layout-grid-align: none; text-autospace: none;\"><span style=\"mso-bidi-font-size: 15.0pt; mso-bidi-font-family: Arial;\">Soms lijkt het bij ons ook alsof Jezus er niet is. Hij is dan voor ons gevoel z\u00f3 ver weg, alsof Hij op een hoge berg zit en met zijn gedachten niet op de aarde is. Dan kun je je net zo voelen als de discipelen, bang voor de nacht, het donker en de zware storm. Je zwoegt als het ware om vooruit te komen, maar je schiet geen meter op. En waar is Jezus dan!?<\/span><span style=\"mso-bidi-font-size: 15.0pt; font-family: Tahoma; mso-bidi-font-family: Tahoma;\"><\/span><\/p>\n<p class=\"MsoNormal\"><span style=\"mso-bidi-font-size: 15.0pt; mso-bidi-font-family: Arial;\">Uit dit verhaal kun je leren, dat Jezus ons altijd ziet. Ook nu is de Heer eigenlijk afwezig: Hij is voor de ogen van zijn discipelen naar de hemel gegaan. En op aarde lijkt het wel of alles tegen zit; het stormt en gaat tekeer. Maar weet je wat Jezus daar in de hemel doet? Hij bidt voor zijn discipelen. Hij <span style=\"color: #00006f;\">\u201czit aan de <\/span>rechterhand van God, waar Hij onze belangen behartigt.\u201d <\/span><em><span style=\"mso-bidi-font-size: 13.0pt; mso-bidi-font-family: Arial;\">(Rom.8:34, Hebr.7:25)<\/span><\/em><span style=\"mso-bidi-font-size: 13.0pt; mso-bidi-font-family: Arial;\"> <\/span><span style=\"mso-bidi-font-size: 15.0pt; mso-bidi-font-family: Arial;\">Hij w\u00e9\u00e9t wat we nodig hebben \u2013 wat onze belangen zijn, want Hij kent ons en ziet ons.<\/span><\/p>\n<p class=\"MsoNormal\"><span style=\"mso-bidi-font-size: 15.0pt; mso-bidi-font-family: Arial;\"> <\/span><\/p>\n<p class=\"MsoNormal\" style=\"mso-pagination: none; mso-layout-grid-align: none; text-autospace: none;\"><span style=\"mso-bidi-font-size: 15.0pt; mso-bidi-font-family: Arial;\">Jezus loopt over het water naar zijn leerlingen. Die herkennen \u2018m niet raken in paniek: een spook!<span style=\"mso-spacerun: yes;\"> <\/span>Hoe vaak overkomt het ons dat we Jezus niet herkennen? Zoals ooit de Emma\u00fcsgangers. Terwijl Jezus dan helemaal niet ge\u00ebrgerd reageert. Ook hier niet: Hij zegt <\/span><span style=\"mso-bidi-font-size: 11.0pt; mso-bidi-font-family: Tahoma; color: red;\">houdt moed, ik ben het, vreest niet! <\/span><span style=\"mso-bidi-font-size: 11.0pt; mso-bidi-font-family: Tahoma;\">In die kalmerende woorden hoorde Petrus Gods Naam. God, die zich bekend maakte als IK BEN (Ex 3: 14). Als de God van hemel en aarde kon Hij op water lopen. En Petrus doet wat een discipel moet doen: hij vertrouwt Jezus volkomen. Als Jezus hem dan ook roept om uit het schip te stappen en naar hem toe te komen doet Petrus dat. Hij loopt op het water. Weg uit de relatieve veiligheid van de boot. <\/span><\/p>\n<p class=\"MsoNormal\" style=\"mso-pagination: none; mso-layout-grid-align: none; text-autospace: none;\"><span style=\"mso-bidi-font-size: 11.0pt; mso-bidi-font-family: Tahoma;\"> <\/span><\/p>\n<p class=\"MsoNormal\" style=\"mso-pagination: none; mso-layout-grid-align: none; text-autospace: none;\"><span style=\"mso-bidi-font-size: 11.0pt; mso-bidi-font-family: Tahoma;\">Maar het gaat mis als Petrus zich realiseert dat het nog steeds heel hard waait. Zijn vertrouwen gaat onderuit. En hij begint te zinken. Hoe vaak voelen wij de grond onder ons wegzakken? <\/span><em style=\"mso-bidi-font-style: normal;\"><span style=\"mso-bidi-font-size: 15.0pt; mso-bidi-font-family: Arial;\">\u2018Jezus, hoe kan dit! Waar bent U, God! Waarom gebeurt dit?\u2019 <\/span><\/em><\/p>\n<p class=\"MsoNormal\" style=\"mso-pagination: none; mso-layout-grid-align: none; text-autospace: none;\"><em style=\"mso-bidi-font-style: normal;\"><span style=\"mso-bidi-font-size: 15.0pt; mso-bidi-font-family: Arial;\"> <\/span><\/em><\/p>\n<p class=\"MsoNormal\" style=\"mso-pagination: none; mso-layout-grid-align: none; text-autospace: none;\"><span style=\"mso-bidi-font-size: 15.0pt; mso-bidi-font-family: Arial;\">En weg zonk ons vertrouwen in Jezus, Gods Zoon, de Almachtige\u2026 We keken naar de golven en raakten er van onder de indruk. Soms zelfs zo, dat we vergeten wie Hij is \u2013 dat we vergeten, d\u00e1t Hij er is; in de hemel, om onze belangen te behartigen. Om Gods plannen met deze wereld verder uit te voeren. Plannen die wij niet altijd begrijpen \u2013 soms zelfs gewoon st\u00f3m vinden, net zoals de discipelen het niet snapten dat Jezus geen Koning wilde worden in Jeruzalem. Het kan zelfs zover gaan, dat je helemaal geen plan van God meer ziet, maar dat je alleen maar doodsbang wordt van al het natuur- en oorlogsgeweld op aarde. Dan grijpt het je aan, zoals bij Petrus, en je zinkt erin weg.<\/span><\/p>\n<p class=\"MsoNormal\" style=\"mso-pagination: none; mso-layout-grid-align: none; text-autospace: none;\"><span style=\"mso-bidi-font-size: 15.0pt; mso-bidi-font-family: Arial;\"> <\/span><\/p>\n<p class=\"MsoNormal\" style=\"mso-pagination: none; mso-layout-grid-align: none; text-autospace: none;\"><span style=\"mso-bidi-font-size: 15.0pt; mso-bidi-font-family: Arial;\">Jezus pakt de hand van Petrus. Samen stappen ze aan boord. En ogenblikkelijk is alles rustig. En de discipelen die de ongelofelijke gebeurtenissen zien belijden: <\/span><span style=\"mso-bidi-font-size: 11.0pt; mso-bidi-font-family: Tahoma; color: red;\">u bent werkelijk een zoon van God! <\/span><span style=\"mso-bidi-font-size: 11.0pt; mso-bidi-font-family: Tahoma;\">Maar dat hadden ze een paar uur eerder \u2013 bij de wonderlijke spijziging \u2013 toch ook al gezien? Waren ze dat vergeten? Kennelijk moeten ook wij deze waarheid steeds weer opnieuw te binnen gebracht krijgen. En moeten ook wij steeds weer onder de indruk komen van wie Jezus is. Dat hij ons denken ver te boven gaat. Moeten ook wij steeds opnieuw leren hem te vertrouwen. <\/span><span style=\"mso-bidi-font-size: 15.0pt; mso-bidi-font-family: Arial;\"><\/span><\/p>\n<p class=\"MsoNormal\"><span style=\"mso-bidi-font-size: 13.0pt; mso-bidi-font-family: Arial; color: #53214a;\"> <\/span><\/p>\n<div style=\"mso-element: para-border-div; border: solid windowtext 1.0pt; mso-border-alt: solid windowtext .5pt; padding: 1.0pt 4.0pt 1.0pt 4.0pt;\">\n<p class=\"MsoNormal\" style=\"text-align: center; border: none; mso-border-alt: solid windowtext .5pt; padding: 0cm; mso-padding-alt: 1.0pt 4.0pt 1.0pt 4.0pt;\" align=\"center\"><strong><span style=\"font-size: 14.0pt; mso-bidi-font-size: 13.0pt; mso-bidi-font-family: Arial; color: blue;\">een, drie-een, zelfstandig Wezen, <\/span><\/strong><\/p>\n<p class=\"MsoNormal\" style=\"text-align: center; border: none; mso-border-alt: solid windowtext .5pt; padding: 0cm; mso-padding-alt: 1.0pt 4.0pt 1.0pt 4.0pt;\" align=\"center\"><strong><span style=\"font-size: 14.0pt; mso-bidi-font-size: 13.0pt; mso-bidi-font-family: Arial; color: blue;\">nu, toekomstig en voordezen<\/span><\/strong><\/p>\n<p class=\"MsoNormal\" style=\"text-align: center; border: none; mso-border-alt: solid windowtext .5pt; padding: 0cm; mso-padding-alt: 1.0pt 4.0pt 1.0pt 4.0pt;\" align=\"center\"><strong><span style=\"font-size: 14.0pt; mso-bidi-font-size: 13.0pt; mso-bidi-font-family: Arial; color: blue;\">is God, was God altijd, en <\/span><\/strong><\/p>\n<p class=\"MsoNormal\" style=\"text-align: center; border: none; mso-border-alt: solid windowtext .5pt; padding: 0cm; mso-padding-alt: 1.0pt 4.0pt 1.0pt 4.0pt;\" align=\"center\"><strong><span style=\"font-size: 14.0pt; mso-bidi-font-size: 13.0pt; mso-bidi-font-family: Arial; color: blue;\">eeuwig zal Hij zeggen: Ik Ben.<\/span><\/strong><\/p>\n<\/p><\/div><\/p>\n","protected":false},"excerpt":{"rendered":"<p>0 false 21 18 pt 18 pt 0 0 false false false \/* Style Definitions *\/ table.MsoNormalTable {mso-style-name:Standaardtabel; mso-tstyle-rowband-size:0; mso-tstyle-colband-size:0; mso-style-noshow:yes; mso-style-parent:&#8221;&#8221;; mso-padding-alt:0cm 5.4pt 0cm 5.4pt; mso-para-margin:0cm; mso-para-margin-bottom:.0001pt; mso-pagination:widow-orphan; font-size:12.0pt; font-family:&#8221;Times New Roman&#8221;; mso-ascii-font-family:Cambria; mso-ascii-theme-font:minor-latin; mso-fareast-font-family:&#8221;Times New Roman&#8221;; mso-fareast-theme-font:minor-fareast; mso-hansi-font-family:Cambria; mso-hansi-theme-font:minor-latin;} \u00a0 Hoger als mijn oogen dragen, wijder als de winden jagen, dieper als de &hellip; <\/p>\n<p class=\"link-more\"><a href=\"https:\/\/www.vergaderingalkmaar.nl\/?page_id=191\" class=\"more-link\"><span class=\"screen-reader-text\">&#8220;Preek zondag 18 maart 2012&#8221;<\/span> verder lezen<\/a><\/p>\n","protected":false},"author":1,"featured_media":0,"parent":588,"menu_order":51,"comment_status":"closed","ping_status":"open","template":"","meta":[],"_links":{"self":[{"href":"https:\/\/www.vergaderingalkmaar.nl\/index.php?rest_route=\/wp\/v2\/pages\/191"}],"collection":[{"href":"https:\/\/www.vergaderingalkmaar.nl\/index.php?rest_route=\/wp\/v2\/pages"}],"about":[{"href":"https:\/\/www.vergaderingalkmaar.nl\/index.php?rest_route=\/wp\/v2\/types\/page"}],"author":[{"embeddable":true,"href":"https:\/\/www.vergaderingalkmaar.nl\/index.php?rest_route=\/wp\/v2\/users\/1"}],"replies":[{"embeddable":true,"href":"https:\/\/www.vergaderingalkmaar.nl\/index.php?rest_route=%2Fwp%2Fv2%2Fcomments&post=191"}],"version-history":[{"count":1,"href":"https:\/\/www.vergaderingalkmaar.nl\/index.php?rest_route=\/wp\/v2\/pages\/191\/revisions"}],"predecessor-version":[{"id":1719,"href":"https:\/\/www.vergaderingalkmaar.nl\/index.php?rest_route=\/wp\/v2\/pages\/191\/revisions\/1719"}],"up":[{"embeddable":true,"href":"https:\/\/www.vergaderingalkmaar.nl\/index.php?rest_route=\/wp\/v2\/pages\/588"}],"wp:attachment":[{"href":"https:\/\/www.vergaderingalkmaar.nl\/index.php?rest_route=%2Fwp%2Fv2%2Fmedia&parent=191"}],"curies":[{"name":"wp","href":"https:\/\/api.w.org\/{rel}","templated":true}]}}