{"id":190,"date":"2012-03-05T11:07:03","date_gmt":"2012-03-05T10:07:03","guid":{"rendered":"http:\/\/www.vergaderingalkmaar.nl\/?page_id=190"},"modified":"2019-11-13T01:37:08","modified_gmt":"2019-11-13T00:37:08","slug":"preek-zondag-4-maart-2012","status":"publish","type":"page","link":"https:\/\/www.vergaderingalkmaar.nl\/?page_id=190","title":{"rendered":"Preek zondag 4 maart 2012"},"content":{"rendered":"<p>      0 false  21  18 pt 18 pt 0 0  false false false               \/* Style Definitions *\/ table.MsoNormalTable \t{mso-style-name:Standaardtabel; \tmso-tstyle-rowband-size:0; \tmso-tstyle-colband-size:0; \tmso-style-noshow:yes; \tmso-style-parent:&#8221;&#8221;; \tmso-padding-alt:0cm 5.4pt 0cm 5.4pt; \tmso-para-margin:0cm; \tmso-para-margin-bottom:.0001pt; \tmso-pagination:widow-orphan; \tfont-size:12.0pt; \tfont-family:&#8221;Times New Roman&#8221;; \tmso-ascii-font-family:Cambria; \tmso-ascii-theme-font:minor-latin; \tmso-hansi-font-family:Cambria; \tmso-hansi-theme-font:minor-latin; \tmso-fareast-language:EN-US;}    <\/p>\n<div style=\"mso-element: para-border-div; border: solid windowtext 1.0pt; mso-border-alt: solid windowtext .5pt; padding: 1.0pt 4.0pt 1.0pt 4.0pt;\">\n<p class=\"MsoNormal\" style=\"text-align: center; mso-pagination: none; tab-stops: 12.0pt 142.0pt; mso-layout-grid-align: none; text-autospace: none; border: none; mso-border-alt: solid windowtext .5pt; padding: 0cm; mso-padding-alt: 1.0pt 4.0pt 1.0pt 4.0pt;\" align=\"center\"><span style=\"font-size: 14.0pt; mso-bidi-font-size: 10.0pt; mso-bidi-font-family: Arial; color: blue; mso-ansi-language: EN-US;\" lang=\"EN-US\">Wij reizen met elkander, wij wand&#8217;len hand in hand;<\/span><span style=\"color: blue;\"><\/span><\/p>\n<\/p><\/div>\n<p class=\"MsoNormal\">\u00a0<\/p>\n<p class=\"MsoNormal\">\u00a0<\/p>\n<div style=\"mso-element: para-border-div; border: solid windowtext 1.0pt; mso-border-alt: solid windowtext .5pt; padding: 1.0pt 4.0pt 1.0pt 4.0pt;\">\n<p class=\"MsoNormal\" style=\"border: none; mso-border-alt: solid windowtext .5pt; padding: 0cm; mso-padding-alt: 1.0pt 4.0pt 1.0pt 4.0pt;\"><em style=\"mso-bidi-font-style: normal;\">Harry Lloyd Hopkins was in de Tweede Wereldoorlog de persoonlijke gezant van de Amerikaanse president Franklin Delano Roosevelt. Door zijn ziekte (kinderverlamming) was de president nauwelijks in staat om te reizen. Des te meer maakte hij gebruik van Hopkins. De president had geen trouwere dienaar. Hopkins werd door leiders als Churchill, Stalin en ook Chang Kai-shek volkomen vertrouwd. Hopkins werd in 1941 naar Engeland werd gestuurd om te bekijken hoe dat land er materieel en politiek voor stond. Bij her diner ter gelegenheid van zijn vertrek stond Hopkins op om een toast uit te brengen. <\/em><em style=\"mso-bidi-font-style: normal;\"><span style=\"mso-bidi-font-size: 13.0pt; mso-bidi-font-family: Helvetica; color: blue;\">\u2018Ik neem aan dat je wilt weten wat ik ga aan president Roosevelt ga zeggen bij mijn terugkeer\u2019 zei hij tegen Churchill. \u2018Welnu, ik citeer u een vers uit het Boek der Boeken &#8230;, \u201cwaar Gij heengaat, zal ik heengaan, en waar gij zult vernachten zal ik vernachten, uw volk is mijn volk en uw God is mijn God.\u201d\u2019<\/span><\/em><\/p>\n<p class=\"MsoNormal\" style=\"border: none; mso-border-alt: solid windowtext .5pt; padding: 0cm; mso-padding-alt: 1.0pt 4.0pt 1.0pt 4.0pt;\"><span style=\"mso-bidi-font-size: 13.0pt; mso-bidi-font-family: Helvetica;\">Amerika nam de Leen-en-Pachtwet aan, waarmee de geallieerden werden ondersteund. <\/span><\/p>\n<\/p><\/div>\n<p class=\"MsoNormal\"><span style=\"mso-bidi-font-size: 13.0pt; mso-bidi-font-family: Helvetica; color: #3366ff;\"> <\/span><\/p>\n<p class=\"MsoNormal\" style=\"mso-pagination: none; mso-layout-grid-align: none; text-autospace: none;\">In Philippenzen 2 lezen we iets soortgelijks. Paulus zit in de gevangenis en kan niet reizen. Hij maakt zich zorgen over de situatie in de gemeente van Philippi. Hij roept hen op eensgezind te zijn en om samen te strijden door het geloof in het evangelie. En om nu te vernemen hoe de situatie in Philippi er voor staat, stuurt Paulus een afgezant \u2013 Timote\u00fcs &#8211; die hij volkomen verrouwt (2: 20) <span style=\"mso-bidi-font-size: 11.0pt; mso-bidi-font-family: Tahoma; color: red;\">Want ik heb niemand die zo eensgeestes is en betrokken voor uw zaken zorg zal dragen. <\/span><span style=\"mso-bidi-font-size: 11.0pt; mso-bidi-font-family: Tahoma;\">Een Hopkins \u2018<\/span><span style=\"mso-bidi-font-size: 11.0pt; mso-bidi-font-family: Tahoma; mso-ansi-language: FR;\" lang=\"FR\">avant la lettre\u2019.<\/span><span style=\"mso-bidi-font-size: 11.0pt; mso-bidi-font-family: Tahoma;\" lang=\"FR\"> <\/span><span style=\"mso-bidi-font-size: 11.0pt; mso-bidi-font-family: Tahoma;\"><\/span><\/p>\n<p class=\"MsoNormal\" style=\"mso-pagination: none; mso-layout-grid-align: none; text-autospace: none;\"><span style=\"mso-bidi-font-size: 11.0pt; mso-bidi-font-family: Tahoma;\"> <\/span><\/p>\n<p class=\"MsoNormal\" style=\"mso-pagination: none; mso-layout-grid-align: none; text-autospace: none;\"><span style=\"mso-bidi-font-size: 11.0pt; mso-bidi-font-family: Tahoma;\">Een afgezant van Christus \u2013 want dat was Timote\u00fcs \u2013 heeft twee kenmerken:<\/span><\/p>\n<p class=\"MsoListParagraphCxSpFirst\" style=\"margin-left: 18.0pt; mso-add-space: auto; text-indent: -18.0pt; mso-pagination: none; mso-list: l0 level1 lfo1; mso-layout-grid-align: none; text-autospace: none;\"><span style=\"font-family: Symbol; mso-fareast-font-family: Symbol; mso-bidi-font-family: Symbol;\"><span style=\"mso-list: Ignore;\">\u00b7<span style=\"font: 7.0pt \" New=\"New\" Roman\";\"=\"Roman\";\"\"> <\/span><\/span><\/span>Hij moet volkomen vertrouwd kunnen worden<\/p>\n<p class=\"MsoListParagraphCxSpMiddle\" style=\"margin-left: 18.0pt; mso-add-space: auto; text-indent: -18.0pt; mso-pagination: none; mso-list: l0 level1 lfo1; mso-layout-grid-align: none; text-autospace: none;\"><span style=\"font-family: Symbol; mso-fareast-font-family: Symbol; mso-bidi-font-family: Symbol;\"><span style=\"mso-list: Ignore;\">\u00b7<span style=\"font: 7.0pt \" New=\"New\" Roman\";\"=\"Roman\";\"\"> <\/span><\/span><\/span>Hij moet het belang van anderen op zijn hart dragen.<\/p>\n<p class=\"MsoListParagraphCxSpLast\" style=\"margin-left: 18.0pt; mso-add-space: auto; mso-pagination: none; mso-layout-grid-align: none; text-autospace: none;\">\u00a0<\/p>\n<p class=\"MsoNormal\" style=\"mso-pagination: none; mso-layout-grid-align: none; text-autospace: none;\">Paulus stuurt dus Timote\u00fcs. Paulus is ongerust over de gemeente. Hij schrijft (1: 1) <span style=\"mso-bidi-font-size: 11.0pt; mso-bidi-font-family: Tahoma; color: red;\">aan alle heiligen in Christus Jezus te Filippi, met opzieners en diakenen. <\/span><span style=\"mso-bidi-font-size: 11.0pt; mso-bidi-font-family: Tahoma;\">Als het gaat om de eenheid in de gemeente hebben we allemaal onze verantwoordelijkheid. Maar daarin worden wel weer verschillende groepen onderscheiden, met eigen specifieke taken daarbinnen. <\/span><\/p>\n<p class=\"MsoNormal\" style=\"mso-pagination: none; mso-layout-grid-align: none; text-autospace: none;\"><span style=\"mso-bidi-font-size: 11.0pt; mso-bidi-font-family: Tahoma;\"> <\/span><\/p>\n<p class=\"MsoNormal\" style=\"mso-pagination: none; mso-layout-grid-align: none; text-autospace: none;\"><span style=\"mso-bidi-font-size: 11.0pt; mso-bidi-font-family: Tahoma;\">Paulus is ervan overtuigd dat Timote\u00fcs met goede berichten zal komen. En als er van onze gemeente nu eens een momentopname gemaakt zou worden? Zou er dan ook een goed bericht verwacht mogen worden? Zou er het beeld van eenheid uit naar voren komen? Kunnen onze leiders hun taak uitoefenen zoals dat de Bijbelse bedoeling is?<\/span><\/p>\n<p class=\"MsoNormal\" style=\"mso-pagination: none; mso-layout-grid-align: none; text-autospace: none;\"><span style=\"mso-bidi-font-size: 11.0pt; mso-bidi-font-family: Tahoma;\"> <\/span><\/p>\n<p class=\"MsoNormal\" style=\"mso-pagination: none; mso-layout-grid-align: none; text-autospace: none;\"><span style=\"mso-bidi-font-size: 11.0pt; mso-bidi-font-family: Tahoma;\">Paulus stuurt Timote\u00fcs omdat die zich om de gemeente bekommert zoals Paulus dat zelf zou doen. Timote\u00fcs is niet uit op eigen belang. De meeste anderen wel, zegt Paulus (2: 21): <span style=\"color: red;\">Want allen zoeken <\/span><\/span><\/p>\n<p class=\"MsoNormal\" style=\"mso-pagination: none; mso-layout-grid-align: none; text-autospace: none;\"><span style=\"mso-bidi-font-size: 11.0pt; mso-bidi-font-family: Tahoma; color: red;\">hun eigen belangen niet die van Christus Jezus.<\/span><span style=\"font-size: 11.0pt; font-family: Tahoma; mso-bidi-font-family: Tahoma; color: red;\"> <\/span><span style=\"font-size: 11.0pt; font-family: Tahoma; mso-bidi-font-family: Tahoma;\"><\/span><\/p>\n<p class=\"MsoNormal\" style=\"mso-pagination: none; mso-layout-grid-align: none; text-autospace: none;\"><span style=\"font-size: 11.0pt; font-family: Tahoma; mso-bidi-font-family: Tahoma;\"> <\/span><\/p>\n<div style=\"mso-element: para-border-div; border: solid windowtext 1.0pt; mso-border-alt: solid windowtext .5pt; padding: 1.0pt 4.0pt 1.0pt 4.0pt;\">\n<p class=\"MsoNormal\" style=\"mso-pagination: none; mso-layout-grid-align: none; text-autospace: none; border: none; mso-border-alt: solid windowtext .5pt; padding: 0cm; mso-padding-alt: 1.0pt 4.0pt 1.0pt 4.0pt;\"><em style=\"mso-bidi-font-style: normal;\"><span style=\"mso-bidi-font-size: 11.0pt; mso-bidi-font-family: Tahoma;\">Lot is een voorbeeld van iemand die het eigenbelang vooropstelt. Als Abraham en hij moeten kiezen waar hun activiteit voort te zetten, is Lot er als de kippen bij om als eerste te kiezen. Uit puur eigenbelang.<\/span><\/em><\/p>\n<\/p><\/div>\n<p class=\"MsoNormal\" style=\"mso-pagination: none; mso-layout-grid-align: none; text-autospace: none;\"><span style=\"mso-bidi-font-size: 11.0pt; mso-bidi-font-family: Tahoma;\"> <\/span><\/p>\n<p class=\"MsoNormal\" style=\"mso-pagination: none; mso-layout-grid-align: none; text-autospace: none;\"><span style=\"mso-bidi-font-size: 9.0pt; mso-bidi-font-family: Verdana;\">Voor een dienaar van Christus geldt dat het belang van de gemeente altijd voorop moet staan. Wij zijn gezanten van Christus, en hij verloochende elk eigenbelang. Timote\u00fcs diende met Paulus in de verkondiging van het evangelie (2: 22) <\/span><span style=\"mso-bidi-font-size: 11.0pt; mso-bidi-font-family: Tahoma; color: red;\">als een kind met een vader. <\/span><span style=\"mso-bidi-font-size: 11.0pt; mso-bidi-font-family: Tahoma;\">Veel inniger kan het niet gezegd worden.<span style=\"color: red;\"> <\/span>Paulus trok door veel gevaren van plaats naar plaats. En Timote\u00fcs volgde, als een kind. Dat is nou niet meteen de beste manier van optreden als je carri\u00e8re wilt maken. En je eigen toekomst vooropstelt. Maar in het koninkrijk van God gelden andere regels dan in de wereld van vandaag.<\/span><\/p>\n<p class=\"MsoNormal\" style=\"mso-pagination: none; mso-layout-grid-align: none; text-autospace: none;\"><span style=\"mso-bidi-font-size: 11.0pt; mso-bidi-font-family: Tahoma;\">Timote\u00fcs ging niet voor zijn eigen toekomst. Hij had slechts \u00e9\u00e9n doel voor ogen: het welzijn van alle gelovigen. En daarom kon Paulus hem zo heel goed gebruiken. <\/span><\/p>\n<p class=\"MsoNormal\" style=\"mso-pagination: none; mso-layout-grid-align: none; text-autospace: none;\"><span style=\"mso-bidi-font-size: 11.0pt; mso-bidi-font-family: Tahoma;\"> <\/span><\/p>\n<p class=\"MsoNormal\" style=\"mso-pagination: none; mso-layout-grid-align: none; text-autospace: none;\"><span style=\"mso-bidi-font-size: 11.0pt; mso-bidi-font-family: Tahoma;\">Zouden ook wij zo door Christus gezonden kunnen worden? Met maar \u00e9\u00e9n doel voor ogen? Lijken we meer op Lot of meer op Timote\u00fcs? Is het rapport over ons (1: 27) <\/span><span style=\"mso-bidi-font-size: 11.0pt; mso-bidi-font-family: Tahoma; color: red; mso-ansi-language: EN-US;\" lang=\"EN-US\">dat ge vaststaat in \u00e9\u00e9n geest en met \u00e9\u00e9n ziel samen strijdt voor het geloof van de verkondiging. <\/span><span style=\"mso-bidi-font-size: 11.0pt; mso-bidi-font-family: Tahoma; mso-ansi-language: EN-US;\" lang=\"EN-US\">Mag het ons wat kosten?<\/span><\/p>\n<p class=\"MsoNormal\" style=\"mso-pagination: none; mso-layout-grid-align: none; text-autospace: none;\"><span style=\"mso-bidi-font-size: 11.0pt; mso-bidi-font-family: Tahoma; mso-ansi-language: EN-US;\" lang=\"EN-US\"> <\/span><\/p>\n<p class=\"MsoNormal\" style=\"mso-pagination: none; mso-layout-grid-align: none; text-autospace: none;\"><span style=\"mso-bidi-font-size: 11.0pt; mso-bidi-font-family: Tahoma; mso-ansi-language: EN-US;\" lang=\"EN-US\"> <\/span><\/p>\n<div style=\"mso-element: para-border-div; border: solid windowtext 1.0pt; mso-border-alt: solid windowtext .5pt; padding: 1.0pt 4.0pt 1.0pt 4.0pt;\">\n<p class=\"MsoNormal\" style=\"text-align: center; mso-pagination: none; tab-stops: 12.0pt 142.0pt; mso-layout-grid-align: none; text-autospace: none; border: none; mso-border-alt: solid windowtext .5pt; padding: 0cm; mso-padding-alt: 1.0pt 4.0pt 1.0pt 4.0pt;\" align=\"center\"><span style=\"font-size: 14.0pt; mso-bidi-font-size: 10.0pt; mso-bidi-font-family: Arial; color: blue; mso-ansi-language: EN-US;\" lang=\"EN-US\">d&#8217; een zij tot troost de ander op weg naar &#8217;t Vaderland.<\/span><\/p>\n<\/p><\/div>\n<p class=\"MsoNormal\" style=\"mso-pagination: none; mso-layout-grid-align: none; text-autospace: none;\"><span style=\"mso-bidi-font-size: 9.0pt; mso-bidi-font-family: Verdana;\"> <\/span><\/p><\/p>\n","protected":false},"excerpt":{"rendered":"<p>0 false 21 18 pt 18 pt 0 0 false false false \/* Style Definitions *\/ table.MsoNormalTable {mso-style-name:Standaardtabel; mso-tstyle-rowband-size:0; mso-tstyle-colband-size:0; mso-style-noshow:yes; mso-style-parent:&#8221;&#8221;; mso-padding-alt:0cm 5.4pt 0cm 5.4pt; mso-para-margin:0cm; mso-para-margin-bottom:.0001pt; mso-pagination:widow-orphan; font-size:12.0pt; font-family:&#8221;Times New Roman&#8221;; mso-ascii-font-family:Cambria; mso-ascii-theme-font:minor-latin; mso-hansi-font-family:Cambria; mso-hansi-theme-font:minor-latin; mso-fareast-language:EN-US;} Wij reizen met elkander, wij wand&#8217;len hand in hand; \u00a0 \u00a0 Harry Lloyd Hopkins was in de &hellip; <\/p>\n<p class=\"link-more\"><a href=\"https:\/\/www.vergaderingalkmaar.nl\/?page_id=190\" class=\"more-link\"><span class=\"screen-reader-text\">&#8220;Preek zondag 4 maart 2012&#8221;<\/span> verder lezen<\/a><\/p>\n","protected":false},"author":1,"featured_media":0,"parent":588,"menu_order":52,"comment_status":"closed","ping_status":"open","template":"","meta":[],"_links":{"self":[{"href":"https:\/\/www.vergaderingalkmaar.nl\/index.php?rest_route=\/wp\/v2\/pages\/190"}],"collection":[{"href":"https:\/\/www.vergaderingalkmaar.nl\/index.php?rest_route=\/wp\/v2\/pages"}],"about":[{"href":"https:\/\/www.vergaderingalkmaar.nl\/index.php?rest_route=\/wp\/v2\/types\/page"}],"author":[{"embeddable":true,"href":"https:\/\/www.vergaderingalkmaar.nl\/index.php?rest_route=\/wp\/v2\/users\/1"}],"replies":[{"embeddable":true,"href":"https:\/\/www.vergaderingalkmaar.nl\/index.php?rest_route=%2Fwp%2Fv2%2Fcomments&post=190"}],"version-history":[{"count":1,"href":"https:\/\/www.vergaderingalkmaar.nl\/index.php?rest_route=\/wp\/v2\/pages\/190\/revisions"}],"predecessor-version":[{"id":1718,"href":"https:\/\/www.vergaderingalkmaar.nl\/index.php?rest_route=\/wp\/v2\/pages\/190\/revisions\/1718"}],"up":[{"embeddable":true,"href":"https:\/\/www.vergaderingalkmaar.nl\/index.php?rest_route=\/wp\/v2\/pages\/588"}],"wp:attachment":[{"href":"https:\/\/www.vergaderingalkmaar.nl\/index.php?rest_route=%2Fwp%2Fv2%2Fmedia&parent=190"}],"curies":[{"name":"wp","href":"https:\/\/api.w.org\/{rel}","templated":true}]}}