{"id":1813,"date":"2020-02-23T22:17:46","date_gmt":"2020-02-23T21:17:46","guid":{"rendered":"http:\/\/www.vergaderingalkmaar.nl\/?page_id=1813"},"modified":"2020-02-23T22:38:47","modified_gmt":"2020-02-23T21:38:47","slug":"preek-zondag-23-februari-2020","status":"publish","type":"page","link":"https:\/\/www.vergaderingalkmaar.nl\/?page_id=1813","title":{"rendered":"Preek zondag 23 februari 2020"},"content":{"rendered":"\n<h2 class=\"has-vivid-cyan-blue-color has-text-color has-text-align-center\"><strong>Jezus leert ons samen zijn in harmonie<\/strong><\/h2>\n\n\n<h3>\u00a0<\/h3>\n\n\n\n\n<p>Wandelen in de natuur wordt tegenwoordig behoorlijk gepromoot. In onze gejaagde maatschappij, in de rusteloze wereld, zoeken we naar verademing en ontspanning. En dan blijkt twee uurtjes wandelen in alle opzichten heilzaam te zijn. Lichamelijk vaar je er wel bij, en twee uur niks aan je hoofd dan wat wind is geestelijk ook heel rustgevend. Een hele waslijst van positieve effecten leert ons dat een paar uur in de natuur wonderen werkt. Als we tenminste onze smartphone thuis laten\u2026\u2026.&nbsp;<\/p>\n\n\n\n<p>Wandelend in de natuur kun je ook prachtig bespiegelend nadenken over God. Bijna ongemerkt met Hem bezig zijn. In de natuur, die door hem geschapen is. Waarin Zijn ordening zichtbaar wordt, in een eindeloze vari\u00ebteit. God maakt Zichzelf kenbaar in de natuur zegt Rom. 1, 20:&nbsp;vanaf de schepping der wereld wordt al wat onzichtbaar is van hem aan zijn daden opgemerkt en gezien: \u00e9n zijn altijddurende kracht \u00e9n zijn goddelijkheid,<\/p>\n\n\n\n<p>Achter de schepping zit de Schepper. En Gods eindeloze wijsheid weerspiegelt zich in de samenhang die in heel de schepping wordt waargenomen. Elk onderdeel is daar nodig. Als wij mensen de balans verstoren krijgen we dat op ons brood. Gods scheppingsorde kunnen we maar beter respecteren.<\/p>\n\n\n\n<p>En dat geldt ook voor de ordening die God graag ziet in Zijn gemeente. In het stukje dat we lezen (Ef. 3, 14 \u2013 21) staat het woord \u2018samen\u2019 centraal. Christen ben je niet individueel op je eentje. Christenen vormen een broeder-en-zusterschap; Jezus leert ons samenleven als gezin.&nbsp;<\/p>\n\n\n\n<p><em>Een leeuw heeft niet heel veel kans om z\u2019n prooi te bespringen en te doden als de kudde compact bijeenblijft. Maar als er zieke dieren achterblijven, of jonge beesten vrijelijk rond gaan zwerven weet de leeuw ze te pakken te nemen. Als christelijke gemeente moeten we daarom heel sterk een gemeenschap zijn. Moeten we elkaar vasthouden.<\/em><\/p>\n\n\n\n<p>De brief aan Efeze heeft het over de christelijke gemeente als het ware lichaam van Christus. De eerste hoofdstukken beschrijven Gods glorie. Ongeacht hun herkomst zijn alle christenen \u2013 joden en heidenen \u2013 in de christelijke gemeenschap \u00e9\u00e9n. En als Paulus ergens de nadruk op legt is dat wel op het voork\u00f3men van verdeeldheid en scheuring:<\/p>\n\n\n\n<p><strong>Vers 15<\/strong>: God is vader van elke gemeenschap in de hemel en op aarde<\/p>\n\n\n\n<p><strong>Vers 16<\/strong>: Gods geest versterkt ons innerlijk met kracht<\/p>\n\n\n\n<p><strong>Vers 17<\/strong>: Gods Gezalfde zal zijn huis vinden in onze harten, geworteld als we zijn in de liefde<\/p>\n\n\n\n<p><strong>Vers 18, 19<\/strong>:&nbsp;<\/p>\n\n\n\n<p class=\"has-text-color has-text-align-center has-vivid-red-color\">opdat ge sterk genoeg zult zijn<br>om samen met alle heiligen te bevattan<br>war de breedte, lengte, hoogte en diepte is,<br>en om<br>de alle kennis overtreffende liefde<br>van de gezalfde<br>te kennen,<br>opdat ge vervuld moogt worden<br>tot aan heen de volheid van God.<\/p>\n\n\n\n<p><strong>Vers 20<\/strong>: God, die bij machte is meer dan overvloedig te doen boven alles wat wij bidden of denken,<\/p>\n\n\n\n<p><strong>Vers 21<\/strong>: Aan God komt alle eer toe in de kerk en in Christus Jezus, tot in alle geslachten van de eeuwigheid der eeuwen.&nbsp;<\/p>\n\n\n\n<p>Als wij christenen staande willen blijven in deze tijd van individualisme hebben we de christelijke gemeenschap meer dan ooit nodig. Want alleen zullen we nooit kunnen bevatten hoe groot God is. God geeft zijn openbaring aan heel de kerk. En dan is ook heel die kerk, met al zijn kerkgenootschappen, nodig om iets te snappen de grootheid en alomvattendheid van Gods openbaring, die ons vermogen tot begrijpen overigens te boven gaat.&nbsp;<\/p>\n\n\n\n<p>Laten we dat Goddelijk perspectief ons maar weer eens voor ogen stellen. Het is heilzaam voor ons christen zijn. Zoals een goede wandeling in de natuur heilzaam is voor ons lichaam.&nbsp;<\/p>\n\n\n\n<h2 class=\"has-vivid-cyan-blue-color has-text-color has-text-align-center\"><strong>Zoveel mensen, zoveel harten, Hij maakt ons \u00e9\u00e9n<\/strong><\/h2>\n\n\n<h3>\u00a0<\/h3>\n<p>\u00a0<\/p>\n<p>\u00a0<\/p>\n<p>\u00a0<\/p>","protected":false},"excerpt":{"rendered":"<p>Jezus leert ons samen zijn in harmonie \u00a0 Wandelen in de natuur wordt tegenwoordig behoorlijk gepromoot. In onze gejaagde maatschappij, in de rusteloze wereld, zoeken we naar verademing en ontspanning. En dan blijkt twee uurtjes wandelen in alle opzichten heilzaam te zijn. Lichamelijk vaar je er wel bij, en twee uur niks aan je hoofd &hellip; <\/p>\n<p class=\"link-more\"><a href=\"https:\/\/www.vergaderingalkmaar.nl\/?page_id=1813\" class=\"more-link\"><span class=\"screen-reader-text\">&#8220;Preek zondag 23 februari 2020&#8221;<\/span> verder lezen<\/a><\/p>\n","protected":false},"author":3,"featured_media":0,"parent":588,"menu_order":0,"comment_status":"closed","ping_status":"closed","template":"preken_page.php","meta":[],"_links":{"self":[{"href":"https:\/\/www.vergaderingalkmaar.nl\/index.php?rest_route=\/wp\/v2\/pages\/1813"}],"collection":[{"href":"https:\/\/www.vergaderingalkmaar.nl\/index.php?rest_route=\/wp\/v2\/pages"}],"about":[{"href":"https:\/\/www.vergaderingalkmaar.nl\/index.php?rest_route=\/wp\/v2\/types\/page"}],"author":[{"embeddable":true,"href":"https:\/\/www.vergaderingalkmaar.nl\/index.php?rest_route=\/wp\/v2\/users\/3"}],"replies":[{"embeddable":true,"href":"https:\/\/www.vergaderingalkmaar.nl\/index.php?rest_route=%2Fwp%2Fv2%2Fcomments&post=1813"}],"version-history":[{"count":2,"href":"https:\/\/www.vergaderingalkmaar.nl\/index.php?rest_route=\/wp\/v2\/pages\/1813\/revisions"}],"predecessor-version":[{"id":1817,"href":"https:\/\/www.vergaderingalkmaar.nl\/index.php?rest_route=\/wp\/v2\/pages\/1813\/revisions\/1817"}],"up":[{"embeddable":true,"href":"https:\/\/www.vergaderingalkmaar.nl\/index.php?rest_route=\/wp\/v2\/pages\/588"}],"wp:attachment":[{"href":"https:\/\/www.vergaderingalkmaar.nl\/index.php?rest_route=%2Fwp%2Fv2%2Fmedia&parent=1813"}],"curies":[{"name":"wp","href":"https:\/\/api.w.org\/{rel}","templated":true}]}}