{"id":1788,"date":"2020-01-13T12:37:08","date_gmt":"2020-01-13T11:37:08","guid":{"rendered":"http:\/\/www.vergaderingalkmaar.nl\/?page_id=1788"},"modified":"2020-01-13T13:36:22","modified_gmt":"2020-01-13T12:36:22","slug":"preek-zondag-12-januari-2020","status":"publish","type":"page","link":"https:\/\/www.vergaderingalkmaar.nl\/?page_id=1788","title":{"rendered":"Preek zondag 12 januari 2020"},"content":{"rendered":"\n<h2 class=\"has-vivid-cyan-blue-color has-text-color has-text-align-center\"><strong><em>Herr Jesu Christ, erh\u00f6re mich, erh\u00f6re mich,<\/em><\/strong><\/h2>\n\n\n\n<p>Als Mozes (Ex. 33, 18 \u2013 23) tot God uitroept \u2018laat mij toch uw glorie zien!\u2019&nbsp;dan is dat op een voor mij compleet onverwacht moment. Mozes had geweldig intensief contact met God. Als God overweegt het volk Isra\u00ebl aan de kant te schuiven (Ex. 32, 14) om vervolgens Mozes tot stamvader van een nieuw volk te maken, dan is het Mozes die \u2013 menselijkerwijs gesproken \u2013 God wijst op de inconsequentie daarvan. En God, die zijn eeuwige raadsbesluiten nooit aanpast, kiest dan een andere weg! Mozes stond nooit dichter bij God. En als Mozes \u2013 op Gods opdracht met het volk weer verder te trekken \u2013 God heel indringend vraagt om dan wel mee te willen gaan, stemt God toe. Wat blijft er dan nog te wensen over voor Mozes, denk ik dan. <\/p>\n\n\n\n<p>En op dat moment  vraagt Mozes met zoveel woorden \u2018<em>God, wie bent u eigenlijk<\/em>?&nbsp;<em>U bent eindeloos groot, maar begrijpen doe ik u niet. Mag ik iets zien van uw eindeloze grootheid?\u2019<\/em>&nbsp;En God heeft voor Mozes een plekje op de rots.&nbsp; <\/p>\n\n\n\n<p>Het lijkt er wel op dat hoe dichter Mozes bij God is, hoe minder hij van God begrijpt. Dat hoe meer we van God zien, hoe minder Hij voor ons vast te pakken is. Hoe onbegrijpelijker Hij wordt. Dat alleen zijn eindeloze en onpakbare heerlijkheid nog overblijft.&nbsp;<\/p>\n\n\n\n<p class=\"has-text-color has-vivid-cyan-blue-color\"><em>Een groepje solf\u00e8geleerlingen moest \u00e9\u00e9n van Bachs grote orgelfuga\u2019s bestuderen. De resultaten werden in de volgende les gezamenlijk besproken. De docent vulde de pogingen van de studenten aan en iets van de genialiteit van de grote meester kwam over de groep. \u201cMaar Jaap,\u201d zei een studente, \u201cals jij dat nou speelt op het orgel van de Grote Kerk in Breda, hoor jij dan ook die analyse?\u201d&nbsp;&nbsp;<\/em><\/p>\n\n\n\n<p class=\"has-text-color has-vivid-cyan-blue-color\"><em>\u201cWelnee jongens,\u201d reageerde de docent, \u201cdeze muziek komt rechtstreeks van de Heilige Geest.\u201d<\/em><\/p>\n\n\n\n<p>In het Johannesevangelie verwijst het woord \u2018verheerlijken\u2019, \u2018verheerlijkt worden\u2019 steeds naar het grote mysterie van Jezus\u2019 kruisdood en verrijzenis. Joh. 1, 14:&nbsp;Het spreken is vlees-en-bloed geworden en heeft bij ons zijn tent opgeslagen;&nbsp;<strong>wij hebben zijn glorie aanschouwd, een glorie van een eniggeborene van bij een Vader<\/strong>,- vol van genade en waarheid. <\/p>\n\n\n\n<p>Bij de bruiloft in Kana, waar water wordt veranderd in wijn, lezen we (Joh. 2, 11):&nbsp;Dit is het begin dat Jezus maakt met de tekenen, te Kana in Galilea;&nbsp;<strong>zo openbaart hij zijn glorie<\/strong>&nbsp;en gaan zijn leerlingen in hem geloven.&nbsp;<\/p>\n\n\n\n<p>Verder in hetzelfde Johannesevangelie wordt dit \u2018verheerlijken\u2019 verbonden met het gebod aan de gelovigen om elkaar lief te hebben en zo te delen in de liefde van God (Joh. 13, 31-35).&nbsp;<\/p>\n\n\n\n<p>Wij hebben zijn glorie aanschouwd&nbsp;zegt Johannes, terugkijkend op zijn jaren met Jezus.&nbsp;&nbsp;<\/p>\n\n\n\n<p>De tijd is gekomen om definitief in te zien dat we in de gemeente \u2013- als de geloofsgemeenschap rondom het kind dat koning is \u2013 elkaar moeten helpen bij dit ene alles overtreffende, grootse en kostbare is: het zien van Jezus. Want in Hem verschijnt Gods heerlijkheid. De volheid van God woont in Hem!<\/p>\n\n\n\n<p>De tijd is gekomen om ons te realiseren dat we in het stralende licht van Christus\u2019 glorie gaan staan zodat we die glorie kunnen weerspiegelen en ook anderen tot zegen kunnen zijn omdat we doorstroomd worden met zijn vrede, zijn barmhartigheid, zijn genade, zijn trouw, zijn kracht, zijn liefde, zijn dienstbaarheid, zijn echtheid en zijn ontferming.&nbsp;<\/p>\n\n\n\n<p>In de christelijke leer laten vele wetenschappers hun licht schijnen over ethische, dogmatische, liturgische, missiologische, homiletische en kerkhistorische onderwerpen. En dat is heel goed. Maar uiteindelijk&nbsp;<em>\u201ckomt het rechtstreeks van de Heilige Geest.\u201d<\/em>&nbsp;Wij hebben zijn glorie aanschouwd.&nbsp;<\/p>\n\n\n\n<p>Met het openingskoor van Bachs Johannes Passion:<\/p>\n\n\n\n<div class=\"wp-block-group\"><div class=\"wp-block-group__inner-container\">\n<p><em>Herr, unser Herrscher, dessen Ruhm&nbsp;&nbsp;&nbsp;&nbsp;&nbsp;&nbsp;&nbsp;&nbsp;&nbsp;&nbsp;&nbsp;<\/em>Heer, onze heerser, wiens roem<\/p>\n\n\n\n<p><em>in allen Landen herrlich ist!&nbsp;&nbsp;&nbsp;&nbsp;&nbsp;&nbsp;&nbsp;&nbsp;&nbsp;&nbsp;&nbsp;&nbsp;&nbsp;&nbsp;&nbsp;&nbsp;&nbsp;&nbsp;&nbsp;&nbsp;&nbsp;&nbsp;&nbsp;&nbsp;&nbsp;&nbsp;&nbsp;&nbsp;&nbsp;&nbsp;&nbsp;&nbsp;&nbsp;<\/em>in alle landen heerlijk is!<\/p>\n\n\n\n<p><em>Zeig uns durch deine Passion,&nbsp;&nbsp;&nbsp;&nbsp;&nbsp;&nbsp;&nbsp;&nbsp;&nbsp;&nbsp;&nbsp;&nbsp;&nbsp;&nbsp;&nbsp;&nbsp;&nbsp;&nbsp;&nbsp;&nbsp;&nbsp;&nbsp;&nbsp;&nbsp;&nbsp;&nbsp;&nbsp;&nbsp;<\/em>Toon ons door uw lijden<\/p>\n\n\n\n<p><em>da\u00df du, der wahre Gottessohn,&nbsp;&nbsp;&nbsp;&nbsp;&nbsp;&nbsp;&nbsp;&nbsp;&nbsp;&nbsp;&nbsp;&nbsp;&nbsp;&nbsp;&nbsp;&nbsp;&nbsp;&nbsp;&nbsp;&nbsp;&nbsp;&nbsp;&nbsp;&nbsp;&nbsp;&nbsp;<\/em>dat u, de ware Zoon van God,<\/p>\n\n\n\n<p><em>zu aller Zeit,&nbsp;&nbsp;&nbsp;&nbsp;&nbsp;&nbsp;&nbsp;&nbsp;&nbsp;&nbsp;&nbsp;&nbsp;&nbsp;&nbsp;&nbsp;&nbsp;&nbsp;&nbsp;&nbsp;&nbsp;&nbsp;&nbsp;&nbsp;&nbsp;&nbsp;&nbsp;&nbsp;&nbsp;&nbsp;&nbsp;&nbsp;&nbsp;&nbsp;&nbsp;&nbsp;&nbsp;&nbsp;&nbsp;&nbsp;&nbsp;&nbsp;&nbsp;&nbsp;&nbsp;&nbsp;&nbsp;&nbsp;&nbsp;&nbsp;&nbsp;&nbsp;&nbsp;&nbsp;&nbsp;&nbsp;<\/em>           altijd,<\/p>\n\n\n\n<p><em>auch in der gr\u00f6\u00dften Niedrigkeit,&nbsp;&nbsp;&nbsp;&nbsp;&nbsp;&nbsp;&nbsp;&nbsp;&nbsp;&nbsp;&nbsp;&nbsp;&nbsp;&nbsp;&nbsp;<\/em>    zelfs in de grootste vernedering,<\/p>\n\n\n\n<p><em>verherrlicht worden bist!&nbsp;&nbsp;&nbsp;&nbsp;&nbsp;&nbsp;&nbsp;&nbsp;&nbsp;&nbsp;&nbsp;&nbsp;&nbsp;&nbsp;&nbsp;&nbsp;&nbsp;&nbsp;&nbsp;&nbsp;&nbsp;&nbsp;&nbsp;&nbsp;&nbsp;&nbsp;&nbsp;&nbsp;&nbsp;&nbsp;&nbsp;&nbsp;&nbsp;&nbsp;&nbsp;&nbsp;&nbsp;&nbsp;<\/em>verheerlijkt bent!<\/p>\n<\/div><\/div>\n\n\n\n<h2 class=\"has-vivid-cyan-blue-color has-text-color has-text-align-center\"><strong><em>ich will dich preisen ewiglich.<\/em><\/strong><\/h2>\n\n\n\n<p class=\"has-text-align-right\"><em>Johann Sebastian Bach, Johannes-Passion (BWV 245), slot-koraal<\/em>  https:\/\/youtu.be\/wSOTYg86AVs <em>\u00a0<\/em><\/p>\n","protected":false},"excerpt":{"rendered":"<p>Herr Jesu Christ, erh\u00f6re mich, erh\u00f6re mich, Als Mozes (Ex. 33, 18 \u2013 23) tot God uitroept \u2018laat mij toch uw glorie zien!\u2019&nbsp;dan is dat op een voor mij compleet onverwacht moment. Mozes had geweldig intensief contact met God. Als God overweegt het volk Isra\u00ebl aan de kant te schuiven (Ex. 32, 14) om vervolgens &hellip; <\/p>\n<p class=\"link-more\"><a href=\"https:\/\/www.vergaderingalkmaar.nl\/?page_id=1788\" class=\"more-link\"><span class=\"screen-reader-text\">&#8220;Preek zondag 12 januari 2020&#8221;<\/span> verder lezen<\/a><\/p>\n","protected":false},"author":3,"featured_media":0,"parent":588,"menu_order":0,"comment_status":"closed","ping_status":"closed","template":"preken_page.php","meta":[],"_links":{"self":[{"href":"https:\/\/www.vergaderingalkmaar.nl\/index.php?rest_route=\/wp\/v2\/pages\/1788"}],"collection":[{"href":"https:\/\/www.vergaderingalkmaar.nl\/index.php?rest_route=\/wp\/v2\/pages"}],"about":[{"href":"https:\/\/www.vergaderingalkmaar.nl\/index.php?rest_route=\/wp\/v2\/types\/page"}],"author":[{"embeddable":true,"href":"https:\/\/www.vergaderingalkmaar.nl\/index.php?rest_route=\/wp\/v2\/users\/3"}],"replies":[{"embeddable":true,"href":"https:\/\/www.vergaderingalkmaar.nl\/index.php?rest_route=%2Fwp%2Fv2%2Fcomments&post=1788"}],"version-history":[{"count":4,"href":"https:\/\/www.vergaderingalkmaar.nl\/index.php?rest_route=\/wp\/v2\/pages\/1788\/revisions"}],"predecessor-version":[{"id":1794,"href":"https:\/\/www.vergaderingalkmaar.nl\/index.php?rest_route=\/wp\/v2\/pages\/1788\/revisions\/1794"}],"up":[{"embeddable":true,"href":"https:\/\/www.vergaderingalkmaar.nl\/index.php?rest_route=\/wp\/v2\/pages\/588"}],"wp:attachment":[{"href":"https:\/\/www.vergaderingalkmaar.nl\/index.php?rest_route=%2Fwp%2Fv2%2Fmedia&parent=1788"}],"curies":[{"name":"wp","href":"https:\/\/api.w.org\/{rel}","templated":true}]}}