{"id":178,"date":"2011-12-04T18:32:46","date_gmt":"2011-12-04T17:32:46","guid":{"rendered":"http:\/\/www.vergaderingalkmaar.nl\/?page_id=178"},"modified":"2019-11-13T01:37:07","modified_gmt":"2019-11-13T00:37:07","slug":"preek-zondag-4-december-2011","status":"publish","type":"page","link":"https:\/\/www.vergaderingalkmaar.nl\/?page_id=178","title":{"rendered":"Preek zondag 4 december 2011"},"content":{"rendered":"<p>\u00a0<\/p>\n<div style=\"mso-element: para-border-div; border: solid windowtext 1.0pt; mso-border-alt: solid windowtext .5pt; padding: 1.0pt 4.0pt 1.0pt 4.0pt;\">\n<p class=\"MsoNormal\" style=\"text-align: center; mso-pagination: none; mso-layout-grid-align: none; text-autospace: none; border: none; mso-border-alt: solid windowtext .5pt; padding: 0cm; mso-padding-alt: 1.0pt 4.0pt 1.0pt 4.0pt;\" align=\"center\"><strong style=\"mso-bidi-font-weight: normal;\"><span style=\"font-size: 14.0pt; mso-bidi-font-size: 11.0pt; mso-bidi-font-family: Tahoma; color: #3366ff;\">In samenzang z\u00e9genden zij G\u00f3d,<\/span><\/strong><\/p>\n<\/p><\/div>\n<p class=\"MsoNormal\"><span style=\"font-size: 11.0pt; font-family: Tahoma; mso-bidi-font-family: Tahoma;\"> <\/span><\/p>\n<p class=\"MsoNormal\">In de bijbel wordt veel gezongen. Bij de zeven grote feesten van Israel traden koren op. Salomo wordt genoemd als de schrijver van 1005 liederen, die overigens verder onbekend zijn. Bij de inwijding van de door Nehemia herbouwde tempel zongen twee koren in processiezang (Neh. 12: 31). En Josafat, in de problemen gekomen in de oorlog tegen Ammonieten en Moabieten, besluit een koor voor de strijders uit te laten lopen (2 Kron. 20: 20 \u2013 23).<\/p>\n<p class=\"MsoNormal\">De bekendste liederen uit de bijbel zijn wel de psalmen. Geschreven voor Israel, zijn ze in afgeleide vorm ook van toepassing op ons. Een aantal keer klinkt daarin de oproep \u201c<em style=\"mso-bidi-font-style: normal;\">Zingt voor de ENE een nieuw gezang.<\/em>\u201d<\/p>\n<p class=\"MsoNormal\">\u00a0<\/p>\n<p class=\"MsoNormal\" style=\"mso-pagination: none; mso-layout-grid-align: none; text-autospace: none;\"><strong style=\"mso-bidi-font-weight: normal;\">Psalm 33: 3, 4:<\/strong> <span style=\"mso-bidi-font-size: 11.0pt; mso-bidi-font-family: Tahoma; color: red;\">Zingt hem een z\u00e1ng nooit gez\u00f3ngen!- op z&#8217;n schoonst moet ge sp\u00e9len, d\u00e1t het sch\u00e1lt! Want rechtuit is het spr\u00e9ken van de \u00c9ne, al wat hij m\u00e1akt get\u00faigt van tr\u00f3uw.<\/span><\/p>\n<p class=\"MsoNormal\" style=\"mso-pagination: none; mso-layout-grid-align: none; text-autospace: none;\">Heel de bijbel \u2013 66 boeken in omvang \u2013 is het betrouwbare woord van God. We kunnen dat bestuderen, in onze huisgezinnen, op bijbelbesprekingen en op conferenties. We leven in een gelukkige tijd en op een gelukkige plaats op de wereld. We hebben alle vrijheid om Gods Woord te lezen en de waarheid ervan te belijden. Er zijn landen waar het enkele bezit van een bijbel vandaag de dag een gevaarlijk iets is.<span style=\"mso-spacerun: yes;\"> <\/span>En God getuigt van trouw. Hij ging met Israel een verbond aan. Louter en alleen omdat Hij van hen hield. Trouw is wat d Wet aan een toekomstig echtpaar als opdracht voorhoudt. Trouw is het kenmerk van de relatie tussen God en zijn gemeente. En \u2018God verlaat niet wat Zijn hand begon\u201d: God houdt vast aan wat Hij eenmaal beloofd heeft.<\/p>\n<p class=\"MsoNormal\" style=\"mso-pagination: none; mso-layout-grid-align: none; text-autospace: none;\">\u00a0<\/p>\n<p class=\"MsoNormal\" style=\"mso-pagination: none; mso-layout-grid-align: none; text-autospace: none;\"><strong style=\"mso-bidi-font-weight: normal;\">Psalm 96: 1, 4; 5b:<\/strong><span style=\"mso-spacerun: yes;\"> <\/span><span style=\"mso-bidi-font-size: 11.0pt; mso-bidi-font-family: Tahoma; color: red;\">Zingt voor de ENE een n\u00edeuw gez\u00e1ng, Want groot is de ENE en z\u00e9er te l\u00f3ven, te vrezen is hij b\u00f3ven \u00e1lle g\u00f3den\u2026\u2026 de \u00c9NE is de m\u00e1ker v\u00e1n de h\u00e9mel.<\/span><\/p>\n<p class=\"MsoNormal\">Wij geloven dat alles wat er maar bestaat in het heelal door God is geschapen. Hij is de oorsprong van het zijnde. Met het blote ook kunnen we op een maanloze nacht en zonder kunstlicht in de omgeving wel 3000 sterren zien. Met hulpmiddelen worden dat er vele miljoenen. En al de sterren gaf God een naam. Als schepper van hemel en aarde mogen we Hem aanbidden en alle eer geven (psalm 19). Maar ook aanbidden we Hem als Vader. Zonder afstand tussen Hem en ons. In alle vertrouwelijkheid.<\/p>\n<p class=\"MsoNormal\">\u00a0<\/p>\n<p class=\"MsoNormal\"><strong style=\"mso-bidi-font-weight: normal;\">Psalm 98: 1:<\/strong> <span style=\"mso-bidi-font-size: 11.0pt; mso-bidi-font-family: Tahoma; color: red;\">Zingt voor de ENE een nieuw gezang, want wonderen heeft h\u00edj ged\u00e1an;<\/span><\/p>\n<p class=\"MsoNormal\"><span style=\"mso-bidi-font-size: 11.0pt; mso-bidi-font-family: Tahoma;\">\u2018<em style=\"mso-bidi-font-style: normal;\">Wie niet in wonderen gelooft is geen realist<\/em>,\u2019 zei ooit Isra\u00ebls minister-president Golda Me\u00efr. In het verleden deed God wonderen met en voor Zijn volk. En ook in de recente geschiedenis \u2013 zie de Jom Kippoer oorlog \u2013 gebeurden er ongelooflijke dingen. Israel is Gods volk; het zal tot in lengte van dagen blijven bestaan. God beschermt het. <\/span><\/p>\n<p class=\"MsoNormal\"><span style=\"mso-bidi-font-size: 11.0pt; mso-bidi-font-family: Tahoma;\">In ons leven is het grootste wonder dat we kinderen van God zijn geworden. Dat God ons daarmee een eeuwig geluk heeft gegeven.<\/span><\/p>\n<p class=\"MsoNormal\"><span style=\"mso-bidi-font-size: 11.0pt; mso-bidi-font-family: Tahoma;\"> <\/span><\/p>\n<p class=\"MsoNormal\" style=\"mso-pagination: none; mso-layout-grid-align: none; text-autospace: none;\"><strong style=\"mso-bidi-font-weight: normal;\"><span style=\"mso-bidi-font-size: 11.0pt; mso-bidi-font-family: Tahoma;\">Psalm 144: 9, 3:<\/span><\/strong><span style=\"mso-bidi-font-size: 11.0pt; mso-bidi-font-family: Tahoma;\"> <span style=\"color: red;\">God, een nieuw gezang zal ik z\u00edngen voor \u00fa, op de luit met tien snaren m\u00fasic\u00e9ren voor \u00fa. ENE, wat is een mens dat gij h\u00e9m wilt k\u00e9nnen, een stervelingsz\u00f3on dat g\u00edj met hem r\u00e9kent!<\/span><\/span><\/p>\n<p class=\"MsoNormal\" style=\"mso-pagination: none; mso-layout-grid-align: none; text-autospace: none;\"><span style=\"mso-bidi-font-size: 11.0pt; mso-bidi-font-family: Tahoma;\">God ken tons bij naam. Heeft ons in zijn handpalmen gegraveerd. God is er altijd voor ons. Nooit laat Hij ons alleen.<\/span><\/p>\n<p class=\"MsoNormal\" style=\"mso-pagination: none; mso-layout-grid-align: none; text-autospace: none;\"><span style=\"mso-bidi-font-size: 11.0pt; mso-bidi-font-family: Tahoma;\"> <\/span><\/p>\n<p class=\"MsoNormal\" style=\"mso-pagination: none; mso-layout-grid-align: none; text-autospace: none;\"><strong style=\"mso-bidi-font-weight: normal;\"><span style=\"mso-bidi-font-size: 11.0pt; mso-bidi-font-family: Tahoma;\">Psalm 149: 1, 4:<\/span><\/strong><span style=\"mso-bidi-font-size: 11.0pt; mso-bidi-font-family: Tahoma;\"> <span style=\"color: red;\">Alleluia, zingt voor de ENE een z\u00e1ng nooit gez\u00f3ngen, zijn lof, \u2026.. Want de ENE heeft in zijn gem\u00e9ente beh\u00e1gen,<\/span><\/span><\/p>\n<p class=\"MsoNormal\" style=\"mso-pagination: none; mso-layout-grid-align: none; text-autospace: none;\"><span style=\"mso-bidi-font-size: 11.0pt; mso-bidi-font-family: Tahoma;\">Israel heft in zijn geschiedenis weinig nagelaten om Gods woede te wekken. En steeds weer betuigt God zijn onvoorwaardelijke liefde voor hen. Omdat Hij van hen houdt (Jer. 31: 3!). Sterker nog: Hij betuigt dat Hij vruegde vindt in Zijn volk. En daar staat ons verstand bij stil. Israel bakte er weinig van, en de christelijke gemeente evenmin. En toch staat er: <span style=\"color: red;\">de ENE heeft in zijn gem\u00e9ente beh\u00e1gen,<\/span><\/span><\/p>\n<p class=\"MsoNormal\" style=\"mso-pagination: none; mso-layout-grid-align: none; text-autospace: none;\"><span style=\"mso-bidi-font-size: 11.0pt; mso-bidi-font-family: Tahoma;\">God ziet in ons een parel met een onschatbare waarde. Daarvoor had Hij werkelijk alles over. Daarvoor gaf Jezus zijn leven. <\/span><\/p>\n<p class=\"MsoNormal\" style=\"mso-pagination: none; mso-layout-grid-align: none; text-autospace: none;\"><span style=\"mso-bidi-font-size: 11.0pt; mso-bidi-font-family: Tahoma;\">Hoe schamel is dan onze houding tegenover Hem. Bij zo een absolute liefde zonder voorwaarden staat ons verstand stil. Zoals bij de onbegrijpelijk liefde van de Vader voor zijn verloren zoon (Lucas 15).<span style=\"mso-spacerun: yes;\"> <\/span>Ons past niet anders dan een onafgebroken dank U wel.<\/span><\/p>\n<p class=\"MsoNormal\">\u00a0<\/p>\n<div style=\"mso-element: para-border-div; border: solid windowtext 1.0pt; mso-border-alt: solid windowtext .5pt; padding: 1.0pt 4.0pt 1.0pt 4.0pt;\">\n<p class=\"MsoNormal\" style=\"text-align: center; border: none; mso-border-alt: solid windowtext .5pt; padding: 0cm; mso-padding-alt: 1.0pt 4.0pt 1.0pt 4.0pt;\" align=\"center\"><strong style=\"mso-bidi-font-weight: normal;\"><span style=\"font-size: 14.0pt; mso-bidi-font-size: 11.0pt; mso-bidi-font-family: Tahoma; color: #3366ff;\">de \u00c9ne, \u00cdsra\u00ebls Br\u00f3n!<\/span><\/strong><\/p>\n<p class=\"MsoNormal\" style=\"text-align: right; border: none; mso-border-alt: solid windowtext .5pt; padding: 0cm; mso-padding-alt: 1.0pt 4.0pt 1.0pt 4.0pt;\" align=\"right\"><span style=\"mso-bidi-font-size: 11.0pt; mso-bidi-font-family: Tahoma;\">Psalm 68: 27 (Naardense Bijbel)<\/span><\/p>\n<\/p><\/div>\n<p>\u00a0<\/p>\n","protected":false},"excerpt":{"rendered":"<p>\u00a0 In samenzang z\u00e9genden zij G\u00f3d, In de bijbel wordt veel gezongen. Bij de zeven grote feesten van Israel traden koren op. Salomo wordt genoemd als de schrijver van 1005 liederen, die overigens verder onbekend zijn. Bij de inwijding van de door Nehemia herbouwde tempel zongen twee koren in processiezang (Neh. 12: 31). En Josafat, &hellip; <\/p>\n<p class=\"link-more\"><a href=\"https:\/\/www.vergaderingalkmaar.nl\/?page_id=178\" class=\"more-link\"><span class=\"screen-reader-text\">&#8220;Preek zondag 4 december 2011&#8221;<\/span> verder lezen<\/a><\/p>\n","protected":false},"author":1,"featured_media":0,"parent":588,"menu_order":63,"comment_status":"closed","ping_status":"open","template":"","meta":[],"_links":{"self":[{"href":"https:\/\/www.vergaderingalkmaar.nl\/index.php?rest_route=\/wp\/v2\/pages\/178"}],"collection":[{"href":"https:\/\/www.vergaderingalkmaar.nl\/index.php?rest_route=\/wp\/v2\/pages"}],"about":[{"href":"https:\/\/www.vergaderingalkmaar.nl\/index.php?rest_route=\/wp\/v2\/types\/page"}],"author":[{"embeddable":true,"href":"https:\/\/www.vergaderingalkmaar.nl\/index.php?rest_route=\/wp\/v2\/users\/1"}],"replies":[{"embeddable":true,"href":"https:\/\/www.vergaderingalkmaar.nl\/index.php?rest_route=%2Fwp%2Fv2%2Fcomments&post=178"}],"version-history":[{"count":1,"href":"https:\/\/www.vergaderingalkmaar.nl\/index.php?rest_route=\/wp\/v2\/pages\/178\/revisions"}],"predecessor-version":[{"id":1706,"href":"https:\/\/www.vergaderingalkmaar.nl\/index.php?rest_route=\/wp\/v2\/pages\/178\/revisions\/1706"}],"up":[{"embeddable":true,"href":"https:\/\/www.vergaderingalkmaar.nl\/index.php?rest_route=\/wp\/v2\/pages\/588"}],"wp:attachment":[{"href":"https:\/\/www.vergaderingalkmaar.nl\/index.php?rest_route=%2Fwp%2Fv2%2Fmedia&parent=178"}],"curies":[{"name":"wp","href":"https:\/\/api.w.org\/{rel}","templated":true}]}}