{"id":175,"date":"2011-11-20T16:30:23","date_gmt":"2011-11-20T15:30:23","guid":{"rendered":"http:\/\/www.vergaderingalkmaar.nl\/?page_id=175"},"modified":"2019-11-13T01:37:07","modified_gmt":"2019-11-13T00:37:07","slug":"preek-zondag-20-november-2011","status":"publish","type":"page","link":"https:\/\/www.vergaderingalkmaar.nl\/?page_id=175","title":{"rendered":"Preek zondag 20 november 2011"},"content":{"rendered":"<p>\u00a0<\/p>\n<div style=\"mso-element: para-border-div; border: solid windowtext 1.0pt; mso-border-alt: solid windowtext .5pt; padding: 1.0pt 4.0pt 1.0pt 4.0pt;\">\n<p class=\"MsoNormal\" style=\"text-align: center; line-height: 150%; border: none; mso-border-alt: solid windowtext .5pt; padding: 0cm; mso-padding-alt: 1.0pt 4.0pt 1.0pt 4.0pt;\" align=\"center\"><strong style=\"mso-bidi-font-weight: normal;\"><span style=\"font-size: 14.0pt; line-height: 150%; mso-bidi-font-family: Georgia; color: #3366ff; mso-bidi-font-style: italic;\">Geen liefde komt Gods liefde nader<\/span><\/strong><span style=\"font-size: 14.0pt; line-height: 150%; mso-bidi-font-family: Georgia; color: #3366ff; mso-bidi-font-style: italic;\"> <\/span><\/p>\n<\/p><\/div>\n<p class=\"MsoNormal\" style=\"line-height: 150%;\"><span style=\"mso-bidi-font-size: 14.0pt; line-height: 150%; mso-bidi-font-family: Georgia; mso-bidi-font-style: italic;\"> <\/span><\/p>\n<p class=\"MsoNormal\"><span style=\"mso-bidi-font-size: 14.0pt; mso-bidi-font-family: Georgia; mso-bidi-font-style: italic;\">Vandaag in de publiciteit lijkt er weinig ouderwetser en meer achterhaald te zijn dan het huwelijk. Voor wie de klassieke vorm \u2013 de echtverbintenis tussen man en vrouw \u2013 in ere houdt bestaat niet veel waardering, om het voorzichtig te zeggen. Wie verdedigt het huwelijk noch?<\/span><\/p>\n<p class=\"MsoNormal\"><span style=\"mso-bidi-font-size: 14.0pt; mso-bidi-font-family: Georgia; mso-bidi-font-style: italic;\">Wij christenen houden het huwelijk voor een instelling van God voor alle mensen. Niet iets specifieks voor het volk Israel in het oude testament, of voor christenen in het nieuwe testament. Het huwelijk bestaat dan ook al van lang voor het begin van onze jaartelling. En het bestaat in alle culturen. God legde het in de harten van mensen.<\/span><\/p>\n<p class=\"MsoNormal\"><span style=\"mso-bidi-font-size: 14.0pt; mso-bidi-font-family: Georgia; mso-bidi-font-style: italic;\"> <\/span><\/p>\n<p class=\"MsoNormal\" style=\"margin-left: 14.2pt; text-indent: -14.2pt;\"><strong style=\"mso-bidi-font-weight: normal;\"><span style=\"mso-bidi-font-size: 14.0pt; mso-bidi-font-family: Georgia; mso-bidi-font-style: italic;\">Wat is het huwelijk, in christelijke zin?<\/span><\/strong><\/p>\n<p class=\"MsoListParagraphCxSpFirst\" style=\"margin-left: 14.2pt; mso-add-space: auto; text-indent: -14.2pt; mso-list: l2 level1 lfo1;\"><span style=\"mso-bidi-font-size: 14.0pt; mso-fareast-font-family: Arial; mso-bidi-font-family: Arial; mso-bidi-font-style: italic;\"><span style=\"mso-list: Ignore;\">a)<span style=\"font: 7.0pt \"> <\/span><\/span><\/span><span style=\"mso-bidi-font-size: 14.0pt; mso-bidi-font-family: Georgia; mso-bidi-font-style: italic;\">Het huwelijk is een <span style=\"text-decoration: underline;\">openbare<\/span> gebeurtenis.2 Korinthe 6:14, 15 zegt het zo: <br \/> In Nederland wordt een huwelijk afgekondigd op het aanplakbord van de gemeente. Iedereen kan het lezen en er bezwaar tegen indienen als zij of hij dat wil. Stiekem trouwen (in Las Vegas of zo) is niet dat wat de Nederlandse Wet voorstaat.<\/span><\/p>\n<p class=\"MsoListParagraphCxSpMiddle\" style=\"margin-left: 14.2pt; mso-add-space: auto; text-indent: -14.2pt; mso-pagination: none; mso-list: l2 level1 lfo1; mso-layout-grid-align: none; text-autospace: none;\"><span style=\"mso-bidi-font-size: 14.0pt; mso-fareast-font-family: Arial; mso-bidi-font-family: Arial; mso-bidi-font-style: italic;\"><span style=\"mso-list: Ignore;\">b)<span style=\"font: 7.0pt \"> <\/span><\/span><\/span><span style=\"mso-bidi-font-size: 14.0pt; mso-bidi-font-family: Georgia; mso-bidi-font-style: italic;\">Het huwelijk is <span style=\"text-decoration: underline;\">ingesteld door God<\/span>.<span style=\"mso-spacerun: yes;\"> <\/span>Genesis 2: 23: <\/span><span style=\"mso-bidi-font-size: 11.0pt; mso-bidi-font-family: Tahoma; color: red;\">Dan zegt hij, de roodbloedige mens: zij is het nu!- <\/span><span style=\"color: red;\">been uit mijn gebeente en vlees uit mijn vlees!- tot haar worde geroepen &#8216;isja&#8217;,- vrouw, want uit een iesj,- man is zij genomen! <\/span>Mozes schrijft dat. Een man moet zich hechten aan zijn vrouw. Deze passage uit Genesis wordt door Jezus \u2013 Gods Zoon \u2013 geciteerd in Mattheus 19: 4 \u2013 5. Krachtiger bevestiging van de tekst uit Genesis is niet voorstelbaar.<\/p>\n<p class=\"MsoListParagraphCxSpMiddle\" style=\"margin-left: 14.2pt; mso-add-space: auto; text-indent: -14.2pt; mso-pagination: none; mso-list: l2 level1 lfo1; mso-layout-grid-align: none; text-autospace: none;\"><span style=\"mso-bidi-font-size: 14.0pt; mso-fareast-font-family: Arial; mso-bidi-font-family: Arial; color: red; mso-bidi-font-style: italic;\"><span style=\"mso-list: Ignore;\">c)<span style=\"font: 7.0pt \"> <\/span><\/span><\/span><span style=\"mso-bidi-font-size: 14.0pt; mso-bidi-font-family: Georgia; mso-bidi-font-style: italic;\">Het huwelijk is een levenslange <span style=\"text-decoration: underline;\">vaste verbintenis.<\/span> Romeinen 7 :2: <\/span><span style=\"mso-bidi-font-size: 11.0pt; mso-bidi-font-family: Tahoma; color: red;\">Want de vrouw onder gezag van een man is bij wet gebonden aan de man zolang hij leeft; maar als de man sterft wordt zij van de wet ontslagen inzake de man.<\/span><\/p>\n<p class=\"MsoListParagraphCxSpMiddle\" style=\"margin-left: 14.2pt; mso-add-space: auto; text-indent: -14.2pt; mso-pagination: none; mso-list: l2 level1 lfo1; tab-stops: 220.0pt 440.0pt; mso-layout-grid-align: none; text-autospace: none;\"><span style=\"mso-bidi-font-size: 11.0pt; mso-fareast-font-family: Arial; mso-bidi-font-family: Arial; color: red;\"><span style=\"mso-list: Ignore;\">d)<span style=\"font: 7.0pt \"> <\/span><\/span><\/span><span style=\"mso-bidi-font-size: 14.0pt; mso-bidi-font-family: Georgia; mso-bidi-font-style: italic;\">Het huwelijk is een afspiegeling van de <span style=\"text-decoration: underline;\">relatie tussen Christus en Zijn gemeente<\/span>. Efeze 5:31 \u2013 32: <\/span><span style=\"mso-bidi-font-size: 11.0pt; mso-bidi-font-family: Tahoma; color: red;\">&#8216;Daarom zal een mens vader en moeder verlaten en zich hechten aan zijn vrouw, en zij zullen zijn, die twee, tot \u00e9\u00e9n vlees.&#8217; (Gen. 2,24)\u00a0Dit geheimenis is groot, maar ik zeg dit met het oog op Christus en de vergadering. <\/span><span style=\"mso-bidi-font-size: 11.0pt; mso-bidi-font-family: Tahoma;\">En daaraan refereert ook Openbaring 21: 6 \u2013 7:<span style=\"color: red;\"> halleluja!, omdat de Heer onze God, de albeheerser, zijn koningschap is begonnen!- \u00a0laten wij ons verheugen en juichen en hem de glorie geven, omdat de bruiloft van het lam is gekomen, en zijn vrouw heeft zich toebereid!- <\/span><\/span><\/p>\n<p class=\"MsoListParagraphCxSpMiddle\" style=\"margin-left: 14.2pt; mso-add-space: auto; text-indent: -14.2pt; mso-pagination: none; mso-list: l2 level1 lfo1; tab-stops: 220.0pt 440.0pt; mso-layout-grid-align: none; text-autospace: none;\"><span style=\"mso-bidi-font-size: 11.0pt; mso-fareast-font-family: Arial; mso-bidi-font-family: Arial;\"><span style=\"mso-list: Ignore;\">e)<span style=\"font: 7.0pt \"> <\/span><\/span><\/span><span style=\"mso-bidi-font-size: 11.0pt; mso-bidi-font-family: Tahoma;\">Het huwelijk is een relatie tussen <span style=\"text-decoration: underline;\">man en vrouw<\/span>. Dat vandaag de dag de overheid het huwelijk ook openstelt voor man-man en vrouw-vrouw relaties doet daaraan niks af. De bijbel leert anders.<span style=\"mso-tab-count: 1;\"> <\/span><\/span><\/p>\n<p class=\"MsoListParagraphCxSpMiddle\" style=\"margin-left: 14.2pt; mso-add-space: auto; text-indent: -14.2pt;\"><span style=\"mso-bidi-font-size: 14.0pt; mso-bidi-font-family: Georgia; mso-bidi-font-style: italic;\"> <\/span><\/p>\n<p class=\"MsoListParagraphCxSpMiddle\" style=\"margin-left: 14.2pt; mso-add-space: auto; text-indent: -14.2pt;\"><strong style=\"mso-bidi-font-weight: normal;\"><span style=\"mso-bidi-font-size: 14.0pt; mso-bidi-font-family: Georgia; mso-bidi-font-style: italic;\">Waarom zou je trouwen?<\/span><\/strong><\/p>\n<p class=\"MsoListParagraphCxSpMiddle\" style=\"margin-left: 14.2pt; mso-add-space: auto; text-indent: -14.2pt; mso-pagination: none; mso-list: l0 level1 lfo2; mso-layout-grid-align: none; text-autospace: none;\"><span style=\"mso-fareast-font-family: Arial; mso-bidi-font-family: Arial;\"><span style=\"mso-list: Ignore;\">a)<span style=\"font: 7.0pt \"> <\/span><\/span><\/span><span style=\"mso-bidi-font-size: 14.0pt; mso-bidi-font-family: Georgia; mso-bidi-font-style: italic;\">Toen een blije man \u2013 zijn auto blinkend poetsend omdat z\u2019n dochter de volgende ging trouwen \u2013 dat vol trots aan de vragend kijkende buurman vertelde zei die \u201c<em>trouwen? waarom gaan ze niet gewoon samenwonen?<\/em>\u201d <\/span><\/p>\n<p class=\"MsoListParagraphCxSpLast\" style=\"margin-left: 14.2pt; mso-add-space: auto; text-indent: -14.2pt; mso-pagination: none; mso-list: l0 level1 lfo2; mso-layout-grid-align: none; text-autospace: none;\"><span style=\"mso-fareast-font-family: Arial; mso-bidi-font-family: Arial;\"><span style=\"mso-list: Ignore;\">b)<span style=\"font: 7.0pt \"> <\/span><\/span><\/span>Trouwen spreekt letterlijk van trouw. Trouwen en trouw sluit seksuele vrijheid-blijheid uit. Man en vrouw sluiten een wederzijds exclusieve verbintenis: hij gaat alleen met haar naar bed en zij alleen met hem. Ze zijn elkaar trouw. Hebree\u00ebn 13 :4: <span style=\"mso-bidi-font-size: 11.0pt; mso-bidi-font-family: Tahoma; color: red;\">Het huwelijk blijve in ere bij allen en het bed onbevlekt; <\/span><span style=\"mso-bidi-font-size: 11.0pt; mso-bidi-font-family: Tahoma;\">En in 1 Korinthe 7 :9 schrijft Paulus voor degenen die niet de gave van onthouding hebben: <span style=\"color: red;\">maar als zij zich niet kunnen beheersen moeten zij trouwen; want het is beter om te trouwen dan te branden.<br style=\"mso-special-character: line-break;\" \/> <br style=\"mso-special-character: line-break;\" \/> <\/span><\/span><\/p>\n<p class=\"MsoNormal\" style=\"mso-pagination: none; mso-layout-grid-align: none; text-autospace: none;\"><strong style=\"mso-bidi-font-weight: normal;\">Met wie kan een christen trouwen?<\/strong><\/p>\n<p class=\"MsoListParagraphCxSpFirst\" style=\"margin-left: 18.0pt; mso-add-space: auto; text-indent: -18.0pt; mso-pagination: none; mso-list: l1 level1 lfo3; tab-stops: 226.0pt 452.0pt; mso-layout-grid-align: none; text-autospace: none;\"><span style=\"font-size: 11.0pt; font-family: Tahoma; mso-fareast-font-family: Tahoma; mso-bidi-font-family: Tahoma;\"><span style=\"mso-list: Ignore;\">a)<span style=\"font: 7.0pt \"> <\/span><\/span><\/span>Allereerst geldt dat je daarover met God moet overleggen. 1 Korinthe 7:39b: <span style=\"color: red;\">\u2026\u2026\u2026\u2026<\/span><span style=\"mso-bidi-font-size: 11.0pt; mso-bidi-font-family: Tahoma; color: red;\">is zij vrij om te trouwen met wie ze wil, <strong style=\"mso-bidi-font-weight: normal;\">mits in de Heer<\/strong>. <\/span><\/p>\n<p class=\"MsoListParagraphCxSpMiddle\" style=\"margin-left: 18.0pt; mso-add-space: auto; text-indent: -18.0pt; mso-pagination: none; mso-list: l1 level1 lfo3; tab-stops: 226.0pt 452.0pt; mso-layout-grid-align: none; text-autospace: none;\"><span style=\"font-size: 11.0pt; font-family: Tahoma; mso-fareast-font-family: Tahoma; mso-bidi-font-family: Tahoma;\"><span style=\"mso-list: Ignore;\">b)<span style=\"font: 7.0pt \"> <\/span><\/span><\/span><span style=\"mso-bidi-font-size: 11.0pt; mso-bidi-font-family: Tahoma;\">Een christen dient een christen te trouwen. 2 Korinthe 6:14-15 zegt het zo:<span style=\"color: red;\"> Wandelt niet onder andermans juk, met ongelovigen; want wat hebben gerechtigheid en wetteloosheid samen, of wat voor gemeenschap is er voor licht met duisternis?- wat is de overeenstemming van Christus met Beliar, of wat is het deel voor een gelovige met een ongelovige samen?- <\/span><\/span><\/p>\n<p class=\"MsoListParagraphCxSpLast\" style=\"margin-left: 18.0pt; mso-add-space: auto; text-indent: -18.0pt; mso-pagination: none; mso-list: l1 level1 lfo3; mso-layout-grid-align: none; text-autospace: none;\"><span style=\"mso-fareast-font-family: Arial; mso-bidi-font-family: Arial; color: red;\"><span style=\"mso-list: Ignore;\">c)<span style=\"font: 7.0pt \"> <\/span><\/span><\/span>Toch schrijft de bijbel in \u00e9\u00e9n geval over scheiding in 1 Korinthe 7:15, waar het gaat om een bestaand huwelijk waarin \u00e9\u00e9n van de partners christen wordt: <span style=\"mso-bidi-font-size: 11.0pt; mso-bidi-font-family: Tahoma; color: red;\">Maar als de ongelovige partij wil scheiden, <\/span><span style=\"color: red;\">laat hij scheiden; de broeder of de zuster is niet tot dienstbaarheid verplicht in zulke zaken.<br style=\"mso-special-character: line-break;\" \/> <br style=\"mso-special-character: line-break;\" \/> <\/span><\/p>\n<div style=\"mso-element: para-border-div; border: solid windowtext 1.0pt; mso-border-alt: solid windowtext .5pt; padding: 1.0pt 4.0pt 1.0pt 4.0pt;\">\n<p class=\"MsoNormal\" style=\"text-align: center; line-height: 150%; border: none; mso-border-alt: solid windowtext .5pt; padding: 0cm; mso-padding-alt: 1.0pt 4.0pt 1.0pt 4.0pt;\" align=\"center\"><strong style=\"mso-bidi-font-weight: normal;\"><span style=\"font-size: 14.0pt; line-height: 150%; mso-bidi-font-family: Georgia; color: #3366ff; mso-bidi-font-style: italic;\">Noch is zo groot.<\/span><\/strong><\/p>\n<p class=\"MsoNormal\" style=\"text-align: right; line-height: 150%; border: none; mso-border-alt: solid windowtext .5pt; padding: 0cm; mso-padding-alt: 1.0pt 4.0pt 1.0pt 4.0pt;\" align=\"right\"><span style=\"font-size: 9.0pt; mso-bidi-font-size: 14.0pt; line-height: 150%; mso-bidi-font-family: Georgia; mso-bidi-font-style: italic;\">Joost van den Vondel, <\/span><a href=\"http:\/\/members.multimania.nl\/devro\/id39.htm\"><span style=\"font-size: 9.0pt; mso-bidi-font-size: 16.0pt; line-height: 150%; mso-bidi-font-family: Arial; color: windowtext; mso-ansi-language: EN-US;\" lang=\"EN-US\">Gijsbrecht van Amstel : Rei van Burgzaten<\/span><\/a><\/p>\n<\/p><\/div>\n<p>\u00a0<\/p>\n","protected":false},"excerpt":{"rendered":"<p>\u00a0 Geen liefde komt Gods liefde nader Vandaag in de publiciteit lijkt er weinig ouderwetser en meer achterhaald te zijn dan het huwelijk. Voor wie de klassieke vorm \u2013 de echtverbintenis tussen man en vrouw \u2013 in ere houdt bestaat niet veel waardering, om het voorzichtig te zeggen. Wie verdedigt het huwelijk noch? Wij christenen &hellip; <\/p>\n<p class=\"link-more\"><a href=\"https:\/\/www.vergaderingalkmaar.nl\/?page_id=175\" class=\"more-link\"><span class=\"screen-reader-text\">&#8220;Preek zondag 20 november 2011&#8221;<\/span> verder lezen<\/a><\/p>\n","protected":false},"author":1,"featured_media":0,"parent":588,"menu_order":65,"comment_status":"closed","ping_status":"open","template":"","meta":[],"_links":{"self":[{"href":"https:\/\/www.vergaderingalkmaar.nl\/index.php?rest_route=\/wp\/v2\/pages\/175"}],"collection":[{"href":"https:\/\/www.vergaderingalkmaar.nl\/index.php?rest_route=\/wp\/v2\/pages"}],"about":[{"href":"https:\/\/www.vergaderingalkmaar.nl\/index.php?rest_route=\/wp\/v2\/types\/page"}],"author":[{"embeddable":true,"href":"https:\/\/www.vergaderingalkmaar.nl\/index.php?rest_route=\/wp\/v2\/users\/1"}],"replies":[{"embeddable":true,"href":"https:\/\/www.vergaderingalkmaar.nl\/index.php?rest_route=%2Fwp%2Fv2%2Fcomments&post=175"}],"version-history":[{"count":1,"href":"https:\/\/www.vergaderingalkmaar.nl\/index.php?rest_route=\/wp\/v2\/pages\/175\/revisions"}],"predecessor-version":[{"id":1703,"href":"https:\/\/www.vergaderingalkmaar.nl\/index.php?rest_route=\/wp\/v2\/pages\/175\/revisions\/1703"}],"up":[{"embeddable":true,"href":"https:\/\/www.vergaderingalkmaar.nl\/index.php?rest_route=\/wp\/v2\/pages\/588"}],"wp:attachment":[{"href":"https:\/\/www.vergaderingalkmaar.nl\/index.php?rest_route=%2Fwp%2Fv2%2Fmedia&parent=175"}],"curies":[{"name":"wp","href":"https:\/\/api.w.org\/{rel}","templated":true}]}}