{"id":168,"date":"2011-10-02T19:32:29","date_gmt":"2011-10-02T18:32:29","guid":{"rendered":"http:\/\/www.vergaderingalkmaar.nl\/?page_id=168"},"modified":"2019-11-13T01:37:07","modified_gmt":"2019-11-13T00:37:07","slug":"preek-zondag-2-oktober-2011","status":"publish","type":"page","link":"https:\/\/www.vergaderingalkmaar.nl\/?page_id=168","title":{"rendered":"Preek zondag 2 oktober 2011"},"content":{"rendered":"<p>\u00a0<\/p>\n<div style=\"mso-element: para-border-div; border: solid windowtext 1.0pt; mso-border-alt: solid windowtext .5pt; padding: 1.0pt 4.0pt 1.0pt 4.0pt;\">\n<p class=\"MsoNormal\" style=\"mso-pagination: none; mso-layout-grid-align: none; text-autospace: none; border: none; mso-border-alt: solid windowtext .5pt; padding: 0cm; mso-padding-alt: 1.0pt 4.0pt 1.0pt 4.0pt;\"><span style=\"font-size: 14.0pt; mso-bidi-font-size: 11.0pt; mso-bidi-font-family: Tahoma; color: blue;\">Vrees niet, want ik ben met je, kijk niet angstig rond, want ik ben je God;<\/span><\/p>\n<\/p><\/div>\n<p class=\"MsoNormal\">\u00a0<\/p>\n<p class=\"MsoNormal\">Een collega pleegt zelfmoord. Als kantoorafdeling weet je niet wat je overkomt. Heel de gang is er kapot van. En jij zat altijd naast die collega. De eerste week komt het niet van werken. Je praat er met elkaar over. En hebt het erover dat je er eigenlijk niets van snapt.<\/p>\n<p class=\"MsoNormal\">\u00a0<\/p>\n<p class=\"MsoNormal\">Er was ook een afscheidsbrief. Met twee treffende zinnetjes: Ik kan geen rust vinden en ik zie geen zin meer in mijn leven<br style=\"mso-special-character: line-break;\" \/> <br style=\"mso-special-character: line-break;\" \/><\/p>\n<p class=\"MsoNormal\">Je leest in je bijbel. In Job, hoofdstuk 3. Job verwenst daarin zijn geboorte. Verwenst de zwangerschap van zijn moeder. Had liever doodgeboren willen worden. Liever was hij dood en begraven geweest (Job 3: 13, 14): <span style=\"mso-bidi-font-size: 11.0pt; mso-bidi-font-family: Tahoma; color: red;\">Ja, dan had ik nu ergens gelegen, in alle kalmte,- ik zou geslapen hebben, ik had dan rust gehad, samen met de koningen en raadsheren der aarde,-<\/span><\/p>\n<p class=\"MsoNormal\"><span style=\"mso-bidi-font-size: 11.0pt; mso-bidi-font-family: Tahoma; color: red;\"> <\/span><\/p>\n<p class=\"MsoNormal\"><span style=\"mso-bidi-font-size: 11.0pt; mso-bidi-font-family: Tahoma;\">En van God snapt hij al helemaal niks ( Job 3: 21 \u2013 23):<span style=\"mso-spacerun: yes;\"> <\/span><\/span><\/p>\n<p class=\"MsoNormal\" style=\"mso-pagination: none; mso-layout-grid-align: none; text-autospace: none;\"><span style=\"mso-bidi-font-size: 11.0pt; mso-bidi-font-family: Tahoma; color: red;\">Waarom geeft hij aan een ellendige licht,- leven aan een bittere van ziel?, <\/span><\/p>\n<p class=\"MsoNormal\" style=\"mso-pagination: none; mso-layout-grid-align: none; text-autospace: none;\"><span style=\"mso-bidi-font-size: 11.0pt; mso-bidi-font-family: Tahoma; color: red;\"> <\/span><\/p>\n<p class=\"MsoNormal\" style=\"mso-pagination: none; mso-layout-grid-align: none; text-autospace: none;\"><span style=\"mso-bidi-font-size: 11.0pt; mso-bidi-font-family: Tahoma;\">Jobs klacht loopt uit op een schreeuw bijna (: 25):<span style=\"color: red;\"> Ik heb geen vrede, ik ben niet kalm geworden,<\/span><\/span><\/p>\n<p class=\"MsoNormal\" style=\"mso-pagination: none; mso-layout-grid-align: none; text-autospace: none;\"><span style=\"mso-bidi-font-size: 11.0pt; mso-bidi-font-family: Tahoma; color: red;\">ik heb geen rust gevonden: beroering is op komst!<\/span><\/p>\n<p class=\"MsoNormal\" style=\"mso-pagination: none; mso-layout-grid-align: none; text-autospace: none;\"><span style=\"mso-bidi-font-size: 11.0pt; mso-bidi-font-family: Tahoma; color: red;\"> <\/span><\/p>\n<p class=\"MsoNormal\" style=\"mso-pagination: none; mso-layout-grid-align: none; text-autospace: none;\"><span style=\"mso-bidi-font-size: 11.0pt; mso-bidi-font-family: Tahoma;\">Je leest in je bijbel. In de psalmen, nummer 116. Ook een man die in de problemen zit. Maar hij gaat er toch anders mee om. <span style=\"color: red;\">Mij omvatten banden des doods, de benauwingen der h\u00e9l wisten mij te v\u00ednden, ik ondervond ben\u00e1uwing \u00e9n verdr\u00edet. <\/span>Maar dat verdriet en die benauwing kregen hem er niet onder. Hij roept tot God. <span style=\"color: red;\">Weerlozen wil de \u00c9NE bew\u00e1ren, ik kon n\u00edets meer: hij br\u00e1cht mij bevr\u00edjding!<\/span><\/span><\/p>\n<p class=\"MsoNormal\" style=\"mso-pagination: none; mso-layout-grid-align: none; text-autospace: none;\"><span style=\"mso-bidi-font-size: 11.0pt; mso-bidi-font-family: Tahoma;\">En hij ervaart dat God zijn ellende ziet en daarvan bevrijdt: <\/span><\/p>\n<p class=\"MsoNormal\" style=\"mso-pagination: none; mso-layout-grid-align: none; text-autospace: none;\"><span style=\"mso-bidi-font-size: 11.0pt; mso-bidi-font-family: Tahoma; color: red;\">Ja, gij hebt mijn ziel ontzet uit de dood, de tranen gew\u00edst van mijn \u00f3gen, voor st\u00f3ten mijn v\u00f3eten beh\u00f3ed. Ik mag wandelen voor het \u00e1anschijn van de \u00c9NE, in de land\u00f3uwen v\u00e1n wie l\u00e9ven!<\/span><\/p>\n<p class=\"MsoNormal\" style=\"mso-pagination: none; mso-layout-grid-align: none; text-autospace: none;\"><span style=\"mso-bidi-font-size: 11.0pt; mso-bidi-font-family: Tahoma;\"> <\/span><\/p>\n<p class=\"MsoNormal\" style=\"mso-pagination: none; mso-layout-grid-align: none; text-autospace: none;\"><span style=\"mso-bidi-font-size: 11.0pt; mso-bidi-font-family: Tahoma;\">Hoe kijkt God nu naar zijn kinderen als ze het helemaal niet meer snappen en volkomen de kluts kwijt zijn? Verbluffend: als wij tot God roepen in onze uiterste nood luistert Hij zonder verwijt. Job krijgt in Jacobus 5 : 11 als getuigenis mee\u00a0<span style=\"color: red;\">de volharding van Job hebt ge gehoord en het einde van de Heer weet ge, omdat &#8216;de Heer rijk aan erbarmen is en mededogend&#8217;. <\/span>God voert Job op als voorbeeld van mensen die volhard hebben. Van mensen die geduld opbrachten en kwaad verdroegen. <\/span><\/p>\n<p class=\"MsoNormal\" style=\"mso-pagination: none; mso-layout-grid-align: none; text-autospace: none;\"><span style=\"font-size: 9.0pt; font-family: Verdana; mso-bidi-font-family: Verdana;\"> <\/span><\/p>\n<p class=\"MsoNormal\" style=\"mso-pagination: none; mso-layout-grid-align: none; text-autospace: none;\"><span style=\"mso-bidi-font-size: 11.0pt; mso-bidi-font-family: Tahoma;\">Een soortgelijke opstelling van God lees je in Jesaja 49.<span style=\"mso-spacerun: yes;\"> <\/span>God geeft Israel grote beloftes in de verzen 1-13. Maar wat is de reactie in vers 14? <span style=\"color: red;\">Sion zegt: de Ene heeft mij verlaten,- mijn Heer is mij vergeten! <\/span>Misschien geloofde Israel de beloften ook nog wel. In theorie. Maar in de praktijk van alle dag konden zee r niets mee. Ze voelden er niets bij. De zekerheid dat God echt van hen hield ontglipte hen. En dat zeggen ze bijna bot tegen hem.<\/span><\/p>\n<p class=\"MsoNormal\" style=\"mso-pagination: none; mso-layout-grid-align: none; text-autospace: none;\"><span style=\"mso-bidi-font-size: 11.0pt; mso-bidi-font-family: Tahoma;\">Dat kan ook ons makkelijk overkomen. Ook wij voelen ons in moeilijke tijden nogal eens verlaten en in de steek gelaten door God.<\/span><\/p>\n<p class=\"MsoNormal\" style=\"mso-pagination: none; mso-layout-grid-align: none; text-autospace: none;\"><span style=\"mso-bidi-font-size: 11.0pt; mso-bidi-font-family: Tahoma;\"> <\/span><\/p>\n<p class=\"MsoNormal\" style=\"mso-pagination: none; mso-layout-grid-align: none; text-autospace: none;\"><span style=\"mso-bidi-font-size: 11.0pt; mso-bidi-font-family: Tahoma;\">En God? Raakt Hij ge\u00efrriteerd? Negeert Hij ons? Vindt Hij het welletjes? Niets van dat al. God neemt de opmerking serieus. Hij laat zijn betoog onderbreken. En Hij komt met een vergelijking. De vergelijking met wat een moeder voelt voor haar kind. Haar liefde is onvoorwaardelijk. Terwijl het kind toch alles neemt en de moeder alles geeft. Gods liefde voor ons is onverwoestbaar. En hangt in niets af van onze reactie. Hij geeft en gaf alles.<\/span><\/p>\n<p class=\"MsoNormal\" style=\"mso-pagination: none; mso-layout-grid-align: none; text-autospace: none;\"><span style=\"mso-bidi-font-size: 11.0pt; mso-bidi-font-family: Tahoma;\">Hij heeft ons gegrift in Zijn handpalmen. <\/span><span style=\"mso-bidi-font-size: 14.0pt; mso-bidi-font-family: Georgia; color: #262626;\">In de Oudheid kwam het voor dat de naam van de meester getatoe\u00eberd werd op de arm van de dienaar. Maar nooit werd de naam van de dienaar getatoe\u00eberd op de arm van de meester! Het lijkt dus een prachtig beeld van Gods offergave aan ons. Maar dat is het niet. Er staat niet \u2018getatoe\u00eberd\u2019. Er staat \u2018gegrift\u2019. Het Hebreeuwse woord hiervoor betekent: met een hamer ergens een spijker in slaan. Wat heeft dit nog met liefde te maken? Waarom zou je een spijker slaan door de hand van iemand van wie je houdt?<\/span><\/p>\n<p class=\"MsoNormal\" style=\"mso-pagination: none; mso-layout-grid-align: none; text-autospace: none;\"><span style=\"mso-bidi-font-size: 14.0pt; mso-bidi-font-family: Georgia; color: #262626;\">Eeuwen na de profetie leeft er een man genaamd Tomas. Hij was ook een man van vragen. Hij kon niet geloven dat Jezus was opgestaan uit de dood. En wat gebeurt er? Jezus verschijnt aan hem en laat hem zijn handen zien. Er waren spijkers doorheen geslagen. Tomas kon nu Jezus\u2019 liefde voor hem zien. Dit zijn geen woorden meer. Dit zijn daden.<\/span><\/p>\n<p class=\"MsoNormal\" style=\"mso-pagination: none; mso-layout-grid-align: none; text-autospace: none;\"><span style=\"mso-bidi-font-size: 14.0pt; mso-bidi-font-family: Georgia; color: #262626;\">Ben je bang dat God je zal verlaten? Kijk dan naar wat Jezus deed. Aan het kruis werd Hij verlaten, zodat God altijd bij ons kan zijn. Gods daden hebben zijn liefde voor ons bewezen.<\/span><\/p>\n<p class=\"MsoNormal\" style=\"mso-pagination: none; mso-layout-grid-align: none; text-autospace: none;\"><span style=\"mso-bidi-font-size: 14.0pt; mso-bidi-font-family: Georgia; color: #262626;\"> <\/span><\/p>\n<div style=\"mso-element: para-border-div; border: solid windowtext 1.0pt; mso-border-alt: solid windowtext .5pt; padding: 1.0pt 31.0pt 1.0pt 18.0pt; margin-left: -7.1pt; margin-right: 0cm;\">\n<p class=\"MsoNormal\" style=\"margin-left: 7.1pt; text-indent: -7.1pt; mso-pagination: none; mso-layout-grid-align: none; text-autospace: none; border: none; mso-border-alt: solid windowtext .5pt; padding: 0cm; mso-padding-alt: 1.0pt 31.0pt 1.0pt 18.0pt;\"><span style=\"font-size: 14.0pt; mso-bidi-font-size: 11.0pt; mso-bidi-font-family: Tahoma; color: blue;\">sterken zal ik je, ja helpen zal ik je, ja je vasthouden met mijn rechterhand<\/span><\/p>\n<\/p><\/div>\n<p>\u00a0<\/p>\n","protected":false},"excerpt":{"rendered":"<p>\u00a0 Vrees niet, want ik ben met je, kijk niet angstig rond, want ik ben je God; \u00a0 Een collega pleegt zelfmoord. Als kantoorafdeling weet je niet wat je overkomt. Heel de gang is er kapot van. En jij zat altijd naast die collega. De eerste week komt het niet van werken. Je praat er &hellip; <\/p>\n<p class=\"link-more\"><a href=\"https:\/\/www.vergaderingalkmaar.nl\/?page_id=168\" class=\"more-link\"><span class=\"screen-reader-text\">&#8220;Preek zondag 2 oktober 2011&#8221;<\/span> verder lezen<\/a><\/p>\n","protected":false},"author":1,"featured_media":0,"parent":588,"menu_order":69,"comment_status":"closed","ping_status":"open","template":"","meta":[],"_links":{"self":[{"href":"https:\/\/www.vergaderingalkmaar.nl\/index.php?rest_route=\/wp\/v2\/pages\/168"}],"collection":[{"href":"https:\/\/www.vergaderingalkmaar.nl\/index.php?rest_route=\/wp\/v2\/pages"}],"about":[{"href":"https:\/\/www.vergaderingalkmaar.nl\/index.php?rest_route=\/wp\/v2\/types\/page"}],"author":[{"embeddable":true,"href":"https:\/\/www.vergaderingalkmaar.nl\/index.php?rest_route=\/wp\/v2\/users\/1"}],"replies":[{"embeddable":true,"href":"https:\/\/www.vergaderingalkmaar.nl\/index.php?rest_route=%2Fwp%2Fv2%2Fcomments&post=168"}],"version-history":[{"count":1,"href":"https:\/\/www.vergaderingalkmaar.nl\/index.php?rest_route=\/wp\/v2\/pages\/168\/revisions"}],"predecessor-version":[{"id":1697,"href":"https:\/\/www.vergaderingalkmaar.nl\/index.php?rest_route=\/wp\/v2\/pages\/168\/revisions\/1697"}],"up":[{"embeddable":true,"href":"https:\/\/www.vergaderingalkmaar.nl\/index.php?rest_route=\/wp\/v2\/pages\/588"}],"wp:attachment":[{"href":"https:\/\/www.vergaderingalkmaar.nl\/index.php?rest_route=%2Fwp%2Fv2%2Fmedia&parent=168"}],"curies":[{"name":"wp","href":"https:\/\/api.w.org\/{rel}","templated":true}]}}