{"id":163,"date":"2011-08-28T20:37:03","date_gmt":"2011-08-28T19:37:03","guid":{"rendered":"http:\/\/www.vergaderingalkmaar.nl\/?page_id=163"},"modified":"2019-11-13T01:37:07","modified_gmt":"2019-11-13T00:37:07","slug":"preek-zondag-28-augustus-2011","status":"publish","type":"page","link":"https:\/\/www.vergaderingalkmaar.nl\/?page_id=163","title":{"rendered":"Preek zondag 28 augustus 2011"},"content":{"rendered":"<p>\u00a0<\/p>\n<div style=\"mso-element: para-border-div; border: solid windowtext 1.0pt; mso-border-alt: solid windowtext .5pt; padding: 1.0pt 4.0pt 1.0pt 4.0pt;\">\n<p class=\"MsoNormal\" style=\"text-align: center; border: none; mso-border-alt: solid windowtext .5pt; padding: 0cm; mso-padding-alt: 1.0pt 4.0pt 1.0pt 4.0pt;\" align=\"center\"><span style=\"font-size: 14.0pt; mso-bidi-font-size: 12.0pt; mso-bidi-font-family: \">Nog kent geen mens het wat en hoe, gij moogt vertrouwend lopen:<\/span><\/p>\n<\/p><\/div>\n<p class=\"MsoNormal\">\u00a0<\/p>\n<p class=\"MsoNormal\">Vindt u het gek om te horen dat we in een verwarrende tijd leven? Er lijkt wel steeds meer onrust in onze maatschappij te komen. En onvrede. En geweld. En dan ook nog het christendom. Ook dat holt achteruit. In het westen is er nog maar weinig van over. En wat meer is: op alle terreinen lijkt het verval wel van binnenuit te komen. Niet de vijand van buiten zorgt voor de neergang. Het is eerder de rot van binnenuit.<\/p>\n<p class=\"MsoNormal\">\u00a0<\/p>\n<p class=\"MsoNormal\">En hoe staan wij daarin? Als christenen? Houden wij \u2013 persoonlijk en gemeenschappelijk \u2013 die ontwikkelingen buiten de deur? Of is het zo dat ook wij er ons deel van meekrijgen.<\/p>\n<p class=\"MsoNormal\">\u00a0<\/p>\n<p class=\"MsoNormal\">We kijken naar Israel ten tijde van Gideon. Maar eerst een stukje geschiedenis. Israel kwam als sterk volk uit Egypte, waar Farao hen moest laten gaan. Via een lange omzwerving kwamen ze veertig jaar later aan in Palestina. Daar moesten ze de lokale volkeren bevechten En die volkeren wisten ongetwijfeld dat het machtige Egypte het niet had weten te bolwerken tegen de Isra\u00eblieten. Dus zonnen ze op andere mogelijkheden dan een rechtstreekse oorlog. Zo was er Balak, koning van Moab, die de hulp inriep van de profeet Bileam. Balak vroeg Bileam om een vloek uit te spreken over het volk Israel. Maar God dwong Bileam om het volk \u2013 geheel tegen Bileams <span style=\"mso-spacerun: yes;\"> <\/span>wil in! &#8211; te zegenen.<\/p>\n<p class=\"MsoNormal\">De sluwe Bileam echter geeft een geniepig advies aan de boze Balak. <span style=\"mso-bidi-font-family: Arial;\">Voordat Bileam vertrekt zegt hij tegen Balak dat de enige manier om het volk Isra\u00ebl te straffen is om hen te verleiden tot zondigen. Want alleen dan straft God zijn volk. De koningen van Moab en Midian volgen het advies van Bileam op en zij organiseren een groot feest ter ere van hun afgoden en nodigen de Isra\u00eblieten uit. Veel Joden doen mee. Zo wordt de afgodendienst ge\u00efmporteerd in Israel. Israel raakte vervuild door de afgodische buitenwereld. Met Ba\u00e4l als oppergod en Astarte als godin van de vruchtbaarheid werden de mannen van Israel verleid tot deelname aan tempelprostitutie. <\/span><\/p>\n<p class=\"MsoNormal\">\u00a0<\/p>\n<p class=\"MsoNormal\">Goed, Gideon dus. In Richteren zes begint zijn geschiedenis. De afgodendienst was alom ingeburgerd in Israel. Om die reden nam God afstand van zijn volk. En zonder zijn bescherming kwamen ze in de macht van de Midianieten. Dat was een woestijnvolk, dat een keer per jaar als een zwerm bijen Israel binnenviel en alles roofde wat los en vast zat. Ze sloegen alles stuk en plukten het land volkomen kaal.<span style=\"color: red;\"> <\/span>(Richt. 6:4b, 5, 6):<\/p>\n<p class=\"MsoNormal\"><span style=\"mso-bidi-font-size: 11.0pt; mso-bidi-font-family: Tahoma; color: red;\">ze laten in Isra\u00ebl geen leeftocht over,- schaap, os of ezel. Want zij en hun kudden klimmen met hun tenten op, als sprinkhanen zoveel, zij en hun kamelen ontelbaar; ze komen in het land om het te verwoesten. Isra\u00ebl verarmt zeer door de verschijning van Midian; de kinderen Isra\u00ebls schreeuwen het uit tot de Ene.<span style=\"mso-tab-count: 1;\"> <\/span><\/span><\/p>\n<p class=\"MsoNormal\"><span style=\"mso-bidi-font-size: 11.0pt; mso-bidi-font-family: Tahoma;\">De Isra\u00eblieten kunnen alleen nog in schuilhoeken en spelonken zich een beetje handhaven. En in hun ellende \u2013 eigen schuld trouwens \u2013 roepen ze tot God.<\/span><\/p>\n<p class=\"MsoNormal\"><span style=\"mso-bidi-font-size: 11.0pt; mso-bidi-font-family: Tahoma;\"> <\/span><\/p>\n<p class=\"MsoNormal\" style=\"mso-pagination: none; mso-layout-grid-align: none; text-autospace: none;\"><span style=\"mso-bidi-font-size: 11.0pt; mso-bidi-font-family: Tahoma;\">Dan stuurt God een profeet. En die vat samen wat er aan de hand is (Richt. 6: 7 \u2013 10): ze hebben God die hen uit Egypte leidde de rug toegekeerd. <span style=\"color: red;\">toen heb ik tot u gezegd: ik ben de Ene, uw God; vreest niet de goden van de Amoriet, in wiens land ge nu zetelt!- maar ge hebt niet gehoord naar mijn stem!<\/span><\/span><\/p>\n<p class=\"MsoNormal\" style=\"mso-pagination: none; mso-layout-grid-align: none; text-autospace: none;\"><span style=\"mso-bidi-font-size: 11.0pt; mso-bidi-font-family: Tahoma; color: red;\"> <\/span><\/p>\n<p class=\"MsoNormal\" style=\"mso-pagination: none; mso-layout-grid-align: none; text-autospace: none;\"><span style=\"mso-bidi-font-size: 11.0pt; mso-bidi-font-family: Tahoma;\">En dan komt God zelf. Hij zoekt Gideon op (Richt. 6: 11 e.v.). Gideon vraagt God naar het waarom van al de ellende. <span style=\"color: red;\">Gideon zegt tot hem: ach mijn heer, als de Ene met ons is, waarom treft ons dan dit alles?- <\/span>God schrikt niet van die vraag. En gaat er nauwelijks op in. Heel simpel eigenlijk zet hij Gideon aan tot handelend optreden! <span style=\"color: red;\">De Ene wendt zich tot hem en zegt: ga heen in deze kracht van jou, bevrijden zul jij Isra\u00ebl uit de handpalm van Midian; heb ik je niet gezonden?!<\/span><\/span><\/p>\n<p class=\"MsoNormal\">Gideon staat verbluft! \u2018Dat gaat me niet lukken natuurlijk,\u2019 werpt hij tegen. Daar zie ik absoluut geen kans toe. Mijn familie stelt niks voor, mijn stam stelt niks voor. Kansloze opdracht.<\/p>\n<p class=\"MsoNormal\" style=\"mso-pagination: none; mso-layout-grid-align: none; text-autospace: none;\">God besteedt aan die tegenwerping geen enkele aandacht. Hij doet er nog een schepje bovenop juist: <span style=\"mso-bidi-font-size: 11.0pt; mso-bidi-font-family: Tahoma; color: red;\">Hij zegt tot hem: omdat ik met je zal zijn zul jij Midian verslaan als was het \u00e9\u00e9n man! <\/span><span style=\"mso-bidi-font-size: 11.0pt; mso-bidi-font-family: Tahoma;\">God zet Gideon zonder mankeren aan het werk.<\/span><\/p>\n<p class=\"MsoNormal\" style=\"mso-pagination: none; mso-layout-grid-align: none; text-autospace: none;\"><span style=\"mso-bidi-font-size: 11.0pt; mso-bidi-font-family: Tahoma;\"> <\/span><\/p>\n<p class=\"MsoNormal\" style=\"mso-pagination: none; mso-layout-grid-align: none; text-autospace: none;\"><span style=\"mso-bidi-font-size: 11.0pt; mso-bidi-font-family: Tahoma;\">Uit deze geschiedenis kunnen we een paar lessen leren:<\/span><\/p>\n<p class=\"MsoListParagraphCxSpFirst\" style=\"margin-left: 18.0pt; mso-add-space: auto; text-indent: -18.0pt; mso-pagination: none; mso-list: l0 level1 lfo1; mso-layout-grid-align: none; text-autospace: none;\"><span style=\"font-family: Symbol; mso-fareast-font-family: Symbol; mso-bidi-font-family: Symbol;\"><span style=\"mso-list: Ignore;\">\u00b7<span style=\"font: 7.0pt \"> <\/span><\/span><\/span>Laten we alert zijn op het verwoestende bederf dat van binnenuit komt, ook in het christendom. Dat is veel gevaarlijker dan welke aanval van buitenaf ook.<\/p>\n<p class=\"MsoListParagraphCxSpMiddle\" style=\"margin-left: 18.0pt; mso-add-space: auto; text-indent: -18.0pt; mso-pagination: none; mso-list: l0 level1 lfo1; mso-layout-grid-align: none; text-autospace: none;\"><span style=\"font-family: Symbol; mso-fareast-font-family: Symbol; mso-bidi-font-family: Symbol;\"><span style=\"mso-list: Ignore;\">\u00b7<span style=\"font: 7.0pt \"> <\/span><\/span><\/span>Laten we naar God luisteren. En als eens Gideon, misschien met onze eerste aarzelingen, in zijn kracht gaan staan.<\/p>\n<p class=\"MsoListParagraphCxSpMiddle\" style=\"margin-left: 18.0pt; mso-add-space: auto; text-indent: -18.0pt; mso-pagination: none; mso-list: l0 level1 lfo1; mso-layout-grid-align: none; text-autospace: none;\"><span style=\"font-family: Symbol; mso-fareast-font-family: Symbol; mso-bidi-font-family: Symbol;\"><span style=\"mso-list: Ignore;\">\u00b7<span style=\"font: 7.0pt \"> <\/span><\/span><\/span>Laten we ons lange termijn uitzicht niet uit het oog verliezen. God houdt onze toekomst rotsvast in zijn hand.<\/p>\n<p class=\"MsoListParagraphCxSpLast\" style=\"margin-left: 18.0pt; mso-add-space: auto; mso-pagination: none; mso-layout-grid-align: none; text-autospace: none;\">\u00a0<\/p>\n<div style=\"mso-element: para-border-div; border: solid windowtext 1.0pt; mso-border-alt: solid windowtext .5pt; padding: 1.0pt 4.0pt 1.0pt 4.0pt;\">\n<p class=\"MsoNormal\" style=\"text-align: center; border: none; mso-border-alt: solid windowtext .5pt; padding: 0cm; mso-padding-alt: 1.0pt 4.0pt 1.0pt 4.0pt;\" align=\"center\"><span style=\"font-size: 14.0pt; mso-bidi-font-size: 12.0pt; mso-bidi-font-family: \">God doet de toekomst open.<\/span><\/p>\n<p class=\"MsoNormal\" style=\"text-align: right; border: none; mso-border-alt: solid windowtext .5pt; padding: 0cm; mso-padding-alt: 1.0pt 4.0pt 1.0pt 4.0pt;\" align=\"right\"><span style=\"mso-bidi-font-family: \">Gezang 367 LvdK<\/span><\/p>\n<\/p><\/div>\n<p>\u00a0<\/p>\n","protected":false},"excerpt":{"rendered":"<p>\u00a0 Nog kent geen mens het wat en hoe, gij moogt vertrouwend lopen: \u00a0 Vindt u het gek om te horen dat we in een verwarrende tijd leven? Er lijkt wel steeds meer onrust in onze maatschappij te komen. En onvrede. En geweld. En dan ook nog het christendom. Ook dat holt achteruit. In het &hellip; <\/p>\n<p class=\"link-more\"><a href=\"https:\/\/www.vergaderingalkmaar.nl\/?page_id=163\" class=\"more-link\"><span class=\"screen-reader-text\">&#8220;Preek zondag 28 augustus 2011&#8221;<\/span> verder lezen<\/a><\/p>\n","protected":false},"author":1,"featured_media":0,"parent":588,"menu_order":72,"comment_status":"closed","ping_status":"open","template":"","meta":[],"_links":{"self":[{"href":"https:\/\/www.vergaderingalkmaar.nl\/index.php?rest_route=\/wp\/v2\/pages\/163"}],"collection":[{"href":"https:\/\/www.vergaderingalkmaar.nl\/index.php?rest_route=\/wp\/v2\/pages"}],"about":[{"href":"https:\/\/www.vergaderingalkmaar.nl\/index.php?rest_route=\/wp\/v2\/types\/page"}],"author":[{"embeddable":true,"href":"https:\/\/www.vergaderingalkmaar.nl\/index.php?rest_route=\/wp\/v2\/users\/1"}],"replies":[{"embeddable":true,"href":"https:\/\/www.vergaderingalkmaar.nl\/index.php?rest_route=%2Fwp%2Fv2%2Fcomments&post=163"}],"version-history":[{"count":1,"href":"https:\/\/www.vergaderingalkmaar.nl\/index.php?rest_route=\/wp\/v2\/pages\/163\/revisions"}],"predecessor-version":[{"id":1692,"href":"https:\/\/www.vergaderingalkmaar.nl\/index.php?rest_route=\/wp\/v2\/pages\/163\/revisions\/1692"}],"up":[{"embeddable":true,"href":"https:\/\/www.vergaderingalkmaar.nl\/index.php?rest_route=\/wp\/v2\/pages\/588"}],"wp:attachment":[{"href":"https:\/\/www.vergaderingalkmaar.nl\/index.php?rest_route=%2Fwp%2Fv2%2Fmedia&parent=163"}],"curies":[{"name":"wp","href":"https:\/\/api.w.org\/{rel}","templated":true}]}}