{"id":162,"date":"2011-08-21T20:30:30","date_gmt":"2011-08-21T19:30:30","guid":{"rendered":"http:\/\/www.vergaderingalkmaar.nl\/?page_id=162"},"modified":"2019-11-13T01:37:07","modified_gmt":"2019-11-13T00:37:07","slug":"preek-zondag-21-augustus-2011","status":"publish","type":"page","link":"https:\/\/www.vergaderingalkmaar.nl\/?page_id=162","title":{"rendered":"Preek zondag 21 augustus 2011"},"content":{"rendered":"<p>\u00a0<\/p>\n<div style=\"mso-element: para-border-div; border: solid windowtext 1.0pt; mso-border-alt: solid windowtext .5pt; padding: 1.0pt 4.0pt 1.0pt 4.0pt;\">\n<p class=\"MsoNormal\" style=\"text-align: center; mso-pagination: none; mso-layout-grid-align: none; text-autospace: none; border: none; mso-border-alt: solid windowtext .5pt; padding: 0cm; mso-padding-alt: 1.0pt 4.0pt 1.0pt 4.0pt;\" align=\"center\"><span style=\"font-size: 14.0pt; mso-bidi-font-size: 11.0pt; mso-bidi-font-family: Tahoma; color: blue;\">Cirkel in al je g\u00e1ngen om de \u00c9ne, vertrouw op h\u00e9m<\/span><\/p>\n<\/p><\/div>\n<p class=\"MsoNormal\">\u00a0<\/p>\n<p class=\"MsoNormal\">Op non-actief gesteld worden. Een tijdje uit het gewone leven. Sommigen overkomt dat op hun werk. Als het slecht gaat met de zaak bijvoorbeeld. Anderen moeten wegens ziekte een tijdje afhaken. Aan dat \u2018op non-actief\u2019 kleeft eigenlijk altijd een negatief beeld.<\/p>\n<p class=\"MsoNormal\">\u00a0<\/p>\n<p class=\"MsoNormal\">Als zoiets je overkomt, is een eerste vraag natuurlijk; waarom gebeurt dit mij? Sommige christenen menen dat je zoiets niet mag vragen. God is je geen verantwoording schuldig immers. Hij handelt soeverein.<\/p>\n<p class=\"MsoNormal\">Maar als Mozes en A\u00e4ron bij Farao pleiten om het volk Israel te laten gaan om voor God een feest te vieren, weigert Farao categorisch daarop in te gaan. Hij maakt de omstandigheden van de Isra\u00eblieten oneindig veel zwaarder juist. En Mozes maakt van zijn hart geen moordkuil. Hij legt zijn waaromvraag aan God voor met de woorden (Ex. 5: 22) <span style=\"mso-bidi-font-size: 11.0pt; mso-bidi-font-family: Tahoma; color: red;\">\u2026..mijn Heer, waarvoor hebt ge kwaad gedaan aan deze gemeente; waarvoor eigenlijk hebt ge mij gezonden?- <\/span><span style=\"mso-bidi-font-size: 11.0pt; mso-bidi-font-family: Tahoma;\">Mozes staat niet met gebalde vuisten voor God. Zijn gezindheid is goed. Maar zijn onbegrip mag hij God kennelijk best voorleggen.<\/span><\/p>\n<p class=\"MsoNormal\"><span style=\"mso-bidi-font-size: 11.0pt; mso-bidi-font-family: Tahoma;\"> <\/span><\/p>\n<p class=\"MsoNormal\"><span style=\"mso-bidi-font-size: 11.0pt; mso-bidi-font-family: Tahoma;\">Mozes was trouwens zelf een goed voorbeeld van iemand die een lange tijd op non-actief stond. Na veertig jaar aan het hof te zijn opgevoed laat God hen veertig jaar in de eenzaamheid van de woestijn tot volwassenheid komen. En zowel de opleiding aan het hof als de bezinning in de woestijn had Mozes in de laatste veertig jaar nodig om het volk Israel door de woestijn te leiden.<\/span><\/p>\n<p class=\"MsoNormal\"><span style=\"mso-bidi-font-size: 11.0pt; mso-bidi-font-family: Tahoma;\"> <\/span><\/p>\n<p class=\"MsoNormal\"><span style=\"mso-bidi-font-size: 11.0pt; mso-bidi-font-family: Tahoma;\">Laten we kijken naar drie personen die door God op non-actief werden gesteld.<\/span><\/p>\n<p class=\"MsoNormal\"><span style=\"mso-bidi-font-size: 11.0pt; mso-bidi-font-family: Tahoma;\"> <\/span><\/p>\n<p class=\"MsoNormal\"><strong style=\"mso-bidi-font-weight: normal;\"><span style=\"mso-bidi-font-size: 11.0pt; mso-bidi-font-family: Tahoma;\">Elia<\/span><\/strong><span style=\"mso-bidi-font-size: 11.0pt; mso-bidi-font-family: Tahoma;\"> (1 Kon. 17). <\/span><\/p>\n<p class=\"MsoNormal\"><span style=\"mso-bidi-font-size: 11.0pt; mso-bidi-font-family: Tahoma;\">Elia verschijnt hier volstrekt plotseling op het toneel. Hij krijgt de opdracht om de meest goddeloze koning die Israel ooit heeft gehad de wacht aan te zeggen. En meteen daarna stuurt God hem naar de beek Keriet. Op non-actief. Niks volgende opdrachten. Niks nieuwe profetie\u00ebn. Drie-en-een-half jaar niks doen. En elke morgen en elke avond raven die voedsel kwamen brengen. Elia moest in volstrekte afhankelijkheid leven. <\/span><\/p>\n<p class=\"MsoNormal\"><span style=\"mso-bidi-font-size: 11.0pt; mso-bidi-font-family: Tahoma;\">Weten wij nog wat dat is, leven in afhankelijkheid? Zijn wij nog dankbaar voor ons dagelijks brood? Of denken we: ach nou ja, dat ligt gewoon in de vriezer, daar hoef ik verder geen aandacht aan te besteden. Hebben wij nog het diepe besef dat we volstrekt afhankelijk zijn van God? Elia moest dat leren, meteen in het begin van zijn optreden.<\/span><\/p>\n<p class=\"MsoNormal\"><span style=\"mso-bidi-font-size: 11.0pt; mso-bidi-font-family: Tahoma;\"> <\/span><\/p>\n<p class=\"MsoNormal\"><strong style=\"mso-bidi-font-weight: normal;\"><span style=\"mso-bidi-font-size: 11.0pt; mso-bidi-font-family: Tahoma;\">Filippus<\/span><\/strong><span style=\"mso-bidi-font-size: 11.0pt; mso-bidi-font-family: Tahoma;\"> (Hand. 8: 26 e.v.).<\/span><\/p>\n<p class=\"MsoNormal\"><span style=\"mso-bidi-font-size: 11.0pt; mso-bidi-font-family: Tahoma;\">Filippus had groot succes met zijn prediking van de blijde boodschap. Hij trad op voor grote menigten. En dan plotseling draagt God \u2018m op om naar een eenzame plek te gaan. In de middaghitte nog wel, als eigenlijk iedereen zich gedeisd houdt wegens de warmte en binnen blijft. Filippus zal vast gedacht hebben: <em style=\"mso-bidi-font-style: normal;\">wat gaan we nou beleven<\/em>? Maar hij gaat wel.<\/span><\/p>\n<p class=\"MsoNormal\" style=\"mso-pagination: none; mso-layout-grid-align: none; text-autospace: none;\"><span style=\"mso-bidi-font-size: 11.0pt; mso-bidi-font-family: Tahoma;\">En dan passeert de schatbewaarder van Kandake. Hij zit op zijn reiswagen en leest de profeet Jesaja. Filippus heeft dat niet in de gaten en wordt daar door God op attent gemaakt (: 29). <span style=\"color: red;\">En de Geest zegt tot Filippus: treed toe en voeg je bij deze wagen! <\/span><\/span><\/p>\n<p class=\"MsoNormal\" style=\"mso-pagination: none; mso-layout-grid-align: none; text-autospace: none;\"><span style=\"mso-bidi-font-size: 11.0pt; mso-bidi-font-family: Tahoma;\">Misschien moest Filippus \u2013 briljant spreker voor een grote menigte \u2013 hier leren om zorg te hebben voor de enkeling. En dat geldt ook voor ons. Laten we de enkeling, de eenzame, de zieke aandacht geven. Laten we hem of haar de warmte van de christelijke gemeenschap laten ervaren. Laten we, als Filippus, die les leren.<\/span><\/p>\n<p class=\"MsoNormal\" style=\"mso-pagination: none; mso-layout-grid-align: none; text-autospace: none;\"><span style=\"mso-bidi-font-size: 11.0pt; mso-bidi-font-family: Tahoma;\"> <\/span><\/p>\n<p class=\"MsoNormal\" style=\"mso-pagination: none; mso-layout-grid-align: none; text-autospace: none;\"><strong style=\"mso-bidi-font-weight: normal;\"><span style=\"mso-bidi-font-size: 11.0pt; mso-bidi-font-family: Tahoma;\">Johannes<\/span><\/strong><span style=\"mso-bidi-font-size: 11.0pt; mso-bidi-font-family: Tahoma;\"> (Op. 1: 9 e.v.)<\/span><\/p>\n<p class=\"MsoNormal\"><span style=\"mso-bidi-font-size: 11.0pt; mso-bidi-font-family: Tahoma;\">Johannes stichtte gemeenten in het huidige West-Turkije. Hij zorgde voor ze. Bemoedigde ze. Bezocht ze. Hij was er heel druk mee. En dan plotseling verbant keizer Domitianes hem naar de eenzaamheid van het eiland Patmos. Daar zat Johannes non-actief te zijn. Voor \u2018zijn\u2019 gemeenten kon hij niets meer betekenen.<\/span><\/p>\n<p class=\"MsoNormal\"><span style=\"mso-bidi-font-size: 11.0pt; mso-bidi-font-family: Tahoma;\">En dan krijgt hij zijn visioen. Hij ziet zeven kandelaren, een beeld van de zeven gemeenten die hij stichtte. En God zelf loopt tussen die kandelaren door. God zelf laat Johannes zien: <em style=\"mso-bidi-font-style: normal;\">Ik zorg voor ze. Ik, Jezus, zet jouw werk voort. Heb er geen zorg over. <\/em>Wat een troost voor Johannes!<\/span><\/p>\n<p class=\"MsoNormal\" style=\"mso-pagination: none; mso-layout-grid-align: none; text-autospace: none;\"><span style=\"font-size: 11.0pt; font-family: Tahoma; mso-bidi-font-family: Tahoma;\"> <\/span><\/p>\n<p class=\"MsoNormal\" style=\"mso-pagination: none; mso-layout-grid-align: none; text-autospace: none;\">Non-actief. Waarom? Waartoe? Iedereen die ermee te maken krijgt moet met God samen haar of zijn les eruit leren. Maar in de eenzaamheid zijn we niet alleen. God is er bij. Onze reis mag misschien nogal onrustig en onzeker zijn, onze aankomst is zeker.<\/p>\n<p class=\"MsoNormal\" style=\"mso-pagination: none; mso-layout-grid-align: none; text-autospace: none;\">\u00a0<\/p>\n<div style=\"mso-element: para-border-div; border: solid windowtext 1.0pt; mso-border-alt: solid windowtext .5pt; padding: 1.0pt 4.0pt 1.0pt 4.0pt;\">\n<p class=\"MsoNormal\" style=\"text-align: center; mso-pagination: none; mso-layout-grid-align: none; text-autospace: none; border: none; mso-border-alt: solid windowtext .5pt; padding: 0cm; mso-padding-alt: 1.0pt 4.0pt 1.0pt 4.0pt;\" align=\"center\"><span style=\"font-size: 14.0pt; mso-bidi-font-size: 11.0pt; mso-bidi-font-family: Tahoma; color: blue;\">De Ene: wees stil voor hem,<\/span><\/p>\n<\/p><\/div>\n<p>\u00a0<\/p>\n","protected":false},"excerpt":{"rendered":"<p>\u00a0 Cirkel in al je g\u00e1ngen om de \u00c9ne, vertrouw op h\u00e9m \u00a0 Op non-actief gesteld worden. Een tijdje uit het gewone leven. Sommigen overkomt dat op hun werk. Als het slecht gaat met de zaak bijvoorbeeld. Anderen moeten wegens ziekte een tijdje afhaken. Aan dat \u2018op non-actief\u2019 kleeft eigenlijk altijd een negatief beeld. \u00a0 &hellip; <\/p>\n<p class=\"link-more\"><a href=\"https:\/\/www.vergaderingalkmaar.nl\/?page_id=162\" class=\"more-link\"><span class=\"screen-reader-text\">&#8220;Preek zondag 21 augustus 2011&#8221;<\/span> verder lezen<\/a><\/p>\n","protected":false},"author":1,"featured_media":0,"parent":588,"menu_order":73,"comment_status":"closed","ping_status":"open","template":"","meta":[],"_links":{"self":[{"href":"https:\/\/www.vergaderingalkmaar.nl\/index.php?rest_route=\/wp\/v2\/pages\/162"}],"collection":[{"href":"https:\/\/www.vergaderingalkmaar.nl\/index.php?rest_route=\/wp\/v2\/pages"}],"about":[{"href":"https:\/\/www.vergaderingalkmaar.nl\/index.php?rest_route=\/wp\/v2\/types\/page"}],"author":[{"embeddable":true,"href":"https:\/\/www.vergaderingalkmaar.nl\/index.php?rest_route=\/wp\/v2\/users\/1"}],"replies":[{"embeddable":true,"href":"https:\/\/www.vergaderingalkmaar.nl\/index.php?rest_route=%2Fwp%2Fv2%2Fcomments&post=162"}],"version-history":[{"count":1,"href":"https:\/\/www.vergaderingalkmaar.nl\/index.php?rest_route=\/wp\/v2\/pages\/162\/revisions"}],"predecessor-version":[{"id":1691,"href":"https:\/\/www.vergaderingalkmaar.nl\/index.php?rest_route=\/wp\/v2\/pages\/162\/revisions\/1691"}],"up":[{"embeddable":true,"href":"https:\/\/www.vergaderingalkmaar.nl\/index.php?rest_route=\/wp\/v2\/pages\/588"}],"wp:attachment":[{"href":"https:\/\/www.vergaderingalkmaar.nl\/index.php?rest_route=%2Fwp%2Fv2%2Fmedia&parent=162"}],"curies":[{"name":"wp","href":"https:\/\/api.w.org\/{rel}","templated":true}]}}