{"id":161,"date":"2011-08-14T20:40:33","date_gmt":"2011-08-14T19:40:33","guid":{"rendered":"http:\/\/www.vergaderingalkmaar.nl\/?page_id=161"},"modified":"2019-11-13T01:37:07","modified_gmt":"2019-11-13T00:37:07","slug":"preek-zondag-14-augustus-2011","status":"publish","type":"page","link":"https:\/\/www.vergaderingalkmaar.nl\/?page_id=161","title":{"rendered":"Preek zondag 14 augustus 2011"},"content":{"rendered":"<p>\u00a0<\/p>\n<div style=\"mso-element: para-border-div; border: solid windowtext 1.0pt; mso-border-alt: solid windowtext .5pt; padding: 1.0pt 4.0pt 1.0pt 4.0pt;\">\n<p class=\"MsoNormal\" style=\"text-align: center; border: none; mso-border-alt: solid windowtext .5pt; padding: 0cm; mso-padding-alt: 1.0pt 4.0pt 1.0pt 4.0pt;\" align=\"center\"><span style=\"font-size: 14.0pt; mso-bidi-font-size: 12.0pt; color: blue;\">Vol verwachting zal ik uitzien\u2026.<\/span><\/p>\n<\/p><\/div>\n<p class=\"MsoNormal\">\u00a0<\/p>\n<p class=\"MsoNormal\" style=\"text-align: justify; mso-pagination: none; mso-layout-grid-align: none; text-autospace: none;\"><span style=\"font-size: 11.0pt; mso-bidi-font-size: 12.0pt;\">Gods Woord staat vol met profetie\u00ebn. Heel wat zijn er vervuld. Denk bijvoorbeeld aan de profetie\u00ebn die <\/span><span style=\"font-size: 11.0pt; mso-bidi-font-size: 13.0pt; mso-bidi-font-family: Arial; mso-bidi-font-weight: bold;\">Dani\u00ebl<\/span><span style=\"font-size: 11.0pt; mso-bidi-font-size: 12.0pt;\"> aan Nebukadnezar bekend maakte over de wereldrijken die zouden komen. De hele serie rijken is in de geschiedenis aan te wijzen. <\/span><span style=\"font-size: 11.0pt; mso-bidi-font-size: 13.0pt; mso-bidi-font-family: Arial;\">De drie eerste rijken: het Babylonische, het Medisch Perzische- en het Grieks-Macedonische, zijn voorbijgegaan. Het laatste, het Romeinse rijk, tijdens welks bestaan de Heer Jezus geboren is, heeft zijn <em>verleden <\/em>en <em>toekomst. <\/em>Als wereldmacht is het Romeinse rijk dus (tijdelijk) ten onder gegaan. Het Romeinse rijk &#8220;was er, is er nu niet als wereldmacht, maar zal er in de toekomst weer zijn&#8221;, want de dodelijke wonde zal genezen en &#8220;die op de aarde wonen zullen zich verwonderen als zij het beest zien, dat het was, en niet is en zijn zal&#8221; (Openb. 17 : 8). Dit rijk wordt in &#8220;Dani\u00ebl&#8221; voorgesteld door het vierde dier, met de volgende kenmerken: &#8220;vreselijk, schrikwekkend en geweldig sterk: het had grote ijzeren tanden: het at en vermaalde, en wat overbleef, vertrad het met zijn poten&#8221; (Dan. 7 : 7).<\/span><\/p>\n<p class=\"MsoNormal\" style=\"text-align: justify; mso-pagination: none; mso-layout-grid-align: none; text-autospace: none;\"><span style=\"font-size: 11.0pt; mso-bidi-font-size: 13.0pt; mso-bidi-font-family: Arial;\"> <\/span><\/p>\n<p class=\"MsoNormal\" style=\"text-align: justify; mso-pagination: none; mso-layout-grid-align: none; text-autospace: none;\"><span style=\"font-size: 11.0pt; mso-bidi-font-size: 13.0pt; mso-bidi-font-family: Arial;\">Toentertijd heersten de Romeinen over heel de bekende aarde. De Heer Jezus werd door de Romein Pilatus veroordeeld, want Palestina behoorde tot het Romeinse grondgebied. Al de kustlanden van de Middellandse Zee behoorden de Romeinen toe, plus vrijwel geheel het huidige West-Europa. <\/span><\/p>\n<p class=\"MsoNormal\" style=\"text-align: justify; mso-pagination: none; mso-layout-grid-align: none; text-autospace: none;\"><span style=\"font-size: 11.0pt; mso-bidi-font-size: 13.0pt; mso-bidi-font-family: Arial;\"> <\/span><\/p>\n<p class=\"MsoNormal\" style=\"text-align: justify; mso-pagination: none; mso-layout-grid-align: none; text-autospace: none;\"><span style=\"font-size: 11.0pt; mso-bidi-font-size: 13.0pt; mso-bidi-font-family: Arial;\">Zou het hersteld Romeinse rijk daar weer op gaan lijken? De ontwikkelingen lijken beslist die kant op te gaan. De Franse president Sarkozy heeft in 2008 immers de Mediterrane Unie uitgeroepen. Een Unie die \u201c<\/span><span style=\"font-size: 11.0pt; mso-bidi-font-size: 16.0pt; mso-bidi-font-family: Tahoma; color: #262626;\">de verbinding zal zijn tussen Europa en Afrika.\u201d <\/span><\/p>\n<p class=\"MsoNormal\" style=\"text-align: justify; mso-pagination: none; mso-layout-grid-align: none; text-autospace: none;\"><span style=\"font-size: 11.0pt; mso-bidi-font-size: 16.0pt; mso-bidi-font-family: Tahoma; color: #262626;\"> <\/span><\/p>\n<p class=\"MsoNormal\" style=\"text-align: justify; mso-pagination: none; mso-layout-grid-align: none; text-autospace: none;\"><span style=\"font-size: 11.0pt; mso-bidi-font-size: 16.0pt; mso-bidi-font-family: Tahoma; color: #262626;\">En de ontwikkelingen sindsdien gaan snel. In heel de Arabische wereld is er grote onrust. De klassieke machthebbers zijn weg of wankelen op hun positie. Wellicht moeten zij eerst verdwijnen, alvorens de verdere eenheid met de Arabische volken gestalte kan krijgen. <\/span><\/p>\n<p class=\"MsoNormal\" style=\"text-align: justify; mso-pagination: none; mso-layout-grid-align: none; text-autospace: none;\"><span style=\"font-size: 11.0pt; mso-bidi-font-size: 16.0pt; mso-bidi-font-family: Tahoma; color: #262626;\"> <\/span><\/p>\n<p class=\"MsoNormal\" style=\"text-align: justify; mso-pagination: none; mso-layout-grid-align: none; text-autospace: none;\"><span style=\"font-size: 11.0pt; mso-bidi-font-size: 13.0pt; mso-bidi-font-family: Arial;\">Het Romeinse rijk zal niet eerder onder de macht van het beest hersteld worden, dan nadat de Heer Jezus is gekomen om al de zijnen tot Zich te nemen. Hij zal hen bewaren voor de \u201cure der verzoeking die over het gehele aardrijk komen zal.\u201d Daarmee wordt bedoeld de tijd van de grote verdrukking, die er zijn zal tijdens de regering van de antichrist. Maar het is heel goed mogelijk, zelfs waarschijnlijk, dat v\u00f3\u00f3r de opname van de gemeente de gebeurtenissen in de wereld zich zo toespitsen, dat de contouren van dit rijk zich reeds duidelijk aftekenen. En dat zien we vandaag de dag.<\/span><\/p>\n<p class=\"MsoNormal\" style=\"text-align: justify; mso-pagination: none; mso-layout-grid-align: none; text-autospace: none;\"><span style=\"font-size: 11.0pt; mso-bidi-font-size: 13.0pt; mso-bidi-font-family: Arial;\"> <\/span><\/p>\n<p class=\"MsoNormal\" style=\"text-align: justify; mso-pagination: none; mso-layout-grid-align: none; text-autospace: none;\"><span style=\"font-size: 11.0pt; mso-bidi-font-size: 13.0pt; mso-bidi-font-family: Arial;\">Is dit nu een blije ontwikkeling? Dat hangt er van af vanuit welke positie je deze gang van de geschiedenis bekijkt. <\/span><\/p>\n<p class=\"MsoNormal\" style=\"text-align: justify; mso-pagination: none; mso-layout-grid-align: none; text-autospace: none;\"><span style=\"font-size: 11.0pt; mso-bidi-font-size: 13.0pt; mso-bidi-font-family: Arial;\">Wij christenen mogen elke dag uitzien naar de komst van onze Heer. Hij zal ons halen om ons te beschermen tegen de gruwelijke verdrukking die er daarna zal komen. En zien we daar ook naar uit? Of is \u201cde wederkomst van Christus\u201d voor ons een oude waarheid die geen dagelijkse realiteit meer heeft? Zien we werkelijk nog vol verwachting uit?<\/span><\/p>\n<p class=\"MsoNormal\" style=\"text-align: justify; mso-pagination: none; mso-layout-grid-align: none; text-autospace: none;\"><span style=\"font-size: 11.0pt; mso-bidi-font-size: 13.0pt; mso-bidi-font-family: Arial;\"> <\/span><\/p>\n<p class=\"MsoNormal\" style=\"text-align: justify; mso-pagination: none; mso-layout-grid-align: none; text-autospace: none;\"><span style=\"font-size: 11.0pt; mso-bidi-font-size: 13.0pt; mso-bidi-font-family: Arial;\">Voor de niet christenen in de wereld is de komst van Christus een gruwelijk perspectief. Wij moeten hen overtuigen van deze onontkoombare ontwikkelingen. Het \u201claat u met God verzoenen\u201d moet onze boodschap zijn.<\/span><\/p>\n<p class=\"MsoNormal\" style=\"text-align: justify; mso-pagination: none; mso-layout-grid-align: none; text-autospace: none;\"><span style=\"font-size: 11.0pt; mso-bidi-font-size: 13.0pt; mso-bidi-font-family: Arial;\"> <\/span><\/p>\n<p class=\"MsoNormal\" style=\"text-align: justify; mso-pagination: none; mso-layout-grid-align: none; text-autospace: none;\"><span style=\"font-size: 11.0pt; mso-bidi-font-size: 13.0pt; mso-bidi-font-family: Arial;\">En dan nog een ding. Christus kan elk moment terugkomen. Als het teken gegeven wordt. Of, met de woorden van 1 Thess. 4 : 16: <\/span><span style=\"font-size: 11.0pt; mso-bidi-font-family: Tahoma; color: red;\">omdat de Heer zelf op een bevel, bij de stem van een aartsengel en een bazuin van God, zal neerdalen van de hemel;<\/span><span style=\"font-size: 11.0pt; mso-bidi-font-size: 13.0pt; mso-bidi-font-family: Arial; color: red;\"> <\/span><\/p>\n<p class=\"MsoNormal\" style=\"text-align: justify; mso-pagination: none; mso-layout-grid-align: none; text-autospace: none;\"><span style=\"font-size: 11.0pt; mso-bidi-font-size: 13.0pt; mso-bidi-font-family: \">De christenen die te Thessalonika woonden waren radicaal bekeerd van de afgoden tot de levende God. Bij hen leefde een vurige verwachting van de wederkomst van Jezus Christus uit de hemelen. Is dat bij ons ook nog zo?<\/span><\/p>\n<p class=\"MsoNormal\" style=\"text-align: justify; mso-pagination: none; mso-layout-grid-align: none; text-autospace: none;\">\u00a0<\/p>\n<div style=\"mso-element: para-border-div; border: solid windowtext 1.0pt; mso-border-alt: solid windowtext .5pt; padding: 1.0pt 4.0pt 1.0pt 4.0pt;\">\n<p class=\"MsoNormal\" style=\"text-align: center; border: none; mso-border-alt: solid windowtext .5pt; padding: 0cm; mso-padding-alt: 1.0pt 4.0pt 1.0pt 4.0pt;\" align=\"center\"><span style=\"font-size: 14.0pt; mso-bidi-font-size: 12.0pt; color: blue;\">Ja, Ik kom spoedig!<\/span><\/p>\n<\/p><\/div>\n<p>\u00a0<\/p>\n","protected":false},"excerpt":{"rendered":"<p>\u00a0 Vol verwachting zal ik uitzien\u2026. \u00a0 Gods Woord staat vol met profetie\u00ebn. Heel wat zijn er vervuld. Denk bijvoorbeeld aan de profetie\u00ebn die Dani\u00ebl aan Nebukadnezar bekend maakte over de wereldrijken die zouden komen. De hele serie rijken is in de geschiedenis aan te wijzen. De drie eerste rijken: het Babylonische, het Medisch Perzische- &hellip; <\/p>\n<p class=\"link-more\"><a href=\"https:\/\/www.vergaderingalkmaar.nl\/?page_id=161\" class=\"more-link\"><span class=\"screen-reader-text\">&#8220;Preek zondag 14 augustus 2011&#8221;<\/span> verder lezen<\/a><\/p>\n","protected":false},"author":1,"featured_media":0,"parent":588,"menu_order":74,"comment_status":"closed","ping_status":"open","template":"","meta":[],"_links":{"self":[{"href":"https:\/\/www.vergaderingalkmaar.nl\/index.php?rest_route=\/wp\/v2\/pages\/161"}],"collection":[{"href":"https:\/\/www.vergaderingalkmaar.nl\/index.php?rest_route=\/wp\/v2\/pages"}],"about":[{"href":"https:\/\/www.vergaderingalkmaar.nl\/index.php?rest_route=\/wp\/v2\/types\/page"}],"author":[{"embeddable":true,"href":"https:\/\/www.vergaderingalkmaar.nl\/index.php?rest_route=\/wp\/v2\/users\/1"}],"replies":[{"embeddable":true,"href":"https:\/\/www.vergaderingalkmaar.nl\/index.php?rest_route=%2Fwp%2Fv2%2Fcomments&post=161"}],"version-history":[{"count":1,"href":"https:\/\/www.vergaderingalkmaar.nl\/index.php?rest_route=\/wp\/v2\/pages\/161\/revisions"}],"predecessor-version":[{"id":1690,"href":"https:\/\/www.vergaderingalkmaar.nl\/index.php?rest_route=\/wp\/v2\/pages\/161\/revisions\/1690"}],"up":[{"embeddable":true,"href":"https:\/\/www.vergaderingalkmaar.nl\/index.php?rest_route=\/wp\/v2\/pages\/588"}],"wp:attachment":[{"href":"https:\/\/www.vergaderingalkmaar.nl\/index.php?rest_route=%2Fwp%2Fv2%2Fmedia&parent=161"}],"curies":[{"name":"wp","href":"https:\/\/api.w.org\/{rel}","templated":true}]}}