{"id":16,"date":"2009-11-09T18:16:17","date_gmt":"2009-11-09T17:16:17","guid":{"rendered":"http:\/\/www.vergaderingalkmaar.nl\/?page_id=16"},"modified":"2019-11-13T01:37:04","modified_gmt":"2019-11-13T00:37:04","slug":"preek-1-11-2009","status":"publish","type":"page","link":"https:\/\/www.vergaderingalkmaar.nl\/?page_id=16","title":{"rendered":"Preek 1-11-2009"},"content":{"rendered":"<p><strong>Kijken achter de horizon<\/strong><\/p>\n<p>Van tweederde van de psalmen in de bijbel wordt de dichter in de aanhef vermeld. Een twaalftal psalmen (50, 73\u201383) worden toegeschreven aan Asaf, onder Salomo een van de koorleiders in de tempel te Jeruzalem. Asaf de zanger is een tijdgenoot van David, de koning. En het is David die Asaf\u2019s competenties ontdekt en hem aanstelt als koorleider van de tempel. Daar begon dus de\u00a0 traditie van de zangers in de tempel (Neh. 12: 6). Het aantal zangers was heel aanzienlijk ( 148 volgens Neh. 17: 44; en zelfs 288 volleerde zangers met leerlingen volgens 1 Kron. 25: 7 en 8, die werden verdeeld in 24 groepen van 12 personen. In 2 Kron. 29: 30 wordt Asaf \u201cziener\u201d genoemd.<\/p>\n<p>Kennelijk wordt de traditie om te zingen van generatie op generatie doorgegeven. Zoals ook wij onze kinderen en jongeren aansporen om hun capaciteiten te gebruiken in Gods koninkrijk. Opdat de lofzang ononderbroken mag klinken in Gods gemeente. <\/p>\n<p>Asaf\u2019s bekendste psalm is stellig nummer 73. Als we die beginnen te lezen lijkt er &#8211; na het eerste vers \u201cEcht, God is voor \u00cdsra\u00ebl g\u00f3ed, voor de l\u00f3uter\u00e9n van h\u00e1rt!\u201d &#8211; eigenlijk niks op een lofzang. Het woord klaagzang komt eerst. Een klaagzang van een jaloers mens. Asaf kijkt om zich heen en ziet dat het juist die mensen die zich aan God noch gebod ook maar iets gelegen laten liggen goed gaat. En dat stemt \u2018m bitter. Wij zouden zeggen\u201dhet is niet eerlijk!\u201d Vers 13, 14:<\/p>\n<p>Ach, vergeefs hield ik z\u00faiver mijn h\u00e1rt, heb ik mijn h\u00e1nden gew\u00e1ssen in \u00f3nschuld!- werd ik een gepl\u00e1agde heel de d\u00e1g, iedere \u00f3chtend opn\u00edeuw gekast\u00edjd!<\/p>\n<p>Asaf was bezig zijn zicht op God behoorlijk kwijt te raken. Herkennen we dat? Zijn ook wij niet makkelijk jaloers op degenen die het volgens ons beter hebben? Op hun mooie huis? Hun vele geld? Mooie auto?<br \/>Als we zo kijken verdwijnt God makkelijk uit het zicht. <\/p>\n<p>Maar Asaf komt bij zinnen (: 16, 17):\u2028\u2028Hoe ik ook nadacht om d\u00e1t te verst\u00e1an, het bleef ell\u00e9nde \u00edn mijn \u00f3gen; totdat ik kwam in het h\u00e9iligdom van G\u00f3d en \u00e1cht sloeg \u00f3p hun \u00e9inde.<\/p>\n<p>Zijn klaagzang keert om met het woord totdat van vers 17. Asaf kiest een ander perspectief. Hij gaat Gods heiligdom binnen. En zijn jaloezie slaat om in blijdschap. In vreugde met God. In grote blijdschap. <br \/>Hij noemt God in vers 26: de rots van mijn h\u00e1rt en mijn d\u00e9el is G\u00f3d v\u00f3or \u00e9euwig.<\/p>\n<p>En in vers 28 tenslotte is Asaf compleet omgekeerd. Is zijn jaloersheid helemaal weg. Want hij juicht het uit:\u2028\u2028En ik: nabij God te zijn, is mij goed, ik heb als mijn toevlucht gesteld mijn H\u00e9er, de \u00c9ne, om te vert\u00e9llen \u00e1l uw w\u00e9rken!<\/p>\n<p>Er is niks verkeerds aan als we om ons heen kijken. Maar laten we wel bedenken waar we naar kijken. Laten we onze blik richten op God. Laten we letten op het einde dat Hij geeft. En hem voortdurend een loflied zingen. Want Hij is het waard. <\/p>\n<p>Delen uit psalm 73 zijn door klassieke componisten vaak op muziek gezet. Bijvoorbeeld:<\/p>\n<p>Heinrich Sch\u00fctz:\u00a0 http:\/\/www.youtube.com\/watch?v=VCxdsE9DM1E :de verzen 25 en 26:<\/p>\n<p>Herr, wenn ich nur dich habe, \u2028so frage ich nichts nach Himmel und Erde. \u2028Wenn mir gleich Leib und Seele verschmacht, \u2028so bist du doch, Gott, allezeit \u2028meines Herzens Trost, und mein Teil.<\/p>\n","protected":false},"excerpt":{"rendered":"<p>Kijken achter de horizon Van tweederde van de psalmen in de bijbel wordt de dichter in de aanhef vermeld. Een twaalftal psalmen (50, 73\u201383) worden toegeschreven aan Asaf, onder Salomo een van de koorleiders in de tempel te Jeruzalem. Asaf de zanger is een tijdgenoot van David, de koning. En het is David die Asaf\u2019s &hellip; <\/p>\n<p class=\"link-more\"><a href=\"https:\/\/www.vergaderingalkmaar.nl\/?page_id=16\" class=\"more-link\"><span class=\"screen-reader-text\">&#8220;Preek 1-11-2009&#8221;<\/span> verder lezen<\/a><\/p>\n","protected":false},"author":1,"featured_media":0,"parent":588,"menu_order":143,"comment_status":"closed","ping_status":"open","template":"","meta":[],"_links":{"self":[{"href":"https:\/\/www.vergaderingalkmaar.nl\/index.php?rest_route=\/wp\/v2\/pages\/16"}],"collection":[{"href":"https:\/\/www.vergaderingalkmaar.nl\/index.php?rest_route=\/wp\/v2\/pages"}],"about":[{"href":"https:\/\/www.vergaderingalkmaar.nl\/index.php?rest_route=\/wp\/v2\/types\/page"}],"author":[{"embeddable":true,"href":"https:\/\/www.vergaderingalkmaar.nl\/index.php?rest_route=\/wp\/v2\/users\/1"}],"replies":[{"embeddable":true,"href":"https:\/\/www.vergaderingalkmaar.nl\/index.php?rest_route=%2Fwp%2Fv2%2Fcomments&post=16"}],"version-history":[{"count":1,"href":"https:\/\/www.vergaderingalkmaar.nl\/index.php?rest_route=\/wp\/v2\/pages\/16\/revisions"}],"predecessor-version":[{"id":1565,"href":"https:\/\/www.vergaderingalkmaar.nl\/index.php?rest_route=\/wp\/v2\/pages\/16\/revisions\/1565"}],"up":[{"embeddable":true,"href":"https:\/\/www.vergaderingalkmaar.nl\/index.php?rest_route=\/wp\/v2\/pages\/588"}],"wp:attachment":[{"href":"https:\/\/www.vergaderingalkmaar.nl\/index.php?rest_route=%2Fwp%2Fv2%2Fmedia&parent=16"}],"curies":[{"name":"wp","href":"https:\/\/api.w.org\/{rel}","templated":true}]}}