{"id":1548,"date":"2019-10-27T17:51:31","date_gmt":"2019-10-27T16:51:31","guid":{"rendered":"http:\/\/www.vergaderingalkmaar.nl\/?page_id=1548"},"modified":"2019-10-27T17:51:31","modified_gmt":"2019-10-27T16:51:31","slug":"preek-zondag-27-oktober-2019","status":"publish","type":"page","link":"https:\/\/www.vergaderingalkmaar.nl\/?page_id=1548","title":{"rendered":"Preek zondag 27 oktober 2019"},"content":{"rendered":"<h3 style=\"text-align: center;\"><span style=\"color: #0000ff;\"><strong>Gehoorzaamheid zonder vrijheid is slavernij<\/strong><\/span><\/h3>\n<p>Over bidden. We lezen vooraf drie stukjes uit de bijbel:<\/p>\n<ul>\n<li>1 Thess. 5, 16-17: <span style=\"color: #ff0000;\"><sup>16<\/sup>Verheugt u altijd, <sup>17<\/sup>bidt zonder ophouden,<\/span><\/li>\n<li>6, 18 19a: <span style=\"color: #ff0000;\"><sup>18<\/sup>in alle aanbidding en smeking te aller stond biddend in de kracht van de Geest, en daartoe nachtwaken houdend met alle volharding en smeking voor al de heiligen,- <sup>19a<\/sup>ook voor mij,<\/span><\/li>\n<li>1 Joh. 5, 13-15: <span style=\"color: #ff0000;\"><sup>13<\/sup>Dit alles heb ik u geschreven opdat ge w\u00e9\u00e9t dat ge eeuwig leven hebt, u die gelooft in de naam van de Zoon van God; <sup>14<\/sup>en dit is de vrijheid van spreken die we hebben bij hem: dat, als we iets vragen naar zijn wil, hij naar ons hoort; <sup>15<\/sup>en als we weten dat hij naar ons hoort, wat we ook vragen, weten we dat we de gevraagde zaken h\u00e9bben die we van hem hebben gevraagd.<\/span><\/li>\n<\/ul>\n<p>&nbsp;<\/p>\n<p>Deze toespraak gaat over bidden en pendelt een beetje tussen teleurstelling en volharding. Bidt zonder ophouden zegt het eerste gelezen stukje. Wees bezig met bidden. Ga ermee door. Laat het je passie wezen.<\/p>\n<p>&nbsp;<\/p>\n<p>Realiseren wij ons voldoende dat we in oorlogsgebied wonen? Dat de samenleving van vandaag de dag afwijzend staat tegenover God, en meer dan dat: vijandig? Geloof is op z\u2019n best iets voor <em>achter de voordeur.<\/em> Daarbuiten speelt normgeving die niet voortvloeit uit menselijke overtuiging maar uit een Goddelijk gebod geen enkele rol. Christenen \u2013 mensen die daarover anders denken dus \u2013 leven daarom in bezet gebied. Christene zijn te beschouwen als ambassadeurs van God op deze aarde. Christenen vertegenwoordigen een ander rijk. Het rijk waarvan Jezus koning werd toen hij stierf aan het kruis en opstond uit de dood. Christenen zijn ambassadeurs van het koninkrijk van de <em>Eerstgeborene uit de dood<\/em>!<\/p>\n<p>&nbsp;<\/p>\n<p>Zo\u2019n positie is per definitie niet makkelijk. Wie in de strijd verkeert zal zich met enige frequentie afvragen: zit ik goed? Wie daarover nooit twijfelt moet zich toch eens afvragen of zij\/hij wel weet in welke positie zij\/hij staat.<\/p>\n<p>&nbsp;<\/p>\n<p>En wat doe je nou het beste als je in verwarring of in twijfel zit? Bidden! Gebruik maken van onze relatie met God. God luistert graag naar wat ons bezig houdt. Hij wil graag horen over wat ons blij en gelukkig maakt. Maar minstens zo graag luistert Hij naar onze moeilijkheden en zorgen, onze pijn, ons verdriet en onze boosheid.<\/p>\n<p>Bidden is in de eerste plaats belangrijk voor onszelf. (God weet al lang hoe we in ons vel zitten. Al biddend ontdekken we dat dan van onszelf). Bidden is tweerichtingsverkeer: wij praten en God luistert, God praat en wij luisteren\u2026 God de Vader in de hemel luistert naar onze gebeden. God de Zoon is de middelaar tussen hemel en aarde en God de Heilige Geest woont in ons en is de \u2018energiecentrale\u2019 in ons die maakt dat Gods kracht zichtbaar wordt in ons doen en laten. Dat we onze rol \u2013 onze missie \u2013 als ambassadeurs van God goed kunnen vervullen.<\/p>\n<p>&nbsp;<\/p>\n<p>In het Engels (bidden = PRAY) is er een aardig acroniem om de kern van bidden te pakken:<\/p>\n<p><span style=\"color: #ff0000;\"><strong>P<\/strong><\/span>assie\/<span style=\"color: #ff0000;\"><strong>P<\/strong><\/span>raise: zetten we echt ons hart open? Laten we de Heilige Geest binnen? Matth. 6, 9;13b.<\/p>\n<p><span style=\"color: #ff0000;\"><strong>R<\/strong><\/span>epent: belijden we werkelijk onze zonden? Vergeven we de ander de zonden, zoals ons de onze vergeven zijn? Matth. 6,12.<\/p>\n<p><span style=\"color: #ff0000;\"><strong>A<\/strong><\/span>sk: hebben we de vrijmoedigheid om God alles te vragen? Zoals een jong kind dat doet bij z\u2019n aardse vader? Echt alles? Matth. 6,11;13a.<\/p>\n<p><span style=\"color: #ff0000;\"><strong>Y<\/strong><\/span>es<strong>\/<span style=\"color: #ff0000;\">Y<\/span><\/strong>ield: Zeggen we ja-en-amen op Gods bemoeienis met ons? Matth. 6,10.<\/p>\n<p>&nbsp;<\/p>\n<p>&nbsp;<\/p>\n<p>Hoeveel ruimte geven christenen wij aan elkaar. En specifieker: hoeveel ruimte geven wij aan onze opgroeiende tieners? Hebben we iets met de gedachte dat het christendom \u2013 of de Vergadering \u2013 niet ons winkeltje is? Als we bidden, en dan beginnen met God te prijzen, is het dan niet zo dat we onze aandacht bij God hebben en niet bij onze alledaagse problemen, zorgen en verlangens? Gaan we dan de wereld en al onze problemen niet in een ander perspectief zien? Krijgen we dan niet echte ruimte, omdat we plots beseffen dat ons leven als christenen \u2013 en als Vergadering &#8211; \u00a0niet van onszelf (en van onze controledrang) afhangt maar louter van Gods liefde en genade?<\/p>\n<p>&nbsp;<\/p>\n<p>Geestelijk volwassen worden in 2019 gaat niet als we de tradities van 1880 blijven bepleiten. Durven we onze twijfels voor God uit te storten? Durven we ons \u00e9\u00e9n te maken met God in ons gebed? Zoals de Heer Jezus zich (Joh. 17) compleet \u00e9\u00e9n maakte met God?<\/p>\n<p>Vertrouwen op God begint wel met geloven, maar vertrouwen is meer en gaat verder. Je leert eerst geloven in God. Daarna ga je Hem vertrouwen. En tot slot worden we \u00e9\u00e9n met God. Dan worden Zijn overwegingen en gedachten de onze. Dat is wat God wil. Willen wij dat ook? Of is dat griezelig? Dan hebben we zelf niks meer te zeggen, toch?<\/p>\n<p>&nbsp;<\/p>\n<p><span style=\"color: #0000ff;\">Maarten Luther: je kunt geen christen zijn zonder te bidden, zoals je ook niet kunt leven zonder adem te halen.<\/span><\/p>\n<p>&nbsp;<\/p>\n<p>Wat is hier in Alkmaar jullie drive? Waar gaan jullie voor? Onze jongeren groeien op in een compleet andere wereld dat de wereld waarin wij ouderen verkeerden toen we jong waren. Een wereld waarin God wordt weg verklaard als \u2018<em>overbodige hypothese<\/em>.\u2019 Waarin als wetenschap wordt verkondigd dat \u2018leven\u2019 en \u2018God\u2019 niks met elkaar te maken hebben.<\/p>\n<p>&nbsp;<\/p>\n<p>Weten wij ouders en opa\u2019s en oma\u2019s nog wat onze (klein-)kinderen denken en vinden? Hoe betrekken we de tieners bij onze diensten? Hebben ze daar \u00fcberhaupt een rol? De keus is aan ons. Kabbelen we voort en glijden we langzaam maar zeker weg? Worden we christenen die hun christelijke plicht doen. Zodat we gewend raken aan wat we doen en na een tijdje nauwelijks nog in de gaten hebben dat het een sleur geworden is. En dat die \u00a0\u2013 voor ons prettige en vertrouwde \u2013 sleur niet langer iets is wat onze kinderen en kleinkinderen nog aanspreekt?<\/p>\n<p>&nbsp;<\/p>\n<p>Of moeten we de geschiedenis ernstig nemen omdat we anders \u2018<em>een weg inslaan naar eigen inzicht?<\/em>\u2019 Moeten we onze principes als \u2018<em>Het Oude Getrouw\u2019<\/em> koesteren?<\/p>\n<p>Jezus is toch de Eeuwige Zoon van God? En Gods Heilige Geest is toch in ons? Dan moeten we onze jongeren de echtheid daarvan toch ook laten zien? En dan moet die echtheid toch ook leiden tot een perspectief voor jongeren in de geloofsgemeenschap? Hoe kunnen we gezamenlijk bezig zijn met God? Hoe kunnen we onze jongeren helpen te zien dat ze eindeloos veel meer zijn dan een \u2018<em>economisch individu dat nut moet hebben?<\/em>\u2019 Wij mensen zeggen vandaag de dag dat we \u2018<em>vrij willen zij<\/em>n.\u2019 Maar we sluiten ons steeds meer af voor elkaar en voor God. En vrijheid ervaren we nauwelijks nog.<\/p>\n<p>&nbsp;<\/p>\n<p>Als we echtheid willen laten zien aan onze jongeren, moeten we ons niet als christenen presenteren, maar moeten we het zijn. Het idee dat wij er al zijn, en dus klaar zijn, moeten we loslaten. \u201cIk jaag er naar\u2019 schrijft Paulus (Fil. 3,13-14): <span style=\"color: #ff0000;\"><sup>13<\/sup>Broeders-en-zusters, ik denk van mijzelf niet dat ik die gegrepen heb, maar \u00e9\u00e9n ding wel: vergetend wat achter mij ligt en mij uitstrekkend naar wat v\u00f3\u00f3r mij ligt, <sup>14<\/sup>jaag ik naar het doel voor de prijs van de roeping van boven, van God in Christus Jezus.<\/span><\/p>\n<p>&nbsp;<\/p>\n<p>Laten we onze jongeren (en onszelf?) voorhouden dat Christus ons vrijheid brengt. Dat er vrijheid is waar de Geest van de Heer is. Dat angst is overwonnen. Dat we allen eindeloos beminde kinderen van God zijn. Dat de volmaakte liefde de vrees uitdrijft.<\/p>\n<p>&nbsp;<\/p>\n<p>Onze God is geen bedrieger. Hij doet wat Hij belooft. Laten we dus de moed nemen om als pelgrims (weer) op pad te gaan. Met Gods doel voor ogen. Wetend dat we niet voor onszelf bezig zijn. Maar voor God. Op weg naar het Vaderland. En laten we ons realiseren: onze jeugd heeft de toekomst!<\/p>\n<h3 style=\"text-align: center;\"><span style=\"color: #0000ff;\"><strong>Vrijheid zonder gehoorzaamheid is willekeur<\/strong><\/span><\/h3>\n<h6 style=\"text-align: right;\">Dietrich Bonhoeffer<\/h6>\n<p>&nbsp;<\/p>\n","protected":false},"excerpt":{"rendered":"<p>Gehoorzaamheid zonder vrijheid is slavernij Over bidden. We lezen vooraf drie stukjes uit de bijbel: 1 Thess. 5, 16-17: 16Verheugt u altijd, 17bidt zonder ophouden, 6, 18 19a: 18in alle aanbidding en smeking te aller stond biddend in de kracht van de Geest, en daartoe nachtwaken houdend met alle volharding en smeking voor al de &hellip; <\/p>\n<p class=\"link-more\"><a href=\"https:\/\/www.vergaderingalkmaar.nl\/?page_id=1548\" class=\"more-link\"><span class=\"screen-reader-text\">&#8220;Preek zondag 27 oktober 2019&#8221;<\/span> verder lezen<\/a><\/p>\n","protected":false},"author":3,"featured_media":0,"parent":588,"menu_order":0,"comment_status":"closed","ping_status":"closed","template":"","meta":[],"_links":{"self":[{"href":"https:\/\/www.vergaderingalkmaar.nl\/index.php?rest_route=\/wp\/v2\/pages\/1548"}],"collection":[{"href":"https:\/\/www.vergaderingalkmaar.nl\/index.php?rest_route=\/wp\/v2\/pages"}],"about":[{"href":"https:\/\/www.vergaderingalkmaar.nl\/index.php?rest_route=\/wp\/v2\/types\/page"}],"author":[{"embeddable":true,"href":"https:\/\/www.vergaderingalkmaar.nl\/index.php?rest_route=\/wp\/v2\/users\/3"}],"replies":[{"embeddable":true,"href":"https:\/\/www.vergaderingalkmaar.nl\/index.php?rest_route=%2Fwp%2Fv2%2Fcomments&post=1548"}],"version-history":[{"count":1,"href":"https:\/\/www.vergaderingalkmaar.nl\/index.php?rest_route=\/wp\/v2\/pages\/1548\/revisions"}],"predecessor-version":[{"id":1549,"href":"https:\/\/www.vergaderingalkmaar.nl\/index.php?rest_route=\/wp\/v2\/pages\/1548\/revisions\/1549"}],"up":[{"embeddable":true,"href":"https:\/\/www.vergaderingalkmaar.nl\/index.php?rest_route=\/wp\/v2\/pages\/588"}],"wp:attachment":[{"href":"https:\/\/www.vergaderingalkmaar.nl\/index.php?rest_route=%2Fwp%2Fv2%2Fmedia&parent=1548"}],"curies":[{"name":"wp","href":"https:\/\/api.w.org\/{rel}","templated":true}]}}