{"id":1543,"date":"2019-10-14T15:19:26","date_gmt":"2019-10-14T14:19:26","guid":{"rendered":"http:\/\/www.vergaderingalkmaar.nl\/?page_id=1543"},"modified":"2019-10-14T15:19:26","modified_gmt":"2019-10-14T14:19:26","slug":"preek-zondag-13-oktober-2019","status":"publish","type":"page","link":"https:\/\/www.vergaderingalkmaar.nl\/?page_id=1543","title":{"rendered":"Preek zondag 13 oktober 2019"},"content":{"rendered":"<h3 style=\"text-align: center;\"><span style=\"color: #0000ff;\"><strong>Omringt Sion, <\/strong><strong>tracht te tellen<\/strong><strong>\u00a0<\/strong><strong>haar torens, <\/strong><strong>doorwandelt haar paleizen <\/strong><strong>opdat ge kunt vertellen<\/strong><strong>\u00a0<\/strong><strong>aan een geslacht van later:<\/strong><\/span><\/h3>\n<p>&nbsp;<\/p>\n<p>Waarom ga je ter kerke? Wat of wie maakt dat je op zondagmorgen rond tienen met een stel anderen een plekje zoekt in een gebouw waar een orgel zachte muziek speelt. Sleur? Eigenlijk vraag je het jezelf ook wel eens af. Het heeft wel iets van de opmerking van John Cleese (in zijn filmpje over \u2018vergaderingen\u2019: \u201c<em>It is the weekly meeting.\u201d<\/em> Gewoonte? Je doet het al jaren zo. Je ontmoet mensen die je best graag mag en die doen dat ook al jaren zo. Het voelt gewoon goed.<\/p>\n<p>&nbsp;<\/p>\n<p>Totdat iemand de vraag stelt: \u201cWie nodigt je eigenlijk uit op zondagmorgen?\u201d Leo Fijen (journalist en programmamaker KRO) zegt in zijn lezingen over de kansen voor de kerk in deze tijd onder andere <em>Begin bij God.<\/em>\u00a0En <em>Het moet je raken in je eigen hart<\/em>.<\/p>\n<p>&nbsp;<\/p>\n<p>Natuurlijk is het God die ons uitnodigt. Dat weten we allemaal. Maar of het ons altijd ook zo bewust voor ogen staat?<\/p>\n<p>In de Bijbel komen ook passages voor die weerspiegelen dat het besef om Wie het gaat soms wat laat komt.<\/p>\n<p>&nbsp;<\/p>\n<p>De tekst uit Jesaja 25: 9 is groots: <span style=\"color: #ff0000;\">Zeggen zal men te dien dage: zie, deze is onze God, wij hebben gehoopt op hem en hij heeft ons gered,- dit is de Ene, wij hebben gehoopt op hem, laten wij juichen en verheugd zijn \u00a0om de redding die hij heeft gebracht!<\/span> Als je de teksten (:6 \u2013 9) daarvoor leest maakt het ook een beetje de indruk van \u201cO ja, daar ging het om. Goed dat we eraan worden herinnerd.\u201d Ervaren wij dat ook niet zo nu en dan? Dat een en ander weer eventjes moet worden opgefrist?<\/p>\n<p>&nbsp;<\/p>\n<p>We zien lang niet altijd (meteen) wat God voor ons doet. Als (2 Kon. 6: 8 \u2013 23) de koning van Aram oorlog voert tegen Isra\u00ebl waarschuwt Elisa de koning van Isra\u00ebl. De koning van Aram is woest als hij merkt dat Isra\u00ebl hem steeds een stapje voor is. Dan is er een van zijn dienaren die uitlegt dat hier de profeet Elisa een rol speelt. Die vertelt aan de koning van Isra\u00ebl wat Aram van plan is.<\/p>\n<p>Dan stuurt de koning van Aram een zware legermacht naar Dotan, waar Elisa woont. De stad wordt compleet omsingeld. De knecht van Elisa ziet de bewapende soldaten en schrikt zich lam. Hij zegt tegen Elisa <span style=\"color: #ff0000;\">ach, mijn heer, wat moeten we doen? Elisa zegt vrees niet,- want die bij ons horen zijn talrijker dan die bij hen horen! En Elisja bidt en zegt: Ene, open toch zijn ogen, dat hij ziet! Dan opent de Ene de ogen van de jongen en ziet hij: ziedaar, het bergland vol van paarden en wagens van vuur die Elisja omringen.<\/span> Zo nu en dan opent God ook onze ogen, opdat wij weer echt zien wie Hij is en hoe Hij met zijn engelen ons omringt.<\/p>\n<p>&nbsp;<\/p>\n<p>Een andere geschiedenis waar iemand de schellen van de ogen vallen is die van Saulus. In zijn geboorteplaats Tarsus bestudeerde hij als joods jongetje en jonge man de Thora. Hij bezat een zeldzame bekwaamheid in het doorgronden en memoriseren van de teksten van de Wet en de Profeten. En hij vond voorbeelden bij zijn niet aflatende studies die hem stimuleerden om zich met hart-en-ziel aan God te wijden. Gen. 15: 6: <span style=\"color: #ff0000;\">Hij heeft vertrouwd op de Ene; die heeft hem dat <strong><em>gerekend als gerechtigheid<\/em><\/strong>.<\/span><\/p>\n<p>Num. 25: 11, 12: <span style=\"color: #ff0000;\">Pinchas, zoon van Elazar, zoon van A\u00e4ron de priester, heeft mijn woede over de zonen Isra\u00ebls gek\u00e9\u00e9rd doordat hij met m\u00edjn ijvergloed onder hen heeft geijverd; en ik niet in mijn naijver een einde heb hoeven maken aan de zonen Isra\u00ebls. Daarom, zeg ik: hier ben ik, <strong><em>ik geef hem mijn verbond van vrede!<\/em><\/strong><\/span><\/p>\n<p>Dat stond Saulus voor ogen. God dienen zoals de werkelijk grote mannen uit het Oude Testament. Gods gerechtigheid verwerven! Gods verbond van vrede waardig zijn.<\/p>\n<p>En met die instelling trok de jonge Saulus naar de plaats waar de Joodse Wet op het hoogst werd bestudeerd: Jeruzalem. Hij vond een briljante leermeester in Gamali\u00ebl.<\/p>\n<p>In de reuring die ontstond toen Stephanus grote wonderen deed en in de in de synagoge uitlegde dat in Jezus de Nazarener alle beloftes en voorzeggingen van de profeten waren vervuld, stemde Saulus volkomen in met de terechtstelling van Stephanus. Even later nam hij in zijn grote ijver zelfs het initiatief om in Damascus Joden op te sporen die ook Jezus waren gaan volgen.<\/p>\n<p>En dan, op weg naar Damascus, krijgt Saulus een visioen uit de hemel. Hij ziet Jezus, de Persoon die hij vervolgt! Saulus ziet in \u00e9\u00e9n flits in dat alles wat hij bestudeerde uit de Wet en de Profeten in Jezus werd \u00a0vervuld. De puzzel van Wet en de Profeten klopte &#8211; met al zijn duizenden stukjes &#8211; volmaakt. Saulus hoefde niets af- of bij te leren. Hij hoefde alleen maar te kijken, te zien. En (Hand. 9: 20): <span style=\"color: #ff0000;\">hij is meteen in de samenkomsten Jezus is gaan prediken:\u00a0dat h\u00edj de Zoon van God is.<\/span> De schellen waren van zijn ogen. Saulus zag Jezus.<\/p>\n<p>En dat geldt ook ons. Zien we Wie ons uitnodigt op zondag? Er is weinig mis met een goede gewoonte. Maar wat is de zin erachter?<\/p>\n<p>&nbsp;<\/p>\n<h3 style=\"text-align: center;\"><span style=\"color: #0000ff;\"><strong>ja, hij is God,<\/strong><strong>\u00a0<\/strong><strong>onze God een eeuwigheid en langer,-<\/strong><strong><br \/>\nhij geleidt ons over de dood!<\/strong><\/span><\/h3>\n<h6 style=\"text-align: right;\">Psalm 48: 13 \u2013 15<\/h6>\n","protected":false},"excerpt":{"rendered":"<p>Omringt Sion, tracht te tellen\u00a0haar torens, doorwandelt haar paleizen opdat ge kunt vertellen\u00a0aan een geslacht van later: &nbsp; Waarom ga je ter kerke? Wat of wie maakt dat je op zondagmorgen rond tienen met een stel anderen een plekje zoekt in een gebouw waar een orgel zachte muziek speelt. Sleur? Eigenlijk vraag je het jezelf &hellip; <\/p>\n<p class=\"link-more\"><a href=\"https:\/\/www.vergaderingalkmaar.nl\/?page_id=1543\" class=\"more-link\"><span class=\"screen-reader-text\">&#8220;Preek zondag 13 oktober 2019&#8221;<\/span> verder lezen<\/a><\/p>\n","protected":false},"author":3,"featured_media":0,"parent":588,"menu_order":0,"comment_status":"closed","ping_status":"closed","template":"","meta":[],"_links":{"self":[{"href":"https:\/\/www.vergaderingalkmaar.nl\/index.php?rest_route=\/wp\/v2\/pages\/1543"}],"collection":[{"href":"https:\/\/www.vergaderingalkmaar.nl\/index.php?rest_route=\/wp\/v2\/pages"}],"about":[{"href":"https:\/\/www.vergaderingalkmaar.nl\/index.php?rest_route=\/wp\/v2\/types\/page"}],"author":[{"embeddable":true,"href":"https:\/\/www.vergaderingalkmaar.nl\/index.php?rest_route=\/wp\/v2\/users\/3"}],"replies":[{"embeddable":true,"href":"https:\/\/www.vergaderingalkmaar.nl\/index.php?rest_route=%2Fwp%2Fv2%2Fcomments&post=1543"}],"version-history":[{"count":1,"href":"https:\/\/www.vergaderingalkmaar.nl\/index.php?rest_route=\/wp\/v2\/pages\/1543\/revisions"}],"predecessor-version":[{"id":1544,"href":"https:\/\/www.vergaderingalkmaar.nl\/index.php?rest_route=\/wp\/v2\/pages\/1543\/revisions\/1544"}],"up":[{"embeddable":true,"href":"https:\/\/www.vergaderingalkmaar.nl\/index.php?rest_route=\/wp\/v2\/pages\/588"}],"wp:attachment":[{"href":"https:\/\/www.vergaderingalkmaar.nl\/index.php?rest_route=%2Fwp%2Fv2%2Fmedia&parent=1543"}],"curies":[{"name":"wp","href":"https:\/\/api.w.org\/{rel}","templated":true}]}}