{"id":1538,"date":"2019-10-05T20:28:35","date_gmt":"2019-10-05T19:28:35","guid":{"rendered":"http:\/\/www.vergaderingalkmaar.nl\/?page_id=1538"},"modified":"2019-10-05T20:28:35","modified_gmt":"2019-10-05T19:28:35","slug":"preek-zondag-22-september-2019","status":"publish","type":"page","link":"https:\/\/www.vergaderingalkmaar.nl\/?page_id=1538","title":{"rendered":"Preek zondag 22 september 2019"},"content":{"rendered":"<p>&nbsp;<\/p>\n<p>&nbsp;<\/p>\n<h3 style=\"text-align: center;\"><span style=\"color: #0000ff;\"><strong>als ge Mozes zoudt geloven\u00a0zoudt ge mij geloven,\u00a0<\/strong><\/span><\/h3>\n<p>&nbsp;<\/p>\n<p>\u201c<em>Wat is het onderwerp van het Oude Testament?\u201d<\/em> De vervangende docent viel meteen met de deur in huis. Verschillende opvattingen deden opgeld. \u201c<em>De Psalmen<\/em>,\u201d die nemen inderdaad een flink deel van het OT in. \u201c<em>De Profetie\u00ebn<\/em>\u201d met hun wel heel specifieke plek bij een veelheid aan schrijvers. \u201c<em>De Schepping,<\/em>\u201d meent nog weer een ander.<\/p>\n<p>&nbsp;<\/p>\n<p>Het antwoord dat de docent geeft is van een verbluffende simpelheid. Het Oude Testament heeft het in alle standen en varianten over Jezus. Hij is h\u00e9t onderwerp van het Oude Testament. Vele passages werpen hun schaduw vooruit naar Hem. We bekijken er een aantal.<\/p>\n<p>&nbsp;<\/p>\n<p><strong>Gen. 1: 3:<\/strong> <span style=\"color: #ff0000;\">Dan zegt God: geschiede er licht!- en er geschiedt licht.<\/span> De schepping komt tot stand op Gods spreken, op Gods Woord. En daarmee wordt vooruitgeblikt naar Joh. 1: <span style=\"color: #ff0000;\">Bij begin<\/span> (Gen. 1,1) <span style=\"color: #ff0000;\">is er het spreken geweest; het spreken is God nabij geweest, ja God is het spreken geweest; het is geweest bij begin, God nabij<\/span> (Spr. 8,22 vv); <span style=\"color: #ff0000;\">alle dingen zijn daardoor geworden en buiten dat om is niet \u00e9\u00e9n ding geworden dat geworden is.<\/span> Genesis 1 verwijst duidelijk naar de Heer Jezus.<\/p>\n<p>&nbsp;<\/p>\n<p><strong>Gen. 3: 14, 15:<\/strong> <span style=\"color: #ff0000;\">Dan zegt de Ene, God, tot de slang: omdat je dat gedaan hebt, vervloekt jij, anders dan alle gedierte en alle wildleven van het veld zul je op je buik voortgaan en stof zul je eten, al de dagen van je leven!- en vijandschap zal ik zetten tussen jou en de vrouw, tussen jouw zaad en haar nazaat; hij zal jou voor het hoofd stoten, j\u00edj zult hem bijten in de hiel.<\/span><\/p>\n<p>Vijandschap zal er zijn tussen de (afstammeling) van de vrouw (en dat is Christus) en de (nazaat) van de slang (en dat is de satan). Voorzegt wordt dat de kop van de satan zal worden vermorzeld: de satan wordt gegooid in de poel van vuur (Op. 20: 10) en tevens dat de hiel van Jezus zal worden verbrijzeld. En dat is op het kruis ook daadwerkelijk gebeurd.<\/p>\n<p>&nbsp;<\/p>\n<p><strong>Gen. 22: 1 \u2013 6<\/strong>: Een onthutsende geschiedenis. Abraham wordt door God op de proef gesteld: hij krijgt de opdracht zijn Zoon Isaak te offeren. Als ze een eind onderweg zijn zegt Isaak (: 7, 8) <span style=\"color: #ff0000;\">hier is het vuur en de stukken hout, maar w\u00e1\u00e1r is het l\u00e1m voor een opgangsgave? Dan zegt Abraham: God ziet het voor zich,\u00a0<\/span><span style=\"color: #ff0000;\">het lam voor een opgang, mijn zoon!- zo gaan die twee eensgezind voort.<\/span><\/p>\n<p>God zorgt zelf voor een brandoffer, zegt Abraham. En dat is precies wat er gebeurde op het kruis. In drie uren van duisternis.<\/p>\n<p>&nbsp;<\/p>\n<p><strong>Hebr. 10: 5 \u2013 7<\/strong>: <span style=\"color: #ff0000;\">Daarom zegt hij, komende in de wereld: \u2018offerdier en offerande hebt gij niet gewild, maar mij hebt gij een lichaam bereid; in brandoffers en zondoffers hebt gij geen behagen gehad, toen zei ik: zie, ik kom, aan het hoofd van een boek staat over mij geschreven, God, dat ik uw wil zal doen\u2019<\/span> (Ps. 40,7-9).<\/p>\n<p><strong>\u00a0<\/strong><\/p>\n<p><strong>Hebr. 10: 4: <\/strong><span style=\"color: #ff0000;\">want het is onmogelijk dat het bloed van stieren en bokken zonden wegneemt.<\/span><\/p>\n<p>&nbsp;<\/p>\n<p>Offers, het Oude Testamant staat er mudvol mee, konden de zonde niet wegnemen. Al die offers verwijzen naar de Heer Jezus. Hij kon zeggen (Psalm 40: 8): <span style=\"color: #ff0000;\">\u2018zie, ik ben gekomen; in de rol, het boek, staat over mij geschreven.\u2019<\/span><\/p>\n<p>&nbsp;<\/p>\n<h3 style=\"text-align: center;\"><span style=\"color: #0000ff;\"><strong>want h\u00edj heeft over mij geschreven;<\/strong><\/span><\/h3>\n<h6 style=\"text-align: right;\">Joh. 5: 47<\/h6>\n","protected":false},"excerpt":{"rendered":"<p>&nbsp; &nbsp; als ge Mozes zoudt geloven\u00a0zoudt ge mij geloven,\u00a0 &nbsp; \u201cWat is het onderwerp van het Oude Testament?\u201d De vervangende docent viel meteen met de deur in huis. Verschillende opvattingen deden opgeld. \u201cDe Psalmen,\u201d die nemen inderdaad een flink deel van het OT in. \u201cDe Profetie\u00ebn\u201d met hun wel heel specifieke plek bij een &hellip; <\/p>\n<p class=\"link-more\"><a href=\"https:\/\/www.vergaderingalkmaar.nl\/?page_id=1538\" class=\"more-link\"><span class=\"screen-reader-text\">&#8220;Preek zondag 22 september 2019&#8221;<\/span> verder lezen<\/a><\/p>\n","protected":false},"author":3,"featured_media":0,"parent":588,"menu_order":0,"comment_status":"closed","ping_status":"closed","template":"","meta":[],"_links":{"self":[{"href":"https:\/\/www.vergaderingalkmaar.nl\/index.php?rest_route=\/wp\/v2\/pages\/1538"}],"collection":[{"href":"https:\/\/www.vergaderingalkmaar.nl\/index.php?rest_route=\/wp\/v2\/pages"}],"about":[{"href":"https:\/\/www.vergaderingalkmaar.nl\/index.php?rest_route=\/wp\/v2\/types\/page"}],"author":[{"embeddable":true,"href":"https:\/\/www.vergaderingalkmaar.nl\/index.php?rest_route=\/wp\/v2\/users\/3"}],"replies":[{"embeddable":true,"href":"https:\/\/www.vergaderingalkmaar.nl\/index.php?rest_route=%2Fwp%2Fv2%2Fcomments&post=1538"}],"version-history":[{"count":1,"href":"https:\/\/www.vergaderingalkmaar.nl\/index.php?rest_route=\/wp\/v2\/pages\/1538\/revisions"}],"predecessor-version":[{"id":1539,"href":"https:\/\/www.vergaderingalkmaar.nl\/index.php?rest_route=\/wp\/v2\/pages\/1538\/revisions\/1539"}],"up":[{"embeddable":true,"href":"https:\/\/www.vergaderingalkmaar.nl\/index.php?rest_route=\/wp\/v2\/pages\/588"}],"wp:attachment":[{"href":"https:\/\/www.vergaderingalkmaar.nl\/index.php?rest_route=%2Fwp%2Fv2%2Fmedia&parent=1538"}],"curies":[{"name":"wp","href":"https:\/\/api.w.org\/{rel}","templated":true}]}}