{"id":1513,"date":"2019-07-07T21:39:07","date_gmt":"2019-07-07T20:39:07","guid":{"rendered":"http:\/\/www.vergaderingalkmaar.nl\/?page_id=1513"},"modified":"2019-07-07T21:39:07","modified_gmt":"2019-07-07T20:39:07","slug":"preek-zondag-7-juli-2019","status":"publish","type":"page","link":"https:\/\/www.vergaderingalkmaar.nl\/?page_id=1513","title":{"rendered":"Preek zondag 7 juli 2019"},"content":{"rendered":"<h3 style=\"text-align: center;\"><span style=\"color: #0000ff;\"><strong>\u2018God speelt in mijn leven geen enkele rol\u2019<\/strong><\/span><\/h3>\n<p>&nbsp;<\/p>\n<p>&nbsp;<\/p>\n<p>Woordgrapjes zijn nogal eens even leuk als treffend. En ze beklijven in het geheugen van ons mensen gemakkelijk. De kop en de voet van dit stukje zijn daarvan een voorbeeld. Je wordt eerst fraai op het verkeerde been gezet. En de \u2018twist\u2019 komt vervolgens heel overtuigend binnen.<\/p>\n<p>&nbsp;<\/p>\n<p>Wij christenen geloven toch dat God een plan met het leven van mensen heeft. En als mensen in Hem gaan geloven zullen ze op zoek gaan naar dat plan. Zullen we ons inspannen om Zijn stem te verstaan. Dat is meestal niet zoiets als wachten tot er een dictaat komt dat je simpelweg maar moet uitvoeren. Een directe opdracht van boven. God geeft voorbeelden in Zijn Woord van praktijkgevallen. Het is dus van belang om de bijbel te lezen en goed te leren kennen. Het lezen van de bijbel en het praten over je gedachten met medechristenen is heel belangrijk. Een paar passages uit de bijbel ten voorbeeld:<\/p>\n<ul>\n<li>Psalm 73: 23, 24a: <span style=\"color: #ff0000;\">en toch was ik gedurig bij u, gij hield mij bij mijn rechterhand. Gij leidt mij volgens uw raad,<\/span><\/li>\n<li>Psalm 139:16: <span style=\"color: #ff0000;\">Mij, vormeloos nog, zagen uw ogen: op uw boekrol zijn ze alle geschreven, dagen die werden gevormd, toen nog geen van hen er was.<\/span><\/li>\n<li>Efeze 1:11: <span style=\"color: #ff0000;\">In hem zijn wij voorbestemd om erfgoed te ontvangen, naar het voornemen van hem die alles tot stand brengt naar de raad van zijn wil.<\/span><\/li>\n<li>Efeze 2: 10: <span style=\"color: #ff0000;\">Want zijn maaksel zijn wij, in Christus Jezus geschapen voor goede werken, die God heeft voorbereid opdat wij daarin zullen wandelen.<\/span><\/li>\n<\/ul>\n<p><em>Mijn schapen horen mijn stem <\/em>zegt Jezus. Het is dus een natuurlijk gevolg van onze relatie met God dat we Hem beginnen te horen. Hoe meer we groeien in onze relatie met Hem en ons voeden met Gods Woord, hoe meer we Hem gaan horen. Het komt nogal eens op een heel natuurlijke manier. God is zelden iemand die de meest rare en compleet onverwachte opdrachten verstrekt als een soort test of we Hem wel volgen. Gods woorden aan Isra\u00ebl (Jes. 41: 10) kunnen we ook serieus nemen voor ons persoonlijk: <span style=\"color: #ff0000;\">Vrees niet, want ik ben met je, kijk niet angstig rond, want ik ben je God; sterken zal ik je, ja helpen zal ik je, ja je vasthouden met mijn rechterhand vol gerechtigheid.<\/span><\/p>\n<p>&nbsp;<\/p>\n<p>&nbsp;<\/p>\n<p><em>De kracht van een boodschap zit \u2018m in de herhaling<\/em>, zo weet elke reclamedeskundige. En een ander wijs woord (van C.S. Lewis) luidt \u2018<em>Niets is origineler dan het herhalen van de Waarheid<\/em>.\u2019<\/p>\n<p>&nbsp;<\/p>\n<p>Iemand die zijn boodschap met grote kracht &#8211; en ook in grote diversiteit van vorm maar constant van inhoud \u00a0&#8211; herhaalde was de apostel Paulus. In zijn brief aan de Romeinen schrijft hij het Genesis van het Nieuwe Testament.<\/p>\n<p>&nbsp;<\/p>\n<p>In het eerste hoofdstuk van die brief maakt Paulus om te beginnen duidelijk dat iedereen God nodig heeft. Elk mens moet gered worden van zijn ongeloof. Christus heeft met kracht bewezen de Zoon van God te zijn door de opstanding uit de doden, betoogt Paulus. Het essenti\u00eble inzicht dat bekering absoluut nodig is ontbreekt in onze moderne westerse wereld steeds meer.<\/p>\n<p>&nbsp;<\/p>\n<p>Het is alsof Paulus dat voorzag. Zijn woorden (1: 16, 17) klinken als een klaroenstoot: <span style=\"color: #ff0000;\">Want ik schaam mij\u00a0voor het verkondigde evangelie niet, want het is een kracht van God tot redding voor al wie het gelooft,\u00a0\u00e9n Judee\u00ebr allereerst, \u00e9n Helleen. Want rechtvaardiging door God wordt daarin geopenbaard, uit geloof tot geloof, zoals geschreven staat: \u2018maar de rechtvaardige zal leven uit geloof\u2019<\/span> (Hab. 2,4).<\/p>\n<p>&nbsp;<\/p>\n<p>Het is absoluut nodig om Gods reddende kracht altijd voor ogen te houden. Om de daadwerkelijke opstanding van Christus uit de dood onverkort te blijven belijden en het geloof te blijven verkondigen. Om samen bemoedigd te worden\u00a0 door ons onderlinge geloof (: 12).<\/p>\n<p>&nbsp;<\/p>\n<p>Als toch iemand zich realiseerde dat God de regisseur van zijn leven was, is dat wel de apostel Paulus. Daarom schrijft hij (Fil. 2: 13): <span style=\"color: #ff0000;\">Want het is God die in u \u00e9n het willen bewerkt \u00e9n het werken voor het welbehagen.<\/span> Met andere woorden: heb in de gaten dat de regisseur aan het werk is in jou!<\/p>\n<p>&nbsp;<\/p>\n<p>&nbsp;<\/p>\n<h3 style=\"text-align: center;\"><span style=\"color: #0000ff;\"><strong>\u2018Hij is de regisseur\u2019<\/strong><\/span><\/h3>\n","protected":false},"excerpt":{"rendered":"<p>\u2018God speelt in mijn leven geen enkele rol\u2019 &nbsp; &nbsp; Woordgrapjes zijn nogal eens even leuk als treffend. En ze beklijven in het geheugen van ons mensen gemakkelijk. De kop en de voet van dit stukje zijn daarvan een voorbeeld. Je wordt eerst fraai op het verkeerde been gezet. En de \u2018twist\u2019 komt vervolgens heel &hellip; <\/p>\n<p class=\"link-more\"><a href=\"https:\/\/www.vergaderingalkmaar.nl\/?page_id=1513\" class=\"more-link\"><span class=\"screen-reader-text\">&#8220;Preek zondag 7 juli 2019&#8221;<\/span> verder lezen<\/a><\/p>\n","protected":false},"author":3,"featured_media":0,"parent":588,"menu_order":0,"comment_status":"closed","ping_status":"closed","template":"","meta":[],"_links":{"self":[{"href":"https:\/\/www.vergaderingalkmaar.nl\/index.php?rest_route=\/wp\/v2\/pages\/1513"}],"collection":[{"href":"https:\/\/www.vergaderingalkmaar.nl\/index.php?rest_route=\/wp\/v2\/pages"}],"about":[{"href":"https:\/\/www.vergaderingalkmaar.nl\/index.php?rest_route=\/wp\/v2\/types\/page"}],"author":[{"embeddable":true,"href":"https:\/\/www.vergaderingalkmaar.nl\/index.php?rest_route=\/wp\/v2\/users\/3"}],"replies":[{"embeddable":true,"href":"https:\/\/www.vergaderingalkmaar.nl\/index.php?rest_route=%2Fwp%2Fv2%2Fcomments&post=1513"}],"version-history":[{"count":1,"href":"https:\/\/www.vergaderingalkmaar.nl\/index.php?rest_route=\/wp\/v2\/pages\/1513\/revisions"}],"predecessor-version":[{"id":1514,"href":"https:\/\/www.vergaderingalkmaar.nl\/index.php?rest_route=\/wp\/v2\/pages\/1513\/revisions\/1514"}],"up":[{"embeddable":true,"href":"https:\/\/www.vergaderingalkmaar.nl\/index.php?rest_route=\/wp\/v2\/pages\/588"}],"wp:attachment":[{"href":"https:\/\/www.vergaderingalkmaar.nl\/index.php?rest_route=%2Fwp%2Fv2%2Fmedia&parent=1513"}],"curies":[{"name":"wp","href":"https:\/\/api.w.org\/{rel}","templated":true}]}}