{"id":1486,"date":"2019-03-31T21:21:32","date_gmt":"2019-03-31T20:21:32","guid":{"rendered":"http:\/\/www.vergaderingalkmaar.nl\/?page_id=1486"},"modified":"2019-03-31T21:21:32","modified_gmt":"2019-03-31T20:21:32","slug":"preek-zondag-31-maart-2019","status":"publish","type":"page","link":"https:\/\/www.vergaderingalkmaar.nl\/?page_id=1486","title":{"rendered":"Preek zondag 31 maart 2019"},"content":{"rendered":"<h3 style=\"text-align: center;\"><span style=\"color: #0000ff;\"><strong>weest dus niet bezorgd<\/strong><\/span><\/h3>\n<p><strong>\u00a0<\/strong><\/p>\n<p>We lazen over Sjadrach, Mesjach en Aveed Nego in de vurige oven van Nevoechadnetsar. De drie mannen weerstonden de opdracht van de koning en de druk die de vorst vervolgens op hen uitoefende zonder ook maar een blijk van twijfel. Als ze gedrie\u00ebn in de over worden gesmeten ziet \u00a0\u00a0Nevoechadnetsar vier personen in die oven lopen <span style=\"color: #ff0000;\">\u201cen er is niets dat hen schaadt,- en de aanblik van de vierde is een godenzoon gelijk!\u201d<\/span> Als God zelf naast je plaatsneemt redt Hij je zelfs in het vuur. Of zoals psalm 23: 4 het zegt: <span style=\"color: #ff0000;\">Ook als ik moet gaan door een dal vol schaduw van dood,- kwaad zal ik niet vrezen, want gij zijt bij mij;<\/span><\/p>\n<p>In de beschrijving van het brandoffer (Lev. 1) lezen we hoe de priester het offerdier <span style=\"color: #ff0000;\">geheel in rook opgaan op het altaar: als \u2018opgang\u2019, vuuroffer, reuk die-tot-rust-brengt voor de Ene!<\/span><\/p>\n<p>Die gebeurtenis \u2013 dat offer \u2013 wijst vooruit naar het ware paasoffer \u2013 Jezus. De Heiland ging zijn weg geheel alleen, en in duisternis. In die duisternis ging het oordeel van Gods vuur over hem heen. Ons tot eeuwig heil. God onthield de genade aan Zijn Zoon, opdat wij genade zouden ontvangen.<\/p>\n<p>&nbsp;<\/p>\n<p>Moeten wij christenen ons dan nog zorgen maken? Als God zo v\u00f3\u00f3r ons is, wat kan ons dan nog gebeuren? We lezen in de bijbel een aantal passages waar het over zorgen gaat. Eigenlijk over de zorgen die we ons niet moeten maken.<\/p>\n<p>&nbsp;<\/p>\n<p>Filippenzen 4: 6, 7: <span style=\"color: #ff0000;\">Weest over niets bezorgd,- nee, laten in alles, in aanbidding en smeking met dankzegging, uw vragen bekend worden bij God. En de vrede van God, die alle denken te boven gaat,\u00a0<\/span><span style=\"color: #ff0000;\">zal uw harten en uw gedachten bewaren in Christus Jezus.<\/span><\/p>\n<p>Mattheus 6: 25 \u2013 34<span style=\"color: #ff0000;\"> \u2026.: weest niet bezorgd voor uw ziel \u2026. en niet voor uw lichaam \u2026.; \u2026.- kijkt naar de vogels van de hemel, omdat zij niet zaaien en niet maaien en niet verzamelen in schuren, en uw hemelse Vader hen voedt: verschilt g\u00edj niet heel wat van hen?- wie is met bezorgd zijn bij machte \u00e9\u00e9n el aan zijn lengte toe te voegen?-\u00a0<\/span><span style=\"color: #ff0000;\">maar zoekt eerst het koninkrijk en zijn gerechtigheid, en dat alles zal u worden toegevoegd; weest dus niet bezorgd voor (de dag van) morgen, want die van morgen zal bezorgd zijn over zichzelf;\u00a0<\/span><span style=\"color: #ff0000;\">genoeg is voor de dag haar eigen kwaad!<\/span><\/p>\n<p>&nbsp;<\/p>\n<p>God doet meer dan wij kunnen bidden of bedenken (Ef. 3: 20). Hij zegent ons met alle zegen van de Geest (Ef. 1: 3). God schenkt ons de gave der gerechtigheid (Rom. 5: 17). En dat betekent dat wij in Gods koninkrijk zijn: het koninkrijk van God is \u2026.gerechtigheid en vrede en vreugde, in de heilige Geest (Rom. 14: 17). God maakte zijn Zoon tot zonde, opdat wij zouden worden Gods gerechtigheid,-<\/p>\n<p>in eenheid met hem (2 Cor. 5: 21). En als wij ons vertrouwen gelovig stellen op Hem die de goddeloze rechtvaardigt, wordt ons geloof gerekend tot gerechtigheid (Rom. 4: 5).<\/p>\n<p>&nbsp;<\/p>\n<p>Psalm 5: 13: <span style=\"color: #ff0000;\">Ja Ene, een rechtvaardige geniet uw zegen, hem omkranst ge met welbehagen\u00a0als een lijfschild!<\/span><\/p>\n<p>Psalm 55: 23 <span style=\"color: #ff0000;\">Werp je zorg op de Ene en hij zal je onderhouden; hij zal voor eeuwig niet geven\u00a0dat de rechtvaardige wankelt.<\/span><\/p>\n<p>Jesaja 54: 14: <span style=\"color: #ff0000;\">in gerechtigheid word je gefundeerd; houd je verre van verdrukking, want je hoeft niet te vrezen, en van ru\u00efnering, want die nadert jou niet;\u00a0<\/span><\/p>\n<p>Jacobus 5: 16<sup>b<\/sup>:<span style=\"color: #ff0000;\">met kracht begiftigd vermag een smeking van een rechtvaardige veel;\u00a0\u00a0\u00a0\u00a0\u00a0\u00a0\u00a0<\/span><\/p>\n<p>&nbsp;<\/p>\n<p>God zorgt voor ons. Met 1 Petrus 5: 7 (en bovengenoemd psalm 55: 23): <span style=\"color: #ff0000;\">\u2018werpt al uw zorg op hem,\u00a0want hij bekommert zich om u\u2019.<\/span><\/p>\n<p><span style=\"color: #0000ff;\"><em>Een ding hebben wij maar nodig\/leer ons, Heer, dat in te zien.\/Veel daarnaast is overbodig\/is een juk, te zwaar misschien\/waaronder een mens\/ maar moet ploegen en zwoegen\/om dan nog te missen\/het ware genoegen.\/Verkrijg ik dit ene dat alles vervangt,\/dan vind ik geluk waar mijn hart naar verlangt<\/em><em>.<\/em><\/span><a href=\"applewebdata:\/\/BCB6126A-2CA3-42FB-8C54-2B3F87EF1DAF#_ftn1\" name=\"_ftnref1\">[1]<\/a><\/p>\n<p>&nbsp;<\/p>\n<h3 style=\"text-align: center;\"><span style=\"color: #0000ff;\"><strong>voor (de dag van) morgen,<\/strong><\/span><\/h3>\n<h6 style=\"text-align: right;\">Matth. 6: 34<sup>a<\/sup><\/h6>\n<p><a href=\"applewebdata:\/\/BCB6126A-2CA3-42FB-8C54-2B3F87EF1DAF#_ftnref1\" name=\"_ftn1\">[1]<\/a>Joh. Schr\u00f6der (1697), <em>Eins ist noth, ach Herr, dies Eine<\/em>, vertaling Ria Borkent. J.S. Bach, BWV 304.<\/p>\n","protected":false},"excerpt":{"rendered":"<p>weest dus niet bezorgd \u00a0 We lazen over Sjadrach, Mesjach en Aveed Nego in de vurige oven van Nevoechadnetsar. De drie mannen weerstonden de opdracht van de koning en de druk die de vorst vervolgens op hen uitoefende zonder ook maar een blijk van twijfel. Als ze gedrie\u00ebn in de over worden gesmeten ziet \u00a0\u00a0Nevoechadnetsar &hellip; <\/p>\n<p class=\"link-more\"><a href=\"https:\/\/www.vergaderingalkmaar.nl\/?page_id=1486\" class=\"more-link\"><span class=\"screen-reader-text\">&#8220;Preek zondag 31 maart 2019&#8221;<\/span> verder lezen<\/a><\/p>\n","protected":false},"author":3,"featured_media":0,"parent":588,"menu_order":0,"comment_status":"closed","ping_status":"closed","template":"","meta":[],"_links":{"self":[{"href":"https:\/\/www.vergaderingalkmaar.nl\/index.php?rest_route=\/wp\/v2\/pages\/1486"}],"collection":[{"href":"https:\/\/www.vergaderingalkmaar.nl\/index.php?rest_route=\/wp\/v2\/pages"}],"about":[{"href":"https:\/\/www.vergaderingalkmaar.nl\/index.php?rest_route=\/wp\/v2\/types\/page"}],"author":[{"embeddable":true,"href":"https:\/\/www.vergaderingalkmaar.nl\/index.php?rest_route=\/wp\/v2\/users\/3"}],"replies":[{"embeddable":true,"href":"https:\/\/www.vergaderingalkmaar.nl\/index.php?rest_route=%2Fwp%2Fv2%2Fcomments&post=1486"}],"version-history":[{"count":1,"href":"https:\/\/www.vergaderingalkmaar.nl\/index.php?rest_route=\/wp\/v2\/pages\/1486\/revisions"}],"predecessor-version":[{"id":1487,"href":"https:\/\/www.vergaderingalkmaar.nl\/index.php?rest_route=\/wp\/v2\/pages\/1486\/revisions\/1487"}],"up":[{"embeddable":true,"href":"https:\/\/www.vergaderingalkmaar.nl\/index.php?rest_route=\/wp\/v2\/pages\/588"}],"wp:attachment":[{"href":"https:\/\/www.vergaderingalkmaar.nl\/index.php?rest_route=%2Fwp%2Fv2%2Fmedia&parent=1486"}],"curies":[{"name":"wp","href":"https:\/\/api.w.org\/{rel}","templated":true}]}}